{"id":5712,"date":"2026-02-06T21:06:11","date_gmt":"2026-02-06T21:06:11","guid":{"rendered":"https:\/\/vintagellamoda.com\/product\/calliope-top-hergestellt-in-italien\/"},"modified":"2026-02-06T21:06:11","modified_gmt":"2026-02-06T21:06:11","slug":"calliope-top-hergestellt-in-italien","status":"publish","type":"product","link":"https:\/\/vintagellamoda.com\/de\/produkt\/calliope-top-hergestellt-in-italien\/","title":{"rendered":"Calliope-Top \u2013 Hergestellt in Italien"},"content":{"rendered":"<p>Dieses feminine Top mit langen \u00c4rmeln aus transparentem Mesh-Stoff besticht durch seinen einzigartigen Boho- oder Vintage-Stil, der an die Mode der 90er-Jahre erinnert. Die Vorderseite ziert ein rauchiges Muster in Grau- und Schwarzt\u00f6nen. Brust- und Taillenbereich sind reich mit floralen Motiven aus roten und beigen F\u00e4den bestickt. Die transparenten \u00c4rmel sind ausgestellt (Trompeten\u00e4rmel). F\u00fcr ein harmonisches Outfit k\u00f6nnen Sie eine der Farben der Stickerei f\u00fcr die Hose oder den Rock aufgreifen.    <\/p>\n","protected":false},"excerpt":{"rendered":"<p>Preis: 40 Euro<br \/>\nMarke: Calliope (Hergestellt in Italien)<br \/>\nFarbe: Schwarz, Beige und Rot<br \/>\nMaterial: + Etikett fehlt<br \/>\nPflege: Nur chemische Reinigung<br \/>\nZustand: Sehr gut, keine sichtbaren M\u00e4ngel<br \/>\nBreite: 38 cm<br \/>\n\u00c4rmell\u00e4nge: 59 cm<br \/>\nGesamtl\u00e4nge: 47 cm<\/p>\n","protected":false},"featured_media":5659,"comment_status":"open","ping_status":"closed","template":"","meta":[],"product_brand":[],"product_cat":[503],"product_tag":[],"class_list":{"0":"post-5712","1":"product","2":"type-product","3":"status-publish","4":"has-post-thumbnail","6":"product_cat-nicht-kategorisiert","8":"first","9":"instock","10":"shipping-taxable","11":"purchasable","12":"product-type-simple"},"yoast_head":"<!-- This site is optimized with the Yoast SEO plugin v27.3 - https:\/\/yoast.com\/product\/yoast-seo-wordpress\/ -->\n<title>Calliope Top Made Italy \u2013 Transparenter Boho-Stil<\/title>\n<meta name=\"description\" content=\"Calliope Top, Made in Italy, mit transparenten Mesh-\u00c4rmeln, floraler Stickerei und Boho-Stil der 90er-Jahre. 40 \u20ac.\" \/>\n<meta name=\"robots\" content=\"index, follow, max-snippet:-1, max-image-preview:large, max-video-preview:-1\" \/>\n<link rel=\"canonical\" href=\"https:\/\/vintagellamoda.com\/de\/produkt\/calliope-top-hergestellt-in-italien\/\" \/>\n<meta property=\"og:locale\" content=\"de_DE\" \/>\n<meta property=\"og:type\" content=\"article\" \/>\n<meta property=\"og:title\" content=\"Calliope Top Made Italy \u2013 Transparenter Boho-Stil\" \/>\n<meta property=\"og:description\" content=\"Calliope Top, Made in Italy, mit transparenten Mesh-\u00c4rmeln, floraler Stickerei und Boho-Stil der 90er-Jahre. 40 \u20ac.\" \/>\n<meta property=\"og:url\" content=\"https:\/\/vintagellamoda.com\/de\/produkt\/calliope-top-hergestellt-in-italien\/\" \/>\n<meta property=\"og:site_name\" content=\"Vintagella Moda\" \/>\n<meta property=\"article:publisher\" content=\"https:\/\/www.facebook.com\/profile.php?id=61583665421269\" \/>\n<meta property=\"og:image\" content=\"https:\/\/vintagellamoda.com\/wp-content\/uploads\/2026\/02\/DSC00690-scaled.jpg\" \/>\n\t<meta property=\"og:image:width\" content=\"1707\" \/>\n\t<meta property=\"og:image:height\" content=\"2560\" \/>\n\t<meta property=\"og:image:type\" content=\"image\/jpeg\" \/>\n<meta name=\"twitter:card\" content=\"summary_large_image\" \/>\n<script type=\"application\/ld+json\" class=\"yoast-schema-graph\">{\"@context\":\"https:\\\/\\\/schema.org\",\"@graph\":[{\"@type\":\"WebPage\",\"@id\":\"https:\\\/\\\/vintagellamoda.com\\\/de\\\/produkt\\\/calliope-top-hergestellt-in-italien\\\/\",\"url\":\"https:\\\/\\\/vintagellamoda.com\\\/de\\\/produkt\\\/calliope-top-hergestellt-in-italien\\\/\",\"name\":\"Calliope Top Made Italy \u2013 Transparenter Boho-Stil\",\"isPartOf\":{\"@id\":\"https:\\\/\\\/vintagellamoda.com\\\/de\\\/#website\"},\"primaryImageOfPage\":{\"@id\":\"https:\\\/\\\/vintagellamoda.com\\\/de\\\/produkt\\\/calliope-top-hergestellt-in-italien\\\/#primaryimage\"},\"image\":{\"@id\":\"https:\\\/\\\/vintagellamoda.com\\\/de\\\/produkt\\\/calliope-top-hergestellt-in-italien\\\/#primaryimage\"},\"thumbnailUrl\":\"https:\\\/\\\/vintagellamoda.com\\\/wp-content\\\/uploads\\\/2026\\\/02\\\/DSC00690-scaled.jpg\",\"datePublished\":\"2026-02-06T21:06:11+00:00\",\"description\":\"Calliope Top, Made in Italy, mit transparenten Mesh-\u00c4rmeln, floraler Stickerei und Boho-Stil der 90er-Jahre. 40 \u20ac.\",\"breadcrumb\":{\"@id\":\"https:\\\/\\\/vintagellamoda.com\\\/de\\\/produkt\\\/calliope-top-hergestellt-in-italien\\\/#breadcrumb\"},\"inLanguage\":\"de\",\"potentialAction\":[{\"@type\":\"ReadAction\",\"target\":[\"https:\\\/\\\/vintagellamoda.com\\\/de\\\/produkt\\\/calliope-top-hergestellt-in-italien\\\/\"]}]},{\"@type\":\"ImageObject\",\"inLanguage\":\"de\",\"@id\":\"https:\\\/\\\/vintagellamoda.com\\\/de\\\/produkt\\\/calliope-top-hergestellt-in-italien\\\/#primaryimage\",\"url\":\"https:\\\/\\\/vintagellamoda.com\\\/wp-content\\\/uploads\\\/2026\\\/02\\\/DSC00690-scaled.jpg\",\"contentUrl\":\"https:\\\/\\\/vintagellamoda.com\\\/wp-content\\\/uploads\\\/2026\\\/02\\\/DSC00690-scaled.jpg\",\"width\":1707,\"height\":2560},{\"@type\":\"BreadcrumbList\",\"@id\":\"https:\\\/\\\/vintagellamoda.com\\\/de\\\/produkt\\\/calliope-top-hergestellt-in-italien\\\/#breadcrumb\",\"itemListElement\":[{\"@type\":\"ListItem\",\"position\":1,\"name\":\"Home\",\"item\":\"https:\\\/\\\/vintagellamoda.com\\\/de\\\/\"},{\"@type\":\"ListItem\",\"position\":2,\"name\":\"Shop\",\"item\":\"https:\\\/\\\/vintagellamoda.com\\\/de\\\/shop\\\/\"},{\"@type\":\"ListItem\",\"position\":3,\"name\":\"Calliope-Top \u2013 Hergestellt in Italien\"}]},{\"@type\":\"WebSite\",\"@id\":\"https:\\\/\\\/vintagellamoda.com\\\/de\\\/#website\",\"url\":\"https:\\\/\\\/vintagellamoda.com\\\/de\\\/\",\"name\":\"Vintagella Moda\",\"description\":\"Italo vintage moda \u2014 Italian vintage fashion\",\"publisher\":{\"@id\":\"https:\\\/\\\/vintagellamoda.com\\\/de\\\/#organization\"},\"potentialAction\":[{\"@type\":\"SearchAction\",\"target\":{\"@type\":\"EntryPoint\",\"urlTemplate\":\"https:\\\/\\\/vintagellamoda.com\\\/de\\\/?s={search_term_string}\"},\"query-input\":{\"@type\":\"PropertyValueSpecification\",\"valueRequired\":true,\"valueName\":\"search_term_string\"}}],\"inLanguage\":\"de\"},{\"@type\":\"Organization\",\"@id\":\"https:\\\/\\\/vintagellamoda.com\\\/de\\\/#organization\",\"name\":\"Vintagella Moda\",\"url\":\"https:\\\/\\\/vintagellamoda.com\\\/de\\\/\",\"logo\":{\"@type\":\"ImageObject\",\"inLanguage\":\"de\",\"@id\":\"https:\\\/\\\/vintagellamoda.com\\\/de\\\/#\\\/schema\\\/logo\\\/image\\\/\",\"url\":\"https:\\\/\\\/vintagellamoda.com\\\/wp-content\\\/uploads\\\/2025\\\/11\\\/favicon.png\",\"contentUrl\":\"https:\\\/\\\/vintagellamoda.com\\\/wp-content\\\/uploads\\\/2025\\\/11\\\/favicon.png\",\"width\":2000,\"height\":2000,\"caption\":\"Vintagella Moda\"},\"image\":{\"@id\":\"https:\\\/\\\/vintagellamoda.com\\\/de\\\/#\\\/schema\\\/logo\\\/image\\\/\"},\"sameAs\":[\"https:\\\/\\\/www.facebook.com\\\/profile.php?id=61583665421269\",\"https:\\\/\\\/www.instagram.com\\\/vintagellamoda\\\/\",\"https:\\\/\\\/de.pinterest.com\\\/vintagellamoda\"]}]}<\/script>\n<!-- \/ Yoast SEO plugin. -->","yoast_head_json":{"title":"Calliope Top Made Italy \u2013 Transparenter Boho-Stil","description":"Calliope Top, Made in Italy, mit transparenten Mesh-\u00c4rmeln, floraler Stickerei und Boho-Stil der 90er-Jahre. 40 \u20ac.","robots":{"index":"index","follow":"follow","max-snippet":"max-snippet:-1","max-image-preview":"max-image-preview:large","max-video-preview":"max-video-preview:-1"},"canonical":"https:\/\/vintagellamoda.com\/de\/produkt\/calliope-top-hergestellt-in-italien\/","og_locale":"de_DE","og_type":"article","og_title":"Calliope Top Made Italy \u2013 Transparenter Boho-Stil","og_description":"Calliope Top, Made in Italy, mit transparenten Mesh-\u00c4rmeln, floraler Stickerei und Boho-Stil der 90er-Jahre. 40 \u20ac.","og_url":"https:\/\/vintagellamoda.com\/de\/produkt\/calliope-top-hergestellt-in-italien\/","og_site_name":"Vintagella Moda","article_publisher":"https:\/\/www.facebook.com\/profile.php?id=61583665421269","og_image":[{"width":1707,"height":2560,"url":"https:\/\/vintagellamoda.com\/wp-content\/uploads\/2026\/02\/DSC00690-scaled.jpg","type":"image\/jpeg"}],"twitter_card":"summary_large_image","schema":{"@context":"https:\/\/schema.org","@graph":[{"@type":"WebPage","@id":"https:\/\/vintagellamoda.com\/de\/produkt\/calliope-top-hergestellt-in-italien\/","url":"https:\/\/vintagellamoda.com\/de\/produkt\/calliope-top-hergestellt-in-italien\/","name":"Calliope Top Made Italy \u2013 Transparenter Boho-Stil","isPartOf":{"@id":"https:\/\/vintagellamoda.com\/de\/#website"},"primaryImageOfPage":{"@id":"https:\/\/vintagellamoda.com\/de\/produkt\/calliope-top-hergestellt-in-italien\/#primaryimage"},"image":{"@id":"https:\/\/vintagellamoda.com\/de\/produkt\/calliope-top-hergestellt-in-italien\/#primaryimage"},"thumbnailUrl":"https:\/\/vintagellamoda.com\/wp-content\/uploads\/2026\/02\/DSC00690-scaled.jpg","datePublished":"2026-02-06T21:06:11+00:00","description":"Calliope Top, Made in Italy, mit transparenten Mesh-\u00c4rmeln, floraler Stickerei und Boho-Stil der 90er-Jahre. 40 \u20ac.","breadcrumb":{"@id":"https:\/\/vintagellamoda.com\/de\/produkt\/calliope-top-hergestellt-in-italien\/#breadcrumb"},"inLanguage":"de","potentialAction":[{"@type":"ReadAction","target":["https:\/\/vintagellamoda.com\/de\/produkt\/calliope-top-hergestellt-in-italien\/"]}]},{"@type":"ImageObject","inLanguage":"de","@id":"https:\/\/vintagellamoda.com\/de\/produkt\/calliope-top-hergestellt-in-italien\/#primaryimage","url":"https:\/\/vintagellamoda.com\/wp-content\/uploads\/2026\/02\/DSC00690-scaled.jpg","contentUrl":"https:\/\/vintagellamoda.com\/wp-content\/uploads\/2026\/02\/DSC00690-scaled.jpg","width":1707,"height":2560},{"@type":"BreadcrumbList","@id":"https:\/\/vintagellamoda.com\/de\/produkt\/calliope-top-hergestellt-in-italien\/#breadcrumb","itemListElement":[{"@type":"ListItem","position":1,"name":"Home","item":"https:\/\/vintagellamoda.com\/de\/"},{"@type":"ListItem","position":2,"name":"Shop","item":"https:\/\/vintagellamoda.com\/de\/shop\/"},{"@type":"ListItem","position":3,"name":"Calliope-Top \u2013 Hergestellt in Italien"}]},{"@type":"WebSite","@id":"https:\/\/vintagellamoda.com\/de\/#website","url":"https:\/\/vintagellamoda.com\/de\/","name":"Vintagella Moda","description":"Italo vintage moda \u2014 Italian vintage fashion","publisher":{"@id":"https:\/\/vintagellamoda.com\/de\/#organization"},"potentialAction":[{"@type":"SearchAction","target":{"@type":"EntryPoint","urlTemplate":"https:\/\/vintagellamoda.com\/de\/?s={search_term_string}"},"query-input":{"@type":"PropertyValueSpecification","valueRequired":true,"valueName":"search_term_string"}}],"inLanguage":"de"},{"@type":"Organization","@id":"https:\/\/vintagellamoda.com\/de\/#organization","name":"Vintagella Moda","url":"https:\/\/vintagellamoda.com\/de\/","logo":{"@type":"ImageObject","inLanguage":"de","@id":"https:\/\/vintagellamoda.com\/de\/#\/schema\/logo\/image\/","url":"https:\/\/vintagellamoda.com\/wp-content\/uploads\/2025\/11\/favicon.png","contentUrl":"https:\/\/vintagellamoda.com\/wp-content\/uploads\/2025\/11\/favicon.png","width":2000,"height":2000,"caption":"Vintagella Moda"},"image":{"@id":"https:\/\/vintagellamoda.com\/de\/#\/schema\/logo\/image\/"},"sameAs":["https:\/\/www.facebook.com\/profile.php?id=61583665421269","https:\/\/www.instagram.com\/vintagellamoda\/","https:\/\/de.pinterest.com\/vintagellamoda"]}]}},"_links":{"self":[{"href":"https:\/\/vintagellamoda.com\/de\/wp-json\/wp\/v2\/product\/5712","targetHints":{"allow":["GET"]}}],"collection":[{"href":"https:\/\/vintagellamoda.com\/de\/wp-json\/wp\/v2\/product"}],"about":[{"href":"https:\/\/vintagellamoda.com\/de\/wp-json\/wp\/v2\/types\/product"}],"replies":[{"embeddable":true,"href":"https:\/\/vintagellamoda.com\/de\/wp-json\/wp\/v2\/comments?post=5712"}],"wp:featuredmedia":[{"embeddable":true,"href":"https:\/\/vintagellamoda.com\/de\/wp-json\/wp\/v2\/media\/5659"}],"wp:attachment":[{"href":"https:\/\/vintagellamoda.com\/de\/wp-json\/wp\/v2\/media?parent=5712"}],"wp:term":[{"taxonomy":"product_brand","embeddable":true,"href":"https:\/\/vintagellamoda.com\/de\/wp-json\/wp\/v2\/product_brand?post=5712"},{"taxonomy":"product_cat","embeddable":true,"href":"https:\/\/vintagellamoda.com\/de\/wp-json\/wp\/v2\/product_cat?post=5712"},{"taxonomy":"product_tag","embeddable":true,"href":"https:\/\/vintagellamoda.com\/de\/wp-json\/wp\/v2\/product_tag?post=5712"}],"curies":[{"name":"wp","href":"https:\/\/api.w.org\/{rel}","templated":true}]}}