{"id":5703,"date":"2026-02-06T21:03:56","date_gmt":"2026-02-06T21:03:56","guid":{"rendered":"https:\/\/vintagellamoda.com\/product\/ralph-lauren-zweiteiler-europa\/"},"modified":"2026-02-06T21:03:56","modified_gmt":"2026-02-06T21:03:56","slug":"ralph-lauren-zweiteiler-europa","status":"publish","type":"product","link":"https:\/\/vintagellamoda.com\/de\/produkt\/ralph-lauren-zweiteiler-europa\/","title":{"rendered":"Ralph Lauren Zweiteiler Europa"},"content":{"rendered":"<p>Dieser dunkelbraune Rock der italienischen Marke Mary Mode hat einen seitlichen Rei\u00dfverschluss, eine A-Linien-Silhouette mit Falten und verschiedene Muster. Das Muster besteht aus Farben wie Olivgr\u00fcn, Grau, Rot und Hellbraun und verleiht dem Rock einen Retro-Look, m\u00f6glicherweise aus den 70er-Jahren. W\u00e4hlen Sie f\u00fcr Ihr Oberteil eine Farbe aus dem Muster, um ein harmonisches Outfit zu kreieren. Ausgewogenheit ist der Schl\u00fcssel zu einem stilvollen Look.   <\/p>\n","protected":false},"excerpt":{"rendered":"<p>Preis: 39 Euro<br \/>\nMarke: Italienisches Label Mary Mode (Hergestellt in Italien)<br \/>\nFarbe: Dunkelbraun<br \/>\nMaterial: Etikett fehlt<br \/>\nPflege: Maschinenw\u00e4sche bei 30 Grad<br \/>\nZustand: Sehr gut, keine sichtbaren M\u00e4ngel<br \/>\nTaillenweite: 35 cm<br \/>\nBreite: 45 cm<br \/>\nGesamtl\u00e4nge: 71 cm<\/p>\n","protected":false},"featured_media":5657,"comment_status":"open","ping_status":"closed","template":"","meta":[],"product_brand":[],"product_cat":[503],"product_tag":[],"class_list":{"0":"post-5703","1":"product","2":"type-product","3":"status-publish","4":"has-post-thumbnail","6":"product_cat-nicht-kategorisiert","8":"first","9":"instock","10":"shipping-taxable","11":"purchasable","12":"product-type-simple"},"yoast_head":"<!-- This site is optimized with the Yoast SEO plugin v27.3 - https:\/\/yoast.com\/product\/yoast-seo-wordpress\/ -->\n<title>Mary Mode Rock Italien \u2013 Dunkelbrauner A-Linien-Rock<\/title>\n<meta name=\"description\" content=\"Rock von Mary Mode Italy in Dunkelbraun mit Retro-Muster im 70er-Jahre-Stil und A-Linien-Schnitt. Sehr guter Zustand. 39 \u20ac.\" \/>\n<meta name=\"robots\" content=\"index, follow, max-snippet:-1, max-image-preview:large, max-video-preview:-1\" \/>\n<link rel=\"canonical\" href=\"https:\/\/vintagellamoda.com\/de\/produkt\/ralph-lauren-zweiteiler-europa\/\" \/>\n<meta property=\"og:locale\" content=\"de_DE\" \/>\n<meta property=\"og:type\" content=\"article\" \/>\n<meta property=\"og:title\" content=\"Mary Mode Rock Italien \u2013 Dunkelbrauner A-Linien-Rock\" \/>\n<meta property=\"og:description\" content=\"Rock von Mary Mode Italy in Dunkelbraun mit Retro-Muster im 70er-Jahre-Stil und A-Linien-Schnitt. Sehr guter Zustand. 39 \u20ac.\" \/>\n<meta property=\"og:url\" content=\"https:\/\/vintagellamoda.com\/de\/produkt\/ralph-lauren-zweiteiler-europa\/\" \/>\n<meta property=\"og:site_name\" content=\"Vintagella Moda\" \/>\n<meta property=\"article:publisher\" content=\"https:\/\/www.facebook.com\/profile.php?id=61583665421269\" \/>\n<meta property=\"og:image\" content=\"https:\/\/vintagellamoda.com\/wp-content\/uploads\/2026\/02\/DSC00675-scaled.jpg\" \/>\n\t<meta property=\"og:image:width\" content=\"1707\" \/>\n\t<meta property=\"og:image:height\" content=\"2560\" \/>\n\t<meta property=\"og:image:type\" content=\"image\/jpeg\" \/>\n<meta name=\"twitter:card\" content=\"summary_large_image\" \/>\n<script type=\"application\/ld+json\" class=\"yoast-schema-graph\">{\"@context\":\"https:\\\/\\\/schema.org\",\"@graph\":[{\"@type\":\"WebPage\",\"@id\":\"https:\\\/\\\/vintagellamoda.com\\\/de\\\/produkt\\\/ralph-lauren-zweiteiler-europa\\\/\",\"url\":\"https:\\\/\\\/vintagellamoda.com\\\/de\\\/produkt\\\/ralph-lauren-zweiteiler-europa\\\/\",\"name\":\"Mary Mode Rock Italien \u2013 Dunkelbrauner A-Linien-Rock\",\"isPartOf\":{\"@id\":\"https:\\\/\\\/vintagellamoda.com\\\/de\\\/#website\"},\"primaryImageOfPage\":{\"@id\":\"https:\\\/\\\/vintagellamoda.com\\\/de\\\/produkt\\\/ralph-lauren-zweiteiler-europa\\\/#primaryimage\"},\"image\":{\"@id\":\"https:\\\/\\\/vintagellamoda.com\\\/de\\\/produkt\\\/ralph-lauren-zweiteiler-europa\\\/#primaryimage\"},\"thumbnailUrl\":\"https:\\\/\\\/vintagellamoda.com\\\/wp-content\\\/uploads\\\/2026\\\/02\\\/DSC00675-scaled.jpg\",\"datePublished\":\"2026-02-06T21:03:56+00:00\",\"description\":\"Rock von Mary Mode Italy in Dunkelbraun mit Retro-Muster im 70er-Jahre-Stil und A-Linien-Schnitt. Sehr guter Zustand. 39 \u20ac.\",\"breadcrumb\":{\"@id\":\"https:\\\/\\\/vintagellamoda.com\\\/de\\\/produkt\\\/ralph-lauren-zweiteiler-europa\\\/#breadcrumb\"},\"inLanguage\":\"de\",\"potentialAction\":[{\"@type\":\"ReadAction\",\"target\":[\"https:\\\/\\\/vintagellamoda.com\\\/de\\\/produkt\\\/ralph-lauren-zweiteiler-europa\\\/\"]}]},{\"@type\":\"ImageObject\",\"inLanguage\":\"de\",\"@id\":\"https:\\\/\\\/vintagellamoda.com\\\/de\\\/produkt\\\/ralph-lauren-zweiteiler-europa\\\/#primaryimage\",\"url\":\"https:\\\/\\\/vintagellamoda.com\\\/wp-content\\\/uploads\\\/2026\\\/02\\\/DSC00675-scaled.jpg\",\"contentUrl\":\"https:\\\/\\\/vintagellamoda.com\\\/wp-content\\\/uploads\\\/2026\\\/02\\\/DSC00675-scaled.jpg\",\"width\":1707,\"height\":2560},{\"@type\":\"BreadcrumbList\",\"@id\":\"https:\\\/\\\/vintagellamoda.com\\\/de\\\/produkt\\\/ralph-lauren-zweiteiler-europa\\\/#breadcrumb\",\"itemListElement\":[{\"@type\":\"ListItem\",\"position\":1,\"name\":\"Home\",\"item\":\"https:\\\/\\\/vintagellamoda.com\\\/de\\\/\"},{\"@type\":\"ListItem\",\"position\":2,\"name\":\"Shop\",\"item\":\"https:\\\/\\\/vintagellamoda.com\\\/de\\\/shop\\\/\"},{\"@type\":\"ListItem\",\"position\":3,\"name\":\"Ralph Lauren Zweiteiler Europa\"}]},{\"@type\":\"WebSite\",\"@id\":\"https:\\\/\\\/vintagellamoda.com\\\/de\\\/#website\",\"url\":\"https:\\\/\\\/vintagellamoda.com\\\/de\\\/\",\"name\":\"Vintagella Moda\",\"description\":\"Italo vintage moda \u2014 Italian vintage fashion\",\"publisher\":{\"@id\":\"https:\\\/\\\/vintagellamoda.com\\\/de\\\/#organization\"},\"potentialAction\":[{\"@type\":\"SearchAction\",\"target\":{\"@type\":\"EntryPoint\",\"urlTemplate\":\"https:\\\/\\\/vintagellamoda.com\\\/de\\\/?s={search_term_string}\"},\"query-input\":{\"@type\":\"PropertyValueSpecification\",\"valueRequired\":true,\"valueName\":\"search_term_string\"}}],\"inLanguage\":\"de\"},{\"@type\":\"Organization\",\"@id\":\"https:\\\/\\\/vintagellamoda.com\\\/de\\\/#organization\",\"name\":\"Vintagella Moda\",\"url\":\"https:\\\/\\\/vintagellamoda.com\\\/de\\\/\",\"logo\":{\"@type\":\"ImageObject\",\"inLanguage\":\"de\",\"@id\":\"https:\\\/\\\/vintagellamoda.com\\\/de\\\/#\\\/schema\\\/logo\\\/image\\\/\",\"url\":\"https:\\\/\\\/vintagellamoda.com\\\/wp-content\\\/uploads\\\/2025\\\/11\\\/favicon.png\",\"contentUrl\":\"https:\\\/\\\/vintagellamoda.com\\\/wp-content\\\/uploads\\\/2025\\\/11\\\/favicon.png\",\"width\":2000,\"height\":2000,\"caption\":\"Vintagella Moda\"},\"image\":{\"@id\":\"https:\\\/\\\/vintagellamoda.com\\\/de\\\/#\\\/schema\\\/logo\\\/image\\\/\"},\"sameAs\":[\"https:\\\/\\\/www.facebook.com\\\/profile.php?id=61583665421269\",\"https:\\\/\\\/www.instagram.com\\\/vintagellamoda\\\/\",\"https:\\\/\\\/de.pinterest.com\\\/vintagellamoda\"]}]}<\/script>\n<!-- \/ Yoast SEO plugin. -->","yoast_head_json":{"title":"Mary Mode Rock Italien \u2013 Dunkelbrauner A-Linien-Rock","description":"Rock von Mary Mode Italy in Dunkelbraun mit Retro-Muster im 70er-Jahre-Stil und A-Linien-Schnitt. Sehr guter Zustand. 39 \u20ac.","robots":{"index":"index","follow":"follow","max-snippet":"max-snippet:-1","max-image-preview":"max-image-preview:large","max-video-preview":"max-video-preview:-1"},"canonical":"https:\/\/vintagellamoda.com\/de\/produkt\/ralph-lauren-zweiteiler-europa\/","og_locale":"de_DE","og_type":"article","og_title":"Mary Mode Rock Italien \u2013 Dunkelbrauner A-Linien-Rock","og_description":"Rock von Mary Mode Italy in Dunkelbraun mit Retro-Muster im 70er-Jahre-Stil und A-Linien-Schnitt. Sehr guter Zustand. 39 \u20ac.","og_url":"https:\/\/vintagellamoda.com\/de\/produkt\/ralph-lauren-zweiteiler-europa\/","og_site_name":"Vintagella Moda","article_publisher":"https:\/\/www.facebook.com\/profile.php?id=61583665421269","og_image":[{"width":1707,"height":2560,"url":"https:\/\/vintagellamoda.com\/wp-content\/uploads\/2026\/02\/DSC00675-scaled.jpg","type":"image\/jpeg"}],"twitter_card":"summary_large_image","schema":{"@context":"https:\/\/schema.org","@graph":[{"@type":"WebPage","@id":"https:\/\/vintagellamoda.com\/de\/produkt\/ralph-lauren-zweiteiler-europa\/","url":"https:\/\/vintagellamoda.com\/de\/produkt\/ralph-lauren-zweiteiler-europa\/","name":"Mary Mode Rock Italien \u2013 Dunkelbrauner A-Linien-Rock","isPartOf":{"@id":"https:\/\/vintagellamoda.com\/de\/#website"},"primaryImageOfPage":{"@id":"https:\/\/vintagellamoda.com\/de\/produkt\/ralph-lauren-zweiteiler-europa\/#primaryimage"},"image":{"@id":"https:\/\/vintagellamoda.com\/de\/produkt\/ralph-lauren-zweiteiler-europa\/#primaryimage"},"thumbnailUrl":"https:\/\/vintagellamoda.com\/wp-content\/uploads\/2026\/02\/DSC00675-scaled.jpg","datePublished":"2026-02-06T21:03:56+00:00","description":"Rock von Mary Mode Italy in Dunkelbraun mit Retro-Muster im 70er-Jahre-Stil und A-Linien-Schnitt. Sehr guter Zustand. 39 \u20ac.","breadcrumb":{"@id":"https:\/\/vintagellamoda.com\/de\/produkt\/ralph-lauren-zweiteiler-europa\/#breadcrumb"},"inLanguage":"de","potentialAction":[{"@type":"ReadAction","target":["https:\/\/vintagellamoda.com\/de\/produkt\/ralph-lauren-zweiteiler-europa\/"]}]},{"@type":"ImageObject","inLanguage":"de","@id":"https:\/\/vintagellamoda.com\/de\/produkt\/ralph-lauren-zweiteiler-europa\/#primaryimage","url":"https:\/\/vintagellamoda.com\/wp-content\/uploads\/2026\/02\/DSC00675-scaled.jpg","contentUrl":"https:\/\/vintagellamoda.com\/wp-content\/uploads\/2026\/02\/DSC00675-scaled.jpg","width":1707,"height":2560},{"@type":"BreadcrumbList","@id":"https:\/\/vintagellamoda.com\/de\/produkt\/ralph-lauren-zweiteiler-europa\/#breadcrumb","itemListElement":[{"@type":"ListItem","position":1,"name":"Home","item":"https:\/\/vintagellamoda.com\/de\/"},{"@type":"ListItem","position":2,"name":"Shop","item":"https:\/\/vintagellamoda.com\/de\/shop\/"},{"@type":"ListItem","position":3,"name":"Ralph Lauren Zweiteiler Europa"}]},{"@type":"WebSite","@id":"https:\/\/vintagellamoda.com\/de\/#website","url":"https:\/\/vintagellamoda.com\/de\/","name":"Vintagella Moda","description":"Italo vintage moda \u2014 Italian vintage fashion","publisher":{"@id":"https:\/\/vintagellamoda.com\/de\/#organization"},"potentialAction":[{"@type":"SearchAction","target":{"@type":"EntryPoint","urlTemplate":"https:\/\/vintagellamoda.com\/de\/?s={search_term_string}"},"query-input":{"@type":"PropertyValueSpecification","valueRequired":true,"valueName":"search_term_string"}}],"inLanguage":"de"},{"@type":"Organization","@id":"https:\/\/vintagellamoda.com\/de\/#organization","name":"Vintagella Moda","url":"https:\/\/vintagellamoda.com\/de\/","logo":{"@type":"ImageObject","inLanguage":"de","@id":"https:\/\/vintagellamoda.com\/de\/#\/schema\/logo\/image\/","url":"https:\/\/vintagellamoda.com\/wp-content\/uploads\/2025\/11\/favicon.png","contentUrl":"https:\/\/vintagellamoda.com\/wp-content\/uploads\/2025\/11\/favicon.png","width":2000,"height":2000,"caption":"Vintagella Moda"},"image":{"@id":"https:\/\/vintagellamoda.com\/de\/#\/schema\/logo\/image\/"},"sameAs":["https:\/\/www.facebook.com\/profile.php?id=61583665421269","https:\/\/www.instagram.com\/vintagellamoda\/","https:\/\/de.pinterest.com\/vintagellamoda"]}]}},"_links":{"self":[{"href":"https:\/\/vintagellamoda.com\/de\/wp-json\/wp\/v2\/product\/5703","targetHints":{"allow":["GET"]}}],"collection":[{"href":"https:\/\/vintagellamoda.com\/de\/wp-json\/wp\/v2\/product"}],"about":[{"href":"https:\/\/vintagellamoda.com\/de\/wp-json\/wp\/v2\/types\/product"}],"replies":[{"embeddable":true,"href":"https:\/\/vintagellamoda.com\/de\/wp-json\/wp\/v2\/comments?post=5703"}],"wp:featuredmedia":[{"embeddable":true,"href":"https:\/\/vintagellamoda.com\/de\/wp-json\/wp\/v2\/media\/5657"}],"wp:attachment":[{"href":"https:\/\/vintagellamoda.com\/de\/wp-json\/wp\/v2\/media?parent=5703"}],"wp:term":[{"taxonomy":"product_brand","embeddable":true,"href":"https:\/\/vintagellamoda.com\/de\/wp-json\/wp\/v2\/product_brand?post=5703"},{"taxonomy":"product_cat","embeddable":true,"href":"https:\/\/vintagellamoda.com\/de\/wp-json\/wp\/v2\/product_cat?post=5703"},{"taxonomy":"product_tag","embeddable":true,"href":"https:\/\/vintagellamoda.com\/de\/wp-json\/wp\/v2\/product_tag?post=5703"}],"curies":[{"name":"wp","href":"https:\/\/api.w.org\/{rel}","templated":true}]}}