{"id":5522,"date":"2026-01-09T19:14:50","date_gmt":"2026-01-09T19:14:50","guid":{"rendered":"https:\/\/vintagellamoda.com\/?post_type=product&#038;p=5522"},"modified":"2026-01-11T15:45:58","modified_gmt":"2026-01-11T15:45:58","slug":"kleid-von-ana-alcazar-hergestellt-in-europa","status":"publish","type":"product","link":"https:\/\/vintagellamoda.com\/de\/produkt\/kleid-von-ana-alcazar-hergestellt-in-europa\/","title":{"rendered":"Kleid von Ana Alcazar \u2013 Hergestellt in Europa"},"content":{"rendered":"<p>Dieses gemusterte, schicke Kleid in Schwarz und Grau ist perfekt f\u00fcr kalte Tage, besonders in Kombination mit schwarzen Stiefeln und einem Wollmantel. Es verf\u00fcgt \u00fcber einen langen 39,5 cm Rei\u00dfverschluss f\u00fcr einfaches \u00d6ffnen.<\/p>\n","protected":false},"excerpt":{"rendered":"<p>Marke: Ana Alcazar (Hergestellt in Europa)<br \/>\nPreis: 39 \u20ac<br \/>\nFarbe: Schwarz und Grau<br \/>\nGr\u00f6\u00dfe: 36<br \/>\n\u00c4rmell\u00e4nge: 46 cm<br \/>\nBrustumfang: 43,5 cm<br \/>\nTaillenumfang: 39,5 cm<br \/>\nH\u00fcftumfang: 47 cm<br \/>\nL\u00e4nge: 95 cm<br \/>\nMaterial: 60 % Viskose, 35 % Polyamid, 2 % Elastan, Rest Acryl<br \/>\nZustand: Sehr gut, keine sichtbaren M\u00e4ngel<br \/>\nArt.-Nr. 73<\/p>\n","protected":false},"featured_media":5523,"comment_status":"open","ping_status":"closed","template":"","meta":[],"product_brand":[751],"product_cat":[503],"product_tag":[],"class_list":{"0":"post-5522","1":"product","2":"type-product","3":"status-publish","4":"has-post-thumbnail","6":"product_brand-ana-alcazar-made-in-europe","7":"product_cat-nicht-kategorisiert","9":"first","10":"instock","11":"sold-individually","12":"shipping-taxable","13":"purchasable","14":"product-type-simple"},"yoast_head":"<!-- This site is optimized with the Yoast SEO plugin v27.3 - https:\/\/yoast.com\/product\/yoast-seo-wordpress\/ -->\n<title>Schwarzes und graues europ\u00e4isches Kleid von Ana Alcazar \u2013 Hergestellt in Europa<\/title>\n<meta name=\"description\" content=\"Entdecken Sie das schwarz-graue europ\u00e4ische Kleid von Ana Alcazar, hergestellt in Europa, perfekt f\u00fcr schicke Winteroutfits mit Stiefeln und M\u00e4nteln.\" \/>\n<meta name=\"robots\" content=\"index, follow, max-snippet:-1, max-image-preview:large, max-video-preview:-1\" \/>\n<link rel=\"canonical\" href=\"https:\/\/vintagellamoda.com\/de\/produkt\/kleid-von-ana-alcazar-hergestellt-in-europa\/\" \/>\n<meta property=\"og:locale\" content=\"de_DE\" \/>\n<meta property=\"og:type\" content=\"article\" \/>\n<meta property=\"og:title\" content=\"Schwarzes und graues europ\u00e4isches Kleid von Ana Alcazar \u2013 Hergestellt in Europa\" \/>\n<meta property=\"og:description\" content=\"Entdecken Sie das schwarz-graue europ\u00e4ische Kleid von Ana Alcazar, hergestellt in Europa, perfekt f\u00fcr schicke Winteroutfits mit Stiefeln und M\u00e4nteln.\" \/>\n<meta property=\"og:url\" content=\"https:\/\/vintagellamoda.com\/de\/produkt\/kleid-von-ana-alcazar-hergestellt-in-europa\/\" \/>\n<meta property=\"og:site_name\" content=\"Vintagella Moda\" \/>\n<meta property=\"article:publisher\" content=\"https:\/\/www.facebook.com\/profile.php?id=61583665421269\" \/>\n<meta property=\"article:modified_time\" content=\"2026-01-11T15:45:58+00:00\" \/>\n<meta property=\"og:image\" content=\"https:\/\/vintagellamoda.com\/wp-content\/uploads\/2026\/01\/DSC00354-scaled.jpg\" \/>\n\t<meta property=\"og:image:width\" content=\"1707\" \/>\n\t<meta property=\"og:image:height\" content=\"2560\" \/>\n\t<meta property=\"og:image:type\" content=\"image\/jpeg\" \/>\n<meta name=\"twitter:card\" content=\"summary_large_image\" \/>\n<meta name=\"twitter:label1\" content=\"Gesch\u00e4tzte Lesezeit\" \/>\n\t<meta name=\"twitter:data1\" content=\"1\u00a0Minute\" \/>\n<script type=\"application\/ld+json\" class=\"yoast-schema-graph\">{\"@context\":\"https:\\\/\\\/schema.org\",\"@graph\":[{\"@type\":\"WebPage\",\"@id\":\"https:\\\/\\\/vintagellamoda.com\\\/de\\\/produkt\\\/kleid-von-ana-alcazar-hergestellt-in-europa\\\/\",\"url\":\"https:\\\/\\\/vintagellamoda.com\\\/de\\\/produkt\\\/kleid-von-ana-alcazar-hergestellt-in-europa\\\/\",\"name\":\"Schwarzes und graues europ\u00e4isches Kleid von Ana Alcazar \u2013 Hergestellt in Europa\",\"isPartOf\":{\"@id\":\"https:\\\/\\\/vintagellamoda.com\\\/de\\\/#website\"},\"primaryImageOfPage\":{\"@id\":\"https:\\\/\\\/vintagellamoda.com\\\/de\\\/produkt\\\/kleid-von-ana-alcazar-hergestellt-in-europa\\\/#primaryimage\"},\"image\":{\"@id\":\"https:\\\/\\\/vintagellamoda.com\\\/de\\\/produkt\\\/kleid-von-ana-alcazar-hergestellt-in-europa\\\/#primaryimage\"},\"thumbnailUrl\":\"https:\\\/\\\/vintagellamoda.com\\\/wp-content\\\/uploads\\\/2026\\\/01\\\/DSC00354-scaled.jpg\",\"datePublished\":\"2026-01-09T19:14:50+00:00\",\"dateModified\":\"2026-01-11T15:45:58+00:00\",\"description\":\"Entdecken Sie das schwarz-graue europ\u00e4ische Kleid von Ana Alcazar, hergestellt in Europa, perfekt f\u00fcr schicke Winteroutfits mit Stiefeln und M\u00e4nteln.\",\"breadcrumb\":{\"@id\":\"https:\\\/\\\/vintagellamoda.com\\\/de\\\/produkt\\\/kleid-von-ana-alcazar-hergestellt-in-europa\\\/#breadcrumb\"},\"inLanguage\":\"de\",\"potentialAction\":[{\"@type\":\"ReadAction\",\"target\":[\"https:\\\/\\\/vintagellamoda.com\\\/de\\\/produkt\\\/kleid-von-ana-alcazar-hergestellt-in-europa\\\/\"]}]},{\"@type\":\"ImageObject\",\"inLanguage\":\"de\",\"@id\":\"https:\\\/\\\/vintagellamoda.com\\\/de\\\/produkt\\\/kleid-von-ana-alcazar-hergestellt-in-europa\\\/#primaryimage\",\"url\":\"https:\\\/\\\/vintagellamoda.com\\\/wp-content\\\/uploads\\\/2026\\\/01\\\/DSC00354-scaled.jpg\",\"contentUrl\":\"https:\\\/\\\/vintagellamoda.com\\\/wp-content\\\/uploads\\\/2026\\\/01\\\/DSC00354-scaled.jpg\",\"width\":1707,\"height\":2560},{\"@type\":\"BreadcrumbList\",\"@id\":\"https:\\\/\\\/vintagellamoda.com\\\/de\\\/produkt\\\/kleid-von-ana-alcazar-hergestellt-in-europa\\\/#breadcrumb\",\"itemListElement\":[{\"@type\":\"ListItem\",\"position\":1,\"name\":\"Home\",\"item\":\"https:\\\/\\\/vintagellamoda.com\\\/de\\\/\"},{\"@type\":\"ListItem\",\"position\":2,\"name\":\"Shop\",\"item\":\"https:\\\/\\\/vintagellamoda.com\\\/de\\\/shop\\\/\"},{\"@type\":\"ListItem\",\"position\":3,\"name\":\"Kleid von Ana Alcazar \u2013 Hergestellt in Europa\"}]},{\"@type\":\"WebSite\",\"@id\":\"https:\\\/\\\/vintagellamoda.com\\\/de\\\/#website\",\"url\":\"https:\\\/\\\/vintagellamoda.com\\\/de\\\/\",\"name\":\"Vintagella Moda\",\"description\":\"Italo vintage moda \u2014 Italian vintage fashion\",\"publisher\":{\"@id\":\"https:\\\/\\\/vintagellamoda.com\\\/de\\\/#organization\"},\"potentialAction\":[{\"@type\":\"SearchAction\",\"target\":{\"@type\":\"EntryPoint\",\"urlTemplate\":\"https:\\\/\\\/vintagellamoda.com\\\/de\\\/?s={search_term_string}\"},\"query-input\":{\"@type\":\"PropertyValueSpecification\",\"valueRequired\":true,\"valueName\":\"search_term_string\"}}],\"inLanguage\":\"de\"},{\"@type\":\"Organization\",\"@id\":\"https:\\\/\\\/vintagellamoda.com\\\/de\\\/#organization\",\"name\":\"Vintagella Moda\",\"url\":\"https:\\\/\\\/vintagellamoda.com\\\/de\\\/\",\"logo\":{\"@type\":\"ImageObject\",\"inLanguage\":\"de\",\"@id\":\"https:\\\/\\\/vintagellamoda.com\\\/de\\\/#\\\/schema\\\/logo\\\/image\\\/\",\"url\":\"https:\\\/\\\/vintagellamoda.com\\\/wp-content\\\/uploads\\\/2025\\\/11\\\/favicon.png\",\"contentUrl\":\"https:\\\/\\\/vintagellamoda.com\\\/wp-content\\\/uploads\\\/2025\\\/11\\\/favicon.png\",\"width\":2000,\"height\":2000,\"caption\":\"Vintagella Moda\"},\"image\":{\"@id\":\"https:\\\/\\\/vintagellamoda.com\\\/de\\\/#\\\/schema\\\/logo\\\/image\\\/\"},\"sameAs\":[\"https:\\\/\\\/www.facebook.com\\\/profile.php?id=61583665421269\",\"https:\\\/\\\/www.instagram.com\\\/vintagellamoda\\\/\",\"https:\\\/\\\/de.pinterest.com\\\/vintagellamoda\"]}]}<\/script>\n<!-- \/ Yoast SEO plugin. -->","yoast_head_json":{"title":"Schwarzes und graues europ\u00e4isches Kleid von Ana Alcazar \u2013 Hergestellt in Europa","description":"Entdecken Sie das schwarz-graue europ\u00e4ische Kleid von Ana Alcazar, hergestellt in Europa, perfekt f\u00fcr schicke Winteroutfits mit Stiefeln und M\u00e4nteln.","robots":{"index":"index","follow":"follow","max-snippet":"max-snippet:-1","max-image-preview":"max-image-preview:large","max-video-preview":"max-video-preview:-1"},"canonical":"https:\/\/vintagellamoda.com\/de\/produkt\/kleid-von-ana-alcazar-hergestellt-in-europa\/","og_locale":"de_DE","og_type":"article","og_title":"Schwarzes und graues europ\u00e4isches Kleid von Ana Alcazar \u2013 Hergestellt in Europa","og_description":"Entdecken Sie das schwarz-graue europ\u00e4ische Kleid von Ana Alcazar, hergestellt in Europa, perfekt f\u00fcr schicke Winteroutfits mit Stiefeln und M\u00e4nteln.","og_url":"https:\/\/vintagellamoda.com\/de\/produkt\/kleid-von-ana-alcazar-hergestellt-in-europa\/","og_site_name":"Vintagella Moda","article_publisher":"https:\/\/www.facebook.com\/profile.php?id=61583665421269","article_modified_time":"2026-01-11T15:45:58+00:00","og_image":[{"width":1707,"height":2560,"url":"https:\/\/vintagellamoda.com\/wp-content\/uploads\/2026\/01\/DSC00354-scaled.jpg","type":"image\/jpeg"}],"twitter_card":"summary_large_image","twitter_misc":{"Gesch\u00e4tzte Lesezeit":"1\u00a0Minute"},"schema":{"@context":"https:\/\/schema.org","@graph":[{"@type":"WebPage","@id":"https:\/\/vintagellamoda.com\/de\/produkt\/kleid-von-ana-alcazar-hergestellt-in-europa\/","url":"https:\/\/vintagellamoda.com\/de\/produkt\/kleid-von-ana-alcazar-hergestellt-in-europa\/","name":"Schwarzes und graues europ\u00e4isches Kleid von Ana Alcazar \u2013 Hergestellt in Europa","isPartOf":{"@id":"https:\/\/vintagellamoda.com\/de\/#website"},"primaryImageOfPage":{"@id":"https:\/\/vintagellamoda.com\/de\/produkt\/kleid-von-ana-alcazar-hergestellt-in-europa\/#primaryimage"},"image":{"@id":"https:\/\/vintagellamoda.com\/de\/produkt\/kleid-von-ana-alcazar-hergestellt-in-europa\/#primaryimage"},"thumbnailUrl":"https:\/\/vintagellamoda.com\/wp-content\/uploads\/2026\/01\/DSC00354-scaled.jpg","datePublished":"2026-01-09T19:14:50+00:00","dateModified":"2026-01-11T15:45:58+00:00","description":"Entdecken Sie das schwarz-graue europ\u00e4ische Kleid von Ana Alcazar, hergestellt in Europa, perfekt f\u00fcr schicke Winteroutfits mit Stiefeln und M\u00e4nteln.","breadcrumb":{"@id":"https:\/\/vintagellamoda.com\/de\/produkt\/kleid-von-ana-alcazar-hergestellt-in-europa\/#breadcrumb"},"inLanguage":"de","potentialAction":[{"@type":"ReadAction","target":["https:\/\/vintagellamoda.com\/de\/produkt\/kleid-von-ana-alcazar-hergestellt-in-europa\/"]}]},{"@type":"ImageObject","inLanguage":"de","@id":"https:\/\/vintagellamoda.com\/de\/produkt\/kleid-von-ana-alcazar-hergestellt-in-europa\/#primaryimage","url":"https:\/\/vintagellamoda.com\/wp-content\/uploads\/2026\/01\/DSC00354-scaled.jpg","contentUrl":"https:\/\/vintagellamoda.com\/wp-content\/uploads\/2026\/01\/DSC00354-scaled.jpg","width":1707,"height":2560},{"@type":"BreadcrumbList","@id":"https:\/\/vintagellamoda.com\/de\/produkt\/kleid-von-ana-alcazar-hergestellt-in-europa\/#breadcrumb","itemListElement":[{"@type":"ListItem","position":1,"name":"Home","item":"https:\/\/vintagellamoda.com\/de\/"},{"@type":"ListItem","position":2,"name":"Shop","item":"https:\/\/vintagellamoda.com\/de\/shop\/"},{"@type":"ListItem","position":3,"name":"Kleid von Ana Alcazar \u2013 Hergestellt in Europa"}]},{"@type":"WebSite","@id":"https:\/\/vintagellamoda.com\/de\/#website","url":"https:\/\/vintagellamoda.com\/de\/","name":"Vintagella Moda","description":"Italo vintage moda \u2014 Italian vintage fashion","publisher":{"@id":"https:\/\/vintagellamoda.com\/de\/#organization"},"potentialAction":[{"@type":"SearchAction","target":{"@type":"EntryPoint","urlTemplate":"https:\/\/vintagellamoda.com\/de\/?s={search_term_string}"},"query-input":{"@type":"PropertyValueSpecification","valueRequired":true,"valueName":"search_term_string"}}],"inLanguage":"de"},{"@type":"Organization","@id":"https:\/\/vintagellamoda.com\/de\/#organization","name":"Vintagella Moda","url":"https:\/\/vintagellamoda.com\/de\/","logo":{"@type":"ImageObject","inLanguage":"de","@id":"https:\/\/vintagellamoda.com\/de\/#\/schema\/logo\/image\/","url":"https:\/\/vintagellamoda.com\/wp-content\/uploads\/2025\/11\/favicon.png","contentUrl":"https:\/\/vintagellamoda.com\/wp-content\/uploads\/2025\/11\/favicon.png","width":2000,"height":2000,"caption":"Vintagella Moda"},"image":{"@id":"https:\/\/vintagellamoda.com\/de\/#\/schema\/logo\/image\/"},"sameAs":["https:\/\/www.facebook.com\/profile.php?id=61583665421269","https:\/\/www.instagram.com\/vintagellamoda\/","https:\/\/de.pinterest.com\/vintagellamoda"]}]}},"_links":{"self":[{"href":"https:\/\/vintagellamoda.com\/de\/wp-json\/wp\/v2\/product\/5522","targetHints":{"allow":["GET"]}}],"collection":[{"href":"https:\/\/vintagellamoda.com\/de\/wp-json\/wp\/v2\/product"}],"about":[{"href":"https:\/\/vintagellamoda.com\/de\/wp-json\/wp\/v2\/types\/product"}],"replies":[{"embeddable":true,"href":"https:\/\/vintagellamoda.com\/de\/wp-json\/wp\/v2\/comments?post=5522"}],"wp:featuredmedia":[{"embeddable":true,"href":"https:\/\/vintagellamoda.com\/de\/wp-json\/wp\/v2\/media\/5523"}],"wp:attachment":[{"href":"https:\/\/vintagellamoda.com\/de\/wp-json\/wp\/v2\/media?parent=5522"}],"wp:term":[{"taxonomy":"product_brand","embeddable":true,"href":"https:\/\/vintagellamoda.com\/de\/wp-json\/wp\/v2\/product_brand?post=5522"},{"taxonomy":"product_cat","embeddable":true,"href":"https:\/\/vintagellamoda.com\/de\/wp-json\/wp\/v2\/product_cat?post=5522"},{"taxonomy":"product_tag","embeddable":true,"href":"https:\/\/vintagellamoda.com\/de\/wp-json\/wp\/v2\/product_tag?post=5522"}],"curies":[{"name":"wp","href":"https:\/\/api.w.org\/{rel}","templated":true}]}}