{"id":5474,"date":"2026-01-09T15:36:06","date_gmt":"2026-01-09T15:36:06","guid":{"rendered":"https:\/\/vintagellamoda.com\/?post_type=product&#038;p=5474"},"modified":"2026-01-11T15:48:53","modified_gmt":"2026-01-11T15:48:53","slug":"langer-rock-von-alegria-hergestellt-in-italien","status":"publish","type":"product","link":"https:\/\/vintagellamoda.com\/de\/produkt\/langer-rock-von-alegria-hergestellt-in-italien\/","title":{"rendered":"Langer Rock von Alegria \u2013 Hergestellt in Italien"},"content":{"rendered":"<p>Dieser schmal geschnittene, schokoladenbraune Rock des italienischen Labels Alegria l\u00e4sst sich hervorragend mit verschiedenen neutralen und kr\u00e4ftigen Farben kombinieren. Der Schlitz hinten sorgt f\u00fcr optimale Bewegungsfreiheit. F\u00fcr einen modernen Look an k\u00fchleren Tagen tragen Sie ihn am besten mit Stiefeln.<\/p>\n","protected":false},"excerpt":{"rendered":"<p>Marke: Alegria (Hergestellt in Italien)<br \/>\nPreis: 30 \u20ac<br \/>\nFarbe: Schokoladenbraun<br \/>\nGr\u00f6\u00dfe: IT 44<br \/>\nBundweite: 34 cm<br \/>\nH\u00fcftweite: 43,5 cm<br \/>\nL\u00e4nge: 91 cm<br \/>\nMaterial: 50 % Viskose, 50 % Polyamid<br \/>\nZustand: Sehr gut, keine sichtbaren M\u00e4ngel<br \/>\nArt.-Nr. 67<\/p>\n","protected":false},"featured_media":5477,"comment_status":"open","ping_status":"closed","template":"","meta":[],"product_brand":[736],"product_cat":[503],"product_tag":[],"class_list":{"0":"post-5474","1":"product","2":"type-product","3":"status-publish","4":"has-post-thumbnail","6":"product_brand-alegria-made-in-italy","7":"product_cat-nicht-kategorisiert","9":"first","10":"instock","11":"sold-individually","12":"shipping-taxable","13":"purchasable","14":"product-type-simple"},"yoast_head":"<!-- This site is optimized with the Yoast SEO plugin v27.3 - https:\/\/yoast.com\/product\/yoast-seo-wordpress\/ -->\n<title>Langer Rock von Alegria \u2013 Made in Italy, schokoladenbraun<\/title>\n<meta name=\"description\" content=\"Eleganter, in Italien gefertigter Rock von Alegria in Schokoladenbraun, schmal geschnitten mit R\u00fcckenschlitz, aus hochwertiger Viskosemischung, Gr\u00f6\u00dfe IT 44.\" \/>\n<meta name=\"robots\" content=\"index, follow, max-snippet:-1, max-image-preview:large, max-video-preview:-1\" \/>\n<link rel=\"canonical\" href=\"https:\/\/vintagellamoda.com\/de\/produkt\/langer-rock-von-alegria-hergestellt-in-italien\/\" \/>\n<meta property=\"og:locale\" content=\"de_DE\" \/>\n<meta property=\"og:type\" content=\"article\" \/>\n<meta property=\"og:title\" content=\"Langer Rock von Alegria \u2013 Made in Italy, schokoladenbraun\" \/>\n<meta property=\"og:description\" content=\"Eleganter, in Italien gefertigter Rock von Alegria in Schokoladenbraun, schmal geschnitten mit R\u00fcckenschlitz, aus hochwertiger Viskosemischung, Gr\u00f6\u00dfe IT 44.\" \/>\n<meta property=\"og:url\" content=\"https:\/\/vintagellamoda.com\/de\/produkt\/langer-rock-von-alegria-hergestellt-in-italien\/\" \/>\n<meta property=\"og:site_name\" content=\"Vintagella Moda\" \/>\n<meta property=\"article:publisher\" content=\"https:\/\/www.facebook.com\/profile.php?id=61583665421269\" \/>\n<meta property=\"article:modified_time\" content=\"2026-01-11T15:48:53+00:00\" \/>\n<meta property=\"og:image\" content=\"https:\/\/vintagellamoda.com\/wp-content\/uploads\/2026\/01\/DSC00321-scaled.jpg\" \/>\n\t<meta property=\"og:image:width\" content=\"1707\" \/>\n\t<meta property=\"og:image:height\" content=\"2560\" \/>\n\t<meta property=\"og:image:type\" content=\"image\/jpeg\" \/>\n<meta name=\"twitter:card\" content=\"summary_large_image\" \/>\n<meta name=\"twitter:label1\" content=\"Gesch\u00e4tzte Lesezeit\" \/>\n\t<meta name=\"twitter:data1\" content=\"1\u00a0Minute\" \/>\n<script type=\"application\/ld+json\" class=\"yoast-schema-graph\">{\"@context\":\"https:\\\/\\\/schema.org\",\"@graph\":[{\"@type\":\"WebPage\",\"@id\":\"https:\\\/\\\/vintagellamoda.com\\\/de\\\/produkt\\\/langer-rock-von-alegria-hergestellt-in-italien\\\/\",\"url\":\"https:\\\/\\\/vintagellamoda.com\\\/de\\\/produkt\\\/langer-rock-von-alegria-hergestellt-in-italien\\\/\",\"name\":\"Langer Rock von Alegria \u2013 Made in Italy, schokoladenbraun\",\"isPartOf\":{\"@id\":\"https:\\\/\\\/vintagellamoda.com\\\/de\\\/#website\"},\"primaryImageOfPage\":{\"@id\":\"https:\\\/\\\/vintagellamoda.com\\\/de\\\/produkt\\\/langer-rock-von-alegria-hergestellt-in-italien\\\/#primaryimage\"},\"image\":{\"@id\":\"https:\\\/\\\/vintagellamoda.com\\\/de\\\/produkt\\\/langer-rock-von-alegria-hergestellt-in-italien\\\/#primaryimage\"},\"thumbnailUrl\":\"https:\\\/\\\/vintagellamoda.com\\\/wp-content\\\/uploads\\\/2026\\\/01\\\/DSC00321-scaled.jpg\",\"datePublished\":\"2026-01-09T15:36:06+00:00\",\"dateModified\":\"2026-01-11T15:48:53+00:00\",\"description\":\"Eleganter, in Italien gefertigter Rock von Alegria in Schokoladenbraun, schmal geschnitten mit R\u00fcckenschlitz, aus hochwertiger Viskosemischung, Gr\u00f6\u00dfe IT 44.\",\"breadcrumb\":{\"@id\":\"https:\\\/\\\/vintagellamoda.com\\\/de\\\/produkt\\\/langer-rock-von-alegria-hergestellt-in-italien\\\/#breadcrumb\"},\"inLanguage\":\"de\",\"potentialAction\":[{\"@type\":\"ReadAction\",\"target\":[\"https:\\\/\\\/vintagellamoda.com\\\/de\\\/produkt\\\/langer-rock-von-alegria-hergestellt-in-italien\\\/\"]}]},{\"@type\":\"ImageObject\",\"inLanguage\":\"de\",\"@id\":\"https:\\\/\\\/vintagellamoda.com\\\/de\\\/produkt\\\/langer-rock-von-alegria-hergestellt-in-italien\\\/#primaryimage\",\"url\":\"https:\\\/\\\/vintagellamoda.com\\\/wp-content\\\/uploads\\\/2026\\\/01\\\/DSC00321-scaled.jpg\",\"contentUrl\":\"https:\\\/\\\/vintagellamoda.com\\\/wp-content\\\/uploads\\\/2026\\\/01\\\/DSC00321-scaled.jpg\",\"width\":1707,\"height\":2560},{\"@type\":\"BreadcrumbList\",\"@id\":\"https:\\\/\\\/vintagellamoda.com\\\/de\\\/produkt\\\/langer-rock-von-alegria-hergestellt-in-italien\\\/#breadcrumb\",\"itemListElement\":[{\"@type\":\"ListItem\",\"position\":1,\"name\":\"Home\",\"item\":\"https:\\\/\\\/vintagellamoda.com\\\/de\\\/\"},{\"@type\":\"ListItem\",\"position\":2,\"name\":\"Shop\",\"item\":\"https:\\\/\\\/vintagellamoda.com\\\/de\\\/shop\\\/\"},{\"@type\":\"ListItem\",\"position\":3,\"name\":\"Langer Rock von Alegria \u2013 Hergestellt in Italien\"}]},{\"@type\":\"WebSite\",\"@id\":\"https:\\\/\\\/vintagellamoda.com\\\/de\\\/#website\",\"url\":\"https:\\\/\\\/vintagellamoda.com\\\/de\\\/\",\"name\":\"Vintagella Moda\",\"description\":\"Italo vintage moda \u2014 Italian vintage fashion\",\"publisher\":{\"@id\":\"https:\\\/\\\/vintagellamoda.com\\\/de\\\/#organization\"},\"potentialAction\":[{\"@type\":\"SearchAction\",\"target\":{\"@type\":\"EntryPoint\",\"urlTemplate\":\"https:\\\/\\\/vintagellamoda.com\\\/de\\\/?s={search_term_string}\"},\"query-input\":{\"@type\":\"PropertyValueSpecification\",\"valueRequired\":true,\"valueName\":\"search_term_string\"}}],\"inLanguage\":\"de\"},{\"@type\":\"Organization\",\"@id\":\"https:\\\/\\\/vintagellamoda.com\\\/de\\\/#organization\",\"name\":\"Vintagella Moda\",\"url\":\"https:\\\/\\\/vintagellamoda.com\\\/de\\\/\",\"logo\":{\"@type\":\"ImageObject\",\"inLanguage\":\"de\",\"@id\":\"https:\\\/\\\/vintagellamoda.com\\\/de\\\/#\\\/schema\\\/logo\\\/image\\\/\",\"url\":\"https:\\\/\\\/vintagellamoda.com\\\/wp-content\\\/uploads\\\/2025\\\/11\\\/favicon.png\",\"contentUrl\":\"https:\\\/\\\/vintagellamoda.com\\\/wp-content\\\/uploads\\\/2025\\\/11\\\/favicon.png\",\"width\":2000,\"height\":2000,\"caption\":\"Vintagella Moda\"},\"image\":{\"@id\":\"https:\\\/\\\/vintagellamoda.com\\\/de\\\/#\\\/schema\\\/logo\\\/image\\\/\"},\"sameAs\":[\"https:\\\/\\\/www.facebook.com\\\/profile.php?id=61583665421269\",\"https:\\\/\\\/www.instagram.com\\\/vintagellamoda\\\/\",\"https:\\\/\\\/de.pinterest.com\\\/vintagellamoda\"]}]}<\/script>\n<!-- \/ Yoast SEO plugin. -->","yoast_head_json":{"title":"Langer Rock von Alegria \u2013 Made in Italy, schokoladenbraun","description":"Eleganter, in Italien gefertigter Rock von Alegria in Schokoladenbraun, schmal geschnitten mit R\u00fcckenschlitz, aus hochwertiger Viskosemischung, Gr\u00f6\u00dfe IT 44.","robots":{"index":"index","follow":"follow","max-snippet":"max-snippet:-1","max-image-preview":"max-image-preview:large","max-video-preview":"max-video-preview:-1"},"canonical":"https:\/\/vintagellamoda.com\/de\/produkt\/langer-rock-von-alegria-hergestellt-in-italien\/","og_locale":"de_DE","og_type":"article","og_title":"Langer Rock von Alegria \u2013 Made in Italy, schokoladenbraun","og_description":"Eleganter, in Italien gefertigter Rock von Alegria in Schokoladenbraun, schmal geschnitten mit R\u00fcckenschlitz, aus hochwertiger Viskosemischung, Gr\u00f6\u00dfe IT 44.","og_url":"https:\/\/vintagellamoda.com\/de\/produkt\/langer-rock-von-alegria-hergestellt-in-italien\/","og_site_name":"Vintagella Moda","article_publisher":"https:\/\/www.facebook.com\/profile.php?id=61583665421269","article_modified_time":"2026-01-11T15:48:53+00:00","og_image":[{"width":1707,"height":2560,"url":"https:\/\/vintagellamoda.com\/wp-content\/uploads\/2026\/01\/DSC00321-scaled.jpg","type":"image\/jpeg"}],"twitter_card":"summary_large_image","twitter_misc":{"Gesch\u00e4tzte Lesezeit":"1\u00a0Minute"},"schema":{"@context":"https:\/\/schema.org","@graph":[{"@type":"WebPage","@id":"https:\/\/vintagellamoda.com\/de\/produkt\/langer-rock-von-alegria-hergestellt-in-italien\/","url":"https:\/\/vintagellamoda.com\/de\/produkt\/langer-rock-von-alegria-hergestellt-in-italien\/","name":"Langer Rock von Alegria \u2013 Made in Italy, schokoladenbraun","isPartOf":{"@id":"https:\/\/vintagellamoda.com\/de\/#website"},"primaryImageOfPage":{"@id":"https:\/\/vintagellamoda.com\/de\/produkt\/langer-rock-von-alegria-hergestellt-in-italien\/#primaryimage"},"image":{"@id":"https:\/\/vintagellamoda.com\/de\/produkt\/langer-rock-von-alegria-hergestellt-in-italien\/#primaryimage"},"thumbnailUrl":"https:\/\/vintagellamoda.com\/wp-content\/uploads\/2026\/01\/DSC00321-scaled.jpg","datePublished":"2026-01-09T15:36:06+00:00","dateModified":"2026-01-11T15:48:53+00:00","description":"Eleganter, in Italien gefertigter Rock von Alegria in Schokoladenbraun, schmal geschnitten mit R\u00fcckenschlitz, aus hochwertiger Viskosemischung, Gr\u00f6\u00dfe IT 44.","breadcrumb":{"@id":"https:\/\/vintagellamoda.com\/de\/produkt\/langer-rock-von-alegria-hergestellt-in-italien\/#breadcrumb"},"inLanguage":"de","potentialAction":[{"@type":"ReadAction","target":["https:\/\/vintagellamoda.com\/de\/produkt\/langer-rock-von-alegria-hergestellt-in-italien\/"]}]},{"@type":"ImageObject","inLanguage":"de","@id":"https:\/\/vintagellamoda.com\/de\/produkt\/langer-rock-von-alegria-hergestellt-in-italien\/#primaryimage","url":"https:\/\/vintagellamoda.com\/wp-content\/uploads\/2026\/01\/DSC00321-scaled.jpg","contentUrl":"https:\/\/vintagellamoda.com\/wp-content\/uploads\/2026\/01\/DSC00321-scaled.jpg","width":1707,"height":2560},{"@type":"BreadcrumbList","@id":"https:\/\/vintagellamoda.com\/de\/produkt\/langer-rock-von-alegria-hergestellt-in-italien\/#breadcrumb","itemListElement":[{"@type":"ListItem","position":1,"name":"Home","item":"https:\/\/vintagellamoda.com\/de\/"},{"@type":"ListItem","position":2,"name":"Shop","item":"https:\/\/vintagellamoda.com\/de\/shop\/"},{"@type":"ListItem","position":3,"name":"Langer Rock von Alegria \u2013 Hergestellt in Italien"}]},{"@type":"WebSite","@id":"https:\/\/vintagellamoda.com\/de\/#website","url":"https:\/\/vintagellamoda.com\/de\/","name":"Vintagella Moda","description":"Italo vintage moda \u2014 Italian vintage fashion","publisher":{"@id":"https:\/\/vintagellamoda.com\/de\/#organization"},"potentialAction":[{"@type":"SearchAction","target":{"@type":"EntryPoint","urlTemplate":"https:\/\/vintagellamoda.com\/de\/?s={search_term_string}"},"query-input":{"@type":"PropertyValueSpecification","valueRequired":true,"valueName":"search_term_string"}}],"inLanguage":"de"},{"@type":"Organization","@id":"https:\/\/vintagellamoda.com\/de\/#organization","name":"Vintagella Moda","url":"https:\/\/vintagellamoda.com\/de\/","logo":{"@type":"ImageObject","inLanguage":"de","@id":"https:\/\/vintagellamoda.com\/de\/#\/schema\/logo\/image\/","url":"https:\/\/vintagellamoda.com\/wp-content\/uploads\/2025\/11\/favicon.png","contentUrl":"https:\/\/vintagellamoda.com\/wp-content\/uploads\/2025\/11\/favicon.png","width":2000,"height":2000,"caption":"Vintagella Moda"},"image":{"@id":"https:\/\/vintagellamoda.com\/de\/#\/schema\/logo\/image\/"},"sameAs":["https:\/\/www.facebook.com\/profile.php?id=61583665421269","https:\/\/www.instagram.com\/vintagellamoda\/","https:\/\/de.pinterest.com\/vintagellamoda"]}]}},"_links":{"self":[{"href":"https:\/\/vintagellamoda.com\/de\/wp-json\/wp\/v2\/product\/5474","targetHints":{"allow":["GET"]}}],"collection":[{"href":"https:\/\/vintagellamoda.com\/de\/wp-json\/wp\/v2\/product"}],"about":[{"href":"https:\/\/vintagellamoda.com\/de\/wp-json\/wp\/v2\/types\/product"}],"replies":[{"embeddable":true,"href":"https:\/\/vintagellamoda.com\/de\/wp-json\/wp\/v2\/comments?post=5474"}],"wp:featuredmedia":[{"embeddable":true,"href":"https:\/\/vintagellamoda.com\/de\/wp-json\/wp\/v2\/media\/5477"}],"wp:attachment":[{"href":"https:\/\/vintagellamoda.com\/de\/wp-json\/wp\/v2\/media?parent=5474"}],"wp:term":[{"taxonomy":"product_brand","embeddable":true,"href":"https:\/\/vintagellamoda.com\/de\/wp-json\/wp\/v2\/product_brand?post=5474"},{"taxonomy":"product_cat","embeddable":true,"href":"https:\/\/vintagellamoda.com\/de\/wp-json\/wp\/v2\/product_cat?post=5474"},{"taxonomy":"product_tag","embeddable":true,"href":"https:\/\/vintagellamoda.com\/de\/wp-json\/wp\/v2\/product_tag?post=5474"}],"curies":[{"name":"wp","href":"https:\/\/api.w.org\/{rel}","templated":true}]}}