{"id":5381,"date":"2025-03-23T18:48:58","date_gmt":"2025-03-23T18:48:58","guid":{"rendered":"https:\/\/vintagellamoda.com\/product\/sisley-hemd-100-baumwolle-hergestellt-in-italien\/"},"modified":"2025-12-09T20:31:32","modified_gmt":"2025-12-09T20:31:32","slug":"sisley-hemd-100-baumwolle-hergestellt-in-italien","status":"publish","type":"product","link":"https:\/\/vintagellamoda.com\/de\/produkt\/sisley-hemd-100-baumwolle-hergestellt-in-italien\/","title":{"rendered":"Sisley-Hemd, 100 % Baumwolle \u2013 Hergestellt in Italien"},"content":{"rendered":"<p><strong>Sisley-Hemd, 100 % Baumwolle \u2013 Hergestellt in Italien<\/strong><\/p>\n<p>Dieses nachtblaue Hemd des italienischen Labels Sisley besticht durch sein nat\u00fcrliches Material und die neutrale Farbe. Der klassische Schnitt ist zeitlos. Das lang\u00e4rmelige Hemd harmoniert sowohl mit wei\u00dfen als auch mit dunkelblauen Hosen und kreiert so einen monochromen Sommerlook. Die Zierde auf der Vorderseite macht es auch f\u00fcr Abendveranstaltungen geeignet. Dazu passen Ohrringe und Slingbacks oder Loafer.    <\/p>\n","protected":false},"excerpt":{"rendered":"<p>Marke: Sisley<br \/>\nHerkunftsland: Italien<br \/>\nFarbe: Dunkelblau<br \/>\nGr\u00f6\u00dfe: IT S, DE XS<br \/>\nBreite: 47 cm<br \/>\n\u00c4rmell\u00e4nge: 60 cm<br \/>\nGesamtl\u00e4nge: 48 cm<br \/>\nMaterial: 100 % Baumwolle<br \/>\nZustand: Gut bis sehr gut, keine Flecken, Risse oder Besch\u00e4digungen<br \/>\nArtikelnummer: Art-27<\/p>\n","protected":false},"featured_media":5382,"comment_status":"open","ping_status":"closed","template":"","meta":[],"product_brand":[190],"product_cat":[579,549,561,528,580,503,538,552],"product_tag":[637,521,645,534,520,566],"class_list":{"0":"post-5381","1":"product","2":"type-product","3":"status-publish","4":"has-post-thumbnail","6":"product_brand-sisley","7":"product_cat-abend-anlassmode","8":"product_cat-baumwolle","9":"product_cat-damenhemden","10":"product_cat-fruehling-sommer","11":"product_cat-kraftige-farben-rot-rosa-blau","12":"product_cat-nicht-kategorisiert","13":"product_cat-smart-casual","14":"product_cat-womenswear","15":"product_tag-dekorative-front","16":"product_tag-elegant","17":"product_tag-langarm","18":"product_tag-maschinenwaschbar","19":"product_tag-minimalistisch","20":"product_tag-vielseitig","22":"first","23":"instock","24":"sold-individually","25":"shipping-taxable","26":"purchasable","27":"product-type-simple"},"yoast_head":"<!-- This site is optimized with the Yoast SEO plugin v27.3 - https:\/\/yoast.com\/product\/yoast-seo-wordpress\/ -->\n<title>Sisley Baumwollhemd \u2013 Hergestellt in Italien | Elegantes Abend- und Freizeit-Top f\u00fcr Damen<\/title>\n<meta name=\"description\" content=\"Mitternachtsblaues Baumwollhemd von Sisley, hergestellt in Italien. Lang\u00e4rmlig, klassischer Schnitt, perfekt f\u00fcrs B\u00fcro, f\u00fcr den Sommer oder als Abendoutfit mit einer neutralen Hose.\" \/>\n<meta name=\"robots\" content=\"index, follow, max-snippet:-1, max-image-preview:large, max-video-preview:-1\" \/>\n<link rel=\"canonical\" href=\"https:\/\/vintagellamoda.com\/de\/produkt\/sisley-hemd-100-baumwolle-hergestellt-in-italien\/\" \/>\n<meta property=\"og:locale\" content=\"de_DE\" \/>\n<meta property=\"og:type\" content=\"article\" \/>\n<meta property=\"og:title\" content=\"Sisley Baumwollhemd \u2013 Hergestellt in Italien | Elegantes Abend- und Freizeit-Top f\u00fcr Damen\" \/>\n<meta property=\"og:description\" content=\"Mitternachtsblaues Baumwollhemd von Sisley, hergestellt in Italien. Lang\u00e4rmlig, klassischer Schnitt, perfekt f\u00fcrs B\u00fcro, f\u00fcr den Sommer oder als Abendoutfit mit einer neutralen Hose.\" \/>\n<meta property=\"og:url\" content=\"https:\/\/vintagellamoda.com\/de\/produkt\/sisley-hemd-100-baumwolle-hergestellt-in-italien\/\" \/>\n<meta property=\"og:site_name\" content=\"Vintagella Moda\" \/>\n<meta property=\"article:publisher\" content=\"https:\/\/www.facebook.com\/profile.php?id=61583665421269\" \/>\n<meta property=\"article:modified_time\" content=\"2025-12-09T20:31:32+00:00\" \/>\n<meta property=\"og:image\" content=\"https:\/\/vintagellamoda.com\/wp-content\/uploads\/2025\/02\/IMG_0551-scaled.jpg\" \/>\n\t<meta property=\"og:image:width\" content=\"1707\" \/>\n\t<meta property=\"og:image:height\" content=\"2560\" \/>\n\t<meta property=\"og:image:type\" content=\"image\/jpeg\" \/>\n<meta name=\"twitter:card\" content=\"summary_large_image\" \/>\n<script type=\"application\/ld+json\" class=\"yoast-schema-graph\">{\"@context\":\"https:\\\/\\\/schema.org\",\"@graph\":[{\"@type\":\"WebPage\",\"@id\":\"https:\\\/\\\/vintagellamoda.com\\\/de\\\/produkt\\\/sisley-hemd-100-baumwolle-hergestellt-in-italien\\\/\",\"url\":\"https:\\\/\\\/vintagellamoda.com\\\/de\\\/produkt\\\/sisley-hemd-100-baumwolle-hergestellt-in-italien\\\/\",\"name\":\"Sisley Baumwollhemd \u2013 Hergestellt in Italien | Elegantes Abend- und Freizeit-Top f\u00fcr Damen\",\"isPartOf\":{\"@id\":\"https:\\\/\\\/vintagellamoda.com\\\/de\\\/#website\"},\"primaryImageOfPage\":{\"@id\":\"https:\\\/\\\/vintagellamoda.com\\\/de\\\/produkt\\\/sisley-hemd-100-baumwolle-hergestellt-in-italien\\\/#primaryimage\"},\"image\":{\"@id\":\"https:\\\/\\\/vintagellamoda.com\\\/de\\\/produkt\\\/sisley-hemd-100-baumwolle-hergestellt-in-italien\\\/#primaryimage\"},\"thumbnailUrl\":\"https:\\\/\\\/vintagellamoda.com\\\/wp-content\\\/uploads\\\/2025\\\/02\\\/IMG_0551-scaled.jpg\",\"datePublished\":\"2025-03-23T18:48:58+00:00\",\"dateModified\":\"2025-12-09T20:31:32+00:00\",\"description\":\"Mitternachtsblaues Baumwollhemd von Sisley, hergestellt in Italien. Lang\u00e4rmlig, klassischer Schnitt, perfekt f\u00fcrs B\u00fcro, f\u00fcr den Sommer oder als Abendoutfit mit einer neutralen Hose.\",\"breadcrumb\":{\"@id\":\"https:\\\/\\\/vintagellamoda.com\\\/de\\\/produkt\\\/sisley-hemd-100-baumwolle-hergestellt-in-italien\\\/#breadcrumb\"},\"inLanguage\":\"de\",\"potentialAction\":[{\"@type\":\"ReadAction\",\"target\":[\"https:\\\/\\\/vintagellamoda.com\\\/de\\\/produkt\\\/sisley-hemd-100-baumwolle-hergestellt-in-italien\\\/\"]}]},{\"@type\":\"ImageObject\",\"inLanguage\":\"de\",\"@id\":\"https:\\\/\\\/vintagellamoda.com\\\/de\\\/produkt\\\/sisley-hemd-100-baumwolle-hergestellt-in-italien\\\/#primaryimage\",\"url\":\"https:\\\/\\\/vintagellamoda.com\\\/wp-content\\\/uploads\\\/2025\\\/02\\\/IMG_0551-scaled.jpg\",\"contentUrl\":\"https:\\\/\\\/vintagellamoda.com\\\/wp-content\\\/uploads\\\/2025\\\/02\\\/IMG_0551-scaled.jpg\",\"width\":1707,\"height\":2560},{\"@type\":\"BreadcrumbList\",\"@id\":\"https:\\\/\\\/vintagellamoda.com\\\/de\\\/produkt\\\/sisley-hemd-100-baumwolle-hergestellt-in-italien\\\/#breadcrumb\",\"itemListElement\":[{\"@type\":\"ListItem\",\"position\":1,\"name\":\"Home\",\"item\":\"https:\\\/\\\/vintagellamoda.com\\\/de\\\/\"},{\"@type\":\"ListItem\",\"position\":2,\"name\":\"Shop\",\"item\":\"https:\\\/\\\/vintagellamoda.com\\\/de\\\/shop\\\/\"},{\"@type\":\"ListItem\",\"position\":3,\"name\":\"Sisley-Hemd, 100 % Baumwolle \u2013 Hergestellt in Italien\"}]},{\"@type\":\"WebSite\",\"@id\":\"https:\\\/\\\/vintagellamoda.com\\\/de\\\/#website\",\"url\":\"https:\\\/\\\/vintagellamoda.com\\\/de\\\/\",\"name\":\"Vintagella Moda\",\"description\":\"Italo vintage moda \u2014 Italian vintage fashion\",\"publisher\":{\"@id\":\"https:\\\/\\\/vintagellamoda.com\\\/de\\\/#organization\"},\"potentialAction\":[{\"@type\":\"SearchAction\",\"target\":{\"@type\":\"EntryPoint\",\"urlTemplate\":\"https:\\\/\\\/vintagellamoda.com\\\/de\\\/?s={search_term_string}\"},\"query-input\":{\"@type\":\"PropertyValueSpecification\",\"valueRequired\":true,\"valueName\":\"search_term_string\"}}],\"inLanguage\":\"de\"},{\"@type\":\"Organization\",\"@id\":\"https:\\\/\\\/vintagellamoda.com\\\/de\\\/#organization\",\"name\":\"Vintagella Moda\",\"url\":\"https:\\\/\\\/vintagellamoda.com\\\/de\\\/\",\"logo\":{\"@type\":\"ImageObject\",\"inLanguage\":\"de\",\"@id\":\"https:\\\/\\\/vintagellamoda.com\\\/de\\\/#\\\/schema\\\/logo\\\/image\\\/\",\"url\":\"https:\\\/\\\/vintagellamoda.com\\\/wp-content\\\/uploads\\\/2025\\\/11\\\/favicon.png\",\"contentUrl\":\"https:\\\/\\\/vintagellamoda.com\\\/wp-content\\\/uploads\\\/2025\\\/11\\\/favicon.png\",\"width\":2000,\"height\":2000,\"caption\":\"Vintagella Moda\"},\"image\":{\"@id\":\"https:\\\/\\\/vintagellamoda.com\\\/de\\\/#\\\/schema\\\/logo\\\/image\\\/\"},\"sameAs\":[\"https:\\\/\\\/www.facebook.com\\\/profile.php?id=61583665421269\",\"https:\\\/\\\/www.instagram.com\\\/vintagellamoda\\\/\",\"https:\\\/\\\/de.pinterest.com\\\/vintagellamoda\"]}]}<\/script>\n<!-- \/ Yoast SEO plugin. -->","yoast_head_json":{"title":"Sisley Baumwollhemd \u2013 Hergestellt in Italien | Elegantes Abend- und Freizeit-Top f\u00fcr Damen","description":"Mitternachtsblaues Baumwollhemd von Sisley, hergestellt in Italien. Lang\u00e4rmlig, klassischer Schnitt, perfekt f\u00fcrs B\u00fcro, f\u00fcr den Sommer oder als Abendoutfit mit einer neutralen Hose.","robots":{"index":"index","follow":"follow","max-snippet":"max-snippet:-1","max-image-preview":"max-image-preview:large","max-video-preview":"max-video-preview:-1"},"canonical":"https:\/\/vintagellamoda.com\/de\/produkt\/sisley-hemd-100-baumwolle-hergestellt-in-italien\/","og_locale":"de_DE","og_type":"article","og_title":"Sisley Baumwollhemd \u2013 Hergestellt in Italien | Elegantes Abend- und Freizeit-Top f\u00fcr Damen","og_description":"Mitternachtsblaues Baumwollhemd von Sisley, hergestellt in Italien. Lang\u00e4rmlig, klassischer Schnitt, perfekt f\u00fcrs B\u00fcro, f\u00fcr den Sommer oder als Abendoutfit mit einer neutralen Hose.","og_url":"https:\/\/vintagellamoda.com\/de\/produkt\/sisley-hemd-100-baumwolle-hergestellt-in-italien\/","og_site_name":"Vintagella Moda","article_publisher":"https:\/\/www.facebook.com\/profile.php?id=61583665421269","article_modified_time":"2025-12-09T20:31:32+00:00","og_image":[{"width":1707,"height":2560,"url":"https:\/\/vintagellamoda.com\/wp-content\/uploads\/2025\/02\/IMG_0551-scaled.jpg","type":"image\/jpeg"}],"twitter_card":"summary_large_image","schema":{"@context":"https:\/\/schema.org","@graph":[{"@type":"WebPage","@id":"https:\/\/vintagellamoda.com\/de\/produkt\/sisley-hemd-100-baumwolle-hergestellt-in-italien\/","url":"https:\/\/vintagellamoda.com\/de\/produkt\/sisley-hemd-100-baumwolle-hergestellt-in-italien\/","name":"Sisley Baumwollhemd \u2013 Hergestellt in Italien | Elegantes Abend- und Freizeit-Top f\u00fcr Damen","isPartOf":{"@id":"https:\/\/vintagellamoda.com\/de\/#website"},"primaryImageOfPage":{"@id":"https:\/\/vintagellamoda.com\/de\/produkt\/sisley-hemd-100-baumwolle-hergestellt-in-italien\/#primaryimage"},"image":{"@id":"https:\/\/vintagellamoda.com\/de\/produkt\/sisley-hemd-100-baumwolle-hergestellt-in-italien\/#primaryimage"},"thumbnailUrl":"https:\/\/vintagellamoda.com\/wp-content\/uploads\/2025\/02\/IMG_0551-scaled.jpg","datePublished":"2025-03-23T18:48:58+00:00","dateModified":"2025-12-09T20:31:32+00:00","description":"Mitternachtsblaues Baumwollhemd von Sisley, hergestellt in Italien. Lang\u00e4rmlig, klassischer Schnitt, perfekt f\u00fcrs B\u00fcro, f\u00fcr den Sommer oder als Abendoutfit mit einer neutralen Hose.","breadcrumb":{"@id":"https:\/\/vintagellamoda.com\/de\/produkt\/sisley-hemd-100-baumwolle-hergestellt-in-italien\/#breadcrumb"},"inLanguage":"de","potentialAction":[{"@type":"ReadAction","target":["https:\/\/vintagellamoda.com\/de\/produkt\/sisley-hemd-100-baumwolle-hergestellt-in-italien\/"]}]},{"@type":"ImageObject","inLanguage":"de","@id":"https:\/\/vintagellamoda.com\/de\/produkt\/sisley-hemd-100-baumwolle-hergestellt-in-italien\/#primaryimage","url":"https:\/\/vintagellamoda.com\/wp-content\/uploads\/2025\/02\/IMG_0551-scaled.jpg","contentUrl":"https:\/\/vintagellamoda.com\/wp-content\/uploads\/2025\/02\/IMG_0551-scaled.jpg","width":1707,"height":2560},{"@type":"BreadcrumbList","@id":"https:\/\/vintagellamoda.com\/de\/produkt\/sisley-hemd-100-baumwolle-hergestellt-in-italien\/#breadcrumb","itemListElement":[{"@type":"ListItem","position":1,"name":"Home","item":"https:\/\/vintagellamoda.com\/de\/"},{"@type":"ListItem","position":2,"name":"Shop","item":"https:\/\/vintagellamoda.com\/de\/shop\/"},{"@type":"ListItem","position":3,"name":"Sisley-Hemd, 100 % Baumwolle \u2013 Hergestellt in Italien"}]},{"@type":"WebSite","@id":"https:\/\/vintagellamoda.com\/de\/#website","url":"https:\/\/vintagellamoda.com\/de\/","name":"Vintagella Moda","description":"Italo vintage moda \u2014 Italian vintage fashion","publisher":{"@id":"https:\/\/vintagellamoda.com\/de\/#organization"},"potentialAction":[{"@type":"SearchAction","target":{"@type":"EntryPoint","urlTemplate":"https:\/\/vintagellamoda.com\/de\/?s={search_term_string}"},"query-input":{"@type":"PropertyValueSpecification","valueRequired":true,"valueName":"search_term_string"}}],"inLanguage":"de"},{"@type":"Organization","@id":"https:\/\/vintagellamoda.com\/de\/#organization","name":"Vintagella Moda","url":"https:\/\/vintagellamoda.com\/de\/","logo":{"@type":"ImageObject","inLanguage":"de","@id":"https:\/\/vintagellamoda.com\/de\/#\/schema\/logo\/image\/","url":"https:\/\/vintagellamoda.com\/wp-content\/uploads\/2025\/11\/favicon.png","contentUrl":"https:\/\/vintagellamoda.com\/wp-content\/uploads\/2025\/11\/favicon.png","width":2000,"height":2000,"caption":"Vintagella Moda"},"image":{"@id":"https:\/\/vintagellamoda.com\/de\/#\/schema\/logo\/image\/"},"sameAs":["https:\/\/www.facebook.com\/profile.php?id=61583665421269","https:\/\/www.instagram.com\/vintagellamoda\/","https:\/\/de.pinterest.com\/vintagellamoda"]}]}},"_links":{"self":[{"href":"https:\/\/vintagellamoda.com\/de\/wp-json\/wp\/v2\/product\/5381","targetHints":{"allow":["GET"]}}],"collection":[{"href":"https:\/\/vintagellamoda.com\/de\/wp-json\/wp\/v2\/product"}],"about":[{"href":"https:\/\/vintagellamoda.com\/de\/wp-json\/wp\/v2\/types\/product"}],"replies":[{"embeddable":true,"href":"https:\/\/vintagellamoda.com\/de\/wp-json\/wp\/v2\/comments?post=5381"}],"wp:featuredmedia":[{"embeddable":true,"href":"https:\/\/vintagellamoda.com\/de\/wp-json\/wp\/v2\/media\/5382"}],"wp:attachment":[{"href":"https:\/\/vintagellamoda.com\/de\/wp-json\/wp\/v2\/media?parent=5381"}],"wp:term":[{"taxonomy":"product_brand","embeddable":true,"href":"https:\/\/vintagellamoda.com\/de\/wp-json\/wp\/v2\/product_brand?post=5381"},{"taxonomy":"product_cat","embeddable":true,"href":"https:\/\/vintagellamoda.com\/de\/wp-json\/wp\/v2\/product_cat?post=5381"},{"taxonomy":"product_tag","embeddable":true,"href":"https:\/\/vintagellamoda.com\/de\/wp-json\/wp\/v2\/product_tag?post=5381"}],"curies":[{"name":"wp","href":"https:\/\/api.w.org\/{rel}","templated":true}]}}