{"id":5367,"date":"2025-03-19T08:49:40","date_gmt":"2025-03-19T08:49:40","guid":{"rendered":"https:\/\/vintagellamoda.com\/product\/facit-blue-jeans\/"},"modified":"2025-12-09T19:31:04","modified_gmt":"2025-12-09T19:31:04","slug":"facit-blue-jeans","status":"publish","type":"product","link":"https:\/\/vintagellamoda.com\/de\/produkt\/facit-blue-jeans\/","title":{"rendered":"Facit Blue Jeans"},"content":{"rendered":"<p>Facit Blue Jeans \u2013 Hergestellt in Italien<br \/>Diese dunkelblauen Jeans des italienischen Labels Facit passen perfekt zu eleganten und legeren Oberteilen und eignen sich f\u00fcr viele verschiedene Anl\u00e4sse. Der Stoff ist mittelschwer, weder zu dick noch zu d\u00fcnn. Die Jeans sind aus knitterfreiem Material gefertigt und ihr Blauton ist ein absoluter Klassiker in jeder Garderobe. Die Hose verf\u00fcgt \u00fcber zwei Taschen vorne und zwei hinten sowie G\u00fcrtelschlaufen f\u00fcr einen eleganten Look. Sie ist pflegeleicht und kann mit \u00e4hnlichen Farben in der Maschine gewaschen werden. In ausgezeichnetem Zustand ohne sichtbare M\u00e4ngel.<\/p>\n","protected":false},"excerpt":{"rendered":"<p>Marke: Italienische Marke Facit<br data-start=\"148\" data-end=\"151\">Herkunftsland: Hergestellt in Italien<br data-start=\"187\" data-end=\"190\">Farbe: Blau<br data-start=\"206\" data-end=\"209\">Gr\u00f6\u00dfe: IT 44<br data-start=\"224\" data-end=\"227\">Bauchbreite: 37 cm<br data-start=\"249\" data-end=\"252\">H\u00fcftbreite: 46 cm<br data-start=\"272\" data-end=\"275\">Beinbreite: 42 cm<br data-start=\"295\" data-end=\"298\">Gesamtl\u00e4nge: 91 cm<br data-start=\"321\" data-end=\"324\">Material: 64 % Baumwolle, 34 % Polyester, 2 % Elastan (mittelschwere Jeans)<br data-start=\"402\" data-end=\"405\">Pflegehinweise: Maschinenw\u00e4sche bei 30 Grad<br data-start=\"451\" data-end=\"454\">Zustand: gut\/sehr gut<br data-start=\"492\" data-end=\"495\">Artikelnummer: Art. 8<\/p>\n","protected":false},"featured_media":5368,"comment_status":"open","ping_status":"closed","template":"","meta":[],"product_brand":[160],"product_cat":[727,689,580,599,503,538],"product_tag":[729,728,704,540,534,533],"class_list":{"0":"post-5367","1":"product","2":"type-product","3":"status-publish","4":"has-post-thumbnail","6":"product_brand-facit","7":"product_cat-damenjeans","8":"product_cat-ganzjahrestauglich","9":"product_cat-kraftige-farben-rot-rosa-blau","10":"product_cat-lassig","11":"product_cat-nicht-kategorisiert","12":"product_cat-smart-casual","13":"product_tag-dunkelblau","14":"product_tag-faltenresistent","15":"product_tag-gurtelschlaufen","16":"product_tag-klassischer-look","17":"product_tag-maschinenwaschbar","18":"product_tag-mit-taschen","20":"first","21":"instock","22":"sold-individually","23":"shipping-taxable","24":"purchasable","25":"product-type-simple"},"yoast_head":"<!-- This site is optimized with the Yoast SEO plugin v27.3 - https:\/\/yoast.com\/product\/yoast-seo-wordpress\/ -->\n<title>Facit Blue Jeans Italien \u2013 Klassische dunkelblaue Jeans, hergestellt in Italien<\/title>\n<meta name=\"description\" content=\"Kaufen Sie Facit Blue Jeans Italy in Dunkelblau. Knitterarme, vielseitige Jeans, perfekt f\u00fcr elegante oder legere Outfits, pflegeleicht und f\u00fcr jeden Anlass geeignet.\" \/>\n<meta name=\"robots\" content=\"index, follow, max-snippet:-1, max-image-preview:large, max-video-preview:-1\" \/>\n<link rel=\"canonical\" href=\"https:\/\/vintagellamoda.com\/de\/produkt\/facit-blue-jeans\/\" \/>\n<meta property=\"og:locale\" content=\"de_DE\" \/>\n<meta property=\"og:type\" content=\"article\" \/>\n<meta property=\"og:title\" content=\"Facit Blue Jeans Italien \u2013 Klassische dunkelblaue Jeans, hergestellt in Italien\" \/>\n<meta property=\"og:description\" content=\"Kaufen Sie Facit Blue Jeans Italy in Dunkelblau. Knitterarme, vielseitige Jeans, perfekt f\u00fcr elegante oder legere Outfits, pflegeleicht und f\u00fcr jeden Anlass geeignet.\" \/>\n<meta property=\"og:url\" content=\"https:\/\/vintagellamoda.com\/de\/produkt\/facit-blue-jeans\/\" \/>\n<meta property=\"og:site_name\" content=\"Vintagella Moda\" \/>\n<meta property=\"article:publisher\" content=\"https:\/\/www.facebook.com\/profile.php?id=61583665421269\" \/>\n<meta property=\"article:modified_time\" content=\"2025-12-09T19:31:04+00:00\" \/>\n<meta property=\"og:image\" content=\"https:\/\/vintagellamoda.com\/wp-content\/uploads\/2025\/02\/IMG_0502-scaled.jpg\" \/>\n\t<meta property=\"og:image:width\" content=\"1707\" \/>\n\t<meta property=\"og:image:height\" content=\"2560\" \/>\n\t<meta property=\"og:image:type\" content=\"image\/jpeg\" \/>\n<meta name=\"twitter:card\" content=\"summary_large_image\" \/>\n<script type=\"application\/ld+json\" class=\"yoast-schema-graph\">{\"@context\":\"https:\\\/\\\/schema.org\",\"@graph\":[{\"@type\":\"WebPage\",\"@id\":\"https:\\\/\\\/vintagellamoda.com\\\/de\\\/produkt\\\/facit-blue-jeans\\\/\",\"url\":\"https:\\\/\\\/vintagellamoda.com\\\/de\\\/produkt\\\/facit-blue-jeans\\\/\",\"name\":\"Facit Blue Jeans Italien \u2013 Klassische dunkelblaue Jeans, hergestellt in Italien\",\"isPartOf\":{\"@id\":\"https:\\\/\\\/vintagellamoda.com\\\/de\\\/#website\"},\"primaryImageOfPage\":{\"@id\":\"https:\\\/\\\/vintagellamoda.com\\\/de\\\/produkt\\\/facit-blue-jeans\\\/#primaryimage\"},\"image\":{\"@id\":\"https:\\\/\\\/vintagellamoda.com\\\/de\\\/produkt\\\/facit-blue-jeans\\\/#primaryimage\"},\"thumbnailUrl\":\"https:\\\/\\\/vintagellamoda.com\\\/wp-content\\\/uploads\\\/2025\\\/02\\\/IMG_0502-scaled.jpg\",\"datePublished\":\"2025-03-19T08:49:40+00:00\",\"dateModified\":\"2025-12-09T19:31:04+00:00\",\"description\":\"Kaufen Sie Facit Blue Jeans Italy in Dunkelblau. Knitterarme, vielseitige Jeans, perfekt f\u00fcr elegante oder legere Outfits, pflegeleicht und f\u00fcr jeden Anlass geeignet.\",\"breadcrumb\":{\"@id\":\"https:\\\/\\\/vintagellamoda.com\\\/de\\\/produkt\\\/facit-blue-jeans\\\/#breadcrumb\"},\"inLanguage\":\"de\",\"potentialAction\":[{\"@type\":\"ReadAction\",\"target\":[\"https:\\\/\\\/vintagellamoda.com\\\/de\\\/produkt\\\/facit-blue-jeans\\\/\"]}]},{\"@type\":\"ImageObject\",\"inLanguage\":\"de\",\"@id\":\"https:\\\/\\\/vintagellamoda.com\\\/de\\\/produkt\\\/facit-blue-jeans\\\/#primaryimage\",\"url\":\"https:\\\/\\\/vintagellamoda.com\\\/wp-content\\\/uploads\\\/2025\\\/02\\\/IMG_0502-scaled.jpg\",\"contentUrl\":\"https:\\\/\\\/vintagellamoda.com\\\/wp-content\\\/uploads\\\/2025\\\/02\\\/IMG_0502-scaled.jpg\",\"width\":1707,\"height\":2560},{\"@type\":\"BreadcrumbList\",\"@id\":\"https:\\\/\\\/vintagellamoda.com\\\/de\\\/produkt\\\/facit-blue-jeans\\\/#breadcrumb\",\"itemListElement\":[{\"@type\":\"ListItem\",\"position\":1,\"name\":\"Home\",\"item\":\"https:\\\/\\\/vintagellamoda.com\\\/de\\\/\"},{\"@type\":\"ListItem\",\"position\":2,\"name\":\"Shop\",\"item\":\"https:\\\/\\\/vintagellamoda.com\\\/de\\\/shop\\\/\"},{\"@type\":\"ListItem\",\"position\":3,\"name\":\"Facit Blue Jeans\"}]},{\"@type\":\"WebSite\",\"@id\":\"https:\\\/\\\/vintagellamoda.com\\\/de\\\/#website\",\"url\":\"https:\\\/\\\/vintagellamoda.com\\\/de\\\/\",\"name\":\"Vintagella Moda\",\"description\":\"Italo vintage moda \u2014 Italian vintage fashion\",\"publisher\":{\"@id\":\"https:\\\/\\\/vintagellamoda.com\\\/de\\\/#organization\"},\"potentialAction\":[{\"@type\":\"SearchAction\",\"target\":{\"@type\":\"EntryPoint\",\"urlTemplate\":\"https:\\\/\\\/vintagellamoda.com\\\/de\\\/?s={search_term_string}\"},\"query-input\":{\"@type\":\"PropertyValueSpecification\",\"valueRequired\":true,\"valueName\":\"search_term_string\"}}],\"inLanguage\":\"de\"},{\"@type\":\"Organization\",\"@id\":\"https:\\\/\\\/vintagellamoda.com\\\/de\\\/#organization\",\"name\":\"Vintagella Moda\",\"url\":\"https:\\\/\\\/vintagellamoda.com\\\/de\\\/\",\"logo\":{\"@type\":\"ImageObject\",\"inLanguage\":\"de\",\"@id\":\"https:\\\/\\\/vintagellamoda.com\\\/de\\\/#\\\/schema\\\/logo\\\/image\\\/\",\"url\":\"https:\\\/\\\/vintagellamoda.com\\\/wp-content\\\/uploads\\\/2025\\\/11\\\/favicon.png\",\"contentUrl\":\"https:\\\/\\\/vintagellamoda.com\\\/wp-content\\\/uploads\\\/2025\\\/11\\\/favicon.png\",\"width\":2000,\"height\":2000,\"caption\":\"Vintagella Moda\"},\"image\":{\"@id\":\"https:\\\/\\\/vintagellamoda.com\\\/de\\\/#\\\/schema\\\/logo\\\/image\\\/\"},\"sameAs\":[\"https:\\\/\\\/www.facebook.com\\\/profile.php?id=61583665421269\",\"https:\\\/\\\/www.instagram.com\\\/vintagellamoda\\\/\",\"https:\\\/\\\/de.pinterest.com\\\/vintagellamoda\"]}]}<\/script>\n<!-- \/ Yoast SEO plugin. -->","yoast_head_json":{"title":"Facit Blue Jeans Italien \u2013 Klassische dunkelblaue Jeans, hergestellt in Italien","description":"Kaufen Sie Facit Blue Jeans Italy in Dunkelblau. Knitterarme, vielseitige Jeans, perfekt f\u00fcr elegante oder legere Outfits, pflegeleicht und f\u00fcr jeden Anlass geeignet.","robots":{"index":"index","follow":"follow","max-snippet":"max-snippet:-1","max-image-preview":"max-image-preview:large","max-video-preview":"max-video-preview:-1"},"canonical":"https:\/\/vintagellamoda.com\/de\/produkt\/facit-blue-jeans\/","og_locale":"de_DE","og_type":"article","og_title":"Facit Blue Jeans Italien \u2013 Klassische dunkelblaue Jeans, hergestellt in Italien","og_description":"Kaufen Sie Facit Blue Jeans Italy in Dunkelblau. Knitterarme, vielseitige Jeans, perfekt f\u00fcr elegante oder legere Outfits, pflegeleicht und f\u00fcr jeden Anlass geeignet.","og_url":"https:\/\/vintagellamoda.com\/de\/produkt\/facit-blue-jeans\/","og_site_name":"Vintagella Moda","article_publisher":"https:\/\/www.facebook.com\/profile.php?id=61583665421269","article_modified_time":"2025-12-09T19:31:04+00:00","og_image":[{"width":1707,"height":2560,"url":"https:\/\/vintagellamoda.com\/wp-content\/uploads\/2025\/02\/IMG_0502-scaled.jpg","type":"image\/jpeg"}],"twitter_card":"summary_large_image","schema":{"@context":"https:\/\/schema.org","@graph":[{"@type":"WebPage","@id":"https:\/\/vintagellamoda.com\/de\/produkt\/facit-blue-jeans\/","url":"https:\/\/vintagellamoda.com\/de\/produkt\/facit-blue-jeans\/","name":"Facit Blue Jeans Italien \u2013 Klassische dunkelblaue Jeans, hergestellt in Italien","isPartOf":{"@id":"https:\/\/vintagellamoda.com\/de\/#website"},"primaryImageOfPage":{"@id":"https:\/\/vintagellamoda.com\/de\/produkt\/facit-blue-jeans\/#primaryimage"},"image":{"@id":"https:\/\/vintagellamoda.com\/de\/produkt\/facit-blue-jeans\/#primaryimage"},"thumbnailUrl":"https:\/\/vintagellamoda.com\/wp-content\/uploads\/2025\/02\/IMG_0502-scaled.jpg","datePublished":"2025-03-19T08:49:40+00:00","dateModified":"2025-12-09T19:31:04+00:00","description":"Kaufen Sie Facit Blue Jeans Italy in Dunkelblau. Knitterarme, vielseitige Jeans, perfekt f\u00fcr elegante oder legere Outfits, pflegeleicht und f\u00fcr jeden Anlass geeignet.","breadcrumb":{"@id":"https:\/\/vintagellamoda.com\/de\/produkt\/facit-blue-jeans\/#breadcrumb"},"inLanguage":"de","potentialAction":[{"@type":"ReadAction","target":["https:\/\/vintagellamoda.com\/de\/produkt\/facit-blue-jeans\/"]}]},{"@type":"ImageObject","inLanguage":"de","@id":"https:\/\/vintagellamoda.com\/de\/produkt\/facit-blue-jeans\/#primaryimage","url":"https:\/\/vintagellamoda.com\/wp-content\/uploads\/2025\/02\/IMG_0502-scaled.jpg","contentUrl":"https:\/\/vintagellamoda.com\/wp-content\/uploads\/2025\/02\/IMG_0502-scaled.jpg","width":1707,"height":2560},{"@type":"BreadcrumbList","@id":"https:\/\/vintagellamoda.com\/de\/produkt\/facit-blue-jeans\/#breadcrumb","itemListElement":[{"@type":"ListItem","position":1,"name":"Home","item":"https:\/\/vintagellamoda.com\/de\/"},{"@type":"ListItem","position":2,"name":"Shop","item":"https:\/\/vintagellamoda.com\/de\/shop\/"},{"@type":"ListItem","position":3,"name":"Facit Blue Jeans"}]},{"@type":"WebSite","@id":"https:\/\/vintagellamoda.com\/de\/#website","url":"https:\/\/vintagellamoda.com\/de\/","name":"Vintagella Moda","description":"Italo vintage moda \u2014 Italian vintage fashion","publisher":{"@id":"https:\/\/vintagellamoda.com\/de\/#organization"},"potentialAction":[{"@type":"SearchAction","target":{"@type":"EntryPoint","urlTemplate":"https:\/\/vintagellamoda.com\/de\/?s={search_term_string}"},"query-input":{"@type":"PropertyValueSpecification","valueRequired":true,"valueName":"search_term_string"}}],"inLanguage":"de"},{"@type":"Organization","@id":"https:\/\/vintagellamoda.com\/de\/#organization","name":"Vintagella Moda","url":"https:\/\/vintagellamoda.com\/de\/","logo":{"@type":"ImageObject","inLanguage":"de","@id":"https:\/\/vintagellamoda.com\/de\/#\/schema\/logo\/image\/","url":"https:\/\/vintagellamoda.com\/wp-content\/uploads\/2025\/11\/favicon.png","contentUrl":"https:\/\/vintagellamoda.com\/wp-content\/uploads\/2025\/11\/favicon.png","width":2000,"height":2000,"caption":"Vintagella Moda"},"image":{"@id":"https:\/\/vintagellamoda.com\/de\/#\/schema\/logo\/image\/"},"sameAs":["https:\/\/www.facebook.com\/profile.php?id=61583665421269","https:\/\/www.instagram.com\/vintagellamoda\/","https:\/\/de.pinterest.com\/vintagellamoda"]}]}},"_links":{"self":[{"href":"https:\/\/vintagellamoda.com\/de\/wp-json\/wp\/v2\/product\/5367","targetHints":{"allow":["GET"]}}],"collection":[{"href":"https:\/\/vintagellamoda.com\/de\/wp-json\/wp\/v2\/product"}],"about":[{"href":"https:\/\/vintagellamoda.com\/de\/wp-json\/wp\/v2\/types\/product"}],"replies":[{"embeddable":true,"href":"https:\/\/vintagellamoda.com\/de\/wp-json\/wp\/v2\/comments?post=5367"}],"wp:featuredmedia":[{"embeddable":true,"href":"https:\/\/vintagellamoda.com\/de\/wp-json\/wp\/v2\/media\/5368"}],"wp:attachment":[{"href":"https:\/\/vintagellamoda.com\/de\/wp-json\/wp\/v2\/media?parent=5367"}],"wp:term":[{"taxonomy":"product_brand","embeddable":true,"href":"https:\/\/vintagellamoda.com\/de\/wp-json\/wp\/v2\/product_brand?post=5367"},{"taxonomy":"product_cat","embeddable":true,"href":"https:\/\/vintagellamoda.com\/de\/wp-json\/wp\/v2\/product_cat?post=5367"},{"taxonomy":"product_tag","embeddable":true,"href":"https:\/\/vintagellamoda.com\/de\/wp-json\/wp\/v2\/product_tag?post=5367"}],"curies":[{"name":"wp","href":"https:\/\/api.w.org\/{rel}","templated":true}]}}