{"id":5362,"date":"2025-03-24T09:49:30","date_gmt":"2025-03-24T09:49:30","guid":{"rendered":"https:\/\/vintagellamoda.com\/product\/gut-sehr-gutgut-sehr-gut\/"},"modified":"2025-12-09T18:47:25","modified_gmt":"2025-12-09T18:47:25","slug":"gut-sehr-gutgut-sehr-gut","status":"publish","type":"product","link":"https:\/\/vintagellamoda.com\/de\/produkt\/gut-sehr-gutgut-sehr-gut\/","title":{"rendered":"Gut\/Sehr gutGut\/Sehr gut"},"content":{"rendered":"<p><b>Gut\/Sehr gutGut\/Sehr gut<\/b><span style=\"font-weight: 400;\"> <\/span><\/p>\n<p><span style=\"font-weight: 400;\">Dieser dunkelblaue Pullover mit Rundhalsausschnitt ist aus einem Materialmix gefertigt. Er eignet sich sowohl f\u00fcr den B\u00fcroalltag als auch f\u00fcr einen Abend. Dank seines leichten Stoffes ist er ideal f\u00fcr den Herbst oder einen milden Winter. Er l\u00e4sst sich gut mit neutralen Farben wie Grau oder Schwarz kombinieren und passt perfekt zu grauen Flanellhosen und Pumps. Zus\u00e4tzlich ist er mit feinen goldenen Glitzerdetails verziert, die gut zu goldenen Accessoires passen. Maschinenwaschbar im Schonwaschgang (mit Wollprogramm). Der Pullover weist keine sichtbaren M\u00e4ngel auf.      <\/span><\/p>\n","protected":false},"excerpt":{"rendered":"<p>Herkunftsland: Hergestellt in Italien<br data-start=\"135\" data-end=\"138\">Marke: nicht angegeben<br data-start=\"158\" data-end=\"161\">Farbe: dunkelblau<br data-start=\"182\" data-end=\"185\">Gr\u00f6\u00dfe: IT L, DE M<br data-start=\"206\" data-end=\"209\">Breite: 56 cm<br data-start=\"225\" data-end=\"228\">\u00c4rmell\u00e4nge: 53 cm<br data-start=\"252\" data-end=\"255\">Gesamtl\u00e4nge: 57 cm<br data-start=\"278\" data-end=\"281\">Material: 50 % Merinowolle, 50 % Acryl<br data-start=\"323\" data-end=\"326\">Pflegehinweise: Trockenreinigung\/30 Grad<\/p>\n","protected":false},"featured_media":5363,"comment_status":"open","ping_status":"closed","template":"","meta":[],"product_brand":[164],"product_cat":[598,608,580,601,503,538,552],"product_tag":[524,726,534,725,611,700],"class_list":{"0":"post-5362","1":"product","2":"type-product","3":"status-publish","4":"has-post-thumbnail","6":"product_brand-etiquette-missing","7":"product_cat-damenpullover-strickwaren","8":"product_cat-herbst-winter","9":"product_cat-kraftige-farben-rot-rosa-blau","10":"product_cat-mischgewebe","11":"product_cat-nicht-kategorisiert","12":"product_cat-smart-casual","13":"product_cat-womenswear","14":"product_tag-abend-anlassmode","15":"product_tag-glitzerdetails","16":"product_tag-maschinenwaschbar","17":"product_tag-rundhalsausschnitt","18":"product_tag-schlankheits-fit","19":"product_tag-weicher-stoff","21":"first","22":"instock","23":"sold-individually","24":"shipping-taxable","25":"purchasable","26":"product-type-simple"},"yoast_head":"<!-- This site is optimized with the Yoast SEO plugin v27.3 - https:\/\/yoast.com\/product\/yoast-seo-wordpress\/ -->\n<title>Dunkelblauer Pullover \u2013 Hergestellt in Italien | Damenstrickwaren<\/title>\n<meta name=\"description\" content=\"Eleganter dunkelblauer Pullover, hergestellt in Italien. Leichtes Material mit goldenen Glitzerdetails, perfekt f\u00fcr B\u00fcro-Looks, Abendveranstaltungen und die Herbstsaison.\" \/>\n<meta name=\"robots\" content=\"index, follow, max-snippet:-1, max-image-preview:large, max-video-preview:-1\" \/>\n<link rel=\"canonical\" href=\"https:\/\/vintagellamoda.com\/de\/produkt\/gut-sehr-gutgut-sehr-gut\/\" \/>\n<meta property=\"og:locale\" content=\"de_DE\" \/>\n<meta property=\"og:type\" content=\"article\" \/>\n<meta property=\"og:title\" content=\"Dunkelblauer Pullover \u2013 Hergestellt in Italien | Damenstrickwaren\" \/>\n<meta property=\"og:description\" content=\"Eleganter dunkelblauer Pullover, hergestellt in Italien. Leichtes Material mit goldenen Glitzerdetails, perfekt f\u00fcr B\u00fcro-Looks, Abendveranstaltungen und die Herbstsaison.\" \/>\n<meta property=\"og:url\" content=\"https:\/\/vintagellamoda.com\/de\/produkt\/gut-sehr-gutgut-sehr-gut\/\" \/>\n<meta property=\"og:site_name\" content=\"Vintagella Moda\" \/>\n<meta property=\"article:publisher\" content=\"https:\/\/www.facebook.com\/profile.php?id=61583665421269\" \/>\n<meta property=\"article:modified_time\" content=\"2025-12-09T18:47:25+00:00\" \/>\n<meta property=\"og:image\" content=\"https:\/\/vintagellamoda.com\/wp-content\/uploads\/2025\/02\/IMG_0615-scaled.jpg\" \/>\n\t<meta property=\"og:image:width\" content=\"1707\" \/>\n\t<meta property=\"og:image:height\" content=\"2560\" \/>\n\t<meta property=\"og:image:type\" content=\"image\/jpeg\" \/>\n<meta name=\"twitter:card\" content=\"summary_large_image\" \/>\n<script type=\"application\/ld+json\" class=\"yoast-schema-graph\">{\"@context\":\"https:\\\/\\\/schema.org\",\"@graph\":[{\"@type\":\"WebPage\",\"@id\":\"https:\\\/\\\/vintagellamoda.com\\\/de\\\/produkt\\\/gut-sehr-gutgut-sehr-gut\\\/\",\"url\":\"https:\\\/\\\/vintagellamoda.com\\\/de\\\/produkt\\\/gut-sehr-gutgut-sehr-gut\\\/\",\"name\":\"Dunkelblauer Pullover \u2013 Hergestellt in Italien | Damenstrickwaren\",\"isPartOf\":{\"@id\":\"https:\\\/\\\/vintagellamoda.com\\\/de\\\/#website\"},\"primaryImageOfPage\":{\"@id\":\"https:\\\/\\\/vintagellamoda.com\\\/de\\\/produkt\\\/gut-sehr-gutgut-sehr-gut\\\/#primaryimage\"},\"image\":{\"@id\":\"https:\\\/\\\/vintagellamoda.com\\\/de\\\/produkt\\\/gut-sehr-gutgut-sehr-gut\\\/#primaryimage\"},\"thumbnailUrl\":\"https:\\\/\\\/vintagellamoda.com\\\/wp-content\\\/uploads\\\/2025\\\/02\\\/IMG_0615-scaled.jpg\",\"datePublished\":\"2025-03-24T09:49:30+00:00\",\"dateModified\":\"2025-12-09T18:47:25+00:00\",\"description\":\"Eleganter dunkelblauer Pullover, hergestellt in Italien. Leichtes Material mit goldenen Glitzerdetails, perfekt f\u00fcr B\u00fcro-Looks, Abendveranstaltungen und die Herbstsaison.\",\"breadcrumb\":{\"@id\":\"https:\\\/\\\/vintagellamoda.com\\\/de\\\/produkt\\\/gut-sehr-gutgut-sehr-gut\\\/#breadcrumb\"},\"inLanguage\":\"de\",\"potentialAction\":[{\"@type\":\"ReadAction\",\"target\":[\"https:\\\/\\\/vintagellamoda.com\\\/de\\\/produkt\\\/gut-sehr-gutgut-sehr-gut\\\/\"]}]},{\"@type\":\"ImageObject\",\"inLanguage\":\"de\",\"@id\":\"https:\\\/\\\/vintagellamoda.com\\\/de\\\/produkt\\\/gut-sehr-gutgut-sehr-gut\\\/#primaryimage\",\"url\":\"https:\\\/\\\/vintagellamoda.com\\\/wp-content\\\/uploads\\\/2025\\\/02\\\/IMG_0615-scaled.jpg\",\"contentUrl\":\"https:\\\/\\\/vintagellamoda.com\\\/wp-content\\\/uploads\\\/2025\\\/02\\\/IMG_0615-scaled.jpg\",\"width\":1707,\"height\":2560},{\"@type\":\"BreadcrumbList\",\"@id\":\"https:\\\/\\\/vintagellamoda.com\\\/de\\\/produkt\\\/gut-sehr-gutgut-sehr-gut\\\/#breadcrumb\",\"itemListElement\":[{\"@type\":\"ListItem\",\"position\":1,\"name\":\"Home\",\"item\":\"https:\\\/\\\/vintagellamoda.com\\\/de\\\/\"},{\"@type\":\"ListItem\",\"position\":2,\"name\":\"Shop\",\"item\":\"https:\\\/\\\/vintagellamoda.com\\\/de\\\/shop\\\/\"},{\"@type\":\"ListItem\",\"position\":3,\"name\":\"Gut\\\/Sehr gutGut\\\/Sehr gut\"}]},{\"@type\":\"WebSite\",\"@id\":\"https:\\\/\\\/vintagellamoda.com\\\/de\\\/#website\",\"url\":\"https:\\\/\\\/vintagellamoda.com\\\/de\\\/\",\"name\":\"Vintagella Moda\",\"description\":\"Italo vintage moda \u2014 Italian vintage fashion\",\"publisher\":{\"@id\":\"https:\\\/\\\/vintagellamoda.com\\\/de\\\/#organization\"},\"potentialAction\":[{\"@type\":\"SearchAction\",\"target\":{\"@type\":\"EntryPoint\",\"urlTemplate\":\"https:\\\/\\\/vintagellamoda.com\\\/de\\\/?s={search_term_string}\"},\"query-input\":{\"@type\":\"PropertyValueSpecification\",\"valueRequired\":true,\"valueName\":\"search_term_string\"}}],\"inLanguage\":\"de\"},{\"@type\":\"Organization\",\"@id\":\"https:\\\/\\\/vintagellamoda.com\\\/de\\\/#organization\",\"name\":\"Vintagella Moda\",\"url\":\"https:\\\/\\\/vintagellamoda.com\\\/de\\\/\",\"logo\":{\"@type\":\"ImageObject\",\"inLanguage\":\"de\",\"@id\":\"https:\\\/\\\/vintagellamoda.com\\\/de\\\/#\\\/schema\\\/logo\\\/image\\\/\",\"url\":\"https:\\\/\\\/vintagellamoda.com\\\/wp-content\\\/uploads\\\/2025\\\/11\\\/favicon.png\",\"contentUrl\":\"https:\\\/\\\/vintagellamoda.com\\\/wp-content\\\/uploads\\\/2025\\\/11\\\/favicon.png\",\"width\":2000,\"height\":2000,\"caption\":\"Vintagella Moda\"},\"image\":{\"@id\":\"https:\\\/\\\/vintagellamoda.com\\\/de\\\/#\\\/schema\\\/logo\\\/image\\\/\"},\"sameAs\":[\"https:\\\/\\\/www.facebook.com\\\/profile.php?id=61583665421269\",\"https:\\\/\\\/www.instagram.com\\\/vintagellamoda\\\/\",\"https:\\\/\\\/de.pinterest.com\\\/vintagellamoda\"]}]}<\/script>\n<!-- \/ Yoast SEO plugin. -->","yoast_head_json":{"title":"Dunkelblauer Pullover \u2013 Hergestellt in Italien | Damenstrickwaren","description":"Eleganter dunkelblauer Pullover, hergestellt in Italien. Leichtes Material mit goldenen Glitzerdetails, perfekt f\u00fcr B\u00fcro-Looks, Abendveranstaltungen und die Herbstsaison.","robots":{"index":"index","follow":"follow","max-snippet":"max-snippet:-1","max-image-preview":"max-image-preview:large","max-video-preview":"max-video-preview:-1"},"canonical":"https:\/\/vintagellamoda.com\/de\/produkt\/gut-sehr-gutgut-sehr-gut\/","og_locale":"de_DE","og_type":"article","og_title":"Dunkelblauer Pullover \u2013 Hergestellt in Italien | Damenstrickwaren","og_description":"Eleganter dunkelblauer Pullover, hergestellt in Italien. Leichtes Material mit goldenen Glitzerdetails, perfekt f\u00fcr B\u00fcro-Looks, Abendveranstaltungen und die Herbstsaison.","og_url":"https:\/\/vintagellamoda.com\/de\/produkt\/gut-sehr-gutgut-sehr-gut\/","og_site_name":"Vintagella Moda","article_publisher":"https:\/\/www.facebook.com\/profile.php?id=61583665421269","article_modified_time":"2025-12-09T18:47:25+00:00","og_image":[{"width":1707,"height":2560,"url":"https:\/\/vintagellamoda.com\/wp-content\/uploads\/2025\/02\/IMG_0615-scaled.jpg","type":"image\/jpeg"}],"twitter_card":"summary_large_image","schema":{"@context":"https:\/\/schema.org","@graph":[{"@type":"WebPage","@id":"https:\/\/vintagellamoda.com\/de\/produkt\/gut-sehr-gutgut-sehr-gut\/","url":"https:\/\/vintagellamoda.com\/de\/produkt\/gut-sehr-gutgut-sehr-gut\/","name":"Dunkelblauer Pullover \u2013 Hergestellt in Italien | Damenstrickwaren","isPartOf":{"@id":"https:\/\/vintagellamoda.com\/de\/#website"},"primaryImageOfPage":{"@id":"https:\/\/vintagellamoda.com\/de\/produkt\/gut-sehr-gutgut-sehr-gut\/#primaryimage"},"image":{"@id":"https:\/\/vintagellamoda.com\/de\/produkt\/gut-sehr-gutgut-sehr-gut\/#primaryimage"},"thumbnailUrl":"https:\/\/vintagellamoda.com\/wp-content\/uploads\/2025\/02\/IMG_0615-scaled.jpg","datePublished":"2025-03-24T09:49:30+00:00","dateModified":"2025-12-09T18:47:25+00:00","description":"Eleganter dunkelblauer Pullover, hergestellt in Italien. Leichtes Material mit goldenen Glitzerdetails, perfekt f\u00fcr B\u00fcro-Looks, Abendveranstaltungen und die Herbstsaison.","breadcrumb":{"@id":"https:\/\/vintagellamoda.com\/de\/produkt\/gut-sehr-gutgut-sehr-gut\/#breadcrumb"},"inLanguage":"de","potentialAction":[{"@type":"ReadAction","target":["https:\/\/vintagellamoda.com\/de\/produkt\/gut-sehr-gutgut-sehr-gut\/"]}]},{"@type":"ImageObject","inLanguage":"de","@id":"https:\/\/vintagellamoda.com\/de\/produkt\/gut-sehr-gutgut-sehr-gut\/#primaryimage","url":"https:\/\/vintagellamoda.com\/wp-content\/uploads\/2025\/02\/IMG_0615-scaled.jpg","contentUrl":"https:\/\/vintagellamoda.com\/wp-content\/uploads\/2025\/02\/IMG_0615-scaled.jpg","width":1707,"height":2560},{"@type":"BreadcrumbList","@id":"https:\/\/vintagellamoda.com\/de\/produkt\/gut-sehr-gutgut-sehr-gut\/#breadcrumb","itemListElement":[{"@type":"ListItem","position":1,"name":"Home","item":"https:\/\/vintagellamoda.com\/de\/"},{"@type":"ListItem","position":2,"name":"Shop","item":"https:\/\/vintagellamoda.com\/de\/shop\/"},{"@type":"ListItem","position":3,"name":"Gut\/Sehr gutGut\/Sehr gut"}]},{"@type":"WebSite","@id":"https:\/\/vintagellamoda.com\/de\/#website","url":"https:\/\/vintagellamoda.com\/de\/","name":"Vintagella Moda","description":"Italo vintage moda \u2014 Italian vintage fashion","publisher":{"@id":"https:\/\/vintagellamoda.com\/de\/#organization"},"potentialAction":[{"@type":"SearchAction","target":{"@type":"EntryPoint","urlTemplate":"https:\/\/vintagellamoda.com\/de\/?s={search_term_string}"},"query-input":{"@type":"PropertyValueSpecification","valueRequired":true,"valueName":"search_term_string"}}],"inLanguage":"de"},{"@type":"Organization","@id":"https:\/\/vintagellamoda.com\/de\/#organization","name":"Vintagella Moda","url":"https:\/\/vintagellamoda.com\/de\/","logo":{"@type":"ImageObject","inLanguage":"de","@id":"https:\/\/vintagellamoda.com\/de\/#\/schema\/logo\/image\/","url":"https:\/\/vintagellamoda.com\/wp-content\/uploads\/2025\/11\/favicon.png","contentUrl":"https:\/\/vintagellamoda.com\/wp-content\/uploads\/2025\/11\/favicon.png","width":2000,"height":2000,"caption":"Vintagella Moda"},"image":{"@id":"https:\/\/vintagellamoda.com\/de\/#\/schema\/logo\/image\/"},"sameAs":["https:\/\/www.facebook.com\/profile.php?id=61583665421269","https:\/\/www.instagram.com\/vintagellamoda\/","https:\/\/de.pinterest.com\/vintagellamoda"]}]}},"_links":{"self":[{"href":"https:\/\/vintagellamoda.com\/de\/wp-json\/wp\/v2\/product\/5362","targetHints":{"allow":["GET"]}}],"collection":[{"href":"https:\/\/vintagellamoda.com\/de\/wp-json\/wp\/v2\/product"}],"about":[{"href":"https:\/\/vintagellamoda.com\/de\/wp-json\/wp\/v2\/types\/product"}],"replies":[{"embeddable":true,"href":"https:\/\/vintagellamoda.com\/de\/wp-json\/wp\/v2\/comments?post=5362"}],"wp:featuredmedia":[{"embeddable":true,"href":"https:\/\/vintagellamoda.com\/de\/wp-json\/wp\/v2\/media\/5363"}],"wp:attachment":[{"href":"https:\/\/vintagellamoda.com\/de\/wp-json\/wp\/v2\/media?parent=5362"}],"wp:term":[{"taxonomy":"product_brand","embeddable":true,"href":"https:\/\/vintagellamoda.com\/de\/wp-json\/wp\/v2\/product_brand?post=5362"},{"taxonomy":"product_cat","embeddable":true,"href":"https:\/\/vintagellamoda.com\/de\/wp-json\/wp\/v2\/product_cat?post=5362"},{"taxonomy":"product_tag","embeddable":true,"href":"https:\/\/vintagellamoda.com\/de\/wp-json\/wp\/v2\/product_tag?post=5362"}],"curies":[{"name":"wp","href":"https:\/\/api.w.org\/{rel}","templated":true}]}}