{"id":5354,"date":"2025-03-19T08:30:08","date_gmt":"2025-03-19T08:30:08","guid":{"rendered":"https:\/\/vintagellamoda.com\/product\/versace-hose-aus-hochwertiger-baumwolle\/"},"modified":"2025-12-09T19:13:55","modified_gmt":"2025-12-09T19:13:55","slug":"versace-hose-aus-hochwertiger-baumwolle","status":"publish","type":"product","link":"https:\/\/vintagellamoda.com\/de\/produkt\/versace-hose-aus-hochwertiger-baumwolle\/","title":{"rendered":"Versace-Hose aus hochwertiger Baumwolle"},"content":{"rendered":"<p>Versace Hose aus hochwertiger Baumwolle \u2013 Made in Italy<br \/>Diese rosafarbene Hose von Versace besteht aus 98 % Baumwolle. Sie ist angenehm zu tragen und pflegeleicht. Perfekt f\u00fcr warme Tage, besticht sie durch ihren klassischen Schnitt, der nie aus der Mode kommt, und ihre trendige Farbe. Kombinieren Sie sie mit einem wei\u00dfen T-Shirt, einem klassischen Poloshirt, einem wei\u00dfen Leinenhemd oder einem Spaghettitr\u00e4ger-Top.<\/p>\n","protected":false},"excerpt":{"rendered":"<p>Herkunftsland: Hergestellt in Italien<br data-start=\"160\" data-end=\"163\">Marke: Italienische Marke Versace Jeans Couture<br data-start=\"209\" data-end=\"212\">Farbe: Rosa (\u201eschockierendes Rosa\u201c)<br data-start=\"247\" data-end=\"250\">Gr\u00f6\u00dfe: IT S, DE XS<br data-start=\"272\" data-end=\"275\">Bauchumfang: 33 cm<br data-start=\"296\" data-end=\"299\">L\u00e4nge: 102 cm<br data-start=\"317\" data-end=\"320\">Material: 98 % Baumwolle, 2 % Elasthan<br data-start=\"357\" data-end=\"360\">Pflegehinweise: Maschinenw\u00e4sche auf links<br data-start=\"411\" data-end=\"414\">Zustand: gut\/sehr gut<br data-start=\"452\" data-end=\"455\">Artikelnummer: Art. 4<\/p>\n","protected":false},"featured_media":5355,"comment_status":"open","ping_status":"closed","template":"","meta":[],"product_brand":[143],"product_cat":[515,657,528,580,503],"product_tag":[568,543,556,521,704,723,519],"class_list":{"0":"post-5354","1":"product","2":"type-product","3":"status-publish","4":"has-post-thumbnail","6":"product_brand-versace-jeans-couture","7":"product_cat-damenhosen","8":"product_cat-designerstucke","9":"product_cat-fruehling-sommer","10":"product_cat-kraftige-farben-rot-rosa-blau","11":"product_cat-nicht-kategorisiert","12":"product_tag-100-baumwolle","13":"product_tag-bequeme-passform","14":"product_tag-daywear","15":"product_tag-elegant","16":"product_tag-gurtelschlaufen","17":"product_tag-klassisches-italienisch","18":"product_tag-smart-casual","20":"first","21":"instock","22":"sold-individually","23":"shipping-taxable","24":"purchasable","25":"product-type-simple"},"yoast_head":"<!-- This site is optimized with the Yoast SEO plugin v27.3 - https:\/\/yoast.com\/product\/yoast-seo-wordpress\/ -->\n<title>Versace Baumwollhose Italien \u2013 Rosa, hochwertige Qualit\u00e4t, hergestellt in Italien<\/title>\n<meta name=\"description\" content=\"Kaufen Sie die Versace Baumwollhose aus Italien in Rosa. Bequeme, stilvolle Baumwollhose, hergestellt in Italien, perfekt f\u00fcr warme Tage und ideal kombinierbar mit T-Shirts, Poloshirts oder Leinentops.\" \/>\n<meta name=\"robots\" content=\"index, follow, max-snippet:-1, max-image-preview:large, max-video-preview:-1\" \/>\n<link rel=\"canonical\" href=\"https:\/\/vintagellamoda.com\/de\/produkt\/versace-hose-aus-hochwertiger-baumwolle\/\" \/>\n<meta property=\"og:locale\" content=\"de_DE\" \/>\n<meta property=\"og:type\" content=\"article\" \/>\n<meta property=\"og:title\" content=\"Versace Baumwollhose Italien \u2013 Rosa, hochwertige Qualit\u00e4t, hergestellt in Italien\" \/>\n<meta property=\"og:description\" content=\"Kaufen Sie die Versace Baumwollhose aus Italien in Rosa. Bequeme, stilvolle Baumwollhose, hergestellt in Italien, perfekt f\u00fcr warme Tage und ideal kombinierbar mit T-Shirts, Poloshirts oder Leinentops.\" \/>\n<meta property=\"og:url\" content=\"https:\/\/vintagellamoda.com\/de\/produkt\/versace-hose-aus-hochwertiger-baumwolle\/\" \/>\n<meta property=\"og:site_name\" content=\"Vintagella Moda\" \/>\n<meta property=\"article:publisher\" content=\"https:\/\/www.facebook.com\/profile.php?id=61583665421269\" \/>\n<meta property=\"article:modified_time\" content=\"2025-12-09T19:13:55+00:00\" \/>\n<meta property=\"og:image\" content=\"https:\/\/vintagellamoda.com\/wp-content\/uploads\/2025\/02\/IMG_0489-scaled.jpg\" \/>\n\t<meta property=\"og:image:width\" content=\"1707\" \/>\n\t<meta property=\"og:image:height\" content=\"2560\" \/>\n\t<meta property=\"og:image:type\" content=\"image\/jpeg\" \/>\n<meta name=\"twitter:card\" content=\"summary_large_image\" \/>\n<script type=\"application\/ld+json\" class=\"yoast-schema-graph\">{\"@context\":\"https:\\\/\\\/schema.org\",\"@graph\":[{\"@type\":\"WebPage\",\"@id\":\"https:\\\/\\\/vintagellamoda.com\\\/de\\\/produkt\\\/versace-hose-aus-hochwertiger-baumwolle\\\/\",\"url\":\"https:\\\/\\\/vintagellamoda.com\\\/de\\\/produkt\\\/versace-hose-aus-hochwertiger-baumwolle\\\/\",\"name\":\"Versace Baumwollhose Italien \u2013 Rosa, hochwertige Qualit\u00e4t, hergestellt in Italien\",\"isPartOf\":{\"@id\":\"https:\\\/\\\/vintagellamoda.com\\\/de\\\/#website\"},\"primaryImageOfPage\":{\"@id\":\"https:\\\/\\\/vintagellamoda.com\\\/de\\\/produkt\\\/versace-hose-aus-hochwertiger-baumwolle\\\/#primaryimage\"},\"image\":{\"@id\":\"https:\\\/\\\/vintagellamoda.com\\\/de\\\/produkt\\\/versace-hose-aus-hochwertiger-baumwolle\\\/#primaryimage\"},\"thumbnailUrl\":\"https:\\\/\\\/vintagellamoda.com\\\/wp-content\\\/uploads\\\/2025\\\/02\\\/IMG_0489-scaled.jpg\",\"datePublished\":\"2025-03-19T08:30:08+00:00\",\"dateModified\":\"2025-12-09T19:13:55+00:00\",\"description\":\"Kaufen Sie die Versace Baumwollhose aus Italien in Rosa. Bequeme, stilvolle Baumwollhose, hergestellt in Italien, perfekt f\u00fcr warme Tage und ideal kombinierbar mit T-Shirts, Poloshirts oder Leinentops.\",\"breadcrumb\":{\"@id\":\"https:\\\/\\\/vintagellamoda.com\\\/de\\\/produkt\\\/versace-hose-aus-hochwertiger-baumwolle\\\/#breadcrumb\"},\"inLanguage\":\"de\",\"potentialAction\":[{\"@type\":\"ReadAction\",\"target\":[\"https:\\\/\\\/vintagellamoda.com\\\/de\\\/produkt\\\/versace-hose-aus-hochwertiger-baumwolle\\\/\"]}]},{\"@type\":\"ImageObject\",\"inLanguage\":\"de\",\"@id\":\"https:\\\/\\\/vintagellamoda.com\\\/de\\\/produkt\\\/versace-hose-aus-hochwertiger-baumwolle\\\/#primaryimage\",\"url\":\"https:\\\/\\\/vintagellamoda.com\\\/wp-content\\\/uploads\\\/2025\\\/02\\\/IMG_0489-scaled.jpg\",\"contentUrl\":\"https:\\\/\\\/vintagellamoda.com\\\/wp-content\\\/uploads\\\/2025\\\/02\\\/IMG_0489-scaled.jpg\",\"width\":1707,\"height\":2560},{\"@type\":\"BreadcrumbList\",\"@id\":\"https:\\\/\\\/vintagellamoda.com\\\/de\\\/produkt\\\/versace-hose-aus-hochwertiger-baumwolle\\\/#breadcrumb\",\"itemListElement\":[{\"@type\":\"ListItem\",\"position\":1,\"name\":\"Home\",\"item\":\"https:\\\/\\\/vintagellamoda.com\\\/de\\\/\"},{\"@type\":\"ListItem\",\"position\":2,\"name\":\"Shop\",\"item\":\"https:\\\/\\\/vintagellamoda.com\\\/de\\\/shop\\\/\"},{\"@type\":\"ListItem\",\"position\":3,\"name\":\"Versace-Hose aus hochwertiger Baumwolle\"}]},{\"@type\":\"WebSite\",\"@id\":\"https:\\\/\\\/vintagellamoda.com\\\/de\\\/#website\",\"url\":\"https:\\\/\\\/vintagellamoda.com\\\/de\\\/\",\"name\":\"Vintagella Moda\",\"description\":\"Italo vintage moda \u2014 Italian vintage fashion\",\"publisher\":{\"@id\":\"https:\\\/\\\/vintagellamoda.com\\\/de\\\/#organization\"},\"potentialAction\":[{\"@type\":\"SearchAction\",\"target\":{\"@type\":\"EntryPoint\",\"urlTemplate\":\"https:\\\/\\\/vintagellamoda.com\\\/de\\\/?s={search_term_string}\"},\"query-input\":{\"@type\":\"PropertyValueSpecification\",\"valueRequired\":true,\"valueName\":\"search_term_string\"}}],\"inLanguage\":\"de\"},{\"@type\":\"Organization\",\"@id\":\"https:\\\/\\\/vintagellamoda.com\\\/de\\\/#organization\",\"name\":\"Vintagella Moda\",\"url\":\"https:\\\/\\\/vintagellamoda.com\\\/de\\\/\",\"logo\":{\"@type\":\"ImageObject\",\"inLanguage\":\"de\",\"@id\":\"https:\\\/\\\/vintagellamoda.com\\\/de\\\/#\\\/schema\\\/logo\\\/image\\\/\",\"url\":\"https:\\\/\\\/vintagellamoda.com\\\/wp-content\\\/uploads\\\/2025\\\/11\\\/favicon.png\",\"contentUrl\":\"https:\\\/\\\/vintagellamoda.com\\\/wp-content\\\/uploads\\\/2025\\\/11\\\/favicon.png\",\"width\":2000,\"height\":2000,\"caption\":\"Vintagella Moda\"},\"image\":{\"@id\":\"https:\\\/\\\/vintagellamoda.com\\\/de\\\/#\\\/schema\\\/logo\\\/image\\\/\"},\"sameAs\":[\"https:\\\/\\\/www.facebook.com\\\/profile.php?id=61583665421269\",\"https:\\\/\\\/www.instagram.com\\\/vintagellamoda\\\/\",\"https:\\\/\\\/de.pinterest.com\\\/vintagellamoda\"]}]}<\/script>\n<!-- \/ Yoast SEO plugin. -->","yoast_head_json":{"title":"Versace Baumwollhose Italien \u2013 Rosa, hochwertige Qualit\u00e4t, hergestellt in Italien","description":"Kaufen Sie die Versace Baumwollhose aus Italien in Rosa. Bequeme, stilvolle Baumwollhose, hergestellt in Italien, perfekt f\u00fcr warme Tage und ideal kombinierbar mit T-Shirts, Poloshirts oder Leinentops.","robots":{"index":"index","follow":"follow","max-snippet":"max-snippet:-1","max-image-preview":"max-image-preview:large","max-video-preview":"max-video-preview:-1"},"canonical":"https:\/\/vintagellamoda.com\/de\/produkt\/versace-hose-aus-hochwertiger-baumwolle\/","og_locale":"de_DE","og_type":"article","og_title":"Versace Baumwollhose Italien \u2013 Rosa, hochwertige Qualit\u00e4t, hergestellt in Italien","og_description":"Kaufen Sie die Versace Baumwollhose aus Italien in Rosa. Bequeme, stilvolle Baumwollhose, hergestellt in Italien, perfekt f\u00fcr warme Tage und ideal kombinierbar mit T-Shirts, Poloshirts oder Leinentops.","og_url":"https:\/\/vintagellamoda.com\/de\/produkt\/versace-hose-aus-hochwertiger-baumwolle\/","og_site_name":"Vintagella Moda","article_publisher":"https:\/\/www.facebook.com\/profile.php?id=61583665421269","article_modified_time":"2025-12-09T19:13:55+00:00","og_image":[{"width":1707,"height":2560,"url":"https:\/\/vintagellamoda.com\/wp-content\/uploads\/2025\/02\/IMG_0489-scaled.jpg","type":"image\/jpeg"}],"twitter_card":"summary_large_image","schema":{"@context":"https:\/\/schema.org","@graph":[{"@type":"WebPage","@id":"https:\/\/vintagellamoda.com\/de\/produkt\/versace-hose-aus-hochwertiger-baumwolle\/","url":"https:\/\/vintagellamoda.com\/de\/produkt\/versace-hose-aus-hochwertiger-baumwolle\/","name":"Versace Baumwollhose Italien \u2013 Rosa, hochwertige Qualit\u00e4t, hergestellt in Italien","isPartOf":{"@id":"https:\/\/vintagellamoda.com\/de\/#website"},"primaryImageOfPage":{"@id":"https:\/\/vintagellamoda.com\/de\/produkt\/versace-hose-aus-hochwertiger-baumwolle\/#primaryimage"},"image":{"@id":"https:\/\/vintagellamoda.com\/de\/produkt\/versace-hose-aus-hochwertiger-baumwolle\/#primaryimage"},"thumbnailUrl":"https:\/\/vintagellamoda.com\/wp-content\/uploads\/2025\/02\/IMG_0489-scaled.jpg","datePublished":"2025-03-19T08:30:08+00:00","dateModified":"2025-12-09T19:13:55+00:00","description":"Kaufen Sie die Versace Baumwollhose aus Italien in Rosa. Bequeme, stilvolle Baumwollhose, hergestellt in Italien, perfekt f\u00fcr warme Tage und ideal kombinierbar mit T-Shirts, Poloshirts oder Leinentops.","breadcrumb":{"@id":"https:\/\/vintagellamoda.com\/de\/produkt\/versace-hose-aus-hochwertiger-baumwolle\/#breadcrumb"},"inLanguage":"de","potentialAction":[{"@type":"ReadAction","target":["https:\/\/vintagellamoda.com\/de\/produkt\/versace-hose-aus-hochwertiger-baumwolle\/"]}]},{"@type":"ImageObject","inLanguage":"de","@id":"https:\/\/vintagellamoda.com\/de\/produkt\/versace-hose-aus-hochwertiger-baumwolle\/#primaryimage","url":"https:\/\/vintagellamoda.com\/wp-content\/uploads\/2025\/02\/IMG_0489-scaled.jpg","contentUrl":"https:\/\/vintagellamoda.com\/wp-content\/uploads\/2025\/02\/IMG_0489-scaled.jpg","width":1707,"height":2560},{"@type":"BreadcrumbList","@id":"https:\/\/vintagellamoda.com\/de\/produkt\/versace-hose-aus-hochwertiger-baumwolle\/#breadcrumb","itemListElement":[{"@type":"ListItem","position":1,"name":"Home","item":"https:\/\/vintagellamoda.com\/de\/"},{"@type":"ListItem","position":2,"name":"Shop","item":"https:\/\/vintagellamoda.com\/de\/shop\/"},{"@type":"ListItem","position":3,"name":"Versace-Hose aus hochwertiger Baumwolle"}]},{"@type":"WebSite","@id":"https:\/\/vintagellamoda.com\/de\/#website","url":"https:\/\/vintagellamoda.com\/de\/","name":"Vintagella Moda","description":"Italo vintage moda \u2014 Italian vintage fashion","publisher":{"@id":"https:\/\/vintagellamoda.com\/de\/#organization"},"potentialAction":[{"@type":"SearchAction","target":{"@type":"EntryPoint","urlTemplate":"https:\/\/vintagellamoda.com\/de\/?s={search_term_string}"},"query-input":{"@type":"PropertyValueSpecification","valueRequired":true,"valueName":"search_term_string"}}],"inLanguage":"de"},{"@type":"Organization","@id":"https:\/\/vintagellamoda.com\/de\/#organization","name":"Vintagella Moda","url":"https:\/\/vintagellamoda.com\/de\/","logo":{"@type":"ImageObject","inLanguage":"de","@id":"https:\/\/vintagellamoda.com\/de\/#\/schema\/logo\/image\/","url":"https:\/\/vintagellamoda.com\/wp-content\/uploads\/2025\/11\/favicon.png","contentUrl":"https:\/\/vintagellamoda.com\/wp-content\/uploads\/2025\/11\/favicon.png","width":2000,"height":2000,"caption":"Vintagella Moda"},"image":{"@id":"https:\/\/vintagellamoda.com\/de\/#\/schema\/logo\/image\/"},"sameAs":["https:\/\/www.facebook.com\/profile.php?id=61583665421269","https:\/\/www.instagram.com\/vintagellamoda\/","https:\/\/de.pinterest.com\/vintagellamoda"]}]}},"_links":{"self":[{"href":"https:\/\/vintagellamoda.com\/de\/wp-json\/wp\/v2\/product\/5354","targetHints":{"allow":["GET"]}}],"collection":[{"href":"https:\/\/vintagellamoda.com\/de\/wp-json\/wp\/v2\/product"}],"about":[{"href":"https:\/\/vintagellamoda.com\/de\/wp-json\/wp\/v2\/types\/product"}],"replies":[{"embeddable":true,"href":"https:\/\/vintagellamoda.com\/de\/wp-json\/wp\/v2\/comments?post=5354"}],"wp:featuredmedia":[{"embeddable":true,"href":"https:\/\/vintagellamoda.com\/de\/wp-json\/wp\/v2\/media\/5355"}],"wp:attachment":[{"href":"https:\/\/vintagellamoda.com\/de\/wp-json\/wp\/v2\/media?parent=5354"}],"wp:term":[{"taxonomy":"product_brand","embeddable":true,"href":"https:\/\/vintagellamoda.com\/de\/wp-json\/wp\/v2\/product_brand?post=5354"},{"taxonomy":"product_cat","embeddable":true,"href":"https:\/\/vintagellamoda.com\/de\/wp-json\/wp\/v2\/product_cat?post=5354"},{"taxonomy":"product_tag","embeddable":true,"href":"https:\/\/vintagellamoda.com\/de\/wp-json\/wp\/v2\/product_tag?post=5354"}],"curies":[{"name":"wp","href":"https:\/\/api.w.org\/{rel}","templated":true}]}}