{"id":5348,"date":"2025-03-19T08:35:32","date_gmt":"2025-03-19T08:35:32","guid":{"rendered":"https:\/\/vintagellamoda.com\/product\/armani-hose-100-leinen\/"},"modified":"2025-12-09T19:16:40","modified_gmt":"2025-12-09T19:16:40","slug":"armani-hose-100-leinen","status":"publish","type":"product","link":"https:\/\/vintagellamoda.com\/de\/produkt\/armani-hose-100-leinen\/","title":{"rendered":"Armani-Hose, 100 % Leinen"},"content":{"rendered":"<p>Armani Hose, 100 % Leinen \u2013 Hergestellt in Italien<br \/>Die Armani-Hose in Valentino-Rot besteht aus reinem Leinen und hat eine lockere Passform. Der legere Schnitt sorgt f\u00fcr hohen Tragekomfort und kaschiert kr\u00e4ftige Oberschenkel. Perfekt f\u00fcr einen urbanen Look, ist diese Leinenhose ideal f\u00fcr den Sommer, da das Material vor Sonne und Hitze sch\u00fctzt. Dazu passen ein wei\u00dfes Baumwoll-T-Shirt oder ein wei\u00dfes Leinenhemd sowie Oberteile in Beige oder Schwarz. Die Hose ist in ausgezeichnetem Zustand ohne sichtbare M\u00e4ngel.<\/p>\n","protected":false},"excerpt":{"rendered":"<p>Herkunftsland: Hergestellt in Italien<br data-start=\"113\" data-end=\"116\">Marke: Italienische Marke Armani<br data-start=\"147\" data-end=\"150\">Farbe: Rot<br data-start=\"165\" data-end=\"168\">Gr\u00f6\u00dfe: IT 40, DE 36, UK 10, USA 6<br data-start=\"207\" data-end=\"210\">Bauchumfang: 35 cm<br data-start=\"231\" data-end=\"234\">L\u00e4nge: 90 cm<br data-start=\"251\" data-end=\"254\">Material: 100 % Leinen<br data-start=\"278\" data-end=\"281\">Zustand: gut, sehr gut<br data-start=\"320\" data-end=\"323\">Artikelnummer: Art-5<\/p>\n","protected":false},"featured_media":5349,"comment_status":"open","ping_status":"closed","template":"","meta":[],"product_brand":[145],"product_cat":[515,580,554,503,562],"product_tag":[564,556,541,521,522,603,565],"class_list":{"0":"post-5348","1":"product","2":"type-product","3":"status-publish","4":"has-post-thumbnail","6":"product_brand-armani","7":"product_cat-damenhosen","8":"product_cat-kraftige-farben-rot-rosa-blau","9":"product_cat-leinen","10":"product_cat-nicht-kategorisiert","11":"product_cat-sommerferien","12":"product_tag-atmungsaktiv","13":"product_tag-daywear","14":"product_tag-einfarbig","15":"product_tag-elegant","16":"product_tag-leichter-stoff","17":"product_tag-lockere-passform","18":"product_tag-naturfasern","20":"first","21":"instock","22":"sold-individually","23":"shipping-taxable","24":"purchasable","25":"product-type-simple"},"yoast_head":"<!-- This site is optimized with the Yoast SEO plugin v27.3 - https:\/\/yoast.com\/product\/yoast-seo-wordpress\/ -->\n<title>Armani Leinenhose Italien \u2013 Valentino rote Hose im lockeren Schnitt, hergestellt in Italien<\/title>\n<meta name=\"description\" content=\"Kaufen Sie Armani Leinenhosen aus Italien in Valentino-Rot. Leichte, atmungsaktive Leinenhosen, hergestellt in Italien, perfekt f\u00fcr sommerliche City-Looks mit wei\u00dfen oder beigen Oberteilen.\" \/>\n<meta name=\"robots\" content=\"index, follow, max-snippet:-1, max-image-preview:large, max-video-preview:-1\" \/>\n<link rel=\"canonical\" href=\"https:\/\/vintagellamoda.com\/de\/produkt\/armani-hose-100-leinen\/\" \/>\n<meta property=\"og:locale\" content=\"de_DE\" \/>\n<meta property=\"og:type\" content=\"article\" \/>\n<meta property=\"og:title\" content=\"Armani Leinenhose Italien \u2013 Valentino rote Hose im lockeren Schnitt, hergestellt in Italien\" \/>\n<meta property=\"og:description\" content=\"Kaufen Sie Armani Leinenhosen aus Italien in Valentino-Rot. Leichte, atmungsaktive Leinenhosen, hergestellt in Italien, perfekt f\u00fcr sommerliche City-Looks mit wei\u00dfen oder beigen Oberteilen.\" \/>\n<meta property=\"og:url\" content=\"https:\/\/vintagellamoda.com\/de\/produkt\/armani-hose-100-leinen\/\" \/>\n<meta property=\"og:site_name\" content=\"Vintagella Moda\" \/>\n<meta property=\"article:publisher\" content=\"https:\/\/www.facebook.com\/profile.php?id=61583665421269\" \/>\n<meta property=\"article:modified_time\" content=\"2025-12-09T19:16:40+00:00\" \/>\n<meta property=\"og:image\" content=\"https:\/\/vintagellamoda.com\/wp-content\/uploads\/2025\/02\/IMG_0493-scaled.jpg\" \/>\n\t<meta property=\"og:image:width\" content=\"1707\" \/>\n\t<meta property=\"og:image:height\" content=\"2560\" \/>\n\t<meta property=\"og:image:type\" content=\"image\/jpeg\" \/>\n<meta name=\"twitter:card\" content=\"summary_large_image\" \/>\n<script type=\"application\/ld+json\" class=\"yoast-schema-graph\">{\"@context\":\"https:\\\/\\\/schema.org\",\"@graph\":[{\"@type\":\"WebPage\",\"@id\":\"https:\\\/\\\/vintagellamoda.com\\\/de\\\/produkt\\\/armani-hose-100-leinen\\\/\",\"url\":\"https:\\\/\\\/vintagellamoda.com\\\/de\\\/produkt\\\/armani-hose-100-leinen\\\/\",\"name\":\"Armani Leinenhose Italien \u2013 Valentino rote Hose im lockeren Schnitt, hergestellt in Italien\",\"isPartOf\":{\"@id\":\"https:\\\/\\\/vintagellamoda.com\\\/de\\\/#website\"},\"primaryImageOfPage\":{\"@id\":\"https:\\\/\\\/vintagellamoda.com\\\/de\\\/produkt\\\/armani-hose-100-leinen\\\/#primaryimage\"},\"image\":{\"@id\":\"https:\\\/\\\/vintagellamoda.com\\\/de\\\/produkt\\\/armani-hose-100-leinen\\\/#primaryimage\"},\"thumbnailUrl\":\"https:\\\/\\\/vintagellamoda.com\\\/wp-content\\\/uploads\\\/2025\\\/02\\\/IMG_0493-scaled.jpg\",\"datePublished\":\"2025-03-19T08:35:32+00:00\",\"dateModified\":\"2025-12-09T19:16:40+00:00\",\"description\":\"Kaufen Sie Armani Leinenhosen aus Italien in Valentino-Rot. Leichte, atmungsaktive Leinenhosen, hergestellt in Italien, perfekt f\u00fcr sommerliche City-Looks mit wei\u00dfen oder beigen Oberteilen.\",\"breadcrumb\":{\"@id\":\"https:\\\/\\\/vintagellamoda.com\\\/de\\\/produkt\\\/armani-hose-100-leinen\\\/#breadcrumb\"},\"inLanguage\":\"de\",\"potentialAction\":[{\"@type\":\"ReadAction\",\"target\":[\"https:\\\/\\\/vintagellamoda.com\\\/de\\\/produkt\\\/armani-hose-100-leinen\\\/\"]}]},{\"@type\":\"ImageObject\",\"inLanguage\":\"de\",\"@id\":\"https:\\\/\\\/vintagellamoda.com\\\/de\\\/produkt\\\/armani-hose-100-leinen\\\/#primaryimage\",\"url\":\"https:\\\/\\\/vintagellamoda.com\\\/wp-content\\\/uploads\\\/2025\\\/02\\\/IMG_0493-scaled.jpg\",\"contentUrl\":\"https:\\\/\\\/vintagellamoda.com\\\/wp-content\\\/uploads\\\/2025\\\/02\\\/IMG_0493-scaled.jpg\",\"width\":1707,\"height\":2560},{\"@type\":\"BreadcrumbList\",\"@id\":\"https:\\\/\\\/vintagellamoda.com\\\/de\\\/produkt\\\/armani-hose-100-leinen\\\/#breadcrumb\",\"itemListElement\":[{\"@type\":\"ListItem\",\"position\":1,\"name\":\"Home\",\"item\":\"https:\\\/\\\/vintagellamoda.com\\\/de\\\/\"},{\"@type\":\"ListItem\",\"position\":2,\"name\":\"Shop\",\"item\":\"https:\\\/\\\/vintagellamoda.com\\\/de\\\/shop\\\/\"},{\"@type\":\"ListItem\",\"position\":3,\"name\":\"Armani-Hose, 100 % Leinen\"}]},{\"@type\":\"WebSite\",\"@id\":\"https:\\\/\\\/vintagellamoda.com\\\/de\\\/#website\",\"url\":\"https:\\\/\\\/vintagellamoda.com\\\/de\\\/\",\"name\":\"Vintagella Moda\",\"description\":\"Italo vintage moda \u2014 Italian vintage fashion\",\"publisher\":{\"@id\":\"https:\\\/\\\/vintagellamoda.com\\\/de\\\/#organization\"},\"potentialAction\":[{\"@type\":\"SearchAction\",\"target\":{\"@type\":\"EntryPoint\",\"urlTemplate\":\"https:\\\/\\\/vintagellamoda.com\\\/de\\\/?s={search_term_string}\"},\"query-input\":{\"@type\":\"PropertyValueSpecification\",\"valueRequired\":true,\"valueName\":\"search_term_string\"}}],\"inLanguage\":\"de\"},{\"@type\":\"Organization\",\"@id\":\"https:\\\/\\\/vintagellamoda.com\\\/de\\\/#organization\",\"name\":\"Vintagella Moda\",\"url\":\"https:\\\/\\\/vintagellamoda.com\\\/de\\\/\",\"logo\":{\"@type\":\"ImageObject\",\"inLanguage\":\"de\",\"@id\":\"https:\\\/\\\/vintagellamoda.com\\\/de\\\/#\\\/schema\\\/logo\\\/image\\\/\",\"url\":\"https:\\\/\\\/vintagellamoda.com\\\/wp-content\\\/uploads\\\/2025\\\/11\\\/favicon.png\",\"contentUrl\":\"https:\\\/\\\/vintagellamoda.com\\\/wp-content\\\/uploads\\\/2025\\\/11\\\/favicon.png\",\"width\":2000,\"height\":2000,\"caption\":\"Vintagella Moda\"},\"image\":{\"@id\":\"https:\\\/\\\/vintagellamoda.com\\\/de\\\/#\\\/schema\\\/logo\\\/image\\\/\"},\"sameAs\":[\"https:\\\/\\\/www.facebook.com\\\/profile.php?id=61583665421269\",\"https:\\\/\\\/www.instagram.com\\\/vintagellamoda\\\/\",\"https:\\\/\\\/de.pinterest.com\\\/vintagellamoda\"]}]}<\/script>\n<!-- \/ Yoast SEO plugin. -->","yoast_head_json":{"title":"Armani Leinenhose Italien \u2013 Valentino rote Hose im lockeren Schnitt, hergestellt in Italien","description":"Kaufen Sie Armani Leinenhosen aus Italien in Valentino-Rot. Leichte, atmungsaktive Leinenhosen, hergestellt in Italien, perfekt f\u00fcr sommerliche City-Looks mit wei\u00dfen oder beigen Oberteilen.","robots":{"index":"index","follow":"follow","max-snippet":"max-snippet:-1","max-image-preview":"max-image-preview:large","max-video-preview":"max-video-preview:-1"},"canonical":"https:\/\/vintagellamoda.com\/de\/produkt\/armani-hose-100-leinen\/","og_locale":"de_DE","og_type":"article","og_title":"Armani Leinenhose Italien \u2013 Valentino rote Hose im lockeren Schnitt, hergestellt in Italien","og_description":"Kaufen Sie Armani Leinenhosen aus Italien in Valentino-Rot. Leichte, atmungsaktive Leinenhosen, hergestellt in Italien, perfekt f\u00fcr sommerliche City-Looks mit wei\u00dfen oder beigen Oberteilen.","og_url":"https:\/\/vintagellamoda.com\/de\/produkt\/armani-hose-100-leinen\/","og_site_name":"Vintagella Moda","article_publisher":"https:\/\/www.facebook.com\/profile.php?id=61583665421269","article_modified_time":"2025-12-09T19:16:40+00:00","og_image":[{"width":1707,"height":2560,"url":"https:\/\/vintagellamoda.com\/wp-content\/uploads\/2025\/02\/IMG_0493-scaled.jpg","type":"image\/jpeg"}],"twitter_card":"summary_large_image","schema":{"@context":"https:\/\/schema.org","@graph":[{"@type":"WebPage","@id":"https:\/\/vintagellamoda.com\/de\/produkt\/armani-hose-100-leinen\/","url":"https:\/\/vintagellamoda.com\/de\/produkt\/armani-hose-100-leinen\/","name":"Armani Leinenhose Italien \u2013 Valentino rote Hose im lockeren Schnitt, hergestellt in Italien","isPartOf":{"@id":"https:\/\/vintagellamoda.com\/de\/#website"},"primaryImageOfPage":{"@id":"https:\/\/vintagellamoda.com\/de\/produkt\/armani-hose-100-leinen\/#primaryimage"},"image":{"@id":"https:\/\/vintagellamoda.com\/de\/produkt\/armani-hose-100-leinen\/#primaryimage"},"thumbnailUrl":"https:\/\/vintagellamoda.com\/wp-content\/uploads\/2025\/02\/IMG_0493-scaled.jpg","datePublished":"2025-03-19T08:35:32+00:00","dateModified":"2025-12-09T19:16:40+00:00","description":"Kaufen Sie Armani Leinenhosen aus Italien in Valentino-Rot. Leichte, atmungsaktive Leinenhosen, hergestellt in Italien, perfekt f\u00fcr sommerliche City-Looks mit wei\u00dfen oder beigen Oberteilen.","breadcrumb":{"@id":"https:\/\/vintagellamoda.com\/de\/produkt\/armani-hose-100-leinen\/#breadcrumb"},"inLanguage":"de","potentialAction":[{"@type":"ReadAction","target":["https:\/\/vintagellamoda.com\/de\/produkt\/armani-hose-100-leinen\/"]}]},{"@type":"ImageObject","inLanguage":"de","@id":"https:\/\/vintagellamoda.com\/de\/produkt\/armani-hose-100-leinen\/#primaryimage","url":"https:\/\/vintagellamoda.com\/wp-content\/uploads\/2025\/02\/IMG_0493-scaled.jpg","contentUrl":"https:\/\/vintagellamoda.com\/wp-content\/uploads\/2025\/02\/IMG_0493-scaled.jpg","width":1707,"height":2560},{"@type":"BreadcrumbList","@id":"https:\/\/vintagellamoda.com\/de\/produkt\/armani-hose-100-leinen\/#breadcrumb","itemListElement":[{"@type":"ListItem","position":1,"name":"Home","item":"https:\/\/vintagellamoda.com\/de\/"},{"@type":"ListItem","position":2,"name":"Shop","item":"https:\/\/vintagellamoda.com\/de\/shop\/"},{"@type":"ListItem","position":3,"name":"Armani-Hose, 100 % Leinen"}]},{"@type":"WebSite","@id":"https:\/\/vintagellamoda.com\/de\/#website","url":"https:\/\/vintagellamoda.com\/de\/","name":"Vintagella Moda","description":"Italo vintage moda \u2014 Italian vintage fashion","publisher":{"@id":"https:\/\/vintagellamoda.com\/de\/#organization"},"potentialAction":[{"@type":"SearchAction","target":{"@type":"EntryPoint","urlTemplate":"https:\/\/vintagellamoda.com\/de\/?s={search_term_string}"},"query-input":{"@type":"PropertyValueSpecification","valueRequired":true,"valueName":"search_term_string"}}],"inLanguage":"de"},{"@type":"Organization","@id":"https:\/\/vintagellamoda.com\/de\/#organization","name":"Vintagella Moda","url":"https:\/\/vintagellamoda.com\/de\/","logo":{"@type":"ImageObject","inLanguage":"de","@id":"https:\/\/vintagellamoda.com\/de\/#\/schema\/logo\/image\/","url":"https:\/\/vintagellamoda.com\/wp-content\/uploads\/2025\/11\/favicon.png","contentUrl":"https:\/\/vintagellamoda.com\/wp-content\/uploads\/2025\/11\/favicon.png","width":2000,"height":2000,"caption":"Vintagella Moda"},"image":{"@id":"https:\/\/vintagellamoda.com\/de\/#\/schema\/logo\/image\/"},"sameAs":["https:\/\/www.facebook.com\/profile.php?id=61583665421269","https:\/\/www.instagram.com\/vintagellamoda\/","https:\/\/de.pinterest.com\/vintagellamoda"]}]}},"_links":{"self":[{"href":"https:\/\/vintagellamoda.com\/de\/wp-json\/wp\/v2\/product\/5348","targetHints":{"allow":["GET"]}}],"collection":[{"href":"https:\/\/vintagellamoda.com\/de\/wp-json\/wp\/v2\/product"}],"about":[{"href":"https:\/\/vintagellamoda.com\/de\/wp-json\/wp\/v2\/types\/product"}],"replies":[{"embeddable":true,"href":"https:\/\/vintagellamoda.com\/de\/wp-json\/wp\/v2\/comments?post=5348"}],"wp:featuredmedia":[{"embeddable":true,"href":"https:\/\/vintagellamoda.com\/de\/wp-json\/wp\/v2\/media\/5349"}],"wp:attachment":[{"href":"https:\/\/vintagellamoda.com\/de\/wp-json\/wp\/v2\/media?parent=5348"}],"wp:term":[{"taxonomy":"product_brand","embeddable":true,"href":"https:\/\/vintagellamoda.com\/de\/wp-json\/wp\/v2\/product_brand?post=5348"},{"taxonomy":"product_cat","embeddable":true,"href":"https:\/\/vintagellamoda.com\/de\/wp-json\/wp\/v2\/product_cat?post=5348"},{"taxonomy":"product_tag","embeddable":true,"href":"https:\/\/vintagellamoda.com\/de\/wp-json\/wp\/v2\/product_tag?post=5348"}],"curies":[{"name":"wp","href":"https:\/\/api.w.org\/{rel}","templated":true}]}}