{"id":5344,"date":"2025-03-21T05:17:53","date_gmt":"2025-03-21T05:17:53","guid":{"rendered":"https:\/\/vintagellamoda.com\/product\/angelico-di-biella-women-in-career-hose\/"},"modified":"2025-12-09T19:33:42","modified_gmt":"2025-12-09T19:33:42","slug":"angelico-di-biella-women-in-career-hose","status":"publish","type":"product","link":"https:\/\/vintagellamoda.com\/de\/produkt\/angelico-di-biella-women-in-career-hose\/","title":{"rendered":"Angelico di Biella \u201eWomen in Career\u201c-Hose"},"content":{"rendered":"<p>Angelico di Biella Damenhose im Business-Stil \u2013 Hergestellt in Italien<br \/>Diese hochwertige Businesshose von Angelico di Biella verleiht Ihrem B\u00fcro-Outfit eine elegante Note. Das neutrale Schwarz macht die Hose zu einem vielseitigen Kleidungsst\u00fcck. Sie l\u00e4sst sich hervorragend mit einem Blazer mit goldenen Kn\u00f6pfen oder einer schlichten klassischen Strickjacke kombinieren und passt perfekt zu einer wei\u00dfen Seidenbluse.<\/p>\n","protected":false},"excerpt":{"rendered":"<p>Marke: Italienische Marke Angelico di Biella<br data-start=\"184\" data-end=\"187\">Herkunftsland: Hergestellt in Italien<br data-start=\"223\" data-end=\"226\">Farbe: Schwarz<br data-start=\"243\" data-end=\"246\">Gr\u00f6\u00dfe: IT 43<br data-start=\"261\" data-end=\"264\">Bauchbreite: 40 cm<br data-start=\"286\" data-end=\"289\">L\u00e4nge: 96 cm<br data-start=\"306\" data-end=\"309\">Material: 95 % Schurwolle, 5 % Lycra<br data-start=\"345\" data-end=\"348\">Zustand: gut\/sehr gut, keine Flecken\/Risse<br data-start=\"403\" data-end=\"406\">Artikelnummer: Art-10<\/p>\n","protected":false},"featured_media":5345,"comment_status":"open","ping_status":"closed","template":"","meta":[],"product_brand":[162],"product_cat":[515,516,503,517,552],"product_tag":[521,709,704,540,520,533],"class_list":{"0":"post-5344","1":"product","2":"type-product","3":"status-publish","4":"has-post-thumbnail","6":"product_brand-angelico-di-biella","7":"product_cat-damenhosen","8":"product_cat-formelle-kleidung-und-buerokleidung","9":"product_cat-nicht-kategorisiert","10":"product_cat-schwarz","11":"product_cat-womenswear","12":"product_tag-elegant","13":"product_tag-geschaftsstil","14":"product_tag-gurtelschlaufen","15":"product_tag-klassischer-look","16":"product_tag-minimalistisch","17":"product_tag-mit-taschen","19":"first","20":"instock","21":"sold-individually","22":"shipping-taxable","23":"purchasable","24":"product-type-simple"},"yoast_head":"<!-- This site is optimized with the Yoast SEO plugin v27.3 - https:\/\/yoast.com\/product\/yoast-seo-wordpress\/ -->\n<title>Damen-Businesshosen aus Italien \u2013 Elegante schwarze Anzughosen, hergestellt in Italien<\/title>\n<meta name=\"description\" content=\"Damen-Businesshosen aus Italien \u2013 Elegante schwarze Anzughosen, hergestellt in Italien\" \/>\n<meta name=\"robots\" content=\"index, follow, max-snippet:-1, max-image-preview:large, max-video-preview:-1\" \/>\n<link rel=\"canonical\" href=\"https:\/\/vintagellamoda.com\/de\/produkt\/angelico-di-biella-women-in-career-hose\/\" \/>\n<meta property=\"og:locale\" content=\"de_DE\" \/>\n<meta property=\"og:type\" content=\"article\" \/>\n<meta property=\"og:title\" content=\"Damen-Businesshosen aus Italien \u2013 Elegante schwarze Anzughosen, hergestellt in Italien\" \/>\n<meta property=\"og:description\" content=\"Damen-Businesshosen aus Italien \u2013 Elegante schwarze Anzughosen, hergestellt in Italien\" \/>\n<meta property=\"og:url\" content=\"https:\/\/vintagellamoda.com\/de\/produkt\/angelico-di-biella-women-in-career-hose\/\" \/>\n<meta property=\"og:site_name\" content=\"Vintagella Moda\" \/>\n<meta property=\"article:publisher\" content=\"https:\/\/www.facebook.com\/profile.php?id=61583665421269\" \/>\n<meta property=\"article:modified_time\" content=\"2025-12-09T19:33:42+00:00\" \/>\n<meta property=\"og:image\" content=\"https:\/\/vintagellamoda.com\/wp-content\/uploads\/2025\/02\/IMG_0506-scaled.jpg\" \/>\n\t<meta property=\"og:image:width\" content=\"1707\" \/>\n\t<meta property=\"og:image:height\" content=\"2560\" \/>\n\t<meta property=\"og:image:type\" content=\"image\/jpeg\" \/>\n<meta name=\"twitter:card\" content=\"summary_large_image\" \/>\n<script type=\"application\/ld+json\" class=\"yoast-schema-graph\">{\"@context\":\"https:\\\/\\\/schema.org\",\"@graph\":[{\"@type\":\"WebPage\",\"@id\":\"https:\\\/\\\/vintagellamoda.com\\\/de\\\/produkt\\\/angelico-di-biella-women-in-career-hose\\\/\",\"url\":\"https:\\\/\\\/vintagellamoda.com\\\/de\\\/produkt\\\/angelico-di-biella-women-in-career-hose\\\/\",\"name\":\"Damen-Businesshosen aus Italien \u2013 Elegante schwarze Anzughosen, hergestellt in Italien\",\"isPartOf\":{\"@id\":\"https:\\\/\\\/vintagellamoda.com\\\/de\\\/#website\"},\"primaryImageOfPage\":{\"@id\":\"https:\\\/\\\/vintagellamoda.com\\\/de\\\/produkt\\\/angelico-di-biella-women-in-career-hose\\\/#primaryimage\"},\"image\":{\"@id\":\"https:\\\/\\\/vintagellamoda.com\\\/de\\\/produkt\\\/angelico-di-biella-women-in-career-hose\\\/#primaryimage\"},\"thumbnailUrl\":\"https:\\\/\\\/vintagellamoda.com\\\/wp-content\\\/uploads\\\/2025\\\/02\\\/IMG_0506-scaled.jpg\",\"datePublished\":\"2025-03-21T05:17:53+00:00\",\"dateModified\":\"2025-12-09T19:33:42+00:00\",\"description\":\"Damen-Businesshosen aus Italien \u2013 Elegante schwarze Anzughosen, hergestellt in Italien\",\"breadcrumb\":{\"@id\":\"https:\\\/\\\/vintagellamoda.com\\\/de\\\/produkt\\\/angelico-di-biella-women-in-career-hose\\\/#breadcrumb\"},\"inLanguage\":\"de\",\"potentialAction\":[{\"@type\":\"ReadAction\",\"target\":[\"https:\\\/\\\/vintagellamoda.com\\\/de\\\/produkt\\\/angelico-di-biella-women-in-career-hose\\\/\"]}]},{\"@type\":\"ImageObject\",\"inLanguage\":\"de\",\"@id\":\"https:\\\/\\\/vintagellamoda.com\\\/de\\\/produkt\\\/angelico-di-biella-women-in-career-hose\\\/#primaryimage\",\"url\":\"https:\\\/\\\/vintagellamoda.com\\\/wp-content\\\/uploads\\\/2025\\\/02\\\/IMG_0506-scaled.jpg\",\"contentUrl\":\"https:\\\/\\\/vintagellamoda.com\\\/wp-content\\\/uploads\\\/2025\\\/02\\\/IMG_0506-scaled.jpg\",\"width\":1707,\"height\":2560},{\"@type\":\"BreadcrumbList\",\"@id\":\"https:\\\/\\\/vintagellamoda.com\\\/de\\\/produkt\\\/angelico-di-biella-women-in-career-hose\\\/#breadcrumb\",\"itemListElement\":[{\"@type\":\"ListItem\",\"position\":1,\"name\":\"Home\",\"item\":\"https:\\\/\\\/vintagellamoda.com\\\/de\\\/\"},{\"@type\":\"ListItem\",\"position\":2,\"name\":\"Shop\",\"item\":\"https:\\\/\\\/vintagellamoda.com\\\/de\\\/shop\\\/\"},{\"@type\":\"ListItem\",\"position\":3,\"name\":\"Angelico di Biella \u201eWomen in Career\u201c-Hose\"}]},{\"@type\":\"WebSite\",\"@id\":\"https:\\\/\\\/vintagellamoda.com\\\/de\\\/#website\",\"url\":\"https:\\\/\\\/vintagellamoda.com\\\/de\\\/\",\"name\":\"Vintagella Moda\",\"description\":\"Italo vintage moda \u2014 Italian vintage fashion\",\"publisher\":{\"@id\":\"https:\\\/\\\/vintagellamoda.com\\\/de\\\/#organization\"},\"potentialAction\":[{\"@type\":\"SearchAction\",\"target\":{\"@type\":\"EntryPoint\",\"urlTemplate\":\"https:\\\/\\\/vintagellamoda.com\\\/de\\\/?s={search_term_string}\"},\"query-input\":{\"@type\":\"PropertyValueSpecification\",\"valueRequired\":true,\"valueName\":\"search_term_string\"}}],\"inLanguage\":\"de\"},{\"@type\":\"Organization\",\"@id\":\"https:\\\/\\\/vintagellamoda.com\\\/de\\\/#organization\",\"name\":\"Vintagella Moda\",\"url\":\"https:\\\/\\\/vintagellamoda.com\\\/de\\\/\",\"logo\":{\"@type\":\"ImageObject\",\"inLanguage\":\"de\",\"@id\":\"https:\\\/\\\/vintagellamoda.com\\\/de\\\/#\\\/schema\\\/logo\\\/image\\\/\",\"url\":\"https:\\\/\\\/vintagellamoda.com\\\/wp-content\\\/uploads\\\/2025\\\/11\\\/favicon.png\",\"contentUrl\":\"https:\\\/\\\/vintagellamoda.com\\\/wp-content\\\/uploads\\\/2025\\\/11\\\/favicon.png\",\"width\":2000,\"height\":2000,\"caption\":\"Vintagella Moda\"},\"image\":{\"@id\":\"https:\\\/\\\/vintagellamoda.com\\\/de\\\/#\\\/schema\\\/logo\\\/image\\\/\"},\"sameAs\":[\"https:\\\/\\\/www.facebook.com\\\/profile.php?id=61583665421269\",\"https:\\\/\\\/www.instagram.com\\\/vintagellamoda\\\/\",\"https:\\\/\\\/de.pinterest.com\\\/vintagellamoda\"]}]}<\/script>\n<!-- \/ Yoast SEO plugin. -->","yoast_head_json":{"title":"Damen-Businesshosen aus Italien \u2013 Elegante schwarze Anzughosen, hergestellt in Italien","description":"Damen-Businesshosen aus Italien \u2013 Elegante schwarze Anzughosen, hergestellt in Italien","robots":{"index":"index","follow":"follow","max-snippet":"max-snippet:-1","max-image-preview":"max-image-preview:large","max-video-preview":"max-video-preview:-1"},"canonical":"https:\/\/vintagellamoda.com\/de\/produkt\/angelico-di-biella-women-in-career-hose\/","og_locale":"de_DE","og_type":"article","og_title":"Damen-Businesshosen aus Italien \u2013 Elegante schwarze Anzughosen, hergestellt in Italien","og_description":"Damen-Businesshosen aus Italien \u2013 Elegante schwarze Anzughosen, hergestellt in Italien","og_url":"https:\/\/vintagellamoda.com\/de\/produkt\/angelico-di-biella-women-in-career-hose\/","og_site_name":"Vintagella Moda","article_publisher":"https:\/\/www.facebook.com\/profile.php?id=61583665421269","article_modified_time":"2025-12-09T19:33:42+00:00","og_image":[{"width":1707,"height":2560,"url":"https:\/\/vintagellamoda.com\/wp-content\/uploads\/2025\/02\/IMG_0506-scaled.jpg","type":"image\/jpeg"}],"twitter_card":"summary_large_image","schema":{"@context":"https:\/\/schema.org","@graph":[{"@type":"WebPage","@id":"https:\/\/vintagellamoda.com\/de\/produkt\/angelico-di-biella-women-in-career-hose\/","url":"https:\/\/vintagellamoda.com\/de\/produkt\/angelico-di-biella-women-in-career-hose\/","name":"Damen-Businesshosen aus Italien \u2013 Elegante schwarze Anzughosen, hergestellt in Italien","isPartOf":{"@id":"https:\/\/vintagellamoda.com\/de\/#website"},"primaryImageOfPage":{"@id":"https:\/\/vintagellamoda.com\/de\/produkt\/angelico-di-biella-women-in-career-hose\/#primaryimage"},"image":{"@id":"https:\/\/vintagellamoda.com\/de\/produkt\/angelico-di-biella-women-in-career-hose\/#primaryimage"},"thumbnailUrl":"https:\/\/vintagellamoda.com\/wp-content\/uploads\/2025\/02\/IMG_0506-scaled.jpg","datePublished":"2025-03-21T05:17:53+00:00","dateModified":"2025-12-09T19:33:42+00:00","description":"Damen-Businesshosen aus Italien \u2013 Elegante schwarze Anzughosen, hergestellt in Italien","breadcrumb":{"@id":"https:\/\/vintagellamoda.com\/de\/produkt\/angelico-di-biella-women-in-career-hose\/#breadcrumb"},"inLanguage":"de","potentialAction":[{"@type":"ReadAction","target":["https:\/\/vintagellamoda.com\/de\/produkt\/angelico-di-biella-women-in-career-hose\/"]}]},{"@type":"ImageObject","inLanguage":"de","@id":"https:\/\/vintagellamoda.com\/de\/produkt\/angelico-di-biella-women-in-career-hose\/#primaryimage","url":"https:\/\/vintagellamoda.com\/wp-content\/uploads\/2025\/02\/IMG_0506-scaled.jpg","contentUrl":"https:\/\/vintagellamoda.com\/wp-content\/uploads\/2025\/02\/IMG_0506-scaled.jpg","width":1707,"height":2560},{"@type":"BreadcrumbList","@id":"https:\/\/vintagellamoda.com\/de\/produkt\/angelico-di-biella-women-in-career-hose\/#breadcrumb","itemListElement":[{"@type":"ListItem","position":1,"name":"Home","item":"https:\/\/vintagellamoda.com\/de\/"},{"@type":"ListItem","position":2,"name":"Shop","item":"https:\/\/vintagellamoda.com\/de\/shop\/"},{"@type":"ListItem","position":3,"name":"Angelico di Biella \u201eWomen in Career\u201c-Hose"}]},{"@type":"WebSite","@id":"https:\/\/vintagellamoda.com\/de\/#website","url":"https:\/\/vintagellamoda.com\/de\/","name":"Vintagella Moda","description":"Italo vintage moda \u2014 Italian vintage fashion","publisher":{"@id":"https:\/\/vintagellamoda.com\/de\/#organization"},"potentialAction":[{"@type":"SearchAction","target":{"@type":"EntryPoint","urlTemplate":"https:\/\/vintagellamoda.com\/de\/?s={search_term_string}"},"query-input":{"@type":"PropertyValueSpecification","valueRequired":true,"valueName":"search_term_string"}}],"inLanguage":"de"},{"@type":"Organization","@id":"https:\/\/vintagellamoda.com\/de\/#organization","name":"Vintagella Moda","url":"https:\/\/vintagellamoda.com\/de\/","logo":{"@type":"ImageObject","inLanguage":"de","@id":"https:\/\/vintagellamoda.com\/de\/#\/schema\/logo\/image\/","url":"https:\/\/vintagellamoda.com\/wp-content\/uploads\/2025\/11\/favicon.png","contentUrl":"https:\/\/vintagellamoda.com\/wp-content\/uploads\/2025\/11\/favicon.png","width":2000,"height":2000,"caption":"Vintagella Moda"},"image":{"@id":"https:\/\/vintagellamoda.com\/de\/#\/schema\/logo\/image\/"},"sameAs":["https:\/\/www.facebook.com\/profile.php?id=61583665421269","https:\/\/www.instagram.com\/vintagellamoda\/","https:\/\/de.pinterest.com\/vintagellamoda"]}]}},"_links":{"self":[{"href":"https:\/\/vintagellamoda.com\/de\/wp-json\/wp\/v2\/product\/5344","targetHints":{"allow":["GET"]}}],"collection":[{"href":"https:\/\/vintagellamoda.com\/de\/wp-json\/wp\/v2\/product"}],"about":[{"href":"https:\/\/vintagellamoda.com\/de\/wp-json\/wp\/v2\/types\/product"}],"replies":[{"embeddable":true,"href":"https:\/\/vintagellamoda.com\/de\/wp-json\/wp\/v2\/comments?post=5344"}],"wp:featuredmedia":[{"embeddable":true,"href":"https:\/\/vintagellamoda.com\/de\/wp-json\/wp\/v2\/media\/5345"}],"wp:attachment":[{"href":"https:\/\/vintagellamoda.com\/de\/wp-json\/wp\/v2\/media?parent=5344"}],"wp:term":[{"taxonomy":"product_brand","embeddable":true,"href":"https:\/\/vintagellamoda.com\/de\/wp-json\/wp\/v2\/product_brand?post=5344"},{"taxonomy":"product_cat","embeddable":true,"href":"https:\/\/vintagellamoda.com\/de\/wp-json\/wp\/v2\/product_cat?post=5344"},{"taxonomy":"product_tag","embeddable":true,"href":"https:\/\/vintagellamoda.com\/de\/wp-json\/wp\/v2\/product_tag?post=5344"}],"curies":[{"name":"wp","href":"https:\/\/api.w.org\/{rel}","templated":true}]}}