{"id":5326,"date":"2025-03-21T07:41:41","date_gmt":"2025-03-21T07:41:41","guid":{"rendered":"https:\/\/vintagellamoda.com\/product\/erma-hose-hergestellt-in-italien\/"},"modified":"2025-12-09T19:42:26","modified_gmt":"2025-12-09T19:42:26","slug":"erma-hose-hergestellt-in-italien","status":"publish","type":"product","link":"https:\/\/vintagellamoda.com\/de\/produkt\/erma-hose-hergestellt-in-italien\/","title":{"rendered":"Erma-Hose \u2013 Hergestellt in Italien"},"content":{"rendered":"<p>Erma Hose \u2013 Hergestellt in Italien<br \/>\nDiese elegante Hose des italienischen Labels Erma in Schokoladenbraun ist der ideale Begleiter f\u00fcr die \u00dcbergangszeit. Sie l\u00e4sst sich perfekt mit anderen helleren Braunt\u00f6nen kombinieren und erm\u00f6glicht so interessante monochrome Looks. Auch Beige, Rostrot, Terrakotta und Nussbraun passen hervorragend dazu, und mit Wei\u00df liegt man immer richtig. <\/p>\n","protected":false},"excerpt":{"rendered":"<p>Marke: Italienische Marke Erma<br data-start=\"151\" data-end=\"154\">Herkunftsland: Hergestellt in Italien<br data-start=\"190\" data-end=\"193\">Farbe: Schokoladenbraun<br data-start=\"220\" data-end=\"223\">Gr\u00f6\u00dfe: nicht angegeben<br data-start=\"242\" data-end=\"245\">Bauchbreite: 38 cm<br data-start=\"267\" data-end=\"270\">L\u00e4nge: 99 cm<br data-start=\"287\" data-end=\"290\">Material: 50 % Viskose, 50 % Polyester<br data-start=\"330\" data-end=\"333\">Pflegehinweise: Chemische Reinigung<br data-start=\"368\" data-end=\"371\">Zustand: gut\/sehr gut<br data-start=\"409\" data-end=\"412\">Artikelnummer: Art-14<\/p>\n","protected":false},"featured_media":5327,"comment_status":"open","ping_status":"closed","template":"","meta":[],"product_brand":[171],"product_cat":[515,698,608,503,538],"product_tag":[543,521,711,712],"class_list":{"0":"post-5326","1":"product","2":"type-product","3":"status-publish","4":"has-post-thumbnail","6":"product_brand-erma","7":"product_cat-damenhosen","8":"product_cat-erdtone-braun-khaki-oliv","9":"product_cat-herbst-winter","10":"product_cat-nicht-kategorisiert","11":"product_cat-smart-casual","12":"product_tag-bequeme-passform","13":"product_tag-elegant","14":"product_tag-ubergangskleidung","15":"product_tag-warme-tone","17":"first","18":"instock","19":"sold-individually","20":"shipping-taxable","21":"purchasable","22":"product-type-simple"},"yoast_head":"<!-- This site is optimized with the Yoast SEO plugin v27.3 - https:\/\/yoast.com\/product\/yoast-seo-wordpress\/ -->\n<title>Erma Hose \u2013 Elegante \u00dcbergangshose, hergestellt in Italien | Schokoladenbraun<\/title>\n<meta name=\"description\" content=\"Kaufen Sie die Hose Erma in schokoladenbraun, hergestellt in Italien. Perfekt f\u00fcr die \u00dcbergangszeit, l\u00e4sst sie sich stilvoll mit Beige, Rostrot, Terrakotta oder Wei\u00df kombinieren und sorgt so f\u00fcr elegante Looks.\" \/>\n<meta name=\"robots\" content=\"index, follow, max-snippet:-1, max-image-preview:large, max-video-preview:-1\" \/>\n<link rel=\"canonical\" href=\"https:\/\/vintagellamoda.com\/de\/produkt\/erma-hose-hergestellt-in-italien\/\" \/>\n<meta property=\"og:locale\" content=\"de_DE\" \/>\n<meta property=\"og:type\" content=\"article\" \/>\n<meta property=\"og:title\" content=\"Erma Hose \u2013 Elegante \u00dcbergangshose, hergestellt in Italien | Schokoladenbraun\" \/>\n<meta property=\"og:description\" content=\"Kaufen Sie die Hose Erma in schokoladenbraun, hergestellt in Italien. Perfekt f\u00fcr die \u00dcbergangszeit, l\u00e4sst sie sich stilvoll mit Beige, Rostrot, Terrakotta oder Wei\u00df kombinieren und sorgt so f\u00fcr elegante Looks.\" \/>\n<meta property=\"og:url\" content=\"https:\/\/vintagellamoda.com\/de\/produkt\/erma-hose-hergestellt-in-italien\/\" \/>\n<meta property=\"og:site_name\" content=\"Vintagella Moda\" \/>\n<meta property=\"article:publisher\" content=\"https:\/\/www.facebook.com\/profile.php?id=61583665421269\" \/>\n<meta property=\"article:modified_time\" content=\"2025-12-09T19:42:26+00:00\" \/>\n<meta property=\"og:image\" content=\"https:\/\/vintagellamoda.com\/wp-content\/uploads\/2025\/02\/IMG_0516-scaled.jpg\" \/>\n\t<meta property=\"og:image:width\" content=\"1707\" \/>\n\t<meta property=\"og:image:height\" content=\"2560\" \/>\n\t<meta property=\"og:image:type\" content=\"image\/jpeg\" \/>\n<meta name=\"twitter:card\" content=\"summary_large_image\" \/>\n<script type=\"application\/ld+json\" class=\"yoast-schema-graph\">{\"@context\":\"https:\\\/\\\/schema.org\",\"@graph\":[{\"@type\":\"WebPage\",\"@id\":\"https:\\\/\\\/vintagellamoda.com\\\/de\\\/produkt\\\/erma-hose-hergestellt-in-italien\\\/\",\"url\":\"https:\\\/\\\/vintagellamoda.com\\\/de\\\/produkt\\\/erma-hose-hergestellt-in-italien\\\/\",\"name\":\"Erma Hose \u2013 Elegante \u00dcbergangshose, hergestellt in Italien | Schokoladenbraun\",\"isPartOf\":{\"@id\":\"https:\\\/\\\/vintagellamoda.com\\\/de\\\/#website\"},\"primaryImageOfPage\":{\"@id\":\"https:\\\/\\\/vintagellamoda.com\\\/de\\\/produkt\\\/erma-hose-hergestellt-in-italien\\\/#primaryimage\"},\"image\":{\"@id\":\"https:\\\/\\\/vintagellamoda.com\\\/de\\\/produkt\\\/erma-hose-hergestellt-in-italien\\\/#primaryimage\"},\"thumbnailUrl\":\"https:\\\/\\\/vintagellamoda.com\\\/wp-content\\\/uploads\\\/2025\\\/02\\\/IMG_0516-scaled.jpg\",\"datePublished\":\"2025-03-21T07:41:41+00:00\",\"dateModified\":\"2025-12-09T19:42:26+00:00\",\"description\":\"Kaufen Sie die Hose Erma in schokoladenbraun, hergestellt in Italien. Perfekt f\u00fcr die \u00dcbergangszeit, l\u00e4sst sie sich stilvoll mit Beige, Rostrot, Terrakotta oder Wei\u00df kombinieren und sorgt so f\u00fcr elegante Looks.\",\"breadcrumb\":{\"@id\":\"https:\\\/\\\/vintagellamoda.com\\\/de\\\/produkt\\\/erma-hose-hergestellt-in-italien\\\/#breadcrumb\"},\"inLanguage\":\"de\",\"potentialAction\":[{\"@type\":\"ReadAction\",\"target\":[\"https:\\\/\\\/vintagellamoda.com\\\/de\\\/produkt\\\/erma-hose-hergestellt-in-italien\\\/\"]}]},{\"@type\":\"ImageObject\",\"inLanguage\":\"de\",\"@id\":\"https:\\\/\\\/vintagellamoda.com\\\/de\\\/produkt\\\/erma-hose-hergestellt-in-italien\\\/#primaryimage\",\"url\":\"https:\\\/\\\/vintagellamoda.com\\\/wp-content\\\/uploads\\\/2025\\\/02\\\/IMG_0516-scaled.jpg\",\"contentUrl\":\"https:\\\/\\\/vintagellamoda.com\\\/wp-content\\\/uploads\\\/2025\\\/02\\\/IMG_0516-scaled.jpg\",\"width\":1707,\"height\":2560},{\"@type\":\"BreadcrumbList\",\"@id\":\"https:\\\/\\\/vintagellamoda.com\\\/de\\\/produkt\\\/erma-hose-hergestellt-in-italien\\\/#breadcrumb\",\"itemListElement\":[{\"@type\":\"ListItem\",\"position\":1,\"name\":\"Home\",\"item\":\"https:\\\/\\\/vintagellamoda.com\\\/de\\\/\"},{\"@type\":\"ListItem\",\"position\":2,\"name\":\"Shop\",\"item\":\"https:\\\/\\\/vintagellamoda.com\\\/de\\\/shop\\\/\"},{\"@type\":\"ListItem\",\"position\":3,\"name\":\"Erma-Hose \u2013 Hergestellt in Italien\"}]},{\"@type\":\"WebSite\",\"@id\":\"https:\\\/\\\/vintagellamoda.com\\\/de\\\/#website\",\"url\":\"https:\\\/\\\/vintagellamoda.com\\\/de\\\/\",\"name\":\"Vintagella Moda\",\"description\":\"Italo vintage moda \u2014 Italian vintage fashion\",\"publisher\":{\"@id\":\"https:\\\/\\\/vintagellamoda.com\\\/de\\\/#organization\"},\"potentialAction\":[{\"@type\":\"SearchAction\",\"target\":{\"@type\":\"EntryPoint\",\"urlTemplate\":\"https:\\\/\\\/vintagellamoda.com\\\/de\\\/?s={search_term_string}\"},\"query-input\":{\"@type\":\"PropertyValueSpecification\",\"valueRequired\":true,\"valueName\":\"search_term_string\"}}],\"inLanguage\":\"de\"},{\"@type\":\"Organization\",\"@id\":\"https:\\\/\\\/vintagellamoda.com\\\/de\\\/#organization\",\"name\":\"Vintagella Moda\",\"url\":\"https:\\\/\\\/vintagellamoda.com\\\/de\\\/\",\"logo\":{\"@type\":\"ImageObject\",\"inLanguage\":\"de\",\"@id\":\"https:\\\/\\\/vintagellamoda.com\\\/de\\\/#\\\/schema\\\/logo\\\/image\\\/\",\"url\":\"https:\\\/\\\/vintagellamoda.com\\\/wp-content\\\/uploads\\\/2025\\\/11\\\/favicon.png\",\"contentUrl\":\"https:\\\/\\\/vintagellamoda.com\\\/wp-content\\\/uploads\\\/2025\\\/11\\\/favicon.png\",\"width\":2000,\"height\":2000,\"caption\":\"Vintagella Moda\"},\"image\":{\"@id\":\"https:\\\/\\\/vintagellamoda.com\\\/de\\\/#\\\/schema\\\/logo\\\/image\\\/\"},\"sameAs\":[\"https:\\\/\\\/www.facebook.com\\\/profile.php?id=61583665421269\",\"https:\\\/\\\/www.instagram.com\\\/vintagellamoda\\\/\",\"https:\\\/\\\/de.pinterest.com\\\/vintagellamoda\"]}]}<\/script>\n<!-- \/ Yoast SEO plugin. -->","yoast_head_json":{"title":"Erma Hose \u2013 Elegante \u00dcbergangshose, hergestellt in Italien | Schokoladenbraun","description":"Kaufen Sie die Hose Erma in schokoladenbraun, hergestellt in Italien. Perfekt f\u00fcr die \u00dcbergangszeit, l\u00e4sst sie sich stilvoll mit Beige, Rostrot, Terrakotta oder Wei\u00df kombinieren und sorgt so f\u00fcr elegante Looks.","robots":{"index":"index","follow":"follow","max-snippet":"max-snippet:-1","max-image-preview":"max-image-preview:large","max-video-preview":"max-video-preview:-1"},"canonical":"https:\/\/vintagellamoda.com\/de\/produkt\/erma-hose-hergestellt-in-italien\/","og_locale":"de_DE","og_type":"article","og_title":"Erma Hose \u2013 Elegante \u00dcbergangshose, hergestellt in Italien | Schokoladenbraun","og_description":"Kaufen Sie die Hose Erma in schokoladenbraun, hergestellt in Italien. Perfekt f\u00fcr die \u00dcbergangszeit, l\u00e4sst sie sich stilvoll mit Beige, Rostrot, Terrakotta oder Wei\u00df kombinieren und sorgt so f\u00fcr elegante Looks.","og_url":"https:\/\/vintagellamoda.com\/de\/produkt\/erma-hose-hergestellt-in-italien\/","og_site_name":"Vintagella Moda","article_publisher":"https:\/\/www.facebook.com\/profile.php?id=61583665421269","article_modified_time":"2025-12-09T19:42:26+00:00","og_image":[{"width":1707,"height":2560,"url":"https:\/\/vintagellamoda.com\/wp-content\/uploads\/2025\/02\/IMG_0516-scaled.jpg","type":"image\/jpeg"}],"twitter_card":"summary_large_image","schema":{"@context":"https:\/\/schema.org","@graph":[{"@type":"WebPage","@id":"https:\/\/vintagellamoda.com\/de\/produkt\/erma-hose-hergestellt-in-italien\/","url":"https:\/\/vintagellamoda.com\/de\/produkt\/erma-hose-hergestellt-in-italien\/","name":"Erma Hose \u2013 Elegante \u00dcbergangshose, hergestellt in Italien | Schokoladenbraun","isPartOf":{"@id":"https:\/\/vintagellamoda.com\/de\/#website"},"primaryImageOfPage":{"@id":"https:\/\/vintagellamoda.com\/de\/produkt\/erma-hose-hergestellt-in-italien\/#primaryimage"},"image":{"@id":"https:\/\/vintagellamoda.com\/de\/produkt\/erma-hose-hergestellt-in-italien\/#primaryimage"},"thumbnailUrl":"https:\/\/vintagellamoda.com\/wp-content\/uploads\/2025\/02\/IMG_0516-scaled.jpg","datePublished":"2025-03-21T07:41:41+00:00","dateModified":"2025-12-09T19:42:26+00:00","description":"Kaufen Sie die Hose Erma in schokoladenbraun, hergestellt in Italien. Perfekt f\u00fcr die \u00dcbergangszeit, l\u00e4sst sie sich stilvoll mit Beige, Rostrot, Terrakotta oder Wei\u00df kombinieren und sorgt so f\u00fcr elegante Looks.","breadcrumb":{"@id":"https:\/\/vintagellamoda.com\/de\/produkt\/erma-hose-hergestellt-in-italien\/#breadcrumb"},"inLanguage":"de","potentialAction":[{"@type":"ReadAction","target":["https:\/\/vintagellamoda.com\/de\/produkt\/erma-hose-hergestellt-in-italien\/"]}]},{"@type":"ImageObject","inLanguage":"de","@id":"https:\/\/vintagellamoda.com\/de\/produkt\/erma-hose-hergestellt-in-italien\/#primaryimage","url":"https:\/\/vintagellamoda.com\/wp-content\/uploads\/2025\/02\/IMG_0516-scaled.jpg","contentUrl":"https:\/\/vintagellamoda.com\/wp-content\/uploads\/2025\/02\/IMG_0516-scaled.jpg","width":1707,"height":2560},{"@type":"BreadcrumbList","@id":"https:\/\/vintagellamoda.com\/de\/produkt\/erma-hose-hergestellt-in-italien\/#breadcrumb","itemListElement":[{"@type":"ListItem","position":1,"name":"Home","item":"https:\/\/vintagellamoda.com\/de\/"},{"@type":"ListItem","position":2,"name":"Shop","item":"https:\/\/vintagellamoda.com\/de\/shop\/"},{"@type":"ListItem","position":3,"name":"Erma-Hose \u2013 Hergestellt in Italien"}]},{"@type":"WebSite","@id":"https:\/\/vintagellamoda.com\/de\/#website","url":"https:\/\/vintagellamoda.com\/de\/","name":"Vintagella Moda","description":"Italo vintage moda \u2014 Italian vintage fashion","publisher":{"@id":"https:\/\/vintagellamoda.com\/de\/#organization"},"potentialAction":[{"@type":"SearchAction","target":{"@type":"EntryPoint","urlTemplate":"https:\/\/vintagellamoda.com\/de\/?s={search_term_string}"},"query-input":{"@type":"PropertyValueSpecification","valueRequired":true,"valueName":"search_term_string"}}],"inLanguage":"de"},{"@type":"Organization","@id":"https:\/\/vintagellamoda.com\/de\/#organization","name":"Vintagella Moda","url":"https:\/\/vintagellamoda.com\/de\/","logo":{"@type":"ImageObject","inLanguage":"de","@id":"https:\/\/vintagellamoda.com\/de\/#\/schema\/logo\/image\/","url":"https:\/\/vintagellamoda.com\/wp-content\/uploads\/2025\/11\/favicon.png","contentUrl":"https:\/\/vintagellamoda.com\/wp-content\/uploads\/2025\/11\/favicon.png","width":2000,"height":2000,"caption":"Vintagella Moda"},"image":{"@id":"https:\/\/vintagellamoda.com\/de\/#\/schema\/logo\/image\/"},"sameAs":["https:\/\/www.facebook.com\/profile.php?id=61583665421269","https:\/\/www.instagram.com\/vintagellamoda\/","https:\/\/de.pinterest.com\/vintagellamoda"]}]}},"_links":{"self":[{"href":"https:\/\/vintagellamoda.com\/de\/wp-json\/wp\/v2\/product\/5326","targetHints":{"allow":["GET"]}}],"collection":[{"href":"https:\/\/vintagellamoda.com\/de\/wp-json\/wp\/v2\/product"}],"about":[{"href":"https:\/\/vintagellamoda.com\/de\/wp-json\/wp\/v2\/types\/product"}],"replies":[{"embeddable":true,"href":"https:\/\/vintagellamoda.com\/de\/wp-json\/wp\/v2\/comments?post=5326"}],"wp:featuredmedia":[{"embeddable":true,"href":"https:\/\/vintagellamoda.com\/de\/wp-json\/wp\/v2\/media\/5327"}],"wp:attachment":[{"href":"https:\/\/vintagellamoda.com\/de\/wp-json\/wp\/v2\/media?parent=5326"}],"wp:term":[{"taxonomy":"product_brand","embeddable":true,"href":"https:\/\/vintagellamoda.com\/de\/wp-json\/wp\/v2\/product_brand?post=5326"},{"taxonomy":"product_cat","embeddable":true,"href":"https:\/\/vintagellamoda.com\/de\/wp-json\/wp\/v2\/product_cat?post=5326"},{"taxonomy":"product_tag","embeddable":true,"href":"https:\/\/vintagellamoda.com\/de\/wp-json\/wp\/v2\/product_tag?post=5326"}],"curies":[{"name":"wp","href":"https:\/\/api.w.org\/{rel}","templated":true}]}}