{"id":5322,"date":"2025-03-21T07:46:08","date_gmt":"2025-03-21T07:46:08","guid":{"rendered":"https:\/\/vintagellamoda.com\/product\/elegante-hose-in-anthrazit-hergestellt-in-italien\/"},"modified":"2025-12-09T19:44:34","modified_gmt":"2025-12-09T19:44:34","slug":"elegante-hose-in-anthrazit-hergestellt-in-italien","status":"publish","type":"product","link":"https:\/\/vintagellamoda.com\/de\/produkt\/elegante-hose-in-anthrazit-hergestellt-in-italien\/","title":{"rendered":"Elegante Hose in Anthrazit \u2013 Hergestellt in Italien"},"content":{"rendered":"<p>Elegante Hose in Anthrazit \u2013 Made in Italy<br \/>\nDiese anthrazitfarbene Hose ist perfekt f\u00fcr einen eleganten Business-Casual-Look, eignet sich aber auch hervorragend f\u00fcr stilvolle Abendveranstaltungen. Ihr raffinierter Schnitt kaschiert kr\u00e4ftige Oberschenkel. Dank der neutralen Farbe l\u00e4sst sie sich vielseitig kombinieren, beispielsweise mit Grau- oder Wei\u00dft\u00f6nen sowie schwarzen Pumps. Die Hose verf\u00fcgt \u00fcber kleine Schlitze und G\u00fcrtelschlaufen. Kombinieren Sie sie mit einem schmalen G\u00fcrtel f\u00fcr einen besonders ansprechenden Look.<\/p>\n","protected":false},"excerpt":{"rendered":"<p>Farbe: Anthrazit<br data-start=\"142\" data-end=\"145\">Bauchweite: 40 cm<br data-start=\"167\" data-end=\"170\">L\u00e4nge: 88 cm<br data-start=\"187\" data-end=\"190\">Material: 50 % Viskose, 45 % Polyester, 5 % Elastan<br data-start=\"244\" data-end=\"247\">Pflegehinweise: keine Angabe<br data-start=\"279\" data-end=\"282\">Zustand: gut\/sehr gut<br data-start=\"320\" data-end=\"323\">Artikelnummer: Art-15<\/p>\n","protected":false},"featured_media":5323,"comment_status":"open","ping_status":"closed","template":"","meta":[],"product_brand":[164],"product_cat":[515,516,563,503],"product_tag":[524,709,704,540,533,611],"class_list":{"0":"post-5322","1":"product","2":"type-product","3":"status-publish","4":"has-post-thumbnail","6":"product_brand-etiquette-missing","7":"product_cat-damenhosen","8":"product_cat-formelle-kleidung-und-buerokleidung","9":"product_cat-neutrale-farben-weis-beige-grau","10":"product_cat-nicht-kategorisiert","11":"product_tag-abend-anlassmode","12":"product_tag-geschaftsstil","13":"product_tag-gurtelschlaufen","14":"product_tag-klassischer-look","15":"product_tag-mit-taschen","16":"product_tag-schlankheits-fit","18":"first","19":"instock","20":"sold-individually","21":"shipping-taxable","22":"purchasable","23":"product-type-simple"},"yoast_head":"<!-- This site is optimized with the Yoast SEO plugin v27.3 - https:\/\/yoast.com\/product\/yoast-seo-wordpress\/ -->\n<title>Elegante anthrazitfarbene Hose \u2013 Hergestellt in Italien<\/title>\n<meta name=\"description\" content=\"Elegante anthrazitfarbene Hose f\u00fcr Business-Casual-Looks oder Abendgarderobe. Die figurbetonte Passform, die G\u00fcrtelschlaufen und die neutralen Farbt\u00f6ne machen sie vielseitig und stilvoll.\" \/>\n<meta name=\"robots\" content=\"index, follow, max-snippet:-1, max-image-preview:large, max-video-preview:-1\" \/>\n<link rel=\"canonical\" href=\"https:\/\/vintagellamoda.com\/de\/produkt\/elegante-hose-in-anthrazit-hergestellt-in-italien\/\" \/>\n<meta property=\"og:locale\" content=\"de_DE\" \/>\n<meta property=\"og:type\" content=\"article\" \/>\n<meta property=\"og:title\" content=\"Elegante anthrazitfarbene Hose \u2013 Hergestellt in Italien\" \/>\n<meta property=\"og:description\" content=\"Elegante anthrazitfarbene Hose f\u00fcr Business-Casual-Looks oder Abendgarderobe. Die figurbetonte Passform, die G\u00fcrtelschlaufen und die neutralen Farbt\u00f6ne machen sie vielseitig und stilvoll.\" \/>\n<meta property=\"og:url\" content=\"https:\/\/vintagellamoda.com\/de\/produkt\/elegante-hose-in-anthrazit-hergestellt-in-italien\/\" \/>\n<meta property=\"og:site_name\" content=\"Vintagella Moda\" \/>\n<meta property=\"article:publisher\" content=\"https:\/\/www.facebook.com\/profile.php?id=61583665421269\" \/>\n<meta property=\"article:modified_time\" content=\"2025-12-09T19:44:34+00:00\" \/>\n<meta property=\"og:image\" content=\"https:\/\/vintagellamoda.com\/wp-content\/uploads\/2025\/02\/IMG_0518-scaled.jpg\" \/>\n\t<meta property=\"og:image:width\" content=\"1707\" \/>\n\t<meta property=\"og:image:height\" content=\"2560\" \/>\n\t<meta property=\"og:image:type\" content=\"image\/jpeg\" \/>\n<meta name=\"twitter:card\" content=\"summary_large_image\" \/>\n<script type=\"application\/ld+json\" class=\"yoast-schema-graph\">{\"@context\":\"https:\\\/\\\/schema.org\",\"@graph\":[{\"@type\":\"WebPage\",\"@id\":\"https:\\\/\\\/vintagellamoda.com\\\/de\\\/produkt\\\/elegante-hose-in-anthrazit-hergestellt-in-italien\\\/\",\"url\":\"https:\\\/\\\/vintagellamoda.com\\\/de\\\/produkt\\\/elegante-hose-in-anthrazit-hergestellt-in-italien\\\/\",\"name\":\"Elegante anthrazitfarbene Hose \u2013 Hergestellt in Italien\",\"isPartOf\":{\"@id\":\"https:\\\/\\\/vintagellamoda.com\\\/de\\\/#website\"},\"primaryImageOfPage\":{\"@id\":\"https:\\\/\\\/vintagellamoda.com\\\/de\\\/produkt\\\/elegante-hose-in-anthrazit-hergestellt-in-italien\\\/#primaryimage\"},\"image\":{\"@id\":\"https:\\\/\\\/vintagellamoda.com\\\/de\\\/produkt\\\/elegante-hose-in-anthrazit-hergestellt-in-italien\\\/#primaryimage\"},\"thumbnailUrl\":\"https:\\\/\\\/vintagellamoda.com\\\/wp-content\\\/uploads\\\/2025\\\/02\\\/IMG_0518-scaled.jpg\",\"datePublished\":\"2025-03-21T07:46:08+00:00\",\"dateModified\":\"2025-12-09T19:44:34+00:00\",\"description\":\"Elegante anthrazitfarbene Hose f\u00fcr Business-Casual-Looks oder Abendgarderobe. Die figurbetonte Passform, die G\u00fcrtelschlaufen und die neutralen Farbt\u00f6ne machen sie vielseitig und stilvoll.\",\"breadcrumb\":{\"@id\":\"https:\\\/\\\/vintagellamoda.com\\\/de\\\/produkt\\\/elegante-hose-in-anthrazit-hergestellt-in-italien\\\/#breadcrumb\"},\"inLanguage\":\"de\",\"potentialAction\":[{\"@type\":\"ReadAction\",\"target\":[\"https:\\\/\\\/vintagellamoda.com\\\/de\\\/produkt\\\/elegante-hose-in-anthrazit-hergestellt-in-italien\\\/\"]}]},{\"@type\":\"ImageObject\",\"inLanguage\":\"de\",\"@id\":\"https:\\\/\\\/vintagellamoda.com\\\/de\\\/produkt\\\/elegante-hose-in-anthrazit-hergestellt-in-italien\\\/#primaryimage\",\"url\":\"https:\\\/\\\/vintagellamoda.com\\\/wp-content\\\/uploads\\\/2025\\\/02\\\/IMG_0518-scaled.jpg\",\"contentUrl\":\"https:\\\/\\\/vintagellamoda.com\\\/wp-content\\\/uploads\\\/2025\\\/02\\\/IMG_0518-scaled.jpg\",\"width\":1707,\"height\":2560},{\"@type\":\"BreadcrumbList\",\"@id\":\"https:\\\/\\\/vintagellamoda.com\\\/de\\\/produkt\\\/elegante-hose-in-anthrazit-hergestellt-in-italien\\\/#breadcrumb\",\"itemListElement\":[{\"@type\":\"ListItem\",\"position\":1,\"name\":\"Home\",\"item\":\"https:\\\/\\\/vintagellamoda.com\\\/de\\\/\"},{\"@type\":\"ListItem\",\"position\":2,\"name\":\"Shop\",\"item\":\"https:\\\/\\\/vintagellamoda.com\\\/de\\\/shop\\\/\"},{\"@type\":\"ListItem\",\"position\":3,\"name\":\"Elegante Hose in Anthrazit \u2013 Hergestellt in Italien\"}]},{\"@type\":\"WebSite\",\"@id\":\"https:\\\/\\\/vintagellamoda.com\\\/de\\\/#website\",\"url\":\"https:\\\/\\\/vintagellamoda.com\\\/de\\\/\",\"name\":\"Vintagella Moda\",\"description\":\"Italo vintage moda \u2014 Italian vintage fashion\",\"publisher\":{\"@id\":\"https:\\\/\\\/vintagellamoda.com\\\/de\\\/#organization\"},\"potentialAction\":[{\"@type\":\"SearchAction\",\"target\":{\"@type\":\"EntryPoint\",\"urlTemplate\":\"https:\\\/\\\/vintagellamoda.com\\\/de\\\/?s={search_term_string}\"},\"query-input\":{\"@type\":\"PropertyValueSpecification\",\"valueRequired\":true,\"valueName\":\"search_term_string\"}}],\"inLanguage\":\"de\"},{\"@type\":\"Organization\",\"@id\":\"https:\\\/\\\/vintagellamoda.com\\\/de\\\/#organization\",\"name\":\"Vintagella Moda\",\"url\":\"https:\\\/\\\/vintagellamoda.com\\\/de\\\/\",\"logo\":{\"@type\":\"ImageObject\",\"inLanguage\":\"de\",\"@id\":\"https:\\\/\\\/vintagellamoda.com\\\/de\\\/#\\\/schema\\\/logo\\\/image\\\/\",\"url\":\"https:\\\/\\\/vintagellamoda.com\\\/wp-content\\\/uploads\\\/2025\\\/11\\\/favicon.png\",\"contentUrl\":\"https:\\\/\\\/vintagellamoda.com\\\/wp-content\\\/uploads\\\/2025\\\/11\\\/favicon.png\",\"width\":2000,\"height\":2000,\"caption\":\"Vintagella Moda\"},\"image\":{\"@id\":\"https:\\\/\\\/vintagellamoda.com\\\/de\\\/#\\\/schema\\\/logo\\\/image\\\/\"},\"sameAs\":[\"https:\\\/\\\/www.facebook.com\\\/profile.php?id=61583665421269\",\"https:\\\/\\\/www.instagram.com\\\/vintagellamoda\\\/\",\"https:\\\/\\\/de.pinterest.com\\\/vintagellamoda\"]}]}<\/script>\n<!-- \/ Yoast SEO plugin. -->","yoast_head_json":{"title":"Elegante anthrazitfarbene Hose \u2013 Hergestellt in Italien","description":"Elegante anthrazitfarbene Hose f\u00fcr Business-Casual-Looks oder Abendgarderobe. Die figurbetonte Passform, die G\u00fcrtelschlaufen und die neutralen Farbt\u00f6ne machen sie vielseitig und stilvoll.","robots":{"index":"index","follow":"follow","max-snippet":"max-snippet:-1","max-image-preview":"max-image-preview:large","max-video-preview":"max-video-preview:-1"},"canonical":"https:\/\/vintagellamoda.com\/de\/produkt\/elegante-hose-in-anthrazit-hergestellt-in-italien\/","og_locale":"de_DE","og_type":"article","og_title":"Elegante anthrazitfarbene Hose \u2013 Hergestellt in Italien","og_description":"Elegante anthrazitfarbene Hose f\u00fcr Business-Casual-Looks oder Abendgarderobe. Die figurbetonte Passform, die G\u00fcrtelschlaufen und die neutralen Farbt\u00f6ne machen sie vielseitig und stilvoll.","og_url":"https:\/\/vintagellamoda.com\/de\/produkt\/elegante-hose-in-anthrazit-hergestellt-in-italien\/","og_site_name":"Vintagella Moda","article_publisher":"https:\/\/www.facebook.com\/profile.php?id=61583665421269","article_modified_time":"2025-12-09T19:44:34+00:00","og_image":[{"width":1707,"height":2560,"url":"https:\/\/vintagellamoda.com\/wp-content\/uploads\/2025\/02\/IMG_0518-scaled.jpg","type":"image\/jpeg"}],"twitter_card":"summary_large_image","schema":{"@context":"https:\/\/schema.org","@graph":[{"@type":"WebPage","@id":"https:\/\/vintagellamoda.com\/de\/produkt\/elegante-hose-in-anthrazit-hergestellt-in-italien\/","url":"https:\/\/vintagellamoda.com\/de\/produkt\/elegante-hose-in-anthrazit-hergestellt-in-italien\/","name":"Elegante anthrazitfarbene Hose \u2013 Hergestellt in Italien","isPartOf":{"@id":"https:\/\/vintagellamoda.com\/de\/#website"},"primaryImageOfPage":{"@id":"https:\/\/vintagellamoda.com\/de\/produkt\/elegante-hose-in-anthrazit-hergestellt-in-italien\/#primaryimage"},"image":{"@id":"https:\/\/vintagellamoda.com\/de\/produkt\/elegante-hose-in-anthrazit-hergestellt-in-italien\/#primaryimage"},"thumbnailUrl":"https:\/\/vintagellamoda.com\/wp-content\/uploads\/2025\/02\/IMG_0518-scaled.jpg","datePublished":"2025-03-21T07:46:08+00:00","dateModified":"2025-12-09T19:44:34+00:00","description":"Elegante anthrazitfarbene Hose f\u00fcr Business-Casual-Looks oder Abendgarderobe. Die figurbetonte Passform, die G\u00fcrtelschlaufen und die neutralen Farbt\u00f6ne machen sie vielseitig und stilvoll.","breadcrumb":{"@id":"https:\/\/vintagellamoda.com\/de\/produkt\/elegante-hose-in-anthrazit-hergestellt-in-italien\/#breadcrumb"},"inLanguage":"de","potentialAction":[{"@type":"ReadAction","target":["https:\/\/vintagellamoda.com\/de\/produkt\/elegante-hose-in-anthrazit-hergestellt-in-italien\/"]}]},{"@type":"ImageObject","inLanguage":"de","@id":"https:\/\/vintagellamoda.com\/de\/produkt\/elegante-hose-in-anthrazit-hergestellt-in-italien\/#primaryimage","url":"https:\/\/vintagellamoda.com\/wp-content\/uploads\/2025\/02\/IMG_0518-scaled.jpg","contentUrl":"https:\/\/vintagellamoda.com\/wp-content\/uploads\/2025\/02\/IMG_0518-scaled.jpg","width":1707,"height":2560},{"@type":"BreadcrumbList","@id":"https:\/\/vintagellamoda.com\/de\/produkt\/elegante-hose-in-anthrazit-hergestellt-in-italien\/#breadcrumb","itemListElement":[{"@type":"ListItem","position":1,"name":"Home","item":"https:\/\/vintagellamoda.com\/de\/"},{"@type":"ListItem","position":2,"name":"Shop","item":"https:\/\/vintagellamoda.com\/de\/shop\/"},{"@type":"ListItem","position":3,"name":"Elegante Hose in Anthrazit \u2013 Hergestellt in Italien"}]},{"@type":"WebSite","@id":"https:\/\/vintagellamoda.com\/de\/#website","url":"https:\/\/vintagellamoda.com\/de\/","name":"Vintagella Moda","description":"Italo vintage moda \u2014 Italian vintage fashion","publisher":{"@id":"https:\/\/vintagellamoda.com\/de\/#organization"},"potentialAction":[{"@type":"SearchAction","target":{"@type":"EntryPoint","urlTemplate":"https:\/\/vintagellamoda.com\/de\/?s={search_term_string}"},"query-input":{"@type":"PropertyValueSpecification","valueRequired":true,"valueName":"search_term_string"}}],"inLanguage":"de"},{"@type":"Organization","@id":"https:\/\/vintagellamoda.com\/de\/#organization","name":"Vintagella Moda","url":"https:\/\/vintagellamoda.com\/de\/","logo":{"@type":"ImageObject","inLanguage":"de","@id":"https:\/\/vintagellamoda.com\/de\/#\/schema\/logo\/image\/","url":"https:\/\/vintagellamoda.com\/wp-content\/uploads\/2025\/11\/favicon.png","contentUrl":"https:\/\/vintagellamoda.com\/wp-content\/uploads\/2025\/11\/favicon.png","width":2000,"height":2000,"caption":"Vintagella Moda"},"image":{"@id":"https:\/\/vintagellamoda.com\/de\/#\/schema\/logo\/image\/"},"sameAs":["https:\/\/www.facebook.com\/profile.php?id=61583665421269","https:\/\/www.instagram.com\/vintagellamoda\/","https:\/\/de.pinterest.com\/vintagellamoda"]}]}},"_links":{"self":[{"href":"https:\/\/vintagellamoda.com\/de\/wp-json\/wp\/v2\/product\/5322","targetHints":{"allow":["GET"]}}],"collection":[{"href":"https:\/\/vintagellamoda.com\/de\/wp-json\/wp\/v2\/product"}],"about":[{"href":"https:\/\/vintagellamoda.com\/de\/wp-json\/wp\/v2\/types\/product"}],"replies":[{"embeddable":true,"href":"https:\/\/vintagellamoda.com\/de\/wp-json\/wp\/v2\/comments?post=5322"}],"wp:featuredmedia":[{"embeddable":true,"href":"https:\/\/vintagellamoda.com\/de\/wp-json\/wp\/v2\/media\/5323"}],"wp:attachment":[{"href":"https:\/\/vintagellamoda.com\/de\/wp-json\/wp\/v2\/media?parent=5322"}],"wp:term":[{"taxonomy":"product_brand","embeddable":true,"href":"https:\/\/vintagellamoda.com\/de\/wp-json\/wp\/v2\/product_brand?post=5322"},{"taxonomy":"product_cat","embeddable":true,"href":"https:\/\/vintagellamoda.com\/de\/wp-json\/wp\/v2\/product_cat?post=5322"},{"taxonomy":"product_tag","embeddable":true,"href":"https:\/\/vintagellamoda.com\/de\/wp-json\/wp\/v2\/product_tag?post=5322"}],"curies":[{"name":"wp","href":"https:\/\/api.w.org\/{rel}","templated":true}]}}