{"id":5315,"date":"2025-03-21T08:27:15","date_gmt":"2025-03-21T08:27:15","guid":{"rendered":"https:\/\/vintagellamoda.com\/product\/eleonora-amadei-hose-98-baumwolle-hergestellt-in-italien\/"},"modified":"2025-12-09T19:49:46","modified_gmt":"2025-12-09T19:49:46","slug":"eleonora-amadei-hose-98-baumwolle-hergestellt-in-italien","status":"publish","type":"product","link":"https:\/\/vintagellamoda.com\/de\/produkt\/eleonora-amadei-hose-98-baumwolle-hergestellt-in-italien\/","title":{"rendered":"Eleonora Amadei Hose, 98 % Baumwolle \u2013 Hergestellt in Italien"},"content":{"rendered":"<p><b>Eleonora Amadei Hose, 98 % Baumwolle \u2013 Hergestellt in Italien<\/b><span style=\"font-weight: 400;\"> <\/span><\/p>\n<p><span style=\"font-weight: 400;\">Diese l\u00e4ssige Baumwollhose des italienischen Labels Eleonora Amadei ist ideal f\u00fcr Reisen im Fr\u00fchling oder Sommer. Sie besticht durch ihre nat\u00fcrlichen Materialien und den neutralen Beigeton und l\u00e4sst sich hervorragend mit anderen neutralen Farben wie Wei\u00df kombinieren. Die Hose verf\u00fcgt \u00fcber zwei Vordertaschen, zwei Ges\u00e4\u00dftaschen und G\u00fcrtelschlaufen. Kombinieren Sie sie mit einem geflochtenen Canvas-G\u00fcrtel im Preppy-Stil. Auch Jeanshemden und Sneaker passen perfekt dazu. Maschinenwaschbar. In ausgezeichnetem Zustand ohne sichtbare M\u00e4ngel.      <\/span><\/p>\n","protected":false},"excerpt":{"rendered":"<p>Herkunftsland: Hergestellt in Italien<br data-start=\"104\" data-end=\"107\">Marke: Italienische Marke Eleonora Amadei<br data-start=\"147\" data-end=\"150\">Gr\u00f6\u00dfe: nicht angegeben<br data-start=\"169\" data-end=\"172\">Bauchbreite: 43 cm<br data-start=\"194\" data-end=\"197\">H\u00fcftbreite: 49 cm<br data-start=\"217\" data-end=\"220\">Beinbreite: 21 cm<br data-start=\"240\" data-end=\"243\">Gesamtl\u00e4nge: 92 cm<br data-start=\"266\" data-end=\"269\">Material: 98 % Baumwolle, 2 % Elasthan<br data-start=\"307\" data-end=\"310\">Pflegehinweise: Maschinenw\u00e4sche bei 30 Grad<br data-start=\"355\" data-end=\"358\">Zustand: gut\/sehr gut<br data-start=\"396\" data-end=\"399\">Artikelnummer: ART-17<\/p>\n","protected":false},"featured_media":5316,"comment_status":"open","ping_status":"closed","template":"","meta":[],"product_brand":[186],"product_cat":[549,515,528,563,503,529],"product_tag":[704,540,535,534,533,565,602],"class_list":{"0":"post-5315","1":"product","2":"type-product","3":"status-publish","4":"has-post-thumbnail","6":"product_brand-eleonora-amadei","7":"product_cat-baumwolle","8":"product_cat-damenhosen","9":"product_cat-fruehling-sommer","10":"product_cat-neutrale-farben-weis-beige-grau","11":"product_cat-nicht-kategorisiert","12":"product_cat-reisen-freizeit","13":"product_tag-gurtelschlaufen","14":"product_tag-klassischer-look","15":"product_tag-laessig","16":"product_tag-maschinenwaschbar","17":"product_tag-mit-taschen","18":"product_tag-naturfasern","19":"product_tag-pflegeleicht","21":"first","22":"instock","23":"sold-individually","24":"shipping-taxable","25":"purchasable","26":"product-type-simple"},"yoast_head":"<!-- This site is optimized with the Yoast SEO plugin v27.3 - https:\/\/yoast.com\/product\/yoast-seo-wordpress\/ -->\n<title>Eleonora Amadei Baumwollhose \u2013 Hergestellt in Italien<\/title>\n<meta name=\"description\" content=\"L\u00e4ssige beigefarbene Baumwollhose von Eleonora Amadei. Perfekt f\u00fcr Reisen im Fr\u00fchling oder Sommer, mit Taschen, G\u00fcrtelschlaufen und pflegeleicht (maschinenwaschbar).\" \/>\n<meta name=\"robots\" content=\"index, follow, max-snippet:-1, max-image-preview:large, max-video-preview:-1\" \/>\n<link rel=\"canonical\" href=\"https:\/\/vintagellamoda.com\/de\/produkt\/eleonora-amadei-hose-98-baumwolle-hergestellt-in-italien\/\" \/>\n<meta property=\"og:locale\" content=\"de_DE\" \/>\n<meta property=\"og:type\" content=\"article\" \/>\n<meta property=\"og:title\" content=\"Eleonora Amadei Baumwollhose \u2013 Hergestellt in Italien\" \/>\n<meta property=\"og:description\" content=\"L\u00e4ssige beigefarbene Baumwollhose von Eleonora Amadei. Perfekt f\u00fcr Reisen im Fr\u00fchling oder Sommer, mit Taschen, G\u00fcrtelschlaufen und pflegeleicht (maschinenwaschbar).\" \/>\n<meta property=\"og:url\" content=\"https:\/\/vintagellamoda.com\/de\/produkt\/eleonora-amadei-hose-98-baumwolle-hergestellt-in-italien\/\" \/>\n<meta property=\"og:site_name\" content=\"Vintagella Moda\" \/>\n<meta property=\"article:publisher\" content=\"https:\/\/www.facebook.com\/profile.php?id=61583665421269\" \/>\n<meta property=\"article:modified_time\" content=\"2025-12-09T19:49:46+00:00\" \/>\n<meta property=\"og:image\" content=\"https:\/\/vintagellamoda.com\/wp-content\/uploads\/2025\/02\/IMG_0523-scaled.jpg\" \/>\n\t<meta property=\"og:image:width\" content=\"1707\" \/>\n\t<meta property=\"og:image:height\" content=\"2560\" \/>\n\t<meta property=\"og:image:type\" content=\"image\/jpeg\" \/>\n<meta name=\"twitter:card\" content=\"summary_large_image\" \/>\n<script type=\"application\/ld+json\" class=\"yoast-schema-graph\">{\"@context\":\"https:\\\/\\\/schema.org\",\"@graph\":[{\"@type\":\"WebPage\",\"@id\":\"https:\\\/\\\/vintagellamoda.com\\\/de\\\/produkt\\\/eleonora-amadei-hose-98-baumwolle-hergestellt-in-italien\\\/\",\"url\":\"https:\\\/\\\/vintagellamoda.com\\\/de\\\/produkt\\\/eleonora-amadei-hose-98-baumwolle-hergestellt-in-italien\\\/\",\"name\":\"Eleonora Amadei Baumwollhose \u2013 Hergestellt in Italien\",\"isPartOf\":{\"@id\":\"https:\\\/\\\/vintagellamoda.com\\\/de\\\/#website\"},\"primaryImageOfPage\":{\"@id\":\"https:\\\/\\\/vintagellamoda.com\\\/de\\\/produkt\\\/eleonora-amadei-hose-98-baumwolle-hergestellt-in-italien\\\/#primaryimage\"},\"image\":{\"@id\":\"https:\\\/\\\/vintagellamoda.com\\\/de\\\/produkt\\\/eleonora-amadei-hose-98-baumwolle-hergestellt-in-italien\\\/#primaryimage\"},\"thumbnailUrl\":\"https:\\\/\\\/vintagellamoda.com\\\/wp-content\\\/uploads\\\/2025\\\/02\\\/IMG_0523-scaled.jpg\",\"datePublished\":\"2025-03-21T08:27:15+00:00\",\"dateModified\":\"2025-12-09T19:49:46+00:00\",\"description\":\"L\u00e4ssige beigefarbene Baumwollhose von Eleonora Amadei. Perfekt f\u00fcr Reisen im Fr\u00fchling oder Sommer, mit Taschen, G\u00fcrtelschlaufen und pflegeleicht (maschinenwaschbar).\",\"breadcrumb\":{\"@id\":\"https:\\\/\\\/vintagellamoda.com\\\/de\\\/produkt\\\/eleonora-amadei-hose-98-baumwolle-hergestellt-in-italien\\\/#breadcrumb\"},\"inLanguage\":\"de\",\"potentialAction\":[{\"@type\":\"ReadAction\",\"target\":[\"https:\\\/\\\/vintagellamoda.com\\\/de\\\/produkt\\\/eleonora-amadei-hose-98-baumwolle-hergestellt-in-italien\\\/\"]}]},{\"@type\":\"ImageObject\",\"inLanguage\":\"de\",\"@id\":\"https:\\\/\\\/vintagellamoda.com\\\/de\\\/produkt\\\/eleonora-amadei-hose-98-baumwolle-hergestellt-in-italien\\\/#primaryimage\",\"url\":\"https:\\\/\\\/vintagellamoda.com\\\/wp-content\\\/uploads\\\/2025\\\/02\\\/IMG_0523-scaled.jpg\",\"contentUrl\":\"https:\\\/\\\/vintagellamoda.com\\\/wp-content\\\/uploads\\\/2025\\\/02\\\/IMG_0523-scaled.jpg\",\"width\":1707,\"height\":2560},{\"@type\":\"BreadcrumbList\",\"@id\":\"https:\\\/\\\/vintagellamoda.com\\\/de\\\/produkt\\\/eleonora-amadei-hose-98-baumwolle-hergestellt-in-italien\\\/#breadcrumb\",\"itemListElement\":[{\"@type\":\"ListItem\",\"position\":1,\"name\":\"Home\",\"item\":\"https:\\\/\\\/vintagellamoda.com\\\/de\\\/\"},{\"@type\":\"ListItem\",\"position\":2,\"name\":\"Shop\",\"item\":\"https:\\\/\\\/vintagellamoda.com\\\/de\\\/shop\\\/\"},{\"@type\":\"ListItem\",\"position\":3,\"name\":\"Eleonora Amadei Hose, 98 % Baumwolle \u2013 Hergestellt in Italien\"}]},{\"@type\":\"WebSite\",\"@id\":\"https:\\\/\\\/vintagellamoda.com\\\/de\\\/#website\",\"url\":\"https:\\\/\\\/vintagellamoda.com\\\/de\\\/\",\"name\":\"Vintagella Moda\",\"description\":\"Italo vintage moda \u2014 Italian vintage fashion\",\"publisher\":{\"@id\":\"https:\\\/\\\/vintagellamoda.com\\\/de\\\/#organization\"},\"potentialAction\":[{\"@type\":\"SearchAction\",\"target\":{\"@type\":\"EntryPoint\",\"urlTemplate\":\"https:\\\/\\\/vintagellamoda.com\\\/de\\\/?s={search_term_string}\"},\"query-input\":{\"@type\":\"PropertyValueSpecification\",\"valueRequired\":true,\"valueName\":\"search_term_string\"}}],\"inLanguage\":\"de\"},{\"@type\":\"Organization\",\"@id\":\"https:\\\/\\\/vintagellamoda.com\\\/de\\\/#organization\",\"name\":\"Vintagella Moda\",\"url\":\"https:\\\/\\\/vintagellamoda.com\\\/de\\\/\",\"logo\":{\"@type\":\"ImageObject\",\"inLanguage\":\"de\",\"@id\":\"https:\\\/\\\/vintagellamoda.com\\\/de\\\/#\\\/schema\\\/logo\\\/image\\\/\",\"url\":\"https:\\\/\\\/vintagellamoda.com\\\/wp-content\\\/uploads\\\/2025\\\/11\\\/favicon.png\",\"contentUrl\":\"https:\\\/\\\/vintagellamoda.com\\\/wp-content\\\/uploads\\\/2025\\\/11\\\/favicon.png\",\"width\":2000,\"height\":2000,\"caption\":\"Vintagella Moda\"},\"image\":{\"@id\":\"https:\\\/\\\/vintagellamoda.com\\\/de\\\/#\\\/schema\\\/logo\\\/image\\\/\"},\"sameAs\":[\"https:\\\/\\\/www.facebook.com\\\/profile.php?id=61583665421269\",\"https:\\\/\\\/www.instagram.com\\\/vintagellamoda\\\/\",\"https:\\\/\\\/de.pinterest.com\\\/vintagellamoda\"]}]}<\/script>\n<!-- \/ Yoast SEO plugin. -->","yoast_head_json":{"title":"Eleonora Amadei Baumwollhose \u2013 Hergestellt in Italien","description":"L\u00e4ssige beigefarbene Baumwollhose von Eleonora Amadei. Perfekt f\u00fcr Reisen im Fr\u00fchling oder Sommer, mit Taschen, G\u00fcrtelschlaufen und pflegeleicht (maschinenwaschbar).","robots":{"index":"index","follow":"follow","max-snippet":"max-snippet:-1","max-image-preview":"max-image-preview:large","max-video-preview":"max-video-preview:-1"},"canonical":"https:\/\/vintagellamoda.com\/de\/produkt\/eleonora-amadei-hose-98-baumwolle-hergestellt-in-italien\/","og_locale":"de_DE","og_type":"article","og_title":"Eleonora Amadei Baumwollhose \u2013 Hergestellt in Italien","og_description":"L\u00e4ssige beigefarbene Baumwollhose von Eleonora Amadei. Perfekt f\u00fcr Reisen im Fr\u00fchling oder Sommer, mit Taschen, G\u00fcrtelschlaufen und pflegeleicht (maschinenwaschbar).","og_url":"https:\/\/vintagellamoda.com\/de\/produkt\/eleonora-amadei-hose-98-baumwolle-hergestellt-in-italien\/","og_site_name":"Vintagella Moda","article_publisher":"https:\/\/www.facebook.com\/profile.php?id=61583665421269","article_modified_time":"2025-12-09T19:49:46+00:00","og_image":[{"width":1707,"height":2560,"url":"https:\/\/vintagellamoda.com\/wp-content\/uploads\/2025\/02\/IMG_0523-scaled.jpg","type":"image\/jpeg"}],"twitter_card":"summary_large_image","schema":{"@context":"https:\/\/schema.org","@graph":[{"@type":"WebPage","@id":"https:\/\/vintagellamoda.com\/de\/produkt\/eleonora-amadei-hose-98-baumwolle-hergestellt-in-italien\/","url":"https:\/\/vintagellamoda.com\/de\/produkt\/eleonora-amadei-hose-98-baumwolle-hergestellt-in-italien\/","name":"Eleonora Amadei Baumwollhose \u2013 Hergestellt in Italien","isPartOf":{"@id":"https:\/\/vintagellamoda.com\/de\/#website"},"primaryImageOfPage":{"@id":"https:\/\/vintagellamoda.com\/de\/produkt\/eleonora-amadei-hose-98-baumwolle-hergestellt-in-italien\/#primaryimage"},"image":{"@id":"https:\/\/vintagellamoda.com\/de\/produkt\/eleonora-amadei-hose-98-baumwolle-hergestellt-in-italien\/#primaryimage"},"thumbnailUrl":"https:\/\/vintagellamoda.com\/wp-content\/uploads\/2025\/02\/IMG_0523-scaled.jpg","datePublished":"2025-03-21T08:27:15+00:00","dateModified":"2025-12-09T19:49:46+00:00","description":"L\u00e4ssige beigefarbene Baumwollhose von Eleonora Amadei. Perfekt f\u00fcr Reisen im Fr\u00fchling oder Sommer, mit Taschen, G\u00fcrtelschlaufen und pflegeleicht (maschinenwaschbar).","breadcrumb":{"@id":"https:\/\/vintagellamoda.com\/de\/produkt\/eleonora-amadei-hose-98-baumwolle-hergestellt-in-italien\/#breadcrumb"},"inLanguage":"de","potentialAction":[{"@type":"ReadAction","target":["https:\/\/vintagellamoda.com\/de\/produkt\/eleonora-amadei-hose-98-baumwolle-hergestellt-in-italien\/"]}]},{"@type":"ImageObject","inLanguage":"de","@id":"https:\/\/vintagellamoda.com\/de\/produkt\/eleonora-amadei-hose-98-baumwolle-hergestellt-in-italien\/#primaryimage","url":"https:\/\/vintagellamoda.com\/wp-content\/uploads\/2025\/02\/IMG_0523-scaled.jpg","contentUrl":"https:\/\/vintagellamoda.com\/wp-content\/uploads\/2025\/02\/IMG_0523-scaled.jpg","width":1707,"height":2560},{"@type":"BreadcrumbList","@id":"https:\/\/vintagellamoda.com\/de\/produkt\/eleonora-amadei-hose-98-baumwolle-hergestellt-in-italien\/#breadcrumb","itemListElement":[{"@type":"ListItem","position":1,"name":"Home","item":"https:\/\/vintagellamoda.com\/de\/"},{"@type":"ListItem","position":2,"name":"Shop","item":"https:\/\/vintagellamoda.com\/de\/shop\/"},{"@type":"ListItem","position":3,"name":"Eleonora Amadei Hose, 98 % Baumwolle \u2013 Hergestellt in Italien"}]},{"@type":"WebSite","@id":"https:\/\/vintagellamoda.com\/de\/#website","url":"https:\/\/vintagellamoda.com\/de\/","name":"Vintagella Moda","description":"Italo vintage moda \u2014 Italian vintage fashion","publisher":{"@id":"https:\/\/vintagellamoda.com\/de\/#organization"},"potentialAction":[{"@type":"SearchAction","target":{"@type":"EntryPoint","urlTemplate":"https:\/\/vintagellamoda.com\/de\/?s={search_term_string}"},"query-input":{"@type":"PropertyValueSpecification","valueRequired":true,"valueName":"search_term_string"}}],"inLanguage":"de"},{"@type":"Organization","@id":"https:\/\/vintagellamoda.com\/de\/#organization","name":"Vintagella Moda","url":"https:\/\/vintagellamoda.com\/de\/","logo":{"@type":"ImageObject","inLanguage":"de","@id":"https:\/\/vintagellamoda.com\/de\/#\/schema\/logo\/image\/","url":"https:\/\/vintagellamoda.com\/wp-content\/uploads\/2025\/11\/favicon.png","contentUrl":"https:\/\/vintagellamoda.com\/wp-content\/uploads\/2025\/11\/favicon.png","width":2000,"height":2000,"caption":"Vintagella Moda"},"image":{"@id":"https:\/\/vintagellamoda.com\/de\/#\/schema\/logo\/image\/"},"sameAs":["https:\/\/www.facebook.com\/profile.php?id=61583665421269","https:\/\/www.instagram.com\/vintagellamoda\/","https:\/\/de.pinterest.com\/vintagellamoda"]}]}},"_links":{"self":[{"href":"https:\/\/vintagellamoda.com\/de\/wp-json\/wp\/v2\/product\/5315","targetHints":{"allow":["GET"]}}],"collection":[{"href":"https:\/\/vintagellamoda.com\/de\/wp-json\/wp\/v2\/product"}],"about":[{"href":"https:\/\/vintagellamoda.com\/de\/wp-json\/wp\/v2\/types\/product"}],"replies":[{"embeddable":true,"href":"https:\/\/vintagellamoda.com\/de\/wp-json\/wp\/v2\/comments?post=5315"}],"wp:featuredmedia":[{"embeddable":true,"href":"https:\/\/vintagellamoda.com\/de\/wp-json\/wp\/v2\/media\/5316"}],"wp:attachment":[{"href":"https:\/\/vintagellamoda.com\/de\/wp-json\/wp\/v2\/media?parent=5315"}],"wp:term":[{"taxonomy":"product_brand","embeddable":true,"href":"https:\/\/vintagellamoda.com\/de\/wp-json\/wp\/v2\/product_brand?post=5315"},{"taxonomy":"product_cat","embeddable":true,"href":"https:\/\/vintagellamoda.com\/de\/wp-json\/wp\/v2\/product_cat?post=5315"},{"taxonomy":"product_tag","embeddable":true,"href":"https:\/\/vintagellamoda.com\/de\/wp-json\/wp\/v2\/product_tag?post=5315"}],"curies":[{"name":"wp","href":"https:\/\/api.w.org\/{rel}","templated":true}]}}