{"id":5307,"date":"2025-03-21T08:58:47","date_gmt":"2025-03-21T08:58:47","guid":{"rendered":"https:\/\/vintagellamoda.com\/product\/facit-khaki-hose-hergestellt-in-italien\/"},"modified":"2025-12-09T19:55:00","modified_gmt":"2025-12-09T19:55:00","slug":"facit-khaki-hose-hergestellt-in-italien","status":"publish","type":"product","link":"https:\/\/vintagellamoda.com\/de\/produkt\/facit-khaki-hose-hergestellt-in-italien\/","title":{"rendered":"Facit Khaki-Hose \u2013 Hergestellt in Italien"},"content":{"rendered":"<p><strong>Facit Khaki-Hose \u2013 Hergestellt in Italien<\/strong><\/p>\n<p>Die khakifarbenen Hosen mit 95 % Baumwollanteil des italienischen Labels Facit bestechen durch ihr nat\u00fcrliches Material und ihre zeitlose Farbe. Sie lassen sich perfekt mit anderen neutralen Farben kombinieren, insbesondere mit warmen Wei\u00dft\u00f6nen wie Elfenbein, Creme und Sand. Ideal f\u00fcr schlichte und minimalistische Outfits \u2013 ein perfekter Alltagslook. Kombinieren Sie sie mit Oberteilen (T-Shirts oder Langarmshirts). Auch Sneaker oder Mokassins passen gut dazu. Die Hose ist pflegeleicht und maschinenwaschbar.     <\/p>\n","protected":false},"excerpt":{"rendered":"<p>Herkunftsland: Hergestellt in Italien<br data-start=\"180\" data-end=\"183\">Marke: Italienische Marke Facit<br data-start=\"213\" data-end=\"216\">Farbe: Khakibraun<br data-start=\"239\" data-end=\"242\">Bauchbreite: 39 cm<br data-start=\"264\" data-end=\"267\">H\u00fcftbreite: 49 cm<br data-start=\"287\" data-end=\"290\">Beinbreite: 18 cm<br data-start=\"310\" data-end=\"313\">Gesamtl\u00e4nge: 90 cm<br data-start=\"336\" data-end=\"339\">Material: 95 % Baumwolle, 5 % Elasthan<br data-start=\"377\" data-end=\"380\">Pflegehinweise: Chemische Reinigung<br data-start=\"415\" data-end=\"418\">Zustand: gut\/sehr gut<br data-start=\"456\" data-end=\"459\">Artikelnummer: Art-19<\/p>\n","protected":false},"featured_media":5308,"comment_status":"open","ping_status":"closed","template":"","meta":[],"product_brand":[160],"product_cat":[549,515,698,689,600,503,538],"product_tag":[543,534,533,565,602],"class_list":{"0":"post-5307","1":"product","2":"type-product","3":"status-publish","4":"has-post-thumbnail","6":"product_brand-facit","7":"product_cat-baumwolle","8":"product_cat-damenhosen","9":"product_cat-erdtone-braun-khaki-oliv","10":"product_cat-ganzjahrestauglich","11":"product_cat-minimalistische-neutraltone","12":"product_cat-nicht-kategorisiert","13":"product_cat-smart-casual","14":"product_tag-bequeme-passform","15":"product_tag-maschinenwaschbar","16":"product_tag-mit-taschen","17":"product_tag-naturfasern","18":"product_tag-pflegeleicht","20":"first","21":"instock","22":"sold-individually","23":"shipping-taxable","24":"purchasable","25":"product-type-simple"},"yoast_head":"<!-- This site is optimized with the Yoast SEO plugin v27.3 - https:\/\/yoast.com\/product\/yoast-seo-wordpress\/ -->\n<title>Facit Khaki-Baumwollhose \u2013 Hergestellt in Italien<\/title>\n<meta name=\"description\" content=\"Die zeitlose khakifarbene Baumwollhose von Facit ist perfekt f\u00fcr minimalistische Alltagsoutfits. Kombinieren Sie sie mit elfenbeinfarbenen Oberteilen, Sneakers oder Mokassins. Hergestellt in Italien, maschinenwaschbar.\" \/>\n<meta name=\"robots\" content=\"index, follow, max-snippet:-1, max-image-preview:large, max-video-preview:-1\" \/>\n<link rel=\"canonical\" href=\"https:\/\/vintagellamoda.com\/de\/produkt\/facit-khaki-hose-hergestellt-in-italien\/\" \/>\n<meta property=\"og:locale\" content=\"de_DE\" \/>\n<meta property=\"og:type\" content=\"article\" \/>\n<meta property=\"og:title\" content=\"Facit Khaki-Baumwollhose \u2013 Hergestellt in Italien\" \/>\n<meta property=\"og:description\" content=\"Die zeitlose khakifarbene Baumwollhose von Facit ist perfekt f\u00fcr minimalistische Alltagsoutfits. Kombinieren Sie sie mit elfenbeinfarbenen Oberteilen, Sneakers oder Mokassins. Hergestellt in Italien, maschinenwaschbar.\" \/>\n<meta property=\"og:url\" content=\"https:\/\/vintagellamoda.com\/de\/produkt\/facit-khaki-hose-hergestellt-in-italien\/\" \/>\n<meta property=\"og:site_name\" content=\"Vintagella Moda\" \/>\n<meta property=\"article:publisher\" content=\"https:\/\/www.facebook.com\/profile.php?id=61583665421269\" \/>\n<meta property=\"article:modified_time\" content=\"2025-12-09T19:55:00+00:00\" \/>\n<meta property=\"og:image\" content=\"https:\/\/vintagellamoda.com\/wp-content\/uploads\/2025\/02\/IMG_0529-scaled.jpg\" \/>\n\t<meta property=\"og:image:width\" content=\"1707\" \/>\n\t<meta property=\"og:image:height\" content=\"2560\" \/>\n\t<meta property=\"og:image:type\" content=\"image\/jpeg\" \/>\n<meta name=\"twitter:card\" content=\"summary_large_image\" \/>\n<script type=\"application\/ld+json\" class=\"yoast-schema-graph\">{\"@context\":\"https:\\\/\\\/schema.org\",\"@graph\":[{\"@type\":\"WebPage\",\"@id\":\"https:\\\/\\\/vintagellamoda.com\\\/de\\\/produkt\\\/facit-khaki-hose-hergestellt-in-italien\\\/\",\"url\":\"https:\\\/\\\/vintagellamoda.com\\\/de\\\/produkt\\\/facit-khaki-hose-hergestellt-in-italien\\\/\",\"name\":\"Facit Khaki-Baumwollhose \u2013 Hergestellt in Italien\",\"isPartOf\":{\"@id\":\"https:\\\/\\\/vintagellamoda.com\\\/de\\\/#website\"},\"primaryImageOfPage\":{\"@id\":\"https:\\\/\\\/vintagellamoda.com\\\/de\\\/produkt\\\/facit-khaki-hose-hergestellt-in-italien\\\/#primaryimage\"},\"image\":{\"@id\":\"https:\\\/\\\/vintagellamoda.com\\\/de\\\/produkt\\\/facit-khaki-hose-hergestellt-in-italien\\\/#primaryimage\"},\"thumbnailUrl\":\"https:\\\/\\\/vintagellamoda.com\\\/wp-content\\\/uploads\\\/2025\\\/02\\\/IMG_0529-scaled.jpg\",\"datePublished\":\"2025-03-21T08:58:47+00:00\",\"dateModified\":\"2025-12-09T19:55:00+00:00\",\"description\":\"Die zeitlose khakifarbene Baumwollhose von Facit ist perfekt f\u00fcr minimalistische Alltagsoutfits. Kombinieren Sie sie mit elfenbeinfarbenen Oberteilen, Sneakers oder Mokassins. Hergestellt in Italien, maschinenwaschbar.\",\"breadcrumb\":{\"@id\":\"https:\\\/\\\/vintagellamoda.com\\\/de\\\/produkt\\\/facit-khaki-hose-hergestellt-in-italien\\\/#breadcrumb\"},\"inLanguage\":\"de\",\"potentialAction\":[{\"@type\":\"ReadAction\",\"target\":[\"https:\\\/\\\/vintagellamoda.com\\\/de\\\/produkt\\\/facit-khaki-hose-hergestellt-in-italien\\\/\"]}]},{\"@type\":\"ImageObject\",\"inLanguage\":\"de\",\"@id\":\"https:\\\/\\\/vintagellamoda.com\\\/de\\\/produkt\\\/facit-khaki-hose-hergestellt-in-italien\\\/#primaryimage\",\"url\":\"https:\\\/\\\/vintagellamoda.com\\\/wp-content\\\/uploads\\\/2025\\\/02\\\/IMG_0529-scaled.jpg\",\"contentUrl\":\"https:\\\/\\\/vintagellamoda.com\\\/wp-content\\\/uploads\\\/2025\\\/02\\\/IMG_0529-scaled.jpg\",\"width\":1707,\"height\":2560},{\"@type\":\"BreadcrumbList\",\"@id\":\"https:\\\/\\\/vintagellamoda.com\\\/de\\\/produkt\\\/facit-khaki-hose-hergestellt-in-italien\\\/#breadcrumb\",\"itemListElement\":[{\"@type\":\"ListItem\",\"position\":1,\"name\":\"Home\",\"item\":\"https:\\\/\\\/vintagellamoda.com\\\/de\\\/\"},{\"@type\":\"ListItem\",\"position\":2,\"name\":\"Shop\",\"item\":\"https:\\\/\\\/vintagellamoda.com\\\/de\\\/shop\\\/\"},{\"@type\":\"ListItem\",\"position\":3,\"name\":\"Facit Khaki-Hose \u2013 Hergestellt in Italien\"}]},{\"@type\":\"WebSite\",\"@id\":\"https:\\\/\\\/vintagellamoda.com\\\/de\\\/#website\",\"url\":\"https:\\\/\\\/vintagellamoda.com\\\/de\\\/\",\"name\":\"Vintagella Moda\",\"description\":\"Italo vintage moda \u2014 Italian vintage fashion\",\"publisher\":{\"@id\":\"https:\\\/\\\/vintagellamoda.com\\\/de\\\/#organization\"},\"potentialAction\":[{\"@type\":\"SearchAction\",\"target\":{\"@type\":\"EntryPoint\",\"urlTemplate\":\"https:\\\/\\\/vintagellamoda.com\\\/de\\\/?s={search_term_string}\"},\"query-input\":{\"@type\":\"PropertyValueSpecification\",\"valueRequired\":true,\"valueName\":\"search_term_string\"}}],\"inLanguage\":\"de\"},{\"@type\":\"Organization\",\"@id\":\"https:\\\/\\\/vintagellamoda.com\\\/de\\\/#organization\",\"name\":\"Vintagella Moda\",\"url\":\"https:\\\/\\\/vintagellamoda.com\\\/de\\\/\",\"logo\":{\"@type\":\"ImageObject\",\"inLanguage\":\"de\",\"@id\":\"https:\\\/\\\/vintagellamoda.com\\\/de\\\/#\\\/schema\\\/logo\\\/image\\\/\",\"url\":\"https:\\\/\\\/vintagellamoda.com\\\/wp-content\\\/uploads\\\/2025\\\/11\\\/favicon.png\",\"contentUrl\":\"https:\\\/\\\/vintagellamoda.com\\\/wp-content\\\/uploads\\\/2025\\\/11\\\/favicon.png\",\"width\":2000,\"height\":2000,\"caption\":\"Vintagella Moda\"},\"image\":{\"@id\":\"https:\\\/\\\/vintagellamoda.com\\\/de\\\/#\\\/schema\\\/logo\\\/image\\\/\"},\"sameAs\":[\"https:\\\/\\\/www.facebook.com\\\/profile.php?id=61583665421269\",\"https:\\\/\\\/www.instagram.com\\\/vintagellamoda\\\/\",\"https:\\\/\\\/de.pinterest.com\\\/vintagellamoda\"]}]}<\/script>\n<!-- \/ Yoast SEO plugin. -->","yoast_head_json":{"title":"Facit Khaki-Baumwollhose \u2013 Hergestellt in Italien","description":"Die zeitlose khakifarbene Baumwollhose von Facit ist perfekt f\u00fcr minimalistische Alltagsoutfits. Kombinieren Sie sie mit elfenbeinfarbenen Oberteilen, Sneakers oder Mokassins. Hergestellt in Italien, maschinenwaschbar.","robots":{"index":"index","follow":"follow","max-snippet":"max-snippet:-1","max-image-preview":"max-image-preview:large","max-video-preview":"max-video-preview:-1"},"canonical":"https:\/\/vintagellamoda.com\/de\/produkt\/facit-khaki-hose-hergestellt-in-italien\/","og_locale":"de_DE","og_type":"article","og_title":"Facit Khaki-Baumwollhose \u2013 Hergestellt in Italien","og_description":"Die zeitlose khakifarbene Baumwollhose von Facit ist perfekt f\u00fcr minimalistische Alltagsoutfits. Kombinieren Sie sie mit elfenbeinfarbenen Oberteilen, Sneakers oder Mokassins. Hergestellt in Italien, maschinenwaschbar.","og_url":"https:\/\/vintagellamoda.com\/de\/produkt\/facit-khaki-hose-hergestellt-in-italien\/","og_site_name":"Vintagella Moda","article_publisher":"https:\/\/www.facebook.com\/profile.php?id=61583665421269","article_modified_time":"2025-12-09T19:55:00+00:00","og_image":[{"width":1707,"height":2560,"url":"https:\/\/vintagellamoda.com\/wp-content\/uploads\/2025\/02\/IMG_0529-scaled.jpg","type":"image\/jpeg"}],"twitter_card":"summary_large_image","schema":{"@context":"https:\/\/schema.org","@graph":[{"@type":"WebPage","@id":"https:\/\/vintagellamoda.com\/de\/produkt\/facit-khaki-hose-hergestellt-in-italien\/","url":"https:\/\/vintagellamoda.com\/de\/produkt\/facit-khaki-hose-hergestellt-in-italien\/","name":"Facit Khaki-Baumwollhose \u2013 Hergestellt in Italien","isPartOf":{"@id":"https:\/\/vintagellamoda.com\/de\/#website"},"primaryImageOfPage":{"@id":"https:\/\/vintagellamoda.com\/de\/produkt\/facit-khaki-hose-hergestellt-in-italien\/#primaryimage"},"image":{"@id":"https:\/\/vintagellamoda.com\/de\/produkt\/facit-khaki-hose-hergestellt-in-italien\/#primaryimage"},"thumbnailUrl":"https:\/\/vintagellamoda.com\/wp-content\/uploads\/2025\/02\/IMG_0529-scaled.jpg","datePublished":"2025-03-21T08:58:47+00:00","dateModified":"2025-12-09T19:55:00+00:00","description":"Die zeitlose khakifarbene Baumwollhose von Facit ist perfekt f\u00fcr minimalistische Alltagsoutfits. Kombinieren Sie sie mit elfenbeinfarbenen Oberteilen, Sneakers oder Mokassins. Hergestellt in Italien, maschinenwaschbar.","breadcrumb":{"@id":"https:\/\/vintagellamoda.com\/de\/produkt\/facit-khaki-hose-hergestellt-in-italien\/#breadcrumb"},"inLanguage":"de","potentialAction":[{"@type":"ReadAction","target":["https:\/\/vintagellamoda.com\/de\/produkt\/facit-khaki-hose-hergestellt-in-italien\/"]}]},{"@type":"ImageObject","inLanguage":"de","@id":"https:\/\/vintagellamoda.com\/de\/produkt\/facit-khaki-hose-hergestellt-in-italien\/#primaryimage","url":"https:\/\/vintagellamoda.com\/wp-content\/uploads\/2025\/02\/IMG_0529-scaled.jpg","contentUrl":"https:\/\/vintagellamoda.com\/wp-content\/uploads\/2025\/02\/IMG_0529-scaled.jpg","width":1707,"height":2560},{"@type":"BreadcrumbList","@id":"https:\/\/vintagellamoda.com\/de\/produkt\/facit-khaki-hose-hergestellt-in-italien\/#breadcrumb","itemListElement":[{"@type":"ListItem","position":1,"name":"Home","item":"https:\/\/vintagellamoda.com\/de\/"},{"@type":"ListItem","position":2,"name":"Shop","item":"https:\/\/vintagellamoda.com\/de\/shop\/"},{"@type":"ListItem","position":3,"name":"Facit Khaki-Hose \u2013 Hergestellt in Italien"}]},{"@type":"WebSite","@id":"https:\/\/vintagellamoda.com\/de\/#website","url":"https:\/\/vintagellamoda.com\/de\/","name":"Vintagella Moda","description":"Italo vintage moda \u2014 Italian vintage fashion","publisher":{"@id":"https:\/\/vintagellamoda.com\/de\/#organization"},"potentialAction":[{"@type":"SearchAction","target":{"@type":"EntryPoint","urlTemplate":"https:\/\/vintagellamoda.com\/de\/?s={search_term_string}"},"query-input":{"@type":"PropertyValueSpecification","valueRequired":true,"valueName":"search_term_string"}}],"inLanguage":"de"},{"@type":"Organization","@id":"https:\/\/vintagellamoda.com\/de\/#organization","name":"Vintagella Moda","url":"https:\/\/vintagellamoda.com\/de\/","logo":{"@type":"ImageObject","inLanguage":"de","@id":"https:\/\/vintagellamoda.com\/de\/#\/schema\/logo\/image\/","url":"https:\/\/vintagellamoda.com\/wp-content\/uploads\/2025\/11\/favicon.png","contentUrl":"https:\/\/vintagellamoda.com\/wp-content\/uploads\/2025\/11\/favicon.png","width":2000,"height":2000,"caption":"Vintagella Moda"},"image":{"@id":"https:\/\/vintagellamoda.com\/de\/#\/schema\/logo\/image\/"},"sameAs":["https:\/\/www.facebook.com\/profile.php?id=61583665421269","https:\/\/www.instagram.com\/vintagellamoda\/","https:\/\/de.pinterest.com\/vintagellamoda"]}]}},"_links":{"self":[{"href":"https:\/\/vintagellamoda.com\/de\/wp-json\/wp\/v2\/product\/5307","targetHints":{"allow":["GET"]}}],"collection":[{"href":"https:\/\/vintagellamoda.com\/de\/wp-json\/wp\/v2\/product"}],"about":[{"href":"https:\/\/vintagellamoda.com\/de\/wp-json\/wp\/v2\/types\/product"}],"replies":[{"embeddable":true,"href":"https:\/\/vintagellamoda.com\/de\/wp-json\/wp\/v2\/comments?post=5307"}],"wp:featuredmedia":[{"embeddable":true,"href":"https:\/\/vintagellamoda.com\/de\/wp-json\/wp\/v2\/media\/5308"}],"wp:attachment":[{"href":"https:\/\/vintagellamoda.com\/de\/wp-json\/wp\/v2\/media?parent=5307"}],"wp:term":[{"taxonomy":"product_brand","embeddable":true,"href":"https:\/\/vintagellamoda.com\/de\/wp-json\/wp\/v2\/product_brand?post=5307"},{"taxonomy":"product_cat","embeddable":true,"href":"https:\/\/vintagellamoda.com\/de\/wp-json\/wp\/v2\/product_cat?post=5307"},{"taxonomy":"product_tag","embeddable":true,"href":"https:\/\/vintagellamoda.com\/de\/wp-json\/wp\/v2\/product_tag?post=5307"}],"curies":[{"name":"wp","href":"https:\/\/api.w.org\/{rel}","templated":true}]}}