{"id":5302,"date":"2025-03-21T09:07:30","date_gmt":"2025-03-21T09:07:30","guid":{"rendered":"https:\/\/vintagellamoda.com\/product\/khakibraune-hose-hergestellt-in-italien\/"},"modified":"2025-12-09T19:54:40","modified_gmt":"2025-12-09T19:54:40","slug":"khakibraune-hose-hergestellt-in-italien","status":"publish","type":"product","link":"https:\/\/vintagellamoda.com\/de\/produkt\/khakibraune-hose-hergestellt-in-italien\/","title":{"rendered":"Khakibraune Hose \u2013 Hergestellt in Italien"},"content":{"rendered":"<p><strong>Khakibraune Hose \u2013 Hergestellt in Italien<\/strong><\/p>\n<p>Diese l\u00e4ssige Baumwollhose von Bel Paese ist vielseitig kombinierbar. Klassisch passt sie zu reinem Wei\u00df, aber auch helle Braunt\u00f6ne oder Pastellfarben harmonieren perfekt. Kombinieren Sie sie mit Oberteilen in zarten T\u00f6nen wie Hellblau, Mintgr\u00fcn, Ros\u00e9 oder Flieder, um dem Outfit kontrastreiche Akzente zu verleihen. Auch Pastellfarben, die an italienische Eisdielen erinnern, wie Vanille, Aprikose, Erdbeere und Pistazie, passen hervorragend. Tragen Sie dazu wei\u00dfe Sneaker oder, f\u00fcr einen Strand-Look, Segelschuhe oder Espadrilles. Und nat\u00fcrlich darf ein italienisches Gelato als besonderes \u201eAccessoire\u201c nicht fehlen.     <\/p>\n","protected":false},"excerpt":{"rendered":"<p>Marke: nicht angegeben<br \/>\nHerkunftsland: Hergestellt in Italien<br \/>\nFarbe: Schokoladenbraun\/Khaki<br \/>\nGr\u00f6\u00dfe: IT L4, DE S<br \/>\nBauchweite: 32 cm<br \/>\nH\u00fcftweite: 51 cm<br \/>\nBeinweite: 20 cm<br \/>\nGesamtl\u00e4nge: 95 cm<br \/>\nMaterial: Baumwolle (Details nicht angegeben)<br \/>\nPflegehinweise: Maschinenw\u00e4sche 30 \u00b0C<br \/>\nZustand: gut\/sehr gut<br \/>\nArtikelnummer: Art-20<\/p>\n","protected":false},"featured_media":5303,"comment_status":"open","ping_status":"closed","template":"","meta":[],"product_brand":[361],"product_cat":[549,515,698,528,599,503],"product_tag":[556,699,534,533,701,700],"class_list":{"0":"post-5302","1":"product","2":"type-product","3":"status-publish","4":"has-post-thumbnail","6":"product_brand-bel-paese","7":"product_cat-baumwolle","8":"product_cat-damenhosen","9":"product_cat-erdtone-braun-khaki-oliv","10":"product_cat-fruehling-sommer","11":"product_cat-lassig","12":"product_cat-nicht-kategorisiert","13":"product_tag-daywear","14":"product_tag-farbflexibel","15":"product_tag-maschinenwaschbar","16":"product_tag-mit-taschen","17":"product_tag-neutrale-basis","18":"product_tag-weicher-stoff","20":"first","21":"instock","22":"sold-individually","23":"shipping-taxable","24":"purchasable","25":"product-type-simple"},"yoast_head":"<!-- This site is optimized with the Yoast SEO plugin v27.3 - https:\/\/yoast.com\/product\/yoast-seo-wordpress\/ -->\n<title>Khakibraune Baumwollhose \u2013 Hergestellt in Italien<\/title>\n<meta name=\"description\" content=\"Vielseitige, khakibraune Baumwollhose, perfekt f\u00fcr l\u00e4ssige Fr\u00fchlings- und Sommeroutfits. Passt hervorragend zu Pastellt\u00f6nen, wei\u00dfen Sneakern oder Espadrilles. Hergestellt in Italien.\" \/>\n<meta name=\"robots\" content=\"index, follow, max-snippet:-1, max-image-preview:large, max-video-preview:-1\" \/>\n<link rel=\"canonical\" href=\"https:\/\/vintagellamoda.com\/de\/produkt\/khakibraune-hose-hergestellt-in-italien\/\" \/>\n<meta property=\"og:locale\" content=\"de_DE\" \/>\n<meta property=\"og:type\" content=\"article\" \/>\n<meta property=\"og:title\" content=\"Khakibraune Baumwollhose \u2013 Hergestellt in Italien\" \/>\n<meta property=\"og:description\" content=\"Vielseitige, khakibraune Baumwollhose, perfekt f\u00fcr l\u00e4ssige Fr\u00fchlings- und Sommeroutfits. Passt hervorragend zu Pastellt\u00f6nen, wei\u00dfen Sneakern oder Espadrilles. Hergestellt in Italien.\" \/>\n<meta property=\"og:url\" content=\"https:\/\/vintagellamoda.com\/de\/produkt\/khakibraune-hose-hergestellt-in-italien\/\" \/>\n<meta property=\"og:site_name\" content=\"Vintagella Moda\" \/>\n<meta property=\"article:publisher\" content=\"https:\/\/www.facebook.com\/profile.php?id=61583665421269\" \/>\n<meta property=\"article:modified_time\" content=\"2025-12-09T19:54:40+00:00\" \/>\n<meta property=\"og:image\" content=\"https:\/\/vintagellamoda.com\/wp-content\/uploads\/2025\/02\/IMG_0532-scaled.jpg\" \/>\n\t<meta property=\"og:image:width\" content=\"1707\" \/>\n\t<meta property=\"og:image:height\" content=\"2560\" \/>\n\t<meta property=\"og:image:type\" content=\"image\/jpeg\" \/>\n<meta name=\"twitter:card\" content=\"summary_large_image\" \/>\n<script type=\"application\/ld+json\" class=\"yoast-schema-graph\">{\"@context\":\"https:\\\/\\\/schema.org\",\"@graph\":[{\"@type\":\"WebPage\",\"@id\":\"https:\\\/\\\/vintagellamoda.com\\\/de\\\/produkt\\\/khakibraune-hose-hergestellt-in-italien\\\/\",\"url\":\"https:\\\/\\\/vintagellamoda.com\\\/de\\\/produkt\\\/khakibraune-hose-hergestellt-in-italien\\\/\",\"name\":\"Khakibraune Baumwollhose \u2013 Hergestellt in Italien\",\"isPartOf\":{\"@id\":\"https:\\\/\\\/vintagellamoda.com\\\/de\\\/#website\"},\"primaryImageOfPage\":{\"@id\":\"https:\\\/\\\/vintagellamoda.com\\\/de\\\/produkt\\\/khakibraune-hose-hergestellt-in-italien\\\/#primaryimage\"},\"image\":{\"@id\":\"https:\\\/\\\/vintagellamoda.com\\\/de\\\/produkt\\\/khakibraune-hose-hergestellt-in-italien\\\/#primaryimage\"},\"thumbnailUrl\":\"https:\\\/\\\/vintagellamoda.com\\\/wp-content\\\/uploads\\\/2025\\\/02\\\/IMG_0532-scaled.jpg\",\"datePublished\":\"2025-03-21T09:07:30+00:00\",\"dateModified\":\"2025-12-09T19:54:40+00:00\",\"description\":\"Vielseitige, khakibraune Baumwollhose, perfekt f\u00fcr l\u00e4ssige Fr\u00fchlings- und Sommeroutfits. Passt hervorragend zu Pastellt\u00f6nen, wei\u00dfen Sneakern oder Espadrilles. Hergestellt in Italien.\",\"breadcrumb\":{\"@id\":\"https:\\\/\\\/vintagellamoda.com\\\/de\\\/produkt\\\/khakibraune-hose-hergestellt-in-italien\\\/#breadcrumb\"},\"inLanguage\":\"de\",\"potentialAction\":[{\"@type\":\"ReadAction\",\"target\":[\"https:\\\/\\\/vintagellamoda.com\\\/de\\\/produkt\\\/khakibraune-hose-hergestellt-in-italien\\\/\"]}]},{\"@type\":\"ImageObject\",\"inLanguage\":\"de\",\"@id\":\"https:\\\/\\\/vintagellamoda.com\\\/de\\\/produkt\\\/khakibraune-hose-hergestellt-in-italien\\\/#primaryimage\",\"url\":\"https:\\\/\\\/vintagellamoda.com\\\/wp-content\\\/uploads\\\/2025\\\/02\\\/IMG_0532-scaled.jpg\",\"contentUrl\":\"https:\\\/\\\/vintagellamoda.com\\\/wp-content\\\/uploads\\\/2025\\\/02\\\/IMG_0532-scaled.jpg\",\"width\":1707,\"height\":2560},{\"@type\":\"BreadcrumbList\",\"@id\":\"https:\\\/\\\/vintagellamoda.com\\\/de\\\/produkt\\\/khakibraune-hose-hergestellt-in-italien\\\/#breadcrumb\",\"itemListElement\":[{\"@type\":\"ListItem\",\"position\":1,\"name\":\"Home\",\"item\":\"https:\\\/\\\/vintagellamoda.com\\\/de\\\/\"},{\"@type\":\"ListItem\",\"position\":2,\"name\":\"Shop\",\"item\":\"https:\\\/\\\/vintagellamoda.com\\\/de\\\/shop\\\/\"},{\"@type\":\"ListItem\",\"position\":3,\"name\":\"Khakibraune Hose \u2013 Hergestellt in Italien\"}]},{\"@type\":\"WebSite\",\"@id\":\"https:\\\/\\\/vintagellamoda.com\\\/de\\\/#website\",\"url\":\"https:\\\/\\\/vintagellamoda.com\\\/de\\\/\",\"name\":\"Vintagella Moda\",\"description\":\"Italo vintage moda \u2014 Italian vintage fashion\",\"publisher\":{\"@id\":\"https:\\\/\\\/vintagellamoda.com\\\/de\\\/#organization\"},\"potentialAction\":[{\"@type\":\"SearchAction\",\"target\":{\"@type\":\"EntryPoint\",\"urlTemplate\":\"https:\\\/\\\/vintagellamoda.com\\\/de\\\/?s={search_term_string}\"},\"query-input\":{\"@type\":\"PropertyValueSpecification\",\"valueRequired\":true,\"valueName\":\"search_term_string\"}}],\"inLanguage\":\"de\"},{\"@type\":\"Organization\",\"@id\":\"https:\\\/\\\/vintagellamoda.com\\\/de\\\/#organization\",\"name\":\"Vintagella Moda\",\"url\":\"https:\\\/\\\/vintagellamoda.com\\\/de\\\/\",\"logo\":{\"@type\":\"ImageObject\",\"inLanguage\":\"de\",\"@id\":\"https:\\\/\\\/vintagellamoda.com\\\/de\\\/#\\\/schema\\\/logo\\\/image\\\/\",\"url\":\"https:\\\/\\\/vintagellamoda.com\\\/wp-content\\\/uploads\\\/2025\\\/11\\\/favicon.png\",\"contentUrl\":\"https:\\\/\\\/vintagellamoda.com\\\/wp-content\\\/uploads\\\/2025\\\/11\\\/favicon.png\",\"width\":2000,\"height\":2000,\"caption\":\"Vintagella Moda\"},\"image\":{\"@id\":\"https:\\\/\\\/vintagellamoda.com\\\/de\\\/#\\\/schema\\\/logo\\\/image\\\/\"},\"sameAs\":[\"https:\\\/\\\/www.facebook.com\\\/profile.php?id=61583665421269\",\"https:\\\/\\\/www.instagram.com\\\/vintagellamoda\\\/\",\"https:\\\/\\\/de.pinterest.com\\\/vintagellamoda\"]}]}<\/script>\n<!-- \/ Yoast SEO plugin. -->","yoast_head_json":{"title":"Khakibraune Baumwollhose \u2013 Hergestellt in Italien","description":"Vielseitige, khakibraune Baumwollhose, perfekt f\u00fcr l\u00e4ssige Fr\u00fchlings- und Sommeroutfits. Passt hervorragend zu Pastellt\u00f6nen, wei\u00dfen Sneakern oder Espadrilles. Hergestellt in Italien.","robots":{"index":"index","follow":"follow","max-snippet":"max-snippet:-1","max-image-preview":"max-image-preview:large","max-video-preview":"max-video-preview:-1"},"canonical":"https:\/\/vintagellamoda.com\/de\/produkt\/khakibraune-hose-hergestellt-in-italien\/","og_locale":"de_DE","og_type":"article","og_title":"Khakibraune Baumwollhose \u2013 Hergestellt in Italien","og_description":"Vielseitige, khakibraune Baumwollhose, perfekt f\u00fcr l\u00e4ssige Fr\u00fchlings- und Sommeroutfits. Passt hervorragend zu Pastellt\u00f6nen, wei\u00dfen Sneakern oder Espadrilles. Hergestellt in Italien.","og_url":"https:\/\/vintagellamoda.com\/de\/produkt\/khakibraune-hose-hergestellt-in-italien\/","og_site_name":"Vintagella Moda","article_publisher":"https:\/\/www.facebook.com\/profile.php?id=61583665421269","article_modified_time":"2025-12-09T19:54:40+00:00","og_image":[{"width":1707,"height":2560,"url":"https:\/\/vintagellamoda.com\/wp-content\/uploads\/2025\/02\/IMG_0532-scaled.jpg","type":"image\/jpeg"}],"twitter_card":"summary_large_image","schema":{"@context":"https:\/\/schema.org","@graph":[{"@type":"WebPage","@id":"https:\/\/vintagellamoda.com\/de\/produkt\/khakibraune-hose-hergestellt-in-italien\/","url":"https:\/\/vintagellamoda.com\/de\/produkt\/khakibraune-hose-hergestellt-in-italien\/","name":"Khakibraune Baumwollhose \u2013 Hergestellt in Italien","isPartOf":{"@id":"https:\/\/vintagellamoda.com\/de\/#website"},"primaryImageOfPage":{"@id":"https:\/\/vintagellamoda.com\/de\/produkt\/khakibraune-hose-hergestellt-in-italien\/#primaryimage"},"image":{"@id":"https:\/\/vintagellamoda.com\/de\/produkt\/khakibraune-hose-hergestellt-in-italien\/#primaryimage"},"thumbnailUrl":"https:\/\/vintagellamoda.com\/wp-content\/uploads\/2025\/02\/IMG_0532-scaled.jpg","datePublished":"2025-03-21T09:07:30+00:00","dateModified":"2025-12-09T19:54:40+00:00","description":"Vielseitige, khakibraune Baumwollhose, perfekt f\u00fcr l\u00e4ssige Fr\u00fchlings- und Sommeroutfits. Passt hervorragend zu Pastellt\u00f6nen, wei\u00dfen Sneakern oder Espadrilles. Hergestellt in Italien.","breadcrumb":{"@id":"https:\/\/vintagellamoda.com\/de\/produkt\/khakibraune-hose-hergestellt-in-italien\/#breadcrumb"},"inLanguage":"de","potentialAction":[{"@type":"ReadAction","target":["https:\/\/vintagellamoda.com\/de\/produkt\/khakibraune-hose-hergestellt-in-italien\/"]}]},{"@type":"ImageObject","inLanguage":"de","@id":"https:\/\/vintagellamoda.com\/de\/produkt\/khakibraune-hose-hergestellt-in-italien\/#primaryimage","url":"https:\/\/vintagellamoda.com\/wp-content\/uploads\/2025\/02\/IMG_0532-scaled.jpg","contentUrl":"https:\/\/vintagellamoda.com\/wp-content\/uploads\/2025\/02\/IMG_0532-scaled.jpg","width":1707,"height":2560},{"@type":"BreadcrumbList","@id":"https:\/\/vintagellamoda.com\/de\/produkt\/khakibraune-hose-hergestellt-in-italien\/#breadcrumb","itemListElement":[{"@type":"ListItem","position":1,"name":"Home","item":"https:\/\/vintagellamoda.com\/de\/"},{"@type":"ListItem","position":2,"name":"Shop","item":"https:\/\/vintagellamoda.com\/de\/shop\/"},{"@type":"ListItem","position":3,"name":"Khakibraune Hose \u2013 Hergestellt in Italien"}]},{"@type":"WebSite","@id":"https:\/\/vintagellamoda.com\/de\/#website","url":"https:\/\/vintagellamoda.com\/de\/","name":"Vintagella Moda","description":"Italo vintage moda \u2014 Italian vintage fashion","publisher":{"@id":"https:\/\/vintagellamoda.com\/de\/#organization"},"potentialAction":[{"@type":"SearchAction","target":{"@type":"EntryPoint","urlTemplate":"https:\/\/vintagellamoda.com\/de\/?s={search_term_string}"},"query-input":{"@type":"PropertyValueSpecification","valueRequired":true,"valueName":"search_term_string"}}],"inLanguage":"de"},{"@type":"Organization","@id":"https:\/\/vintagellamoda.com\/de\/#organization","name":"Vintagella Moda","url":"https:\/\/vintagellamoda.com\/de\/","logo":{"@type":"ImageObject","inLanguage":"de","@id":"https:\/\/vintagellamoda.com\/de\/#\/schema\/logo\/image\/","url":"https:\/\/vintagellamoda.com\/wp-content\/uploads\/2025\/11\/favicon.png","contentUrl":"https:\/\/vintagellamoda.com\/wp-content\/uploads\/2025\/11\/favicon.png","width":2000,"height":2000,"caption":"Vintagella Moda"},"image":{"@id":"https:\/\/vintagellamoda.com\/de\/#\/schema\/logo\/image\/"},"sameAs":["https:\/\/www.facebook.com\/profile.php?id=61583665421269","https:\/\/www.instagram.com\/vintagellamoda\/","https:\/\/de.pinterest.com\/vintagellamoda"]}]}},"_links":{"self":[{"href":"https:\/\/vintagellamoda.com\/de\/wp-json\/wp\/v2\/product\/5302","targetHints":{"allow":["GET"]}}],"collection":[{"href":"https:\/\/vintagellamoda.com\/de\/wp-json\/wp\/v2\/product"}],"about":[{"href":"https:\/\/vintagellamoda.com\/de\/wp-json\/wp\/v2\/types\/product"}],"replies":[{"embeddable":true,"href":"https:\/\/vintagellamoda.com\/de\/wp-json\/wp\/v2\/comments?post=5302"}],"wp:featuredmedia":[{"embeddable":true,"href":"https:\/\/vintagellamoda.com\/de\/wp-json\/wp\/v2\/media\/5303"}],"wp:attachment":[{"href":"https:\/\/vintagellamoda.com\/de\/wp-json\/wp\/v2\/media?parent=5302"}],"wp:term":[{"taxonomy":"product_brand","embeddable":true,"href":"https:\/\/vintagellamoda.com\/de\/wp-json\/wp\/v2\/product_brand?post=5302"},{"taxonomy":"product_cat","embeddable":true,"href":"https:\/\/vintagellamoda.com\/de\/wp-json\/wp\/v2\/product_cat?post=5302"},{"taxonomy":"product_tag","embeddable":true,"href":"https:\/\/vintagellamoda.com\/de\/wp-json\/wp\/v2\/product_tag?post=5302"}],"curies":[{"name":"wp","href":"https:\/\/api.w.org\/{rel}","templated":true}]}}