{"id":5299,"date":"2025-03-21T09:24:39","date_gmt":"2025-03-21T09:24:39","guid":{"rendered":"https:\/\/vintagellamoda.com\/product\/weisse-hose-97-baumwolle-hergestellt-in-italien\/"},"modified":"2025-12-09T19:58:11","modified_gmt":"2025-12-09T19:58:11","slug":"weisse-hose-97-baumwolle-hergestellt-in-italien","status":"publish","type":"product","link":"https:\/\/vintagellamoda.com\/de\/produkt\/weisse-hose-97-baumwolle-hergestellt-in-italien\/","title":{"rendered":"Wei\u00dfe Hose, 97 % Baumwolle \u2013 Hergestellt in Italien"},"content":{"rendered":"<p><strong>Hose, 97 % Baumwolle \u2013 Hergestellt in Italien<\/strong><\/p>\n<p>Diese Baumwollhose mit Metallnieten ist ideal f\u00fcr einen sommerlichen Look. Die kleinen, hoch angesetzten Ges\u00e4\u00dftaschen zaubern eine schlanke Silhouette. Sie l\u00e4sst sich gut mit neutralen Farben, Pastellt\u00f6nen und kr\u00e4ftigen Farben kombinieren. In Kombination mit einem klassischen wei\u00df-blau gestreiften T-Shirt entsteht ein maritimer Look, der durch blaue Bootsschuhe und eine geflochtene Tasche abgerundet wird. Maschinenwaschbar bei 30 Grad. Es sind keine sichtbaren M\u00e4ngel vorhanden.     <\/p>\n","protected":false},"excerpt":{"rendered":"<p>Herkunftsland: Hergestellt in Italien<br data-start=\"158\" data-end=\"161\">Marke: Fehlende Etikette<br data-start=\"189\" data-end=\"192\">Farbe: Echtwei\u00df<br data-start=\"214\" data-end=\"217\">Gr\u00f6\u00dfe: IT 48<br data-start=\"232\" data-end=\"235\">Bauchbreite: 40 cm<br data-start=\"257\" data-end=\"260\">H\u00fcftbreite: 25 cm<br data-start=\"280\" data-end=\"283\">Beinbreite: 21 cm<br data-start=\"303\" data-end=\"306\">Gesamtl\u00e4nge: 73 cm<br data-start=\"329\" data-end=\"332\">Material: 97 % Baumwolle, 3 % Elasthan<br data-start=\"370\" data-end=\"373\">Pflegehinweise: Maschinenw\u00e4sche bei 30 Grad<br data-start=\"419\" data-end=\"422\">Zustand: gut\/sehr gut<br data-start=\"460\" data-end=\"463\">Artikelnummer: Art. 21<\/p>\n","protected":false},"featured_media":5288,"comment_status":"open","ping_status":"closed","template":"","meta":[],"product_brand":[164],"product_cat":[549,515,528,563,503,562],"product_tag":[556,535,534,692,533,694,693],"class_list":{"0":"post-5299","1":"product","2":"type-product","3":"status-publish","4":"has-post-thumbnail","6":"product_brand-etiquette-missing","7":"product_cat-baumwolle","8":"product_cat-damenhosen","9":"product_cat-fruehling-sommer","10":"product_cat-neutrale-farben-weis-beige-grau","11":"product_cat-nicht-kategorisiert","12":"product_cat-sommerferien","13":"product_tag-daywear","14":"product_tag-laessig","15":"product_tag-maschinenwaschbar","16":"product_tag-metallnieten","17":"product_tag-mit-taschen","18":"product_tag-nautischer-look","19":"product_tag-slim-fit","21":"first","22":"instock","23":"sold-individually","24":"shipping-taxable","25":"purchasable","26":"product-type-simple"},"yoast_head":"<!-- This site is optimized with the Yoast SEO plugin v27.3 - https:\/\/yoast.com\/product\/yoast-seo-wordpress\/ -->\n<title>Wei\u00dfe Baumwollhose \u2013 Hergestellt in Italien<\/title>\n<meta name=\"description\" content=\"Stylische wei\u00dfe Baumwollhose, perfekt f\u00fcr den Sommer. Schmal geschnitten, mit hohen Ges\u00e4\u00dftaschen und Metallnieten. Passt hervorragend zu maritimen Oberteilen. Maschinenwaschbar, hergestellt in Italien.\" \/>\n<meta name=\"robots\" content=\"index, follow, max-snippet:-1, max-image-preview:large, max-video-preview:-1\" \/>\n<link rel=\"canonical\" href=\"https:\/\/vintagellamoda.com\/de\/produkt\/weisse-hose-97-baumwolle-hergestellt-in-italien\/\" \/>\n<meta property=\"og:locale\" content=\"de_DE\" \/>\n<meta property=\"og:type\" content=\"article\" \/>\n<meta property=\"og:title\" content=\"Wei\u00dfe Baumwollhose \u2013 Hergestellt in Italien\" \/>\n<meta property=\"og:description\" content=\"Stylische wei\u00dfe Baumwollhose, perfekt f\u00fcr den Sommer. Schmal geschnitten, mit hohen Ges\u00e4\u00dftaschen und Metallnieten. Passt hervorragend zu maritimen Oberteilen. Maschinenwaschbar, hergestellt in Italien.\" \/>\n<meta property=\"og:url\" content=\"https:\/\/vintagellamoda.com\/de\/produkt\/weisse-hose-97-baumwolle-hergestellt-in-italien\/\" \/>\n<meta property=\"og:site_name\" content=\"Vintagella Moda\" \/>\n<meta property=\"article:publisher\" content=\"https:\/\/www.facebook.com\/profile.php?id=61583665421269\" \/>\n<meta property=\"article:modified_time\" content=\"2025-12-09T19:58:11+00:00\" \/>\n<meta property=\"og:image\" content=\"https:\/\/vintagellamoda.com\/wp-content\/uploads\/2025\/02\/IMG_0535-scaled.jpg\" \/>\n\t<meta property=\"og:image:width\" content=\"1707\" \/>\n\t<meta property=\"og:image:height\" content=\"2560\" \/>\n\t<meta property=\"og:image:type\" content=\"image\/jpeg\" \/>\n<meta name=\"twitter:card\" content=\"summary_large_image\" \/>\n<script type=\"application\/ld+json\" class=\"yoast-schema-graph\">{\"@context\":\"https:\\\/\\\/schema.org\",\"@graph\":[{\"@type\":\"WebPage\",\"@id\":\"https:\\\/\\\/vintagellamoda.com\\\/de\\\/produkt\\\/weisse-hose-97-baumwolle-hergestellt-in-italien\\\/\",\"url\":\"https:\\\/\\\/vintagellamoda.com\\\/de\\\/produkt\\\/weisse-hose-97-baumwolle-hergestellt-in-italien\\\/\",\"name\":\"Wei\u00dfe Baumwollhose \u2013 Hergestellt in Italien\",\"isPartOf\":{\"@id\":\"https:\\\/\\\/vintagellamoda.com\\\/de\\\/#website\"},\"primaryImageOfPage\":{\"@id\":\"https:\\\/\\\/vintagellamoda.com\\\/de\\\/produkt\\\/weisse-hose-97-baumwolle-hergestellt-in-italien\\\/#primaryimage\"},\"image\":{\"@id\":\"https:\\\/\\\/vintagellamoda.com\\\/de\\\/produkt\\\/weisse-hose-97-baumwolle-hergestellt-in-italien\\\/#primaryimage\"},\"thumbnailUrl\":\"https:\\\/\\\/vintagellamoda.com\\\/wp-content\\\/uploads\\\/2025\\\/02\\\/IMG_0535-scaled.jpg\",\"datePublished\":\"2025-03-21T09:24:39+00:00\",\"dateModified\":\"2025-12-09T19:58:11+00:00\",\"description\":\"Stylische wei\u00dfe Baumwollhose, perfekt f\u00fcr den Sommer. Schmal geschnitten, mit hohen Ges\u00e4\u00dftaschen und Metallnieten. Passt hervorragend zu maritimen Oberteilen. Maschinenwaschbar, hergestellt in Italien.\",\"breadcrumb\":{\"@id\":\"https:\\\/\\\/vintagellamoda.com\\\/de\\\/produkt\\\/weisse-hose-97-baumwolle-hergestellt-in-italien\\\/#breadcrumb\"},\"inLanguage\":\"de\",\"potentialAction\":[{\"@type\":\"ReadAction\",\"target\":[\"https:\\\/\\\/vintagellamoda.com\\\/de\\\/produkt\\\/weisse-hose-97-baumwolle-hergestellt-in-italien\\\/\"]}]},{\"@type\":\"ImageObject\",\"inLanguage\":\"de\",\"@id\":\"https:\\\/\\\/vintagellamoda.com\\\/de\\\/produkt\\\/weisse-hose-97-baumwolle-hergestellt-in-italien\\\/#primaryimage\",\"url\":\"https:\\\/\\\/vintagellamoda.com\\\/wp-content\\\/uploads\\\/2025\\\/02\\\/IMG_0535-scaled.jpg\",\"contentUrl\":\"https:\\\/\\\/vintagellamoda.com\\\/wp-content\\\/uploads\\\/2025\\\/02\\\/IMG_0535-scaled.jpg\",\"width\":1707,\"height\":2560},{\"@type\":\"BreadcrumbList\",\"@id\":\"https:\\\/\\\/vintagellamoda.com\\\/de\\\/produkt\\\/weisse-hose-97-baumwolle-hergestellt-in-italien\\\/#breadcrumb\",\"itemListElement\":[{\"@type\":\"ListItem\",\"position\":1,\"name\":\"Home\",\"item\":\"https:\\\/\\\/vintagellamoda.com\\\/de\\\/\"},{\"@type\":\"ListItem\",\"position\":2,\"name\":\"Shop\",\"item\":\"https:\\\/\\\/vintagellamoda.com\\\/de\\\/shop\\\/\"},{\"@type\":\"ListItem\",\"position\":3,\"name\":\"Wei\u00dfe Hose, 97 % Baumwolle \u2013 Hergestellt in Italien\"}]},{\"@type\":\"WebSite\",\"@id\":\"https:\\\/\\\/vintagellamoda.com\\\/de\\\/#website\",\"url\":\"https:\\\/\\\/vintagellamoda.com\\\/de\\\/\",\"name\":\"Vintagella Moda\",\"description\":\"Italo vintage moda \u2014 Italian vintage fashion\",\"publisher\":{\"@id\":\"https:\\\/\\\/vintagellamoda.com\\\/de\\\/#organization\"},\"potentialAction\":[{\"@type\":\"SearchAction\",\"target\":{\"@type\":\"EntryPoint\",\"urlTemplate\":\"https:\\\/\\\/vintagellamoda.com\\\/de\\\/?s={search_term_string}\"},\"query-input\":{\"@type\":\"PropertyValueSpecification\",\"valueRequired\":true,\"valueName\":\"search_term_string\"}}],\"inLanguage\":\"de\"},{\"@type\":\"Organization\",\"@id\":\"https:\\\/\\\/vintagellamoda.com\\\/de\\\/#organization\",\"name\":\"Vintagella Moda\",\"url\":\"https:\\\/\\\/vintagellamoda.com\\\/de\\\/\",\"logo\":{\"@type\":\"ImageObject\",\"inLanguage\":\"de\",\"@id\":\"https:\\\/\\\/vintagellamoda.com\\\/de\\\/#\\\/schema\\\/logo\\\/image\\\/\",\"url\":\"https:\\\/\\\/vintagellamoda.com\\\/wp-content\\\/uploads\\\/2025\\\/11\\\/favicon.png\",\"contentUrl\":\"https:\\\/\\\/vintagellamoda.com\\\/wp-content\\\/uploads\\\/2025\\\/11\\\/favicon.png\",\"width\":2000,\"height\":2000,\"caption\":\"Vintagella Moda\"},\"image\":{\"@id\":\"https:\\\/\\\/vintagellamoda.com\\\/de\\\/#\\\/schema\\\/logo\\\/image\\\/\"},\"sameAs\":[\"https:\\\/\\\/www.facebook.com\\\/profile.php?id=61583665421269\",\"https:\\\/\\\/www.instagram.com\\\/vintagellamoda\\\/\",\"https:\\\/\\\/de.pinterest.com\\\/vintagellamoda\"]}]}<\/script>\n<!-- \/ Yoast SEO plugin. -->","yoast_head_json":{"title":"Wei\u00dfe Baumwollhose \u2013 Hergestellt in Italien","description":"Stylische wei\u00dfe Baumwollhose, perfekt f\u00fcr den Sommer. Schmal geschnitten, mit hohen Ges\u00e4\u00dftaschen und Metallnieten. Passt hervorragend zu maritimen Oberteilen. Maschinenwaschbar, hergestellt in Italien.","robots":{"index":"index","follow":"follow","max-snippet":"max-snippet:-1","max-image-preview":"max-image-preview:large","max-video-preview":"max-video-preview:-1"},"canonical":"https:\/\/vintagellamoda.com\/de\/produkt\/weisse-hose-97-baumwolle-hergestellt-in-italien\/","og_locale":"de_DE","og_type":"article","og_title":"Wei\u00dfe Baumwollhose \u2013 Hergestellt in Italien","og_description":"Stylische wei\u00dfe Baumwollhose, perfekt f\u00fcr den Sommer. Schmal geschnitten, mit hohen Ges\u00e4\u00dftaschen und Metallnieten. Passt hervorragend zu maritimen Oberteilen. Maschinenwaschbar, hergestellt in Italien.","og_url":"https:\/\/vintagellamoda.com\/de\/produkt\/weisse-hose-97-baumwolle-hergestellt-in-italien\/","og_site_name":"Vintagella Moda","article_publisher":"https:\/\/www.facebook.com\/profile.php?id=61583665421269","article_modified_time":"2025-12-09T19:58:11+00:00","og_image":[{"width":1707,"height":2560,"url":"https:\/\/vintagellamoda.com\/wp-content\/uploads\/2025\/02\/IMG_0535-scaled.jpg","type":"image\/jpeg"}],"twitter_card":"summary_large_image","schema":{"@context":"https:\/\/schema.org","@graph":[{"@type":"WebPage","@id":"https:\/\/vintagellamoda.com\/de\/produkt\/weisse-hose-97-baumwolle-hergestellt-in-italien\/","url":"https:\/\/vintagellamoda.com\/de\/produkt\/weisse-hose-97-baumwolle-hergestellt-in-italien\/","name":"Wei\u00dfe Baumwollhose \u2013 Hergestellt in Italien","isPartOf":{"@id":"https:\/\/vintagellamoda.com\/de\/#website"},"primaryImageOfPage":{"@id":"https:\/\/vintagellamoda.com\/de\/produkt\/weisse-hose-97-baumwolle-hergestellt-in-italien\/#primaryimage"},"image":{"@id":"https:\/\/vintagellamoda.com\/de\/produkt\/weisse-hose-97-baumwolle-hergestellt-in-italien\/#primaryimage"},"thumbnailUrl":"https:\/\/vintagellamoda.com\/wp-content\/uploads\/2025\/02\/IMG_0535-scaled.jpg","datePublished":"2025-03-21T09:24:39+00:00","dateModified":"2025-12-09T19:58:11+00:00","description":"Stylische wei\u00dfe Baumwollhose, perfekt f\u00fcr den Sommer. Schmal geschnitten, mit hohen Ges\u00e4\u00dftaschen und Metallnieten. Passt hervorragend zu maritimen Oberteilen. Maschinenwaschbar, hergestellt in Italien.","breadcrumb":{"@id":"https:\/\/vintagellamoda.com\/de\/produkt\/weisse-hose-97-baumwolle-hergestellt-in-italien\/#breadcrumb"},"inLanguage":"de","potentialAction":[{"@type":"ReadAction","target":["https:\/\/vintagellamoda.com\/de\/produkt\/weisse-hose-97-baumwolle-hergestellt-in-italien\/"]}]},{"@type":"ImageObject","inLanguage":"de","@id":"https:\/\/vintagellamoda.com\/de\/produkt\/weisse-hose-97-baumwolle-hergestellt-in-italien\/#primaryimage","url":"https:\/\/vintagellamoda.com\/wp-content\/uploads\/2025\/02\/IMG_0535-scaled.jpg","contentUrl":"https:\/\/vintagellamoda.com\/wp-content\/uploads\/2025\/02\/IMG_0535-scaled.jpg","width":1707,"height":2560},{"@type":"BreadcrumbList","@id":"https:\/\/vintagellamoda.com\/de\/produkt\/weisse-hose-97-baumwolle-hergestellt-in-italien\/#breadcrumb","itemListElement":[{"@type":"ListItem","position":1,"name":"Home","item":"https:\/\/vintagellamoda.com\/de\/"},{"@type":"ListItem","position":2,"name":"Shop","item":"https:\/\/vintagellamoda.com\/de\/shop\/"},{"@type":"ListItem","position":3,"name":"Wei\u00dfe Hose, 97 % Baumwolle \u2013 Hergestellt in Italien"}]},{"@type":"WebSite","@id":"https:\/\/vintagellamoda.com\/de\/#website","url":"https:\/\/vintagellamoda.com\/de\/","name":"Vintagella Moda","description":"Italo vintage moda \u2014 Italian vintage fashion","publisher":{"@id":"https:\/\/vintagellamoda.com\/de\/#organization"},"potentialAction":[{"@type":"SearchAction","target":{"@type":"EntryPoint","urlTemplate":"https:\/\/vintagellamoda.com\/de\/?s={search_term_string}"},"query-input":{"@type":"PropertyValueSpecification","valueRequired":true,"valueName":"search_term_string"}}],"inLanguage":"de"},{"@type":"Organization","@id":"https:\/\/vintagellamoda.com\/de\/#organization","name":"Vintagella Moda","url":"https:\/\/vintagellamoda.com\/de\/","logo":{"@type":"ImageObject","inLanguage":"de","@id":"https:\/\/vintagellamoda.com\/de\/#\/schema\/logo\/image\/","url":"https:\/\/vintagellamoda.com\/wp-content\/uploads\/2025\/11\/favicon.png","contentUrl":"https:\/\/vintagellamoda.com\/wp-content\/uploads\/2025\/11\/favicon.png","width":2000,"height":2000,"caption":"Vintagella Moda"},"image":{"@id":"https:\/\/vintagellamoda.com\/de\/#\/schema\/logo\/image\/"},"sameAs":["https:\/\/www.facebook.com\/profile.php?id=61583665421269","https:\/\/www.instagram.com\/vintagellamoda\/","https:\/\/de.pinterest.com\/vintagellamoda"]}]}},"_links":{"self":[{"href":"https:\/\/vintagellamoda.com\/de\/wp-json\/wp\/v2\/product\/5299","targetHints":{"allow":["GET"]}}],"collection":[{"href":"https:\/\/vintagellamoda.com\/de\/wp-json\/wp\/v2\/product"}],"about":[{"href":"https:\/\/vintagellamoda.com\/de\/wp-json\/wp\/v2\/types\/product"}],"replies":[{"embeddable":true,"href":"https:\/\/vintagellamoda.com\/de\/wp-json\/wp\/v2\/comments?post=5299"}],"wp:featuredmedia":[{"embeddable":true,"href":"https:\/\/vintagellamoda.com\/de\/wp-json\/wp\/v2\/media\/5288"}],"wp:attachment":[{"href":"https:\/\/vintagellamoda.com\/de\/wp-json\/wp\/v2\/media?parent=5299"}],"wp:term":[{"taxonomy":"product_brand","embeddable":true,"href":"https:\/\/vintagellamoda.com\/de\/wp-json\/wp\/v2\/product_brand?post=5299"},{"taxonomy":"product_cat","embeddable":true,"href":"https:\/\/vintagellamoda.com\/de\/wp-json\/wp\/v2\/product_cat?post=5299"},{"taxonomy":"product_tag","embeddable":true,"href":"https:\/\/vintagellamoda.com\/de\/wp-json\/wp\/v2\/product_tag?post=5299"}],"curies":[{"name":"wp","href":"https:\/\/api.w.org\/{rel}","templated":true}]}}