{"id":5292,"date":"2025-03-21T09:33:03","date_gmt":"2025-03-21T09:33:03","guid":{"rendered":"https:\/\/vintagellamoda.com\/product\/max-mara-hose-98-baumwolle-entworfen-in-italien\/"},"modified":"2025-12-09T20:01:57","modified_gmt":"2025-12-09T20:01:57","slug":"max-mara-hose-98-baumwolle-entworfen-in-italien","status":"publish","type":"product","link":"https:\/\/vintagellamoda.com\/de\/produkt\/max-mara-hose-98-baumwolle-entworfen-in-italien\/","title":{"rendered":"Max Mara Hose, 98 % Baumwolle \u2013 Entworfen in Italien"},"content":{"rendered":"<p><strong>Max Mara Hose, 98 % Baumwolle \u2013 Entworfen in Italien<\/strong><\/p>\n<p>Diese schwarze lange Hose von Max Mara besticht durch ihre nat\u00fcrlichen Materialien und die neutrale Farbe. Je nach Anlass l\u00e4sst sie sich l\u00e4ssig oder elegant kombinieren. Sie passt gut zu Sneakern, Loafern oder Slingbacks. F\u00fcr einen schickeren Look kombinieren Sie sie mit einer schwarz-wei\u00dfen Spitzenbluse und mittelhohen Schuhen in Schwarz oder Metallic. Auch in Kombination mit auff\u00e4lligen oder metallischen Accessoires eignet sie sich perfekt f\u00fcr einen stilvollen Gesamtlook. Pflegeleicht und maschinenwaschbar bei 30 Grad. Keine sichtbaren M\u00e4ngel.      <\/p>\n","protected":false},"excerpt":{"rendered":"<p>Marke: Italienische Marke Max Mara-Weeend<br \/>\nHerkunftsland: Italien<br \/>\nFarbe: Schwarz<br \/>\nGr\u00f6\u00dfe: IT 44; DE\/CH 40, UK 12, F 42<br \/>\nBauchweite: 38 cm<br \/>\nL\u00e4nge: 106 cm<br \/>\nMaterial: 98 % Baumwolle, 2 % Elastan<br \/>\nPflegehinweis: Auf links waschen<br \/>\nZustand: Gut\/Sehr gut<br \/>\nArtikelnummer: Art. H-MM-17 <\/p>\n","protected":false},"featured_media":5293,"comment_status":"open","ping_status":"closed","template":"","meta":[],"product_brand":[180],"product_cat":[549,515,689,503,517,538],"product_tag":[543,540,690,534,566],"class_list":{"0":"post-5292","1":"product","2":"type-product","3":"status-publish","4":"has-post-thumbnail","6":"product_brand-max-mara","7":"product_cat-baumwolle","8":"product_cat-damenhosen","9":"product_cat-ganzjahrestauglich","10":"product_cat-nicht-kategorisiert","11":"product_cat-schwarz","12":"product_cat-smart-casual","13":"product_tag-bequeme-passform","14":"product_tag-klassischer-look","15":"product_tag-komplette-look-option","16":"product_tag-maschinenwaschbar","17":"product_tag-vielseitig","19":"first","20":"instock","21":"sold-individually","22":"shipping-taxable","23":"purchasable","24":"product-type-simple"},"yoast_head":"<!-- This site is optimized with the Yoast SEO plugin v27.3 - https:\/\/yoast.com\/product\/yoast-seo-wordpress\/ -->\n<title>Max Mara Schwarze Baumwollhose \u2013 Entworfen in Italien<\/title>\n<meta name=\"description\" content=\"Elegante schwarze Max Mara Hose aus 98 % Baumwolle. Perfekt f\u00fcr l\u00e4ssige oder schicke Looks, maschinenwaschbar, vielseitig kombinierbar. Entworfen in Italien.\" \/>\n<meta name=\"robots\" content=\"index, follow, max-snippet:-1, max-image-preview:large, max-video-preview:-1\" \/>\n<link rel=\"canonical\" href=\"https:\/\/vintagellamoda.com\/de\/produkt\/max-mara-hose-98-baumwolle-entworfen-in-italien\/\" \/>\n<meta property=\"og:locale\" content=\"de_DE\" \/>\n<meta property=\"og:type\" content=\"article\" \/>\n<meta property=\"og:title\" content=\"Max Mara Schwarze Baumwollhose \u2013 Entworfen in Italien\" \/>\n<meta property=\"og:description\" content=\"Elegante schwarze Max Mara Hose aus 98 % Baumwolle. Perfekt f\u00fcr l\u00e4ssige oder schicke Looks, maschinenwaschbar, vielseitig kombinierbar. Entworfen in Italien.\" \/>\n<meta property=\"og:url\" content=\"https:\/\/vintagellamoda.com\/de\/produkt\/max-mara-hose-98-baumwolle-entworfen-in-italien\/\" \/>\n<meta property=\"og:site_name\" content=\"Vintagella Moda\" \/>\n<meta property=\"article:publisher\" content=\"https:\/\/www.facebook.com\/profile.php?id=61583665421269\" \/>\n<meta property=\"article:modified_time\" content=\"2025-12-09T20:01:57+00:00\" \/>\n<meta property=\"og:image\" content=\"https:\/\/vintagellamoda.com\/wp-content\/uploads\/2025\/02\/IMG_0538-scaled.jpg\" \/>\n\t<meta property=\"og:image:width\" content=\"1707\" \/>\n\t<meta property=\"og:image:height\" content=\"2560\" \/>\n\t<meta property=\"og:image:type\" content=\"image\/jpeg\" \/>\n<meta name=\"twitter:card\" content=\"summary_large_image\" \/>\n<script type=\"application\/ld+json\" class=\"yoast-schema-graph\">{\"@context\":\"https:\\\/\\\/schema.org\",\"@graph\":[{\"@type\":\"WebPage\",\"@id\":\"https:\\\/\\\/vintagellamoda.com\\\/de\\\/produkt\\\/max-mara-hose-98-baumwolle-entworfen-in-italien\\\/\",\"url\":\"https:\\\/\\\/vintagellamoda.com\\\/de\\\/produkt\\\/max-mara-hose-98-baumwolle-entworfen-in-italien\\\/\",\"name\":\"Max Mara Schwarze Baumwollhose \u2013 Entworfen in Italien\",\"isPartOf\":{\"@id\":\"https:\\\/\\\/vintagellamoda.com\\\/de\\\/#website\"},\"primaryImageOfPage\":{\"@id\":\"https:\\\/\\\/vintagellamoda.com\\\/de\\\/produkt\\\/max-mara-hose-98-baumwolle-entworfen-in-italien\\\/#primaryimage\"},\"image\":{\"@id\":\"https:\\\/\\\/vintagellamoda.com\\\/de\\\/produkt\\\/max-mara-hose-98-baumwolle-entworfen-in-italien\\\/#primaryimage\"},\"thumbnailUrl\":\"https:\\\/\\\/vintagellamoda.com\\\/wp-content\\\/uploads\\\/2025\\\/02\\\/IMG_0538-scaled.jpg\",\"datePublished\":\"2025-03-21T09:33:03+00:00\",\"dateModified\":\"2025-12-09T20:01:57+00:00\",\"description\":\"Elegante schwarze Max Mara Hose aus 98 % Baumwolle. Perfekt f\u00fcr l\u00e4ssige oder schicke Looks, maschinenwaschbar, vielseitig kombinierbar. Entworfen in Italien.\",\"breadcrumb\":{\"@id\":\"https:\\\/\\\/vintagellamoda.com\\\/de\\\/produkt\\\/max-mara-hose-98-baumwolle-entworfen-in-italien\\\/#breadcrumb\"},\"inLanguage\":\"de\",\"potentialAction\":[{\"@type\":\"ReadAction\",\"target\":[\"https:\\\/\\\/vintagellamoda.com\\\/de\\\/produkt\\\/max-mara-hose-98-baumwolle-entworfen-in-italien\\\/\"]}]},{\"@type\":\"ImageObject\",\"inLanguage\":\"de\",\"@id\":\"https:\\\/\\\/vintagellamoda.com\\\/de\\\/produkt\\\/max-mara-hose-98-baumwolle-entworfen-in-italien\\\/#primaryimage\",\"url\":\"https:\\\/\\\/vintagellamoda.com\\\/wp-content\\\/uploads\\\/2025\\\/02\\\/IMG_0538-scaled.jpg\",\"contentUrl\":\"https:\\\/\\\/vintagellamoda.com\\\/wp-content\\\/uploads\\\/2025\\\/02\\\/IMG_0538-scaled.jpg\",\"width\":1707,\"height\":2560},{\"@type\":\"BreadcrumbList\",\"@id\":\"https:\\\/\\\/vintagellamoda.com\\\/de\\\/produkt\\\/max-mara-hose-98-baumwolle-entworfen-in-italien\\\/#breadcrumb\",\"itemListElement\":[{\"@type\":\"ListItem\",\"position\":1,\"name\":\"Home\",\"item\":\"https:\\\/\\\/vintagellamoda.com\\\/de\\\/\"},{\"@type\":\"ListItem\",\"position\":2,\"name\":\"Shop\",\"item\":\"https:\\\/\\\/vintagellamoda.com\\\/de\\\/shop\\\/\"},{\"@type\":\"ListItem\",\"position\":3,\"name\":\"Max Mara Hose, 98 % Baumwolle \u2013 Entworfen in Italien\"}]},{\"@type\":\"WebSite\",\"@id\":\"https:\\\/\\\/vintagellamoda.com\\\/de\\\/#website\",\"url\":\"https:\\\/\\\/vintagellamoda.com\\\/de\\\/\",\"name\":\"Vintagella Moda\",\"description\":\"Italo vintage moda \u2014 Italian vintage fashion\",\"publisher\":{\"@id\":\"https:\\\/\\\/vintagellamoda.com\\\/de\\\/#organization\"},\"potentialAction\":[{\"@type\":\"SearchAction\",\"target\":{\"@type\":\"EntryPoint\",\"urlTemplate\":\"https:\\\/\\\/vintagellamoda.com\\\/de\\\/?s={search_term_string}\"},\"query-input\":{\"@type\":\"PropertyValueSpecification\",\"valueRequired\":true,\"valueName\":\"search_term_string\"}}],\"inLanguage\":\"de\"},{\"@type\":\"Organization\",\"@id\":\"https:\\\/\\\/vintagellamoda.com\\\/de\\\/#organization\",\"name\":\"Vintagella Moda\",\"url\":\"https:\\\/\\\/vintagellamoda.com\\\/de\\\/\",\"logo\":{\"@type\":\"ImageObject\",\"inLanguage\":\"de\",\"@id\":\"https:\\\/\\\/vintagellamoda.com\\\/de\\\/#\\\/schema\\\/logo\\\/image\\\/\",\"url\":\"https:\\\/\\\/vintagellamoda.com\\\/wp-content\\\/uploads\\\/2025\\\/11\\\/favicon.png\",\"contentUrl\":\"https:\\\/\\\/vintagellamoda.com\\\/wp-content\\\/uploads\\\/2025\\\/11\\\/favicon.png\",\"width\":2000,\"height\":2000,\"caption\":\"Vintagella Moda\"},\"image\":{\"@id\":\"https:\\\/\\\/vintagellamoda.com\\\/de\\\/#\\\/schema\\\/logo\\\/image\\\/\"},\"sameAs\":[\"https:\\\/\\\/www.facebook.com\\\/profile.php?id=61583665421269\",\"https:\\\/\\\/www.instagram.com\\\/vintagellamoda\\\/\",\"https:\\\/\\\/de.pinterest.com\\\/vintagellamoda\"]}]}<\/script>\n<!-- \/ Yoast SEO plugin. -->","yoast_head_json":{"title":"Max Mara Schwarze Baumwollhose \u2013 Entworfen in Italien","description":"Elegante schwarze Max Mara Hose aus 98 % Baumwolle. Perfekt f\u00fcr l\u00e4ssige oder schicke Looks, maschinenwaschbar, vielseitig kombinierbar. Entworfen in Italien.","robots":{"index":"index","follow":"follow","max-snippet":"max-snippet:-1","max-image-preview":"max-image-preview:large","max-video-preview":"max-video-preview:-1"},"canonical":"https:\/\/vintagellamoda.com\/de\/produkt\/max-mara-hose-98-baumwolle-entworfen-in-italien\/","og_locale":"de_DE","og_type":"article","og_title":"Max Mara Schwarze Baumwollhose \u2013 Entworfen in Italien","og_description":"Elegante schwarze Max Mara Hose aus 98 % Baumwolle. Perfekt f\u00fcr l\u00e4ssige oder schicke Looks, maschinenwaschbar, vielseitig kombinierbar. Entworfen in Italien.","og_url":"https:\/\/vintagellamoda.com\/de\/produkt\/max-mara-hose-98-baumwolle-entworfen-in-italien\/","og_site_name":"Vintagella Moda","article_publisher":"https:\/\/www.facebook.com\/profile.php?id=61583665421269","article_modified_time":"2025-12-09T20:01:57+00:00","og_image":[{"width":1707,"height":2560,"url":"https:\/\/vintagellamoda.com\/wp-content\/uploads\/2025\/02\/IMG_0538-scaled.jpg","type":"image\/jpeg"}],"twitter_card":"summary_large_image","schema":{"@context":"https:\/\/schema.org","@graph":[{"@type":"WebPage","@id":"https:\/\/vintagellamoda.com\/de\/produkt\/max-mara-hose-98-baumwolle-entworfen-in-italien\/","url":"https:\/\/vintagellamoda.com\/de\/produkt\/max-mara-hose-98-baumwolle-entworfen-in-italien\/","name":"Max Mara Schwarze Baumwollhose \u2013 Entworfen in Italien","isPartOf":{"@id":"https:\/\/vintagellamoda.com\/de\/#website"},"primaryImageOfPage":{"@id":"https:\/\/vintagellamoda.com\/de\/produkt\/max-mara-hose-98-baumwolle-entworfen-in-italien\/#primaryimage"},"image":{"@id":"https:\/\/vintagellamoda.com\/de\/produkt\/max-mara-hose-98-baumwolle-entworfen-in-italien\/#primaryimage"},"thumbnailUrl":"https:\/\/vintagellamoda.com\/wp-content\/uploads\/2025\/02\/IMG_0538-scaled.jpg","datePublished":"2025-03-21T09:33:03+00:00","dateModified":"2025-12-09T20:01:57+00:00","description":"Elegante schwarze Max Mara Hose aus 98 % Baumwolle. Perfekt f\u00fcr l\u00e4ssige oder schicke Looks, maschinenwaschbar, vielseitig kombinierbar. Entworfen in Italien.","breadcrumb":{"@id":"https:\/\/vintagellamoda.com\/de\/produkt\/max-mara-hose-98-baumwolle-entworfen-in-italien\/#breadcrumb"},"inLanguage":"de","potentialAction":[{"@type":"ReadAction","target":["https:\/\/vintagellamoda.com\/de\/produkt\/max-mara-hose-98-baumwolle-entworfen-in-italien\/"]}]},{"@type":"ImageObject","inLanguage":"de","@id":"https:\/\/vintagellamoda.com\/de\/produkt\/max-mara-hose-98-baumwolle-entworfen-in-italien\/#primaryimage","url":"https:\/\/vintagellamoda.com\/wp-content\/uploads\/2025\/02\/IMG_0538-scaled.jpg","contentUrl":"https:\/\/vintagellamoda.com\/wp-content\/uploads\/2025\/02\/IMG_0538-scaled.jpg","width":1707,"height":2560},{"@type":"BreadcrumbList","@id":"https:\/\/vintagellamoda.com\/de\/produkt\/max-mara-hose-98-baumwolle-entworfen-in-italien\/#breadcrumb","itemListElement":[{"@type":"ListItem","position":1,"name":"Home","item":"https:\/\/vintagellamoda.com\/de\/"},{"@type":"ListItem","position":2,"name":"Shop","item":"https:\/\/vintagellamoda.com\/de\/shop\/"},{"@type":"ListItem","position":3,"name":"Max Mara Hose, 98 % Baumwolle \u2013 Entworfen in Italien"}]},{"@type":"WebSite","@id":"https:\/\/vintagellamoda.com\/de\/#website","url":"https:\/\/vintagellamoda.com\/de\/","name":"Vintagella Moda","description":"Italo vintage moda \u2014 Italian vintage fashion","publisher":{"@id":"https:\/\/vintagellamoda.com\/de\/#organization"},"potentialAction":[{"@type":"SearchAction","target":{"@type":"EntryPoint","urlTemplate":"https:\/\/vintagellamoda.com\/de\/?s={search_term_string}"},"query-input":{"@type":"PropertyValueSpecification","valueRequired":true,"valueName":"search_term_string"}}],"inLanguage":"de"},{"@type":"Organization","@id":"https:\/\/vintagellamoda.com\/de\/#organization","name":"Vintagella Moda","url":"https:\/\/vintagellamoda.com\/de\/","logo":{"@type":"ImageObject","inLanguage":"de","@id":"https:\/\/vintagellamoda.com\/de\/#\/schema\/logo\/image\/","url":"https:\/\/vintagellamoda.com\/wp-content\/uploads\/2025\/11\/favicon.png","contentUrl":"https:\/\/vintagellamoda.com\/wp-content\/uploads\/2025\/11\/favicon.png","width":2000,"height":2000,"caption":"Vintagella Moda"},"image":{"@id":"https:\/\/vintagellamoda.com\/de\/#\/schema\/logo\/image\/"},"sameAs":["https:\/\/www.facebook.com\/profile.php?id=61583665421269","https:\/\/www.instagram.com\/vintagellamoda\/","https:\/\/de.pinterest.com\/vintagellamoda"]}]}},"_links":{"self":[{"href":"https:\/\/vintagellamoda.com\/de\/wp-json\/wp\/v2\/product\/5292","targetHints":{"allow":["GET"]}}],"collection":[{"href":"https:\/\/vintagellamoda.com\/de\/wp-json\/wp\/v2\/product"}],"about":[{"href":"https:\/\/vintagellamoda.com\/de\/wp-json\/wp\/v2\/types\/product"}],"replies":[{"embeddable":true,"href":"https:\/\/vintagellamoda.com\/de\/wp-json\/wp\/v2\/comments?post=5292"}],"wp:featuredmedia":[{"embeddable":true,"href":"https:\/\/vintagellamoda.com\/de\/wp-json\/wp\/v2\/media\/5293"}],"wp:attachment":[{"href":"https:\/\/vintagellamoda.com\/de\/wp-json\/wp\/v2\/media?parent=5292"}],"wp:term":[{"taxonomy":"product_brand","embeddable":true,"href":"https:\/\/vintagellamoda.com\/de\/wp-json\/wp\/v2\/product_brand?post=5292"},{"taxonomy":"product_cat","embeddable":true,"href":"https:\/\/vintagellamoda.com\/de\/wp-json\/wp\/v2\/product_cat?post=5292"},{"taxonomy":"product_tag","embeddable":true,"href":"https:\/\/vintagellamoda.com\/de\/wp-json\/wp\/v2\/product_tag?post=5292"}],"curies":[{"name":"wp","href":"https:\/\/api.w.org\/{rel}","templated":true}]}}