{"id":5286,"date":"2025-03-21T09:48:22","date_gmt":"2025-03-21T09:48:22","guid":{"rendered":"https:\/\/vintagellamoda.com\/product\/weisse-hosen-im-bermuda-stil-95-baumwolle-hergestellt-in-italien\/"},"modified":"2025-12-09T19:28:45","modified_gmt":"2025-12-09T19:28:45","slug":"weisse-hosen-im-bermuda-stil-95-baumwolle-hergestellt-in-italien","status":"publish","type":"product","link":"https:\/\/vintagellamoda.com\/de\/produkt\/weisse-hosen-im-bermuda-stil-95-baumwolle-hergestellt-in-italien\/","title":{"rendered":"Wei\u00dfe Hosen im Bermuda-Stil, 95 % Baumwolle \u2013 Hergestellt in Italien"},"content":{"rendered":"<p><strong>Hose, 95 % Baumwolle \u2013 Hergestellt in Italien<\/strong><\/p>\n<p>Diese Bermudashorts in strahlendem Wei\u00df vereinen L\u00e4ssigkeit und Komfort. Wei\u00df l\u00e4sst sich vielseitig kombinieren, vom kompletten wei\u00dfen Look bis hin zur Kombination mit Sandt\u00f6nen f\u00fcr einen monochromen Sommer-Look. Sie verf\u00fcgen \u00fcber zwei Ges\u00e4\u00dftaschen mit Kn\u00f6pfen. Sie passen perfekt zu einem Baumwoll-T-Shirt oder einem Leinenhemd, Sneakers oder Espadrilles. Pflegeleicht und maschinenwaschbar bei 30 Grad. Keine sichtbaren M\u00e4ngel.     <\/p>\n","protected":false},"excerpt":{"rendered":"<p>Herkunftsland: Hergestellt in Italien<br data-start=\"159\" data-end=\"162\">Marke: Fehlende Etikette<br data-start=\"190\" data-end=\"193\">Farbe: wei\u00df<br data-start=\"210\" data-end=\"213\">Gr\u00f6\u00dfe: IT XL (4), DE L<br data-start=\"239\" data-end=\"242\">Bauchbreite: 41 cm<br data-start=\"264\" data-end=\"267\">L\u00e4nge: 63 cm<br data-start=\"284\" data-end=\"287\">Material: 95 % Baumwolle, 5 % Elasthan<br data-start=\"323\" data-end=\"326\">Pflegehinweise: Maschinenw\u00e4sche bei 30 Grad<br data-start=\"372\" data-end=\"375\">Zustand: gut\/sehr gut<br data-start=\"413\" data-end=\"416\">Artikelnummer: Art. 23<\/p>\n","protected":false},"featured_media":5287,"comment_status":"open","ping_status":"closed","template":"","meta":[],"product_brand":[164],"product_cat":[549,515,563,503,529,562],"product_tag":[535,603,533,685,602,684],"class_list":{"0":"post-5286","1":"product","2":"type-product","3":"status-publish","4":"has-post-thumbnail","6":"product_brand-etiquette-missing","7":"product_cat-baumwolle","8":"product_cat-damenhosen","9":"product_cat-neutrale-farben-weis-beige-grau","10":"product_cat-nicht-kategorisiert","11":"product_cat-reisen-freizeit","12":"product_cat-sommerferien","13":"product_tag-laessig","14":"product_tag-lockere-passform","15":"product_tag-mit-taschen","16":"product_tag-monochrome-gestaltung","17":"product_tag-pflegeleicht","18":"product_tag-schaltflachendetails","20":"first","21":"instock","22":"sold-individually","23":"shipping-taxable","24":"purchasable","25":"product-type-simple"},"yoast_head":"<!-- This site is optimized with the Yoast SEO plugin v27.3 - https:\/\/yoast.com\/product\/yoast-seo-wordpress\/ -->\n<title>Wei\u00dfe Baumwollhose im Bermuda-Stil \u2013 Hergestellt in Italien<\/title>\n<meta name=\"description\" content=\"Stylische wei\u00dfe Bermudashorts aus 95 % Baumwolle, perfekt f\u00fcr l\u00e4ssige Sommerlooks. Vielseitig kombinierbar, bequem und maschinenwaschbar. Hergestellt in Italien.\" \/>\n<meta name=\"robots\" content=\"index, follow, max-snippet:-1, max-image-preview:large, max-video-preview:-1\" \/>\n<link rel=\"canonical\" href=\"https:\/\/vintagellamoda.com\/de\/produkt\/weisse-hosen-im-bermuda-stil-95-baumwolle-hergestellt-in-italien\/\" \/>\n<meta property=\"og:locale\" content=\"de_DE\" \/>\n<meta property=\"og:type\" content=\"article\" \/>\n<meta property=\"og:title\" content=\"Wei\u00dfe Baumwollhose im Bermuda-Stil \u2013 Hergestellt in Italien\" \/>\n<meta property=\"og:description\" content=\"Stylische wei\u00dfe Bermudashorts aus 95 % Baumwolle, perfekt f\u00fcr l\u00e4ssige Sommerlooks. Vielseitig kombinierbar, bequem und maschinenwaschbar. Hergestellt in Italien.\" \/>\n<meta property=\"og:url\" content=\"https:\/\/vintagellamoda.com\/de\/produkt\/weisse-hosen-im-bermuda-stil-95-baumwolle-hergestellt-in-italien\/\" \/>\n<meta property=\"og:site_name\" content=\"Vintagella Moda\" \/>\n<meta property=\"article:publisher\" content=\"https:\/\/www.facebook.com\/profile.php?id=61583665421269\" \/>\n<meta property=\"article:modified_time\" content=\"2025-12-09T19:28:45+00:00\" \/>\n<meta property=\"og:image\" content=\"https:\/\/vintagellamoda.com\/wp-content\/uploads\/2025\/02\/IMG_0539-scaled.jpg\" \/>\n\t<meta property=\"og:image:width\" content=\"1707\" \/>\n\t<meta property=\"og:image:height\" content=\"2560\" \/>\n\t<meta property=\"og:image:type\" content=\"image\/jpeg\" \/>\n<meta name=\"twitter:card\" content=\"summary_large_image\" \/>\n<script type=\"application\/ld+json\" class=\"yoast-schema-graph\">{\"@context\":\"https:\\\/\\\/schema.org\",\"@graph\":[{\"@type\":\"WebPage\",\"@id\":\"https:\\\/\\\/vintagellamoda.com\\\/de\\\/produkt\\\/weisse-hosen-im-bermuda-stil-95-baumwolle-hergestellt-in-italien\\\/\",\"url\":\"https:\\\/\\\/vintagellamoda.com\\\/de\\\/produkt\\\/weisse-hosen-im-bermuda-stil-95-baumwolle-hergestellt-in-italien\\\/\",\"name\":\"Wei\u00dfe Baumwollhose im Bermuda-Stil \u2013 Hergestellt in Italien\",\"isPartOf\":{\"@id\":\"https:\\\/\\\/vintagellamoda.com\\\/de\\\/#website\"},\"primaryImageOfPage\":{\"@id\":\"https:\\\/\\\/vintagellamoda.com\\\/de\\\/produkt\\\/weisse-hosen-im-bermuda-stil-95-baumwolle-hergestellt-in-italien\\\/#primaryimage\"},\"image\":{\"@id\":\"https:\\\/\\\/vintagellamoda.com\\\/de\\\/produkt\\\/weisse-hosen-im-bermuda-stil-95-baumwolle-hergestellt-in-italien\\\/#primaryimage\"},\"thumbnailUrl\":\"https:\\\/\\\/vintagellamoda.com\\\/wp-content\\\/uploads\\\/2025\\\/02\\\/IMG_0539-scaled.jpg\",\"datePublished\":\"2025-03-21T09:48:22+00:00\",\"dateModified\":\"2025-12-09T19:28:45+00:00\",\"description\":\"Stylische wei\u00dfe Bermudashorts aus 95 % Baumwolle, perfekt f\u00fcr l\u00e4ssige Sommerlooks. Vielseitig kombinierbar, bequem und maschinenwaschbar. Hergestellt in Italien.\",\"breadcrumb\":{\"@id\":\"https:\\\/\\\/vintagellamoda.com\\\/de\\\/produkt\\\/weisse-hosen-im-bermuda-stil-95-baumwolle-hergestellt-in-italien\\\/#breadcrumb\"},\"inLanguage\":\"de\",\"potentialAction\":[{\"@type\":\"ReadAction\",\"target\":[\"https:\\\/\\\/vintagellamoda.com\\\/de\\\/produkt\\\/weisse-hosen-im-bermuda-stil-95-baumwolle-hergestellt-in-italien\\\/\"]}]},{\"@type\":\"ImageObject\",\"inLanguage\":\"de\",\"@id\":\"https:\\\/\\\/vintagellamoda.com\\\/de\\\/produkt\\\/weisse-hosen-im-bermuda-stil-95-baumwolle-hergestellt-in-italien\\\/#primaryimage\",\"url\":\"https:\\\/\\\/vintagellamoda.com\\\/wp-content\\\/uploads\\\/2025\\\/02\\\/IMG_0539-scaled.jpg\",\"contentUrl\":\"https:\\\/\\\/vintagellamoda.com\\\/wp-content\\\/uploads\\\/2025\\\/02\\\/IMG_0539-scaled.jpg\",\"width\":1707,\"height\":2560},{\"@type\":\"BreadcrumbList\",\"@id\":\"https:\\\/\\\/vintagellamoda.com\\\/de\\\/produkt\\\/weisse-hosen-im-bermuda-stil-95-baumwolle-hergestellt-in-italien\\\/#breadcrumb\",\"itemListElement\":[{\"@type\":\"ListItem\",\"position\":1,\"name\":\"Home\",\"item\":\"https:\\\/\\\/vintagellamoda.com\\\/de\\\/\"},{\"@type\":\"ListItem\",\"position\":2,\"name\":\"Shop\",\"item\":\"https:\\\/\\\/vintagellamoda.com\\\/de\\\/shop\\\/\"},{\"@type\":\"ListItem\",\"position\":3,\"name\":\"Wei\u00dfe Hosen im Bermuda-Stil, 95 % Baumwolle \u2013 Hergestellt in Italien\"}]},{\"@type\":\"WebSite\",\"@id\":\"https:\\\/\\\/vintagellamoda.com\\\/de\\\/#website\",\"url\":\"https:\\\/\\\/vintagellamoda.com\\\/de\\\/\",\"name\":\"Vintagella Moda\",\"description\":\"Italo vintage moda \u2014 Italian vintage fashion\",\"publisher\":{\"@id\":\"https:\\\/\\\/vintagellamoda.com\\\/de\\\/#organization\"},\"potentialAction\":[{\"@type\":\"SearchAction\",\"target\":{\"@type\":\"EntryPoint\",\"urlTemplate\":\"https:\\\/\\\/vintagellamoda.com\\\/de\\\/?s={search_term_string}\"},\"query-input\":{\"@type\":\"PropertyValueSpecification\",\"valueRequired\":true,\"valueName\":\"search_term_string\"}}],\"inLanguage\":\"de\"},{\"@type\":\"Organization\",\"@id\":\"https:\\\/\\\/vintagellamoda.com\\\/de\\\/#organization\",\"name\":\"Vintagella Moda\",\"url\":\"https:\\\/\\\/vintagellamoda.com\\\/de\\\/\",\"logo\":{\"@type\":\"ImageObject\",\"inLanguage\":\"de\",\"@id\":\"https:\\\/\\\/vintagellamoda.com\\\/de\\\/#\\\/schema\\\/logo\\\/image\\\/\",\"url\":\"https:\\\/\\\/vintagellamoda.com\\\/wp-content\\\/uploads\\\/2025\\\/11\\\/favicon.png\",\"contentUrl\":\"https:\\\/\\\/vintagellamoda.com\\\/wp-content\\\/uploads\\\/2025\\\/11\\\/favicon.png\",\"width\":2000,\"height\":2000,\"caption\":\"Vintagella Moda\"},\"image\":{\"@id\":\"https:\\\/\\\/vintagellamoda.com\\\/de\\\/#\\\/schema\\\/logo\\\/image\\\/\"},\"sameAs\":[\"https:\\\/\\\/www.facebook.com\\\/profile.php?id=61583665421269\",\"https:\\\/\\\/www.instagram.com\\\/vintagellamoda\\\/\",\"https:\\\/\\\/de.pinterest.com\\\/vintagellamoda\"]}]}<\/script>\n<!-- \/ Yoast SEO plugin. -->","yoast_head_json":{"title":"Wei\u00dfe Baumwollhose im Bermuda-Stil \u2013 Hergestellt in Italien","description":"Stylische wei\u00dfe Bermudashorts aus 95 % Baumwolle, perfekt f\u00fcr l\u00e4ssige Sommerlooks. Vielseitig kombinierbar, bequem und maschinenwaschbar. Hergestellt in Italien.","robots":{"index":"index","follow":"follow","max-snippet":"max-snippet:-1","max-image-preview":"max-image-preview:large","max-video-preview":"max-video-preview:-1"},"canonical":"https:\/\/vintagellamoda.com\/de\/produkt\/weisse-hosen-im-bermuda-stil-95-baumwolle-hergestellt-in-italien\/","og_locale":"de_DE","og_type":"article","og_title":"Wei\u00dfe Baumwollhose im Bermuda-Stil \u2013 Hergestellt in Italien","og_description":"Stylische wei\u00dfe Bermudashorts aus 95 % Baumwolle, perfekt f\u00fcr l\u00e4ssige Sommerlooks. Vielseitig kombinierbar, bequem und maschinenwaschbar. Hergestellt in Italien.","og_url":"https:\/\/vintagellamoda.com\/de\/produkt\/weisse-hosen-im-bermuda-stil-95-baumwolle-hergestellt-in-italien\/","og_site_name":"Vintagella Moda","article_publisher":"https:\/\/www.facebook.com\/profile.php?id=61583665421269","article_modified_time":"2025-12-09T19:28:45+00:00","og_image":[{"width":1707,"height":2560,"url":"https:\/\/vintagellamoda.com\/wp-content\/uploads\/2025\/02\/IMG_0539-scaled.jpg","type":"image\/jpeg"}],"twitter_card":"summary_large_image","schema":{"@context":"https:\/\/schema.org","@graph":[{"@type":"WebPage","@id":"https:\/\/vintagellamoda.com\/de\/produkt\/weisse-hosen-im-bermuda-stil-95-baumwolle-hergestellt-in-italien\/","url":"https:\/\/vintagellamoda.com\/de\/produkt\/weisse-hosen-im-bermuda-stil-95-baumwolle-hergestellt-in-italien\/","name":"Wei\u00dfe Baumwollhose im Bermuda-Stil \u2013 Hergestellt in Italien","isPartOf":{"@id":"https:\/\/vintagellamoda.com\/de\/#website"},"primaryImageOfPage":{"@id":"https:\/\/vintagellamoda.com\/de\/produkt\/weisse-hosen-im-bermuda-stil-95-baumwolle-hergestellt-in-italien\/#primaryimage"},"image":{"@id":"https:\/\/vintagellamoda.com\/de\/produkt\/weisse-hosen-im-bermuda-stil-95-baumwolle-hergestellt-in-italien\/#primaryimage"},"thumbnailUrl":"https:\/\/vintagellamoda.com\/wp-content\/uploads\/2025\/02\/IMG_0539-scaled.jpg","datePublished":"2025-03-21T09:48:22+00:00","dateModified":"2025-12-09T19:28:45+00:00","description":"Stylische wei\u00dfe Bermudashorts aus 95 % Baumwolle, perfekt f\u00fcr l\u00e4ssige Sommerlooks. Vielseitig kombinierbar, bequem und maschinenwaschbar. Hergestellt in Italien.","breadcrumb":{"@id":"https:\/\/vintagellamoda.com\/de\/produkt\/weisse-hosen-im-bermuda-stil-95-baumwolle-hergestellt-in-italien\/#breadcrumb"},"inLanguage":"de","potentialAction":[{"@type":"ReadAction","target":["https:\/\/vintagellamoda.com\/de\/produkt\/weisse-hosen-im-bermuda-stil-95-baumwolle-hergestellt-in-italien\/"]}]},{"@type":"ImageObject","inLanguage":"de","@id":"https:\/\/vintagellamoda.com\/de\/produkt\/weisse-hosen-im-bermuda-stil-95-baumwolle-hergestellt-in-italien\/#primaryimage","url":"https:\/\/vintagellamoda.com\/wp-content\/uploads\/2025\/02\/IMG_0539-scaled.jpg","contentUrl":"https:\/\/vintagellamoda.com\/wp-content\/uploads\/2025\/02\/IMG_0539-scaled.jpg","width":1707,"height":2560},{"@type":"BreadcrumbList","@id":"https:\/\/vintagellamoda.com\/de\/produkt\/weisse-hosen-im-bermuda-stil-95-baumwolle-hergestellt-in-italien\/#breadcrumb","itemListElement":[{"@type":"ListItem","position":1,"name":"Home","item":"https:\/\/vintagellamoda.com\/de\/"},{"@type":"ListItem","position":2,"name":"Shop","item":"https:\/\/vintagellamoda.com\/de\/shop\/"},{"@type":"ListItem","position":3,"name":"Wei\u00dfe Hosen im Bermuda-Stil, 95 % Baumwolle \u2013 Hergestellt in Italien"}]},{"@type":"WebSite","@id":"https:\/\/vintagellamoda.com\/de\/#website","url":"https:\/\/vintagellamoda.com\/de\/","name":"Vintagella Moda","description":"Italo vintage moda \u2014 Italian vintage fashion","publisher":{"@id":"https:\/\/vintagellamoda.com\/de\/#organization"},"potentialAction":[{"@type":"SearchAction","target":{"@type":"EntryPoint","urlTemplate":"https:\/\/vintagellamoda.com\/de\/?s={search_term_string}"},"query-input":{"@type":"PropertyValueSpecification","valueRequired":true,"valueName":"search_term_string"}}],"inLanguage":"de"},{"@type":"Organization","@id":"https:\/\/vintagellamoda.com\/de\/#organization","name":"Vintagella Moda","url":"https:\/\/vintagellamoda.com\/de\/","logo":{"@type":"ImageObject","inLanguage":"de","@id":"https:\/\/vintagellamoda.com\/de\/#\/schema\/logo\/image\/","url":"https:\/\/vintagellamoda.com\/wp-content\/uploads\/2025\/11\/favicon.png","contentUrl":"https:\/\/vintagellamoda.com\/wp-content\/uploads\/2025\/11\/favicon.png","width":2000,"height":2000,"caption":"Vintagella Moda"},"image":{"@id":"https:\/\/vintagellamoda.com\/de\/#\/schema\/logo\/image\/"},"sameAs":["https:\/\/www.facebook.com\/profile.php?id=61583665421269","https:\/\/www.instagram.com\/vintagellamoda\/","https:\/\/de.pinterest.com\/vintagellamoda"]}]}},"_links":{"self":[{"href":"https:\/\/vintagellamoda.com\/de\/wp-json\/wp\/v2\/product\/5286","targetHints":{"allow":["GET"]}}],"collection":[{"href":"https:\/\/vintagellamoda.com\/de\/wp-json\/wp\/v2\/product"}],"about":[{"href":"https:\/\/vintagellamoda.com\/de\/wp-json\/wp\/v2\/types\/product"}],"replies":[{"embeddable":true,"href":"https:\/\/vintagellamoda.com\/de\/wp-json\/wp\/v2\/comments?post=5286"}],"wp:featuredmedia":[{"embeddable":true,"href":"https:\/\/vintagellamoda.com\/de\/wp-json\/wp\/v2\/media\/5287"}],"wp:attachment":[{"href":"https:\/\/vintagellamoda.com\/de\/wp-json\/wp\/v2\/media?parent=5286"}],"wp:term":[{"taxonomy":"product_brand","embeddable":true,"href":"https:\/\/vintagellamoda.com\/de\/wp-json\/wp\/v2\/product_brand?post=5286"},{"taxonomy":"product_cat","embeddable":true,"href":"https:\/\/vintagellamoda.com\/de\/wp-json\/wp\/v2\/product_cat?post=5286"},{"taxonomy":"product_tag","embeddable":true,"href":"https:\/\/vintagellamoda.com\/de\/wp-json\/wp\/v2\/product_tag?post=5286"}],"curies":[{"name":"wp","href":"https:\/\/api.w.org\/{rel}","templated":true}]}}