{"id":5273,"date":"2025-03-23T18:56:20","date_gmt":"2025-03-23T18:56:20","guid":{"rendered":"https:\/\/vintagellamoda.com\/product\/kariertes-hemd-mit-rueschen-an-der-vorderseite-hergestellt-in-italien\/"},"modified":"2025-12-09T20:32:04","modified_gmt":"2025-12-09T20:32:04","slug":"kariertes-hemd-mit-rueschen-an-der-vorderseite-hergestellt-in-italien","status":"publish","type":"product","link":"https:\/\/vintagellamoda.com\/de\/produkt\/kariertes-hemd-mit-rueschen-an-der-vorderseite-hergestellt-in-italien\/","title":{"rendered":"Kariertes Hemd mit R\u00fcschen an der Vorderseite \u2013 Hergestellt in Italien"},"content":{"rendered":"<p><strong>Hemd mit Karomuster \u2013 Hergestellt in Italien<\/strong><\/p>\n<p>Die blau-wei\u00df karierte Bluse mit R\u00fcschen an der Vorderseite eignet sich gleicherma\u00dfen f\u00fcrs B\u00fcro und die Freizeit. Kombinieren Sie sie mit blauen oder wei\u00dfen Hosen; gerade geschnittene Hosen wie Chinos oder blaue Jeans passen perfekt dazu. In Kombination mit einem einreihigen blauen Sakko und Loafern entsteht ein ideales Business-Outfit, das Sie mit Absatzschuhen noch eleganter gestalten k\u00f6nnen. Die Bluse weist keine sichtbaren M\u00e4ngel auf.   <\/p>\n","protected":false},"excerpt":{"rendered":"<p>Herkunftsland: Hergestellt in Italien<br \/>\nMarke: nicht angegeben<br \/>\nFarbe: Blau &amp; Wei\u00df<br \/>\nGr\u00f6\u00dfe: nicht angegeben<br \/>\nBreite: 45 cm<br \/>\n\u00c4rmell\u00e4nge: 64 cm<br \/>\nGesamtl\u00e4nge: 58 cm<br \/>\nMaterial: 100 % Baumwolle<br \/>\nZustand: gut\/sehr gut, keine Flecken, Risse oder Besch\u00e4digungen<br \/>\nArtikelnummer: Art-28<\/p>\n","protected":false},"featured_media":5274,"comment_status":"open","ping_status":"closed","template":"","meta":[],"product_brand":[164],"product_cat":[561,528,632,503,538,552],"product_tag":[675,629,676,628,677,566],"class_list":{"0":"post-5273","1":"product","2":"type-product","3":"status-publish","4":"has-post-thumbnail","6":"product_brand-etiquette-missing","7":"product_cat-damenhemden","8":"product_cat-fruehling-sommer","9":"product_cat-kariert-plaid","10":"product_cat-nicht-kategorisiert","11":"product_cat-smart-casual","12":"product_cat-womenswear","13":"product_tag-arbeitskleidung","14":"product_tag-burofertig","15":"product_tag-knopfleiste","16":"product_tag-lassig-schick","17":"product_tag-ruschen-vorne","18":"product_tag-vielseitig","20":"first","21":"instock","22":"sold-individually","23":"shipping-taxable","24":"purchasable","25":"product-type-simple"},"yoast_head":"<!-- This site is optimized with the Yoast SEO plugin v27.3 - https:\/\/yoast.com\/product\/yoast-seo-wordpress\/ -->\n<title>Karierte R\u00fcschenbluse \u2013 Hergestellt in Italien | Elegante Damenbluse f\u00fcr B\u00fcro und Freizeit<\/title>\n<meta name=\"description\" content=\"Blau-wei\u00df karierte R\u00fcschenbluse, hergestellt in Italien. Perfekt f\u00fcrs B\u00fcro oder die Freizeit, l\u00e4sst sich vielseitig mit Hosen, Jeans oder Absatzschuhen kombinieren.\" \/>\n<meta name=\"robots\" content=\"index, follow, max-snippet:-1, max-image-preview:large, max-video-preview:-1\" \/>\n<link rel=\"canonical\" href=\"https:\/\/vintagellamoda.com\/de\/produkt\/kariertes-hemd-mit-rueschen-an-der-vorderseite-hergestellt-in-italien\/\" \/>\n<meta property=\"og:locale\" content=\"de_DE\" \/>\n<meta property=\"og:type\" content=\"article\" \/>\n<meta property=\"og:title\" content=\"Karierte R\u00fcschenbluse \u2013 Hergestellt in Italien | Elegante Damenbluse f\u00fcr B\u00fcro und Freizeit\" \/>\n<meta property=\"og:description\" content=\"Blau-wei\u00df karierte R\u00fcschenbluse, hergestellt in Italien. Perfekt f\u00fcrs B\u00fcro oder die Freizeit, l\u00e4sst sich vielseitig mit Hosen, Jeans oder Absatzschuhen kombinieren.\" \/>\n<meta property=\"og:url\" content=\"https:\/\/vintagellamoda.com\/de\/produkt\/kariertes-hemd-mit-rueschen-an-der-vorderseite-hergestellt-in-italien\/\" \/>\n<meta property=\"og:site_name\" content=\"Vintagella Moda\" \/>\n<meta property=\"article:publisher\" content=\"https:\/\/www.facebook.com\/profile.php?id=61583665421269\" \/>\n<meta property=\"article:modified_time\" content=\"2025-12-09T20:32:04+00:00\" \/>\n<meta property=\"og:image\" content=\"https:\/\/vintagellamoda.com\/wp-content\/uploads\/2025\/02\/IMG_0553-scaled.jpg\" \/>\n\t<meta property=\"og:image:width\" content=\"1707\" \/>\n\t<meta property=\"og:image:height\" content=\"2560\" \/>\n\t<meta property=\"og:image:type\" content=\"image\/jpeg\" \/>\n<meta name=\"twitter:card\" content=\"summary_large_image\" \/>\n<script type=\"application\/ld+json\" class=\"yoast-schema-graph\">{\"@context\":\"https:\\\/\\\/schema.org\",\"@graph\":[{\"@type\":\"WebPage\",\"@id\":\"https:\\\/\\\/vintagellamoda.com\\\/de\\\/produkt\\\/kariertes-hemd-mit-rueschen-an-der-vorderseite-hergestellt-in-italien\\\/\",\"url\":\"https:\\\/\\\/vintagellamoda.com\\\/de\\\/produkt\\\/kariertes-hemd-mit-rueschen-an-der-vorderseite-hergestellt-in-italien\\\/\",\"name\":\"Karierte R\u00fcschenbluse \u2013 Hergestellt in Italien | Elegante Damenbluse f\u00fcr B\u00fcro und Freizeit\",\"isPartOf\":{\"@id\":\"https:\\\/\\\/vintagellamoda.com\\\/de\\\/#website\"},\"primaryImageOfPage\":{\"@id\":\"https:\\\/\\\/vintagellamoda.com\\\/de\\\/produkt\\\/kariertes-hemd-mit-rueschen-an-der-vorderseite-hergestellt-in-italien\\\/#primaryimage\"},\"image\":{\"@id\":\"https:\\\/\\\/vintagellamoda.com\\\/de\\\/produkt\\\/kariertes-hemd-mit-rueschen-an-der-vorderseite-hergestellt-in-italien\\\/#primaryimage\"},\"thumbnailUrl\":\"https:\\\/\\\/vintagellamoda.com\\\/wp-content\\\/uploads\\\/2025\\\/02\\\/IMG_0553-scaled.jpg\",\"datePublished\":\"2025-03-23T18:56:20+00:00\",\"dateModified\":\"2025-12-09T20:32:04+00:00\",\"description\":\"Blau-wei\u00df karierte R\u00fcschenbluse, hergestellt in Italien. Perfekt f\u00fcrs B\u00fcro oder die Freizeit, l\u00e4sst sich vielseitig mit Hosen, Jeans oder Absatzschuhen kombinieren.\",\"breadcrumb\":{\"@id\":\"https:\\\/\\\/vintagellamoda.com\\\/de\\\/produkt\\\/kariertes-hemd-mit-rueschen-an-der-vorderseite-hergestellt-in-italien\\\/#breadcrumb\"},\"inLanguage\":\"de\",\"potentialAction\":[{\"@type\":\"ReadAction\",\"target\":[\"https:\\\/\\\/vintagellamoda.com\\\/de\\\/produkt\\\/kariertes-hemd-mit-rueschen-an-der-vorderseite-hergestellt-in-italien\\\/\"]}]},{\"@type\":\"ImageObject\",\"inLanguage\":\"de\",\"@id\":\"https:\\\/\\\/vintagellamoda.com\\\/de\\\/produkt\\\/kariertes-hemd-mit-rueschen-an-der-vorderseite-hergestellt-in-italien\\\/#primaryimage\",\"url\":\"https:\\\/\\\/vintagellamoda.com\\\/wp-content\\\/uploads\\\/2025\\\/02\\\/IMG_0553-scaled.jpg\",\"contentUrl\":\"https:\\\/\\\/vintagellamoda.com\\\/wp-content\\\/uploads\\\/2025\\\/02\\\/IMG_0553-scaled.jpg\",\"width\":1707,\"height\":2560},{\"@type\":\"BreadcrumbList\",\"@id\":\"https:\\\/\\\/vintagellamoda.com\\\/de\\\/produkt\\\/kariertes-hemd-mit-rueschen-an-der-vorderseite-hergestellt-in-italien\\\/#breadcrumb\",\"itemListElement\":[{\"@type\":\"ListItem\",\"position\":1,\"name\":\"Home\",\"item\":\"https:\\\/\\\/vintagellamoda.com\\\/de\\\/\"},{\"@type\":\"ListItem\",\"position\":2,\"name\":\"Shop\",\"item\":\"https:\\\/\\\/vintagellamoda.com\\\/de\\\/shop\\\/\"},{\"@type\":\"ListItem\",\"position\":3,\"name\":\"Kariertes Hemd mit R\u00fcschen an der Vorderseite \u2013 Hergestellt in Italien\"}]},{\"@type\":\"WebSite\",\"@id\":\"https:\\\/\\\/vintagellamoda.com\\\/de\\\/#website\",\"url\":\"https:\\\/\\\/vintagellamoda.com\\\/de\\\/\",\"name\":\"Vintagella Moda\",\"description\":\"Italo vintage moda \u2014 Italian vintage fashion\",\"publisher\":{\"@id\":\"https:\\\/\\\/vintagellamoda.com\\\/de\\\/#organization\"},\"potentialAction\":[{\"@type\":\"SearchAction\",\"target\":{\"@type\":\"EntryPoint\",\"urlTemplate\":\"https:\\\/\\\/vintagellamoda.com\\\/de\\\/?s={search_term_string}\"},\"query-input\":{\"@type\":\"PropertyValueSpecification\",\"valueRequired\":true,\"valueName\":\"search_term_string\"}}],\"inLanguage\":\"de\"},{\"@type\":\"Organization\",\"@id\":\"https:\\\/\\\/vintagellamoda.com\\\/de\\\/#organization\",\"name\":\"Vintagella Moda\",\"url\":\"https:\\\/\\\/vintagellamoda.com\\\/de\\\/\",\"logo\":{\"@type\":\"ImageObject\",\"inLanguage\":\"de\",\"@id\":\"https:\\\/\\\/vintagellamoda.com\\\/de\\\/#\\\/schema\\\/logo\\\/image\\\/\",\"url\":\"https:\\\/\\\/vintagellamoda.com\\\/wp-content\\\/uploads\\\/2025\\\/11\\\/favicon.png\",\"contentUrl\":\"https:\\\/\\\/vintagellamoda.com\\\/wp-content\\\/uploads\\\/2025\\\/11\\\/favicon.png\",\"width\":2000,\"height\":2000,\"caption\":\"Vintagella Moda\"},\"image\":{\"@id\":\"https:\\\/\\\/vintagellamoda.com\\\/de\\\/#\\\/schema\\\/logo\\\/image\\\/\"},\"sameAs\":[\"https:\\\/\\\/www.facebook.com\\\/profile.php?id=61583665421269\",\"https:\\\/\\\/www.instagram.com\\\/vintagellamoda\\\/\",\"https:\\\/\\\/de.pinterest.com\\\/vintagellamoda\"]}]}<\/script>\n<!-- \/ Yoast SEO plugin. -->","yoast_head_json":{"title":"Karierte R\u00fcschenbluse \u2013 Hergestellt in Italien | Elegante Damenbluse f\u00fcr B\u00fcro und Freizeit","description":"Blau-wei\u00df karierte R\u00fcschenbluse, hergestellt in Italien. Perfekt f\u00fcrs B\u00fcro oder die Freizeit, l\u00e4sst sich vielseitig mit Hosen, Jeans oder Absatzschuhen kombinieren.","robots":{"index":"index","follow":"follow","max-snippet":"max-snippet:-1","max-image-preview":"max-image-preview:large","max-video-preview":"max-video-preview:-1"},"canonical":"https:\/\/vintagellamoda.com\/de\/produkt\/kariertes-hemd-mit-rueschen-an-der-vorderseite-hergestellt-in-italien\/","og_locale":"de_DE","og_type":"article","og_title":"Karierte R\u00fcschenbluse \u2013 Hergestellt in Italien | Elegante Damenbluse f\u00fcr B\u00fcro und Freizeit","og_description":"Blau-wei\u00df karierte R\u00fcschenbluse, hergestellt in Italien. Perfekt f\u00fcrs B\u00fcro oder die Freizeit, l\u00e4sst sich vielseitig mit Hosen, Jeans oder Absatzschuhen kombinieren.","og_url":"https:\/\/vintagellamoda.com\/de\/produkt\/kariertes-hemd-mit-rueschen-an-der-vorderseite-hergestellt-in-italien\/","og_site_name":"Vintagella Moda","article_publisher":"https:\/\/www.facebook.com\/profile.php?id=61583665421269","article_modified_time":"2025-12-09T20:32:04+00:00","og_image":[{"width":1707,"height":2560,"url":"https:\/\/vintagellamoda.com\/wp-content\/uploads\/2025\/02\/IMG_0553-scaled.jpg","type":"image\/jpeg"}],"twitter_card":"summary_large_image","schema":{"@context":"https:\/\/schema.org","@graph":[{"@type":"WebPage","@id":"https:\/\/vintagellamoda.com\/de\/produkt\/kariertes-hemd-mit-rueschen-an-der-vorderseite-hergestellt-in-italien\/","url":"https:\/\/vintagellamoda.com\/de\/produkt\/kariertes-hemd-mit-rueschen-an-der-vorderseite-hergestellt-in-italien\/","name":"Karierte R\u00fcschenbluse \u2013 Hergestellt in Italien | Elegante Damenbluse f\u00fcr B\u00fcro und Freizeit","isPartOf":{"@id":"https:\/\/vintagellamoda.com\/de\/#website"},"primaryImageOfPage":{"@id":"https:\/\/vintagellamoda.com\/de\/produkt\/kariertes-hemd-mit-rueschen-an-der-vorderseite-hergestellt-in-italien\/#primaryimage"},"image":{"@id":"https:\/\/vintagellamoda.com\/de\/produkt\/kariertes-hemd-mit-rueschen-an-der-vorderseite-hergestellt-in-italien\/#primaryimage"},"thumbnailUrl":"https:\/\/vintagellamoda.com\/wp-content\/uploads\/2025\/02\/IMG_0553-scaled.jpg","datePublished":"2025-03-23T18:56:20+00:00","dateModified":"2025-12-09T20:32:04+00:00","description":"Blau-wei\u00df karierte R\u00fcschenbluse, hergestellt in Italien. Perfekt f\u00fcrs B\u00fcro oder die Freizeit, l\u00e4sst sich vielseitig mit Hosen, Jeans oder Absatzschuhen kombinieren.","breadcrumb":{"@id":"https:\/\/vintagellamoda.com\/de\/produkt\/kariertes-hemd-mit-rueschen-an-der-vorderseite-hergestellt-in-italien\/#breadcrumb"},"inLanguage":"de","potentialAction":[{"@type":"ReadAction","target":["https:\/\/vintagellamoda.com\/de\/produkt\/kariertes-hemd-mit-rueschen-an-der-vorderseite-hergestellt-in-italien\/"]}]},{"@type":"ImageObject","inLanguage":"de","@id":"https:\/\/vintagellamoda.com\/de\/produkt\/kariertes-hemd-mit-rueschen-an-der-vorderseite-hergestellt-in-italien\/#primaryimage","url":"https:\/\/vintagellamoda.com\/wp-content\/uploads\/2025\/02\/IMG_0553-scaled.jpg","contentUrl":"https:\/\/vintagellamoda.com\/wp-content\/uploads\/2025\/02\/IMG_0553-scaled.jpg","width":1707,"height":2560},{"@type":"BreadcrumbList","@id":"https:\/\/vintagellamoda.com\/de\/produkt\/kariertes-hemd-mit-rueschen-an-der-vorderseite-hergestellt-in-italien\/#breadcrumb","itemListElement":[{"@type":"ListItem","position":1,"name":"Home","item":"https:\/\/vintagellamoda.com\/de\/"},{"@type":"ListItem","position":2,"name":"Shop","item":"https:\/\/vintagellamoda.com\/de\/shop\/"},{"@type":"ListItem","position":3,"name":"Kariertes Hemd mit R\u00fcschen an der Vorderseite \u2013 Hergestellt in Italien"}]},{"@type":"WebSite","@id":"https:\/\/vintagellamoda.com\/de\/#website","url":"https:\/\/vintagellamoda.com\/de\/","name":"Vintagella Moda","description":"Italo vintage moda \u2014 Italian vintage fashion","publisher":{"@id":"https:\/\/vintagellamoda.com\/de\/#organization"},"potentialAction":[{"@type":"SearchAction","target":{"@type":"EntryPoint","urlTemplate":"https:\/\/vintagellamoda.com\/de\/?s={search_term_string}"},"query-input":{"@type":"PropertyValueSpecification","valueRequired":true,"valueName":"search_term_string"}}],"inLanguage":"de"},{"@type":"Organization","@id":"https:\/\/vintagellamoda.com\/de\/#organization","name":"Vintagella Moda","url":"https:\/\/vintagellamoda.com\/de\/","logo":{"@type":"ImageObject","inLanguage":"de","@id":"https:\/\/vintagellamoda.com\/de\/#\/schema\/logo\/image\/","url":"https:\/\/vintagellamoda.com\/wp-content\/uploads\/2025\/11\/favicon.png","contentUrl":"https:\/\/vintagellamoda.com\/wp-content\/uploads\/2025\/11\/favicon.png","width":2000,"height":2000,"caption":"Vintagella Moda"},"image":{"@id":"https:\/\/vintagellamoda.com\/de\/#\/schema\/logo\/image\/"},"sameAs":["https:\/\/www.facebook.com\/profile.php?id=61583665421269","https:\/\/www.instagram.com\/vintagellamoda\/","https:\/\/de.pinterest.com\/vintagellamoda"]}]}},"_links":{"self":[{"href":"https:\/\/vintagellamoda.com\/de\/wp-json\/wp\/v2\/product\/5273","targetHints":{"allow":["GET"]}}],"collection":[{"href":"https:\/\/vintagellamoda.com\/de\/wp-json\/wp\/v2\/product"}],"about":[{"href":"https:\/\/vintagellamoda.com\/de\/wp-json\/wp\/v2\/types\/product"}],"replies":[{"embeddable":true,"href":"https:\/\/vintagellamoda.com\/de\/wp-json\/wp\/v2\/comments?post=5273"}],"wp:featuredmedia":[{"embeddable":true,"href":"https:\/\/vintagellamoda.com\/de\/wp-json\/wp\/v2\/media\/5274"}],"wp:attachment":[{"href":"https:\/\/vintagellamoda.com\/de\/wp-json\/wp\/v2\/media?parent=5273"}],"wp:term":[{"taxonomy":"product_brand","embeddable":true,"href":"https:\/\/vintagellamoda.com\/de\/wp-json\/wp\/v2\/product_brand?post=5273"},{"taxonomy":"product_cat","embeddable":true,"href":"https:\/\/vintagellamoda.com\/de\/wp-json\/wp\/v2\/product_cat?post=5273"},{"taxonomy":"product_tag","embeddable":true,"href":"https:\/\/vintagellamoda.com\/de\/wp-json\/wp\/v2\/product_tag?post=5273"}],"curies":[{"name":"wp","href":"https:\/\/api.w.org\/{rel}","templated":true}]}}