{"id":5264,"date":"2025-03-23T19:18:48","date_gmt":"2025-03-23T19:18:48","guid":{"rendered":"https:\/\/vintagellamoda.com\/product\/alegria-sportliches-sakko-mit-drei-knoepfen-hergestellt-in-italien\/"},"modified":"2025-12-09T20:33:35","modified_gmt":"2025-12-09T20:33:35","slug":"alegria-sportliches-sakko-mit-drei-knoepfen-hergestellt-in-italien","status":"publish","type":"product","link":"https:\/\/vintagellamoda.com\/de\/produkt\/alegria-sportliches-sakko-mit-drei-knoepfen-hergestellt-in-italien\/","title":{"rendered":"Alegria Sportliches Sakko mit drei Kn\u00f6pfen \u2013 Hergestellt in Italien"},"content":{"rendered":"<p><strong>Alegria Sportliches Sakko mit zwei Kn\u00f6pfen \u2013 Hergestellt in Italien<\/strong><\/p>\n<p>Dieser zweireihige blaue Sportblazer des italienischen Labels Alegria ist der Inbegriff von Vielseitigkeit. Er verf\u00fcgt \u00fcber zwei aufgesetzte Taschen und sorgt dank seines minimalistischen Stils f\u00fcr den perfekten B\u00fcro-Look. Kombinieren Sie ihn mit einer blauen, schwarzen, grauen oder anthrazitfarbenen Hose f\u00fcr ein stimmiges Outfit.ite blouse and pumps, it creates a simple yet elegant outfit for casual wear. There are no visible flaws.   <\/p>\n","protected":false},"excerpt":{"rendered":"<p>Farbe: Marineblau<br \/>\nGr\u00f6\u00dfe: IT 46<br \/>\nBrustweite: 50 cm<br \/>\nSchulterbreite: 46 cm<br \/>\n\u00c4rmell\u00e4nge: 48 cm<br \/>\nGesamtl\u00e4nge: 60 cm<br \/>\nMaterial: 50 % Viskose, 50 % Polyamid<br \/>\nPflegehinweis: Chemische Reinigung<br \/>\nZustand: Gut (ein seitlicher Knopf fehlt)<br \/>\nArtikelnummer: Art-32<\/p>\n","protected":false},"featured_media":5265,"comment_status":"open","ping_status":"closed","template":"","meta":[],"product_brand":[202],"product_cat":[656,658,600,503,538],"product_tag":[629,665,628,630,533,566],"class_list":{"0":"post-5264","1":"product","2":"type-product","3":"status-publish","4":"has-post-thumbnail","6":"product_brand-alegria","7":"product_cat-herrenbekleidung","8":"product_cat-herrenjacken-und-mantel","9":"product_cat-minimalistische-neutraltone","10":"product_cat-nicht-kategorisiert","11":"product_cat-smart-casual","12":"product_tag-burofertig","13":"product_tag-drei-knopfe","14":"product_tag-lassig-schick","15":"product_tag-marineblau","16":"product_tag-mit-taschen","17":"product_tag-vielseitig","19":"first","20":"instock","21":"sold-individually","22":"shipping-taxable","23":"purchasable","24":"product-type-simple"},"yoast_head":"<!-- This site is optimized with the Yoast SEO plugin v27.3 - https:\/\/yoast.com\/product\/yoast-seo-wordpress\/ -->\n<title>Alegria Sakko \u2013 Hergestellt in Italien | Vielseitige Herren-Businessjacke<\/title>\n<meta name=\"description\" content=\"Alegria Sakko, hergestellt in Italien. Blaue Jacke mit drei Kn\u00f6pfen, vielseitig kombinierbar f\u00fcr B\u00fcro oder Freizeit. Passt perfekt zu neutralen Hosen f\u00fcr einen m\u00fchelosen Stil.\" \/>\n<meta name=\"robots\" content=\"index, follow, max-snippet:-1, max-image-preview:large, max-video-preview:-1\" \/>\n<link rel=\"canonical\" href=\"https:\/\/vintagellamoda.com\/de\/produkt\/alegria-sportliches-sakko-mit-drei-knoepfen-hergestellt-in-italien\/\" \/>\n<meta property=\"og:locale\" content=\"de_DE\" \/>\n<meta property=\"og:type\" content=\"article\" \/>\n<meta property=\"og:title\" content=\"Alegria Sakko \u2013 Hergestellt in Italien | Vielseitige Herren-Businessjacke\" \/>\n<meta property=\"og:description\" content=\"Alegria Sakko, hergestellt in Italien. Blaue Jacke mit drei Kn\u00f6pfen, vielseitig kombinierbar f\u00fcr B\u00fcro oder Freizeit. Passt perfekt zu neutralen Hosen f\u00fcr einen m\u00fchelosen Stil.\" \/>\n<meta property=\"og:url\" content=\"https:\/\/vintagellamoda.com\/de\/produkt\/alegria-sportliches-sakko-mit-drei-knoepfen-hergestellt-in-italien\/\" \/>\n<meta property=\"og:site_name\" content=\"Vintagella Moda\" \/>\n<meta property=\"article:publisher\" content=\"https:\/\/www.facebook.com\/profile.php?id=61583665421269\" \/>\n<meta property=\"article:modified_time\" content=\"2025-12-09T20:33:35+00:00\" \/>\n<meta property=\"og:image\" content=\"https:\/\/vintagellamoda.com\/wp-content\/uploads\/2025\/02\/IMG_0577-scaled.jpg\" \/>\n\t<meta property=\"og:image:width\" content=\"1707\" \/>\n\t<meta property=\"og:image:height\" content=\"2560\" \/>\n\t<meta property=\"og:image:type\" content=\"image\/jpeg\" \/>\n<meta name=\"twitter:card\" content=\"summary_large_image\" \/>\n<script type=\"application\/ld+json\" class=\"yoast-schema-graph\">{\"@context\":\"https:\\\/\\\/schema.org\",\"@graph\":[{\"@type\":\"WebPage\",\"@id\":\"https:\\\/\\\/vintagellamoda.com\\\/de\\\/produkt\\\/alegria-sportliches-sakko-mit-drei-knoepfen-hergestellt-in-italien\\\/\",\"url\":\"https:\\\/\\\/vintagellamoda.com\\\/de\\\/produkt\\\/alegria-sportliches-sakko-mit-drei-knoepfen-hergestellt-in-italien\\\/\",\"name\":\"Alegria Sakko \u2013 Hergestellt in Italien | Vielseitige Herren-Businessjacke\",\"isPartOf\":{\"@id\":\"https:\\\/\\\/vintagellamoda.com\\\/de\\\/#website\"},\"primaryImageOfPage\":{\"@id\":\"https:\\\/\\\/vintagellamoda.com\\\/de\\\/produkt\\\/alegria-sportliches-sakko-mit-drei-knoepfen-hergestellt-in-italien\\\/#primaryimage\"},\"image\":{\"@id\":\"https:\\\/\\\/vintagellamoda.com\\\/de\\\/produkt\\\/alegria-sportliches-sakko-mit-drei-knoepfen-hergestellt-in-italien\\\/#primaryimage\"},\"thumbnailUrl\":\"https:\\\/\\\/vintagellamoda.com\\\/wp-content\\\/uploads\\\/2025\\\/02\\\/IMG_0577-scaled.jpg\",\"datePublished\":\"2025-03-23T19:18:48+00:00\",\"dateModified\":\"2025-12-09T20:33:35+00:00\",\"description\":\"Alegria Sakko, hergestellt in Italien. Blaue Jacke mit drei Kn\u00f6pfen, vielseitig kombinierbar f\u00fcr B\u00fcro oder Freizeit. Passt perfekt zu neutralen Hosen f\u00fcr einen m\u00fchelosen Stil.\",\"breadcrumb\":{\"@id\":\"https:\\\/\\\/vintagellamoda.com\\\/de\\\/produkt\\\/alegria-sportliches-sakko-mit-drei-knoepfen-hergestellt-in-italien\\\/#breadcrumb\"},\"inLanguage\":\"de\",\"potentialAction\":[{\"@type\":\"ReadAction\",\"target\":[\"https:\\\/\\\/vintagellamoda.com\\\/de\\\/produkt\\\/alegria-sportliches-sakko-mit-drei-knoepfen-hergestellt-in-italien\\\/\"]}]},{\"@type\":\"ImageObject\",\"inLanguage\":\"de\",\"@id\":\"https:\\\/\\\/vintagellamoda.com\\\/de\\\/produkt\\\/alegria-sportliches-sakko-mit-drei-knoepfen-hergestellt-in-italien\\\/#primaryimage\",\"url\":\"https:\\\/\\\/vintagellamoda.com\\\/wp-content\\\/uploads\\\/2025\\\/02\\\/IMG_0577-scaled.jpg\",\"contentUrl\":\"https:\\\/\\\/vintagellamoda.com\\\/wp-content\\\/uploads\\\/2025\\\/02\\\/IMG_0577-scaled.jpg\",\"width\":1707,\"height\":2560},{\"@type\":\"BreadcrumbList\",\"@id\":\"https:\\\/\\\/vintagellamoda.com\\\/de\\\/produkt\\\/alegria-sportliches-sakko-mit-drei-knoepfen-hergestellt-in-italien\\\/#breadcrumb\",\"itemListElement\":[{\"@type\":\"ListItem\",\"position\":1,\"name\":\"Home\",\"item\":\"https:\\\/\\\/vintagellamoda.com\\\/de\\\/\"},{\"@type\":\"ListItem\",\"position\":2,\"name\":\"Shop\",\"item\":\"https:\\\/\\\/vintagellamoda.com\\\/de\\\/shop\\\/\"},{\"@type\":\"ListItem\",\"position\":3,\"name\":\"Alegria Sportliches Sakko mit drei Kn\u00f6pfen \u2013 Hergestellt in Italien\"}]},{\"@type\":\"WebSite\",\"@id\":\"https:\\\/\\\/vintagellamoda.com\\\/de\\\/#website\",\"url\":\"https:\\\/\\\/vintagellamoda.com\\\/de\\\/\",\"name\":\"Vintagella Moda\",\"description\":\"Italo vintage moda \u2014 Italian vintage fashion\",\"publisher\":{\"@id\":\"https:\\\/\\\/vintagellamoda.com\\\/de\\\/#organization\"},\"potentialAction\":[{\"@type\":\"SearchAction\",\"target\":{\"@type\":\"EntryPoint\",\"urlTemplate\":\"https:\\\/\\\/vintagellamoda.com\\\/de\\\/?s={search_term_string}\"},\"query-input\":{\"@type\":\"PropertyValueSpecification\",\"valueRequired\":true,\"valueName\":\"search_term_string\"}}],\"inLanguage\":\"de\"},{\"@type\":\"Organization\",\"@id\":\"https:\\\/\\\/vintagellamoda.com\\\/de\\\/#organization\",\"name\":\"Vintagella Moda\",\"url\":\"https:\\\/\\\/vintagellamoda.com\\\/de\\\/\",\"logo\":{\"@type\":\"ImageObject\",\"inLanguage\":\"de\",\"@id\":\"https:\\\/\\\/vintagellamoda.com\\\/de\\\/#\\\/schema\\\/logo\\\/image\\\/\",\"url\":\"https:\\\/\\\/vintagellamoda.com\\\/wp-content\\\/uploads\\\/2025\\\/11\\\/favicon.png\",\"contentUrl\":\"https:\\\/\\\/vintagellamoda.com\\\/wp-content\\\/uploads\\\/2025\\\/11\\\/favicon.png\",\"width\":2000,\"height\":2000,\"caption\":\"Vintagella Moda\"},\"image\":{\"@id\":\"https:\\\/\\\/vintagellamoda.com\\\/de\\\/#\\\/schema\\\/logo\\\/image\\\/\"},\"sameAs\":[\"https:\\\/\\\/www.facebook.com\\\/profile.php?id=61583665421269\",\"https:\\\/\\\/www.instagram.com\\\/vintagellamoda\\\/\",\"https:\\\/\\\/de.pinterest.com\\\/vintagellamoda\"]}]}<\/script>\n<!-- \/ Yoast SEO plugin. -->","yoast_head_json":{"title":"Alegria Sakko \u2013 Hergestellt in Italien | Vielseitige Herren-Businessjacke","description":"Alegria Sakko, hergestellt in Italien. Blaue Jacke mit drei Kn\u00f6pfen, vielseitig kombinierbar f\u00fcr B\u00fcro oder Freizeit. Passt perfekt zu neutralen Hosen f\u00fcr einen m\u00fchelosen Stil.","robots":{"index":"index","follow":"follow","max-snippet":"max-snippet:-1","max-image-preview":"max-image-preview:large","max-video-preview":"max-video-preview:-1"},"canonical":"https:\/\/vintagellamoda.com\/de\/produkt\/alegria-sportliches-sakko-mit-drei-knoepfen-hergestellt-in-italien\/","og_locale":"de_DE","og_type":"article","og_title":"Alegria Sakko \u2013 Hergestellt in Italien | Vielseitige Herren-Businessjacke","og_description":"Alegria Sakko, hergestellt in Italien. Blaue Jacke mit drei Kn\u00f6pfen, vielseitig kombinierbar f\u00fcr B\u00fcro oder Freizeit. Passt perfekt zu neutralen Hosen f\u00fcr einen m\u00fchelosen Stil.","og_url":"https:\/\/vintagellamoda.com\/de\/produkt\/alegria-sportliches-sakko-mit-drei-knoepfen-hergestellt-in-italien\/","og_site_name":"Vintagella Moda","article_publisher":"https:\/\/www.facebook.com\/profile.php?id=61583665421269","article_modified_time":"2025-12-09T20:33:35+00:00","og_image":[{"width":1707,"height":2560,"url":"https:\/\/vintagellamoda.com\/wp-content\/uploads\/2025\/02\/IMG_0577-scaled.jpg","type":"image\/jpeg"}],"twitter_card":"summary_large_image","schema":{"@context":"https:\/\/schema.org","@graph":[{"@type":"WebPage","@id":"https:\/\/vintagellamoda.com\/de\/produkt\/alegria-sportliches-sakko-mit-drei-knoepfen-hergestellt-in-italien\/","url":"https:\/\/vintagellamoda.com\/de\/produkt\/alegria-sportliches-sakko-mit-drei-knoepfen-hergestellt-in-italien\/","name":"Alegria Sakko \u2013 Hergestellt in Italien | Vielseitige Herren-Businessjacke","isPartOf":{"@id":"https:\/\/vintagellamoda.com\/de\/#website"},"primaryImageOfPage":{"@id":"https:\/\/vintagellamoda.com\/de\/produkt\/alegria-sportliches-sakko-mit-drei-knoepfen-hergestellt-in-italien\/#primaryimage"},"image":{"@id":"https:\/\/vintagellamoda.com\/de\/produkt\/alegria-sportliches-sakko-mit-drei-knoepfen-hergestellt-in-italien\/#primaryimage"},"thumbnailUrl":"https:\/\/vintagellamoda.com\/wp-content\/uploads\/2025\/02\/IMG_0577-scaled.jpg","datePublished":"2025-03-23T19:18:48+00:00","dateModified":"2025-12-09T20:33:35+00:00","description":"Alegria Sakko, hergestellt in Italien. Blaue Jacke mit drei Kn\u00f6pfen, vielseitig kombinierbar f\u00fcr B\u00fcro oder Freizeit. Passt perfekt zu neutralen Hosen f\u00fcr einen m\u00fchelosen Stil.","breadcrumb":{"@id":"https:\/\/vintagellamoda.com\/de\/produkt\/alegria-sportliches-sakko-mit-drei-knoepfen-hergestellt-in-italien\/#breadcrumb"},"inLanguage":"de","potentialAction":[{"@type":"ReadAction","target":["https:\/\/vintagellamoda.com\/de\/produkt\/alegria-sportliches-sakko-mit-drei-knoepfen-hergestellt-in-italien\/"]}]},{"@type":"ImageObject","inLanguage":"de","@id":"https:\/\/vintagellamoda.com\/de\/produkt\/alegria-sportliches-sakko-mit-drei-knoepfen-hergestellt-in-italien\/#primaryimage","url":"https:\/\/vintagellamoda.com\/wp-content\/uploads\/2025\/02\/IMG_0577-scaled.jpg","contentUrl":"https:\/\/vintagellamoda.com\/wp-content\/uploads\/2025\/02\/IMG_0577-scaled.jpg","width":1707,"height":2560},{"@type":"BreadcrumbList","@id":"https:\/\/vintagellamoda.com\/de\/produkt\/alegria-sportliches-sakko-mit-drei-knoepfen-hergestellt-in-italien\/#breadcrumb","itemListElement":[{"@type":"ListItem","position":1,"name":"Home","item":"https:\/\/vintagellamoda.com\/de\/"},{"@type":"ListItem","position":2,"name":"Shop","item":"https:\/\/vintagellamoda.com\/de\/shop\/"},{"@type":"ListItem","position":3,"name":"Alegria Sportliches Sakko mit drei Kn\u00f6pfen \u2013 Hergestellt in Italien"}]},{"@type":"WebSite","@id":"https:\/\/vintagellamoda.com\/de\/#website","url":"https:\/\/vintagellamoda.com\/de\/","name":"Vintagella Moda","description":"Italo vintage moda \u2014 Italian vintage fashion","publisher":{"@id":"https:\/\/vintagellamoda.com\/de\/#organization"},"potentialAction":[{"@type":"SearchAction","target":{"@type":"EntryPoint","urlTemplate":"https:\/\/vintagellamoda.com\/de\/?s={search_term_string}"},"query-input":{"@type":"PropertyValueSpecification","valueRequired":true,"valueName":"search_term_string"}}],"inLanguage":"de"},{"@type":"Organization","@id":"https:\/\/vintagellamoda.com\/de\/#organization","name":"Vintagella Moda","url":"https:\/\/vintagellamoda.com\/de\/","logo":{"@type":"ImageObject","inLanguage":"de","@id":"https:\/\/vintagellamoda.com\/de\/#\/schema\/logo\/image\/","url":"https:\/\/vintagellamoda.com\/wp-content\/uploads\/2025\/11\/favicon.png","contentUrl":"https:\/\/vintagellamoda.com\/wp-content\/uploads\/2025\/11\/favicon.png","width":2000,"height":2000,"caption":"Vintagella Moda"},"image":{"@id":"https:\/\/vintagellamoda.com\/de\/#\/schema\/logo\/image\/"},"sameAs":["https:\/\/www.facebook.com\/profile.php?id=61583665421269","https:\/\/www.instagram.com\/vintagellamoda\/","https:\/\/de.pinterest.com\/vintagellamoda"]}]}},"_links":{"self":[{"href":"https:\/\/vintagellamoda.com\/de\/wp-json\/wp\/v2\/product\/5264","targetHints":{"allow":["GET"]}}],"collection":[{"href":"https:\/\/vintagellamoda.com\/de\/wp-json\/wp\/v2\/product"}],"about":[{"href":"https:\/\/vintagellamoda.com\/de\/wp-json\/wp\/v2\/types\/product"}],"replies":[{"embeddable":true,"href":"https:\/\/vintagellamoda.com\/de\/wp-json\/wp\/v2\/comments?post=5264"}],"wp:featuredmedia":[{"embeddable":true,"href":"https:\/\/vintagellamoda.com\/de\/wp-json\/wp\/v2\/media\/5265"}],"wp:attachment":[{"href":"https:\/\/vintagellamoda.com\/de\/wp-json\/wp\/v2\/media?parent=5264"}],"wp:term":[{"taxonomy":"product_brand","embeddable":true,"href":"https:\/\/vintagellamoda.com\/de\/wp-json\/wp\/v2\/product_brand?post=5264"},{"taxonomy":"product_cat","embeddable":true,"href":"https:\/\/vintagellamoda.com\/de\/wp-json\/wp\/v2\/product_cat?post=5264"},{"taxonomy":"product_tag","embeddable":true,"href":"https:\/\/vintagellamoda.com\/de\/wp-json\/wp\/v2\/product_tag?post=5264"}],"curies":[{"name":"wp","href":"https:\/\/api.w.org\/{rel}","templated":true}]}}