{"id":5260,"date":"2025-03-23T19:24:29","date_gmt":"2025-03-23T19:24:29","guid":{"rendered":"https:\/\/vintagellamoda.com\/product\/herrenjacke-von-zegna-100-baumwolle-hergestellt-in-italien\/"},"modified":"2025-12-09T20:36:25","modified_gmt":"2025-12-09T20:36:25","slug":"herrenjacke-von-zegna-100-baumwolle-hergestellt-in-italien","status":"publish","type":"product","link":"https:\/\/vintagellamoda.com\/de\/produkt\/herrenjacke-von-zegna-100-baumwolle-hergestellt-in-italien\/","title":{"rendered":"Herrenjacke von Zegna, 100 % Baumwolle \u2013 Hergestellt in Italien"},"content":{"rendered":"<p><strong>Herrenjacke von Zegna, 100 % Baumwolle \u2013 Hergestellt in Italien<\/strong><\/p>\n<p>Diese gesteppte Jacke (in Dunkelblau) der italienischen Luxusmarke Zegna besticht durch ihre nat\u00fcrlichen Materialien. Die Jacke ist ideal f\u00fcr den Herbst oder einen milden Winter und eignet sich gut f\u00fcr den Lagenlook. Kombinieren Sie sie mit Flanell-, Cord- oder Tweedhosen. Sie l\u00e4sst sich problemlos mit neutralen Farben wie Grau, Blau oder Braun kombinieren. Auf der Vorderseite befindet sich ein sichtbarer Mangel und ein Knopf an der Seite fehlt, was aber von einem Schneider behoben werden kann.    <\/p>\n","protected":false},"excerpt":{"rendered":"<p>Herkunftsland: Hergestellt in Italien<br \/>\nMarke: Italienische Luxusmarke Ermenegildo Zegna<br \/>\nFarbe: Dunkelblau<br \/>\nGr\u00f6\u00dfe: IT 48<br \/>\nBreite: 59 cm<br \/>\n\u00c4rmell\u00e4nge: 61 cm<br \/>\nGesamtl\u00e4nge: 78 cm<br \/>\nMaterial: 100 % Baumwolle<br \/>\nPflegehinweise: Chemische Reinigung<br \/>\nZustand: Gut, ein Knopf an der Seite\/unten fehlt<br \/>\nArtikelnummer: Art-33<\/p>\n","protected":false},"featured_media":5261,"comment_status":"open","ping_status":"closed","template":"","meta":[],"product_brand":[195],"product_cat":[549,657,608,656,658,503],"product_tag":[660,662,661,535,533,659],"class_list":{"0":"post-5260","1":"product","2":"type-product","3":"status-publish","4":"has-post-thumbnail","6":"product_brand-ermenegildo-zegna","7":"product_cat-baumwolle","8":"product_cat-designerstucke","9":"product_cat-herbst-winter","10":"product_cat-herrenbekleidung","11":"product_cat-herrenjacken-und-mantel","12":"product_cat-nicht-kategorisiert","13":"product_tag-gesteppt","14":"product_tag-kleinere-mangel","15":"product_tag-lagen-teil","16":"product_tag-laessig","17":"product_tag-mit-taschen","18":"product_tag-neutrale-tone","20":"first","21":"instock","22":"sold-individually","23":"shipping-taxable","24":"purchasable","25":"product-type-simple"},"yoast_head":"<!-- This site is optimized with the Yoast SEO plugin v27.3 - https:\/\/yoast.com\/product\/yoast-seo-wordpress\/ -->\n<title>Zegna Herrenjacke aus Baumwolle \u2013 Hergestellt in Italien | Gesteppte Oberbekleidung f\u00fcr Herbst\/Winter<\/title>\n<meta name=\"description\" content=\"Herrenjacke von Zegna aus Baumwolle, hergestellt in Italien. Dunkelblaue Steppjacke, ideal f\u00fcr den Lagenlook im Herbst. Passt gut zu neutralen Hosen. Kleiner Mangel, der leicht von einem Schneider behoben werden kann.\" \/>\n<meta name=\"robots\" content=\"index, follow, max-snippet:-1, max-image-preview:large, max-video-preview:-1\" \/>\n<link rel=\"canonical\" href=\"https:\/\/vintagellamoda.com\/de\/produkt\/herrenjacke-von-zegna-100-baumwolle-hergestellt-in-italien\/\" \/>\n<meta property=\"og:locale\" content=\"de_DE\" \/>\n<meta property=\"og:type\" content=\"article\" \/>\n<meta property=\"og:title\" content=\"Zegna Herrenjacke aus Baumwolle \u2013 Hergestellt in Italien | Gesteppte Oberbekleidung f\u00fcr Herbst\/Winter\" \/>\n<meta property=\"og:description\" content=\"Herrenjacke von Zegna aus Baumwolle, hergestellt in Italien. Dunkelblaue Steppjacke, ideal f\u00fcr den Lagenlook im Herbst. Passt gut zu neutralen Hosen. Kleiner Mangel, der leicht von einem Schneider behoben werden kann.\" \/>\n<meta property=\"og:url\" content=\"https:\/\/vintagellamoda.com\/de\/produkt\/herrenjacke-von-zegna-100-baumwolle-hergestellt-in-italien\/\" \/>\n<meta property=\"og:site_name\" content=\"Vintagella Moda\" \/>\n<meta property=\"article:publisher\" content=\"https:\/\/www.facebook.com\/profile.php?id=61583665421269\" \/>\n<meta property=\"article:modified_time\" content=\"2025-12-09T20:36:25+00:00\" \/>\n<meta property=\"og:image\" content=\"https:\/\/vintagellamoda.com\/wp-content\/uploads\/2025\/02\/IMG_0582-scaled.jpg\" \/>\n\t<meta property=\"og:image:width\" content=\"1707\" \/>\n\t<meta property=\"og:image:height\" content=\"2560\" \/>\n\t<meta property=\"og:image:type\" content=\"image\/jpeg\" \/>\n<meta name=\"twitter:card\" content=\"summary_large_image\" \/>\n<script type=\"application\/ld+json\" class=\"yoast-schema-graph\">{\"@context\":\"https:\\\/\\\/schema.org\",\"@graph\":[{\"@type\":\"WebPage\",\"@id\":\"https:\\\/\\\/vintagellamoda.com\\\/de\\\/produkt\\\/herrenjacke-von-zegna-100-baumwolle-hergestellt-in-italien\\\/\",\"url\":\"https:\\\/\\\/vintagellamoda.com\\\/de\\\/produkt\\\/herrenjacke-von-zegna-100-baumwolle-hergestellt-in-italien\\\/\",\"name\":\"Zegna Herrenjacke aus Baumwolle \u2013 Hergestellt in Italien | Gesteppte Oberbekleidung f\u00fcr Herbst\\\/Winter\",\"isPartOf\":{\"@id\":\"https:\\\/\\\/vintagellamoda.com\\\/de\\\/#website\"},\"primaryImageOfPage\":{\"@id\":\"https:\\\/\\\/vintagellamoda.com\\\/de\\\/produkt\\\/herrenjacke-von-zegna-100-baumwolle-hergestellt-in-italien\\\/#primaryimage\"},\"image\":{\"@id\":\"https:\\\/\\\/vintagellamoda.com\\\/de\\\/produkt\\\/herrenjacke-von-zegna-100-baumwolle-hergestellt-in-italien\\\/#primaryimage\"},\"thumbnailUrl\":\"https:\\\/\\\/vintagellamoda.com\\\/wp-content\\\/uploads\\\/2025\\\/02\\\/IMG_0582-scaled.jpg\",\"datePublished\":\"2025-03-23T19:24:29+00:00\",\"dateModified\":\"2025-12-09T20:36:25+00:00\",\"description\":\"Herrenjacke von Zegna aus Baumwolle, hergestellt in Italien. Dunkelblaue Steppjacke, ideal f\u00fcr den Lagenlook im Herbst. Passt gut zu neutralen Hosen. Kleiner Mangel, der leicht von einem Schneider behoben werden kann.\",\"breadcrumb\":{\"@id\":\"https:\\\/\\\/vintagellamoda.com\\\/de\\\/produkt\\\/herrenjacke-von-zegna-100-baumwolle-hergestellt-in-italien\\\/#breadcrumb\"},\"inLanguage\":\"de\",\"potentialAction\":[{\"@type\":\"ReadAction\",\"target\":[\"https:\\\/\\\/vintagellamoda.com\\\/de\\\/produkt\\\/herrenjacke-von-zegna-100-baumwolle-hergestellt-in-italien\\\/\"]}]},{\"@type\":\"ImageObject\",\"inLanguage\":\"de\",\"@id\":\"https:\\\/\\\/vintagellamoda.com\\\/de\\\/produkt\\\/herrenjacke-von-zegna-100-baumwolle-hergestellt-in-italien\\\/#primaryimage\",\"url\":\"https:\\\/\\\/vintagellamoda.com\\\/wp-content\\\/uploads\\\/2025\\\/02\\\/IMG_0582-scaled.jpg\",\"contentUrl\":\"https:\\\/\\\/vintagellamoda.com\\\/wp-content\\\/uploads\\\/2025\\\/02\\\/IMG_0582-scaled.jpg\",\"width\":1707,\"height\":2560},{\"@type\":\"BreadcrumbList\",\"@id\":\"https:\\\/\\\/vintagellamoda.com\\\/de\\\/produkt\\\/herrenjacke-von-zegna-100-baumwolle-hergestellt-in-italien\\\/#breadcrumb\",\"itemListElement\":[{\"@type\":\"ListItem\",\"position\":1,\"name\":\"Home\",\"item\":\"https:\\\/\\\/vintagellamoda.com\\\/de\\\/\"},{\"@type\":\"ListItem\",\"position\":2,\"name\":\"Shop\",\"item\":\"https:\\\/\\\/vintagellamoda.com\\\/de\\\/shop\\\/\"},{\"@type\":\"ListItem\",\"position\":3,\"name\":\"Herrenjacke von Zegna, 100 % Baumwolle \u2013 Hergestellt in Italien\"}]},{\"@type\":\"WebSite\",\"@id\":\"https:\\\/\\\/vintagellamoda.com\\\/de\\\/#website\",\"url\":\"https:\\\/\\\/vintagellamoda.com\\\/de\\\/\",\"name\":\"Vintagella Moda\",\"description\":\"Italo vintage moda \u2014 Italian vintage fashion\",\"publisher\":{\"@id\":\"https:\\\/\\\/vintagellamoda.com\\\/de\\\/#organization\"},\"potentialAction\":[{\"@type\":\"SearchAction\",\"target\":{\"@type\":\"EntryPoint\",\"urlTemplate\":\"https:\\\/\\\/vintagellamoda.com\\\/de\\\/?s={search_term_string}\"},\"query-input\":{\"@type\":\"PropertyValueSpecification\",\"valueRequired\":true,\"valueName\":\"search_term_string\"}}],\"inLanguage\":\"de\"},{\"@type\":\"Organization\",\"@id\":\"https:\\\/\\\/vintagellamoda.com\\\/de\\\/#organization\",\"name\":\"Vintagella Moda\",\"url\":\"https:\\\/\\\/vintagellamoda.com\\\/de\\\/\",\"logo\":{\"@type\":\"ImageObject\",\"inLanguage\":\"de\",\"@id\":\"https:\\\/\\\/vintagellamoda.com\\\/de\\\/#\\\/schema\\\/logo\\\/image\\\/\",\"url\":\"https:\\\/\\\/vintagellamoda.com\\\/wp-content\\\/uploads\\\/2025\\\/11\\\/favicon.png\",\"contentUrl\":\"https:\\\/\\\/vintagellamoda.com\\\/wp-content\\\/uploads\\\/2025\\\/11\\\/favicon.png\",\"width\":2000,\"height\":2000,\"caption\":\"Vintagella Moda\"},\"image\":{\"@id\":\"https:\\\/\\\/vintagellamoda.com\\\/de\\\/#\\\/schema\\\/logo\\\/image\\\/\"},\"sameAs\":[\"https:\\\/\\\/www.facebook.com\\\/profile.php?id=61583665421269\",\"https:\\\/\\\/www.instagram.com\\\/vintagellamoda\\\/\",\"https:\\\/\\\/de.pinterest.com\\\/vintagellamoda\"]}]}<\/script>\n<!-- \/ Yoast SEO plugin. -->","yoast_head_json":{"title":"Zegna Herrenjacke aus Baumwolle \u2013 Hergestellt in Italien | Gesteppte Oberbekleidung f\u00fcr Herbst\/Winter","description":"Herrenjacke von Zegna aus Baumwolle, hergestellt in Italien. Dunkelblaue Steppjacke, ideal f\u00fcr den Lagenlook im Herbst. Passt gut zu neutralen Hosen. Kleiner Mangel, der leicht von einem Schneider behoben werden kann.","robots":{"index":"index","follow":"follow","max-snippet":"max-snippet:-1","max-image-preview":"max-image-preview:large","max-video-preview":"max-video-preview:-1"},"canonical":"https:\/\/vintagellamoda.com\/de\/produkt\/herrenjacke-von-zegna-100-baumwolle-hergestellt-in-italien\/","og_locale":"de_DE","og_type":"article","og_title":"Zegna Herrenjacke aus Baumwolle \u2013 Hergestellt in Italien | Gesteppte Oberbekleidung f\u00fcr Herbst\/Winter","og_description":"Herrenjacke von Zegna aus Baumwolle, hergestellt in Italien. Dunkelblaue Steppjacke, ideal f\u00fcr den Lagenlook im Herbst. Passt gut zu neutralen Hosen. Kleiner Mangel, der leicht von einem Schneider behoben werden kann.","og_url":"https:\/\/vintagellamoda.com\/de\/produkt\/herrenjacke-von-zegna-100-baumwolle-hergestellt-in-italien\/","og_site_name":"Vintagella Moda","article_publisher":"https:\/\/www.facebook.com\/profile.php?id=61583665421269","article_modified_time":"2025-12-09T20:36:25+00:00","og_image":[{"width":1707,"height":2560,"url":"https:\/\/vintagellamoda.com\/wp-content\/uploads\/2025\/02\/IMG_0582-scaled.jpg","type":"image\/jpeg"}],"twitter_card":"summary_large_image","schema":{"@context":"https:\/\/schema.org","@graph":[{"@type":"WebPage","@id":"https:\/\/vintagellamoda.com\/de\/produkt\/herrenjacke-von-zegna-100-baumwolle-hergestellt-in-italien\/","url":"https:\/\/vintagellamoda.com\/de\/produkt\/herrenjacke-von-zegna-100-baumwolle-hergestellt-in-italien\/","name":"Zegna Herrenjacke aus Baumwolle \u2013 Hergestellt in Italien | Gesteppte Oberbekleidung f\u00fcr Herbst\/Winter","isPartOf":{"@id":"https:\/\/vintagellamoda.com\/de\/#website"},"primaryImageOfPage":{"@id":"https:\/\/vintagellamoda.com\/de\/produkt\/herrenjacke-von-zegna-100-baumwolle-hergestellt-in-italien\/#primaryimage"},"image":{"@id":"https:\/\/vintagellamoda.com\/de\/produkt\/herrenjacke-von-zegna-100-baumwolle-hergestellt-in-italien\/#primaryimage"},"thumbnailUrl":"https:\/\/vintagellamoda.com\/wp-content\/uploads\/2025\/02\/IMG_0582-scaled.jpg","datePublished":"2025-03-23T19:24:29+00:00","dateModified":"2025-12-09T20:36:25+00:00","description":"Herrenjacke von Zegna aus Baumwolle, hergestellt in Italien. Dunkelblaue Steppjacke, ideal f\u00fcr den Lagenlook im Herbst. Passt gut zu neutralen Hosen. Kleiner Mangel, der leicht von einem Schneider behoben werden kann.","breadcrumb":{"@id":"https:\/\/vintagellamoda.com\/de\/produkt\/herrenjacke-von-zegna-100-baumwolle-hergestellt-in-italien\/#breadcrumb"},"inLanguage":"de","potentialAction":[{"@type":"ReadAction","target":["https:\/\/vintagellamoda.com\/de\/produkt\/herrenjacke-von-zegna-100-baumwolle-hergestellt-in-italien\/"]}]},{"@type":"ImageObject","inLanguage":"de","@id":"https:\/\/vintagellamoda.com\/de\/produkt\/herrenjacke-von-zegna-100-baumwolle-hergestellt-in-italien\/#primaryimage","url":"https:\/\/vintagellamoda.com\/wp-content\/uploads\/2025\/02\/IMG_0582-scaled.jpg","contentUrl":"https:\/\/vintagellamoda.com\/wp-content\/uploads\/2025\/02\/IMG_0582-scaled.jpg","width":1707,"height":2560},{"@type":"BreadcrumbList","@id":"https:\/\/vintagellamoda.com\/de\/produkt\/herrenjacke-von-zegna-100-baumwolle-hergestellt-in-italien\/#breadcrumb","itemListElement":[{"@type":"ListItem","position":1,"name":"Home","item":"https:\/\/vintagellamoda.com\/de\/"},{"@type":"ListItem","position":2,"name":"Shop","item":"https:\/\/vintagellamoda.com\/de\/shop\/"},{"@type":"ListItem","position":3,"name":"Herrenjacke von Zegna, 100 % Baumwolle \u2013 Hergestellt in Italien"}]},{"@type":"WebSite","@id":"https:\/\/vintagellamoda.com\/de\/#website","url":"https:\/\/vintagellamoda.com\/de\/","name":"Vintagella Moda","description":"Italo vintage moda \u2014 Italian vintage fashion","publisher":{"@id":"https:\/\/vintagellamoda.com\/de\/#organization"},"potentialAction":[{"@type":"SearchAction","target":{"@type":"EntryPoint","urlTemplate":"https:\/\/vintagellamoda.com\/de\/?s={search_term_string}"},"query-input":{"@type":"PropertyValueSpecification","valueRequired":true,"valueName":"search_term_string"}}],"inLanguage":"de"},{"@type":"Organization","@id":"https:\/\/vintagellamoda.com\/de\/#organization","name":"Vintagella Moda","url":"https:\/\/vintagellamoda.com\/de\/","logo":{"@type":"ImageObject","inLanguage":"de","@id":"https:\/\/vintagellamoda.com\/de\/#\/schema\/logo\/image\/","url":"https:\/\/vintagellamoda.com\/wp-content\/uploads\/2025\/11\/favicon.png","contentUrl":"https:\/\/vintagellamoda.com\/wp-content\/uploads\/2025\/11\/favicon.png","width":2000,"height":2000,"caption":"Vintagella Moda"},"image":{"@id":"https:\/\/vintagellamoda.com\/de\/#\/schema\/logo\/image\/"},"sameAs":["https:\/\/www.facebook.com\/profile.php?id=61583665421269","https:\/\/www.instagram.com\/vintagellamoda\/","https:\/\/de.pinterest.com\/vintagellamoda"]}]}},"_links":{"self":[{"href":"https:\/\/vintagellamoda.com\/de\/wp-json\/wp\/v2\/product\/5260","targetHints":{"allow":["GET"]}}],"collection":[{"href":"https:\/\/vintagellamoda.com\/de\/wp-json\/wp\/v2\/product"}],"about":[{"href":"https:\/\/vintagellamoda.com\/de\/wp-json\/wp\/v2\/types\/product"}],"replies":[{"embeddable":true,"href":"https:\/\/vintagellamoda.com\/de\/wp-json\/wp\/v2\/comments?post=5260"}],"wp:featuredmedia":[{"embeddable":true,"href":"https:\/\/vintagellamoda.com\/de\/wp-json\/wp\/v2\/media\/5261"}],"wp:attachment":[{"href":"https:\/\/vintagellamoda.com\/de\/wp-json\/wp\/v2\/media?parent=5260"}],"wp:term":[{"taxonomy":"product_brand","embeddable":true,"href":"https:\/\/vintagellamoda.com\/de\/wp-json\/wp\/v2\/product_brand?post=5260"},{"taxonomy":"product_cat","embeddable":true,"href":"https:\/\/vintagellamoda.com\/de\/wp-json\/wp\/v2\/product_cat?post=5260"},{"taxonomy":"product_tag","embeddable":true,"href":"https:\/\/vintagellamoda.com\/de\/wp-json\/wp\/v2\/product_tag?post=5260"}],"curies":[{"name":"wp","href":"https:\/\/api.w.org\/{rel}","templated":true}]}}