{"id":5256,"date":"2025-03-23T19:32:20","date_gmt":"2025-03-23T19:32:20","guid":{"rendered":"https:\/\/vintagellamoda.com\/product\/kejo-bomberjacke-hergestellt-in-den-usa\/"},"modified":"2025-12-09T19:50:56","modified_gmt":"2025-12-09T19:50:56","slug":"kejo-bomberjacke-hergestellt-in-den-usa","status":"publish","type":"product","link":"https:\/\/vintagellamoda.com\/de\/produkt\/kejo-bomberjacke-hergestellt-in-den-usa\/","title":{"rendered":"Kejo Bomberjacke \u2013 Hergestellt in den USA"},"content":{"rendered":"<p><strong>Kejo Bomberjacke \u2013 Hergestellt in den USA<\/strong><\/p>\n<p>Diese sportlich-elegante Bomberjacke der amerikanischen Marke Kejo besticht durch ihre Liebe zum Detail. Sie eignet sich perfekt f\u00fcr einen l\u00e4ssig-schicken Look und punktet dank der zwei Vordertaschen und des Rei\u00dfverschlusses mit hoher Funktionalit\u00e4t. Die trendige Farbe l\u00e4sst sich hervorragend mit blauen oder wei\u00dfen Jeans kombinieren. Waschbar bei 30 Grad auf links gedreht. Es sind keine sichtbaren M\u00e4ngel vorhanden.    <\/p>\n","protected":false},"excerpt":{"rendered":"<p>Herkunftsland: Hergestellt in den USA<br \/>\nMarke: Kejo<br \/>\nFarbe: Hellrosa<br \/>\nGr\u00f6\u00dfe: US 44<br \/>\nBrustweite: 46 cm<br \/>\n\u00c4rmell\u00e4nge: 59 cm<br \/>\nGesamtl\u00e4nge: 52 cm<br \/>\nMaterial: nicht angegeben<br \/>\nPflegehinweise: Maschinenw\u00e4sche auf links<br \/>\nZustand: gut\/sehr gut<br \/>\nArtikelnummer: Art-34<\/p>\n","protected":false},"featured_media":5257,"comment_status":"open","ping_status":"closed","template":"","meta":[],"product_brand":[196],"product_cat":[627,599,538,552],"product_tag":[650,652,653,651,654,655],"class_list":{"0":"post-5256","1":"product","2":"type-product","3":"status-publish","4":"has-post-thumbnail","6":"product_brand-kejo","7":"product_cat-damenjacken-und-mantel","8":"product_cat-lassig","9":"product_cat-smart-casual","10":"product_cat-womenswear","11":"product_tag-bomberjacken-stil","12":"product_tag-funktionelle-taschen","13":"product_tag-leicht","14":"product_tag-reisverschluss","15":"product_tag-sportlicher-look","16":"product_tag-trendige-farbe","18":"first","19":"instock","20":"sold-individually","21":"shipping-taxable","22":"purchasable","23":"product-type-simple"},"yoast_head":"<!-- This site is optimized with the Yoast SEO plugin v27.3 - https:\/\/yoast.com\/product\/yoast-seo-wordpress\/ -->\n<title>Kejo Bomberjacke \u2013 Hergestellt in den USA | L\u00e4ssige und schicke Damenjacke<\/title>\n<meta name=\"description\" content=\"Kejo Bomberjacke, hergestellt in den USA. Sportlich-schick mit praktischen Taschen und Rei\u00dfverschluss. Perfekt f\u00fcr l\u00e4ssige Looks mit Jeans. Leicht, trendig und maschinenwaschbar.\" \/>\n<meta name=\"robots\" content=\"index, follow, max-snippet:-1, max-image-preview:large, max-video-preview:-1\" \/>\n<link rel=\"canonical\" href=\"https:\/\/vintagellamoda.com\/de\/produkt\/kejo-bomberjacke-hergestellt-in-den-usa\/\" \/>\n<meta property=\"og:locale\" content=\"de_DE\" \/>\n<meta property=\"og:type\" content=\"article\" \/>\n<meta property=\"og:title\" content=\"Kejo Bomberjacke \u2013 Hergestellt in den USA | L\u00e4ssige und schicke Damenjacke\" \/>\n<meta property=\"og:description\" content=\"Kejo Bomberjacke, hergestellt in den USA. Sportlich-schick mit praktischen Taschen und Rei\u00dfverschluss. Perfekt f\u00fcr l\u00e4ssige Looks mit Jeans. Leicht, trendig und maschinenwaschbar.\" \/>\n<meta property=\"og:url\" content=\"https:\/\/vintagellamoda.com\/de\/produkt\/kejo-bomberjacke-hergestellt-in-den-usa\/\" \/>\n<meta property=\"og:site_name\" content=\"Vintagella Moda\" \/>\n<meta property=\"article:publisher\" content=\"https:\/\/www.facebook.com\/profile.php?id=61583665421269\" \/>\n<meta property=\"article:modified_time\" content=\"2025-12-09T19:50:56+00:00\" \/>\n<meta property=\"og:image\" content=\"https:\/\/vintagellamoda.com\/wp-content\/uploads\/2025\/02\/IMG_0586-scaled.jpg\" \/>\n\t<meta property=\"og:image:width\" content=\"1707\" \/>\n\t<meta property=\"og:image:height\" content=\"2560\" \/>\n\t<meta property=\"og:image:type\" content=\"image\/jpeg\" \/>\n<meta name=\"twitter:card\" content=\"summary_large_image\" \/>\n<script type=\"application\/ld+json\" class=\"yoast-schema-graph\">{\"@context\":\"https:\\\/\\\/schema.org\",\"@graph\":[{\"@type\":\"WebPage\",\"@id\":\"https:\\\/\\\/vintagellamoda.com\\\/de\\\/produkt\\\/kejo-bomberjacke-hergestellt-in-den-usa\\\/\",\"url\":\"https:\\\/\\\/vintagellamoda.com\\\/de\\\/produkt\\\/kejo-bomberjacke-hergestellt-in-den-usa\\\/\",\"name\":\"Kejo Bomberjacke \u2013 Hergestellt in den USA | L\u00e4ssige und schicke Damenjacke\",\"isPartOf\":{\"@id\":\"https:\\\/\\\/vintagellamoda.com\\\/de\\\/#website\"},\"primaryImageOfPage\":{\"@id\":\"https:\\\/\\\/vintagellamoda.com\\\/de\\\/produkt\\\/kejo-bomberjacke-hergestellt-in-den-usa\\\/#primaryimage\"},\"image\":{\"@id\":\"https:\\\/\\\/vintagellamoda.com\\\/de\\\/produkt\\\/kejo-bomberjacke-hergestellt-in-den-usa\\\/#primaryimage\"},\"thumbnailUrl\":\"https:\\\/\\\/vintagellamoda.com\\\/wp-content\\\/uploads\\\/2025\\\/02\\\/IMG_0586-scaled.jpg\",\"datePublished\":\"2025-03-23T19:32:20+00:00\",\"dateModified\":\"2025-12-09T19:50:56+00:00\",\"description\":\"Kejo Bomberjacke, hergestellt in den USA. Sportlich-schick mit praktischen Taschen und Rei\u00dfverschluss. Perfekt f\u00fcr l\u00e4ssige Looks mit Jeans. Leicht, trendig und maschinenwaschbar.\",\"breadcrumb\":{\"@id\":\"https:\\\/\\\/vintagellamoda.com\\\/de\\\/produkt\\\/kejo-bomberjacke-hergestellt-in-den-usa\\\/#breadcrumb\"},\"inLanguage\":\"de\",\"potentialAction\":[{\"@type\":\"ReadAction\",\"target\":[\"https:\\\/\\\/vintagellamoda.com\\\/de\\\/produkt\\\/kejo-bomberjacke-hergestellt-in-den-usa\\\/\"]}]},{\"@type\":\"ImageObject\",\"inLanguage\":\"de\",\"@id\":\"https:\\\/\\\/vintagellamoda.com\\\/de\\\/produkt\\\/kejo-bomberjacke-hergestellt-in-den-usa\\\/#primaryimage\",\"url\":\"https:\\\/\\\/vintagellamoda.com\\\/wp-content\\\/uploads\\\/2025\\\/02\\\/IMG_0586-scaled.jpg\",\"contentUrl\":\"https:\\\/\\\/vintagellamoda.com\\\/wp-content\\\/uploads\\\/2025\\\/02\\\/IMG_0586-scaled.jpg\",\"width\":1707,\"height\":2560},{\"@type\":\"BreadcrumbList\",\"@id\":\"https:\\\/\\\/vintagellamoda.com\\\/de\\\/produkt\\\/kejo-bomberjacke-hergestellt-in-den-usa\\\/#breadcrumb\",\"itemListElement\":[{\"@type\":\"ListItem\",\"position\":1,\"name\":\"Home\",\"item\":\"https:\\\/\\\/vintagellamoda.com\\\/de\\\/\"},{\"@type\":\"ListItem\",\"position\":2,\"name\":\"Shop\",\"item\":\"https:\\\/\\\/vintagellamoda.com\\\/de\\\/shop\\\/\"},{\"@type\":\"ListItem\",\"position\":3,\"name\":\"Kejo Bomberjacke \u2013 Hergestellt in den USA\"}]},{\"@type\":\"WebSite\",\"@id\":\"https:\\\/\\\/vintagellamoda.com\\\/de\\\/#website\",\"url\":\"https:\\\/\\\/vintagellamoda.com\\\/de\\\/\",\"name\":\"Vintagella Moda\",\"description\":\"Italo vintage moda \u2014 Italian vintage fashion\",\"publisher\":{\"@id\":\"https:\\\/\\\/vintagellamoda.com\\\/de\\\/#organization\"},\"potentialAction\":[{\"@type\":\"SearchAction\",\"target\":{\"@type\":\"EntryPoint\",\"urlTemplate\":\"https:\\\/\\\/vintagellamoda.com\\\/de\\\/?s={search_term_string}\"},\"query-input\":{\"@type\":\"PropertyValueSpecification\",\"valueRequired\":true,\"valueName\":\"search_term_string\"}}],\"inLanguage\":\"de\"},{\"@type\":\"Organization\",\"@id\":\"https:\\\/\\\/vintagellamoda.com\\\/de\\\/#organization\",\"name\":\"Vintagella Moda\",\"url\":\"https:\\\/\\\/vintagellamoda.com\\\/de\\\/\",\"logo\":{\"@type\":\"ImageObject\",\"inLanguage\":\"de\",\"@id\":\"https:\\\/\\\/vintagellamoda.com\\\/de\\\/#\\\/schema\\\/logo\\\/image\\\/\",\"url\":\"https:\\\/\\\/vintagellamoda.com\\\/wp-content\\\/uploads\\\/2025\\\/11\\\/favicon.png\",\"contentUrl\":\"https:\\\/\\\/vintagellamoda.com\\\/wp-content\\\/uploads\\\/2025\\\/11\\\/favicon.png\",\"width\":2000,\"height\":2000,\"caption\":\"Vintagella Moda\"},\"image\":{\"@id\":\"https:\\\/\\\/vintagellamoda.com\\\/de\\\/#\\\/schema\\\/logo\\\/image\\\/\"},\"sameAs\":[\"https:\\\/\\\/www.facebook.com\\\/profile.php?id=61583665421269\",\"https:\\\/\\\/www.instagram.com\\\/vintagellamoda\\\/\",\"https:\\\/\\\/de.pinterest.com\\\/vintagellamoda\"]}]}<\/script>\n<!-- \/ Yoast SEO plugin. -->","yoast_head_json":{"title":"Kejo Bomberjacke \u2013 Hergestellt in den USA | L\u00e4ssige und schicke Damenjacke","description":"Kejo Bomberjacke, hergestellt in den USA. Sportlich-schick mit praktischen Taschen und Rei\u00dfverschluss. Perfekt f\u00fcr l\u00e4ssige Looks mit Jeans. Leicht, trendig und maschinenwaschbar.","robots":{"index":"index","follow":"follow","max-snippet":"max-snippet:-1","max-image-preview":"max-image-preview:large","max-video-preview":"max-video-preview:-1"},"canonical":"https:\/\/vintagellamoda.com\/de\/produkt\/kejo-bomberjacke-hergestellt-in-den-usa\/","og_locale":"de_DE","og_type":"article","og_title":"Kejo Bomberjacke \u2013 Hergestellt in den USA | L\u00e4ssige und schicke Damenjacke","og_description":"Kejo Bomberjacke, hergestellt in den USA. Sportlich-schick mit praktischen Taschen und Rei\u00dfverschluss. Perfekt f\u00fcr l\u00e4ssige Looks mit Jeans. Leicht, trendig und maschinenwaschbar.","og_url":"https:\/\/vintagellamoda.com\/de\/produkt\/kejo-bomberjacke-hergestellt-in-den-usa\/","og_site_name":"Vintagella Moda","article_publisher":"https:\/\/www.facebook.com\/profile.php?id=61583665421269","article_modified_time":"2025-12-09T19:50:56+00:00","og_image":[{"width":1707,"height":2560,"url":"https:\/\/vintagellamoda.com\/wp-content\/uploads\/2025\/02\/IMG_0586-scaled.jpg","type":"image\/jpeg"}],"twitter_card":"summary_large_image","schema":{"@context":"https:\/\/schema.org","@graph":[{"@type":"WebPage","@id":"https:\/\/vintagellamoda.com\/de\/produkt\/kejo-bomberjacke-hergestellt-in-den-usa\/","url":"https:\/\/vintagellamoda.com\/de\/produkt\/kejo-bomberjacke-hergestellt-in-den-usa\/","name":"Kejo Bomberjacke \u2013 Hergestellt in den USA | L\u00e4ssige und schicke Damenjacke","isPartOf":{"@id":"https:\/\/vintagellamoda.com\/de\/#website"},"primaryImageOfPage":{"@id":"https:\/\/vintagellamoda.com\/de\/produkt\/kejo-bomberjacke-hergestellt-in-den-usa\/#primaryimage"},"image":{"@id":"https:\/\/vintagellamoda.com\/de\/produkt\/kejo-bomberjacke-hergestellt-in-den-usa\/#primaryimage"},"thumbnailUrl":"https:\/\/vintagellamoda.com\/wp-content\/uploads\/2025\/02\/IMG_0586-scaled.jpg","datePublished":"2025-03-23T19:32:20+00:00","dateModified":"2025-12-09T19:50:56+00:00","description":"Kejo Bomberjacke, hergestellt in den USA. Sportlich-schick mit praktischen Taschen und Rei\u00dfverschluss. Perfekt f\u00fcr l\u00e4ssige Looks mit Jeans. Leicht, trendig und maschinenwaschbar.","breadcrumb":{"@id":"https:\/\/vintagellamoda.com\/de\/produkt\/kejo-bomberjacke-hergestellt-in-den-usa\/#breadcrumb"},"inLanguage":"de","potentialAction":[{"@type":"ReadAction","target":["https:\/\/vintagellamoda.com\/de\/produkt\/kejo-bomberjacke-hergestellt-in-den-usa\/"]}]},{"@type":"ImageObject","inLanguage":"de","@id":"https:\/\/vintagellamoda.com\/de\/produkt\/kejo-bomberjacke-hergestellt-in-den-usa\/#primaryimage","url":"https:\/\/vintagellamoda.com\/wp-content\/uploads\/2025\/02\/IMG_0586-scaled.jpg","contentUrl":"https:\/\/vintagellamoda.com\/wp-content\/uploads\/2025\/02\/IMG_0586-scaled.jpg","width":1707,"height":2560},{"@type":"BreadcrumbList","@id":"https:\/\/vintagellamoda.com\/de\/produkt\/kejo-bomberjacke-hergestellt-in-den-usa\/#breadcrumb","itemListElement":[{"@type":"ListItem","position":1,"name":"Home","item":"https:\/\/vintagellamoda.com\/de\/"},{"@type":"ListItem","position":2,"name":"Shop","item":"https:\/\/vintagellamoda.com\/de\/shop\/"},{"@type":"ListItem","position":3,"name":"Kejo Bomberjacke \u2013 Hergestellt in den USA"}]},{"@type":"WebSite","@id":"https:\/\/vintagellamoda.com\/de\/#website","url":"https:\/\/vintagellamoda.com\/de\/","name":"Vintagella Moda","description":"Italo vintage moda \u2014 Italian vintage fashion","publisher":{"@id":"https:\/\/vintagellamoda.com\/de\/#organization"},"potentialAction":[{"@type":"SearchAction","target":{"@type":"EntryPoint","urlTemplate":"https:\/\/vintagellamoda.com\/de\/?s={search_term_string}"},"query-input":{"@type":"PropertyValueSpecification","valueRequired":true,"valueName":"search_term_string"}}],"inLanguage":"de"},{"@type":"Organization","@id":"https:\/\/vintagellamoda.com\/de\/#organization","name":"Vintagella Moda","url":"https:\/\/vintagellamoda.com\/de\/","logo":{"@type":"ImageObject","inLanguage":"de","@id":"https:\/\/vintagellamoda.com\/de\/#\/schema\/logo\/image\/","url":"https:\/\/vintagellamoda.com\/wp-content\/uploads\/2025\/11\/favicon.png","contentUrl":"https:\/\/vintagellamoda.com\/wp-content\/uploads\/2025\/11\/favicon.png","width":2000,"height":2000,"caption":"Vintagella Moda"},"image":{"@id":"https:\/\/vintagellamoda.com\/de\/#\/schema\/logo\/image\/"},"sameAs":["https:\/\/www.facebook.com\/profile.php?id=61583665421269","https:\/\/www.instagram.com\/vintagellamoda\/","https:\/\/de.pinterest.com\/vintagellamoda"]}]}},"_links":{"self":[{"href":"https:\/\/vintagellamoda.com\/de\/wp-json\/wp\/v2\/product\/5256","targetHints":{"allow":["GET"]}}],"collection":[{"href":"https:\/\/vintagellamoda.com\/de\/wp-json\/wp\/v2\/product"}],"about":[{"href":"https:\/\/vintagellamoda.com\/de\/wp-json\/wp\/v2\/types\/product"}],"replies":[{"embeddable":true,"href":"https:\/\/vintagellamoda.com\/de\/wp-json\/wp\/v2\/comments?post=5256"}],"wp:featuredmedia":[{"embeddable":true,"href":"https:\/\/vintagellamoda.com\/de\/wp-json\/wp\/v2\/media\/5257"}],"wp:attachment":[{"href":"https:\/\/vintagellamoda.com\/de\/wp-json\/wp\/v2\/media?parent=5256"}],"wp:term":[{"taxonomy":"product_brand","embeddable":true,"href":"https:\/\/vintagellamoda.com\/de\/wp-json\/wp\/v2\/product_brand?post=5256"},{"taxonomy":"product_cat","embeddable":true,"href":"https:\/\/vintagellamoda.com\/de\/wp-json\/wp\/v2\/product_cat?post=5256"},{"taxonomy":"product_tag","embeddable":true,"href":"https:\/\/vintagellamoda.com\/de\/wp-json\/wp\/v2\/product_tag?post=5256"}],"curies":[{"name":"wp","href":"https:\/\/api.w.org\/{rel}","templated":true}]}}