{"id":5253,"date":"2025-03-23T19:39:31","date_gmt":"2025-03-23T19:39:31","guid":{"rendered":"https:\/\/vintagellamoda.com\/product\/rose-lini-bluse-hergestellt-in-italien\/"},"modified":"2025-12-09T20:08:28","modified_gmt":"2025-12-09T20:08:28","slug":"rose-lini-bluse-hergestellt-in-italien","status":"publish","type":"product","link":"https:\/\/vintagellamoda.com\/de\/produkt\/rose-lini-bluse-hergestellt-in-italien\/","title":{"rendered":"Rose &amp; Lini Bluse \u2013 Hergestellt in Italien"},"content":{"rendered":"<p><strong>Rosa Leinenbluse \u2013 Hergestellt in Italien<\/strong><\/p>\n<p>Diese elegante Bluse des italienischen Labels Pink &amp; Lini k\u00f6nnte Ihr perfekter Begleiter f\u00fcr festliche Anl\u00e4sse sein. Die lang\u00e4rmelige Bluse passt hervorragend zu Palazzo-, Schlag- oder geraden Hosen. Sie harmoniert gut mit neutralen Farben wie Elfenbeinwei\u00df, l\u00e4sst sich aber auch wunderbar mit Bordeauxrot, Braun oder Blau kombinieren und mit goldenen Creolen oder Ohrsteckern abrunden. Die Bluse weist keinerlei sichtbare M\u00e4ngel auf.   <\/p>\n","protected":false},"excerpt":{"rendered":"<p>Herkunftsland: Hergestellt in Italien<br data-start=\"133\" data-end=\"136\">Marke: Italienische Marke Rosa &amp; Lini<br data-start=\"172\" data-end=\"175\">Farbe: Metallic-Gold<br data-start=\"200\" data-end=\"203\">Gr\u00f6\u00dfe: IT 46<br data-start=\"218\" data-end=\"221\">Breite: 48 cm<br data-start=\"237\" data-end=\"240\">\u00c4rmell\u00e4nge: 61 cm<br data-start=\"264\" data-end=\"267\">Gesamtl\u00e4nge: 60 cm<br data-start=\"290\" data-end=\"293\">Material: nicht angegeben, m\u00f6glicherweise Seide oder Satin<br data-start=\"339\" data-end=\"342\">Pflegehinweise: Handw\u00e4sche<br data-start=\"373\" data-end=\"376\">Zustand: gut\/sehr gut, keine Flecken, keine Spritzer<br data-start=\"434\" data-end=\"437\">Artikelnummer: Art-35<\/p>\n","protected":false},"featured_media":5254,"comment_status":"open","ping_status":"closed","template":"","meta":[],"product_brand":[199],"product_cat":[551,516,644,503,552],"product_tag":[521,645,520,647,583,646],"class_list":{"0":"post-5253","1":"product","2":"type-product","3":"status-publish","4":"has-post-thumbnail","6":"product_brand-rose-lini","7":"product_cat-blusen-tops","8":"product_cat-formelle-kleidung-und-buerokleidung","9":"product_cat-metallische-farben-gold-silber-bronze","10":"product_cat-nicht-kategorisiert","11":"product_cat-womenswear","12":"product_tag-elegant","13":"product_tag-langarm","14":"product_tag-minimalistisch","15":"product_tag-sanftes-finish","16":"product_tag-tag-zu-nacht","17":"product_tag-vielseitige-kombination","19":"first","20":"instock","21":"sold-individually","22":"shipping-taxable","23":"purchasable","24":"product-type-simple"},"yoast_head":"<!-- This site is optimized with the Yoast SEO plugin v27.3 - https:\/\/yoast.com\/product\/yoast-seo-wordpress\/ -->\n<title>Rose Lini Bluse \u2013 Hergestellt in Italien | Elegantes Langarm-Oberteil f\u00fcr Damen<\/title>\n<meta name=\"description\" content=\"Elegante Bluse von Rose Lini, hergestellt in Italien. Lange \u00c4rmel, vielseitig kombinierbar f\u00fcr formelle Anl\u00e4sse oder f\u00fcrs B\u00fcro. Passt perfekt zu Hosen und goldenen Accessoires.\" \/>\n<meta name=\"robots\" content=\"index, follow, max-snippet:-1, max-image-preview:large, max-video-preview:-1\" \/>\n<link rel=\"canonical\" href=\"https:\/\/vintagellamoda.com\/de\/produkt\/rose-lini-bluse-hergestellt-in-italien\/\" \/>\n<meta property=\"og:locale\" content=\"de_DE\" \/>\n<meta property=\"og:type\" content=\"article\" \/>\n<meta property=\"og:title\" content=\"Rose Lini Bluse \u2013 Hergestellt in Italien | Elegantes Langarm-Oberteil f\u00fcr Damen\" \/>\n<meta property=\"og:description\" content=\"Elegante Bluse von Rose Lini, hergestellt in Italien. Lange \u00c4rmel, vielseitig kombinierbar f\u00fcr formelle Anl\u00e4sse oder f\u00fcrs B\u00fcro. Passt perfekt zu Hosen und goldenen Accessoires.\" \/>\n<meta property=\"og:url\" content=\"https:\/\/vintagellamoda.com\/de\/produkt\/rose-lini-bluse-hergestellt-in-italien\/\" \/>\n<meta property=\"og:site_name\" content=\"Vintagella Moda\" \/>\n<meta property=\"article:publisher\" content=\"https:\/\/www.facebook.com\/profile.php?id=61583665421269\" \/>\n<meta property=\"article:modified_time\" content=\"2025-12-09T20:08:28+00:00\" \/>\n<meta property=\"og:image\" content=\"https:\/\/vintagellamoda.com\/wp-content\/uploads\/2025\/02\/IMG_0590-scaled.jpg\" \/>\n\t<meta property=\"og:image:width\" content=\"1707\" \/>\n\t<meta property=\"og:image:height\" content=\"2560\" \/>\n\t<meta property=\"og:image:type\" content=\"image\/jpeg\" \/>\n<meta name=\"twitter:card\" content=\"summary_large_image\" \/>\n<script type=\"application\/ld+json\" class=\"yoast-schema-graph\">{\"@context\":\"https:\\\/\\\/schema.org\",\"@graph\":[{\"@type\":\"WebPage\",\"@id\":\"https:\\\/\\\/vintagellamoda.com\\\/de\\\/produkt\\\/rose-lini-bluse-hergestellt-in-italien\\\/\",\"url\":\"https:\\\/\\\/vintagellamoda.com\\\/de\\\/produkt\\\/rose-lini-bluse-hergestellt-in-italien\\\/\",\"name\":\"Rose Lini Bluse \u2013 Hergestellt in Italien | Elegantes Langarm-Oberteil f\u00fcr Damen\",\"isPartOf\":{\"@id\":\"https:\\\/\\\/vintagellamoda.com\\\/de\\\/#website\"},\"primaryImageOfPage\":{\"@id\":\"https:\\\/\\\/vintagellamoda.com\\\/de\\\/produkt\\\/rose-lini-bluse-hergestellt-in-italien\\\/#primaryimage\"},\"image\":{\"@id\":\"https:\\\/\\\/vintagellamoda.com\\\/de\\\/produkt\\\/rose-lini-bluse-hergestellt-in-italien\\\/#primaryimage\"},\"thumbnailUrl\":\"https:\\\/\\\/vintagellamoda.com\\\/wp-content\\\/uploads\\\/2025\\\/02\\\/IMG_0590-scaled.jpg\",\"datePublished\":\"2025-03-23T19:39:31+00:00\",\"dateModified\":\"2025-12-09T20:08:28+00:00\",\"description\":\"Elegante Bluse von Rose Lini, hergestellt in Italien. Lange \u00c4rmel, vielseitig kombinierbar f\u00fcr formelle Anl\u00e4sse oder f\u00fcrs B\u00fcro. Passt perfekt zu Hosen und goldenen Accessoires.\",\"breadcrumb\":{\"@id\":\"https:\\\/\\\/vintagellamoda.com\\\/de\\\/produkt\\\/rose-lini-bluse-hergestellt-in-italien\\\/#breadcrumb\"},\"inLanguage\":\"de\",\"potentialAction\":[{\"@type\":\"ReadAction\",\"target\":[\"https:\\\/\\\/vintagellamoda.com\\\/de\\\/produkt\\\/rose-lini-bluse-hergestellt-in-italien\\\/\"]}]},{\"@type\":\"ImageObject\",\"inLanguage\":\"de\",\"@id\":\"https:\\\/\\\/vintagellamoda.com\\\/de\\\/produkt\\\/rose-lini-bluse-hergestellt-in-italien\\\/#primaryimage\",\"url\":\"https:\\\/\\\/vintagellamoda.com\\\/wp-content\\\/uploads\\\/2025\\\/02\\\/IMG_0590-scaled.jpg\",\"contentUrl\":\"https:\\\/\\\/vintagellamoda.com\\\/wp-content\\\/uploads\\\/2025\\\/02\\\/IMG_0590-scaled.jpg\",\"width\":1707,\"height\":2560},{\"@type\":\"BreadcrumbList\",\"@id\":\"https:\\\/\\\/vintagellamoda.com\\\/de\\\/produkt\\\/rose-lini-bluse-hergestellt-in-italien\\\/#breadcrumb\",\"itemListElement\":[{\"@type\":\"ListItem\",\"position\":1,\"name\":\"Home\",\"item\":\"https:\\\/\\\/vintagellamoda.com\\\/de\\\/\"},{\"@type\":\"ListItem\",\"position\":2,\"name\":\"Shop\",\"item\":\"https:\\\/\\\/vintagellamoda.com\\\/de\\\/shop\\\/\"},{\"@type\":\"ListItem\",\"position\":3,\"name\":\"Rose &amp; Lini Bluse \u2013 Hergestellt in Italien\"}]},{\"@type\":\"WebSite\",\"@id\":\"https:\\\/\\\/vintagellamoda.com\\\/de\\\/#website\",\"url\":\"https:\\\/\\\/vintagellamoda.com\\\/de\\\/\",\"name\":\"Vintagella Moda\",\"description\":\"Italo vintage moda \u2014 Italian vintage fashion\",\"publisher\":{\"@id\":\"https:\\\/\\\/vintagellamoda.com\\\/de\\\/#organization\"},\"potentialAction\":[{\"@type\":\"SearchAction\",\"target\":{\"@type\":\"EntryPoint\",\"urlTemplate\":\"https:\\\/\\\/vintagellamoda.com\\\/de\\\/?s={search_term_string}\"},\"query-input\":{\"@type\":\"PropertyValueSpecification\",\"valueRequired\":true,\"valueName\":\"search_term_string\"}}],\"inLanguage\":\"de\"},{\"@type\":\"Organization\",\"@id\":\"https:\\\/\\\/vintagellamoda.com\\\/de\\\/#organization\",\"name\":\"Vintagella Moda\",\"url\":\"https:\\\/\\\/vintagellamoda.com\\\/de\\\/\",\"logo\":{\"@type\":\"ImageObject\",\"inLanguage\":\"de\",\"@id\":\"https:\\\/\\\/vintagellamoda.com\\\/de\\\/#\\\/schema\\\/logo\\\/image\\\/\",\"url\":\"https:\\\/\\\/vintagellamoda.com\\\/wp-content\\\/uploads\\\/2025\\\/11\\\/favicon.png\",\"contentUrl\":\"https:\\\/\\\/vintagellamoda.com\\\/wp-content\\\/uploads\\\/2025\\\/11\\\/favicon.png\",\"width\":2000,\"height\":2000,\"caption\":\"Vintagella Moda\"},\"image\":{\"@id\":\"https:\\\/\\\/vintagellamoda.com\\\/de\\\/#\\\/schema\\\/logo\\\/image\\\/\"},\"sameAs\":[\"https:\\\/\\\/www.facebook.com\\\/profile.php?id=61583665421269\",\"https:\\\/\\\/www.instagram.com\\\/vintagellamoda\\\/\",\"https:\\\/\\\/de.pinterest.com\\\/vintagellamoda\"]}]}<\/script>\n<!-- \/ Yoast SEO plugin. -->","yoast_head_json":{"title":"Rose Lini Bluse \u2013 Hergestellt in Italien | Elegantes Langarm-Oberteil f\u00fcr Damen","description":"Elegante Bluse von Rose Lini, hergestellt in Italien. Lange \u00c4rmel, vielseitig kombinierbar f\u00fcr formelle Anl\u00e4sse oder f\u00fcrs B\u00fcro. Passt perfekt zu Hosen und goldenen Accessoires.","robots":{"index":"index","follow":"follow","max-snippet":"max-snippet:-1","max-image-preview":"max-image-preview:large","max-video-preview":"max-video-preview:-1"},"canonical":"https:\/\/vintagellamoda.com\/de\/produkt\/rose-lini-bluse-hergestellt-in-italien\/","og_locale":"de_DE","og_type":"article","og_title":"Rose Lini Bluse \u2013 Hergestellt in Italien | Elegantes Langarm-Oberteil f\u00fcr Damen","og_description":"Elegante Bluse von Rose Lini, hergestellt in Italien. Lange \u00c4rmel, vielseitig kombinierbar f\u00fcr formelle Anl\u00e4sse oder f\u00fcrs B\u00fcro. Passt perfekt zu Hosen und goldenen Accessoires.","og_url":"https:\/\/vintagellamoda.com\/de\/produkt\/rose-lini-bluse-hergestellt-in-italien\/","og_site_name":"Vintagella Moda","article_publisher":"https:\/\/www.facebook.com\/profile.php?id=61583665421269","article_modified_time":"2025-12-09T20:08:28+00:00","og_image":[{"width":1707,"height":2560,"url":"https:\/\/vintagellamoda.com\/wp-content\/uploads\/2025\/02\/IMG_0590-scaled.jpg","type":"image\/jpeg"}],"twitter_card":"summary_large_image","schema":{"@context":"https:\/\/schema.org","@graph":[{"@type":"WebPage","@id":"https:\/\/vintagellamoda.com\/de\/produkt\/rose-lini-bluse-hergestellt-in-italien\/","url":"https:\/\/vintagellamoda.com\/de\/produkt\/rose-lini-bluse-hergestellt-in-italien\/","name":"Rose Lini Bluse \u2013 Hergestellt in Italien | Elegantes Langarm-Oberteil f\u00fcr Damen","isPartOf":{"@id":"https:\/\/vintagellamoda.com\/de\/#website"},"primaryImageOfPage":{"@id":"https:\/\/vintagellamoda.com\/de\/produkt\/rose-lini-bluse-hergestellt-in-italien\/#primaryimage"},"image":{"@id":"https:\/\/vintagellamoda.com\/de\/produkt\/rose-lini-bluse-hergestellt-in-italien\/#primaryimage"},"thumbnailUrl":"https:\/\/vintagellamoda.com\/wp-content\/uploads\/2025\/02\/IMG_0590-scaled.jpg","datePublished":"2025-03-23T19:39:31+00:00","dateModified":"2025-12-09T20:08:28+00:00","description":"Elegante Bluse von Rose Lini, hergestellt in Italien. Lange \u00c4rmel, vielseitig kombinierbar f\u00fcr formelle Anl\u00e4sse oder f\u00fcrs B\u00fcro. Passt perfekt zu Hosen und goldenen Accessoires.","breadcrumb":{"@id":"https:\/\/vintagellamoda.com\/de\/produkt\/rose-lini-bluse-hergestellt-in-italien\/#breadcrumb"},"inLanguage":"de","potentialAction":[{"@type":"ReadAction","target":["https:\/\/vintagellamoda.com\/de\/produkt\/rose-lini-bluse-hergestellt-in-italien\/"]}]},{"@type":"ImageObject","inLanguage":"de","@id":"https:\/\/vintagellamoda.com\/de\/produkt\/rose-lini-bluse-hergestellt-in-italien\/#primaryimage","url":"https:\/\/vintagellamoda.com\/wp-content\/uploads\/2025\/02\/IMG_0590-scaled.jpg","contentUrl":"https:\/\/vintagellamoda.com\/wp-content\/uploads\/2025\/02\/IMG_0590-scaled.jpg","width":1707,"height":2560},{"@type":"BreadcrumbList","@id":"https:\/\/vintagellamoda.com\/de\/produkt\/rose-lini-bluse-hergestellt-in-italien\/#breadcrumb","itemListElement":[{"@type":"ListItem","position":1,"name":"Home","item":"https:\/\/vintagellamoda.com\/de\/"},{"@type":"ListItem","position":2,"name":"Shop","item":"https:\/\/vintagellamoda.com\/de\/shop\/"},{"@type":"ListItem","position":3,"name":"Rose &amp; Lini Bluse \u2013 Hergestellt in Italien"}]},{"@type":"WebSite","@id":"https:\/\/vintagellamoda.com\/de\/#website","url":"https:\/\/vintagellamoda.com\/de\/","name":"Vintagella Moda","description":"Italo vintage moda \u2014 Italian vintage fashion","publisher":{"@id":"https:\/\/vintagellamoda.com\/de\/#organization"},"potentialAction":[{"@type":"SearchAction","target":{"@type":"EntryPoint","urlTemplate":"https:\/\/vintagellamoda.com\/de\/?s={search_term_string}"},"query-input":{"@type":"PropertyValueSpecification","valueRequired":true,"valueName":"search_term_string"}}],"inLanguage":"de"},{"@type":"Organization","@id":"https:\/\/vintagellamoda.com\/de\/#organization","name":"Vintagella Moda","url":"https:\/\/vintagellamoda.com\/de\/","logo":{"@type":"ImageObject","inLanguage":"de","@id":"https:\/\/vintagellamoda.com\/de\/#\/schema\/logo\/image\/","url":"https:\/\/vintagellamoda.com\/wp-content\/uploads\/2025\/11\/favicon.png","contentUrl":"https:\/\/vintagellamoda.com\/wp-content\/uploads\/2025\/11\/favicon.png","width":2000,"height":2000,"caption":"Vintagella Moda"},"image":{"@id":"https:\/\/vintagellamoda.com\/de\/#\/schema\/logo\/image\/"},"sameAs":["https:\/\/www.facebook.com\/profile.php?id=61583665421269","https:\/\/www.instagram.com\/vintagellamoda\/","https:\/\/de.pinterest.com\/vintagellamoda"]}]}},"_links":{"self":[{"href":"https:\/\/vintagellamoda.com\/de\/wp-json\/wp\/v2\/product\/5253","targetHints":{"allow":["GET"]}}],"collection":[{"href":"https:\/\/vintagellamoda.com\/de\/wp-json\/wp\/v2\/product"}],"about":[{"href":"https:\/\/vintagellamoda.com\/de\/wp-json\/wp\/v2\/types\/product"}],"replies":[{"embeddable":true,"href":"https:\/\/vintagellamoda.com\/de\/wp-json\/wp\/v2\/comments?post=5253"}],"wp:featuredmedia":[{"embeddable":true,"href":"https:\/\/vintagellamoda.com\/de\/wp-json\/wp\/v2\/media\/5254"}],"wp:attachment":[{"href":"https:\/\/vintagellamoda.com\/de\/wp-json\/wp\/v2\/media?parent=5253"}],"wp:term":[{"taxonomy":"product_brand","embeddable":true,"href":"https:\/\/vintagellamoda.com\/de\/wp-json\/wp\/v2\/product_brand?post=5253"},{"taxonomy":"product_cat","embeddable":true,"href":"https:\/\/vintagellamoda.com\/de\/wp-json\/wp\/v2\/product_cat?post=5253"},{"taxonomy":"product_tag","embeddable":true,"href":"https:\/\/vintagellamoda.com\/de\/wp-json\/wp\/v2\/product_tag?post=5253"}],"curies":[{"name":"wp","href":"https:\/\/api.w.org\/{rel}","templated":true}]}}