{"id":5245,"date":"2025-03-24T06:44:30","date_gmt":"2025-03-24T06:44:30","guid":{"rendered":"https:\/\/vintagellamoda.com\/product\/kleid-mit-tiefer-taille-hergestellt-in-italien\/"},"modified":"2025-12-09T20:36:10","modified_gmt":"2025-12-09T20:36:10","slug":"kleid-mit-tiefer-taille-hergestellt-in-italien","status":"publish","type":"product","link":"https:\/\/vintagellamoda.com\/de\/produkt\/kleid-mit-tiefer-taille-hergestellt-in-italien\/","title":{"rendered":"Kleid mit tiefer Taille \u2013 Hergestellt in Italien"},"content":{"rendered":"<p>Kleid mit tiefer Taille \u2013 Hergestellt in Italien<br \/>Dieses interessante Baumwollkleid eignet sich perfekt f\u00fcr einen l\u00e4ssig-eleganten Stil. Es besticht durch R\u00fcschen und Volants im Boho-Stil, die dem Oberk\u00f6rper mehr Volumen verleihen. Es ist ideal f\u00fcr eine gerade Figur (H-Typ). Die schwarz-wei\u00dfen L\u00e4ngsstreifen sind zeitlos. Maschinenw\u00e4sche im Schonwaschgang m\u00f6glich. Kleinere M\u00e4ngel am Saum.<\/p>\n","protected":false},"excerpt":{"rendered":"<p>Herkunftsland: Hergestellt in Italien<br \/>\nMarke: nicht angegeben<br \/>\nFarbe: Schwarz &amp; Wei\u00df<br \/>\nGr\u00f6\u00dfe: IT S, DE XS<br \/>\nBrustumfang: 40 cm<br \/>\nBauchumfang: 35 cm<br \/>\n\u00c4rmell\u00e4nge: 16 cm<br \/>\nGesamtl\u00e4nge: 88 cm<br \/>\nMaterial: Baumwolle, Details nicht angegeben<br \/>\nPflegehinweise: Maschinenw\u00e4sche bei niedriger Temperatur\/Handw\u00e4sche<br \/>\nZustand: gut\/sehr gut<br \/>\nArtikelnummer: Art-41<\/p>\n","protected":false},"featured_media":5246,"comment_status":"open","ping_status":"closed","template":"","meta":[],"product_brand":[164],"product_cat":[549,553,528,632,616,503,552],"product_tag":[628,534,633,636,611,634,635],"class_list":{"0":"post-5245","1":"product","2":"type-product","3":"status-publish","4":"has-post-thumbnail","6":"product_brand-etiquette-missing","7":"product_cat-baumwolle","8":"product_cat-boho-chic","9":"product_cat-fruehling-sommer","10":"product_cat-kariert-plaid","11":"product_cat-kleider","12":"product_cat-nicht-kategorisiert","13":"product_cat-womenswear","14":"product_tag-lassig-schick","15":"product_tag-maschinenwaschbar","16":"product_tag-ruschen","17":"product_tag-ruschendetails","18":"product_tag-schlankheits-fit","19":"product_tag-tiefer-bund","20":"product_tag-vertikale-streifen","22":"first","23":"instock","24":"sold-individually","25":"shipping-taxable","26":"purchasable","27":"product-type-simple"},"yoast_head":"<!-- This site is optimized with the Yoast SEO plugin v27.3 - https:\/\/yoast.com\/product\/yoast-seo-wordpress\/ -->\n<title>Baumwollkleid mit tiefer Taille \u2013 Hergestellt in Italien | Damen-Kleid im Boho-Chic-Stil<\/title>\n<meta name=\"description\" content=\"Baumwollkleid mit tiefer Taille, hergestellt in Italien. L\u00e4ssiger, schicker Stil mit R\u00fcschen und vertikalen Streifen, perfekt f\u00fcr sommerliche Boho-Looks. Maschinenwaschbar und vielseitig kombinierbar.\" \/>\n<meta name=\"robots\" content=\"index, follow, max-snippet:-1, max-image-preview:large, max-video-preview:-1\" \/>\n<link rel=\"canonical\" href=\"https:\/\/vintagellamoda.com\/de\/produkt\/kleid-mit-tiefer-taille-hergestellt-in-italien\/\" \/>\n<meta property=\"og:locale\" content=\"de_DE\" \/>\n<meta property=\"og:type\" content=\"article\" \/>\n<meta property=\"og:title\" content=\"Baumwollkleid mit tiefer Taille \u2013 Hergestellt in Italien | Damen-Kleid im Boho-Chic-Stil\" \/>\n<meta property=\"og:description\" content=\"Baumwollkleid mit tiefer Taille, hergestellt in Italien. L\u00e4ssiger, schicker Stil mit R\u00fcschen und vertikalen Streifen, perfekt f\u00fcr sommerliche Boho-Looks. Maschinenwaschbar und vielseitig kombinierbar.\" \/>\n<meta property=\"og:url\" content=\"https:\/\/vintagellamoda.com\/de\/produkt\/kleid-mit-tiefer-taille-hergestellt-in-italien\/\" \/>\n<meta property=\"og:site_name\" content=\"Vintagella Moda\" \/>\n<meta property=\"article:publisher\" content=\"https:\/\/www.facebook.com\/profile.php?id=61583665421269\" \/>\n<meta property=\"article:modified_time\" content=\"2025-12-09T20:36:10+00:00\" \/>\n<meta property=\"og:image\" content=\"https:\/\/vintagellamoda.com\/wp-content\/uploads\/2025\/02\/IMG_0605-scaled.jpg\" \/>\n\t<meta property=\"og:image:width\" content=\"1707\" \/>\n\t<meta property=\"og:image:height\" content=\"2560\" \/>\n\t<meta property=\"og:image:type\" content=\"image\/jpeg\" \/>\n<meta name=\"twitter:card\" content=\"summary_large_image\" \/>\n<script type=\"application\/ld+json\" class=\"yoast-schema-graph\">{\"@context\":\"https:\\\/\\\/schema.org\",\"@graph\":[{\"@type\":\"WebPage\",\"@id\":\"https:\\\/\\\/vintagellamoda.com\\\/de\\\/produkt\\\/kleid-mit-tiefer-taille-hergestellt-in-italien\\\/\",\"url\":\"https:\\\/\\\/vintagellamoda.com\\\/de\\\/produkt\\\/kleid-mit-tiefer-taille-hergestellt-in-italien\\\/\",\"name\":\"Baumwollkleid mit tiefer Taille \u2013 Hergestellt in Italien | Damen-Kleid im Boho-Chic-Stil\",\"isPartOf\":{\"@id\":\"https:\\\/\\\/vintagellamoda.com\\\/de\\\/#website\"},\"primaryImageOfPage\":{\"@id\":\"https:\\\/\\\/vintagellamoda.com\\\/de\\\/produkt\\\/kleid-mit-tiefer-taille-hergestellt-in-italien\\\/#primaryimage\"},\"image\":{\"@id\":\"https:\\\/\\\/vintagellamoda.com\\\/de\\\/produkt\\\/kleid-mit-tiefer-taille-hergestellt-in-italien\\\/#primaryimage\"},\"thumbnailUrl\":\"https:\\\/\\\/vintagellamoda.com\\\/wp-content\\\/uploads\\\/2025\\\/02\\\/IMG_0605-scaled.jpg\",\"datePublished\":\"2025-03-24T06:44:30+00:00\",\"dateModified\":\"2025-12-09T20:36:10+00:00\",\"description\":\"Baumwollkleid mit tiefer Taille, hergestellt in Italien. L\u00e4ssiger, schicker Stil mit R\u00fcschen und vertikalen Streifen, perfekt f\u00fcr sommerliche Boho-Looks. Maschinenwaschbar und vielseitig kombinierbar.\",\"breadcrumb\":{\"@id\":\"https:\\\/\\\/vintagellamoda.com\\\/de\\\/produkt\\\/kleid-mit-tiefer-taille-hergestellt-in-italien\\\/#breadcrumb\"},\"inLanguage\":\"de\",\"potentialAction\":[{\"@type\":\"ReadAction\",\"target\":[\"https:\\\/\\\/vintagellamoda.com\\\/de\\\/produkt\\\/kleid-mit-tiefer-taille-hergestellt-in-italien\\\/\"]}]},{\"@type\":\"ImageObject\",\"inLanguage\":\"de\",\"@id\":\"https:\\\/\\\/vintagellamoda.com\\\/de\\\/produkt\\\/kleid-mit-tiefer-taille-hergestellt-in-italien\\\/#primaryimage\",\"url\":\"https:\\\/\\\/vintagellamoda.com\\\/wp-content\\\/uploads\\\/2025\\\/02\\\/IMG_0605-scaled.jpg\",\"contentUrl\":\"https:\\\/\\\/vintagellamoda.com\\\/wp-content\\\/uploads\\\/2025\\\/02\\\/IMG_0605-scaled.jpg\",\"width\":1707,\"height\":2560},{\"@type\":\"BreadcrumbList\",\"@id\":\"https:\\\/\\\/vintagellamoda.com\\\/de\\\/produkt\\\/kleid-mit-tiefer-taille-hergestellt-in-italien\\\/#breadcrumb\",\"itemListElement\":[{\"@type\":\"ListItem\",\"position\":1,\"name\":\"Home\",\"item\":\"https:\\\/\\\/vintagellamoda.com\\\/de\\\/\"},{\"@type\":\"ListItem\",\"position\":2,\"name\":\"Shop\",\"item\":\"https:\\\/\\\/vintagellamoda.com\\\/de\\\/shop\\\/\"},{\"@type\":\"ListItem\",\"position\":3,\"name\":\"Kleid mit tiefer Taille \u2013 Hergestellt in Italien\"}]},{\"@type\":\"WebSite\",\"@id\":\"https:\\\/\\\/vintagellamoda.com\\\/de\\\/#website\",\"url\":\"https:\\\/\\\/vintagellamoda.com\\\/de\\\/\",\"name\":\"Vintagella Moda\",\"description\":\"Italo vintage moda \u2014 Italian vintage fashion\",\"publisher\":{\"@id\":\"https:\\\/\\\/vintagellamoda.com\\\/de\\\/#organization\"},\"potentialAction\":[{\"@type\":\"SearchAction\",\"target\":{\"@type\":\"EntryPoint\",\"urlTemplate\":\"https:\\\/\\\/vintagellamoda.com\\\/de\\\/?s={search_term_string}\"},\"query-input\":{\"@type\":\"PropertyValueSpecification\",\"valueRequired\":true,\"valueName\":\"search_term_string\"}}],\"inLanguage\":\"de\"},{\"@type\":\"Organization\",\"@id\":\"https:\\\/\\\/vintagellamoda.com\\\/de\\\/#organization\",\"name\":\"Vintagella Moda\",\"url\":\"https:\\\/\\\/vintagellamoda.com\\\/de\\\/\",\"logo\":{\"@type\":\"ImageObject\",\"inLanguage\":\"de\",\"@id\":\"https:\\\/\\\/vintagellamoda.com\\\/de\\\/#\\\/schema\\\/logo\\\/image\\\/\",\"url\":\"https:\\\/\\\/vintagellamoda.com\\\/wp-content\\\/uploads\\\/2025\\\/11\\\/favicon.png\",\"contentUrl\":\"https:\\\/\\\/vintagellamoda.com\\\/wp-content\\\/uploads\\\/2025\\\/11\\\/favicon.png\",\"width\":2000,\"height\":2000,\"caption\":\"Vintagella Moda\"},\"image\":{\"@id\":\"https:\\\/\\\/vintagellamoda.com\\\/de\\\/#\\\/schema\\\/logo\\\/image\\\/\"},\"sameAs\":[\"https:\\\/\\\/www.facebook.com\\\/profile.php?id=61583665421269\",\"https:\\\/\\\/www.instagram.com\\\/vintagellamoda\\\/\",\"https:\\\/\\\/de.pinterest.com\\\/vintagellamoda\"]}]}<\/script>\n<!-- \/ Yoast SEO plugin. -->","yoast_head_json":{"title":"Baumwollkleid mit tiefer Taille \u2013 Hergestellt in Italien | Damen-Kleid im Boho-Chic-Stil","description":"Baumwollkleid mit tiefer Taille, hergestellt in Italien. L\u00e4ssiger, schicker Stil mit R\u00fcschen und vertikalen Streifen, perfekt f\u00fcr sommerliche Boho-Looks. Maschinenwaschbar und vielseitig kombinierbar.","robots":{"index":"index","follow":"follow","max-snippet":"max-snippet:-1","max-image-preview":"max-image-preview:large","max-video-preview":"max-video-preview:-1"},"canonical":"https:\/\/vintagellamoda.com\/de\/produkt\/kleid-mit-tiefer-taille-hergestellt-in-italien\/","og_locale":"de_DE","og_type":"article","og_title":"Baumwollkleid mit tiefer Taille \u2013 Hergestellt in Italien | Damen-Kleid im Boho-Chic-Stil","og_description":"Baumwollkleid mit tiefer Taille, hergestellt in Italien. L\u00e4ssiger, schicker Stil mit R\u00fcschen und vertikalen Streifen, perfekt f\u00fcr sommerliche Boho-Looks. Maschinenwaschbar und vielseitig kombinierbar.","og_url":"https:\/\/vintagellamoda.com\/de\/produkt\/kleid-mit-tiefer-taille-hergestellt-in-italien\/","og_site_name":"Vintagella Moda","article_publisher":"https:\/\/www.facebook.com\/profile.php?id=61583665421269","article_modified_time":"2025-12-09T20:36:10+00:00","og_image":[{"width":1707,"height":2560,"url":"https:\/\/vintagellamoda.com\/wp-content\/uploads\/2025\/02\/IMG_0605-scaled.jpg","type":"image\/jpeg"}],"twitter_card":"summary_large_image","schema":{"@context":"https:\/\/schema.org","@graph":[{"@type":"WebPage","@id":"https:\/\/vintagellamoda.com\/de\/produkt\/kleid-mit-tiefer-taille-hergestellt-in-italien\/","url":"https:\/\/vintagellamoda.com\/de\/produkt\/kleid-mit-tiefer-taille-hergestellt-in-italien\/","name":"Baumwollkleid mit tiefer Taille \u2013 Hergestellt in Italien | Damen-Kleid im Boho-Chic-Stil","isPartOf":{"@id":"https:\/\/vintagellamoda.com\/de\/#website"},"primaryImageOfPage":{"@id":"https:\/\/vintagellamoda.com\/de\/produkt\/kleid-mit-tiefer-taille-hergestellt-in-italien\/#primaryimage"},"image":{"@id":"https:\/\/vintagellamoda.com\/de\/produkt\/kleid-mit-tiefer-taille-hergestellt-in-italien\/#primaryimage"},"thumbnailUrl":"https:\/\/vintagellamoda.com\/wp-content\/uploads\/2025\/02\/IMG_0605-scaled.jpg","datePublished":"2025-03-24T06:44:30+00:00","dateModified":"2025-12-09T20:36:10+00:00","description":"Baumwollkleid mit tiefer Taille, hergestellt in Italien. L\u00e4ssiger, schicker Stil mit R\u00fcschen und vertikalen Streifen, perfekt f\u00fcr sommerliche Boho-Looks. Maschinenwaschbar und vielseitig kombinierbar.","breadcrumb":{"@id":"https:\/\/vintagellamoda.com\/de\/produkt\/kleid-mit-tiefer-taille-hergestellt-in-italien\/#breadcrumb"},"inLanguage":"de","potentialAction":[{"@type":"ReadAction","target":["https:\/\/vintagellamoda.com\/de\/produkt\/kleid-mit-tiefer-taille-hergestellt-in-italien\/"]}]},{"@type":"ImageObject","inLanguage":"de","@id":"https:\/\/vintagellamoda.com\/de\/produkt\/kleid-mit-tiefer-taille-hergestellt-in-italien\/#primaryimage","url":"https:\/\/vintagellamoda.com\/wp-content\/uploads\/2025\/02\/IMG_0605-scaled.jpg","contentUrl":"https:\/\/vintagellamoda.com\/wp-content\/uploads\/2025\/02\/IMG_0605-scaled.jpg","width":1707,"height":2560},{"@type":"BreadcrumbList","@id":"https:\/\/vintagellamoda.com\/de\/produkt\/kleid-mit-tiefer-taille-hergestellt-in-italien\/#breadcrumb","itemListElement":[{"@type":"ListItem","position":1,"name":"Home","item":"https:\/\/vintagellamoda.com\/de\/"},{"@type":"ListItem","position":2,"name":"Shop","item":"https:\/\/vintagellamoda.com\/de\/shop\/"},{"@type":"ListItem","position":3,"name":"Kleid mit tiefer Taille \u2013 Hergestellt in Italien"}]},{"@type":"WebSite","@id":"https:\/\/vintagellamoda.com\/de\/#website","url":"https:\/\/vintagellamoda.com\/de\/","name":"Vintagella Moda","description":"Italo vintage moda \u2014 Italian vintage fashion","publisher":{"@id":"https:\/\/vintagellamoda.com\/de\/#organization"},"potentialAction":[{"@type":"SearchAction","target":{"@type":"EntryPoint","urlTemplate":"https:\/\/vintagellamoda.com\/de\/?s={search_term_string}"},"query-input":{"@type":"PropertyValueSpecification","valueRequired":true,"valueName":"search_term_string"}}],"inLanguage":"de"},{"@type":"Organization","@id":"https:\/\/vintagellamoda.com\/de\/#organization","name":"Vintagella Moda","url":"https:\/\/vintagellamoda.com\/de\/","logo":{"@type":"ImageObject","inLanguage":"de","@id":"https:\/\/vintagellamoda.com\/de\/#\/schema\/logo\/image\/","url":"https:\/\/vintagellamoda.com\/wp-content\/uploads\/2025\/11\/favicon.png","contentUrl":"https:\/\/vintagellamoda.com\/wp-content\/uploads\/2025\/11\/favicon.png","width":2000,"height":2000,"caption":"Vintagella Moda"},"image":{"@id":"https:\/\/vintagellamoda.com\/de\/#\/schema\/logo\/image\/"},"sameAs":["https:\/\/www.facebook.com\/profile.php?id=61583665421269","https:\/\/www.instagram.com\/vintagellamoda\/","https:\/\/de.pinterest.com\/vintagellamoda"]}]}},"_links":{"self":[{"href":"https:\/\/vintagellamoda.com\/de\/wp-json\/wp\/v2\/product\/5245","targetHints":{"allow":["GET"]}}],"collection":[{"href":"https:\/\/vintagellamoda.com\/de\/wp-json\/wp\/v2\/product"}],"about":[{"href":"https:\/\/vintagellamoda.com\/de\/wp-json\/wp\/v2\/types\/product"}],"replies":[{"embeddable":true,"href":"https:\/\/vintagellamoda.com\/de\/wp-json\/wp\/v2\/comments?post=5245"}],"wp:featuredmedia":[{"embeddable":true,"href":"https:\/\/vintagellamoda.com\/de\/wp-json\/wp\/v2\/media\/5246"}],"wp:attachment":[{"href":"https:\/\/vintagellamoda.com\/de\/wp-json\/wp\/v2\/media?parent=5245"}],"wp:term":[{"taxonomy":"product_brand","embeddable":true,"href":"https:\/\/vintagellamoda.com\/de\/wp-json\/wp\/v2\/product_brand?post=5245"},{"taxonomy":"product_cat","embeddable":true,"href":"https:\/\/vintagellamoda.com\/de\/wp-json\/wp\/v2\/product_cat?post=5245"},{"taxonomy":"product_tag","embeddable":true,"href":"https:\/\/vintagellamoda.com\/de\/wp-json\/wp\/v2\/product_tag?post=5245"}],"curies":[{"name":"wp","href":"https:\/\/api.w.org\/{rel}","templated":true}]}}