{"id":5241,"date":"2025-03-24T08:02:40","date_gmt":"2025-03-24T08:02:40","guid":{"rendered":"https:\/\/vintagellamoda.com\/product\/alegria-sportliches-sakko-mit-zwei-knoepfen-hergestellt-in-italien\/"},"modified":"2025-12-09T20:13:09","modified_gmt":"2025-12-09T20:13:09","slug":"alegria-sportliches-sakko-mit-zwei-knoepfen-hergestellt-in-italien","status":"publish","type":"product","link":"https:\/\/vintagellamoda.com\/de\/produkt\/alegria-sportliches-sakko-mit-zwei-knoepfen-hergestellt-in-italien\/","title":{"rendered":"Alegria Sportliches Sakko mit zwei Kn\u00f6pfen \u2013 Hergestellt in Italien"},"content":{"rendered":"<p><strong>Carrera-Hemd, 100 % Baumwolle \u2013 Hergestellt in Italien<\/strong><\/p>\n<p>Dieses rote Hemd des italienischen Labels Carrera zeichnet sich durch sein nat\u00fcrliches Material aus. Das kr\u00e4ftige Rot l\u00e4sst sich gut mit Jeans oder wahlweise mit wei\u00dfen oder schwarzen Hosen kombinieren. Es ist ideal f\u00fcr einen l\u00e4ssigen Sommerlook, besonders an warmen Tagen mit hochgekrempelten \u00c4rmeln. Dazu passen Sneaker. Es sind keine sichtbaren M\u00e4ngel vorhanden.    <\/p>\n","protected":false},"excerpt":{"rendered":"<p>Herkunftsland: Hergestellt in Italien<br \/>\nMarke: Italienische Marke Alegria<br \/>\nFarbe: Dunkelblau<br \/>\nGr\u00f6\u00dfe: IT 44<br \/>\nBrustweite: 44 cm<br \/>\nSchulterbreite: 39 cm<br \/>\n\u00c4rmell\u00e4nge: 59 cm<br \/>\nGesamtl\u00e4nge: 69 cm<br \/>\nMaterial: 50 % Viskose, 50 % Polyamid<br \/>\nPflegehinweise: Chemische Reinigung<br \/>\nZustand: Gut\/Sehr gut<br \/>\nArtikelnummer: Art-36<\/p>\n","protected":false},"featured_media":5242,"comment_status":"open","ping_status":"closed","template":"","meta":[],"product_brand":[202],"product_cat":[627,600,503,538,552],"product_tag":[629,628,630,533,583,566,631],"class_list":{"0":"post-5241","1":"product","2":"type-product","3":"status-publish","4":"has-post-thumbnail","6":"product_brand-alegria","7":"product_cat-damenjacken-und-mantel","8":"product_cat-minimalistische-neutraltone","9":"product_cat-nicht-kategorisiert","10":"product_cat-smart-casual","11":"product_cat-womenswear","12":"product_tag-burofertig","13":"product_tag-lassig-schick","14":"product_tag-marineblau","15":"product_tag-mit-taschen","16":"product_tag-tag-zu-nacht","17":"product_tag-vielseitig","18":"product_tag-zwei-knopfe","20":"first","21":"instock","22":"sold-individually","23":"shipping-taxable","24":"purchasable","25":"product-type-simple"},"yoast_head":"<!-- This site is optimized with the Yoast SEO plugin v27.3 - https:\/\/yoast.com\/product\/yoast-seo-wordpress\/ -->\n<title>Alegria Zweiknopf-Mantel \u2013 Hergestellt in Italien | Damen-Sportjacke<\/title>\n<meta name=\"description\" content=\"Alegria Zweiknopf-Mantel, hergestellt in Italien. Eleganter, dunkelblauer Sportmantel, perfekt f\u00fcr schicke Freizeit-Looks oder f\u00fcrs B\u00fcro. Vielseitig kombinierbar f\u00fcr Tag und Abend.\" \/>\n<meta name=\"robots\" content=\"index, follow, max-snippet:-1, max-image-preview:large, max-video-preview:-1\" \/>\n<link rel=\"canonical\" href=\"https:\/\/vintagellamoda.com\/de\/produkt\/alegria-sportliches-sakko-mit-zwei-knoepfen-hergestellt-in-italien\/\" \/>\n<meta property=\"og:locale\" content=\"de_DE\" \/>\n<meta property=\"og:type\" content=\"article\" \/>\n<meta property=\"og:title\" content=\"Alegria Zweiknopf-Mantel \u2013 Hergestellt in Italien | Damen-Sportjacke\" \/>\n<meta property=\"og:description\" content=\"Alegria Zweiknopf-Mantel, hergestellt in Italien. Eleganter, dunkelblauer Sportmantel, perfekt f\u00fcr schicke Freizeit-Looks oder f\u00fcrs B\u00fcro. Vielseitig kombinierbar f\u00fcr Tag und Abend.\" \/>\n<meta property=\"og:url\" content=\"https:\/\/vintagellamoda.com\/de\/produkt\/alegria-sportliches-sakko-mit-zwei-knoepfen-hergestellt-in-italien\/\" \/>\n<meta property=\"og:site_name\" content=\"Vintagella Moda\" \/>\n<meta property=\"article:publisher\" content=\"https:\/\/www.facebook.com\/profile.php?id=61583665421269\" \/>\n<meta property=\"article:modified_time\" content=\"2025-12-09T20:13:09+00:00\" \/>\n<meta property=\"og:image\" content=\"https:\/\/vintagellamoda.com\/wp-content\/uploads\/2025\/02\/IMG_0591-scaled.jpg\" \/>\n\t<meta property=\"og:image:width\" content=\"1707\" \/>\n\t<meta property=\"og:image:height\" content=\"2560\" \/>\n\t<meta property=\"og:image:type\" content=\"image\/jpeg\" \/>\n<meta name=\"twitter:card\" content=\"summary_large_image\" \/>\n<script type=\"application\/ld+json\" class=\"yoast-schema-graph\">{\"@context\":\"https:\\\/\\\/schema.org\",\"@graph\":[{\"@type\":\"WebPage\",\"@id\":\"https:\\\/\\\/vintagellamoda.com\\\/de\\\/produkt\\\/alegria-sportliches-sakko-mit-zwei-knoepfen-hergestellt-in-italien\\\/\",\"url\":\"https:\\\/\\\/vintagellamoda.com\\\/de\\\/produkt\\\/alegria-sportliches-sakko-mit-zwei-knoepfen-hergestellt-in-italien\\\/\",\"name\":\"Alegria Zweiknopf-Mantel \u2013 Hergestellt in Italien | Damen-Sportjacke\",\"isPartOf\":{\"@id\":\"https:\\\/\\\/vintagellamoda.com\\\/de\\\/#website\"},\"primaryImageOfPage\":{\"@id\":\"https:\\\/\\\/vintagellamoda.com\\\/de\\\/produkt\\\/alegria-sportliches-sakko-mit-zwei-knoepfen-hergestellt-in-italien\\\/#primaryimage\"},\"image\":{\"@id\":\"https:\\\/\\\/vintagellamoda.com\\\/de\\\/produkt\\\/alegria-sportliches-sakko-mit-zwei-knoepfen-hergestellt-in-italien\\\/#primaryimage\"},\"thumbnailUrl\":\"https:\\\/\\\/vintagellamoda.com\\\/wp-content\\\/uploads\\\/2025\\\/02\\\/IMG_0591-scaled.jpg\",\"datePublished\":\"2025-03-24T08:02:40+00:00\",\"dateModified\":\"2025-12-09T20:13:09+00:00\",\"description\":\"Alegria Zweiknopf-Mantel, hergestellt in Italien. Eleganter, dunkelblauer Sportmantel, perfekt f\u00fcr schicke Freizeit-Looks oder f\u00fcrs B\u00fcro. Vielseitig kombinierbar f\u00fcr Tag und Abend.\",\"breadcrumb\":{\"@id\":\"https:\\\/\\\/vintagellamoda.com\\\/de\\\/produkt\\\/alegria-sportliches-sakko-mit-zwei-knoepfen-hergestellt-in-italien\\\/#breadcrumb\"},\"inLanguage\":\"de\",\"potentialAction\":[{\"@type\":\"ReadAction\",\"target\":[\"https:\\\/\\\/vintagellamoda.com\\\/de\\\/produkt\\\/alegria-sportliches-sakko-mit-zwei-knoepfen-hergestellt-in-italien\\\/\"]}]},{\"@type\":\"ImageObject\",\"inLanguage\":\"de\",\"@id\":\"https:\\\/\\\/vintagellamoda.com\\\/de\\\/produkt\\\/alegria-sportliches-sakko-mit-zwei-knoepfen-hergestellt-in-italien\\\/#primaryimage\",\"url\":\"https:\\\/\\\/vintagellamoda.com\\\/wp-content\\\/uploads\\\/2025\\\/02\\\/IMG_0591-scaled.jpg\",\"contentUrl\":\"https:\\\/\\\/vintagellamoda.com\\\/wp-content\\\/uploads\\\/2025\\\/02\\\/IMG_0591-scaled.jpg\",\"width\":1707,\"height\":2560},{\"@type\":\"BreadcrumbList\",\"@id\":\"https:\\\/\\\/vintagellamoda.com\\\/de\\\/produkt\\\/alegria-sportliches-sakko-mit-zwei-knoepfen-hergestellt-in-italien\\\/#breadcrumb\",\"itemListElement\":[{\"@type\":\"ListItem\",\"position\":1,\"name\":\"Home\",\"item\":\"https:\\\/\\\/vintagellamoda.com\\\/de\\\/\"},{\"@type\":\"ListItem\",\"position\":2,\"name\":\"Shop\",\"item\":\"https:\\\/\\\/vintagellamoda.com\\\/de\\\/shop\\\/\"},{\"@type\":\"ListItem\",\"position\":3,\"name\":\"Alegria Sportliches Sakko mit zwei Kn\u00f6pfen \u2013 Hergestellt in Italien\"}]},{\"@type\":\"WebSite\",\"@id\":\"https:\\\/\\\/vintagellamoda.com\\\/de\\\/#website\",\"url\":\"https:\\\/\\\/vintagellamoda.com\\\/de\\\/\",\"name\":\"Vintagella Moda\",\"description\":\"Italo vintage moda \u2014 Italian vintage fashion\",\"publisher\":{\"@id\":\"https:\\\/\\\/vintagellamoda.com\\\/de\\\/#organization\"},\"potentialAction\":[{\"@type\":\"SearchAction\",\"target\":{\"@type\":\"EntryPoint\",\"urlTemplate\":\"https:\\\/\\\/vintagellamoda.com\\\/de\\\/?s={search_term_string}\"},\"query-input\":{\"@type\":\"PropertyValueSpecification\",\"valueRequired\":true,\"valueName\":\"search_term_string\"}}],\"inLanguage\":\"de\"},{\"@type\":\"Organization\",\"@id\":\"https:\\\/\\\/vintagellamoda.com\\\/de\\\/#organization\",\"name\":\"Vintagella Moda\",\"url\":\"https:\\\/\\\/vintagellamoda.com\\\/de\\\/\",\"logo\":{\"@type\":\"ImageObject\",\"inLanguage\":\"de\",\"@id\":\"https:\\\/\\\/vintagellamoda.com\\\/de\\\/#\\\/schema\\\/logo\\\/image\\\/\",\"url\":\"https:\\\/\\\/vintagellamoda.com\\\/wp-content\\\/uploads\\\/2025\\\/11\\\/favicon.png\",\"contentUrl\":\"https:\\\/\\\/vintagellamoda.com\\\/wp-content\\\/uploads\\\/2025\\\/11\\\/favicon.png\",\"width\":2000,\"height\":2000,\"caption\":\"Vintagella Moda\"},\"image\":{\"@id\":\"https:\\\/\\\/vintagellamoda.com\\\/de\\\/#\\\/schema\\\/logo\\\/image\\\/\"},\"sameAs\":[\"https:\\\/\\\/www.facebook.com\\\/profile.php?id=61583665421269\",\"https:\\\/\\\/www.instagram.com\\\/vintagellamoda\\\/\",\"https:\\\/\\\/de.pinterest.com\\\/vintagellamoda\"]}]}<\/script>\n<!-- \/ Yoast SEO plugin. -->","yoast_head_json":{"title":"Alegria Zweiknopf-Mantel \u2013 Hergestellt in Italien | Damen-Sportjacke","description":"Alegria Zweiknopf-Mantel, hergestellt in Italien. Eleganter, dunkelblauer Sportmantel, perfekt f\u00fcr schicke Freizeit-Looks oder f\u00fcrs B\u00fcro. Vielseitig kombinierbar f\u00fcr Tag und Abend.","robots":{"index":"index","follow":"follow","max-snippet":"max-snippet:-1","max-image-preview":"max-image-preview:large","max-video-preview":"max-video-preview:-1"},"canonical":"https:\/\/vintagellamoda.com\/de\/produkt\/alegria-sportliches-sakko-mit-zwei-knoepfen-hergestellt-in-italien\/","og_locale":"de_DE","og_type":"article","og_title":"Alegria Zweiknopf-Mantel \u2013 Hergestellt in Italien | Damen-Sportjacke","og_description":"Alegria Zweiknopf-Mantel, hergestellt in Italien. Eleganter, dunkelblauer Sportmantel, perfekt f\u00fcr schicke Freizeit-Looks oder f\u00fcrs B\u00fcro. Vielseitig kombinierbar f\u00fcr Tag und Abend.","og_url":"https:\/\/vintagellamoda.com\/de\/produkt\/alegria-sportliches-sakko-mit-zwei-knoepfen-hergestellt-in-italien\/","og_site_name":"Vintagella Moda","article_publisher":"https:\/\/www.facebook.com\/profile.php?id=61583665421269","article_modified_time":"2025-12-09T20:13:09+00:00","og_image":[{"width":1707,"height":2560,"url":"https:\/\/vintagellamoda.com\/wp-content\/uploads\/2025\/02\/IMG_0591-scaled.jpg","type":"image\/jpeg"}],"twitter_card":"summary_large_image","schema":{"@context":"https:\/\/schema.org","@graph":[{"@type":"WebPage","@id":"https:\/\/vintagellamoda.com\/de\/produkt\/alegria-sportliches-sakko-mit-zwei-knoepfen-hergestellt-in-italien\/","url":"https:\/\/vintagellamoda.com\/de\/produkt\/alegria-sportliches-sakko-mit-zwei-knoepfen-hergestellt-in-italien\/","name":"Alegria Zweiknopf-Mantel \u2013 Hergestellt in Italien | Damen-Sportjacke","isPartOf":{"@id":"https:\/\/vintagellamoda.com\/de\/#website"},"primaryImageOfPage":{"@id":"https:\/\/vintagellamoda.com\/de\/produkt\/alegria-sportliches-sakko-mit-zwei-knoepfen-hergestellt-in-italien\/#primaryimage"},"image":{"@id":"https:\/\/vintagellamoda.com\/de\/produkt\/alegria-sportliches-sakko-mit-zwei-knoepfen-hergestellt-in-italien\/#primaryimage"},"thumbnailUrl":"https:\/\/vintagellamoda.com\/wp-content\/uploads\/2025\/02\/IMG_0591-scaled.jpg","datePublished":"2025-03-24T08:02:40+00:00","dateModified":"2025-12-09T20:13:09+00:00","description":"Alegria Zweiknopf-Mantel, hergestellt in Italien. Eleganter, dunkelblauer Sportmantel, perfekt f\u00fcr schicke Freizeit-Looks oder f\u00fcrs B\u00fcro. Vielseitig kombinierbar f\u00fcr Tag und Abend.","breadcrumb":{"@id":"https:\/\/vintagellamoda.com\/de\/produkt\/alegria-sportliches-sakko-mit-zwei-knoepfen-hergestellt-in-italien\/#breadcrumb"},"inLanguage":"de","potentialAction":[{"@type":"ReadAction","target":["https:\/\/vintagellamoda.com\/de\/produkt\/alegria-sportliches-sakko-mit-zwei-knoepfen-hergestellt-in-italien\/"]}]},{"@type":"ImageObject","inLanguage":"de","@id":"https:\/\/vintagellamoda.com\/de\/produkt\/alegria-sportliches-sakko-mit-zwei-knoepfen-hergestellt-in-italien\/#primaryimage","url":"https:\/\/vintagellamoda.com\/wp-content\/uploads\/2025\/02\/IMG_0591-scaled.jpg","contentUrl":"https:\/\/vintagellamoda.com\/wp-content\/uploads\/2025\/02\/IMG_0591-scaled.jpg","width":1707,"height":2560},{"@type":"BreadcrumbList","@id":"https:\/\/vintagellamoda.com\/de\/produkt\/alegria-sportliches-sakko-mit-zwei-knoepfen-hergestellt-in-italien\/#breadcrumb","itemListElement":[{"@type":"ListItem","position":1,"name":"Home","item":"https:\/\/vintagellamoda.com\/de\/"},{"@type":"ListItem","position":2,"name":"Shop","item":"https:\/\/vintagellamoda.com\/de\/shop\/"},{"@type":"ListItem","position":3,"name":"Alegria Sportliches Sakko mit zwei Kn\u00f6pfen \u2013 Hergestellt in Italien"}]},{"@type":"WebSite","@id":"https:\/\/vintagellamoda.com\/de\/#website","url":"https:\/\/vintagellamoda.com\/de\/","name":"Vintagella Moda","description":"Italo vintage moda \u2014 Italian vintage fashion","publisher":{"@id":"https:\/\/vintagellamoda.com\/de\/#organization"},"potentialAction":[{"@type":"SearchAction","target":{"@type":"EntryPoint","urlTemplate":"https:\/\/vintagellamoda.com\/de\/?s={search_term_string}"},"query-input":{"@type":"PropertyValueSpecification","valueRequired":true,"valueName":"search_term_string"}}],"inLanguage":"de"},{"@type":"Organization","@id":"https:\/\/vintagellamoda.com\/de\/#organization","name":"Vintagella Moda","url":"https:\/\/vintagellamoda.com\/de\/","logo":{"@type":"ImageObject","inLanguage":"de","@id":"https:\/\/vintagellamoda.com\/de\/#\/schema\/logo\/image\/","url":"https:\/\/vintagellamoda.com\/wp-content\/uploads\/2025\/11\/favicon.png","contentUrl":"https:\/\/vintagellamoda.com\/wp-content\/uploads\/2025\/11\/favicon.png","width":2000,"height":2000,"caption":"Vintagella Moda"},"image":{"@id":"https:\/\/vintagellamoda.com\/de\/#\/schema\/logo\/image\/"},"sameAs":["https:\/\/www.facebook.com\/profile.php?id=61583665421269","https:\/\/www.instagram.com\/vintagellamoda\/","https:\/\/de.pinterest.com\/vintagellamoda"]}]}},"_links":{"self":[{"href":"https:\/\/vintagellamoda.com\/de\/wp-json\/wp\/v2\/product\/5241","targetHints":{"allow":["GET"]}}],"collection":[{"href":"https:\/\/vintagellamoda.com\/de\/wp-json\/wp\/v2\/product"}],"about":[{"href":"https:\/\/vintagellamoda.com\/de\/wp-json\/wp\/v2\/types\/product"}],"replies":[{"embeddable":true,"href":"https:\/\/vintagellamoda.com\/de\/wp-json\/wp\/v2\/comments?post=5241"}],"wp:featuredmedia":[{"embeddable":true,"href":"https:\/\/vintagellamoda.com\/de\/wp-json\/wp\/v2\/media\/5242"}],"wp:attachment":[{"href":"https:\/\/vintagellamoda.com\/de\/wp-json\/wp\/v2\/media?parent=5241"}],"wp:term":[{"taxonomy":"product_brand","embeddable":true,"href":"https:\/\/vintagellamoda.com\/de\/wp-json\/wp\/v2\/product_brand?post=5241"},{"taxonomy":"product_cat","embeddable":true,"href":"https:\/\/vintagellamoda.com\/de\/wp-json\/wp\/v2\/product_cat?post=5241"},{"taxonomy":"product_tag","embeddable":true,"href":"https:\/\/vintagellamoda.com\/de\/wp-json\/wp\/v2\/product_tag?post=5241"}],"curies":[{"name":"wp","href":"https:\/\/api.w.org\/{rel}","templated":true}]}}