{"id":5236,"date":"2025-03-24T06:58:56","date_gmt":"2025-03-24T06:58:56","guid":{"rendered":"https:\/\/vintagellamoda.com\/product\/blumenkleid-mit-verstellbaren-traegern-hergestellt-in-italien\/"},"modified":"2025-12-09T20:36:50","modified_gmt":"2025-12-09T20:36:50","slug":"blumenkleid-mit-verstellbaren-traegern-hergestellt-in-italien","status":"publish","type":"product","link":"https:\/\/vintagellamoda.com\/de\/produkt\/blumenkleid-mit-verstellbaren-traegern-hergestellt-in-italien\/","title":{"rendered":"Blumenkleid mit verstellbaren Tr\u00e4gern \u2013 Hergestellt in Italien"},"content":{"rendered":"<p>Blumenkleid mit verstellbaren Tr\u00e4gern \u2013 Hergestellt in Italien<br \/>Dieses elegante italienische Blumenkleid aus Samt k\u00f6nnte Ihr neues Lieblingskleid f\u00fcr festliche Anl\u00e4sse werden. Es spiegelt die ber\u00fchmte italienische Liebe zum Detail wider und ist eine tolle Alternative zu einem klassischen Etuikleid. Der schwarze Spitzenbesatz am oberen und unteren Saum verleiht dem Kleid eine elegante Note. Ein weiterer Vorteil sind die verstellbaren Tr\u00e4ger. Das Kleid l\u00e4sst sich vielseitig kombinieren, zum Beispiel mit Slingbacks, Ballerinas mit niedrigem Absatz, Mary Janes oder Pumps. Es weist keinerlei sichtbare M\u00e4ngel auf.<\/p>\n","protected":false},"excerpt":{"rendered":"<p>Herkunftsland: Hergestellt in Italien<br \/>\nMarke: nicht angegeben<br \/>\nFarbe: Schwarz mit farbenfrohem Blumenmuster<br \/>\nGr\u00f6\u00dfe: Italienische Gr\u00f6\u00dfe S, Deutsche Gr\u00f6\u00dfe XS<br \/>\nBreite: 45 cm<br \/>\nL\u00e4nge: 80 cm<br \/>\nMaterial: 95 % Viskose, 5 % sonstige Fasern<br \/>\nPflegehinweis: Handw\u00e4sche<br \/>\nArtikelnummer: Art-42<\/p>\n","protected":false},"featured_media":5237,"comment_status":"open","ping_status":"closed","template":"","meta":[],"product_brand":[164],"product_cat":[579,619,616,503,617,618,552],"product_tag":[521,623,621,620,624,622],"class_list":{"0":"post-5236","1":"product","2":"type-product","3":"status-publish","4":"has-post-thumbnail","6":"product_brand-etiquette-missing","7":"product_cat-abend-anlassmode","8":"product_cat-blumen","9":"product_cat-kleider","10":"product_cat-nicht-kategorisiert","11":"product_cat-romantischer-stil","12":"product_cat-samt","13":"product_cat-womenswear","14":"product_tag-elegant","15":"product_tag-femininer-look","16":"product_tag-partykleidung","17":"product_tag-spitzendetails","18":"product_tag-statement-kleid","19":"product_tag-verstellbare-riemen","21":"first","22":"instock","23":"sold-individually","24":"shipping-taxable","25":"purchasable","26":"product-type-simple"},"yoast_head":"<!-- This site is optimized with the Yoast SEO plugin v27.3 - https:\/\/yoast.com\/product\/yoast-seo-wordpress\/ -->\n<title>Blumenmuster-Samtkleid mit verstellbaren Tr\u00e4gern | Hergestellt in Italien<\/title>\n<meta name=\"description\" content=\"Elegantes Partykleid aus Samt mit Blumenmuster, hergestellt in Italien. Verstellbare Tr\u00e4ger, Spitzendetails, perfekt f\u00fcr romantische Anl\u00e4sse und Abendveranstaltungen. Passt hervorragend zu High Heels oder Ballerinas.\" \/>\n<meta name=\"robots\" content=\"index, follow, max-snippet:-1, max-image-preview:large, max-video-preview:-1\" \/>\n<link rel=\"canonical\" href=\"https:\/\/vintagellamoda.com\/de\/produkt\/blumenkleid-mit-verstellbaren-traegern-hergestellt-in-italien\/\" \/>\n<meta property=\"og:locale\" content=\"de_DE\" \/>\n<meta property=\"og:type\" content=\"article\" \/>\n<meta property=\"og:title\" content=\"Blumenmuster-Samtkleid mit verstellbaren Tr\u00e4gern | Hergestellt in Italien\" \/>\n<meta property=\"og:description\" content=\"Elegantes Partykleid aus Samt mit Blumenmuster, hergestellt in Italien. Verstellbare Tr\u00e4ger, Spitzendetails, perfekt f\u00fcr romantische Anl\u00e4sse und Abendveranstaltungen. Passt hervorragend zu High Heels oder Ballerinas.\" \/>\n<meta property=\"og:url\" content=\"https:\/\/vintagellamoda.com\/de\/produkt\/blumenkleid-mit-verstellbaren-traegern-hergestellt-in-italien\/\" \/>\n<meta property=\"og:site_name\" content=\"Vintagella Moda\" \/>\n<meta property=\"article:publisher\" content=\"https:\/\/www.facebook.com\/profile.php?id=61583665421269\" \/>\n<meta property=\"article:modified_time\" content=\"2025-12-09T20:36:50+00:00\" \/>\n<meta property=\"og:image\" content=\"https:\/\/vintagellamoda.com\/wp-content\/uploads\/2025\/02\/IMG_0608-scaled.jpg\" \/>\n\t<meta property=\"og:image:width\" content=\"1707\" \/>\n\t<meta property=\"og:image:height\" content=\"2560\" \/>\n\t<meta property=\"og:image:type\" content=\"image\/jpeg\" \/>\n<meta name=\"twitter:card\" content=\"summary_large_image\" \/>\n<script type=\"application\/ld+json\" class=\"yoast-schema-graph\">{\"@context\":\"https:\\\/\\\/schema.org\",\"@graph\":[{\"@type\":\"WebPage\",\"@id\":\"https:\\\/\\\/vintagellamoda.com\\\/de\\\/produkt\\\/blumenkleid-mit-verstellbaren-traegern-hergestellt-in-italien\\\/\",\"url\":\"https:\\\/\\\/vintagellamoda.com\\\/de\\\/produkt\\\/blumenkleid-mit-verstellbaren-traegern-hergestellt-in-italien\\\/\",\"name\":\"Blumenmuster-Samtkleid mit verstellbaren Tr\u00e4gern | Hergestellt in Italien\",\"isPartOf\":{\"@id\":\"https:\\\/\\\/vintagellamoda.com\\\/de\\\/#website\"},\"primaryImageOfPage\":{\"@id\":\"https:\\\/\\\/vintagellamoda.com\\\/de\\\/produkt\\\/blumenkleid-mit-verstellbaren-traegern-hergestellt-in-italien\\\/#primaryimage\"},\"image\":{\"@id\":\"https:\\\/\\\/vintagellamoda.com\\\/de\\\/produkt\\\/blumenkleid-mit-verstellbaren-traegern-hergestellt-in-italien\\\/#primaryimage\"},\"thumbnailUrl\":\"https:\\\/\\\/vintagellamoda.com\\\/wp-content\\\/uploads\\\/2025\\\/02\\\/IMG_0608-scaled.jpg\",\"datePublished\":\"2025-03-24T06:58:56+00:00\",\"dateModified\":\"2025-12-09T20:36:50+00:00\",\"description\":\"Elegantes Partykleid aus Samt mit Blumenmuster, hergestellt in Italien. Verstellbare Tr\u00e4ger, Spitzendetails, perfekt f\u00fcr romantische Anl\u00e4sse und Abendveranstaltungen. Passt hervorragend zu High Heels oder Ballerinas.\",\"breadcrumb\":{\"@id\":\"https:\\\/\\\/vintagellamoda.com\\\/de\\\/produkt\\\/blumenkleid-mit-verstellbaren-traegern-hergestellt-in-italien\\\/#breadcrumb\"},\"inLanguage\":\"de\",\"potentialAction\":[{\"@type\":\"ReadAction\",\"target\":[\"https:\\\/\\\/vintagellamoda.com\\\/de\\\/produkt\\\/blumenkleid-mit-verstellbaren-traegern-hergestellt-in-italien\\\/\"]}]},{\"@type\":\"ImageObject\",\"inLanguage\":\"de\",\"@id\":\"https:\\\/\\\/vintagellamoda.com\\\/de\\\/produkt\\\/blumenkleid-mit-verstellbaren-traegern-hergestellt-in-italien\\\/#primaryimage\",\"url\":\"https:\\\/\\\/vintagellamoda.com\\\/wp-content\\\/uploads\\\/2025\\\/02\\\/IMG_0608-scaled.jpg\",\"contentUrl\":\"https:\\\/\\\/vintagellamoda.com\\\/wp-content\\\/uploads\\\/2025\\\/02\\\/IMG_0608-scaled.jpg\",\"width\":1707,\"height\":2560},{\"@type\":\"BreadcrumbList\",\"@id\":\"https:\\\/\\\/vintagellamoda.com\\\/de\\\/produkt\\\/blumenkleid-mit-verstellbaren-traegern-hergestellt-in-italien\\\/#breadcrumb\",\"itemListElement\":[{\"@type\":\"ListItem\",\"position\":1,\"name\":\"Home\",\"item\":\"https:\\\/\\\/vintagellamoda.com\\\/de\\\/\"},{\"@type\":\"ListItem\",\"position\":2,\"name\":\"Shop\",\"item\":\"https:\\\/\\\/vintagellamoda.com\\\/de\\\/shop\\\/\"},{\"@type\":\"ListItem\",\"position\":3,\"name\":\"Blumenkleid mit verstellbaren Tr\u00e4gern \u2013 Hergestellt in Italien\"}]},{\"@type\":\"WebSite\",\"@id\":\"https:\\\/\\\/vintagellamoda.com\\\/de\\\/#website\",\"url\":\"https:\\\/\\\/vintagellamoda.com\\\/de\\\/\",\"name\":\"Vintagella Moda\",\"description\":\"Italo vintage moda \u2014 Italian vintage fashion\",\"publisher\":{\"@id\":\"https:\\\/\\\/vintagellamoda.com\\\/de\\\/#organization\"},\"potentialAction\":[{\"@type\":\"SearchAction\",\"target\":{\"@type\":\"EntryPoint\",\"urlTemplate\":\"https:\\\/\\\/vintagellamoda.com\\\/de\\\/?s={search_term_string}\"},\"query-input\":{\"@type\":\"PropertyValueSpecification\",\"valueRequired\":true,\"valueName\":\"search_term_string\"}}],\"inLanguage\":\"de\"},{\"@type\":\"Organization\",\"@id\":\"https:\\\/\\\/vintagellamoda.com\\\/de\\\/#organization\",\"name\":\"Vintagella Moda\",\"url\":\"https:\\\/\\\/vintagellamoda.com\\\/de\\\/\",\"logo\":{\"@type\":\"ImageObject\",\"inLanguage\":\"de\",\"@id\":\"https:\\\/\\\/vintagellamoda.com\\\/de\\\/#\\\/schema\\\/logo\\\/image\\\/\",\"url\":\"https:\\\/\\\/vintagellamoda.com\\\/wp-content\\\/uploads\\\/2025\\\/11\\\/favicon.png\",\"contentUrl\":\"https:\\\/\\\/vintagellamoda.com\\\/wp-content\\\/uploads\\\/2025\\\/11\\\/favicon.png\",\"width\":2000,\"height\":2000,\"caption\":\"Vintagella Moda\"},\"image\":{\"@id\":\"https:\\\/\\\/vintagellamoda.com\\\/de\\\/#\\\/schema\\\/logo\\\/image\\\/\"},\"sameAs\":[\"https:\\\/\\\/www.facebook.com\\\/profile.php?id=61583665421269\",\"https:\\\/\\\/www.instagram.com\\\/vintagellamoda\\\/\",\"https:\\\/\\\/de.pinterest.com\\\/vintagellamoda\"]}]}<\/script>\n<!-- \/ Yoast SEO plugin. -->","yoast_head_json":{"title":"Blumenmuster-Samtkleid mit verstellbaren Tr\u00e4gern | Hergestellt in Italien","description":"Elegantes Partykleid aus Samt mit Blumenmuster, hergestellt in Italien. Verstellbare Tr\u00e4ger, Spitzendetails, perfekt f\u00fcr romantische Anl\u00e4sse und Abendveranstaltungen. Passt hervorragend zu High Heels oder Ballerinas.","robots":{"index":"index","follow":"follow","max-snippet":"max-snippet:-1","max-image-preview":"max-image-preview:large","max-video-preview":"max-video-preview:-1"},"canonical":"https:\/\/vintagellamoda.com\/de\/produkt\/blumenkleid-mit-verstellbaren-traegern-hergestellt-in-italien\/","og_locale":"de_DE","og_type":"article","og_title":"Blumenmuster-Samtkleid mit verstellbaren Tr\u00e4gern | Hergestellt in Italien","og_description":"Elegantes Partykleid aus Samt mit Blumenmuster, hergestellt in Italien. Verstellbare Tr\u00e4ger, Spitzendetails, perfekt f\u00fcr romantische Anl\u00e4sse und Abendveranstaltungen. Passt hervorragend zu High Heels oder Ballerinas.","og_url":"https:\/\/vintagellamoda.com\/de\/produkt\/blumenkleid-mit-verstellbaren-traegern-hergestellt-in-italien\/","og_site_name":"Vintagella Moda","article_publisher":"https:\/\/www.facebook.com\/profile.php?id=61583665421269","article_modified_time":"2025-12-09T20:36:50+00:00","og_image":[{"width":1707,"height":2560,"url":"https:\/\/vintagellamoda.com\/wp-content\/uploads\/2025\/02\/IMG_0608-scaled.jpg","type":"image\/jpeg"}],"twitter_card":"summary_large_image","schema":{"@context":"https:\/\/schema.org","@graph":[{"@type":"WebPage","@id":"https:\/\/vintagellamoda.com\/de\/produkt\/blumenkleid-mit-verstellbaren-traegern-hergestellt-in-italien\/","url":"https:\/\/vintagellamoda.com\/de\/produkt\/blumenkleid-mit-verstellbaren-traegern-hergestellt-in-italien\/","name":"Blumenmuster-Samtkleid mit verstellbaren Tr\u00e4gern | Hergestellt in Italien","isPartOf":{"@id":"https:\/\/vintagellamoda.com\/de\/#website"},"primaryImageOfPage":{"@id":"https:\/\/vintagellamoda.com\/de\/produkt\/blumenkleid-mit-verstellbaren-traegern-hergestellt-in-italien\/#primaryimage"},"image":{"@id":"https:\/\/vintagellamoda.com\/de\/produkt\/blumenkleid-mit-verstellbaren-traegern-hergestellt-in-italien\/#primaryimage"},"thumbnailUrl":"https:\/\/vintagellamoda.com\/wp-content\/uploads\/2025\/02\/IMG_0608-scaled.jpg","datePublished":"2025-03-24T06:58:56+00:00","dateModified":"2025-12-09T20:36:50+00:00","description":"Elegantes Partykleid aus Samt mit Blumenmuster, hergestellt in Italien. Verstellbare Tr\u00e4ger, Spitzendetails, perfekt f\u00fcr romantische Anl\u00e4sse und Abendveranstaltungen. Passt hervorragend zu High Heels oder Ballerinas.","breadcrumb":{"@id":"https:\/\/vintagellamoda.com\/de\/produkt\/blumenkleid-mit-verstellbaren-traegern-hergestellt-in-italien\/#breadcrumb"},"inLanguage":"de","potentialAction":[{"@type":"ReadAction","target":["https:\/\/vintagellamoda.com\/de\/produkt\/blumenkleid-mit-verstellbaren-traegern-hergestellt-in-italien\/"]}]},{"@type":"ImageObject","inLanguage":"de","@id":"https:\/\/vintagellamoda.com\/de\/produkt\/blumenkleid-mit-verstellbaren-traegern-hergestellt-in-italien\/#primaryimage","url":"https:\/\/vintagellamoda.com\/wp-content\/uploads\/2025\/02\/IMG_0608-scaled.jpg","contentUrl":"https:\/\/vintagellamoda.com\/wp-content\/uploads\/2025\/02\/IMG_0608-scaled.jpg","width":1707,"height":2560},{"@type":"BreadcrumbList","@id":"https:\/\/vintagellamoda.com\/de\/produkt\/blumenkleid-mit-verstellbaren-traegern-hergestellt-in-italien\/#breadcrumb","itemListElement":[{"@type":"ListItem","position":1,"name":"Home","item":"https:\/\/vintagellamoda.com\/de\/"},{"@type":"ListItem","position":2,"name":"Shop","item":"https:\/\/vintagellamoda.com\/de\/shop\/"},{"@type":"ListItem","position":3,"name":"Blumenkleid mit verstellbaren Tr\u00e4gern \u2013 Hergestellt in Italien"}]},{"@type":"WebSite","@id":"https:\/\/vintagellamoda.com\/de\/#website","url":"https:\/\/vintagellamoda.com\/de\/","name":"Vintagella Moda","description":"Italo vintage moda \u2014 Italian vintage fashion","publisher":{"@id":"https:\/\/vintagellamoda.com\/de\/#organization"},"potentialAction":[{"@type":"SearchAction","target":{"@type":"EntryPoint","urlTemplate":"https:\/\/vintagellamoda.com\/de\/?s={search_term_string}"},"query-input":{"@type":"PropertyValueSpecification","valueRequired":true,"valueName":"search_term_string"}}],"inLanguage":"de"},{"@type":"Organization","@id":"https:\/\/vintagellamoda.com\/de\/#organization","name":"Vintagella Moda","url":"https:\/\/vintagellamoda.com\/de\/","logo":{"@type":"ImageObject","inLanguage":"de","@id":"https:\/\/vintagellamoda.com\/de\/#\/schema\/logo\/image\/","url":"https:\/\/vintagellamoda.com\/wp-content\/uploads\/2025\/11\/favicon.png","contentUrl":"https:\/\/vintagellamoda.com\/wp-content\/uploads\/2025\/11\/favicon.png","width":2000,"height":2000,"caption":"Vintagella Moda"},"image":{"@id":"https:\/\/vintagellamoda.com\/de\/#\/schema\/logo\/image\/"},"sameAs":["https:\/\/www.facebook.com\/profile.php?id=61583665421269","https:\/\/www.instagram.com\/vintagellamoda\/","https:\/\/de.pinterest.com\/vintagellamoda"]}]}},"_links":{"self":[{"href":"https:\/\/vintagellamoda.com\/de\/wp-json\/wp\/v2\/product\/5236","targetHints":{"allow":["GET"]}}],"collection":[{"href":"https:\/\/vintagellamoda.com\/de\/wp-json\/wp\/v2\/product"}],"about":[{"href":"https:\/\/vintagellamoda.com\/de\/wp-json\/wp\/v2\/types\/product"}],"replies":[{"embeddable":true,"href":"https:\/\/vintagellamoda.com\/de\/wp-json\/wp\/v2\/comments?post=5236"}],"wp:featuredmedia":[{"embeddable":true,"href":"https:\/\/vintagellamoda.com\/de\/wp-json\/wp\/v2\/media\/5237"}],"wp:attachment":[{"href":"https:\/\/vintagellamoda.com\/de\/wp-json\/wp\/v2\/media?parent=5236"}],"wp:term":[{"taxonomy":"product_brand","embeddable":true,"href":"https:\/\/vintagellamoda.com\/de\/wp-json\/wp\/v2\/product_brand?post=5236"},{"taxonomy":"product_cat","embeddable":true,"href":"https:\/\/vintagellamoda.com\/de\/wp-json\/wp\/v2\/product_cat?post=5236"},{"taxonomy":"product_tag","embeddable":true,"href":"https:\/\/vintagellamoda.com\/de\/wp-json\/wp\/v2\/product_tag?post=5236"}],"curies":[{"name":"wp","href":"https:\/\/api.w.org\/{rel}","templated":true}]}}