{"id":5232,"date":"2025-03-24T07:32:22","date_gmt":"2025-03-24T07:32:22","guid":{"rendered":"https:\/\/vintagellamoda.com\/product\/mazzonetto-pullover-mit-kragen-hergestellt-in-italien\/"},"modified":"2025-12-09T20:31:48","modified_gmt":"2025-12-09T20:31:48","slug":"mazzonetto-pullover-mit-kragen-hergestellt-in-italien","status":"publish","type":"product","link":"https:\/\/vintagellamoda.com\/de\/produkt\/mazzonetto-pullover-mit-kragen-hergestellt-in-italien\/","title":{"rendered":"Mazzonetto Pullover mit Kragen \u2013 Hergestellt in Italien"},"content":{"rendered":"<p>Mazzonetto Pullover mit Kragen \u2013 Hergestellt in Italien<br \/>Dieser Wollpullover der italienischen Marke Mazzonetto verleiht jedem Outfit eine m\u00fchelos elegante Note. Dank der Kn\u00f6pfe l\u00e4sst er sich zu einem V-Ausschnitt formen, der die Figur vorteilhaft betont. Er ist vielseitig kombinierbar, sowohl leger als auch formell. Die elfenbeinwei\u00dfe Farbe harmoniert perfekt mit Wei\u00df, Beige oder Braun. Maschinenwaschbar (Wollwaschgang). Keine sichtbaren M\u00e4ngel.<\/p>\n","protected":false},"excerpt":{"rendered":"<p>Herkunftsland: Hergestellt in Italien<br \/>\nMarke: Italienische Marke Mazzonetto<br \/>\nFarbe: Cremewei\u00df\/Elfenbein<br \/>\nGr\u00f6\u00dfe: IT 46<br \/>\nBrustweite: 51 cm<br \/>\n\u00c4rmell\u00e4nge: 45 cm<br \/>\nGesamtl\u00e4nge: 50 cm<br \/>\nMaterial: Wolle<br \/>\nPflegehinweise: Maschinenw\u00e4sche, Wolle<br \/>\nZustand: Gut\/Sehr gut<br \/>\nArtikelnummer: Art-43<\/p>\n","protected":false},"featured_media":5233,"comment_status":"open","ping_status":"closed","template":"","meta":[],"product_brand":[203],"product_cat":[598,610,608,503,609,552],"product_tag":[540,534,613,611,612,614],"class_list":{"0":"post-5232","1":"product","2":"type-product","3":"status-publish","4":"has-post-thumbnail","6":"product_brand-mazzonetto","7":"product_cat-damenpullover-strickwaren","8":"product_cat-elfenbein-creme","9":"product_cat-herbst-winter","10":"product_cat-nicht-kategorisiert","11":"product_cat-wolle-wollmischung","12":"product_cat-womenswear","13":"product_tag-klassischer-look","14":"product_tag-maschinenwaschbar","15":"product_tag-mit-knopfen","16":"product_tag-schlankheits-fit","17":"product_tag-v-ausschnitt-option","18":"product_tag-weiches-gefuhl","20":"first","21":"instock","22":"sold-individually","23":"shipping-taxable","24":"purchasable","25":"product-type-simple"},"yoast_head":"<!-- This site is optimized with the Yoast SEO plugin v27.3 - https:\/\/yoast.com\/product\/yoast-seo-wordpress\/ -->\n<title>Mazzonetto Pullover mit Wollkragen \u2013 Hergestellt in Italien | Damenstrickwaren<\/title>\n<meta name=\"description\" content=\"Mazzonetto Pullover mit Wollkragen, hergestellt in Italien. Elfenbeinwei\u00df, vielseitig kombinierbar f\u00fcr Freizeit und formelle Anl\u00e4sse. Mit V-Ausschnitt, Kn\u00f6pfen, angenehm weichem Material und maschinenwaschbar.\" \/>\n<meta name=\"robots\" content=\"index, follow, max-snippet:-1, max-image-preview:large, max-video-preview:-1\" \/>\n<link rel=\"canonical\" href=\"https:\/\/vintagellamoda.com\/de\/produkt\/mazzonetto-pullover-mit-kragen-hergestellt-in-italien\/\" \/>\n<meta property=\"og:locale\" content=\"de_DE\" \/>\n<meta property=\"og:type\" content=\"article\" \/>\n<meta property=\"og:title\" content=\"Mazzonetto Pullover mit Wollkragen \u2013 Hergestellt in Italien | Damenstrickwaren\" \/>\n<meta property=\"og:description\" content=\"Mazzonetto Pullover mit Wollkragen, hergestellt in Italien. Elfenbeinwei\u00df, vielseitig kombinierbar f\u00fcr Freizeit und formelle Anl\u00e4sse. Mit V-Ausschnitt, Kn\u00f6pfen, angenehm weichem Material und maschinenwaschbar.\" \/>\n<meta property=\"og:url\" content=\"https:\/\/vintagellamoda.com\/de\/produkt\/mazzonetto-pullover-mit-kragen-hergestellt-in-italien\/\" \/>\n<meta property=\"og:site_name\" content=\"Vintagella Moda\" \/>\n<meta property=\"article:publisher\" content=\"https:\/\/www.facebook.com\/profile.php?id=61583665421269\" \/>\n<meta property=\"article:modified_time\" content=\"2025-12-09T20:31:48+00:00\" \/>\n<meta property=\"og:image\" content=\"https:\/\/vintagellamoda.com\/wp-content\/uploads\/2025\/02\/IMG_0611-scaled.jpg\" \/>\n\t<meta property=\"og:image:width\" content=\"1707\" \/>\n\t<meta property=\"og:image:height\" content=\"2560\" \/>\n\t<meta property=\"og:image:type\" content=\"image\/jpeg\" \/>\n<meta name=\"twitter:card\" content=\"summary_large_image\" \/>\n<script type=\"application\/ld+json\" class=\"yoast-schema-graph\">{\"@context\":\"https:\\\/\\\/schema.org\",\"@graph\":[{\"@type\":\"WebPage\",\"@id\":\"https:\\\/\\\/vintagellamoda.com\\\/de\\\/produkt\\\/mazzonetto-pullover-mit-kragen-hergestellt-in-italien\\\/\",\"url\":\"https:\\\/\\\/vintagellamoda.com\\\/de\\\/produkt\\\/mazzonetto-pullover-mit-kragen-hergestellt-in-italien\\\/\",\"name\":\"Mazzonetto Pullover mit Wollkragen \u2013 Hergestellt in Italien | Damenstrickwaren\",\"isPartOf\":{\"@id\":\"https:\\\/\\\/vintagellamoda.com\\\/de\\\/#website\"},\"primaryImageOfPage\":{\"@id\":\"https:\\\/\\\/vintagellamoda.com\\\/de\\\/produkt\\\/mazzonetto-pullover-mit-kragen-hergestellt-in-italien\\\/#primaryimage\"},\"image\":{\"@id\":\"https:\\\/\\\/vintagellamoda.com\\\/de\\\/produkt\\\/mazzonetto-pullover-mit-kragen-hergestellt-in-italien\\\/#primaryimage\"},\"thumbnailUrl\":\"https:\\\/\\\/vintagellamoda.com\\\/wp-content\\\/uploads\\\/2025\\\/02\\\/IMG_0611-scaled.jpg\",\"datePublished\":\"2025-03-24T07:32:22+00:00\",\"dateModified\":\"2025-12-09T20:31:48+00:00\",\"description\":\"Mazzonetto Pullover mit Wollkragen, hergestellt in Italien. Elfenbeinwei\u00df, vielseitig kombinierbar f\u00fcr Freizeit und formelle Anl\u00e4sse. Mit V-Ausschnitt, Kn\u00f6pfen, angenehm weichem Material und maschinenwaschbar.\",\"breadcrumb\":{\"@id\":\"https:\\\/\\\/vintagellamoda.com\\\/de\\\/produkt\\\/mazzonetto-pullover-mit-kragen-hergestellt-in-italien\\\/#breadcrumb\"},\"inLanguage\":\"de\",\"potentialAction\":[{\"@type\":\"ReadAction\",\"target\":[\"https:\\\/\\\/vintagellamoda.com\\\/de\\\/produkt\\\/mazzonetto-pullover-mit-kragen-hergestellt-in-italien\\\/\"]}]},{\"@type\":\"ImageObject\",\"inLanguage\":\"de\",\"@id\":\"https:\\\/\\\/vintagellamoda.com\\\/de\\\/produkt\\\/mazzonetto-pullover-mit-kragen-hergestellt-in-italien\\\/#primaryimage\",\"url\":\"https:\\\/\\\/vintagellamoda.com\\\/wp-content\\\/uploads\\\/2025\\\/02\\\/IMG_0611-scaled.jpg\",\"contentUrl\":\"https:\\\/\\\/vintagellamoda.com\\\/wp-content\\\/uploads\\\/2025\\\/02\\\/IMG_0611-scaled.jpg\",\"width\":1707,\"height\":2560},{\"@type\":\"BreadcrumbList\",\"@id\":\"https:\\\/\\\/vintagellamoda.com\\\/de\\\/produkt\\\/mazzonetto-pullover-mit-kragen-hergestellt-in-italien\\\/#breadcrumb\",\"itemListElement\":[{\"@type\":\"ListItem\",\"position\":1,\"name\":\"Home\",\"item\":\"https:\\\/\\\/vintagellamoda.com\\\/de\\\/\"},{\"@type\":\"ListItem\",\"position\":2,\"name\":\"Shop\",\"item\":\"https:\\\/\\\/vintagellamoda.com\\\/de\\\/shop\\\/\"},{\"@type\":\"ListItem\",\"position\":3,\"name\":\"Mazzonetto Pullover mit Kragen \u2013 Hergestellt in Italien\"}]},{\"@type\":\"WebSite\",\"@id\":\"https:\\\/\\\/vintagellamoda.com\\\/de\\\/#website\",\"url\":\"https:\\\/\\\/vintagellamoda.com\\\/de\\\/\",\"name\":\"Vintagella Moda\",\"description\":\"Italo vintage moda \u2014 Italian vintage fashion\",\"publisher\":{\"@id\":\"https:\\\/\\\/vintagellamoda.com\\\/de\\\/#organization\"},\"potentialAction\":[{\"@type\":\"SearchAction\",\"target\":{\"@type\":\"EntryPoint\",\"urlTemplate\":\"https:\\\/\\\/vintagellamoda.com\\\/de\\\/?s={search_term_string}\"},\"query-input\":{\"@type\":\"PropertyValueSpecification\",\"valueRequired\":true,\"valueName\":\"search_term_string\"}}],\"inLanguage\":\"de\"},{\"@type\":\"Organization\",\"@id\":\"https:\\\/\\\/vintagellamoda.com\\\/de\\\/#organization\",\"name\":\"Vintagella Moda\",\"url\":\"https:\\\/\\\/vintagellamoda.com\\\/de\\\/\",\"logo\":{\"@type\":\"ImageObject\",\"inLanguage\":\"de\",\"@id\":\"https:\\\/\\\/vintagellamoda.com\\\/de\\\/#\\\/schema\\\/logo\\\/image\\\/\",\"url\":\"https:\\\/\\\/vintagellamoda.com\\\/wp-content\\\/uploads\\\/2025\\\/11\\\/favicon.png\",\"contentUrl\":\"https:\\\/\\\/vintagellamoda.com\\\/wp-content\\\/uploads\\\/2025\\\/11\\\/favicon.png\",\"width\":2000,\"height\":2000,\"caption\":\"Vintagella Moda\"},\"image\":{\"@id\":\"https:\\\/\\\/vintagellamoda.com\\\/de\\\/#\\\/schema\\\/logo\\\/image\\\/\"},\"sameAs\":[\"https:\\\/\\\/www.facebook.com\\\/profile.php?id=61583665421269\",\"https:\\\/\\\/www.instagram.com\\\/vintagellamoda\\\/\",\"https:\\\/\\\/de.pinterest.com\\\/vintagellamoda\"]}]}<\/script>\n<!-- \/ Yoast SEO plugin. -->","yoast_head_json":{"title":"Mazzonetto Pullover mit Wollkragen \u2013 Hergestellt in Italien | Damenstrickwaren","description":"Mazzonetto Pullover mit Wollkragen, hergestellt in Italien. Elfenbeinwei\u00df, vielseitig kombinierbar f\u00fcr Freizeit und formelle Anl\u00e4sse. Mit V-Ausschnitt, Kn\u00f6pfen, angenehm weichem Material und maschinenwaschbar.","robots":{"index":"index","follow":"follow","max-snippet":"max-snippet:-1","max-image-preview":"max-image-preview:large","max-video-preview":"max-video-preview:-1"},"canonical":"https:\/\/vintagellamoda.com\/de\/produkt\/mazzonetto-pullover-mit-kragen-hergestellt-in-italien\/","og_locale":"de_DE","og_type":"article","og_title":"Mazzonetto Pullover mit Wollkragen \u2013 Hergestellt in Italien | Damenstrickwaren","og_description":"Mazzonetto Pullover mit Wollkragen, hergestellt in Italien. Elfenbeinwei\u00df, vielseitig kombinierbar f\u00fcr Freizeit und formelle Anl\u00e4sse. Mit V-Ausschnitt, Kn\u00f6pfen, angenehm weichem Material und maschinenwaschbar.","og_url":"https:\/\/vintagellamoda.com\/de\/produkt\/mazzonetto-pullover-mit-kragen-hergestellt-in-italien\/","og_site_name":"Vintagella Moda","article_publisher":"https:\/\/www.facebook.com\/profile.php?id=61583665421269","article_modified_time":"2025-12-09T20:31:48+00:00","og_image":[{"width":1707,"height":2560,"url":"https:\/\/vintagellamoda.com\/wp-content\/uploads\/2025\/02\/IMG_0611-scaled.jpg","type":"image\/jpeg"}],"twitter_card":"summary_large_image","schema":{"@context":"https:\/\/schema.org","@graph":[{"@type":"WebPage","@id":"https:\/\/vintagellamoda.com\/de\/produkt\/mazzonetto-pullover-mit-kragen-hergestellt-in-italien\/","url":"https:\/\/vintagellamoda.com\/de\/produkt\/mazzonetto-pullover-mit-kragen-hergestellt-in-italien\/","name":"Mazzonetto Pullover mit Wollkragen \u2013 Hergestellt in Italien | Damenstrickwaren","isPartOf":{"@id":"https:\/\/vintagellamoda.com\/de\/#website"},"primaryImageOfPage":{"@id":"https:\/\/vintagellamoda.com\/de\/produkt\/mazzonetto-pullover-mit-kragen-hergestellt-in-italien\/#primaryimage"},"image":{"@id":"https:\/\/vintagellamoda.com\/de\/produkt\/mazzonetto-pullover-mit-kragen-hergestellt-in-italien\/#primaryimage"},"thumbnailUrl":"https:\/\/vintagellamoda.com\/wp-content\/uploads\/2025\/02\/IMG_0611-scaled.jpg","datePublished":"2025-03-24T07:32:22+00:00","dateModified":"2025-12-09T20:31:48+00:00","description":"Mazzonetto Pullover mit Wollkragen, hergestellt in Italien. Elfenbeinwei\u00df, vielseitig kombinierbar f\u00fcr Freizeit und formelle Anl\u00e4sse. Mit V-Ausschnitt, Kn\u00f6pfen, angenehm weichem Material und maschinenwaschbar.","breadcrumb":{"@id":"https:\/\/vintagellamoda.com\/de\/produkt\/mazzonetto-pullover-mit-kragen-hergestellt-in-italien\/#breadcrumb"},"inLanguage":"de","potentialAction":[{"@type":"ReadAction","target":["https:\/\/vintagellamoda.com\/de\/produkt\/mazzonetto-pullover-mit-kragen-hergestellt-in-italien\/"]}]},{"@type":"ImageObject","inLanguage":"de","@id":"https:\/\/vintagellamoda.com\/de\/produkt\/mazzonetto-pullover-mit-kragen-hergestellt-in-italien\/#primaryimage","url":"https:\/\/vintagellamoda.com\/wp-content\/uploads\/2025\/02\/IMG_0611-scaled.jpg","contentUrl":"https:\/\/vintagellamoda.com\/wp-content\/uploads\/2025\/02\/IMG_0611-scaled.jpg","width":1707,"height":2560},{"@type":"BreadcrumbList","@id":"https:\/\/vintagellamoda.com\/de\/produkt\/mazzonetto-pullover-mit-kragen-hergestellt-in-italien\/#breadcrumb","itemListElement":[{"@type":"ListItem","position":1,"name":"Home","item":"https:\/\/vintagellamoda.com\/de\/"},{"@type":"ListItem","position":2,"name":"Shop","item":"https:\/\/vintagellamoda.com\/de\/shop\/"},{"@type":"ListItem","position":3,"name":"Mazzonetto Pullover mit Kragen \u2013 Hergestellt in Italien"}]},{"@type":"WebSite","@id":"https:\/\/vintagellamoda.com\/de\/#website","url":"https:\/\/vintagellamoda.com\/de\/","name":"Vintagella Moda","description":"Italo vintage moda \u2014 Italian vintage fashion","publisher":{"@id":"https:\/\/vintagellamoda.com\/de\/#organization"},"potentialAction":[{"@type":"SearchAction","target":{"@type":"EntryPoint","urlTemplate":"https:\/\/vintagellamoda.com\/de\/?s={search_term_string}"},"query-input":{"@type":"PropertyValueSpecification","valueRequired":true,"valueName":"search_term_string"}}],"inLanguage":"de"},{"@type":"Organization","@id":"https:\/\/vintagellamoda.com\/de\/#organization","name":"Vintagella Moda","url":"https:\/\/vintagellamoda.com\/de\/","logo":{"@type":"ImageObject","inLanguage":"de","@id":"https:\/\/vintagellamoda.com\/de\/#\/schema\/logo\/image\/","url":"https:\/\/vintagellamoda.com\/wp-content\/uploads\/2025\/11\/favicon.png","contentUrl":"https:\/\/vintagellamoda.com\/wp-content\/uploads\/2025\/11\/favicon.png","width":2000,"height":2000,"caption":"Vintagella Moda"},"image":{"@id":"https:\/\/vintagellamoda.com\/de\/#\/schema\/logo\/image\/"},"sameAs":["https:\/\/www.facebook.com\/profile.php?id=61583665421269","https:\/\/www.instagram.com\/vintagellamoda\/","https:\/\/de.pinterest.com\/vintagellamoda"]}]}},"_links":{"self":[{"href":"https:\/\/vintagellamoda.com\/de\/wp-json\/wp\/v2\/product\/5232","targetHints":{"allow":["GET"]}}],"collection":[{"href":"https:\/\/vintagellamoda.com\/de\/wp-json\/wp\/v2\/product"}],"about":[{"href":"https:\/\/vintagellamoda.com\/de\/wp-json\/wp\/v2\/types\/product"}],"replies":[{"embeddable":true,"href":"https:\/\/vintagellamoda.com\/de\/wp-json\/wp\/v2\/comments?post=5232"}],"wp:featuredmedia":[{"embeddable":true,"href":"https:\/\/vintagellamoda.com\/de\/wp-json\/wp\/v2\/media\/5233"}],"wp:attachment":[{"href":"https:\/\/vintagellamoda.com\/de\/wp-json\/wp\/v2\/media?parent=5232"}],"wp:term":[{"taxonomy":"product_brand","embeddable":true,"href":"https:\/\/vintagellamoda.com\/de\/wp-json\/wp\/v2\/product_brand?post=5232"},{"taxonomy":"product_cat","embeddable":true,"href":"https:\/\/vintagellamoda.com\/de\/wp-json\/wp\/v2\/product_cat?post=5232"},{"taxonomy":"product_tag","embeddable":true,"href":"https:\/\/vintagellamoda.com\/de\/wp-json\/wp\/v2\/product_tag?post=5232"}],"curies":[{"name":"wp","href":"https:\/\/api.w.org\/{rel}","templated":true}]}}