{"id":5220,"date":"2025-03-24T08:44:33","date_gmt":"2025-03-24T08:44:33","guid":{"rendered":"https:\/\/vintagellamoda.com\/product\/jucca-wickeloberteil-100-baumwolle-hergestellt-in-italien\/"},"modified":"2025-12-09T19:26:18","modified_gmt":"2025-12-09T19:26:18","slug":"jucca-wickeloberteil-100-baumwolle-hergestellt-in-italien","status":"publish","type":"product","link":"https:\/\/vintagellamoda.com\/de\/produkt\/jucca-wickeloberteil-100-baumwolle-hergestellt-in-italien\/","title":{"rendered":"Jucca Wickeloberteil, 100 % Baumwolle \u2013 Hergestellt in Italien"},"content":{"rendered":"<p><strong>Jucca Wickeloberteil, 100 % Baumwolle \u2013 Hergestellt in Italien<\/strong><\/p>\n<p>Dieses puderrosa Wickeloberteil des italienischen Labels Jucca ist dank seines luftigen und leichten Materials perfekt f\u00fcr den Sommer. Es passt hervorragend zu Tanktops oder Crop-Tops aus reiner Baumwolle. Kombinieren Sie es mit Oberteilen und Hosen in Elfenbeinwei\u00df, Milchwei\u00df, Beige, Hellblau oder Nude. Das Oberteil ist makellos.   <\/p>\n","protected":false},"excerpt":{"rendered":"<p>Herkunftsland: Hergestellt in Italien<br data-start=\"131\" data-end=\"134\">Marke: Italienische Marke Jucca<br data-start=\"164\" data-end=\"167\">Farbe: Puderrosa<br data-start=\"190\" data-end=\"193\">Gr\u00f6\u00dfe: IT L, DE M<br data-start=\"214\" data-end=\"217\">Breite: 49 cm<br data-start=\"233\" data-end=\"236\">\u00c4rmell\u00e4nge: 61 cm<br data-start=\"260\" data-end=\"263\">Gesamtl\u00e4nge: 47 cm<br data-start=\"286\" data-end=\"289\">Material: 100 % Baumwolle<br data-start=\"314\" data-end=\"317\">Pflegehinweise: Handw\u00e4sche<br data-start=\"348\" data-end=\"351\">Zustand: gut\/sehr gut<br data-start=\"389\" data-end=\"392\"><strong data-start=\"392\" data-end=\"411\">Article number:<\/strong> Art-39<\/p>\n","protected":false},"featured_media":5221,"comment_status":"open","ping_status":"closed","template":"","meta":[],"product_brand":[210],"product_cat":[549,551,528,503,555,552],"product_tag":[556,595,522,557,581,596],"class_list":{"0":"post-5220","1":"product","2":"type-product","3":"status-publish","4":"has-post-thumbnail","6":"product_brand-jucca","7":"product_cat-baumwolle","8":"product_cat-blusen-tops","9":"product_cat-fruehling-sommer","10":"product_cat-nicht-kategorisiert","11":"product_cat-pastellfarben","12":"product_cat-womenswear","13":"product_tag-daywear","14":"product_tag-feminine","15":"product_tag-leichter-stoff","16":"product_tag-luftige-passform","17":"product_tag-sanfte-haptik","18":"product_tag-wrap-style","20":"first","21":"instock","22":"sold-individually","23":"shipping-taxable","24":"purchasable","25":"product-type-simple"},"yoast_head":"<!-- This site is optimized with the Yoast SEO plugin v27.3 - https:\/\/yoast.com\/product\/yoast-seo-wordpress\/ -->\n<title>100 % Baumwolle, hergestellt in Italien | Sommerbluse f\u00fcr Damen<\/title>\n<meta name=\"description\" content=\"Puderrosa Wickeloberteil aus Baumwolle von Jucca, hergestellt in Italien. Leicht, luftig und feminin. Passt perfekt zu Elfenbein-, Beige- oder Nudet\u00f6nen f\u00fcr einen m\u00fchelosen Sommerlook.\" \/>\n<meta name=\"robots\" content=\"index, follow, max-snippet:-1, max-image-preview:large, max-video-preview:-1\" \/>\n<link rel=\"canonical\" href=\"https:\/\/vintagellamoda.com\/de\/produkt\/jucca-wickeloberteil-100-baumwolle-hergestellt-in-italien\/\" \/>\n<meta property=\"og:locale\" content=\"de_DE\" \/>\n<meta property=\"og:type\" content=\"article\" \/>\n<meta property=\"og:title\" content=\"100 % Baumwolle, hergestellt in Italien | Sommerbluse f\u00fcr Damen\" \/>\n<meta property=\"og:description\" content=\"Puderrosa Wickeloberteil aus Baumwolle von Jucca, hergestellt in Italien. Leicht, luftig und feminin. Passt perfekt zu Elfenbein-, Beige- oder Nudet\u00f6nen f\u00fcr einen m\u00fchelosen Sommerlook.\" \/>\n<meta property=\"og:url\" content=\"https:\/\/vintagellamoda.com\/de\/produkt\/jucca-wickeloberteil-100-baumwolle-hergestellt-in-italien\/\" \/>\n<meta property=\"og:site_name\" content=\"Vintagella Moda\" \/>\n<meta property=\"article:publisher\" content=\"https:\/\/www.facebook.com\/profile.php?id=61583665421269\" \/>\n<meta property=\"article:modified_time\" content=\"2025-12-09T19:26:18+00:00\" \/>\n<meta property=\"og:image\" content=\"https:\/\/vintagellamoda.com\/wp-content\/uploads\/2025\/02\/IMG_0599-scaled.jpg\" \/>\n\t<meta property=\"og:image:width\" content=\"1707\" \/>\n\t<meta property=\"og:image:height\" content=\"2560\" \/>\n\t<meta property=\"og:image:type\" content=\"image\/jpeg\" \/>\n<meta name=\"twitter:card\" content=\"summary_large_image\" \/>\n<script type=\"application\/ld+json\" class=\"yoast-schema-graph\">{\"@context\":\"https:\\\/\\\/schema.org\",\"@graph\":[{\"@type\":\"WebPage\",\"@id\":\"https:\\\/\\\/vintagellamoda.com\\\/de\\\/produkt\\\/jucca-wickeloberteil-100-baumwolle-hergestellt-in-italien\\\/\",\"url\":\"https:\\\/\\\/vintagellamoda.com\\\/de\\\/produkt\\\/jucca-wickeloberteil-100-baumwolle-hergestellt-in-italien\\\/\",\"name\":\"100 % Baumwolle, hergestellt in Italien | Sommerbluse f\u00fcr Damen\",\"isPartOf\":{\"@id\":\"https:\\\/\\\/vintagellamoda.com\\\/de\\\/#website\"},\"primaryImageOfPage\":{\"@id\":\"https:\\\/\\\/vintagellamoda.com\\\/de\\\/produkt\\\/jucca-wickeloberteil-100-baumwolle-hergestellt-in-italien\\\/#primaryimage\"},\"image\":{\"@id\":\"https:\\\/\\\/vintagellamoda.com\\\/de\\\/produkt\\\/jucca-wickeloberteil-100-baumwolle-hergestellt-in-italien\\\/#primaryimage\"},\"thumbnailUrl\":\"https:\\\/\\\/vintagellamoda.com\\\/wp-content\\\/uploads\\\/2025\\\/02\\\/IMG_0599-scaled.jpg\",\"datePublished\":\"2025-03-24T08:44:33+00:00\",\"dateModified\":\"2025-12-09T19:26:18+00:00\",\"description\":\"Puderrosa Wickeloberteil aus Baumwolle von Jucca, hergestellt in Italien. Leicht, luftig und feminin. Passt perfekt zu Elfenbein-, Beige- oder Nudet\u00f6nen f\u00fcr einen m\u00fchelosen Sommerlook.\",\"breadcrumb\":{\"@id\":\"https:\\\/\\\/vintagellamoda.com\\\/de\\\/produkt\\\/jucca-wickeloberteil-100-baumwolle-hergestellt-in-italien\\\/#breadcrumb\"},\"inLanguage\":\"de\",\"potentialAction\":[{\"@type\":\"ReadAction\",\"target\":[\"https:\\\/\\\/vintagellamoda.com\\\/de\\\/produkt\\\/jucca-wickeloberteil-100-baumwolle-hergestellt-in-italien\\\/\"]}]},{\"@type\":\"ImageObject\",\"inLanguage\":\"de\",\"@id\":\"https:\\\/\\\/vintagellamoda.com\\\/de\\\/produkt\\\/jucca-wickeloberteil-100-baumwolle-hergestellt-in-italien\\\/#primaryimage\",\"url\":\"https:\\\/\\\/vintagellamoda.com\\\/wp-content\\\/uploads\\\/2025\\\/02\\\/IMG_0599-scaled.jpg\",\"contentUrl\":\"https:\\\/\\\/vintagellamoda.com\\\/wp-content\\\/uploads\\\/2025\\\/02\\\/IMG_0599-scaled.jpg\",\"width\":1707,\"height\":2560},{\"@type\":\"BreadcrumbList\",\"@id\":\"https:\\\/\\\/vintagellamoda.com\\\/de\\\/produkt\\\/jucca-wickeloberteil-100-baumwolle-hergestellt-in-italien\\\/#breadcrumb\",\"itemListElement\":[{\"@type\":\"ListItem\",\"position\":1,\"name\":\"Home\",\"item\":\"https:\\\/\\\/vintagellamoda.com\\\/de\\\/\"},{\"@type\":\"ListItem\",\"position\":2,\"name\":\"Shop\",\"item\":\"https:\\\/\\\/vintagellamoda.com\\\/de\\\/shop\\\/\"},{\"@type\":\"ListItem\",\"position\":3,\"name\":\"Jucca Wickeloberteil, 100 % Baumwolle \u2013 Hergestellt in Italien\"}]},{\"@type\":\"WebSite\",\"@id\":\"https:\\\/\\\/vintagellamoda.com\\\/de\\\/#website\",\"url\":\"https:\\\/\\\/vintagellamoda.com\\\/de\\\/\",\"name\":\"Vintagella Moda\",\"description\":\"Italo vintage moda \u2014 Italian vintage fashion\",\"publisher\":{\"@id\":\"https:\\\/\\\/vintagellamoda.com\\\/de\\\/#organization\"},\"potentialAction\":[{\"@type\":\"SearchAction\",\"target\":{\"@type\":\"EntryPoint\",\"urlTemplate\":\"https:\\\/\\\/vintagellamoda.com\\\/de\\\/?s={search_term_string}\"},\"query-input\":{\"@type\":\"PropertyValueSpecification\",\"valueRequired\":true,\"valueName\":\"search_term_string\"}}],\"inLanguage\":\"de\"},{\"@type\":\"Organization\",\"@id\":\"https:\\\/\\\/vintagellamoda.com\\\/de\\\/#organization\",\"name\":\"Vintagella Moda\",\"url\":\"https:\\\/\\\/vintagellamoda.com\\\/de\\\/\",\"logo\":{\"@type\":\"ImageObject\",\"inLanguage\":\"de\",\"@id\":\"https:\\\/\\\/vintagellamoda.com\\\/de\\\/#\\\/schema\\\/logo\\\/image\\\/\",\"url\":\"https:\\\/\\\/vintagellamoda.com\\\/wp-content\\\/uploads\\\/2025\\\/11\\\/favicon.png\",\"contentUrl\":\"https:\\\/\\\/vintagellamoda.com\\\/wp-content\\\/uploads\\\/2025\\\/11\\\/favicon.png\",\"width\":2000,\"height\":2000,\"caption\":\"Vintagella Moda\"},\"image\":{\"@id\":\"https:\\\/\\\/vintagellamoda.com\\\/de\\\/#\\\/schema\\\/logo\\\/image\\\/\"},\"sameAs\":[\"https:\\\/\\\/www.facebook.com\\\/profile.php?id=61583665421269\",\"https:\\\/\\\/www.instagram.com\\\/vintagellamoda\\\/\",\"https:\\\/\\\/de.pinterest.com\\\/vintagellamoda\"]}]}<\/script>\n<!-- \/ Yoast SEO plugin. -->","yoast_head_json":{"title":"100 % Baumwolle, hergestellt in Italien | Sommerbluse f\u00fcr Damen","description":"Puderrosa Wickeloberteil aus Baumwolle von Jucca, hergestellt in Italien. Leicht, luftig und feminin. Passt perfekt zu Elfenbein-, Beige- oder Nudet\u00f6nen f\u00fcr einen m\u00fchelosen Sommerlook.","robots":{"index":"index","follow":"follow","max-snippet":"max-snippet:-1","max-image-preview":"max-image-preview:large","max-video-preview":"max-video-preview:-1"},"canonical":"https:\/\/vintagellamoda.com\/de\/produkt\/jucca-wickeloberteil-100-baumwolle-hergestellt-in-italien\/","og_locale":"de_DE","og_type":"article","og_title":"100 % Baumwolle, hergestellt in Italien | Sommerbluse f\u00fcr Damen","og_description":"Puderrosa Wickeloberteil aus Baumwolle von Jucca, hergestellt in Italien. Leicht, luftig und feminin. Passt perfekt zu Elfenbein-, Beige- oder Nudet\u00f6nen f\u00fcr einen m\u00fchelosen Sommerlook.","og_url":"https:\/\/vintagellamoda.com\/de\/produkt\/jucca-wickeloberteil-100-baumwolle-hergestellt-in-italien\/","og_site_name":"Vintagella Moda","article_publisher":"https:\/\/www.facebook.com\/profile.php?id=61583665421269","article_modified_time":"2025-12-09T19:26:18+00:00","og_image":[{"width":1707,"height":2560,"url":"https:\/\/vintagellamoda.com\/wp-content\/uploads\/2025\/02\/IMG_0599-scaled.jpg","type":"image\/jpeg"}],"twitter_card":"summary_large_image","schema":{"@context":"https:\/\/schema.org","@graph":[{"@type":"WebPage","@id":"https:\/\/vintagellamoda.com\/de\/produkt\/jucca-wickeloberteil-100-baumwolle-hergestellt-in-italien\/","url":"https:\/\/vintagellamoda.com\/de\/produkt\/jucca-wickeloberteil-100-baumwolle-hergestellt-in-italien\/","name":"100 % Baumwolle, hergestellt in Italien | Sommerbluse f\u00fcr Damen","isPartOf":{"@id":"https:\/\/vintagellamoda.com\/de\/#website"},"primaryImageOfPage":{"@id":"https:\/\/vintagellamoda.com\/de\/produkt\/jucca-wickeloberteil-100-baumwolle-hergestellt-in-italien\/#primaryimage"},"image":{"@id":"https:\/\/vintagellamoda.com\/de\/produkt\/jucca-wickeloberteil-100-baumwolle-hergestellt-in-italien\/#primaryimage"},"thumbnailUrl":"https:\/\/vintagellamoda.com\/wp-content\/uploads\/2025\/02\/IMG_0599-scaled.jpg","datePublished":"2025-03-24T08:44:33+00:00","dateModified":"2025-12-09T19:26:18+00:00","description":"Puderrosa Wickeloberteil aus Baumwolle von Jucca, hergestellt in Italien. Leicht, luftig und feminin. Passt perfekt zu Elfenbein-, Beige- oder Nudet\u00f6nen f\u00fcr einen m\u00fchelosen Sommerlook.","breadcrumb":{"@id":"https:\/\/vintagellamoda.com\/de\/produkt\/jucca-wickeloberteil-100-baumwolle-hergestellt-in-italien\/#breadcrumb"},"inLanguage":"de","potentialAction":[{"@type":"ReadAction","target":["https:\/\/vintagellamoda.com\/de\/produkt\/jucca-wickeloberteil-100-baumwolle-hergestellt-in-italien\/"]}]},{"@type":"ImageObject","inLanguage":"de","@id":"https:\/\/vintagellamoda.com\/de\/produkt\/jucca-wickeloberteil-100-baumwolle-hergestellt-in-italien\/#primaryimage","url":"https:\/\/vintagellamoda.com\/wp-content\/uploads\/2025\/02\/IMG_0599-scaled.jpg","contentUrl":"https:\/\/vintagellamoda.com\/wp-content\/uploads\/2025\/02\/IMG_0599-scaled.jpg","width":1707,"height":2560},{"@type":"BreadcrumbList","@id":"https:\/\/vintagellamoda.com\/de\/produkt\/jucca-wickeloberteil-100-baumwolle-hergestellt-in-italien\/#breadcrumb","itemListElement":[{"@type":"ListItem","position":1,"name":"Home","item":"https:\/\/vintagellamoda.com\/de\/"},{"@type":"ListItem","position":2,"name":"Shop","item":"https:\/\/vintagellamoda.com\/de\/shop\/"},{"@type":"ListItem","position":3,"name":"Jucca Wickeloberteil, 100 % Baumwolle \u2013 Hergestellt in Italien"}]},{"@type":"WebSite","@id":"https:\/\/vintagellamoda.com\/de\/#website","url":"https:\/\/vintagellamoda.com\/de\/","name":"Vintagella Moda","description":"Italo vintage moda \u2014 Italian vintage fashion","publisher":{"@id":"https:\/\/vintagellamoda.com\/de\/#organization"},"potentialAction":[{"@type":"SearchAction","target":{"@type":"EntryPoint","urlTemplate":"https:\/\/vintagellamoda.com\/de\/?s={search_term_string}"},"query-input":{"@type":"PropertyValueSpecification","valueRequired":true,"valueName":"search_term_string"}}],"inLanguage":"de"},{"@type":"Organization","@id":"https:\/\/vintagellamoda.com\/de\/#organization","name":"Vintagella Moda","url":"https:\/\/vintagellamoda.com\/de\/","logo":{"@type":"ImageObject","inLanguage":"de","@id":"https:\/\/vintagellamoda.com\/de\/#\/schema\/logo\/image\/","url":"https:\/\/vintagellamoda.com\/wp-content\/uploads\/2025\/11\/favicon.png","contentUrl":"https:\/\/vintagellamoda.com\/wp-content\/uploads\/2025\/11\/favicon.png","width":2000,"height":2000,"caption":"Vintagella Moda"},"image":{"@id":"https:\/\/vintagellamoda.com\/de\/#\/schema\/logo\/image\/"},"sameAs":["https:\/\/www.facebook.com\/profile.php?id=61583665421269","https:\/\/www.instagram.com\/vintagellamoda\/","https:\/\/de.pinterest.com\/vintagellamoda"]}]}},"_links":{"self":[{"href":"https:\/\/vintagellamoda.com\/de\/wp-json\/wp\/v2\/product\/5220","targetHints":{"allow":["GET"]}}],"collection":[{"href":"https:\/\/vintagellamoda.com\/de\/wp-json\/wp\/v2\/product"}],"about":[{"href":"https:\/\/vintagellamoda.com\/de\/wp-json\/wp\/v2\/types\/product"}],"replies":[{"embeddable":true,"href":"https:\/\/vintagellamoda.com\/de\/wp-json\/wp\/v2\/comments?post=5220"}],"wp:featuredmedia":[{"embeddable":true,"href":"https:\/\/vintagellamoda.com\/de\/wp-json\/wp\/v2\/media\/5221"}],"wp:attachment":[{"href":"https:\/\/vintagellamoda.com\/de\/wp-json\/wp\/v2\/media?parent=5220"}],"wp:term":[{"taxonomy":"product_brand","embeddable":true,"href":"https:\/\/vintagellamoda.com\/de\/wp-json\/wp\/v2\/product_brand?post=5220"},{"taxonomy":"product_cat","embeddable":true,"href":"https:\/\/vintagellamoda.com\/de\/wp-json\/wp\/v2\/product_cat?post=5220"},{"taxonomy":"product_tag","embeddable":true,"href":"https:\/\/vintagellamoda.com\/de\/wp-json\/wp\/v2\/product_tag?post=5220"}],"curies":[{"name":"wp","href":"https:\/\/api.w.org\/{rel}","templated":true}]}}