{"id":5215,"date":"2025-03-21T10:05:30","date_gmt":"2025-03-21T10:05:30","guid":{"rendered":"https:\/\/vintagellamoda.com\/product\/eleonora-amadei-bluse-aus-seidenmischung-hergestellt-in-italien\/"},"modified":"2025-12-09T20:05:09","modified_gmt":"2025-12-09T20:05:09","slug":"eleonora-amadei-bluse-aus-seidenmischung-hergestellt-in-italien","status":"publish","type":"product","link":"https:\/\/vintagellamoda.com\/de\/produkt\/eleonora-amadei-bluse-aus-seidenmischung-hergestellt-in-italien\/","title":{"rendered":"Eleonora Amadei Bluse aus Seidenmischung \u2013 Hergestellt in Italien"},"content":{"rendered":"<p><strong>Eleonora Amadei Bluse aus Seidenmischung \u2013 Hergestellt in Italien<\/strong><\/p>\n<p>Diese rosafarbene Bluse aus Seidenmischgewebe der italienischen Marke Eleonora Amadei ist perfekt f\u00fcr einen eleganten Abendlook. Sie verleiht einen femininen und glamour\u00f6sen Touch. Die Bluse ist mit Tr\u00e4gern und Pailletten verziert und passt hervorragend zu einem Seiden-Midirock oder einer schicken Hose. Kombinieren Sie sie mit Perlenohrsteckern und silbernen Sandaletten mit Absatz. Die Bluse ist makellos.    <\/p>\n","protected":false},"excerpt":{"rendered":"<p>Marke: Eleonora Amadei<br \/>\nHerkunftsland: Italien<br \/>\nFarbe: Hellrosa<br \/>\nGr\u00f6\u00dfe: Italienische Gr\u00f6\u00dfe S, Deutsche Gr\u00f6\u00dfe XS<br \/>\nBrustumfang: 34 cm<br \/>\nL\u00e4nge: 38 cm<br \/>\nMaterial: 60 % Seidenzellulose, 40 % Kupferseide<br \/>\nPflegehinweis: Handw\u00e4sche<br \/>\nZustand: Gut\/Sehr gut<br \/>\nArtikelnummer: Art-25<\/p>\n","protected":false},"featured_media":5216,"comment_status":"open","ping_status":"closed","template":"","meta":[],"product_brand":[186],"product_cat":[579,551,503,586,587,552],"product_tag":[521,591,590,588,581,589],"class_list":{"0":"post-5215","1":"product","2":"type-product","3":"status-publish","4":"has-post-thumbnail","6":"product_brand-eleonora-amadei","7":"product_cat-abend-anlassmode","8":"product_cat-blusen-tops","9":"product_cat-nicht-kategorisiert","10":"product_cat-seide-seidenmischung","11":"product_cat-verziert-pailletten","12":"product_cat-womenswear","13":"product_tag-elegant","14":"product_tag-femininer-stil","15":"product_tag-glamouroser-look","16":"product_tag-riemen","17":"product_tag-sanfte-haptik","18":"product_tag-sequins","20":"first","21":"instock","22":"sold-individually","23":"shipping-taxable","24":"purchasable","25":"product-type-simple"},"yoast_head":"<!-- This site is optimized with the Yoast SEO plugin v27.3 - https:\/\/yoast.com\/product\/yoast-seo-wordpress\/ -->\n<title>Eleonora Amadei Seidenbluse \u2013 Eleganter Abendlook | Hergestellt in Italien<\/title>\n<meta name=\"description\" content=\"Elegante rosafarbene Bluse aus Seidenmischgewebe von Eleonora Amadei. Perfekt f\u00fcr Abendveranstaltungen, mit Pailletten und Tr\u00e4gern. Passt ideal zu R\u00f6cken oder eleganten Hosen.\" \/>\n<meta name=\"robots\" content=\"index, follow, max-snippet:-1, max-image-preview:large, max-video-preview:-1\" \/>\n<link rel=\"canonical\" href=\"https:\/\/vintagellamoda.com\/de\/produkt\/eleonora-amadei-bluse-aus-seidenmischung-hergestellt-in-italien\/\" \/>\n<meta property=\"og:locale\" content=\"de_DE\" \/>\n<meta property=\"og:type\" content=\"article\" \/>\n<meta property=\"og:title\" content=\"Eleonora Amadei Seidenbluse \u2013 Eleganter Abendlook | Hergestellt in Italien\" \/>\n<meta property=\"og:description\" content=\"Elegante rosafarbene Bluse aus Seidenmischgewebe von Eleonora Amadei. Perfekt f\u00fcr Abendveranstaltungen, mit Pailletten und Tr\u00e4gern. Passt ideal zu R\u00f6cken oder eleganten Hosen.\" \/>\n<meta property=\"og:url\" content=\"https:\/\/vintagellamoda.com\/de\/produkt\/eleonora-amadei-bluse-aus-seidenmischung-hergestellt-in-italien\/\" \/>\n<meta property=\"og:site_name\" content=\"Vintagella Moda\" \/>\n<meta property=\"article:publisher\" content=\"https:\/\/www.facebook.com\/profile.php?id=61583665421269\" \/>\n<meta property=\"article:modified_time\" content=\"2025-12-09T20:05:09+00:00\" \/>\n<meta property=\"og:image\" content=\"https:\/\/vintagellamoda.com\/wp-content\/uploads\/2025\/02\/IMG_0544-scaled.jpg\" \/>\n\t<meta property=\"og:image:width\" content=\"1707\" \/>\n\t<meta property=\"og:image:height\" content=\"2560\" \/>\n\t<meta property=\"og:image:type\" content=\"image\/jpeg\" \/>\n<meta name=\"twitter:card\" content=\"summary_large_image\" \/>\n<script type=\"application\/ld+json\" class=\"yoast-schema-graph\">{\"@context\":\"https:\\\/\\\/schema.org\",\"@graph\":[{\"@type\":\"WebPage\",\"@id\":\"https:\\\/\\\/vintagellamoda.com\\\/de\\\/produkt\\\/eleonora-amadei-bluse-aus-seidenmischung-hergestellt-in-italien\\\/\",\"url\":\"https:\\\/\\\/vintagellamoda.com\\\/de\\\/produkt\\\/eleonora-amadei-bluse-aus-seidenmischung-hergestellt-in-italien\\\/\",\"name\":\"Eleonora Amadei Seidenbluse \u2013 Eleganter Abendlook | Hergestellt in Italien\",\"isPartOf\":{\"@id\":\"https:\\\/\\\/vintagellamoda.com\\\/de\\\/#website\"},\"primaryImageOfPage\":{\"@id\":\"https:\\\/\\\/vintagellamoda.com\\\/de\\\/produkt\\\/eleonora-amadei-bluse-aus-seidenmischung-hergestellt-in-italien\\\/#primaryimage\"},\"image\":{\"@id\":\"https:\\\/\\\/vintagellamoda.com\\\/de\\\/produkt\\\/eleonora-amadei-bluse-aus-seidenmischung-hergestellt-in-italien\\\/#primaryimage\"},\"thumbnailUrl\":\"https:\\\/\\\/vintagellamoda.com\\\/wp-content\\\/uploads\\\/2025\\\/02\\\/IMG_0544-scaled.jpg\",\"datePublished\":\"2025-03-21T10:05:30+00:00\",\"dateModified\":\"2025-12-09T20:05:09+00:00\",\"description\":\"Elegante rosafarbene Bluse aus Seidenmischgewebe von Eleonora Amadei. Perfekt f\u00fcr Abendveranstaltungen, mit Pailletten und Tr\u00e4gern. Passt ideal zu R\u00f6cken oder eleganten Hosen.\",\"breadcrumb\":{\"@id\":\"https:\\\/\\\/vintagellamoda.com\\\/de\\\/produkt\\\/eleonora-amadei-bluse-aus-seidenmischung-hergestellt-in-italien\\\/#breadcrumb\"},\"inLanguage\":\"de\",\"potentialAction\":[{\"@type\":\"ReadAction\",\"target\":[\"https:\\\/\\\/vintagellamoda.com\\\/de\\\/produkt\\\/eleonora-amadei-bluse-aus-seidenmischung-hergestellt-in-italien\\\/\"]}]},{\"@type\":\"ImageObject\",\"inLanguage\":\"de\",\"@id\":\"https:\\\/\\\/vintagellamoda.com\\\/de\\\/produkt\\\/eleonora-amadei-bluse-aus-seidenmischung-hergestellt-in-italien\\\/#primaryimage\",\"url\":\"https:\\\/\\\/vintagellamoda.com\\\/wp-content\\\/uploads\\\/2025\\\/02\\\/IMG_0544-scaled.jpg\",\"contentUrl\":\"https:\\\/\\\/vintagellamoda.com\\\/wp-content\\\/uploads\\\/2025\\\/02\\\/IMG_0544-scaled.jpg\",\"width\":1707,\"height\":2560},{\"@type\":\"BreadcrumbList\",\"@id\":\"https:\\\/\\\/vintagellamoda.com\\\/de\\\/produkt\\\/eleonora-amadei-bluse-aus-seidenmischung-hergestellt-in-italien\\\/#breadcrumb\",\"itemListElement\":[{\"@type\":\"ListItem\",\"position\":1,\"name\":\"Home\",\"item\":\"https:\\\/\\\/vintagellamoda.com\\\/de\\\/\"},{\"@type\":\"ListItem\",\"position\":2,\"name\":\"Shop\",\"item\":\"https:\\\/\\\/vintagellamoda.com\\\/de\\\/shop\\\/\"},{\"@type\":\"ListItem\",\"position\":3,\"name\":\"Eleonora Amadei Bluse aus Seidenmischung \u2013 Hergestellt in Italien\"}]},{\"@type\":\"WebSite\",\"@id\":\"https:\\\/\\\/vintagellamoda.com\\\/de\\\/#website\",\"url\":\"https:\\\/\\\/vintagellamoda.com\\\/de\\\/\",\"name\":\"Vintagella Moda\",\"description\":\"Italo vintage moda \u2014 Italian vintage fashion\",\"publisher\":{\"@id\":\"https:\\\/\\\/vintagellamoda.com\\\/de\\\/#organization\"},\"potentialAction\":[{\"@type\":\"SearchAction\",\"target\":{\"@type\":\"EntryPoint\",\"urlTemplate\":\"https:\\\/\\\/vintagellamoda.com\\\/de\\\/?s={search_term_string}\"},\"query-input\":{\"@type\":\"PropertyValueSpecification\",\"valueRequired\":true,\"valueName\":\"search_term_string\"}}],\"inLanguage\":\"de\"},{\"@type\":\"Organization\",\"@id\":\"https:\\\/\\\/vintagellamoda.com\\\/de\\\/#organization\",\"name\":\"Vintagella Moda\",\"url\":\"https:\\\/\\\/vintagellamoda.com\\\/de\\\/\",\"logo\":{\"@type\":\"ImageObject\",\"inLanguage\":\"de\",\"@id\":\"https:\\\/\\\/vintagellamoda.com\\\/de\\\/#\\\/schema\\\/logo\\\/image\\\/\",\"url\":\"https:\\\/\\\/vintagellamoda.com\\\/wp-content\\\/uploads\\\/2025\\\/11\\\/favicon.png\",\"contentUrl\":\"https:\\\/\\\/vintagellamoda.com\\\/wp-content\\\/uploads\\\/2025\\\/11\\\/favicon.png\",\"width\":2000,\"height\":2000,\"caption\":\"Vintagella Moda\"},\"image\":{\"@id\":\"https:\\\/\\\/vintagellamoda.com\\\/de\\\/#\\\/schema\\\/logo\\\/image\\\/\"},\"sameAs\":[\"https:\\\/\\\/www.facebook.com\\\/profile.php?id=61583665421269\",\"https:\\\/\\\/www.instagram.com\\\/vintagellamoda\\\/\",\"https:\\\/\\\/de.pinterest.com\\\/vintagellamoda\"]}]}<\/script>\n<!-- \/ Yoast SEO plugin. -->","yoast_head_json":{"title":"Eleonora Amadei Seidenbluse \u2013 Eleganter Abendlook | Hergestellt in Italien","description":"Elegante rosafarbene Bluse aus Seidenmischgewebe von Eleonora Amadei. Perfekt f\u00fcr Abendveranstaltungen, mit Pailletten und Tr\u00e4gern. Passt ideal zu R\u00f6cken oder eleganten Hosen.","robots":{"index":"index","follow":"follow","max-snippet":"max-snippet:-1","max-image-preview":"max-image-preview:large","max-video-preview":"max-video-preview:-1"},"canonical":"https:\/\/vintagellamoda.com\/de\/produkt\/eleonora-amadei-bluse-aus-seidenmischung-hergestellt-in-italien\/","og_locale":"de_DE","og_type":"article","og_title":"Eleonora Amadei Seidenbluse \u2013 Eleganter Abendlook | Hergestellt in Italien","og_description":"Elegante rosafarbene Bluse aus Seidenmischgewebe von Eleonora Amadei. Perfekt f\u00fcr Abendveranstaltungen, mit Pailletten und Tr\u00e4gern. Passt ideal zu R\u00f6cken oder eleganten Hosen.","og_url":"https:\/\/vintagellamoda.com\/de\/produkt\/eleonora-amadei-bluse-aus-seidenmischung-hergestellt-in-italien\/","og_site_name":"Vintagella Moda","article_publisher":"https:\/\/www.facebook.com\/profile.php?id=61583665421269","article_modified_time":"2025-12-09T20:05:09+00:00","og_image":[{"width":1707,"height":2560,"url":"https:\/\/vintagellamoda.com\/wp-content\/uploads\/2025\/02\/IMG_0544-scaled.jpg","type":"image\/jpeg"}],"twitter_card":"summary_large_image","schema":{"@context":"https:\/\/schema.org","@graph":[{"@type":"WebPage","@id":"https:\/\/vintagellamoda.com\/de\/produkt\/eleonora-amadei-bluse-aus-seidenmischung-hergestellt-in-italien\/","url":"https:\/\/vintagellamoda.com\/de\/produkt\/eleonora-amadei-bluse-aus-seidenmischung-hergestellt-in-italien\/","name":"Eleonora Amadei Seidenbluse \u2013 Eleganter Abendlook | Hergestellt in Italien","isPartOf":{"@id":"https:\/\/vintagellamoda.com\/de\/#website"},"primaryImageOfPage":{"@id":"https:\/\/vintagellamoda.com\/de\/produkt\/eleonora-amadei-bluse-aus-seidenmischung-hergestellt-in-italien\/#primaryimage"},"image":{"@id":"https:\/\/vintagellamoda.com\/de\/produkt\/eleonora-amadei-bluse-aus-seidenmischung-hergestellt-in-italien\/#primaryimage"},"thumbnailUrl":"https:\/\/vintagellamoda.com\/wp-content\/uploads\/2025\/02\/IMG_0544-scaled.jpg","datePublished":"2025-03-21T10:05:30+00:00","dateModified":"2025-12-09T20:05:09+00:00","description":"Elegante rosafarbene Bluse aus Seidenmischgewebe von Eleonora Amadei. Perfekt f\u00fcr Abendveranstaltungen, mit Pailletten und Tr\u00e4gern. Passt ideal zu R\u00f6cken oder eleganten Hosen.","breadcrumb":{"@id":"https:\/\/vintagellamoda.com\/de\/produkt\/eleonora-amadei-bluse-aus-seidenmischung-hergestellt-in-italien\/#breadcrumb"},"inLanguage":"de","potentialAction":[{"@type":"ReadAction","target":["https:\/\/vintagellamoda.com\/de\/produkt\/eleonora-amadei-bluse-aus-seidenmischung-hergestellt-in-italien\/"]}]},{"@type":"ImageObject","inLanguage":"de","@id":"https:\/\/vintagellamoda.com\/de\/produkt\/eleonora-amadei-bluse-aus-seidenmischung-hergestellt-in-italien\/#primaryimage","url":"https:\/\/vintagellamoda.com\/wp-content\/uploads\/2025\/02\/IMG_0544-scaled.jpg","contentUrl":"https:\/\/vintagellamoda.com\/wp-content\/uploads\/2025\/02\/IMG_0544-scaled.jpg","width":1707,"height":2560},{"@type":"BreadcrumbList","@id":"https:\/\/vintagellamoda.com\/de\/produkt\/eleonora-amadei-bluse-aus-seidenmischung-hergestellt-in-italien\/#breadcrumb","itemListElement":[{"@type":"ListItem","position":1,"name":"Home","item":"https:\/\/vintagellamoda.com\/de\/"},{"@type":"ListItem","position":2,"name":"Shop","item":"https:\/\/vintagellamoda.com\/de\/shop\/"},{"@type":"ListItem","position":3,"name":"Eleonora Amadei Bluse aus Seidenmischung \u2013 Hergestellt in Italien"}]},{"@type":"WebSite","@id":"https:\/\/vintagellamoda.com\/de\/#website","url":"https:\/\/vintagellamoda.com\/de\/","name":"Vintagella Moda","description":"Italo vintage moda \u2014 Italian vintage fashion","publisher":{"@id":"https:\/\/vintagellamoda.com\/de\/#organization"},"potentialAction":[{"@type":"SearchAction","target":{"@type":"EntryPoint","urlTemplate":"https:\/\/vintagellamoda.com\/de\/?s={search_term_string}"},"query-input":{"@type":"PropertyValueSpecification","valueRequired":true,"valueName":"search_term_string"}}],"inLanguage":"de"},{"@type":"Organization","@id":"https:\/\/vintagellamoda.com\/de\/#organization","name":"Vintagella Moda","url":"https:\/\/vintagellamoda.com\/de\/","logo":{"@type":"ImageObject","inLanguage":"de","@id":"https:\/\/vintagellamoda.com\/de\/#\/schema\/logo\/image\/","url":"https:\/\/vintagellamoda.com\/wp-content\/uploads\/2025\/11\/favicon.png","contentUrl":"https:\/\/vintagellamoda.com\/wp-content\/uploads\/2025\/11\/favicon.png","width":2000,"height":2000,"caption":"Vintagella Moda"},"image":{"@id":"https:\/\/vintagellamoda.com\/de\/#\/schema\/logo\/image\/"},"sameAs":["https:\/\/www.facebook.com\/profile.php?id=61583665421269","https:\/\/www.instagram.com\/vintagellamoda\/","https:\/\/de.pinterest.com\/vintagellamoda"]}]}},"_links":{"self":[{"href":"https:\/\/vintagellamoda.com\/de\/wp-json\/wp\/v2\/product\/5215","targetHints":{"allow":["GET"]}}],"collection":[{"href":"https:\/\/vintagellamoda.com\/de\/wp-json\/wp\/v2\/product"}],"about":[{"href":"https:\/\/vintagellamoda.com\/de\/wp-json\/wp\/v2\/types\/product"}],"replies":[{"embeddable":true,"href":"https:\/\/vintagellamoda.com\/de\/wp-json\/wp\/v2\/comments?post=5215"}],"wp:featuredmedia":[{"embeddable":true,"href":"https:\/\/vintagellamoda.com\/de\/wp-json\/wp\/v2\/media\/5216"}],"wp:attachment":[{"href":"https:\/\/vintagellamoda.com\/de\/wp-json\/wp\/v2\/media?parent=5215"}],"wp:term":[{"taxonomy":"product_brand","embeddable":true,"href":"https:\/\/vintagellamoda.com\/de\/wp-json\/wp\/v2\/product_brand?post=5215"},{"taxonomy":"product_cat","embeddable":true,"href":"https:\/\/vintagellamoda.com\/de\/wp-json\/wp\/v2\/product_cat?post=5215"},{"taxonomy":"product_tag","embeddable":true,"href":"https:\/\/vintagellamoda.com\/de\/wp-json\/wp\/v2\/product_tag?post=5215"}],"curies":[{"name":"wp","href":"https:\/\/api.w.org\/{rel}","templated":true}]}}