{"id":5208,"date":"2025-03-19T08:40:56","date_gmt":"2025-03-19T08:40:56","guid":{"rendered":"https:\/\/vintagellamoda.com\/product\/armani-blaue-hose\/"},"modified":"2025-12-09T19:19:01","modified_gmt":"2025-12-09T19:19:01","slug":"armani-blaue-hose","status":"publish","type":"product","link":"https:\/\/vintagellamoda.com\/de\/produkt\/armani-blaue-hose\/","title":{"rendered":"Armani blaue Hose"},"content":{"rendered":"<p><b>Armani blaue Hose \u2013 Hergestellt in Italien<\/b><span style=\"font-weight: 400;\"> <\/span><\/p>\n<p><span style=\"font-weight: 400;\">Die Farbe \u201eArmani-Blau\u201c gilt als Symbol zeitloser Eleganz, und diese Armani-Hose \u00fcberzeugt aus gutem Grund. Sie l\u00e4sst sich sowohl l\u00e4ssig als auch elegant kombinieren. Tags\u00fcber passt sie beispielsweise zu einem rosa oder perlgrauen Oberteil aus Baumwolle oder Leinen. Abends harmoniert sie perfekt mit einer schicken Bluse aus Spitze oder Seide. Dank des neutralen Blautons l\u00e4sst sich die Hose mit verschiedenen Farben kombinieren. Details wie Taschen und Kordelz\u00fcge unterstreichen die Einzigartigkeit des Designs. Die Hose ist in exzellentem Zustand und weist keinerlei M\u00e4ngel auf.      <\/span><\/p>\n","protected":false},"excerpt":{"rendered":"<p>Herkunftsland: Hergestellt in Italien<br data-start=\"161\" data-end=\"164\">Marke: Italienische Marke Armani Jeans Couture<br data-start=\"209\" data-end=\"212\">Farbe: Denim<br data-start=\"229\" data-end=\"232\">Gr\u00f6\u00dfe: IT 44, DE 40, UK 14, USA 10<br data-start=\"272\" data-end=\"275\">Bauchumfang: 40 cm<br data-start=\"296\" data-end=\"299\">L\u00e4nge: 104 cm<br data-start=\"317\" data-end=\"320\">Material: nicht angegeben, vielleicht heller Denim<br data-start=\"363\" data-end=\"366\">Zustand: gut\/sehr gut<br data-start=\"404\" data-end=\"407\">Artikelnummer: Art. 6<\/p>\n","protected":false},"featured_media":5209,"comment_status":"open","ping_status":"closed","template":"","meta":[],"product_brand":[150],"product_cat":[579,528,580,503,538],"product_tag":[543,521,540,533,581,583,582],"class_list":{"0":"post-5208","1":"product","2":"type-product","3":"status-publish","4":"has-post-thumbnail","6":"product_brand-armani-jeans-couture","7":"product_cat-abend-anlassmode","8":"product_cat-fruehling-sommer","9":"product_cat-kraftige-farben-rot-rosa-blau","10":"product_cat-nicht-kategorisiert","11":"product_cat-smart-casual","12":"product_tag-bequeme-passform","13":"product_tag-elegant","14":"product_tag-klassischer-look","15":"product_tag-mit-taschen","16":"product_tag-sanfte-haptik","17":"product_tag-tag-zu-nacht","18":"product_tag-taillenzug-mit-kordelzug","20":"first","21":"instock","22":"sold-individually","23":"shipping-taxable","24":"purchasable","25":"product-type-simple"},"yoast_head":"<!-- This site is optimized with the Yoast SEO plugin v27.3 - https:\/\/yoast.com\/product\/yoast-seo-wordpress\/ -->\n<title>Armani Blaue Hose Italien \u2013 Elegante, zeitlose Hose aus Italien<\/title>\n<meta name=\"description\" content=\"Entdecken Sie die Armani Blue Trousers Italy in klassischem Blau. Elegante, vielseitige Hosen aus Italien, perfekt f\u00fcr den perfekten Look vom Tag bis zum Abend \u2013 ob l\u00e4ssig oder schick.\" \/>\n<meta name=\"robots\" content=\"index, follow, max-snippet:-1, max-image-preview:large, max-video-preview:-1\" \/>\n<link rel=\"canonical\" href=\"https:\/\/vintagellamoda.com\/de\/produkt\/armani-blaue-hose\/\" \/>\n<meta property=\"og:locale\" content=\"de_DE\" \/>\n<meta property=\"og:type\" content=\"article\" \/>\n<meta property=\"og:title\" content=\"Armani Blaue Hose Italien \u2013 Elegante, zeitlose Hose aus Italien\" \/>\n<meta property=\"og:description\" content=\"Entdecken Sie die Armani Blue Trousers Italy in klassischem Blau. Elegante, vielseitige Hosen aus Italien, perfekt f\u00fcr den perfekten Look vom Tag bis zum Abend \u2013 ob l\u00e4ssig oder schick.\" \/>\n<meta property=\"og:url\" content=\"https:\/\/vintagellamoda.com\/de\/produkt\/armani-blaue-hose\/\" \/>\n<meta property=\"og:site_name\" content=\"Vintagella Moda\" \/>\n<meta property=\"article:publisher\" content=\"https:\/\/www.facebook.com\/profile.php?id=61583665421269\" \/>\n<meta property=\"article:modified_time\" content=\"2025-12-09T19:19:01+00:00\" \/>\n<meta property=\"og:image\" content=\"https:\/\/vintagellamoda.com\/wp-content\/uploads\/2025\/02\/IMG_0496-scaled.jpg\" \/>\n\t<meta property=\"og:image:width\" content=\"1707\" \/>\n\t<meta property=\"og:image:height\" content=\"2560\" \/>\n\t<meta property=\"og:image:type\" content=\"image\/jpeg\" \/>\n<meta name=\"twitter:card\" content=\"summary_large_image\" \/>\n<script type=\"application\/ld+json\" class=\"yoast-schema-graph\">{\"@context\":\"https:\\\/\\\/schema.org\",\"@graph\":[{\"@type\":\"WebPage\",\"@id\":\"https:\\\/\\\/vintagellamoda.com\\\/de\\\/produkt\\\/armani-blaue-hose\\\/\",\"url\":\"https:\\\/\\\/vintagellamoda.com\\\/de\\\/produkt\\\/armani-blaue-hose\\\/\",\"name\":\"Armani Blaue Hose Italien \u2013 Elegante, zeitlose Hose aus Italien\",\"isPartOf\":{\"@id\":\"https:\\\/\\\/vintagellamoda.com\\\/de\\\/#website\"},\"primaryImageOfPage\":{\"@id\":\"https:\\\/\\\/vintagellamoda.com\\\/de\\\/produkt\\\/armani-blaue-hose\\\/#primaryimage\"},\"image\":{\"@id\":\"https:\\\/\\\/vintagellamoda.com\\\/de\\\/produkt\\\/armani-blaue-hose\\\/#primaryimage\"},\"thumbnailUrl\":\"https:\\\/\\\/vintagellamoda.com\\\/wp-content\\\/uploads\\\/2025\\\/02\\\/IMG_0496-scaled.jpg\",\"datePublished\":\"2025-03-19T08:40:56+00:00\",\"dateModified\":\"2025-12-09T19:19:01+00:00\",\"description\":\"Entdecken Sie die Armani Blue Trousers Italy in klassischem Blau. Elegante, vielseitige Hosen aus Italien, perfekt f\u00fcr den perfekten Look vom Tag bis zum Abend \u2013 ob l\u00e4ssig oder schick.\",\"breadcrumb\":{\"@id\":\"https:\\\/\\\/vintagellamoda.com\\\/de\\\/produkt\\\/armani-blaue-hose\\\/#breadcrumb\"},\"inLanguage\":\"de\",\"potentialAction\":[{\"@type\":\"ReadAction\",\"target\":[\"https:\\\/\\\/vintagellamoda.com\\\/de\\\/produkt\\\/armani-blaue-hose\\\/\"]}]},{\"@type\":\"ImageObject\",\"inLanguage\":\"de\",\"@id\":\"https:\\\/\\\/vintagellamoda.com\\\/de\\\/produkt\\\/armani-blaue-hose\\\/#primaryimage\",\"url\":\"https:\\\/\\\/vintagellamoda.com\\\/wp-content\\\/uploads\\\/2025\\\/02\\\/IMG_0496-scaled.jpg\",\"contentUrl\":\"https:\\\/\\\/vintagellamoda.com\\\/wp-content\\\/uploads\\\/2025\\\/02\\\/IMG_0496-scaled.jpg\",\"width\":1707,\"height\":2560},{\"@type\":\"BreadcrumbList\",\"@id\":\"https:\\\/\\\/vintagellamoda.com\\\/de\\\/produkt\\\/armani-blaue-hose\\\/#breadcrumb\",\"itemListElement\":[{\"@type\":\"ListItem\",\"position\":1,\"name\":\"Home\",\"item\":\"https:\\\/\\\/vintagellamoda.com\\\/de\\\/\"},{\"@type\":\"ListItem\",\"position\":2,\"name\":\"Shop\",\"item\":\"https:\\\/\\\/vintagellamoda.com\\\/de\\\/shop\\\/\"},{\"@type\":\"ListItem\",\"position\":3,\"name\":\"Armani blaue Hose\"}]},{\"@type\":\"WebSite\",\"@id\":\"https:\\\/\\\/vintagellamoda.com\\\/de\\\/#website\",\"url\":\"https:\\\/\\\/vintagellamoda.com\\\/de\\\/\",\"name\":\"Vintagella Moda\",\"description\":\"Italo vintage moda \u2014 Italian vintage fashion\",\"publisher\":{\"@id\":\"https:\\\/\\\/vintagellamoda.com\\\/de\\\/#organization\"},\"potentialAction\":[{\"@type\":\"SearchAction\",\"target\":{\"@type\":\"EntryPoint\",\"urlTemplate\":\"https:\\\/\\\/vintagellamoda.com\\\/de\\\/?s={search_term_string}\"},\"query-input\":{\"@type\":\"PropertyValueSpecification\",\"valueRequired\":true,\"valueName\":\"search_term_string\"}}],\"inLanguage\":\"de\"},{\"@type\":\"Organization\",\"@id\":\"https:\\\/\\\/vintagellamoda.com\\\/de\\\/#organization\",\"name\":\"Vintagella Moda\",\"url\":\"https:\\\/\\\/vintagellamoda.com\\\/de\\\/\",\"logo\":{\"@type\":\"ImageObject\",\"inLanguage\":\"de\",\"@id\":\"https:\\\/\\\/vintagellamoda.com\\\/de\\\/#\\\/schema\\\/logo\\\/image\\\/\",\"url\":\"https:\\\/\\\/vintagellamoda.com\\\/wp-content\\\/uploads\\\/2025\\\/11\\\/favicon.png\",\"contentUrl\":\"https:\\\/\\\/vintagellamoda.com\\\/wp-content\\\/uploads\\\/2025\\\/11\\\/favicon.png\",\"width\":2000,\"height\":2000,\"caption\":\"Vintagella Moda\"},\"image\":{\"@id\":\"https:\\\/\\\/vintagellamoda.com\\\/de\\\/#\\\/schema\\\/logo\\\/image\\\/\"},\"sameAs\":[\"https:\\\/\\\/www.facebook.com\\\/profile.php?id=61583665421269\",\"https:\\\/\\\/www.instagram.com\\\/vintagellamoda\\\/\",\"https:\\\/\\\/de.pinterest.com\\\/vintagellamoda\"]}]}<\/script>\n<!-- \/ Yoast SEO plugin. -->","yoast_head_json":{"title":"Armani Blaue Hose Italien \u2013 Elegante, zeitlose Hose aus Italien","description":"Entdecken Sie die Armani Blue Trousers Italy in klassischem Blau. Elegante, vielseitige Hosen aus Italien, perfekt f\u00fcr den perfekten Look vom Tag bis zum Abend \u2013 ob l\u00e4ssig oder schick.","robots":{"index":"index","follow":"follow","max-snippet":"max-snippet:-1","max-image-preview":"max-image-preview:large","max-video-preview":"max-video-preview:-1"},"canonical":"https:\/\/vintagellamoda.com\/de\/produkt\/armani-blaue-hose\/","og_locale":"de_DE","og_type":"article","og_title":"Armani Blaue Hose Italien \u2013 Elegante, zeitlose Hose aus Italien","og_description":"Entdecken Sie die Armani Blue Trousers Italy in klassischem Blau. Elegante, vielseitige Hosen aus Italien, perfekt f\u00fcr den perfekten Look vom Tag bis zum Abend \u2013 ob l\u00e4ssig oder schick.","og_url":"https:\/\/vintagellamoda.com\/de\/produkt\/armani-blaue-hose\/","og_site_name":"Vintagella Moda","article_publisher":"https:\/\/www.facebook.com\/profile.php?id=61583665421269","article_modified_time":"2025-12-09T19:19:01+00:00","og_image":[{"width":1707,"height":2560,"url":"https:\/\/vintagellamoda.com\/wp-content\/uploads\/2025\/02\/IMG_0496-scaled.jpg","type":"image\/jpeg"}],"twitter_card":"summary_large_image","schema":{"@context":"https:\/\/schema.org","@graph":[{"@type":"WebPage","@id":"https:\/\/vintagellamoda.com\/de\/produkt\/armani-blaue-hose\/","url":"https:\/\/vintagellamoda.com\/de\/produkt\/armani-blaue-hose\/","name":"Armani Blaue Hose Italien \u2013 Elegante, zeitlose Hose aus Italien","isPartOf":{"@id":"https:\/\/vintagellamoda.com\/de\/#website"},"primaryImageOfPage":{"@id":"https:\/\/vintagellamoda.com\/de\/produkt\/armani-blaue-hose\/#primaryimage"},"image":{"@id":"https:\/\/vintagellamoda.com\/de\/produkt\/armani-blaue-hose\/#primaryimage"},"thumbnailUrl":"https:\/\/vintagellamoda.com\/wp-content\/uploads\/2025\/02\/IMG_0496-scaled.jpg","datePublished":"2025-03-19T08:40:56+00:00","dateModified":"2025-12-09T19:19:01+00:00","description":"Entdecken Sie die Armani Blue Trousers Italy in klassischem Blau. Elegante, vielseitige Hosen aus Italien, perfekt f\u00fcr den perfekten Look vom Tag bis zum Abend \u2013 ob l\u00e4ssig oder schick.","breadcrumb":{"@id":"https:\/\/vintagellamoda.com\/de\/produkt\/armani-blaue-hose\/#breadcrumb"},"inLanguage":"de","potentialAction":[{"@type":"ReadAction","target":["https:\/\/vintagellamoda.com\/de\/produkt\/armani-blaue-hose\/"]}]},{"@type":"ImageObject","inLanguage":"de","@id":"https:\/\/vintagellamoda.com\/de\/produkt\/armani-blaue-hose\/#primaryimage","url":"https:\/\/vintagellamoda.com\/wp-content\/uploads\/2025\/02\/IMG_0496-scaled.jpg","contentUrl":"https:\/\/vintagellamoda.com\/wp-content\/uploads\/2025\/02\/IMG_0496-scaled.jpg","width":1707,"height":2560},{"@type":"BreadcrumbList","@id":"https:\/\/vintagellamoda.com\/de\/produkt\/armani-blaue-hose\/#breadcrumb","itemListElement":[{"@type":"ListItem","position":1,"name":"Home","item":"https:\/\/vintagellamoda.com\/de\/"},{"@type":"ListItem","position":2,"name":"Shop","item":"https:\/\/vintagellamoda.com\/de\/shop\/"},{"@type":"ListItem","position":3,"name":"Armani blaue Hose"}]},{"@type":"WebSite","@id":"https:\/\/vintagellamoda.com\/de\/#website","url":"https:\/\/vintagellamoda.com\/de\/","name":"Vintagella Moda","description":"Italo vintage moda \u2014 Italian vintage fashion","publisher":{"@id":"https:\/\/vintagellamoda.com\/de\/#organization"},"potentialAction":[{"@type":"SearchAction","target":{"@type":"EntryPoint","urlTemplate":"https:\/\/vintagellamoda.com\/de\/?s={search_term_string}"},"query-input":{"@type":"PropertyValueSpecification","valueRequired":true,"valueName":"search_term_string"}}],"inLanguage":"de"},{"@type":"Organization","@id":"https:\/\/vintagellamoda.com\/de\/#organization","name":"Vintagella Moda","url":"https:\/\/vintagellamoda.com\/de\/","logo":{"@type":"ImageObject","inLanguage":"de","@id":"https:\/\/vintagellamoda.com\/de\/#\/schema\/logo\/image\/","url":"https:\/\/vintagellamoda.com\/wp-content\/uploads\/2025\/11\/favicon.png","contentUrl":"https:\/\/vintagellamoda.com\/wp-content\/uploads\/2025\/11\/favicon.png","width":2000,"height":2000,"caption":"Vintagella Moda"},"image":{"@id":"https:\/\/vintagellamoda.com\/de\/#\/schema\/logo\/image\/"},"sameAs":["https:\/\/www.facebook.com\/profile.php?id=61583665421269","https:\/\/www.instagram.com\/vintagellamoda\/","https:\/\/de.pinterest.com\/vintagellamoda"]}]}},"_links":{"self":[{"href":"https:\/\/vintagellamoda.com\/de\/wp-json\/wp\/v2\/product\/5208","targetHints":{"allow":["GET"]}}],"collection":[{"href":"https:\/\/vintagellamoda.com\/de\/wp-json\/wp\/v2\/product"}],"about":[{"href":"https:\/\/vintagellamoda.com\/de\/wp-json\/wp\/v2\/types\/product"}],"replies":[{"embeddable":true,"href":"https:\/\/vintagellamoda.com\/de\/wp-json\/wp\/v2\/comments?post=5208"}],"wp:featuredmedia":[{"embeddable":true,"href":"https:\/\/vintagellamoda.com\/de\/wp-json\/wp\/v2\/media\/5209"}],"wp:attachment":[{"href":"https:\/\/vintagellamoda.com\/de\/wp-json\/wp\/v2\/media?parent=5208"}],"wp:term":[{"taxonomy":"product_brand","embeddable":true,"href":"https:\/\/vintagellamoda.com\/de\/wp-json\/wp\/v2\/product_brand?post=5208"},{"taxonomy":"product_cat","embeddable":true,"href":"https:\/\/vintagellamoda.com\/de\/wp-json\/wp\/v2\/product_cat?post=5208"},{"taxonomy":"product_tag","embeddable":true,"href":"https:\/\/vintagellamoda.com\/de\/wp-json\/wp\/v2\/product_tag?post=5208"}],"curies":[{"name":"wp","href":"https:\/\/api.w.org\/{rel}","templated":true}]}}