{"id":5204,"date":"2025-03-24T08:56:35","date_gmt":"2025-03-24T08:56:35","guid":{"rendered":"https:\/\/vintagellamoda.com\/product\/weisses-hemd-100-leinen-hergestellt-in-italien\/"},"modified":"2025-12-09T20:32:16","modified_gmt":"2025-12-09T20:32:16","slug":"weisses-hemd-100-leinen-hergestellt-in-italien","status":"publish","type":"product","link":"https:\/\/vintagellamoda.com\/de\/produkt\/weisses-hemd-100-leinen-hergestellt-in-italien\/","title":{"rendered":"Wei\u00dfes Hemd, 100 % Leinen \u2013 Hergestellt in Italien"},"content":{"rendered":"<p><strong>Wei\u00dfes Hemd, 100 % Leinen \u2013 Hergestellt in Italien<\/strong><\/p>\n<p>Dieses Hemd aus reinem Leinen ist der perfekte Begleiter f\u00fcr hei\u00dfe Sommertage. Es punktet mit seinem nat\u00fcrlichen Material und seiner Atmungsaktivit\u00e4t. Die kurzen \u00c4rmel sind ein zus\u00e4tzlicher Pluspunkt. Es passt hervorragend zu neutralen Farben, Pastellt\u00f6nen oder auch zu kr\u00e4ftigen Farben wie Rot. Das Hemd ist pflegeleicht und kann bei 30 Grad zusammen mit wei\u00dfer W\u00e4sche in der Maschine gewaschen werden. Es weist keinerlei sichtbare M\u00e4ngel auf.     <\/p>\n","protected":false},"excerpt":{"rendered":"<p>Herkunftsland: Hergestellt in Italien<br \/>\nMarke: nicht angegeben<br \/>\nFarbe: Wei\u00df<br \/>\nGr\u00f6\u00dfe: nicht angegeben<br \/>\nBrustweite: 53 cm<br \/>\n\u00c4rmell\u00e4nge: 25 cm<br \/>\nGesamtl\u00e4nge: 59 cm<br \/>\nMaterial: 100 % Leinen<br \/>\nPflegehinweise: Maschinenw\u00e4sche bei 30 Grad<br \/>\nZustand: gut\/sehr gut<br \/>\nArtikelnummer: Art-48<\/p>\n","protected":false},"featured_media":5205,"comment_status":"open","ping_status":"closed","template":"","meta":[],"product_brand":[164],"product_cat":[561,554,563,503,538,562,552],"product_tag":[564,567,522,534,565,566],"class_list":{"0":"post-5204","1":"product","2":"type-product","3":"status-publish","4":"has-post-thumbnail","6":"product_brand-etiquette-missing","7":"product_cat-damenhemden","8":"product_cat-leinen","9":"product_cat-neutrale-farben-weis-beige-grau","10":"product_cat-nicht-kategorisiert","11":"product_cat-smart-casual","12":"product_cat-sommerferien","13":"product_cat-womenswear","14":"product_tag-atmungsaktiv","15":"product_tag-kurzarm","16":"product_tag-leichter-stoff","17":"product_tag-maschinenwaschbar","18":"product_tag-naturfasern","19":"product_tag-vielseitig","21":"first","22":"instock","23":"sold-individually","24":"shipping-taxable","25":"purchasable","26":"product-type-simple"},"yoast_head":"<!-- This site is optimized with the Yoast SEO plugin v27.3 - https:\/\/yoast.com\/product\/yoast-seo-wordpress\/ -->\n<title>100 % Leinen, hergestellt in Italien | Sommermode f\u00fcr Damen<\/title>\n<meta name=\"description\" content=\"Elegantes wei\u00dfes Leinenhemd aus Italien. Atmungsaktives Material mit kurzen \u00c4rmeln, perfekt f\u00fcr den Sommer. Pflegeleicht, maschinenwaschbar bei 30\u00b0C, vielseitig kombinierbar.\" \/>\n<meta name=\"robots\" content=\"index, follow, max-snippet:-1, max-image-preview:large, max-video-preview:-1\" \/>\n<link rel=\"canonical\" href=\"https:\/\/vintagellamoda.com\/de\/produkt\/weisses-hemd-100-leinen-hergestellt-in-italien\/\" \/>\n<meta property=\"og:locale\" content=\"de_DE\" \/>\n<meta property=\"og:type\" content=\"article\" \/>\n<meta property=\"og:title\" content=\"100 % Leinen, hergestellt in Italien | Sommermode f\u00fcr Damen\" \/>\n<meta property=\"og:description\" content=\"Elegantes wei\u00dfes Leinenhemd aus Italien. Atmungsaktives Material mit kurzen \u00c4rmeln, perfekt f\u00fcr den Sommer. Pflegeleicht, maschinenwaschbar bei 30\u00b0C, vielseitig kombinierbar.\" \/>\n<meta property=\"og:url\" content=\"https:\/\/vintagellamoda.com\/de\/produkt\/weisses-hemd-100-leinen-hergestellt-in-italien\/\" \/>\n<meta property=\"og:site_name\" content=\"Vintagella Moda\" \/>\n<meta property=\"article:publisher\" content=\"https:\/\/www.facebook.com\/profile.php?id=61583665421269\" \/>\n<meta property=\"article:modified_time\" content=\"2025-12-09T20:32:16+00:00\" \/>\n<meta property=\"og:image\" content=\"https:\/\/vintagellamoda.com\/wp-content\/uploads\/2025\/02\/IMG_0627-scaled.jpg\" \/>\n\t<meta property=\"og:image:width\" content=\"1707\" \/>\n\t<meta property=\"og:image:height\" content=\"2560\" \/>\n\t<meta property=\"og:image:type\" content=\"image\/jpeg\" \/>\n<meta name=\"twitter:card\" content=\"summary_large_image\" \/>\n<script type=\"application\/ld+json\" class=\"yoast-schema-graph\">{\"@context\":\"https:\\\/\\\/schema.org\",\"@graph\":[{\"@type\":\"WebPage\",\"@id\":\"https:\\\/\\\/vintagellamoda.com\\\/de\\\/produkt\\\/weisses-hemd-100-leinen-hergestellt-in-italien\\\/\",\"url\":\"https:\\\/\\\/vintagellamoda.com\\\/de\\\/produkt\\\/weisses-hemd-100-leinen-hergestellt-in-italien\\\/\",\"name\":\"100 % Leinen, hergestellt in Italien | Sommermode f\u00fcr Damen\",\"isPartOf\":{\"@id\":\"https:\\\/\\\/vintagellamoda.com\\\/de\\\/#website\"},\"primaryImageOfPage\":{\"@id\":\"https:\\\/\\\/vintagellamoda.com\\\/de\\\/produkt\\\/weisses-hemd-100-leinen-hergestellt-in-italien\\\/#primaryimage\"},\"image\":{\"@id\":\"https:\\\/\\\/vintagellamoda.com\\\/de\\\/produkt\\\/weisses-hemd-100-leinen-hergestellt-in-italien\\\/#primaryimage\"},\"thumbnailUrl\":\"https:\\\/\\\/vintagellamoda.com\\\/wp-content\\\/uploads\\\/2025\\\/02\\\/IMG_0627-scaled.jpg\",\"datePublished\":\"2025-03-24T08:56:35+00:00\",\"dateModified\":\"2025-12-09T20:32:16+00:00\",\"description\":\"Elegantes wei\u00dfes Leinenhemd aus Italien. Atmungsaktives Material mit kurzen \u00c4rmeln, perfekt f\u00fcr den Sommer. Pflegeleicht, maschinenwaschbar bei 30\u00b0C, vielseitig kombinierbar.\",\"breadcrumb\":{\"@id\":\"https:\\\/\\\/vintagellamoda.com\\\/de\\\/produkt\\\/weisses-hemd-100-leinen-hergestellt-in-italien\\\/#breadcrumb\"},\"inLanguage\":\"de\",\"potentialAction\":[{\"@type\":\"ReadAction\",\"target\":[\"https:\\\/\\\/vintagellamoda.com\\\/de\\\/produkt\\\/weisses-hemd-100-leinen-hergestellt-in-italien\\\/\"]}]},{\"@type\":\"ImageObject\",\"inLanguage\":\"de\",\"@id\":\"https:\\\/\\\/vintagellamoda.com\\\/de\\\/produkt\\\/weisses-hemd-100-leinen-hergestellt-in-italien\\\/#primaryimage\",\"url\":\"https:\\\/\\\/vintagellamoda.com\\\/wp-content\\\/uploads\\\/2025\\\/02\\\/IMG_0627-scaled.jpg\",\"contentUrl\":\"https:\\\/\\\/vintagellamoda.com\\\/wp-content\\\/uploads\\\/2025\\\/02\\\/IMG_0627-scaled.jpg\",\"width\":1707,\"height\":2560},{\"@type\":\"BreadcrumbList\",\"@id\":\"https:\\\/\\\/vintagellamoda.com\\\/de\\\/produkt\\\/weisses-hemd-100-leinen-hergestellt-in-italien\\\/#breadcrumb\",\"itemListElement\":[{\"@type\":\"ListItem\",\"position\":1,\"name\":\"Home\",\"item\":\"https:\\\/\\\/vintagellamoda.com\\\/de\\\/\"},{\"@type\":\"ListItem\",\"position\":2,\"name\":\"Shop\",\"item\":\"https:\\\/\\\/vintagellamoda.com\\\/de\\\/shop\\\/\"},{\"@type\":\"ListItem\",\"position\":3,\"name\":\"Wei\u00dfes Hemd, 100 % Leinen \u2013 Hergestellt in Italien\"}]},{\"@type\":\"WebSite\",\"@id\":\"https:\\\/\\\/vintagellamoda.com\\\/de\\\/#website\",\"url\":\"https:\\\/\\\/vintagellamoda.com\\\/de\\\/\",\"name\":\"Vintagella Moda\",\"description\":\"Italo vintage moda \u2014 Italian vintage fashion\",\"publisher\":{\"@id\":\"https:\\\/\\\/vintagellamoda.com\\\/de\\\/#organization\"},\"potentialAction\":[{\"@type\":\"SearchAction\",\"target\":{\"@type\":\"EntryPoint\",\"urlTemplate\":\"https:\\\/\\\/vintagellamoda.com\\\/de\\\/?s={search_term_string}\"},\"query-input\":{\"@type\":\"PropertyValueSpecification\",\"valueRequired\":true,\"valueName\":\"search_term_string\"}}],\"inLanguage\":\"de\"},{\"@type\":\"Organization\",\"@id\":\"https:\\\/\\\/vintagellamoda.com\\\/de\\\/#organization\",\"name\":\"Vintagella Moda\",\"url\":\"https:\\\/\\\/vintagellamoda.com\\\/de\\\/\",\"logo\":{\"@type\":\"ImageObject\",\"inLanguage\":\"de\",\"@id\":\"https:\\\/\\\/vintagellamoda.com\\\/de\\\/#\\\/schema\\\/logo\\\/image\\\/\",\"url\":\"https:\\\/\\\/vintagellamoda.com\\\/wp-content\\\/uploads\\\/2025\\\/11\\\/favicon.png\",\"contentUrl\":\"https:\\\/\\\/vintagellamoda.com\\\/wp-content\\\/uploads\\\/2025\\\/11\\\/favicon.png\",\"width\":2000,\"height\":2000,\"caption\":\"Vintagella Moda\"},\"image\":{\"@id\":\"https:\\\/\\\/vintagellamoda.com\\\/de\\\/#\\\/schema\\\/logo\\\/image\\\/\"},\"sameAs\":[\"https:\\\/\\\/www.facebook.com\\\/profile.php?id=61583665421269\",\"https:\\\/\\\/www.instagram.com\\\/vintagellamoda\\\/\",\"https:\\\/\\\/de.pinterest.com\\\/vintagellamoda\"]}]}<\/script>\n<!-- \/ Yoast SEO plugin. -->","yoast_head_json":{"title":"100 % Leinen, hergestellt in Italien | Sommermode f\u00fcr Damen","description":"Elegantes wei\u00dfes Leinenhemd aus Italien. Atmungsaktives Material mit kurzen \u00c4rmeln, perfekt f\u00fcr den Sommer. Pflegeleicht, maschinenwaschbar bei 30\u00b0C, vielseitig kombinierbar.","robots":{"index":"index","follow":"follow","max-snippet":"max-snippet:-1","max-image-preview":"max-image-preview:large","max-video-preview":"max-video-preview:-1"},"canonical":"https:\/\/vintagellamoda.com\/de\/produkt\/weisses-hemd-100-leinen-hergestellt-in-italien\/","og_locale":"de_DE","og_type":"article","og_title":"100 % Leinen, hergestellt in Italien | Sommermode f\u00fcr Damen","og_description":"Elegantes wei\u00dfes Leinenhemd aus Italien. Atmungsaktives Material mit kurzen \u00c4rmeln, perfekt f\u00fcr den Sommer. Pflegeleicht, maschinenwaschbar bei 30\u00b0C, vielseitig kombinierbar.","og_url":"https:\/\/vintagellamoda.com\/de\/produkt\/weisses-hemd-100-leinen-hergestellt-in-italien\/","og_site_name":"Vintagella Moda","article_publisher":"https:\/\/www.facebook.com\/profile.php?id=61583665421269","article_modified_time":"2025-12-09T20:32:16+00:00","og_image":[{"width":1707,"height":2560,"url":"https:\/\/vintagellamoda.com\/wp-content\/uploads\/2025\/02\/IMG_0627-scaled.jpg","type":"image\/jpeg"}],"twitter_card":"summary_large_image","schema":{"@context":"https:\/\/schema.org","@graph":[{"@type":"WebPage","@id":"https:\/\/vintagellamoda.com\/de\/produkt\/weisses-hemd-100-leinen-hergestellt-in-italien\/","url":"https:\/\/vintagellamoda.com\/de\/produkt\/weisses-hemd-100-leinen-hergestellt-in-italien\/","name":"100 % Leinen, hergestellt in Italien | Sommermode f\u00fcr Damen","isPartOf":{"@id":"https:\/\/vintagellamoda.com\/de\/#website"},"primaryImageOfPage":{"@id":"https:\/\/vintagellamoda.com\/de\/produkt\/weisses-hemd-100-leinen-hergestellt-in-italien\/#primaryimage"},"image":{"@id":"https:\/\/vintagellamoda.com\/de\/produkt\/weisses-hemd-100-leinen-hergestellt-in-italien\/#primaryimage"},"thumbnailUrl":"https:\/\/vintagellamoda.com\/wp-content\/uploads\/2025\/02\/IMG_0627-scaled.jpg","datePublished":"2025-03-24T08:56:35+00:00","dateModified":"2025-12-09T20:32:16+00:00","description":"Elegantes wei\u00dfes Leinenhemd aus Italien. Atmungsaktives Material mit kurzen \u00c4rmeln, perfekt f\u00fcr den Sommer. Pflegeleicht, maschinenwaschbar bei 30\u00b0C, vielseitig kombinierbar.","breadcrumb":{"@id":"https:\/\/vintagellamoda.com\/de\/produkt\/weisses-hemd-100-leinen-hergestellt-in-italien\/#breadcrumb"},"inLanguage":"de","potentialAction":[{"@type":"ReadAction","target":["https:\/\/vintagellamoda.com\/de\/produkt\/weisses-hemd-100-leinen-hergestellt-in-italien\/"]}]},{"@type":"ImageObject","inLanguage":"de","@id":"https:\/\/vintagellamoda.com\/de\/produkt\/weisses-hemd-100-leinen-hergestellt-in-italien\/#primaryimage","url":"https:\/\/vintagellamoda.com\/wp-content\/uploads\/2025\/02\/IMG_0627-scaled.jpg","contentUrl":"https:\/\/vintagellamoda.com\/wp-content\/uploads\/2025\/02\/IMG_0627-scaled.jpg","width":1707,"height":2560},{"@type":"BreadcrumbList","@id":"https:\/\/vintagellamoda.com\/de\/produkt\/weisses-hemd-100-leinen-hergestellt-in-italien\/#breadcrumb","itemListElement":[{"@type":"ListItem","position":1,"name":"Home","item":"https:\/\/vintagellamoda.com\/de\/"},{"@type":"ListItem","position":2,"name":"Shop","item":"https:\/\/vintagellamoda.com\/de\/shop\/"},{"@type":"ListItem","position":3,"name":"Wei\u00dfes Hemd, 100 % Leinen \u2013 Hergestellt in Italien"}]},{"@type":"WebSite","@id":"https:\/\/vintagellamoda.com\/de\/#website","url":"https:\/\/vintagellamoda.com\/de\/","name":"Vintagella Moda","description":"Italo vintage moda \u2014 Italian vintage fashion","publisher":{"@id":"https:\/\/vintagellamoda.com\/de\/#organization"},"potentialAction":[{"@type":"SearchAction","target":{"@type":"EntryPoint","urlTemplate":"https:\/\/vintagellamoda.com\/de\/?s={search_term_string}"},"query-input":{"@type":"PropertyValueSpecification","valueRequired":true,"valueName":"search_term_string"}}],"inLanguage":"de"},{"@type":"Organization","@id":"https:\/\/vintagellamoda.com\/de\/#organization","name":"Vintagella Moda","url":"https:\/\/vintagellamoda.com\/de\/","logo":{"@type":"ImageObject","inLanguage":"de","@id":"https:\/\/vintagellamoda.com\/de\/#\/schema\/logo\/image\/","url":"https:\/\/vintagellamoda.com\/wp-content\/uploads\/2025\/11\/favicon.png","contentUrl":"https:\/\/vintagellamoda.com\/wp-content\/uploads\/2025\/11\/favicon.png","width":2000,"height":2000,"caption":"Vintagella Moda"},"image":{"@id":"https:\/\/vintagellamoda.com\/de\/#\/schema\/logo\/image\/"},"sameAs":["https:\/\/www.facebook.com\/profile.php?id=61583665421269","https:\/\/www.instagram.com\/vintagellamoda\/","https:\/\/de.pinterest.com\/vintagellamoda"]}]}},"_links":{"self":[{"href":"https:\/\/vintagellamoda.com\/de\/wp-json\/wp\/v2\/product\/5204","targetHints":{"allow":["GET"]}}],"collection":[{"href":"https:\/\/vintagellamoda.com\/de\/wp-json\/wp\/v2\/product"}],"about":[{"href":"https:\/\/vintagellamoda.com\/de\/wp-json\/wp\/v2\/types\/product"}],"replies":[{"embeddable":true,"href":"https:\/\/vintagellamoda.com\/de\/wp-json\/wp\/v2\/comments?post=5204"}],"wp:featuredmedia":[{"embeddable":true,"href":"https:\/\/vintagellamoda.com\/de\/wp-json\/wp\/v2\/media\/5205"}],"wp:attachment":[{"href":"https:\/\/vintagellamoda.com\/de\/wp-json\/wp\/v2\/media?parent=5204"}],"wp:term":[{"taxonomy":"product_brand","embeddable":true,"href":"https:\/\/vintagellamoda.com\/de\/wp-json\/wp\/v2\/product_brand?post=5204"},{"taxonomy":"product_cat","embeddable":true,"href":"https:\/\/vintagellamoda.com\/de\/wp-json\/wp\/v2\/product_cat?post=5204"},{"taxonomy":"product_tag","embeddable":true,"href":"https:\/\/vintagellamoda.com\/de\/wp-json\/wp\/v2\/product_tag?post=5204"}],"curies":[{"name":"wp","href":"https:\/\/api.w.org\/{rel}","templated":true}]}}