{"id":5200,"date":"2025-03-24T09:09:48","date_gmt":"2025-03-24T09:09:48","guid":{"rendered":"https:\/\/vintagellamoda.com\/product\/hellblaue-bluse-100-leinen-hergestellt-in-italien\/"},"modified":"2025-12-09T20:38:22","modified_gmt":"2025-12-09T20:38:22","slug":"hellblaue-bluse-100-leinen-hergestellt-in-italien","status":"publish","type":"product","link":"https:\/\/vintagellamoda.com\/de\/produkt\/hellblaue-bluse-100-leinen-hergestellt-in-italien\/","title":{"rendered":"Hellblaue Bluse, 100 % Leinen \u2013 Hergestellt in Italien"},"content":{"rendered":"<p><strong>Hellblaue Bluse, 100 % Leinen \u2013 Hergestellt in Italien<\/strong><\/p>\n<p>Diese hellblaue, luftige Bluse im Carmen-Stil erinnert an den mediterranen Himmel. Sie harmoniert sowohl mit Pastellfarben als auch mit neutralen T\u00f6nen wie Wei\u00df. Die Dreiviertel\u00e4rmel setzen Ihre Arme mit sch\u00f6nem Schmuck gekonnt in Szene. Kombinieren Sie die Bluse mit einer Fransenhandtasche f\u00fcr einen l\u00e4ssigen Boho-Look. Die Bluse ist pflegeleicht und kann bei 30 Grad mit wei\u00dfer W\u00e4sche in der Maschine gewaschen werden. Sie weist keinerlei M\u00e4ngel auf.     <\/p>\n","protected":false},"excerpt":{"rendered":"<p>Herkunftsland: Hergestellt in Italien<br \/>\nMarke: nicht angegeben<br \/>\nFarbe: Hellblau<br \/>\nGr\u00f6\u00dfe: nicht angegeben<br \/>\nTaillenweite: 49 cm<br \/>\n\u00c4rmell\u00e4nge: 37 cm<br \/>\nL\u00e4nge: vorne 51 cm, hinten 54 cm<br \/>\nMaterial: 100 % Leinen<br \/>\nPflegehinweise: Maschinenw\u00e4sche bei 30 Grad<br \/>\nZustand: gut bis sehr gut, keine Flecken, Risse oder Spalten<\/p>\n","protected":false},"featured_media":5201,"comment_status":"open","ping_status":"closed","template":"","meta":[],"product_brand":[164],"product_cat":[551,553,528,554,503,555,552],"product_tag":[560,558,556,559,522,557,534],"class_list":{"0":"post-5200","1":"product","2":"type-product","3":"status-publish","4":"has-post-thumbnail","6":"product_brand-etiquette-missing","7":"product_cat-blusen-tops","8":"product_cat-boho-chic","9":"product_cat-fruehling-sommer","10":"product_cat-leinen","11":"product_cat-nicht-kategorisiert","12":"product_cat-pastellfarben","13":"product_cat-womenswear","14":"product_tag-bohemian-look","15":"product_tag-carmen-stil","16":"product_tag-daywear","17":"product_tag-dreiviertelarmel","18":"product_tag-leichter-stoff","19":"product_tag-luftige-passform","20":"product_tag-maschinenwaschbar","22":"first","23":"instock","24":"sold-individually","25":"shipping-taxable","26":"purchasable","27":"product-type-simple"},"yoast_head":"<!-- This site is optimized with the Yoast SEO plugin v27.3 - https:\/\/yoast.com\/product\/yoast-seo-wordpress\/ -->\n<title>100 % Leinen, hergestellt in Italien | Damenoberteile<\/title>\n<meta name=\"description\" content=\"Stilvolle, hellblaue Bluse aus 100 % Leinen, hergestellt in Italien. Luftiger Carmen-Stil mit 3\/4-\u00c4rmeln, perfekt f\u00fcr sommerliche Boho-Looks. Maschinenwaschbar bei 30 \u00b0C.\" \/>\n<meta name=\"robots\" content=\"index, follow, max-snippet:-1, max-image-preview:large, max-video-preview:-1\" \/>\n<link rel=\"canonical\" href=\"https:\/\/vintagellamoda.com\/de\/produkt\/hellblaue-bluse-100-leinen-hergestellt-in-italien\/\" \/>\n<meta property=\"og:locale\" content=\"de_DE\" \/>\n<meta property=\"og:type\" content=\"article\" \/>\n<meta property=\"og:title\" content=\"100 % Leinen, hergestellt in Italien | Damenoberteile\" \/>\n<meta property=\"og:description\" content=\"Stilvolle, hellblaue Bluse aus 100 % Leinen, hergestellt in Italien. Luftiger Carmen-Stil mit 3\/4-\u00c4rmeln, perfekt f\u00fcr sommerliche Boho-Looks. Maschinenwaschbar bei 30 \u00b0C.\" \/>\n<meta property=\"og:url\" content=\"https:\/\/vintagellamoda.com\/de\/produkt\/hellblaue-bluse-100-leinen-hergestellt-in-italien\/\" \/>\n<meta property=\"og:site_name\" content=\"Vintagella Moda\" \/>\n<meta property=\"article:publisher\" content=\"https:\/\/www.facebook.com\/profile.php?id=61583665421269\" \/>\n<meta property=\"article:modified_time\" content=\"2025-12-09T20:38:22+00:00\" \/>\n<meta property=\"og:image\" content=\"https:\/\/vintagellamoda.com\/wp-content\/uploads\/2025\/02\/IMG_0631-scaled.jpg\" \/>\n\t<meta property=\"og:image:width\" content=\"1707\" \/>\n\t<meta property=\"og:image:height\" content=\"2560\" \/>\n\t<meta property=\"og:image:type\" content=\"image\/jpeg\" \/>\n<meta name=\"twitter:card\" content=\"summary_large_image\" \/>\n<script type=\"application\/ld+json\" class=\"yoast-schema-graph\">{\"@context\":\"https:\\\/\\\/schema.org\",\"@graph\":[{\"@type\":\"WebPage\",\"@id\":\"https:\\\/\\\/vintagellamoda.com\\\/de\\\/produkt\\\/hellblaue-bluse-100-leinen-hergestellt-in-italien\\\/\",\"url\":\"https:\\\/\\\/vintagellamoda.com\\\/de\\\/produkt\\\/hellblaue-bluse-100-leinen-hergestellt-in-italien\\\/\",\"name\":\"100 % Leinen, hergestellt in Italien | Damenoberteile\",\"isPartOf\":{\"@id\":\"https:\\\/\\\/vintagellamoda.com\\\/de\\\/#website\"},\"primaryImageOfPage\":{\"@id\":\"https:\\\/\\\/vintagellamoda.com\\\/de\\\/produkt\\\/hellblaue-bluse-100-leinen-hergestellt-in-italien\\\/#primaryimage\"},\"image\":{\"@id\":\"https:\\\/\\\/vintagellamoda.com\\\/de\\\/produkt\\\/hellblaue-bluse-100-leinen-hergestellt-in-italien\\\/#primaryimage\"},\"thumbnailUrl\":\"https:\\\/\\\/vintagellamoda.com\\\/wp-content\\\/uploads\\\/2025\\\/02\\\/IMG_0631-scaled.jpg\",\"datePublished\":\"2025-03-24T09:09:48+00:00\",\"dateModified\":\"2025-12-09T20:38:22+00:00\",\"description\":\"Stilvolle, hellblaue Bluse aus 100 % Leinen, hergestellt in Italien. Luftiger Carmen-Stil mit 3\\\/4-\u00c4rmeln, perfekt f\u00fcr sommerliche Boho-Looks. Maschinenwaschbar bei 30 \u00b0C.\",\"breadcrumb\":{\"@id\":\"https:\\\/\\\/vintagellamoda.com\\\/de\\\/produkt\\\/hellblaue-bluse-100-leinen-hergestellt-in-italien\\\/#breadcrumb\"},\"inLanguage\":\"de\",\"potentialAction\":[{\"@type\":\"ReadAction\",\"target\":[\"https:\\\/\\\/vintagellamoda.com\\\/de\\\/produkt\\\/hellblaue-bluse-100-leinen-hergestellt-in-italien\\\/\"]}]},{\"@type\":\"ImageObject\",\"inLanguage\":\"de\",\"@id\":\"https:\\\/\\\/vintagellamoda.com\\\/de\\\/produkt\\\/hellblaue-bluse-100-leinen-hergestellt-in-italien\\\/#primaryimage\",\"url\":\"https:\\\/\\\/vintagellamoda.com\\\/wp-content\\\/uploads\\\/2025\\\/02\\\/IMG_0631-scaled.jpg\",\"contentUrl\":\"https:\\\/\\\/vintagellamoda.com\\\/wp-content\\\/uploads\\\/2025\\\/02\\\/IMG_0631-scaled.jpg\",\"width\":1707,\"height\":2560},{\"@type\":\"BreadcrumbList\",\"@id\":\"https:\\\/\\\/vintagellamoda.com\\\/de\\\/produkt\\\/hellblaue-bluse-100-leinen-hergestellt-in-italien\\\/#breadcrumb\",\"itemListElement\":[{\"@type\":\"ListItem\",\"position\":1,\"name\":\"Home\",\"item\":\"https:\\\/\\\/vintagellamoda.com\\\/de\\\/\"},{\"@type\":\"ListItem\",\"position\":2,\"name\":\"Shop\",\"item\":\"https:\\\/\\\/vintagellamoda.com\\\/de\\\/shop\\\/\"},{\"@type\":\"ListItem\",\"position\":3,\"name\":\"Hellblaue Bluse, 100 % Leinen \u2013 Hergestellt in Italien\"}]},{\"@type\":\"WebSite\",\"@id\":\"https:\\\/\\\/vintagellamoda.com\\\/de\\\/#website\",\"url\":\"https:\\\/\\\/vintagellamoda.com\\\/de\\\/\",\"name\":\"Vintagella Moda\",\"description\":\"Italo vintage moda \u2014 Italian vintage fashion\",\"publisher\":{\"@id\":\"https:\\\/\\\/vintagellamoda.com\\\/de\\\/#organization\"},\"potentialAction\":[{\"@type\":\"SearchAction\",\"target\":{\"@type\":\"EntryPoint\",\"urlTemplate\":\"https:\\\/\\\/vintagellamoda.com\\\/de\\\/?s={search_term_string}\"},\"query-input\":{\"@type\":\"PropertyValueSpecification\",\"valueRequired\":true,\"valueName\":\"search_term_string\"}}],\"inLanguage\":\"de\"},{\"@type\":\"Organization\",\"@id\":\"https:\\\/\\\/vintagellamoda.com\\\/de\\\/#organization\",\"name\":\"Vintagella Moda\",\"url\":\"https:\\\/\\\/vintagellamoda.com\\\/de\\\/\",\"logo\":{\"@type\":\"ImageObject\",\"inLanguage\":\"de\",\"@id\":\"https:\\\/\\\/vintagellamoda.com\\\/de\\\/#\\\/schema\\\/logo\\\/image\\\/\",\"url\":\"https:\\\/\\\/vintagellamoda.com\\\/wp-content\\\/uploads\\\/2025\\\/11\\\/favicon.png\",\"contentUrl\":\"https:\\\/\\\/vintagellamoda.com\\\/wp-content\\\/uploads\\\/2025\\\/11\\\/favicon.png\",\"width\":2000,\"height\":2000,\"caption\":\"Vintagella Moda\"},\"image\":{\"@id\":\"https:\\\/\\\/vintagellamoda.com\\\/de\\\/#\\\/schema\\\/logo\\\/image\\\/\"},\"sameAs\":[\"https:\\\/\\\/www.facebook.com\\\/profile.php?id=61583665421269\",\"https:\\\/\\\/www.instagram.com\\\/vintagellamoda\\\/\",\"https:\\\/\\\/de.pinterest.com\\\/vintagellamoda\"]}]}<\/script>\n<!-- \/ Yoast SEO plugin. -->","yoast_head_json":{"title":"100 % Leinen, hergestellt in Italien | Damenoberteile","description":"Stilvolle, hellblaue Bluse aus 100 % Leinen, hergestellt in Italien. Luftiger Carmen-Stil mit 3\/4-\u00c4rmeln, perfekt f\u00fcr sommerliche Boho-Looks. Maschinenwaschbar bei 30 \u00b0C.","robots":{"index":"index","follow":"follow","max-snippet":"max-snippet:-1","max-image-preview":"max-image-preview:large","max-video-preview":"max-video-preview:-1"},"canonical":"https:\/\/vintagellamoda.com\/de\/produkt\/hellblaue-bluse-100-leinen-hergestellt-in-italien\/","og_locale":"de_DE","og_type":"article","og_title":"100 % Leinen, hergestellt in Italien | Damenoberteile","og_description":"Stilvolle, hellblaue Bluse aus 100 % Leinen, hergestellt in Italien. Luftiger Carmen-Stil mit 3\/4-\u00c4rmeln, perfekt f\u00fcr sommerliche Boho-Looks. Maschinenwaschbar bei 30 \u00b0C.","og_url":"https:\/\/vintagellamoda.com\/de\/produkt\/hellblaue-bluse-100-leinen-hergestellt-in-italien\/","og_site_name":"Vintagella Moda","article_publisher":"https:\/\/www.facebook.com\/profile.php?id=61583665421269","article_modified_time":"2025-12-09T20:38:22+00:00","og_image":[{"width":1707,"height":2560,"url":"https:\/\/vintagellamoda.com\/wp-content\/uploads\/2025\/02\/IMG_0631-scaled.jpg","type":"image\/jpeg"}],"twitter_card":"summary_large_image","schema":{"@context":"https:\/\/schema.org","@graph":[{"@type":"WebPage","@id":"https:\/\/vintagellamoda.com\/de\/produkt\/hellblaue-bluse-100-leinen-hergestellt-in-italien\/","url":"https:\/\/vintagellamoda.com\/de\/produkt\/hellblaue-bluse-100-leinen-hergestellt-in-italien\/","name":"100 % Leinen, hergestellt in Italien | Damenoberteile","isPartOf":{"@id":"https:\/\/vintagellamoda.com\/de\/#website"},"primaryImageOfPage":{"@id":"https:\/\/vintagellamoda.com\/de\/produkt\/hellblaue-bluse-100-leinen-hergestellt-in-italien\/#primaryimage"},"image":{"@id":"https:\/\/vintagellamoda.com\/de\/produkt\/hellblaue-bluse-100-leinen-hergestellt-in-italien\/#primaryimage"},"thumbnailUrl":"https:\/\/vintagellamoda.com\/wp-content\/uploads\/2025\/02\/IMG_0631-scaled.jpg","datePublished":"2025-03-24T09:09:48+00:00","dateModified":"2025-12-09T20:38:22+00:00","description":"Stilvolle, hellblaue Bluse aus 100 % Leinen, hergestellt in Italien. Luftiger Carmen-Stil mit 3\/4-\u00c4rmeln, perfekt f\u00fcr sommerliche Boho-Looks. Maschinenwaschbar bei 30 \u00b0C.","breadcrumb":{"@id":"https:\/\/vintagellamoda.com\/de\/produkt\/hellblaue-bluse-100-leinen-hergestellt-in-italien\/#breadcrumb"},"inLanguage":"de","potentialAction":[{"@type":"ReadAction","target":["https:\/\/vintagellamoda.com\/de\/produkt\/hellblaue-bluse-100-leinen-hergestellt-in-italien\/"]}]},{"@type":"ImageObject","inLanguage":"de","@id":"https:\/\/vintagellamoda.com\/de\/produkt\/hellblaue-bluse-100-leinen-hergestellt-in-italien\/#primaryimage","url":"https:\/\/vintagellamoda.com\/wp-content\/uploads\/2025\/02\/IMG_0631-scaled.jpg","contentUrl":"https:\/\/vintagellamoda.com\/wp-content\/uploads\/2025\/02\/IMG_0631-scaled.jpg","width":1707,"height":2560},{"@type":"BreadcrumbList","@id":"https:\/\/vintagellamoda.com\/de\/produkt\/hellblaue-bluse-100-leinen-hergestellt-in-italien\/#breadcrumb","itemListElement":[{"@type":"ListItem","position":1,"name":"Home","item":"https:\/\/vintagellamoda.com\/de\/"},{"@type":"ListItem","position":2,"name":"Shop","item":"https:\/\/vintagellamoda.com\/de\/shop\/"},{"@type":"ListItem","position":3,"name":"Hellblaue Bluse, 100 % Leinen \u2013 Hergestellt in Italien"}]},{"@type":"WebSite","@id":"https:\/\/vintagellamoda.com\/de\/#website","url":"https:\/\/vintagellamoda.com\/de\/","name":"Vintagella Moda","description":"Italo vintage moda \u2014 Italian vintage fashion","publisher":{"@id":"https:\/\/vintagellamoda.com\/de\/#organization"},"potentialAction":[{"@type":"SearchAction","target":{"@type":"EntryPoint","urlTemplate":"https:\/\/vintagellamoda.com\/de\/?s={search_term_string}"},"query-input":{"@type":"PropertyValueSpecification","valueRequired":true,"valueName":"search_term_string"}}],"inLanguage":"de"},{"@type":"Organization","@id":"https:\/\/vintagellamoda.com\/de\/#organization","name":"Vintagella Moda","url":"https:\/\/vintagellamoda.com\/de\/","logo":{"@type":"ImageObject","inLanguage":"de","@id":"https:\/\/vintagellamoda.com\/de\/#\/schema\/logo\/image\/","url":"https:\/\/vintagellamoda.com\/wp-content\/uploads\/2025\/11\/favicon.png","contentUrl":"https:\/\/vintagellamoda.com\/wp-content\/uploads\/2025\/11\/favicon.png","width":2000,"height":2000,"caption":"Vintagella Moda"},"image":{"@id":"https:\/\/vintagellamoda.com\/de\/#\/schema\/logo\/image\/"},"sameAs":["https:\/\/www.facebook.com\/profile.php?id=61583665421269","https:\/\/www.instagram.com\/vintagellamoda\/","https:\/\/de.pinterest.com\/vintagellamoda"]}]}},"_links":{"self":[{"href":"https:\/\/vintagellamoda.com\/de\/wp-json\/wp\/v2\/product\/5200","targetHints":{"allow":["GET"]}}],"collection":[{"href":"https:\/\/vintagellamoda.com\/de\/wp-json\/wp\/v2\/product"}],"about":[{"href":"https:\/\/vintagellamoda.com\/de\/wp-json\/wp\/v2\/types\/product"}],"replies":[{"embeddable":true,"href":"https:\/\/vintagellamoda.com\/de\/wp-json\/wp\/v2\/comments?post=5200"}],"wp:featuredmedia":[{"embeddable":true,"href":"https:\/\/vintagellamoda.com\/de\/wp-json\/wp\/v2\/media\/5201"}],"wp:attachment":[{"href":"https:\/\/vintagellamoda.com\/de\/wp-json\/wp\/v2\/media?parent=5200"}],"wp:term":[{"taxonomy":"product_brand","embeddable":true,"href":"https:\/\/vintagellamoda.com\/de\/wp-json\/wp\/v2\/product_brand?post=5200"},{"taxonomy":"product_cat","embeddable":true,"href":"https:\/\/vintagellamoda.com\/de\/wp-json\/wp\/v2\/product_cat?post=5200"},{"taxonomy":"product_tag","embeddable":true,"href":"https:\/\/vintagellamoda.com\/de\/wp-json\/wp\/v2\/product_tag?post=5200"}],"curies":[{"name":"wp","href":"https:\/\/api.w.org\/{rel}","templated":true}]}}