{"id":5193,"date":"2025-05-09T08:28:01","date_gmt":"2025-05-09T08:28:01","guid":{"rendered":"https:\/\/vintagellamoda.com\/product\/zweiteiler-von-alberta-ferretti-in-schwarz\/"},"modified":"2025-12-09T20:29:08","modified_gmt":"2025-12-09T20:29:08","slug":"zweiteiler-von-alberta-ferretti-in-schwarz","status":"publish","type":"product","link":"https:\/\/vintagellamoda.com\/de\/produkt\/zweiteiler-von-alberta-ferretti-in-schwarz\/","title":{"rendered":"Zweiteiler von Alberta Ferretti in Schwarz"},"content":{"rendered":"<p>Dieses elegante, zweiteilige Ensemble der italienischen Luxusmarke Alberta Ferretti ist aus hochwertigen Materialien gefertigt. Der komplett schwarze Look l\u00e4sst sich mit verschiedenen Accessoires vielseitig kombinieren. Goldener, farbenfroher, gl\u00e4nzender oder Perlenschmuck passt beispielsweise hervorragend. Armb\u00e4nder betonen Ihre Arme. Wei\u00dfe Clutches und rote Schuhe sind ebenso ideal wie Schuhe in Metallic-Optik.    <\/p>\n","protected":false},"excerpt":{"rendered":"<p>Marke: Italienische Marke Alberta Ferretti (Linie Philosophy)<br \/>\nHerkunftsland: Italien<br \/>\nFarbe: Schwarz<br \/>\nGr\u00f6\u00dfe: IT 44, DE 40, F 40, UK 12, USA 8<br \/>\nBreite: 46 cm<br \/>\n\u00c4rmell\u00e4nge: 36 cm<br \/>\nGesamtl\u00e4nge: 54 cm<br \/>\nTeil des Artikels: 30.2 Alberta Ferretti Zweiteiler (3\/4-Hose mit R\u00fcschen)<br \/>\nBauchumfang: 40 cm<br \/>\nL\u00e4nge: 73 cm<br \/>\nMaterial: 97 % Baumwolle, 3 % Sonstiges<br \/>\nZustand: Gut\/Sehr gut<\/p>\n","protected":false},"featured_media":5194,"comment_status":"open","ping_status":"closed","template":"","meta":[],"product_brand":[],"product_cat":[549,503,517],"product_tag":[],"class_list":{"0":"post-5193","1":"product","2":"type-product","3":"status-publish","4":"has-post-thumbnail","6":"product_cat-baumwolle","7":"product_cat-nicht-kategorisiert","8":"product_cat-schwarz","10":"first","11":"instock","12":"sold-individually","13":"shipping-taxable","14":"purchasable","15":"product-type-simple"},"yoast_head":"<!-- This site is optimized with the Yoast SEO plugin v27.3 - https:\/\/yoast.com\/product\/yoast-seo-wordpress\/ -->\n<title>Zweiteiliges Outfit von Alberta Ferretti in Schwarz | Hergestellt in Italien<\/title>\n<meta name=\"description\" content=\"Zweiteiliges Outfit von Alberta Ferretti in Schwarz, hergestellt in Italien. Elegant und vielseitig \u2013 kombinieren Sie es mit Accessoires aus Gold, Perlen oder Metallic f\u00fcr einen zeitlos schicken Look.\" \/>\n<meta name=\"robots\" content=\"index, follow, max-snippet:-1, max-image-preview:large, max-video-preview:-1\" \/>\n<link rel=\"canonical\" href=\"https:\/\/vintagellamoda.com\/de\/produkt\/zweiteiler-von-alberta-ferretti-in-schwarz\/\" \/>\n<meta property=\"og:locale\" content=\"de_DE\" \/>\n<meta property=\"og:type\" content=\"article\" \/>\n<meta property=\"og:title\" content=\"Zweiteiliges Outfit von Alberta Ferretti in Schwarz | Hergestellt in Italien\" \/>\n<meta property=\"og:description\" content=\"Zweiteiliges Outfit von Alberta Ferretti in Schwarz, hergestellt in Italien. Elegant und vielseitig \u2013 kombinieren Sie es mit Accessoires aus Gold, Perlen oder Metallic f\u00fcr einen zeitlos schicken Look.\" \/>\n<meta property=\"og:url\" content=\"https:\/\/vintagellamoda.com\/de\/produkt\/zweiteiler-von-alberta-ferretti-in-schwarz\/\" \/>\n<meta property=\"og:site_name\" content=\"Vintagella Moda\" \/>\n<meta property=\"article:publisher\" content=\"https:\/\/www.facebook.com\/profile.php?id=61583665421269\" \/>\n<meta property=\"article:modified_time\" content=\"2025-12-09T20:29:08+00:00\" \/>\n<meta property=\"og:image\" content=\"https:\/\/vintagellamoda.com\/wp-content\/uploads\/2025\/02\/IMG_0566-scaled.jpg\" \/>\n\t<meta property=\"og:image:width\" content=\"1707\" \/>\n\t<meta property=\"og:image:height\" content=\"2560\" \/>\n\t<meta property=\"og:image:type\" content=\"image\/jpeg\" \/>\n<meta name=\"twitter:card\" content=\"summary_large_image\" \/>\n<script type=\"application\/ld+json\" class=\"yoast-schema-graph\">{\"@context\":\"https:\\\/\\\/schema.org\",\"@graph\":[{\"@type\":\"WebPage\",\"@id\":\"https:\\\/\\\/vintagellamoda.com\\\/de\\\/produkt\\\/zweiteiler-von-alberta-ferretti-in-schwarz\\\/\",\"url\":\"https:\\\/\\\/vintagellamoda.com\\\/de\\\/produkt\\\/zweiteiler-von-alberta-ferretti-in-schwarz\\\/\",\"name\":\"Zweiteiliges Outfit von Alberta Ferretti in Schwarz | Hergestellt in Italien\",\"isPartOf\":{\"@id\":\"https:\\\/\\\/vintagellamoda.com\\\/de\\\/#website\"},\"primaryImageOfPage\":{\"@id\":\"https:\\\/\\\/vintagellamoda.com\\\/de\\\/produkt\\\/zweiteiler-von-alberta-ferretti-in-schwarz\\\/#primaryimage\"},\"image\":{\"@id\":\"https:\\\/\\\/vintagellamoda.com\\\/de\\\/produkt\\\/zweiteiler-von-alberta-ferretti-in-schwarz\\\/#primaryimage\"},\"thumbnailUrl\":\"https:\\\/\\\/vintagellamoda.com\\\/wp-content\\\/uploads\\\/2025\\\/02\\\/IMG_0566-scaled.jpg\",\"datePublished\":\"2025-05-09T08:28:01+00:00\",\"dateModified\":\"2025-12-09T20:29:08+00:00\",\"description\":\"Zweiteiliges Outfit von Alberta Ferretti in Schwarz, hergestellt in Italien. Elegant und vielseitig \u2013 kombinieren Sie es mit Accessoires aus Gold, Perlen oder Metallic f\u00fcr einen zeitlos schicken Look.\",\"breadcrumb\":{\"@id\":\"https:\\\/\\\/vintagellamoda.com\\\/de\\\/produkt\\\/zweiteiler-von-alberta-ferretti-in-schwarz\\\/#breadcrumb\"},\"inLanguage\":\"de\",\"potentialAction\":[{\"@type\":\"ReadAction\",\"target\":[\"https:\\\/\\\/vintagellamoda.com\\\/de\\\/produkt\\\/zweiteiler-von-alberta-ferretti-in-schwarz\\\/\"]}]},{\"@type\":\"ImageObject\",\"inLanguage\":\"de\",\"@id\":\"https:\\\/\\\/vintagellamoda.com\\\/de\\\/produkt\\\/zweiteiler-von-alberta-ferretti-in-schwarz\\\/#primaryimage\",\"url\":\"https:\\\/\\\/vintagellamoda.com\\\/wp-content\\\/uploads\\\/2025\\\/02\\\/IMG_0566-scaled.jpg\",\"contentUrl\":\"https:\\\/\\\/vintagellamoda.com\\\/wp-content\\\/uploads\\\/2025\\\/02\\\/IMG_0566-scaled.jpg\",\"width\":1707,\"height\":2560},{\"@type\":\"BreadcrumbList\",\"@id\":\"https:\\\/\\\/vintagellamoda.com\\\/de\\\/produkt\\\/zweiteiler-von-alberta-ferretti-in-schwarz\\\/#breadcrumb\",\"itemListElement\":[{\"@type\":\"ListItem\",\"position\":1,\"name\":\"Home\",\"item\":\"https:\\\/\\\/vintagellamoda.com\\\/de\\\/\"},{\"@type\":\"ListItem\",\"position\":2,\"name\":\"Shop\",\"item\":\"https:\\\/\\\/vintagellamoda.com\\\/de\\\/shop\\\/\"},{\"@type\":\"ListItem\",\"position\":3,\"name\":\"Zweiteiler von Alberta Ferretti in Schwarz\"}]},{\"@type\":\"WebSite\",\"@id\":\"https:\\\/\\\/vintagellamoda.com\\\/de\\\/#website\",\"url\":\"https:\\\/\\\/vintagellamoda.com\\\/de\\\/\",\"name\":\"Vintagella Moda\",\"description\":\"Italo vintage moda \u2014 Italian vintage fashion\",\"publisher\":{\"@id\":\"https:\\\/\\\/vintagellamoda.com\\\/de\\\/#organization\"},\"potentialAction\":[{\"@type\":\"SearchAction\",\"target\":{\"@type\":\"EntryPoint\",\"urlTemplate\":\"https:\\\/\\\/vintagellamoda.com\\\/de\\\/?s={search_term_string}\"},\"query-input\":{\"@type\":\"PropertyValueSpecification\",\"valueRequired\":true,\"valueName\":\"search_term_string\"}}],\"inLanguage\":\"de\"},{\"@type\":\"Organization\",\"@id\":\"https:\\\/\\\/vintagellamoda.com\\\/de\\\/#organization\",\"name\":\"Vintagella Moda\",\"url\":\"https:\\\/\\\/vintagellamoda.com\\\/de\\\/\",\"logo\":{\"@type\":\"ImageObject\",\"inLanguage\":\"de\",\"@id\":\"https:\\\/\\\/vintagellamoda.com\\\/de\\\/#\\\/schema\\\/logo\\\/image\\\/\",\"url\":\"https:\\\/\\\/vintagellamoda.com\\\/wp-content\\\/uploads\\\/2025\\\/11\\\/favicon.png\",\"contentUrl\":\"https:\\\/\\\/vintagellamoda.com\\\/wp-content\\\/uploads\\\/2025\\\/11\\\/favicon.png\",\"width\":2000,\"height\":2000,\"caption\":\"Vintagella Moda\"},\"image\":{\"@id\":\"https:\\\/\\\/vintagellamoda.com\\\/de\\\/#\\\/schema\\\/logo\\\/image\\\/\"},\"sameAs\":[\"https:\\\/\\\/www.facebook.com\\\/profile.php?id=61583665421269\",\"https:\\\/\\\/www.instagram.com\\\/vintagellamoda\\\/\",\"https:\\\/\\\/de.pinterest.com\\\/vintagellamoda\"]}]}<\/script>\n<!-- \/ Yoast SEO plugin. -->","yoast_head_json":{"title":"Zweiteiliges Outfit von Alberta Ferretti in Schwarz | Hergestellt in Italien","description":"Zweiteiliges Outfit von Alberta Ferretti in Schwarz, hergestellt in Italien. Elegant und vielseitig \u2013 kombinieren Sie es mit Accessoires aus Gold, Perlen oder Metallic f\u00fcr einen zeitlos schicken Look.","robots":{"index":"index","follow":"follow","max-snippet":"max-snippet:-1","max-image-preview":"max-image-preview:large","max-video-preview":"max-video-preview:-1"},"canonical":"https:\/\/vintagellamoda.com\/de\/produkt\/zweiteiler-von-alberta-ferretti-in-schwarz\/","og_locale":"de_DE","og_type":"article","og_title":"Zweiteiliges Outfit von Alberta Ferretti in Schwarz | Hergestellt in Italien","og_description":"Zweiteiliges Outfit von Alberta Ferretti in Schwarz, hergestellt in Italien. Elegant und vielseitig \u2013 kombinieren Sie es mit Accessoires aus Gold, Perlen oder Metallic f\u00fcr einen zeitlos schicken Look.","og_url":"https:\/\/vintagellamoda.com\/de\/produkt\/zweiteiler-von-alberta-ferretti-in-schwarz\/","og_site_name":"Vintagella Moda","article_publisher":"https:\/\/www.facebook.com\/profile.php?id=61583665421269","article_modified_time":"2025-12-09T20:29:08+00:00","og_image":[{"width":1707,"height":2560,"url":"https:\/\/vintagellamoda.com\/wp-content\/uploads\/2025\/02\/IMG_0566-scaled.jpg","type":"image\/jpeg"}],"twitter_card":"summary_large_image","schema":{"@context":"https:\/\/schema.org","@graph":[{"@type":"WebPage","@id":"https:\/\/vintagellamoda.com\/de\/produkt\/zweiteiler-von-alberta-ferretti-in-schwarz\/","url":"https:\/\/vintagellamoda.com\/de\/produkt\/zweiteiler-von-alberta-ferretti-in-schwarz\/","name":"Zweiteiliges Outfit von Alberta Ferretti in Schwarz | Hergestellt in Italien","isPartOf":{"@id":"https:\/\/vintagellamoda.com\/de\/#website"},"primaryImageOfPage":{"@id":"https:\/\/vintagellamoda.com\/de\/produkt\/zweiteiler-von-alberta-ferretti-in-schwarz\/#primaryimage"},"image":{"@id":"https:\/\/vintagellamoda.com\/de\/produkt\/zweiteiler-von-alberta-ferretti-in-schwarz\/#primaryimage"},"thumbnailUrl":"https:\/\/vintagellamoda.com\/wp-content\/uploads\/2025\/02\/IMG_0566-scaled.jpg","datePublished":"2025-05-09T08:28:01+00:00","dateModified":"2025-12-09T20:29:08+00:00","description":"Zweiteiliges Outfit von Alberta Ferretti in Schwarz, hergestellt in Italien. Elegant und vielseitig \u2013 kombinieren Sie es mit Accessoires aus Gold, Perlen oder Metallic f\u00fcr einen zeitlos schicken Look.","breadcrumb":{"@id":"https:\/\/vintagellamoda.com\/de\/produkt\/zweiteiler-von-alberta-ferretti-in-schwarz\/#breadcrumb"},"inLanguage":"de","potentialAction":[{"@type":"ReadAction","target":["https:\/\/vintagellamoda.com\/de\/produkt\/zweiteiler-von-alberta-ferretti-in-schwarz\/"]}]},{"@type":"ImageObject","inLanguage":"de","@id":"https:\/\/vintagellamoda.com\/de\/produkt\/zweiteiler-von-alberta-ferretti-in-schwarz\/#primaryimage","url":"https:\/\/vintagellamoda.com\/wp-content\/uploads\/2025\/02\/IMG_0566-scaled.jpg","contentUrl":"https:\/\/vintagellamoda.com\/wp-content\/uploads\/2025\/02\/IMG_0566-scaled.jpg","width":1707,"height":2560},{"@type":"BreadcrumbList","@id":"https:\/\/vintagellamoda.com\/de\/produkt\/zweiteiler-von-alberta-ferretti-in-schwarz\/#breadcrumb","itemListElement":[{"@type":"ListItem","position":1,"name":"Home","item":"https:\/\/vintagellamoda.com\/de\/"},{"@type":"ListItem","position":2,"name":"Shop","item":"https:\/\/vintagellamoda.com\/de\/shop\/"},{"@type":"ListItem","position":3,"name":"Zweiteiler von Alberta Ferretti in Schwarz"}]},{"@type":"WebSite","@id":"https:\/\/vintagellamoda.com\/de\/#website","url":"https:\/\/vintagellamoda.com\/de\/","name":"Vintagella Moda","description":"Italo vintage moda \u2014 Italian vintage fashion","publisher":{"@id":"https:\/\/vintagellamoda.com\/de\/#organization"},"potentialAction":[{"@type":"SearchAction","target":{"@type":"EntryPoint","urlTemplate":"https:\/\/vintagellamoda.com\/de\/?s={search_term_string}"},"query-input":{"@type":"PropertyValueSpecification","valueRequired":true,"valueName":"search_term_string"}}],"inLanguage":"de"},{"@type":"Organization","@id":"https:\/\/vintagellamoda.com\/de\/#organization","name":"Vintagella Moda","url":"https:\/\/vintagellamoda.com\/de\/","logo":{"@type":"ImageObject","inLanguage":"de","@id":"https:\/\/vintagellamoda.com\/de\/#\/schema\/logo\/image\/","url":"https:\/\/vintagellamoda.com\/wp-content\/uploads\/2025\/11\/favicon.png","contentUrl":"https:\/\/vintagellamoda.com\/wp-content\/uploads\/2025\/11\/favicon.png","width":2000,"height":2000,"caption":"Vintagella Moda"},"image":{"@id":"https:\/\/vintagellamoda.com\/de\/#\/schema\/logo\/image\/"},"sameAs":["https:\/\/www.facebook.com\/profile.php?id=61583665421269","https:\/\/www.instagram.com\/vintagellamoda\/","https:\/\/de.pinterest.com\/vintagellamoda"]}]}},"_links":{"self":[{"href":"https:\/\/vintagellamoda.com\/de\/wp-json\/wp\/v2\/product\/5193","targetHints":{"allow":["GET"]}}],"collection":[{"href":"https:\/\/vintagellamoda.com\/de\/wp-json\/wp\/v2\/product"}],"about":[{"href":"https:\/\/vintagellamoda.com\/de\/wp-json\/wp\/v2\/types\/product"}],"replies":[{"embeddable":true,"href":"https:\/\/vintagellamoda.com\/de\/wp-json\/wp\/v2\/comments?post=5193"}],"wp:featuredmedia":[{"embeddable":true,"href":"https:\/\/vintagellamoda.com\/de\/wp-json\/wp\/v2\/media\/5194"}],"wp:attachment":[{"href":"https:\/\/vintagellamoda.com\/de\/wp-json\/wp\/v2\/media?parent=5193"}],"wp:term":[{"taxonomy":"product_brand","embeddable":true,"href":"https:\/\/vintagellamoda.com\/de\/wp-json\/wp\/v2\/product_brand?post=5193"},{"taxonomy":"product_cat","embeddable":true,"href":"https:\/\/vintagellamoda.com\/de\/wp-json\/wp\/v2\/product_cat?post=5193"},{"taxonomy":"product_tag","embeddable":true,"href":"https:\/\/vintagellamoda.com\/de\/wp-json\/wp\/v2\/product_tag?post=5193"}],"curies":[{"name":"wp","href":"https:\/\/api.w.org\/{rel}","templated":true}]}}