{"id":5179,"date":"2025-06-09T07:30:55","date_gmt":"2025-06-09T07:30:55","guid":{"rendered":"https:\/\/vintagellamoda.com\/product\/langes-gebluemtes-kleid-mit-innenfutter\/"},"modified":"2025-12-09T20:38:00","modified_gmt":"2025-12-09T20:38:00","slug":"langes-gebluemtes-kleid-mit-innenfutter","status":"publish","type":"product","link":"https:\/\/vintagellamoda.com\/de\/produkt\/langes-gebluemtes-kleid-mit-innenfutter\/","title":{"rendered":"Langes gebl\u00fcmtes Kleid mit Innenfutter"},"content":{"rendered":"<p>Dieses lange, gebl\u00fcmte Kleid der amerikanischen Marke City Triangles passt perfekt zum Boho-Chic. Mit Haarschmuck l\u00e4sst es sich romantisch kombinieren. Das Kleid ist gef\u00fcttert und schmeichelt einer geraden Figur. Es harmoniert sowohl mit eleganten High Heels und Sandalen als auch mit spitzen Schuhen. Handw\u00e4sche oder chemische Reinigung empfohlen. Es sind keine M\u00e4ngel sichtbar.     <\/p>\n","protected":false},"excerpt":{"rendered":"<p>Country of origin: Made in U.S.A.<br \/>\nBrand: American Brand City Triangles<br \/>\nSize: US XS<br \/>\nWidth: 34 cm<br \/>\nLenght: 104 cm<br \/>\nMaterial: not given<br \/>\nCare instructions: dry cleaning, handwash<br \/>\nState of condition: good\/very good, no spots, no splits<br \/>\nArticle number: Art-47<\/p>\n","protected":false},"featured_media":5180,"comment_status":"open","ping_status":"closed","template":"","meta":[],"product_brand":[457],"product_cat":[503],"product_tag":[],"class_list":{"0":"post-5179","1":"product","2":"type-product","3":"status-publish","4":"has-post-thumbnail","6":"product_brand-american-brand-city-triangles","7":"product_cat-nicht-kategorisiert","9":"first","10":"instock","11":"sold-individually","12":"shipping-taxable","13":"purchasable","14":"product-type-simple"},"yoast_head":"<!-- This site is optimized with the Yoast SEO plugin v27.3 - https:\/\/yoast.com\/product\/yoast-seo-wordpress\/ -->\n<title>Langes, gebl\u00fcmtes Sommerkleid mit Innenfutter | City Triangles<\/title>\n<meta name=\"description\" content=\"Langes, gebl\u00fcmtes Sommerkleid mit Innenfutter von City Triangles. Perfekter Boho-Chic-Stil, kombinierbar mit Sandalen, High Heels oder romantischen Accessoires.\" \/>\n<meta name=\"robots\" content=\"index, follow, max-snippet:-1, max-image-preview:large, max-video-preview:-1\" \/>\n<link rel=\"canonical\" href=\"https:\/\/vintagellamoda.com\/de\/produkt\/langes-gebluemtes-kleid-mit-innenfutter\/\" \/>\n<meta property=\"og:locale\" content=\"de_DE\" \/>\n<meta property=\"og:type\" content=\"article\" \/>\n<meta property=\"og:title\" content=\"Langes, gebl\u00fcmtes Sommerkleid mit Innenfutter | City Triangles\" \/>\n<meta property=\"og:description\" content=\"Langes, gebl\u00fcmtes Sommerkleid mit Innenfutter von City Triangles. Perfekter Boho-Chic-Stil, kombinierbar mit Sandalen, High Heels oder romantischen Accessoires.\" \/>\n<meta property=\"og:url\" content=\"https:\/\/vintagellamoda.com\/de\/produkt\/langes-gebluemtes-kleid-mit-innenfutter\/\" \/>\n<meta property=\"og:site_name\" content=\"Vintagella Moda\" \/>\n<meta property=\"article:publisher\" content=\"https:\/\/www.facebook.com\/profile.php?id=61583665421269\" \/>\n<meta property=\"article:modified_time\" content=\"2025-12-09T20:38:00+00:00\" \/>\n<meta property=\"og:image\" content=\"https:\/\/vintagellamoda.com\/wp-content\/uploads\/2025\/02\/IMG_0623-scaled.jpg\" \/>\n\t<meta property=\"og:image:width\" content=\"1707\" \/>\n\t<meta property=\"og:image:height\" content=\"2560\" \/>\n\t<meta property=\"og:image:type\" content=\"image\/jpeg\" \/>\n<meta name=\"twitter:card\" content=\"summary_large_image\" \/>\n<script type=\"application\/ld+json\" class=\"yoast-schema-graph\">{\"@context\":\"https:\\\/\\\/schema.org\",\"@graph\":[{\"@type\":\"WebPage\",\"@id\":\"https:\\\/\\\/vintagellamoda.com\\\/de\\\/produkt\\\/langes-gebluemtes-kleid-mit-innenfutter\\\/\",\"url\":\"https:\\\/\\\/vintagellamoda.com\\\/de\\\/produkt\\\/langes-gebluemtes-kleid-mit-innenfutter\\\/\",\"name\":\"Langes, gebl\u00fcmtes Sommerkleid mit Innenfutter | City Triangles\",\"isPartOf\":{\"@id\":\"https:\\\/\\\/vintagellamoda.com\\\/de\\\/#website\"},\"primaryImageOfPage\":{\"@id\":\"https:\\\/\\\/vintagellamoda.com\\\/de\\\/produkt\\\/langes-gebluemtes-kleid-mit-innenfutter\\\/#primaryimage\"},\"image\":{\"@id\":\"https:\\\/\\\/vintagellamoda.com\\\/de\\\/produkt\\\/langes-gebluemtes-kleid-mit-innenfutter\\\/#primaryimage\"},\"thumbnailUrl\":\"https:\\\/\\\/vintagellamoda.com\\\/wp-content\\\/uploads\\\/2025\\\/02\\\/IMG_0623-scaled.jpg\",\"datePublished\":\"2025-06-09T07:30:55+00:00\",\"dateModified\":\"2025-12-09T20:38:00+00:00\",\"description\":\"Langes, gebl\u00fcmtes Sommerkleid mit Innenfutter von City Triangles. Perfekter Boho-Chic-Stil, kombinierbar mit Sandalen, High Heels oder romantischen Accessoires.\",\"breadcrumb\":{\"@id\":\"https:\\\/\\\/vintagellamoda.com\\\/de\\\/produkt\\\/langes-gebluemtes-kleid-mit-innenfutter\\\/#breadcrumb\"},\"inLanguage\":\"de\",\"potentialAction\":[{\"@type\":\"ReadAction\",\"target\":[\"https:\\\/\\\/vintagellamoda.com\\\/de\\\/produkt\\\/langes-gebluemtes-kleid-mit-innenfutter\\\/\"]}]},{\"@type\":\"ImageObject\",\"inLanguage\":\"de\",\"@id\":\"https:\\\/\\\/vintagellamoda.com\\\/de\\\/produkt\\\/langes-gebluemtes-kleid-mit-innenfutter\\\/#primaryimage\",\"url\":\"https:\\\/\\\/vintagellamoda.com\\\/wp-content\\\/uploads\\\/2025\\\/02\\\/IMG_0623-scaled.jpg\",\"contentUrl\":\"https:\\\/\\\/vintagellamoda.com\\\/wp-content\\\/uploads\\\/2025\\\/02\\\/IMG_0623-scaled.jpg\",\"width\":1707,\"height\":2560},{\"@type\":\"BreadcrumbList\",\"@id\":\"https:\\\/\\\/vintagellamoda.com\\\/de\\\/produkt\\\/langes-gebluemtes-kleid-mit-innenfutter\\\/#breadcrumb\",\"itemListElement\":[{\"@type\":\"ListItem\",\"position\":1,\"name\":\"Home\",\"item\":\"https:\\\/\\\/vintagellamoda.com\\\/de\\\/\"},{\"@type\":\"ListItem\",\"position\":2,\"name\":\"Shop\",\"item\":\"https:\\\/\\\/vintagellamoda.com\\\/de\\\/shop\\\/\"},{\"@type\":\"ListItem\",\"position\":3,\"name\":\"Langes gebl\u00fcmtes Kleid mit Innenfutter\"}]},{\"@type\":\"WebSite\",\"@id\":\"https:\\\/\\\/vintagellamoda.com\\\/de\\\/#website\",\"url\":\"https:\\\/\\\/vintagellamoda.com\\\/de\\\/\",\"name\":\"Vintagella Moda\",\"description\":\"Italo vintage moda \u2014 Italian vintage fashion\",\"publisher\":{\"@id\":\"https:\\\/\\\/vintagellamoda.com\\\/de\\\/#organization\"},\"potentialAction\":[{\"@type\":\"SearchAction\",\"target\":{\"@type\":\"EntryPoint\",\"urlTemplate\":\"https:\\\/\\\/vintagellamoda.com\\\/de\\\/?s={search_term_string}\"},\"query-input\":{\"@type\":\"PropertyValueSpecification\",\"valueRequired\":true,\"valueName\":\"search_term_string\"}}],\"inLanguage\":\"de\"},{\"@type\":\"Organization\",\"@id\":\"https:\\\/\\\/vintagellamoda.com\\\/de\\\/#organization\",\"name\":\"Vintagella Moda\",\"url\":\"https:\\\/\\\/vintagellamoda.com\\\/de\\\/\",\"logo\":{\"@type\":\"ImageObject\",\"inLanguage\":\"de\",\"@id\":\"https:\\\/\\\/vintagellamoda.com\\\/de\\\/#\\\/schema\\\/logo\\\/image\\\/\",\"url\":\"https:\\\/\\\/vintagellamoda.com\\\/wp-content\\\/uploads\\\/2025\\\/11\\\/favicon.png\",\"contentUrl\":\"https:\\\/\\\/vintagellamoda.com\\\/wp-content\\\/uploads\\\/2025\\\/11\\\/favicon.png\",\"width\":2000,\"height\":2000,\"caption\":\"Vintagella Moda\"},\"image\":{\"@id\":\"https:\\\/\\\/vintagellamoda.com\\\/de\\\/#\\\/schema\\\/logo\\\/image\\\/\"},\"sameAs\":[\"https:\\\/\\\/www.facebook.com\\\/profile.php?id=61583665421269\",\"https:\\\/\\\/www.instagram.com\\\/vintagellamoda\\\/\",\"https:\\\/\\\/de.pinterest.com\\\/vintagellamoda\"]}]}<\/script>\n<!-- \/ Yoast SEO plugin. -->","yoast_head_json":{"title":"Langes, gebl\u00fcmtes Sommerkleid mit Innenfutter | City Triangles","description":"Langes, gebl\u00fcmtes Sommerkleid mit Innenfutter von City Triangles. Perfekter Boho-Chic-Stil, kombinierbar mit Sandalen, High Heels oder romantischen Accessoires.","robots":{"index":"index","follow":"follow","max-snippet":"max-snippet:-1","max-image-preview":"max-image-preview:large","max-video-preview":"max-video-preview:-1"},"canonical":"https:\/\/vintagellamoda.com\/de\/produkt\/langes-gebluemtes-kleid-mit-innenfutter\/","og_locale":"de_DE","og_type":"article","og_title":"Langes, gebl\u00fcmtes Sommerkleid mit Innenfutter | City Triangles","og_description":"Langes, gebl\u00fcmtes Sommerkleid mit Innenfutter von City Triangles. Perfekter Boho-Chic-Stil, kombinierbar mit Sandalen, High Heels oder romantischen Accessoires.","og_url":"https:\/\/vintagellamoda.com\/de\/produkt\/langes-gebluemtes-kleid-mit-innenfutter\/","og_site_name":"Vintagella Moda","article_publisher":"https:\/\/www.facebook.com\/profile.php?id=61583665421269","article_modified_time":"2025-12-09T20:38:00+00:00","og_image":[{"width":1707,"height":2560,"url":"https:\/\/vintagellamoda.com\/wp-content\/uploads\/2025\/02\/IMG_0623-scaled.jpg","type":"image\/jpeg"}],"twitter_card":"summary_large_image","schema":{"@context":"https:\/\/schema.org","@graph":[{"@type":"WebPage","@id":"https:\/\/vintagellamoda.com\/de\/produkt\/langes-gebluemtes-kleid-mit-innenfutter\/","url":"https:\/\/vintagellamoda.com\/de\/produkt\/langes-gebluemtes-kleid-mit-innenfutter\/","name":"Langes, gebl\u00fcmtes Sommerkleid mit Innenfutter | City Triangles","isPartOf":{"@id":"https:\/\/vintagellamoda.com\/de\/#website"},"primaryImageOfPage":{"@id":"https:\/\/vintagellamoda.com\/de\/produkt\/langes-gebluemtes-kleid-mit-innenfutter\/#primaryimage"},"image":{"@id":"https:\/\/vintagellamoda.com\/de\/produkt\/langes-gebluemtes-kleid-mit-innenfutter\/#primaryimage"},"thumbnailUrl":"https:\/\/vintagellamoda.com\/wp-content\/uploads\/2025\/02\/IMG_0623-scaled.jpg","datePublished":"2025-06-09T07:30:55+00:00","dateModified":"2025-12-09T20:38:00+00:00","description":"Langes, gebl\u00fcmtes Sommerkleid mit Innenfutter von City Triangles. Perfekter Boho-Chic-Stil, kombinierbar mit Sandalen, High Heels oder romantischen Accessoires.","breadcrumb":{"@id":"https:\/\/vintagellamoda.com\/de\/produkt\/langes-gebluemtes-kleid-mit-innenfutter\/#breadcrumb"},"inLanguage":"de","potentialAction":[{"@type":"ReadAction","target":["https:\/\/vintagellamoda.com\/de\/produkt\/langes-gebluemtes-kleid-mit-innenfutter\/"]}]},{"@type":"ImageObject","inLanguage":"de","@id":"https:\/\/vintagellamoda.com\/de\/produkt\/langes-gebluemtes-kleid-mit-innenfutter\/#primaryimage","url":"https:\/\/vintagellamoda.com\/wp-content\/uploads\/2025\/02\/IMG_0623-scaled.jpg","contentUrl":"https:\/\/vintagellamoda.com\/wp-content\/uploads\/2025\/02\/IMG_0623-scaled.jpg","width":1707,"height":2560},{"@type":"BreadcrumbList","@id":"https:\/\/vintagellamoda.com\/de\/produkt\/langes-gebluemtes-kleid-mit-innenfutter\/#breadcrumb","itemListElement":[{"@type":"ListItem","position":1,"name":"Home","item":"https:\/\/vintagellamoda.com\/de\/"},{"@type":"ListItem","position":2,"name":"Shop","item":"https:\/\/vintagellamoda.com\/de\/shop\/"},{"@type":"ListItem","position":3,"name":"Langes gebl\u00fcmtes Kleid mit Innenfutter"}]},{"@type":"WebSite","@id":"https:\/\/vintagellamoda.com\/de\/#website","url":"https:\/\/vintagellamoda.com\/de\/","name":"Vintagella Moda","description":"Italo vintage moda \u2014 Italian vintage fashion","publisher":{"@id":"https:\/\/vintagellamoda.com\/de\/#organization"},"potentialAction":[{"@type":"SearchAction","target":{"@type":"EntryPoint","urlTemplate":"https:\/\/vintagellamoda.com\/de\/?s={search_term_string}"},"query-input":{"@type":"PropertyValueSpecification","valueRequired":true,"valueName":"search_term_string"}}],"inLanguage":"de"},{"@type":"Organization","@id":"https:\/\/vintagellamoda.com\/de\/#organization","name":"Vintagella Moda","url":"https:\/\/vintagellamoda.com\/de\/","logo":{"@type":"ImageObject","inLanguage":"de","@id":"https:\/\/vintagellamoda.com\/de\/#\/schema\/logo\/image\/","url":"https:\/\/vintagellamoda.com\/wp-content\/uploads\/2025\/11\/favicon.png","contentUrl":"https:\/\/vintagellamoda.com\/wp-content\/uploads\/2025\/11\/favicon.png","width":2000,"height":2000,"caption":"Vintagella Moda"},"image":{"@id":"https:\/\/vintagellamoda.com\/de\/#\/schema\/logo\/image\/"},"sameAs":["https:\/\/www.facebook.com\/profile.php?id=61583665421269","https:\/\/www.instagram.com\/vintagellamoda\/","https:\/\/de.pinterest.com\/vintagellamoda"]}]}},"_links":{"self":[{"href":"https:\/\/vintagellamoda.com\/de\/wp-json\/wp\/v2\/product\/5179","targetHints":{"allow":["GET"]}}],"collection":[{"href":"https:\/\/vintagellamoda.com\/de\/wp-json\/wp\/v2\/product"}],"about":[{"href":"https:\/\/vintagellamoda.com\/de\/wp-json\/wp\/v2\/types\/product"}],"replies":[{"embeddable":true,"href":"https:\/\/vintagellamoda.com\/de\/wp-json\/wp\/v2\/comments?post=5179"}],"wp:featuredmedia":[{"embeddable":true,"href":"https:\/\/vintagellamoda.com\/de\/wp-json\/wp\/v2\/media\/5180"}],"wp:attachment":[{"href":"https:\/\/vintagellamoda.com\/de\/wp-json\/wp\/v2\/media?parent=5179"}],"wp:term":[{"taxonomy":"product_brand","embeddable":true,"href":"https:\/\/vintagellamoda.com\/de\/wp-json\/wp\/v2\/product_brand?post=5179"},{"taxonomy":"product_cat","embeddable":true,"href":"https:\/\/vintagellamoda.com\/de\/wp-json\/wp\/v2\/product_cat?post=5179"},{"taxonomy":"product_tag","embeddable":true,"href":"https:\/\/vintagellamoda.com\/de\/wp-json\/wp\/v2\/product_tag?post=5179"}],"curies":[{"name":"wp","href":"https:\/\/api.w.org\/{rel}","templated":true}]}}