{"id":5172,"date":"2025-06-09T07:38:04","date_gmt":"2025-06-09T07:38:04","guid":{"rendered":"https:\/\/vintagellamoda.com\/product\/donna-enrica-dekorative-zweiteilige\/"},"modified":"2025-12-09T20:37:59","modified_gmt":"2025-12-09T20:37:59","slug":"donna-enrica-dekorative-zweiteilige","status":"publish","type":"product","link":"https:\/\/vintagellamoda.com\/de\/produkt\/donna-enrica-dekorative-zweiteilige\/","title":{"rendered":"Donna Enrica dekorative zweiteilige"},"content":{"rendered":"<p>Dieser elegante V-Ausschnitt-Sportblazer mit silbernen Verzierungen vorne wird mit einem geschlitzten Rockteil mit Rei\u00dfverschluss hinten geliefert. Das zweiteilige Outfit eignet sich hervorragend f\u00fcr viele Anl\u00e4sse und wird schnell zu Ihrem Lieblingsoutfit. Kombinieren Sie es mit silbernen Accessoires sowie einer dunkelblauen oder schwarzen Strumpfhose. Es sind keine M\u00e4ngel sichtbar.   <\/p>\n","protected":false},"excerpt":{"rendered":"<p>Herkunftsland: Hergestellt in Italien<br \/>\nMarke: Italienische Marke Donna Enrica<br \/>\nFarbe: Dunkelblau<br \/>\nGr\u00f6\u00dfe: Nicht angegeben<br \/>\nBreite: 48 cm<br \/>\n\u00c4rmell\u00e4nge: 53 cm<br \/>\nGesamtl\u00e4nge: 55 cm<br \/>\nMaterial: 100 % Seide<br \/>\nPflegehinweise: Chemische Reinigung\/Handw\u00e4sche<br \/>\nZustand: Gut\/Sehr gut<br \/>\nArtikelnummer: Art-37<\/p>\n","protected":false},"featured_media":5173,"comment_status":"open","ping_status":"closed","template":"","meta":[],"product_brand":[459],"product_cat":[503],"product_tag":[],"class_list":{"0":"post-5172","1":"product","2":"type-product","3":"status-publish","4":"has-post-thumbnail","6":"product_brand-italian-brand-donna-enrica","7":"product_cat-nicht-kategorisiert","9":"first","10":"instock","11":"sold-individually","12":"shipping-taxable","13":"purchasable","14":"product-type-simple"},"yoast_head":"<!-- This site is optimized with the Yoast SEO plugin v27.3 - https:\/\/yoast.com\/product\/yoast-seo-wordpress\/ -->\n<title>Zweiteiliges Outfit von Donna Enrica | Dekoratives Set, hergestellt in Italien<\/title>\n<meta name=\"description\" content=\"Zweiteiliges Outfit von Donna Enrica, hergestellt in Italien. Eleganter Mantel mit V-Ausschnitt, silbernen Details und passendem Rock \u2013 perfekt f\u00fcr stilvolle Anl\u00e4sse.\" \/>\n<meta name=\"robots\" content=\"index, follow, max-snippet:-1, max-image-preview:large, max-video-preview:-1\" \/>\n<link rel=\"canonical\" href=\"https:\/\/vintagellamoda.com\/de\/produkt\/donna-enrica-dekorative-zweiteilige\/\" \/>\n<meta property=\"og:locale\" content=\"de_DE\" \/>\n<meta property=\"og:type\" content=\"article\" \/>\n<meta property=\"og:title\" content=\"Zweiteiliges Outfit von Donna Enrica | Dekoratives Set, hergestellt in Italien\" \/>\n<meta property=\"og:description\" content=\"Zweiteiliges Outfit von Donna Enrica, hergestellt in Italien. Eleganter Mantel mit V-Ausschnitt, silbernen Details und passendem Rock \u2013 perfekt f\u00fcr stilvolle Anl\u00e4sse.\" \/>\n<meta property=\"og:url\" content=\"https:\/\/vintagellamoda.com\/de\/produkt\/donna-enrica-dekorative-zweiteilige\/\" \/>\n<meta property=\"og:site_name\" content=\"Vintagella Moda\" \/>\n<meta property=\"article:publisher\" content=\"https:\/\/www.facebook.com\/profile.php?id=61583665421269\" \/>\n<meta property=\"article:modified_time\" content=\"2025-12-09T20:37:59+00:00\" \/>\n<meta property=\"og:image\" content=\"https:\/\/vintagellamoda.com\/wp-content\/uploads\/2025\/02\/IMG_0593-scaled.jpg\" \/>\n\t<meta property=\"og:image:width\" content=\"1707\" \/>\n\t<meta property=\"og:image:height\" content=\"2560\" \/>\n\t<meta property=\"og:image:type\" content=\"image\/jpeg\" \/>\n<meta name=\"twitter:card\" content=\"summary_large_image\" \/>\n<script type=\"application\/ld+json\" class=\"yoast-schema-graph\">{\"@context\":\"https:\\\/\\\/schema.org\",\"@graph\":[{\"@type\":\"WebPage\",\"@id\":\"https:\\\/\\\/vintagellamoda.com\\\/de\\\/produkt\\\/donna-enrica-dekorative-zweiteilige\\\/\",\"url\":\"https:\\\/\\\/vintagellamoda.com\\\/de\\\/produkt\\\/donna-enrica-dekorative-zweiteilige\\\/\",\"name\":\"Zweiteiliges Outfit von Donna Enrica | Dekoratives Set, hergestellt in Italien\",\"isPartOf\":{\"@id\":\"https:\\\/\\\/vintagellamoda.com\\\/de\\\/#website\"},\"primaryImageOfPage\":{\"@id\":\"https:\\\/\\\/vintagellamoda.com\\\/de\\\/produkt\\\/donna-enrica-dekorative-zweiteilige\\\/#primaryimage\"},\"image\":{\"@id\":\"https:\\\/\\\/vintagellamoda.com\\\/de\\\/produkt\\\/donna-enrica-dekorative-zweiteilige\\\/#primaryimage\"},\"thumbnailUrl\":\"https:\\\/\\\/vintagellamoda.com\\\/wp-content\\\/uploads\\\/2025\\\/02\\\/IMG_0593-scaled.jpg\",\"datePublished\":\"2025-06-09T07:38:04+00:00\",\"dateModified\":\"2025-12-09T20:37:59+00:00\",\"description\":\"Zweiteiliges Outfit von Donna Enrica, hergestellt in Italien. Eleganter Mantel mit V-Ausschnitt, silbernen Details und passendem Rock \u2013 perfekt f\u00fcr stilvolle Anl\u00e4sse.\",\"breadcrumb\":{\"@id\":\"https:\\\/\\\/vintagellamoda.com\\\/de\\\/produkt\\\/donna-enrica-dekorative-zweiteilige\\\/#breadcrumb\"},\"inLanguage\":\"de\",\"potentialAction\":[{\"@type\":\"ReadAction\",\"target\":[\"https:\\\/\\\/vintagellamoda.com\\\/de\\\/produkt\\\/donna-enrica-dekorative-zweiteilige\\\/\"]}]},{\"@type\":\"ImageObject\",\"inLanguage\":\"de\",\"@id\":\"https:\\\/\\\/vintagellamoda.com\\\/de\\\/produkt\\\/donna-enrica-dekorative-zweiteilige\\\/#primaryimage\",\"url\":\"https:\\\/\\\/vintagellamoda.com\\\/wp-content\\\/uploads\\\/2025\\\/02\\\/IMG_0593-scaled.jpg\",\"contentUrl\":\"https:\\\/\\\/vintagellamoda.com\\\/wp-content\\\/uploads\\\/2025\\\/02\\\/IMG_0593-scaled.jpg\",\"width\":1707,\"height\":2560},{\"@type\":\"BreadcrumbList\",\"@id\":\"https:\\\/\\\/vintagellamoda.com\\\/de\\\/produkt\\\/donna-enrica-dekorative-zweiteilige\\\/#breadcrumb\",\"itemListElement\":[{\"@type\":\"ListItem\",\"position\":1,\"name\":\"Home\",\"item\":\"https:\\\/\\\/vintagellamoda.com\\\/de\\\/\"},{\"@type\":\"ListItem\",\"position\":2,\"name\":\"Shop\",\"item\":\"https:\\\/\\\/vintagellamoda.com\\\/de\\\/shop\\\/\"},{\"@type\":\"ListItem\",\"position\":3,\"name\":\"Donna Enrica dekorative zweiteilige\"}]},{\"@type\":\"WebSite\",\"@id\":\"https:\\\/\\\/vintagellamoda.com\\\/de\\\/#website\",\"url\":\"https:\\\/\\\/vintagellamoda.com\\\/de\\\/\",\"name\":\"Vintagella Moda\",\"description\":\"Italo vintage moda \u2014 Italian vintage fashion\",\"publisher\":{\"@id\":\"https:\\\/\\\/vintagellamoda.com\\\/de\\\/#organization\"},\"potentialAction\":[{\"@type\":\"SearchAction\",\"target\":{\"@type\":\"EntryPoint\",\"urlTemplate\":\"https:\\\/\\\/vintagellamoda.com\\\/de\\\/?s={search_term_string}\"},\"query-input\":{\"@type\":\"PropertyValueSpecification\",\"valueRequired\":true,\"valueName\":\"search_term_string\"}}],\"inLanguage\":\"de\"},{\"@type\":\"Organization\",\"@id\":\"https:\\\/\\\/vintagellamoda.com\\\/de\\\/#organization\",\"name\":\"Vintagella Moda\",\"url\":\"https:\\\/\\\/vintagellamoda.com\\\/de\\\/\",\"logo\":{\"@type\":\"ImageObject\",\"inLanguage\":\"de\",\"@id\":\"https:\\\/\\\/vintagellamoda.com\\\/de\\\/#\\\/schema\\\/logo\\\/image\\\/\",\"url\":\"https:\\\/\\\/vintagellamoda.com\\\/wp-content\\\/uploads\\\/2025\\\/11\\\/favicon.png\",\"contentUrl\":\"https:\\\/\\\/vintagellamoda.com\\\/wp-content\\\/uploads\\\/2025\\\/11\\\/favicon.png\",\"width\":2000,\"height\":2000,\"caption\":\"Vintagella Moda\"},\"image\":{\"@id\":\"https:\\\/\\\/vintagellamoda.com\\\/de\\\/#\\\/schema\\\/logo\\\/image\\\/\"},\"sameAs\":[\"https:\\\/\\\/www.facebook.com\\\/profile.php?id=61583665421269\",\"https:\\\/\\\/www.instagram.com\\\/vintagellamoda\\\/\",\"https:\\\/\\\/de.pinterest.com\\\/vintagellamoda\"]}]}<\/script>\n<!-- \/ Yoast SEO plugin. -->","yoast_head_json":{"title":"Zweiteiliges Outfit von Donna Enrica | Dekoratives Set, hergestellt in Italien","description":"Zweiteiliges Outfit von Donna Enrica, hergestellt in Italien. Eleganter Mantel mit V-Ausschnitt, silbernen Details und passendem Rock \u2013 perfekt f\u00fcr stilvolle Anl\u00e4sse.","robots":{"index":"index","follow":"follow","max-snippet":"max-snippet:-1","max-image-preview":"max-image-preview:large","max-video-preview":"max-video-preview:-1"},"canonical":"https:\/\/vintagellamoda.com\/de\/produkt\/donna-enrica-dekorative-zweiteilige\/","og_locale":"de_DE","og_type":"article","og_title":"Zweiteiliges Outfit von Donna Enrica | Dekoratives Set, hergestellt in Italien","og_description":"Zweiteiliges Outfit von Donna Enrica, hergestellt in Italien. Eleganter Mantel mit V-Ausschnitt, silbernen Details und passendem Rock \u2013 perfekt f\u00fcr stilvolle Anl\u00e4sse.","og_url":"https:\/\/vintagellamoda.com\/de\/produkt\/donna-enrica-dekorative-zweiteilige\/","og_site_name":"Vintagella Moda","article_publisher":"https:\/\/www.facebook.com\/profile.php?id=61583665421269","article_modified_time":"2025-12-09T20:37:59+00:00","og_image":[{"width":1707,"height":2560,"url":"https:\/\/vintagellamoda.com\/wp-content\/uploads\/2025\/02\/IMG_0593-scaled.jpg","type":"image\/jpeg"}],"twitter_card":"summary_large_image","schema":{"@context":"https:\/\/schema.org","@graph":[{"@type":"WebPage","@id":"https:\/\/vintagellamoda.com\/de\/produkt\/donna-enrica-dekorative-zweiteilige\/","url":"https:\/\/vintagellamoda.com\/de\/produkt\/donna-enrica-dekorative-zweiteilige\/","name":"Zweiteiliges Outfit von Donna Enrica | Dekoratives Set, hergestellt in Italien","isPartOf":{"@id":"https:\/\/vintagellamoda.com\/de\/#website"},"primaryImageOfPage":{"@id":"https:\/\/vintagellamoda.com\/de\/produkt\/donna-enrica-dekorative-zweiteilige\/#primaryimage"},"image":{"@id":"https:\/\/vintagellamoda.com\/de\/produkt\/donna-enrica-dekorative-zweiteilige\/#primaryimage"},"thumbnailUrl":"https:\/\/vintagellamoda.com\/wp-content\/uploads\/2025\/02\/IMG_0593-scaled.jpg","datePublished":"2025-06-09T07:38:04+00:00","dateModified":"2025-12-09T20:37:59+00:00","description":"Zweiteiliges Outfit von Donna Enrica, hergestellt in Italien. Eleganter Mantel mit V-Ausschnitt, silbernen Details und passendem Rock \u2013 perfekt f\u00fcr stilvolle Anl\u00e4sse.","breadcrumb":{"@id":"https:\/\/vintagellamoda.com\/de\/produkt\/donna-enrica-dekorative-zweiteilige\/#breadcrumb"},"inLanguage":"de","potentialAction":[{"@type":"ReadAction","target":["https:\/\/vintagellamoda.com\/de\/produkt\/donna-enrica-dekorative-zweiteilige\/"]}]},{"@type":"ImageObject","inLanguage":"de","@id":"https:\/\/vintagellamoda.com\/de\/produkt\/donna-enrica-dekorative-zweiteilige\/#primaryimage","url":"https:\/\/vintagellamoda.com\/wp-content\/uploads\/2025\/02\/IMG_0593-scaled.jpg","contentUrl":"https:\/\/vintagellamoda.com\/wp-content\/uploads\/2025\/02\/IMG_0593-scaled.jpg","width":1707,"height":2560},{"@type":"BreadcrumbList","@id":"https:\/\/vintagellamoda.com\/de\/produkt\/donna-enrica-dekorative-zweiteilige\/#breadcrumb","itemListElement":[{"@type":"ListItem","position":1,"name":"Home","item":"https:\/\/vintagellamoda.com\/de\/"},{"@type":"ListItem","position":2,"name":"Shop","item":"https:\/\/vintagellamoda.com\/de\/shop\/"},{"@type":"ListItem","position":3,"name":"Donna Enrica dekorative zweiteilige"}]},{"@type":"WebSite","@id":"https:\/\/vintagellamoda.com\/de\/#website","url":"https:\/\/vintagellamoda.com\/de\/","name":"Vintagella Moda","description":"Italo vintage moda \u2014 Italian vintage fashion","publisher":{"@id":"https:\/\/vintagellamoda.com\/de\/#organization"},"potentialAction":[{"@type":"SearchAction","target":{"@type":"EntryPoint","urlTemplate":"https:\/\/vintagellamoda.com\/de\/?s={search_term_string}"},"query-input":{"@type":"PropertyValueSpecification","valueRequired":true,"valueName":"search_term_string"}}],"inLanguage":"de"},{"@type":"Organization","@id":"https:\/\/vintagellamoda.com\/de\/#organization","name":"Vintagella Moda","url":"https:\/\/vintagellamoda.com\/de\/","logo":{"@type":"ImageObject","inLanguage":"de","@id":"https:\/\/vintagellamoda.com\/de\/#\/schema\/logo\/image\/","url":"https:\/\/vintagellamoda.com\/wp-content\/uploads\/2025\/11\/favicon.png","contentUrl":"https:\/\/vintagellamoda.com\/wp-content\/uploads\/2025\/11\/favicon.png","width":2000,"height":2000,"caption":"Vintagella Moda"},"image":{"@id":"https:\/\/vintagellamoda.com\/de\/#\/schema\/logo\/image\/"},"sameAs":["https:\/\/www.facebook.com\/profile.php?id=61583665421269","https:\/\/www.instagram.com\/vintagellamoda\/","https:\/\/de.pinterest.com\/vintagellamoda"]}]}},"_links":{"self":[{"href":"https:\/\/vintagellamoda.com\/de\/wp-json\/wp\/v2\/product\/5172","targetHints":{"allow":["GET"]}}],"collection":[{"href":"https:\/\/vintagellamoda.com\/de\/wp-json\/wp\/v2\/product"}],"about":[{"href":"https:\/\/vintagellamoda.com\/de\/wp-json\/wp\/v2\/types\/product"}],"replies":[{"embeddable":true,"href":"https:\/\/vintagellamoda.com\/de\/wp-json\/wp\/v2\/comments?post=5172"}],"wp:featuredmedia":[{"embeddable":true,"href":"https:\/\/vintagellamoda.com\/de\/wp-json\/wp\/v2\/media\/5173"}],"wp:attachment":[{"href":"https:\/\/vintagellamoda.com\/de\/wp-json\/wp\/v2\/media?parent=5172"}],"wp:term":[{"taxonomy":"product_brand","embeddable":true,"href":"https:\/\/vintagellamoda.com\/de\/wp-json\/wp\/v2\/product_brand?post=5172"},{"taxonomy":"product_cat","embeddable":true,"href":"https:\/\/vintagellamoda.com\/de\/wp-json\/wp\/v2\/product_cat?post=5172"},{"taxonomy":"product_tag","embeddable":true,"href":"https:\/\/vintagellamoda.com\/de\/wp-json\/wp\/v2\/product_tag?post=5172"}],"curies":[{"name":"wp","href":"https:\/\/api.w.org\/{rel}","templated":true}]}}