{"id":5169,"date":"2025-08-19T08:48:32","date_gmt":"2025-08-19T08:48:32","guid":{"rendered":"https:\/\/vintagellamoda.com\/product\/gruene-tweedjacke-mit-schwarzem-kunstpelz\/"},"modified":"2025-12-09T20:38:58","modified_gmt":"2025-12-09T20:38:58","slug":"gruene-tweedjacke-mit-schwarzem-kunstpelz","status":"publish","type":"product","link":"https:\/\/vintagellamoda.com\/de\/produkt\/gruene-tweedjacke-mit-schwarzem-kunstpelz\/","title":{"rendered":"Gr\u00fcne Tweedjacke mit schwarzem Kunstpelz"},"content":{"rendered":"<p><span style=\"font-weight: 400;\">Diese klassische und elegante gr\u00fcne Jacke l\u00e4sst sich perfekt mit einer schwarzen oder gr\u00fcnen Hose oder einem Rock kombinieren. Alternativ k\u00f6nnen Sie sie auch als komplettes Outfit tragen, ganz nach Ihrem Geschmack. Mit goldenem Schmuck wie Ohrringen oder einer Kette werten Sie Ihren Look auf. Dazu passen schwarze Pumps in Nude oder Goldmetallic. W\u00e4hlen Sie eine schwarze oder gr\u00fcne Handtasche. Die Jacke ist in einem hervorragenden Zustand und weist keinerlei sichtbare M\u00e4ngel auf.     <\/span><\/p>\n","protected":false},"excerpt":{"rendered":"<p>\u00c4rmell\u00e4nge: 53 cm<br \/>\nSchulterbreite: 40 cm<br \/>\nBreite: 49 cm<br \/>\nGesamtl\u00e4nge: 59 cm<br \/>\nPflegehinweis: Chemische Reinigung<br \/>\nArtikelnummer: ART-50<\/p>\n","protected":false},"featured_media":5170,"comment_status":"open","ping_status":"closed","template":"","meta":[],"product_brand":[478],"product_cat":[503],"product_tag":[],"class_list":{"0":"post-5169","1":"product","2":"type-product","3":"status-publish","4":"has-post-thumbnail","6":"product_brand-labelless","7":"product_cat-nicht-kategorisiert","9":"first","10":"instock","11":"sold-individually","12":"shipping-taxable","13":"purchasable","14":"product-type-simple"},"yoast_head":"<!-- This site is optimized with the Yoast SEO plugin v27.3 - https:\/\/yoast.com\/product\/yoast-seo-wordpress\/ -->\n<title>Gr\u00fcne Tweed-Pelzjacke | Hergestellt in Italien von Labelless<\/title>\n<meta name=\"description\" content=\"Gr\u00fcne Tweed-Pelzjacke von Labelless, hergestellt in Italien. Elegantes Design mit schwarzem Kunstpelz, perfekt f\u00fcr schicke Outfits mit R\u00f6cken, Hosen oder goldenen Accessoires.\" \/>\n<meta name=\"robots\" content=\"index, follow, max-snippet:-1, max-image-preview:large, max-video-preview:-1\" \/>\n<link rel=\"canonical\" href=\"https:\/\/vintagellamoda.com\/de\/produkt\/gruene-tweedjacke-mit-schwarzem-kunstpelz\/\" \/>\n<meta property=\"og:locale\" content=\"de_DE\" \/>\n<meta property=\"og:type\" content=\"article\" \/>\n<meta property=\"og:title\" content=\"Gr\u00fcne Tweed-Pelzjacke | Hergestellt in Italien von Labelless\" \/>\n<meta property=\"og:description\" content=\"Gr\u00fcne Tweed-Pelzjacke von Labelless, hergestellt in Italien. Elegantes Design mit schwarzem Kunstpelz, perfekt f\u00fcr schicke Outfits mit R\u00f6cken, Hosen oder goldenen Accessoires.\" \/>\n<meta property=\"og:url\" content=\"https:\/\/vintagellamoda.com\/de\/produkt\/gruene-tweedjacke-mit-schwarzem-kunstpelz\/\" \/>\n<meta property=\"og:site_name\" content=\"Vintagella Moda\" \/>\n<meta property=\"article:publisher\" content=\"https:\/\/www.facebook.com\/profile.php?id=61583665421269\" \/>\n<meta property=\"article:modified_time\" content=\"2025-12-09T20:38:58+00:00\" \/>\n<meta property=\"og:image\" content=\"https:\/\/vintagellamoda.com\/wp-content\/uploads\/2025\/08\/DSC00004-scaled.jpg\" \/>\n\t<meta property=\"og:image:width\" content=\"2560\" \/>\n\t<meta property=\"og:image:height\" content=\"1707\" \/>\n\t<meta property=\"og:image:type\" content=\"image\/jpeg\" \/>\n<meta name=\"twitter:card\" content=\"summary_large_image\" \/>\n<script type=\"application\/ld+json\" class=\"yoast-schema-graph\">{\"@context\":\"https:\\\/\\\/schema.org\",\"@graph\":[{\"@type\":\"WebPage\",\"@id\":\"https:\\\/\\\/vintagellamoda.com\\\/de\\\/produkt\\\/gruene-tweedjacke-mit-schwarzem-kunstpelz\\\/\",\"url\":\"https:\\\/\\\/vintagellamoda.com\\\/de\\\/produkt\\\/gruene-tweedjacke-mit-schwarzem-kunstpelz\\\/\",\"name\":\"Gr\u00fcne Tweed-Pelzjacke | Hergestellt in Italien von Labelless\",\"isPartOf\":{\"@id\":\"https:\\\/\\\/vintagellamoda.com\\\/de\\\/#website\"},\"primaryImageOfPage\":{\"@id\":\"https:\\\/\\\/vintagellamoda.com\\\/de\\\/produkt\\\/gruene-tweedjacke-mit-schwarzem-kunstpelz\\\/#primaryimage\"},\"image\":{\"@id\":\"https:\\\/\\\/vintagellamoda.com\\\/de\\\/produkt\\\/gruene-tweedjacke-mit-schwarzem-kunstpelz\\\/#primaryimage\"},\"thumbnailUrl\":\"https:\\\/\\\/vintagellamoda.com\\\/wp-content\\\/uploads\\\/2025\\\/08\\\/DSC00004-scaled.jpg\",\"datePublished\":\"2025-08-19T08:48:32+00:00\",\"dateModified\":\"2025-12-09T20:38:58+00:00\",\"description\":\"Gr\u00fcne Tweed-Pelzjacke von Labelless, hergestellt in Italien. Elegantes Design mit schwarzem Kunstpelz, perfekt f\u00fcr schicke Outfits mit R\u00f6cken, Hosen oder goldenen Accessoires.\",\"breadcrumb\":{\"@id\":\"https:\\\/\\\/vintagellamoda.com\\\/de\\\/produkt\\\/gruene-tweedjacke-mit-schwarzem-kunstpelz\\\/#breadcrumb\"},\"inLanguage\":\"de\",\"potentialAction\":[{\"@type\":\"ReadAction\",\"target\":[\"https:\\\/\\\/vintagellamoda.com\\\/de\\\/produkt\\\/gruene-tweedjacke-mit-schwarzem-kunstpelz\\\/\"]}]},{\"@type\":\"ImageObject\",\"inLanguage\":\"de\",\"@id\":\"https:\\\/\\\/vintagellamoda.com\\\/de\\\/produkt\\\/gruene-tweedjacke-mit-schwarzem-kunstpelz\\\/#primaryimage\",\"url\":\"https:\\\/\\\/vintagellamoda.com\\\/wp-content\\\/uploads\\\/2025\\\/08\\\/DSC00004-scaled.jpg\",\"contentUrl\":\"https:\\\/\\\/vintagellamoda.com\\\/wp-content\\\/uploads\\\/2025\\\/08\\\/DSC00004-scaled.jpg\",\"width\":2560,\"height\":1707},{\"@type\":\"BreadcrumbList\",\"@id\":\"https:\\\/\\\/vintagellamoda.com\\\/de\\\/produkt\\\/gruene-tweedjacke-mit-schwarzem-kunstpelz\\\/#breadcrumb\",\"itemListElement\":[{\"@type\":\"ListItem\",\"position\":1,\"name\":\"Home\",\"item\":\"https:\\\/\\\/vintagellamoda.com\\\/de\\\/\"},{\"@type\":\"ListItem\",\"position\":2,\"name\":\"Shop\",\"item\":\"https:\\\/\\\/vintagellamoda.com\\\/de\\\/shop\\\/\"},{\"@type\":\"ListItem\",\"position\":3,\"name\":\"Gr\u00fcne Tweedjacke mit schwarzem Kunstpelz\"}]},{\"@type\":\"WebSite\",\"@id\":\"https:\\\/\\\/vintagellamoda.com\\\/de\\\/#website\",\"url\":\"https:\\\/\\\/vintagellamoda.com\\\/de\\\/\",\"name\":\"Vintagella Moda\",\"description\":\"Italo vintage moda \u2014 Italian vintage fashion\",\"publisher\":{\"@id\":\"https:\\\/\\\/vintagellamoda.com\\\/de\\\/#organization\"},\"potentialAction\":[{\"@type\":\"SearchAction\",\"target\":{\"@type\":\"EntryPoint\",\"urlTemplate\":\"https:\\\/\\\/vintagellamoda.com\\\/de\\\/?s={search_term_string}\"},\"query-input\":{\"@type\":\"PropertyValueSpecification\",\"valueRequired\":true,\"valueName\":\"search_term_string\"}}],\"inLanguage\":\"de\"},{\"@type\":\"Organization\",\"@id\":\"https:\\\/\\\/vintagellamoda.com\\\/de\\\/#organization\",\"name\":\"Vintagella Moda\",\"url\":\"https:\\\/\\\/vintagellamoda.com\\\/de\\\/\",\"logo\":{\"@type\":\"ImageObject\",\"inLanguage\":\"de\",\"@id\":\"https:\\\/\\\/vintagellamoda.com\\\/de\\\/#\\\/schema\\\/logo\\\/image\\\/\",\"url\":\"https:\\\/\\\/vintagellamoda.com\\\/wp-content\\\/uploads\\\/2025\\\/11\\\/favicon.png\",\"contentUrl\":\"https:\\\/\\\/vintagellamoda.com\\\/wp-content\\\/uploads\\\/2025\\\/11\\\/favicon.png\",\"width\":2000,\"height\":2000,\"caption\":\"Vintagella Moda\"},\"image\":{\"@id\":\"https:\\\/\\\/vintagellamoda.com\\\/de\\\/#\\\/schema\\\/logo\\\/image\\\/\"},\"sameAs\":[\"https:\\\/\\\/www.facebook.com\\\/profile.php?id=61583665421269\",\"https:\\\/\\\/www.instagram.com\\\/vintagellamoda\\\/\",\"https:\\\/\\\/de.pinterest.com\\\/vintagellamoda\"]}]}<\/script>\n<!-- \/ Yoast SEO plugin. -->","yoast_head_json":{"title":"Gr\u00fcne Tweed-Pelzjacke | Hergestellt in Italien von Labelless","description":"Gr\u00fcne Tweed-Pelzjacke von Labelless, hergestellt in Italien. Elegantes Design mit schwarzem Kunstpelz, perfekt f\u00fcr schicke Outfits mit R\u00f6cken, Hosen oder goldenen Accessoires.","robots":{"index":"index","follow":"follow","max-snippet":"max-snippet:-1","max-image-preview":"max-image-preview:large","max-video-preview":"max-video-preview:-1"},"canonical":"https:\/\/vintagellamoda.com\/de\/produkt\/gruene-tweedjacke-mit-schwarzem-kunstpelz\/","og_locale":"de_DE","og_type":"article","og_title":"Gr\u00fcne Tweed-Pelzjacke | Hergestellt in Italien von Labelless","og_description":"Gr\u00fcne Tweed-Pelzjacke von Labelless, hergestellt in Italien. Elegantes Design mit schwarzem Kunstpelz, perfekt f\u00fcr schicke Outfits mit R\u00f6cken, Hosen oder goldenen Accessoires.","og_url":"https:\/\/vintagellamoda.com\/de\/produkt\/gruene-tweedjacke-mit-schwarzem-kunstpelz\/","og_site_name":"Vintagella Moda","article_publisher":"https:\/\/www.facebook.com\/profile.php?id=61583665421269","article_modified_time":"2025-12-09T20:38:58+00:00","og_image":[{"width":2560,"height":1707,"url":"https:\/\/vintagellamoda.com\/wp-content\/uploads\/2025\/08\/DSC00004-scaled.jpg","type":"image\/jpeg"}],"twitter_card":"summary_large_image","schema":{"@context":"https:\/\/schema.org","@graph":[{"@type":"WebPage","@id":"https:\/\/vintagellamoda.com\/de\/produkt\/gruene-tweedjacke-mit-schwarzem-kunstpelz\/","url":"https:\/\/vintagellamoda.com\/de\/produkt\/gruene-tweedjacke-mit-schwarzem-kunstpelz\/","name":"Gr\u00fcne Tweed-Pelzjacke | Hergestellt in Italien von Labelless","isPartOf":{"@id":"https:\/\/vintagellamoda.com\/de\/#website"},"primaryImageOfPage":{"@id":"https:\/\/vintagellamoda.com\/de\/produkt\/gruene-tweedjacke-mit-schwarzem-kunstpelz\/#primaryimage"},"image":{"@id":"https:\/\/vintagellamoda.com\/de\/produkt\/gruene-tweedjacke-mit-schwarzem-kunstpelz\/#primaryimage"},"thumbnailUrl":"https:\/\/vintagellamoda.com\/wp-content\/uploads\/2025\/08\/DSC00004-scaled.jpg","datePublished":"2025-08-19T08:48:32+00:00","dateModified":"2025-12-09T20:38:58+00:00","description":"Gr\u00fcne Tweed-Pelzjacke von Labelless, hergestellt in Italien. Elegantes Design mit schwarzem Kunstpelz, perfekt f\u00fcr schicke Outfits mit R\u00f6cken, Hosen oder goldenen Accessoires.","breadcrumb":{"@id":"https:\/\/vintagellamoda.com\/de\/produkt\/gruene-tweedjacke-mit-schwarzem-kunstpelz\/#breadcrumb"},"inLanguage":"de","potentialAction":[{"@type":"ReadAction","target":["https:\/\/vintagellamoda.com\/de\/produkt\/gruene-tweedjacke-mit-schwarzem-kunstpelz\/"]}]},{"@type":"ImageObject","inLanguage":"de","@id":"https:\/\/vintagellamoda.com\/de\/produkt\/gruene-tweedjacke-mit-schwarzem-kunstpelz\/#primaryimage","url":"https:\/\/vintagellamoda.com\/wp-content\/uploads\/2025\/08\/DSC00004-scaled.jpg","contentUrl":"https:\/\/vintagellamoda.com\/wp-content\/uploads\/2025\/08\/DSC00004-scaled.jpg","width":2560,"height":1707},{"@type":"BreadcrumbList","@id":"https:\/\/vintagellamoda.com\/de\/produkt\/gruene-tweedjacke-mit-schwarzem-kunstpelz\/#breadcrumb","itemListElement":[{"@type":"ListItem","position":1,"name":"Home","item":"https:\/\/vintagellamoda.com\/de\/"},{"@type":"ListItem","position":2,"name":"Shop","item":"https:\/\/vintagellamoda.com\/de\/shop\/"},{"@type":"ListItem","position":3,"name":"Gr\u00fcne Tweedjacke mit schwarzem Kunstpelz"}]},{"@type":"WebSite","@id":"https:\/\/vintagellamoda.com\/de\/#website","url":"https:\/\/vintagellamoda.com\/de\/","name":"Vintagella Moda","description":"Italo vintage moda \u2014 Italian vintage fashion","publisher":{"@id":"https:\/\/vintagellamoda.com\/de\/#organization"},"potentialAction":[{"@type":"SearchAction","target":{"@type":"EntryPoint","urlTemplate":"https:\/\/vintagellamoda.com\/de\/?s={search_term_string}"},"query-input":{"@type":"PropertyValueSpecification","valueRequired":true,"valueName":"search_term_string"}}],"inLanguage":"de"},{"@type":"Organization","@id":"https:\/\/vintagellamoda.com\/de\/#organization","name":"Vintagella Moda","url":"https:\/\/vintagellamoda.com\/de\/","logo":{"@type":"ImageObject","inLanguage":"de","@id":"https:\/\/vintagellamoda.com\/de\/#\/schema\/logo\/image\/","url":"https:\/\/vintagellamoda.com\/wp-content\/uploads\/2025\/11\/favicon.png","contentUrl":"https:\/\/vintagellamoda.com\/wp-content\/uploads\/2025\/11\/favicon.png","width":2000,"height":2000,"caption":"Vintagella Moda"},"image":{"@id":"https:\/\/vintagellamoda.com\/de\/#\/schema\/logo\/image\/"},"sameAs":["https:\/\/www.facebook.com\/profile.php?id=61583665421269","https:\/\/www.instagram.com\/vintagellamoda\/","https:\/\/de.pinterest.com\/vintagellamoda"]}]}},"_links":{"self":[{"href":"https:\/\/vintagellamoda.com\/de\/wp-json\/wp\/v2\/product\/5169","targetHints":{"allow":["GET"]}}],"collection":[{"href":"https:\/\/vintagellamoda.com\/de\/wp-json\/wp\/v2\/product"}],"about":[{"href":"https:\/\/vintagellamoda.com\/de\/wp-json\/wp\/v2\/types\/product"}],"replies":[{"embeddable":true,"href":"https:\/\/vintagellamoda.com\/de\/wp-json\/wp\/v2\/comments?post=5169"}],"wp:featuredmedia":[{"embeddable":true,"href":"https:\/\/vintagellamoda.com\/de\/wp-json\/wp\/v2\/media\/5170"}],"wp:attachment":[{"href":"https:\/\/vintagellamoda.com\/de\/wp-json\/wp\/v2\/media?parent=5169"}],"wp:term":[{"taxonomy":"product_brand","embeddable":true,"href":"https:\/\/vintagellamoda.com\/de\/wp-json\/wp\/v2\/product_brand?post=5169"},{"taxonomy":"product_cat","embeddable":true,"href":"https:\/\/vintagellamoda.com\/de\/wp-json\/wp\/v2\/product_cat?post=5169"},{"taxonomy":"product_tag","embeddable":true,"href":"https:\/\/vintagellamoda.com\/de\/wp-json\/wp\/v2\/product_tag?post=5169"}],"curies":[{"name":"wp","href":"https:\/\/api.w.org\/{rel}","templated":true}]}}