{"id":5163,"date":"2025-08-19T08:58:59","date_gmt":"2025-08-19T08:58:59","guid":{"rendered":"https:\/\/vintagellamoda.com\/product\/schwarzer-und-grauer-rock-von-krizia-hergestellt-in-italien\/"},"modified":"2025-12-09T20:22:43","modified_gmt":"2025-12-09T20:22:43","slug":"schwarzer-und-grauer-rock-von-krizia-hergestellt-in-italien","status":"publish","type":"product","link":"https:\/\/vintagellamoda.com\/de\/produkt\/schwarzer-und-grauer-rock-von-krizia-hergestellt-in-italien\/","title":{"rendered":"Schwarzer und grauer Rock von Krizia \u2013 Hergestellt in Italien"},"content":{"rendered":"<p><span style=\"font-weight: 400;\">Dieser einzigartige Tweedrock des Luxuslabels Krizia ist der perfekte Begleiter f\u00fcr die k\u00fchlere Jahreszeit. Er hat vier Kn\u00f6pfe am R\u00fccken und einen kleinen Schlitz. Seine neutralen Farben punkten mit der Kombination aus schwarzen oder grauen Blusen. Auch mit einer wei\u00dfen Bluse sieht er toll aus. Der Rock ist in exzellentem Zustand und weist keinerlei sichtbare M\u00e4ngel auf. Je nach Geschmack k\u00f6nnen Sie ihn mit Schuhen mit Absatz oder flachen Schuhen wie Slingbacks kombinieren.      <\/span><\/p>\n","protected":false},"excerpt":{"rendered":"<p>Size: IT 46, D 40<br \/>\nBelly size: 44cm<br \/>\nTotal length: 65cm<br \/>\nMaterial: Tweed<br \/>\nCare instructions: dry cleaning<br \/>\nArticle number: ART-52<\/p>\n","protected":false},"featured_media":5164,"comment_status":"open","ping_status":"closed","template":"","meta":[],"product_brand":[480],"product_cat":[503],"product_tag":[],"class_list":{"0":"post-5163","1":"product","2":"type-product","3":"status-publish","4":"has-post-thumbnail","6":"product_brand-italian-luxus-label-krizia","7":"product_cat-nicht-kategorisiert","9":"first","10":"instock","11":"sold-individually","12":"shipping-taxable","13":"purchasable","14":"product-type-simple"},"yoast_head":"<!-- This site is optimized with the Yoast SEO plugin v27.3 - https:\/\/yoast.com\/product\/yoast-seo-wordpress\/ -->\n<title>Krizia Rock in Schwarz-Grau \u2013 Eleganter Tweed, hergestellt in Italien<\/title>\n<meta name=\"description\" content=\"Entdecken Sie den Krizia Tweedrock in Schwarz und Grau. Dieser vielseitige italienische Rock ist perfekt f\u00fcr k\u00fchlere Tage und l\u00e4sst sich ideal mit schwarzen, grauen oder wei\u00dfen Blusen sowie High Heels oder flachen Schuhen kombinieren.\" \/>\n<meta name=\"robots\" content=\"index, follow, max-snippet:-1, max-image-preview:large, max-video-preview:-1\" \/>\n<link rel=\"canonical\" href=\"https:\/\/vintagellamoda.com\/de\/produkt\/schwarzer-und-grauer-rock-von-krizia-hergestellt-in-italien\/\" \/>\n<meta property=\"og:locale\" content=\"de_DE\" \/>\n<meta property=\"og:type\" content=\"article\" \/>\n<meta property=\"og:title\" content=\"Krizia Rock in Schwarz-Grau \u2013 Eleganter Tweed, hergestellt in Italien\" \/>\n<meta property=\"og:description\" content=\"Entdecken Sie den Krizia Tweedrock in Schwarz und Grau. Dieser vielseitige italienische Rock ist perfekt f\u00fcr k\u00fchlere Tage und l\u00e4sst sich ideal mit schwarzen, grauen oder wei\u00dfen Blusen sowie High Heels oder flachen Schuhen kombinieren.\" \/>\n<meta property=\"og:url\" content=\"https:\/\/vintagellamoda.com\/de\/produkt\/schwarzer-und-grauer-rock-von-krizia-hergestellt-in-italien\/\" \/>\n<meta property=\"og:site_name\" content=\"Vintagella Moda\" \/>\n<meta property=\"article:publisher\" content=\"https:\/\/www.facebook.com\/profile.php?id=61583665421269\" \/>\n<meta property=\"article:modified_time\" content=\"2025-12-09T20:22:43+00:00\" \/>\n<meta property=\"og:image\" content=\"https:\/\/vintagellamoda.com\/wp-content\/uploads\/2025\/08\/DSC00042-1-scaled.jpg\" \/>\n\t<meta property=\"og:image:width\" content=\"2560\" \/>\n\t<meta property=\"og:image:height\" content=\"1707\" \/>\n\t<meta property=\"og:image:type\" content=\"image\/jpeg\" \/>\n<meta name=\"twitter:card\" content=\"summary_large_image\" \/>\n<script type=\"application\/ld+json\" class=\"yoast-schema-graph\">{\"@context\":\"https:\\\/\\\/schema.org\",\"@graph\":[{\"@type\":\"WebPage\",\"@id\":\"https:\\\/\\\/vintagellamoda.com\\\/de\\\/produkt\\\/schwarzer-und-grauer-rock-von-krizia-hergestellt-in-italien\\\/\",\"url\":\"https:\\\/\\\/vintagellamoda.com\\\/de\\\/produkt\\\/schwarzer-und-grauer-rock-von-krizia-hergestellt-in-italien\\\/\",\"name\":\"Krizia Rock in Schwarz-Grau \u2013 Eleganter Tweed, hergestellt in Italien\",\"isPartOf\":{\"@id\":\"https:\\\/\\\/vintagellamoda.com\\\/de\\\/#website\"},\"primaryImageOfPage\":{\"@id\":\"https:\\\/\\\/vintagellamoda.com\\\/de\\\/produkt\\\/schwarzer-und-grauer-rock-von-krizia-hergestellt-in-italien\\\/#primaryimage\"},\"image\":{\"@id\":\"https:\\\/\\\/vintagellamoda.com\\\/de\\\/produkt\\\/schwarzer-und-grauer-rock-von-krizia-hergestellt-in-italien\\\/#primaryimage\"},\"thumbnailUrl\":\"https:\\\/\\\/vintagellamoda.com\\\/wp-content\\\/uploads\\\/2025\\\/08\\\/DSC00042-1-scaled.jpg\",\"datePublished\":\"2025-08-19T08:58:59+00:00\",\"dateModified\":\"2025-12-09T20:22:43+00:00\",\"description\":\"Entdecken Sie den Krizia Tweedrock in Schwarz und Grau. Dieser vielseitige italienische Rock ist perfekt f\u00fcr k\u00fchlere Tage und l\u00e4sst sich ideal mit schwarzen, grauen oder wei\u00dfen Blusen sowie High Heels oder flachen Schuhen kombinieren.\",\"breadcrumb\":{\"@id\":\"https:\\\/\\\/vintagellamoda.com\\\/de\\\/produkt\\\/schwarzer-und-grauer-rock-von-krizia-hergestellt-in-italien\\\/#breadcrumb\"},\"inLanguage\":\"de\",\"potentialAction\":[{\"@type\":\"ReadAction\",\"target\":[\"https:\\\/\\\/vintagellamoda.com\\\/de\\\/produkt\\\/schwarzer-und-grauer-rock-von-krizia-hergestellt-in-italien\\\/\"]}]},{\"@type\":\"ImageObject\",\"inLanguage\":\"de\",\"@id\":\"https:\\\/\\\/vintagellamoda.com\\\/de\\\/produkt\\\/schwarzer-und-grauer-rock-von-krizia-hergestellt-in-italien\\\/#primaryimage\",\"url\":\"https:\\\/\\\/vintagellamoda.com\\\/wp-content\\\/uploads\\\/2025\\\/08\\\/DSC00042-1-scaled.jpg\",\"contentUrl\":\"https:\\\/\\\/vintagellamoda.com\\\/wp-content\\\/uploads\\\/2025\\\/08\\\/DSC00042-1-scaled.jpg\",\"width\":2560,\"height\":1707},{\"@type\":\"BreadcrumbList\",\"@id\":\"https:\\\/\\\/vintagellamoda.com\\\/de\\\/produkt\\\/schwarzer-und-grauer-rock-von-krizia-hergestellt-in-italien\\\/#breadcrumb\",\"itemListElement\":[{\"@type\":\"ListItem\",\"position\":1,\"name\":\"Home\",\"item\":\"https:\\\/\\\/vintagellamoda.com\\\/de\\\/\"},{\"@type\":\"ListItem\",\"position\":2,\"name\":\"Shop\",\"item\":\"https:\\\/\\\/vintagellamoda.com\\\/de\\\/shop\\\/\"},{\"@type\":\"ListItem\",\"position\":3,\"name\":\"Schwarzer und grauer Rock von Krizia \u2013 Hergestellt in Italien\"}]},{\"@type\":\"WebSite\",\"@id\":\"https:\\\/\\\/vintagellamoda.com\\\/de\\\/#website\",\"url\":\"https:\\\/\\\/vintagellamoda.com\\\/de\\\/\",\"name\":\"Vintagella Moda\",\"description\":\"Italo vintage moda \u2014 Italian vintage fashion\",\"publisher\":{\"@id\":\"https:\\\/\\\/vintagellamoda.com\\\/de\\\/#organization\"},\"potentialAction\":[{\"@type\":\"SearchAction\",\"target\":{\"@type\":\"EntryPoint\",\"urlTemplate\":\"https:\\\/\\\/vintagellamoda.com\\\/de\\\/?s={search_term_string}\"},\"query-input\":{\"@type\":\"PropertyValueSpecification\",\"valueRequired\":true,\"valueName\":\"search_term_string\"}}],\"inLanguage\":\"de\"},{\"@type\":\"Organization\",\"@id\":\"https:\\\/\\\/vintagellamoda.com\\\/de\\\/#organization\",\"name\":\"Vintagella Moda\",\"url\":\"https:\\\/\\\/vintagellamoda.com\\\/de\\\/\",\"logo\":{\"@type\":\"ImageObject\",\"inLanguage\":\"de\",\"@id\":\"https:\\\/\\\/vintagellamoda.com\\\/de\\\/#\\\/schema\\\/logo\\\/image\\\/\",\"url\":\"https:\\\/\\\/vintagellamoda.com\\\/wp-content\\\/uploads\\\/2025\\\/11\\\/favicon.png\",\"contentUrl\":\"https:\\\/\\\/vintagellamoda.com\\\/wp-content\\\/uploads\\\/2025\\\/11\\\/favicon.png\",\"width\":2000,\"height\":2000,\"caption\":\"Vintagella Moda\"},\"image\":{\"@id\":\"https:\\\/\\\/vintagellamoda.com\\\/de\\\/#\\\/schema\\\/logo\\\/image\\\/\"},\"sameAs\":[\"https:\\\/\\\/www.facebook.com\\\/profile.php?id=61583665421269\",\"https:\\\/\\\/www.instagram.com\\\/vintagellamoda\\\/\",\"https:\\\/\\\/de.pinterest.com\\\/vintagellamoda\"]}]}<\/script>\n<!-- \/ Yoast SEO plugin. -->","yoast_head_json":{"title":"Krizia Rock in Schwarz-Grau \u2013 Eleganter Tweed, hergestellt in Italien","description":"Entdecken Sie den Krizia Tweedrock in Schwarz und Grau. Dieser vielseitige italienische Rock ist perfekt f\u00fcr k\u00fchlere Tage und l\u00e4sst sich ideal mit schwarzen, grauen oder wei\u00dfen Blusen sowie High Heels oder flachen Schuhen kombinieren.","robots":{"index":"index","follow":"follow","max-snippet":"max-snippet:-1","max-image-preview":"max-image-preview:large","max-video-preview":"max-video-preview:-1"},"canonical":"https:\/\/vintagellamoda.com\/de\/produkt\/schwarzer-und-grauer-rock-von-krizia-hergestellt-in-italien\/","og_locale":"de_DE","og_type":"article","og_title":"Krizia Rock in Schwarz-Grau \u2013 Eleganter Tweed, hergestellt in Italien","og_description":"Entdecken Sie den Krizia Tweedrock in Schwarz und Grau. Dieser vielseitige italienische Rock ist perfekt f\u00fcr k\u00fchlere Tage und l\u00e4sst sich ideal mit schwarzen, grauen oder wei\u00dfen Blusen sowie High Heels oder flachen Schuhen kombinieren.","og_url":"https:\/\/vintagellamoda.com\/de\/produkt\/schwarzer-und-grauer-rock-von-krizia-hergestellt-in-italien\/","og_site_name":"Vintagella Moda","article_publisher":"https:\/\/www.facebook.com\/profile.php?id=61583665421269","article_modified_time":"2025-12-09T20:22:43+00:00","og_image":[{"width":2560,"height":1707,"url":"https:\/\/vintagellamoda.com\/wp-content\/uploads\/2025\/08\/DSC00042-1-scaled.jpg","type":"image\/jpeg"}],"twitter_card":"summary_large_image","schema":{"@context":"https:\/\/schema.org","@graph":[{"@type":"WebPage","@id":"https:\/\/vintagellamoda.com\/de\/produkt\/schwarzer-und-grauer-rock-von-krizia-hergestellt-in-italien\/","url":"https:\/\/vintagellamoda.com\/de\/produkt\/schwarzer-und-grauer-rock-von-krizia-hergestellt-in-italien\/","name":"Krizia Rock in Schwarz-Grau \u2013 Eleganter Tweed, hergestellt in Italien","isPartOf":{"@id":"https:\/\/vintagellamoda.com\/de\/#website"},"primaryImageOfPage":{"@id":"https:\/\/vintagellamoda.com\/de\/produkt\/schwarzer-und-grauer-rock-von-krizia-hergestellt-in-italien\/#primaryimage"},"image":{"@id":"https:\/\/vintagellamoda.com\/de\/produkt\/schwarzer-und-grauer-rock-von-krizia-hergestellt-in-italien\/#primaryimage"},"thumbnailUrl":"https:\/\/vintagellamoda.com\/wp-content\/uploads\/2025\/08\/DSC00042-1-scaled.jpg","datePublished":"2025-08-19T08:58:59+00:00","dateModified":"2025-12-09T20:22:43+00:00","description":"Entdecken Sie den Krizia Tweedrock in Schwarz und Grau. Dieser vielseitige italienische Rock ist perfekt f\u00fcr k\u00fchlere Tage und l\u00e4sst sich ideal mit schwarzen, grauen oder wei\u00dfen Blusen sowie High Heels oder flachen Schuhen kombinieren.","breadcrumb":{"@id":"https:\/\/vintagellamoda.com\/de\/produkt\/schwarzer-und-grauer-rock-von-krizia-hergestellt-in-italien\/#breadcrumb"},"inLanguage":"de","potentialAction":[{"@type":"ReadAction","target":["https:\/\/vintagellamoda.com\/de\/produkt\/schwarzer-und-grauer-rock-von-krizia-hergestellt-in-italien\/"]}]},{"@type":"ImageObject","inLanguage":"de","@id":"https:\/\/vintagellamoda.com\/de\/produkt\/schwarzer-und-grauer-rock-von-krizia-hergestellt-in-italien\/#primaryimage","url":"https:\/\/vintagellamoda.com\/wp-content\/uploads\/2025\/08\/DSC00042-1-scaled.jpg","contentUrl":"https:\/\/vintagellamoda.com\/wp-content\/uploads\/2025\/08\/DSC00042-1-scaled.jpg","width":2560,"height":1707},{"@type":"BreadcrumbList","@id":"https:\/\/vintagellamoda.com\/de\/produkt\/schwarzer-und-grauer-rock-von-krizia-hergestellt-in-italien\/#breadcrumb","itemListElement":[{"@type":"ListItem","position":1,"name":"Home","item":"https:\/\/vintagellamoda.com\/de\/"},{"@type":"ListItem","position":2,"name":"Shop","item":"https:\/\/vintagellamoda.com\/de\/shop\/"},{"@type":"ListItem","position":3,"name":"Schwarzer und grauer Rock von Krizia \u2013 Hergestellt in Italien"}]},{"@type":"WebSite","@id":"https:\/\/vintagellamoda.com\/de\/#website","url":"https:\/\/vintagellamoda.com\/de\/","name":"Vintagella Moda","description":"Italo vintage moda \u2014 Italian vintage fashion","publisher":{"@id":"https:\/\/vintagellamoda.com\/de\/#organization"},"potentialAction":[{"@type":"SearchAction","target":{"@type":"EntryPoint","urlTemplate":"https:\/\/vintagellamoda.com\/de\/?s={search_term_string}"},"query-input":{"@type":"PropertyValueSpecification","valueRequired":true,"valueName":"search_term_string"}}],"inLanguage":"de"},{"@type":"Organization","@id":"https:\/\/vintagellamoda.com\/de\/#organization","name":"Vintagella Moda","url":"https:\/\/vintagellamoda.com\/de\/","logo":{"@type":"ImageObject","inLanguage":"de","@id":"https:\/\/vintagellamoda.com\/de\/#\/schema\/logo\/image\/","url":"https:\/\/vintagellamoda.com\/wp-content\/uploads\/2025\/11\/favicon.png","contentUrl":"https:\/\/vintagellamoda.com\/wp-content\/uploads\/2025\/11\/favicon.png","width":2000,"height":2000,"caption":"Vintagella Moda"},"image":{"@id":"https:\/\/vintagellamoda.com\/de\/#\/schema\/logo\/image\/"},"sameAs":["https:\/\/www.facebook.com\/profile.php?id=61583665421269","https:\/\/www.instagram.com\/vintagellamoda\/","https:\/\/de.pinterest.com\/vintagellamoda"]}]}},"_links":{"self":[{"href":"https:\/\/vintagellamoda.com\/de\/wp-json\/wp\/v2\/product\/5163","targetHints":{"allow":["GET"]}}],"collection":[{"href":"https:\/\/vintagellamoda.com\/de\/wp-json\/wp\/v2\/product"}],"about":[{"href":"https:\/\/vintagellamoda.com\/de\/wp-json\/wp\/v2\/types\/product"}],"replies":[{"embeddable":true,"href":"https:\/\/vintagellamoda.com\/de\/wp-json\/wp\/v2\/comments?post=5163"}],"wp:featuredmedia":[{"embeddable":true,"href":"https:\/\/vintagellamoda.com\/de\/wp-json\/wp\/v2\/media\/5164"}],"wp:attachment":[{"href":"https:\/\/vintagellamoda.com\/de\/wp-json\/wp\/v2\/media?parent=5163"}],"wp:term":[{"taxonomy":"product_brand","embeddable":true,"href":"https:\/\/vintagellamoda.com\/de\/wp-json\/wp\/v2\/product_brand?post=5163"},{"taxonomy":"product_cat","embeddable":true,"href":"https:\/\/vintagellamoda.com\/de\/wp-json\/wp\/v2\/product_cat?post=5163"},{"taxonomy":"product_tag","embeddable":true,"href":"https:\/\/vintagellamoda.com\/de\/wp-json\/wp\/v2\/product_tag?post=5163"}],"curies":[{"name":"wp","href":"https:\/\/api.w.org\/{rel}","templated":true}]}}