{"id":5160,"date":"2025-08-19T09:10:52","date_gmt":"2025-08-19T09:10:52","guid":{"rendered":"https:\/\/vintagellamoda.com\/product\/ein-schicker-schwarzer-rock-made-in-italy\/"},"modified":"2025-12-09T20:17:04","modified_gmt":"2025-12-09T20:17:04","slug":"ein-schicker-schwarzer-rock-made-in-italy","status":"publish","type":"product","link":"https:\/\/vintagellamoda.com\/de\/produkt\/ein-schicker-schwarzer-rock-made-in-italy\/","title":{"rendered":"Ein schicker schwarzer Rock \u2013 Made in Italy"},"content":{"rendered":"<p>Dieser schicke, schwarze Bleistiftrock mit geradem Schnitt und kurzem Rei\u00dfverschluss ist vielseitig kombinierbar. Er passt sowohl zu neutralen als auch zu kr\u00e4ftigen Farben. Ideal dazu sind Pumps oder Slingbacks in Schwarz, Rot oder Metallic-T\u00f6nen. Auch ein komplett schwarzer Look ist m\u00f6glich. Der Rock eignet sich sowohl f\u00fcrs B\u00fcro als auch f\u00fcr die Cocktailbar und passt zu eleganten wie zu l\u00e4ssig-schicken Outfits. Er ist in einem hervorragenden Zustand und weist keinerlei sichtbare M\u00e4ngel auf.<\/p>\n","protected":false},"excerpt":{"rendered":"<p>Belly size: 38cm<br \/>\nTotal length: 63cm<br \/>\nMaterial 83% accetat. 13% Silk, 4% polyamide<br \/>\nCare instructions: dry cleaning<br \/>\nArticle number: ART-53 <\/p>\n","protected":false},"featured_media":5161,"comment_status":"open","ping_status":"closed","template":"","meta":[],"product_brand":[478],"product_cat":[503],"product_tag":[],"class_list":{"0":"post-5160","1":"product","2":"type-product","3":"status-publish","4":"has-post-thumbnail","6":"product_brand-labelless","7":"product_cat-nicht-kategorisiert","9":"first","10":"instock","11":"sold-individually","12":"shipping-taxable","13":"purchasable","14":"product-type-simple"},"yoast_head":"<!-- This site is optimized with the Yoast SEO plugin v27.3 - https:\/\/yoast.com\/product\/yoast-seo-wordpress\/ -->\n<title>Eleganter schwarzer Bleistiftrock | Hergestellt in Italien von Labelless<\/title>\n<meta name=\"description\" content=\"Eleganter schwarzer Bleistiftrock von Labelless, hergestellt in Italien. Gerader Schnitt, vielseitig und stilvoll \u2013 perfekt f\u00fcrs B\u00fcro, f\u00fcr den Abend oder f\u00fcr l\u00e4ssig-elegante Outfits.\" \/>\n<meta name=\"robots\" content=\"index, follow, max-snippet:-1, max-image-preview:large, max-video-preview:-1\" \/>\n<link rel=\"canonical\" href=\"https:\/\/vintagellamoda.com\/de\/produkt\/ein-schicker-schwarzer-rock-made-in-italy\/\" \/>\n<meta property=\"og:locale\" content=\"de_DE\" \/>\n<meta property=\"og:type\" content=\"article\" \/>\n<meta property=\"og:title\" content=\"Eleganter schwarzer Bleistiftrock | Hergestellt in Italien von Labelless\" \/>\n<meta property=\"og:description\" content=\"Eleganter schwarzer Bleistiftrock von Labelless, hergestellt in Italien. Gerader Schnitt, vielseitig und stilvoll \u2013 perfekt f\u00fcrs B\u00fcro, f\u00fcr den Abend oder f\u00fcr l\u00e4ssig-elegante Outfits.\" \/>\n<meta property=\"og:url\" content=\"https:\/\/vintagellamoda.com\/de\/produkt\/ein-schicker-schwarzer-rock-made-in-italy\/\" \/>\n<meta property=\"og:site_name\" content=\"Vintagella Moda\" \/>\n<meta property=\"article:publisher\" content=\"https:\/\/www.facebook.com\/profile.php?id=61583665421269\" \/>\n<meta property=\"article:modified_time\" content=\"2025-12-09T20:17:04+00:00\" \/>\n<meta property=\"og:image\" content=\"https:\/\/vintagellamoda.com\/wp-content\/uploads\/2025\/08\/DSC00094-scaled.jpg\" \/>\n\t<meta property=\"og:image:width\" content=\"2560\" \/>\n\t<meta property=\"og:image:height\" content=\"1707\" \/>\n\t<meta property=\"og:image:type\" content=\"image\/jpeg\" \/>\n<meta name=\"twitter:card\" content=\"summary_large_image\" \/>\n<script type=\"application\/ld+json\" class=\"yoast-schema-graph\">{\"@context\":\"https:\\\/\\\/schema.org\",\"@graph\":[{\"@type\":\"WebPage\",\"@id\":\"https:\\\/\\\/vintagellamoda.com\\\/de\\\/produkt\\\/ein-schicker-schwarzer-rock-made-in-italy\\\/\",\"url\":\"https:\\\/\\\/vintagellamoda.com\\\/de\\\/produkt\\\/ein-schicker-schwarzer-rock-made-in-italy\\\/\",\"name\":\"Eleganter schwarzer Bleistiftrock | Hergestellt in Italien von Labelless\",\"isPartOf\":{\"@id\":\"https:\\\/\\\/vintagellamoda.com\\\/de\\\/#website\"},\"primaryImageOfPage\":{\"@id\":\"https:\\\/\\\/vintagellamoda.com\\\/de\\\/produkt\\\/ein-schicker-schwarzer-rock-made-in-italy\\\/#primaryimage\"},\"image\":{\"@id\":\"https:\\\/\\\/vintagellamoda.com\\\/de\\\/produkt\\\/ein-schicker-schwarzer-rock-made-in-italy\\\/#primaryimage\"},\"thumbnailUrl\":\"https:\\\/\\\/vintagellamoda.com\\\/wp-content\\\/uploads\\\/2025\\\/08\\\/DSC00094-scaled.jpg\",\"datePublished\":\"2025-08-19T09:10:52+00:00\",\"dateModified\":\"2025-12-09T20:17:04+00:00\",\"description\":\"Eleganter schwarzer Bleistiftrock von Labelless, hergestellt in Italien. Gerader Schnitt, vielseitig und stilvoll \u2013 perfekt f\u00fcrs B\u00fcro, f\u00fcr den Abend oder f\u00fcr l\u00e4ssig-elegante Outfits.\",\"breadcrumb\":{\"@id\":\"https:\\\/\\\/vintagellamoda.com\\\/de\\\/produkt\\\/ein-schicker-schwarzer-rock-made-in-italy\\\/#breadcrumb\"},\"inLanguage\":\"de\",\"potentialAction\":[{\"@type\":\"ReadAction\",\"target\":[\"https:\\\/\\\/vintagellamoda.com\\\/de\\\/produkt\\\/ein-schicker-schwarzer-rock-made-in-italy\\\/\"]}]},{\"@type\":\"ImageObject\",\"inLanguage\":\"de\",\"@id\":\"https:\\\/\\\/vintagellamoda.com\\\/de\\\/produkt\\\/ein-schicker-schwarzer-rock-made-in-italy\\\/#primaryimage\",\"url\":\"https:\\\/\\\/vintagellamoda.com\\\/wp-content\\\/uploads\\\/2025\\\/08\\\/DSC00094-scaled.jpg\",\"contentUrl\":\"https:\\\/\\\/vintagellamoda.com\\\/wp-content\\\/uploads\\\/2025\\\/08\\\/DSC00094-scaled.jpg\",\"width\":2560,\"height\":1707},{\"@type\":\"BreadcrumbList\",\"@id\":\"https:\\\/\\\/vintagellamoda.com\\\/de\\\/produkt\\\/ein-schicker-schwarzer-rock-made-in-italy\\\/#breadcrumb\",\"itemListElement\":[{\"@type\":\"ListItem\",\"position\":1,\"name\":\"Home\",\"item\":\"https:\\\/\\\/vintagellamoda.com\\\/de\\\/\"},{\"@type\":\"ListItem\",\"position\":2,\"name\":\"Shop\",\"item\":\"https:\\\/\\\/vintagellamoda.com\\\/de\\\/shop\\\/\"},{\"@type\":\"ListItem\",\"position\":3,\"name\":\"Ein schicker schwarzer Rock \u2013 Made in Italy\"}]},{\"@type\":\"WebSite\",\"@id\":\"https:\\\/\\\/vintagellamoda.com\\\/de\\\/#website\",\"url\":\"https:\\\/\\\/vintagellamoda.com\\\/de\\\/\",\"name\":\"Vintagella Moda\",\"description\":\"Italo vintage moda \u2014 Italian vintage fashion\",\"publisher\":{\"@id\":\"https:\\\/\\\/vintagellamoda.com\\\/de\\\/#organization\"},\"potentialAction\":[{\"@type\":\"SearchAction\",\"target\":{\"@type\":\"EntryPoint\",\"urlTemplate\":\"https:\\\/\\\/vintagellamoda.com\\\/de\\\/?s={search_term_string}\"},\"query-input\":{\"@type\":\"PropertyValueSpecification\",\"valueRequired\":true,\"valueName\":\"search_term_string\"}}],\"inLanguage\":\"de\"},{\"@type\":\"Organization\",\"@id\":\"https:\\\/\\\/vintagellamoda.com\\\/de\\\/#organization\",\"name\":\"Vintagella Moda\",\"url\":\"https:\\\/\\\/vintagellamoda.com\\\/de\\\/\",\"logo\":{\"@type\":\"ImageObject\",\"inLanguage\":\"de\",\"@id\":\"https:\\\/\\\/vintagellamoda.com\\\/de\\\/#\\\/schema\\\/logo\\\/image\\\/\",\"url\":\"https:\\\/\\\/vintagellamoda.com\\\/wp-content\\\/uploads\\\/2025\\\/11\\\/favicon.png\",\"contentUrl\":\"https:\\\/\\\/vintagellamoda.com\\\/wp-content\\\/uploads\\\/2025\\\/11\\\/favicon.png\",\"width\":2000,\"height\":2000,\"caption\":\"Vintagella Moda\"},\"image\":{\"@id\":\"https:\\\/\\\/vintagellamoda.com\\\/de\\\/#\\\/schema\\\/logo\\\/image\\\/\"},\"sameAs\":[\"https:\\\/\\\/www.facebook.com\\\/profile.php?id=61583665421269\",\"https:\\\/\\\/www.instagram.com\\\/vintagellamoda\\\/\",\"https:\\\/\\\/de.pinterest.com\\\/vintagellamoda\"]}]}<\/script>\n<!-- \/ Yoast SEO plugin. -->","yoast_head_json":{"title":"Eleganter schwarzer Bleistiftrock | Hergestellt in Italien von Labelless","description":"Eleganter schwarzer Bleistiftrock von Labelless, hergestellt in Italien. Gerader Schnitt, vielseitig und stilvoll \u2013 perfekt f\u00fcrs B\u00fcro, f\u00fcr den Abend oder f\u00fcr l\u00e4ssig-elegante Outfits.","robots":{"index":"index","follow":"follow","max-snippet":"max-snippet:-1","max-image-preview":"max-image-preview:large","max-video-preview":"max-video-preview:-1"},"canonical":"https:\/\/vintagellamoda.com\/de\/produkt\/ein-schicker-schwarzer-rock-made-in-italy\/","og_locale":"de_DE","og_type":"article","og_title":"Eleganter schwarzer Bleistiftrock | Hergestellt in Italien von Labelless","og_description":"Eleganter schwarzer Bleistiftrock von Labelless, hergestellt in Italien. Gerader Schnitt, vielseitig und stilvoll \u2013 perfekt f\u00fcrs B\u00fcro, f\u00fcr den Abend oder f\u00fcr l\u00e4ssig-elegante Outfits.","og_url":"https:\/\/vintagellamoda.com\/de\/produkt\/ein-schicker-schwarzer-rock-made-in-italy\/","og_site_name":"Vintagella Moda","article_publisher":"https:\/\/www.facebook.com\/profile.php?id=61583665421269","article_modified_time":"2025-12-09T20:17:04+00:00","og_image":[{"width":2560,"height":1707,"url":"https:\/\/vintagellamoda.com\/wp-content\/uploads\/2025\/08\/DSC00094-scaled.jpg","type":"image\/jpeg"}],"twitter_card":"summary_large_image","schema":{"@context":"https:\/\/schema.org","@graph":[{"@type":"WebPage","@id":"https:\/\/vintagellamoda.com\/de\/produkt\/ein-schicker-schwarzer-rock-made-in-italy\/","url":"https:\/\/vintagellamoda.com\/de\/produkt\/ein-schicker-schwarzer-rock-made-in-italy\/","name":"Eleganter schwarzer Bleistiftrock | Hergestellt in Italien von Labelless","isPartOf":{"@id":"https:\/\/vintagellamoda.com\/de\/#website"},"primaryImageOfPage":{"@id":"https:\/\/vintagellamoda.com\/de\/produkt\/ein-schicker-schwarzer-rock-made-in-italy\/#primaryimage"},"image":{"@id":"https:\/\/vintagellamoda.com\/de\/produkt\/ein-schicker-schwarzer-rock-made-in-italy\/#primaryimage"},"thumbnailUrl":"https:\/\/vintagellamoda.com\/wp-content\/uploads\/2025\/08\/DSC00094-scaled.jpg","datePublished":"2025-08-19T09:10:52+00:00","dateModified":"2025-12-09T20:17:04+00:00","description":"Eleganter schwarzer Bleistiftrock von Labelless, hergestellt in Italien. Gerader Schnitt, vielseitig und stilvoll \u2013 perfekt f\u00fcrs B\u00fcro, f\u00fcr den Abend oder f\u00fcr l\u00e4ssig-elegante Outfits.","breadcrumb":{"@id":"https:\/\/vintagellamoda.com\/de\/produkt\/ein-schicker-schwarzer-rock-made-in-italy\/#breadcrumb"},"inLanguage":"de","potentialAction":[{"@type":"ReadAction","target":["https:\/\/vintagellamoda.com\/de\/produkt\/ein-schicker-schwarzer-rock-made-in-italy\/"]}]},{"@type":"ImageObject","inLanguage":"de","@id":"https:\/\/vintagellamoda.com\/de\/produkt\/ein-schicker-schwarzer-rock-made-in-italy\/#primaryimage","url":"https:\/\/vintagellamoda.com\/wp-content\/uploads\/2025\/08\/DSC00094-scaled.jpg","contentUrl":"https:\/\/vintagellamoda.com\/wp-content\/uploads\/2025\/08\/DSC00094-scaled.jpg","width":2560,"height":1707},{"@type":"BreadcrumbList","@id":"https:\/\/vintagellamoda.com\/de\/produkt\/ein-schicker-schwarzer-rock-made-in-italy\/#breadcrumb","itemListElement":[{"@type":"ListItem","position":1,"name":"Home","item":"https:\/\/vintagellamoda.com\/de\/"},{"@type":"ListItem","position":2,"name":"Shop","item":"https:\/\/vintagellamoda.com\/de\/shop\/"},{"@type":"ListItem","position":3,"name":"Ein schicker schwarzer Rock \u2013 Made in Italy"}]},{"@type":"WebSite","@id":"https:\/\/vintagellamoda.com\/de\/#website","url":"https:\/\/vintagellamoda.com\/de\/","name":"Vintagella Moda","description":"Italo vintage moda \u2014 Italian vintage fashion","publisher":{"@id":"https:\/\/vintagellamoda.com\/de\/#organization"},"potentialAction":[{"@type":"SearchAction","target":{"@type":"EntryPoint","urlTemplate":"https:\/\/vintagellamoda.com\/de\/?s={search_term_string}"},"query-input":{"@type":"PropertyValueSpecification","valueRequired":true,"valueName":"search_term_string"}}],"inLanguage":"de"},{"@type":"Organization","@id":"https:\/\/vintagellamoda.com\/de\/#organization","name":"Vintagella Moda","url":"https:\/\/vintagellamoda.com\/de\/","logo":{"@type":"ImageObject","inLanguage":"de","@id":"https:\/\/vintagellamoda.com\/de\/#\/schema\/logo\/image\/","url":"https:\/\/vintagellamoda.com\/wp-content\/uploads\/2025\/11\/favicon.png","contentUrl":"https:\/\/vintagellamoda.com\/wp-content\/uploads\/2025\/11\/favicon.png","width":2000,"height":2000,"caption":"Vintagella Moda"},"image":{"@id":"https:\/\/vintagellamoda.com\/de\/#\/schema\/logo\/image\/"},"sameAs":["https:\/\/www.facebook.com\/profile.php?id=61583665421269","https:\/\/www.instagram.com\/vintagellamoda\/","https:\/\/de.pinterest.com\/vintagellamoda"]}]}},"_links":{"self":[{"href":"https:\/\/vintagellamoda.com\/de\/wp-json\/wp\/v2\/product\/5160","targetHints":{"allow":["GET"]}}],"collection":[{"href":"https:\/\/vintagellamoda.com\/de\/wp-json\/wp\/v2\/product"}],"about":[{"href":"https:\/\/vintagellamoda.com\/de\/wp-json\/wp\/v2\/types\/product"}],"replies":[{"embeddable":true,"href":"https:\/\/vintagellamoda.com\/de\/wp-json\/wp\/v2\/comments?post=5160"}],"wp:featuredmedia":[{"embeddable":true,"href":"https:\/\/vintagellamoda.com\/de\/wp-json\/wp\/v2\/media\/5161"}],"wp:attachment":[{"href":"https:\/\/vintagellamoda.com\/de\/wp-json\/wp\/v2\/media?parent=5160"}],"wp:term":[{"taxonomy":"product_brand","embeddable":true,"href":"https:\/\/vintagellamoda.com\/de\/wp-json\/wp\/v2\/product_brand?post=5160"},{"taxonomy":"product_cat","embeddable":true,"href":"https:\/\/vintagellamoda.com\/de\/wp-json\/wp\/v2\/product_cat?post=5160"},{"taxonomy":"product_tag","embeddable":true,"href":"https:\/\/vintagellamoda.com\/de\/wp-json\/wp\/v2\/product_tag?post=5160"}],"curies":[{"name":"wp","href":"https:\/\/api.w.org\/{rel}","templated":true}]}}