{"id":5151,"date":"2025-08-19T09:27:13","date_gmt":"2025-08-19T09:27:13","guid":{"rendered":"https:\/\/vintagellamoda.com\/product\/schwarz-weisser-rock-aus-95-baumwolle-von-ennepi-hergestellt-in-italien\/"},"modified":"2025-12-09T20:30:09","modified_gmt":"2025-12-09T20:30:09","slug":"schwarz-weisser-rock-aus-95-baumwolle-von-ennepi-hergestellt-in-italien","status":"publish","type":"product","link":"https:\/\/vintagellamoda.com\/de\/produkt\/schwarz-weisser-rock-aus-95-baumwolle-von-ennepi-hergestellt-in-italien\/","title":{"rendered":"Schwarz-wei\u00dfer Rock aus 95 % Baumwolle von Ennepi \u2013 Hergestellt in Italien"},"content":{"rendered":"<p><span style=\"font-weight: 400;\">Dieser gemusterte schwarz-wei\u00dfe Rock der italienischen Marke Ennepi ist perfekt f\u00fcr den Sommer und sorgt f\u00fcr ein angenehmes Tragegef\u00fchl. Je nach Geschmack l\u00e4sst er sich mit einem wei\u00dfen oder schwarzen Oberteil kombinieren. Er ist ideal f\u00fcr einen l\u00e4ssig-schicken Look. F\u00fcr einen Farbtupfer k\u00f6nnen Sie ihn mit Ballerinas, Slingbacks oder Mary Janes in Schwarz, Wei\u00df oder Rot tragen. Der Rock ist in einem hervorragenden Zustand und weist keine sichtbaren M\u00e4ngel auf.    <\/span><\/p>\n","protected":false},"excerpt":{"rendered":"<p>Gr\u00f6\u00dfe: IT 46<br \/>\nBauchumfang: 40 cm<br \/>\nH\u00fcftumfang: 54 cm<br \/>\nGesamtl\u00e4nge: 65 cm<br \/>\nMarke: Italienisches Label Ennepi<br \/>\nArtikelnummer: ART-56<br \/>\nMaterial: 95 % Baumwolle<br \/>\nPflegehinweise: Maschinenw\u00e4sche bei 30 \u00b0C<\/p>\n","protected":false},"featured_media":5152,"comment_status":"open","ping_status":"closed","template":"","meta":[],"product_brand":[481],"product_cat":[503],"product_tag":[],"class_list":{"0":"post-5151","1":"product","2":"type-product","3":"status-publish","4":"has-post-thumbnail","6":"product_brand-italian-label-ennepi","7":"product_cat-nicht-kategorisiert","9":"first","10":"instock","11":"sold-individually","12":"shipping-taxable","13":"purchasable","14":"product-type-simple"},"yoast_head":"<!-- This site is optimized with the Yoast SEO plugin v27.3 - https:\/\/yoast.com\/product\/yoast-seo-wordpress\/ -->\n<title>Schwarzer und wei\u00dfer Baumwollrock von Ennepi | Hergestellt in Italien<\/title>\n<meta name=\"description\" content=\"Schwarzer und wei\u00dfer Baumwollrock von Ennepi, hergestellt in Italien. Bequeme Sommerkleidung, perfekt f\u00fcr l\u00e4ssig-elegante Outfits mit Ballerinas, Slingbacks oder in kr\u00e4ftigen Farben.\" \/>\n<meta name=\"robots\" content=\"index, follow, max-snippet:-1, max-image-preview:large, max-video-preview:-1\" \/>\n<link rel=\"canonical\" href=\"https:\/\/vintagellamoda.com\/de\/produkt\/schwarz-weisser-rock-aus-95-baumwolle-von-ennepi-hergestellt-in-italien\/\" \/>\n<meta property=\"og:locale\" content=\"de_DE\" \/>\n<meta property=\"og:type\" content=\"article\" \/>\n<meta property=\"og:title\" content=\"Schwarzer und wei\u00dfer Baumwollrock von Ennepi | Hergestellt in Italien\" \/>\n<meta property=\"og:description\" content=\"Schwarzer und wei\u00dfer Baumwollrock von Ennepi, hergestellt in Italien. Bequeme Sommerkleidung, perfekt f\u00fcr l\u00e4ssig-elegante Outfits mit Ballerinas, Slingbacks oder in kr\u00e4ftigen Farben.\" \/>\n<meta property=\"og:url\" content=\"https:\/\/vintagellamoda.com\/de\/produkt\/schwarz-weisser-rock-aus-95-baumwolle-von-ennepi-hergestellt-in-italien\/\" \/>\n<meta property=\"og:site_name\" content=\"Vintagella Moda\" \/>\n<meta property=\"article:publisher\" content=\"https:\/\/www.facebook.com\/profile.php?id=61583665421269\" \/>\n<meta property=\"article:modified_time\" content=\"2025-12-09T20:30:09+00:00\" \/>\n<meta property=\"og:image\" content=\"https:\/\/vintagellamoda.com\/wp-content\/uploads\/2025\/08\/DSC00172-scaled.jpg\" \/>\n\t<meta property=\"og:image:width\" content=\"2560\" \/>\n\t<meta property=\"og:image:height\" content=\"1707\" \/>\n\t<meta property=\"og:image:type\" content=\"image\/jpeg\" \/>\n<meta name=\"twitter:card\" content=\"summary_large_image\" \/>\n<script type=\"application\/ld+json\" class=\"yoast-schema-graph\">{\"@context\":\"https:\\\/\\\/schema.org\",\"@graph\":[{\"@type\":\"WebPage\",\"@id\":\"https:\\\/\\\/vintagellamoda.com\\\/de\\\/produkt\\\/schwarz-weisser-rock-aus-95-baumwolle-von-ennepi-hergestellt-in-italien\\\/\",\"url\":\"https:\\\/\\\/vintagellamoda.com\\\/de\\\/produkt\\\/schwarz-weisser-rock-aus-95-baumwolle-von-ennepi-hergestellt-in-italien\\\/\",\"name\":\"Schwarzer und wei\u00dfer Baumwollrock von Ennepi | Hergestellt in Italien\",\"isPartOf\":{\"@id\":\"https:\\\/\\\/vintagellamoda.com\\\/de\\\/#website\"},\"primaryImageOfPage\":{\"@id\":\"https:\\\/\\\/vintagellamoda.com\\\/de\\\/produkt\\\/schwarz-weisser-rock-aus-95-baumwolle-von-ennepi-hergestellt-in-italien\\\/#primaryimage\"},\"image\":{\"@id\":\"https:\\\/\\\/vintagellamoda.com\\\/de\\\/produkt\\\/schwarz-weisser-rock-aus-95-baumwolle-von-ennepi-hergestellt-in-italien\\\/#primaryimage\"},\"thumbnailUrl\":\"https:\\\/\\\/vintagellamoda.com\\\/wp-content\\\/uploads\\\/2025\\\/08\\\/DSC00172-scaled.jpg\",\"datePublished\":\"2025-08-19T09:27:13+00:00\",\"dateModified\":\"2025-12-09T20:30:09+00:00\",\"description\":\"Schwarzer und wei\u00dfer Baumwollrock von Ennepi, hergestellt in Italien. Bequeme Sommerkleidung, perfekt f\u00fcr l\u00e4ssig-elegante Outfits mit Ballerinas, Slingbacks oder in kr\u00e4ftigen Farben.\",\"breadcrumb\":{\"@id\":\"https:\\\/\\\/vintagellamoda.com\\\/de\\\/produkt\\\/schwarz-weisser-rock-aus-95-baumwolle-von-ennepi-hergestellt-in-italien\\\/#breadcrumb\"},\"inLanguage\":\"de\",\"potentialAction\":[{\"@type\":\"ReadAction\",\"target\":[\"https:\\\/\\\/vintagellamoda.com\\\/de\\\/produkt\\\/schwarz-weisser-rock-aus-95-baumwolle-von-ennepi-hergestellt-in-italien\\\/\"]}]},{\"@type\":\"ImageObject\",\"inLanguage\":\"de\",\"@id\":\"https:\\\/\\\/vintagellamoda.com\\\/de\\\/produkt\\\/schwarz-weisser-rock-aus-95-baumwolle-von-ennepi-hergestellt-in-italien\\\/#primaryimage\",\"url\":\"https:\\\/\\\/vintagellamoda.com\\\/wp-content\\\/uploads\\\/2025\\\/08\\\/DSC00172-scaled.jpg\",\"contentUrl\":\"https:\\\/\\\/vintagellamoda.com\\\/wp-content\\\/uploads\\\/2025\\\/08\\\/DSC00172-scaled.jpg\",\"width\":2560,\"height\":1707},{\"@type\":\"BreadcrumbList\",\"@id\":\"https:\\\/\\\/vintagellamoda.com\\\/de\\\/produkt\\\/schwarz-weisser-rock-aus-95-baumwolle-von-ennepi-hergestellt-in-italien\\\/#breadcrumb\",\"itemListElement\":[{\"@type\":\"ListItem\",\"position\":1,\"name\":\"Home\",\"item\":\"https:\\\/\\\/vintagellamoda.com\\\/de\\\/\"},{\"@type\":\"ListItem\",\"position\":2,\"name\":\"Shop\",\"item\":\"https:\\\/\\\/vintagellamoda.com\\\/de\\\/shop\\\/\"},{\"@type\":\"ListItem\",\"position\":3,\"name\":\"Schwarz-wei\u00dfer Rock aus 95 % Baumwolle von Ennepi \u2013 Hergestellt in Italien\"}]},{\"@type\":\"WebSite\",\"@id\":\"https:\\\/\\\/vintagellamoda.com\\\/de\\\/#website\",\"url\":\"https:\\\/\\\/vintagellamoda.com\\\/de\\\/\",\"name\":\"Vintagella Moda\",\"description\":\"Italo vintage moda \u2014 Italian vintage fashion\",\"publisher\":{\"@id\":\"https:\\\/\\\/vintagellamoda.com\\\/de\\\/#organization\"},\"potentialAction\":[{\"@type\":\"SearchAction\",\"target\":{\"@type\":\"EntryPoint\",\"urlTemplate\":\"https:\\\/\\\/vintagellamoda.com\\\/de\\\/?s={search_term_string}\"},\"query-input\":{\"@type\":\"PropertyValueSpecification\",\"valueRequired\":true,\"valueName\":\"search_term_string\"}}],\"inLanguage\":\"de\"},{\"@type\":\"Organization\",\"@id\":\"https:\\\/\\\/vintagellamoda.com\\\/de\\\/#organization\",\"name\":\"Vintagella Moda\",\"url\":\"https:\\\/\\\/vintagellamoda.com\\\/de\\\/\",\"logo\":{\"@type\":\"ImageObject\",\"inLanguage\":\"de\",\"@id\":\"https:\\\/\\\/vintagellamoda.com\\\/de\\\/#\\\/schema\\\/logo\\\/image\\\/\",\"url\":\"https:\\\/\\\/vintagellamoda.com\\\/wp-content\\\/uploads\\\/2025\\\/11\\\/favicon.png\",\"contentUrl\":\"https:\\\/\\\/vintagellamoda.com\\\/wp-content\\\/uploads\\\/2025\\\/11\\\/favicon.png\",\"width\":2000,\"height\":2000,\"caption\":\"Vintagella Moda\"},\"image\":{\"@id\":\"https:\\\/\\\/vintagellamoda.com\\\/de\\\/#\\\/schema\\\/logo\\\/image\\\/\"},\"sameAs\":[\"https:\\\/\\\/www.facebook.com\\\/profile.php?id=61583665421269\",\"https:\\\/\\\/www.instagram.com\\\/vintagellamoda\\\/\",\"https:\\\/\\\/de.pinterest.com\\\/vintagellamoda\"]}]}<\/script>\n<!-- \/ Yoast SEO plugin. -->","yoast_head_json":{"title":"Schwarzer und wei\u00dfer Baumwollrock von Ennepi | Hergestellt in Italien","description":"Schwarzer und wei\u00dfer Baumwollrock von Ennepi, hergestellt in Italien. Bequeme Sommerkleidung, perfekt f\u00fcr l\u00e4ssig-elegante Outfits mit Ballerinas, Slingbacks oder in kr\u00e4ftigen Farben.","robots":{"index":"index","follow":"follow","max-snippet":"max-snippet:-1","max-image-preview":"max-image-preview:large","max-video-preview":"max-video-preview:-1"},"canonical":"https:\/\/vintagellamoda.com\/de\/produkt\/schwarz-weisser-rock-aus-95-baumwolle-von-ennepi-hergestellt-in-italien\/","og_locale":"de_DE","og_type":"article","og_title":"Schwarzer und wei\u00dfer Baumwollrock von Ennepi | Hergestellt in Italien","og_description":"Schwarzer und wei\u00dfer Baumwollrock von Ennepi, hergestellt in Italien. Bequeme Sommerkleidung, perfekt f\u00fcr l\u00e4ssig-elegante Outfits mit Ballerinas, Slingbacks oder in kr\u00e4ftigen Farben.","og_url":"https:\/\/vintagellamoda.com\/de\/produkt\/schwarz-weisser-rock-aus-95-baumwolle-von-ennepi-hergestellt-in-italien\/","og_site_name":"Vintagella Moda","article_publisher":"https:\/\/www.facebook.com\/profile.php?id=61583665421269","article_modified_time":"2025-12-09T20:30:09+00:00","og_image":[{"width":2560,"height":1707,"url":"https:\/\/vintagellamoda.com\/wp-content\/uploads\/2025\/08\/DSC00172-scaled.jpg","type":"image\/jpeg"}],"twitter_card":"summary_large_image","schema":{"@context":"https:\/\/schema.org","@graph":[{"@type":"WebPage","@id":"https:\/\/vintagellamoda.com\/de\/produkt\/schwarz-weisser-rock-aus-95-baumwolle-von-ennepi-hergestellt-in-italien\/","url":"https:\/\/vintagellamoda.com\/de\/produkt\/schwarz-weisser-rock-aus-95-baumwolle-von-ennepi-hergestellt-in-italien\/","name":"Schwarzer und wei\u00dfer Baumwollrock von Ennepi | Hergestellt in Italien","isPartOf":{"@id":"https:\/\/vintagellamoda.com\/de\/#website"},"primaryImageOfPage":{"@id":"https:\/\/vintagellamoda.com\/de\/produkt\/schwarz-weisser-rock-aus-95-baumwolle-von-ennepi-hergestellt-in-italien\/#primaryimage"},"image":{"@id":"https:\/\/vintagellamoda.com\/de\/produkt\/schwarz-weisser-rock-aus-95-baumwolle-von-ennepi-hergestellt-in-italien\/#primaryimage"},"thumbnailUrl":"https:\/\/vintagellamoda.com\/wp-content\/uploads\/2025\/08\/DSC00172-scaled.jpg","datePublished":"2025-08-19T09:27:13+00:00","dateModified":"2025-12-09T20:30:09+00:00","description":"Schwarzer und wei\u00dfer Baumwollrock von Ennepi, hergestellt in Italien. Bequeme Sommerkleidung, perfekt f\u00fcr l\u00e4ssig-elegante Outfits mit Ballerinas, Slingbacks oder in kr\u00e4ftigen Farben.","breadcrumb":{"@id":"https:\/\/vintagellamoda.com\/de\/produkt\/schwarz-weisser-rock-aus-95-baumwolle-von-ennepi-hergestellt-in-italien\/#breadcrumb"},"inLanguage":"de","potentialAction":[{"@type":"ReadAction","target":["https:\/\/vintagellamoda.com\/de\/produkt\/schwarz-weisser-rock-aus-95-baumwolle-von-ennepi-hergestellt-in-italien\/"]}]},{"@type":"ImageObject","inLanguage":"de","@id":"https:\/\/vintagellamoda.com\/de\/produkt\/schwarz-weisser-rock-aus-95-baumwolle-von-ennepi-hergestellt-in-italien\/#primaryimage","url":"https:\/\/vintagellamoda.com\/wp-content\/uploads\/2025\/08\/DSC00172-scaled.jpg","contentUrl":"https:\/\/vintagellamoda.com\/wp-content\/uploads\/2025\/08\/DSC00172-scaled.jpg","width":2560,"height":1707},{"@type":"BreadcrumbList","@id":"https:\/\/vintagellamoda.com\/de\/produkt\/schwarz-weisser-rock-aus-95-baumwolle-von-ennepi-hergestellt-in-italien\/#breadcrumb","itemListElement":[{"@type":"ListItem","position":1,"name":"Home","item":"https:\/\/vintagellamoda.com\/de\/"},{"@type":"ListItem","position":2,"name":"Shop","item":"https:\/\/vintagellamoda.com\/de\/shop\/"},{"@type":"ListItem","position":3,"name":"Schwarz-wei\u00dfer Rock aus 95 % Baumwolle von Ennepi \u2013 Hergestellt in Italien"}]},{"@type":"WebSite","@id":"https:\/\/vintagellamoda.com\/de\/#website","url":"https:\/\/vintagellamoda.com\/de\/","name":"Vintagella Moda","description":"Italo vintage moda \u2014 Italian vintage fashion","publisher":{"@id":"https:\/\/vintagellamoda.com\/de\/#organization"},"potentialAction":[{"@type":"SearchAction","target":{"@type":"EntryPoint","urlTemplate":"https:\/\/vintagellamoda.com\/de\/?s={search_term_string}"},"query-input":{"@type":"PropertyValueSpecification","valueRequired":true,"valueName":"search_term_string"}}],"inLanguage":"de"},{"@type":"Organization","@id":"https:\/\/vintagellamoda.com\/de\/#organization","name":"Vintagella Moda","url":"https:\/\/vintagellamoda.com\/de\/","logo":{"@type":"ImageObject","inLanguage":"de","@id":"https:\/\/vintagellamoda.com\/de\/#\/schema\/logo\/image\/","url":"https:\/\/vintagellamoda.com\/wp-content\/uploads\/2025\/11\/favicon.png","contentUrl":"https:\/\/vintagellamoda.com\/wp-content\/uploads\/2025\/11\/favicon.png","width":2000,"height":2000,"caption":"Vintagella Moda"},"image":{"@id":"https:\/\/vintagellamoda.com\/de\/#\/schema\/logo\/image\/"},"sameAs":["https:\/\/www.facebook.com\/profile.php?id=61583665421269","https:\/\/www.instagram.com\/vintagellamoda\/","https:\/\/de.pinterest.com\/vintagellamoda"]}]}},"_links":{"self":[{"href":"https:\/\/vintagellamoda.com\/de\/wp-json\/wp\/v2\/product\/5151","targetHints":{"allow":["GET"]}}],"collection":[{"href":"https:\/\/vintagellamoda.com\/de\/wp-json\/wp\/v2\/product"}],"about":[{"href":"https:\/\/vintagellamoda.com\/de\/wp-json\/wp\/v2\/types\/product"}],"replies":[{"embeddable":true,"href":"https:\/\/vintagellamoda.com\/de\/wp-json\/wp\/v2\/comments?post=5151"}],"wp:featuredmedia":[{"embeddable":true,"href":"https:\/\/vintagellamoda.com\/de\/wp-json\/wp\/v2\/media\/5152"}],"wp:attachment":[{"href":"https:\/\/vintagellamoda.com\/de\/wp-json\/wp\/v2\/media?parent=5151"}],"wp:term":[{"taxonomy":"product_brand","embeddable":true,"href":"https:\/\/vintagellamoda.com\/de\/wp-json\/wp\/v2\/product_brand?post=5151"},{"taxonomy":"product_cat","embeddable":true,"href":"https:\/\/vintagellamoda.com\/de\/wp-json\/wp\/v2\/product_cat?post=5151"},{"taxonomy":"product_tag","embeddable":true,"href":"https:\/\/vintagellamoda.com\/de\/wp-json\/wp\/v2\/product_tag?post=5151"}],"curies":[{"name":"wp","href":"https:\/\/api.w.org\/{rel}","templated":true}]}}