{"id":5148,"date":"2025-08-19T09:28:56","date_gmt":"2025-08-19T09:28:56","guid":{"rendered":"https:\/\/vintagellamoda.com\/product\/roter-rock-mit-mustern-im-schottischen-stil\/"},"modified":"2025-12-09T20:33:45","modified_gmt":"2025-12-09T20:33:45","slug":"roter-rock-mit-mustern-im-schottischen-stil","status":"publish","type":"product","link":"https:\/\/vintagellamoda.com\/de\/produkt\/roter-rock-mit-mustern-im-schottischen-stil\/","title":{"rendered":"Roter Rock mit Mustern im schottischen Stil"},"content":{"rendered":"<p><span style=\"font-weight: 400;\">Dieser traditionelle schottische Rock ist ideal f\u00fcr Herbst und Winter. Kombinieren Sie ihn mit einem schlichten Oberteil in Rot, Gr\u00fcn oder Schwarz. Er ist in einem hervorragenden Zustand und weist keine sichtbaren M\u00e4ngel auf. Tragen Sie dazu hohe Stiefel. Der Rock ist bis auf ein kaum sichtbares kleines Loch in einem ausgezeichneten Zustand und wird daher zum reduzierten Preis angeboten.     <\/span><\/p>\n","protected":false},"excerpt":{"rendered":"<p>Artikelnummer: ART-57<\/p>\n","protected":false},"featured_media":5149,"comment_status":"open","ping_status":"closed","template":"","meta":[],"product_brand":[],"product_cat":[503],"product_tag":[],"class_list":{"0":"post-5148","1":"product","2":"type-product","3":"status-publish","4":"has-post-thumbnail","6":"product_cat-nicht-kategorisiert","8":"first","9":"instock","10":"sold-individually","11":"shipping-taxable","12":"purchasable","13":"product-type-simple"},"yoast_head":"<!-- This site is optimized with the Yoast SEO plugin v27.3 - https:\/\/yoast.com\/product\/yoast-seo-wordpress\/ -->\n<title>Eleganter dunkelblauer Rock von Silvana Alberio | Hergestellt in Italien<\/title>\n<meta name=\"description\" content=\"Eleganter, dunkelblauer Rock von Silvana Alberio, hergestellt in Italien. Perfekt f\u00fcrs B\u00fcro oder f\u00fcr die Freizeit, l\u00e4sst sich leicht mit Blusen oder einfarbigen Outfits kombinieren.\" \/>\n<meta name=\"robots\" content=\"index, follow, max-snippet:-1, max-image-preview:large, max-video-preview:-1\" \/>\n<link rel=\"canonical\" href=\"https:\/\/vintagellamoda.com\/de\/produkt\/roter-rock-mit-mustern-im-schottischen-stil\/\" \/>\n<meta property=\"og:locale\" content=\"de_DE\" \/>\n<meta property=\"og:type\" content=\"article\" \/>\n<meta property=\"og:title\" content=\"Eleganter dunkelblauer Rock von Silvana Alberio | Hergestellt in Italien\" \/>\n<meta property=\"og:description\" content=\"Eleganter, dunkelblauer Rock von Silvana Alberio, hergestellt in Italien. Perfekt f\u00fcrs B\u00fcro oder f\u00fcr die Freizeit, l\u00e4sst sich leicht mit Blusen oder einfarbigen Outfits kombinieren.\" \/>\n<meta property=\"og:url\" content=\"https:\/\/vintagellamoda.com\/de\/produkt\/roter-rock-mit-mustern-im-schottischen-stil\/\" \/>\n<meta property=\"og:site_name\" content=\"Vintagella Moda\" \/>\n<meta property=\"article:publisher\" content=\"https:\/\/www.facebook.com\/profile.php?id=61583665421269\" \/>\n<meta property=\"article:modified_time\" content=\"2025-12-09T20:33:45+00:00\" \/>\n<meta property=\"og:image\" content=\"https:\/\/vintagellamoda.com\/wp-content\/uploads\/2025\/08\/DSC00184-scaled.jpg\" \/>\n\t<meta property=\"og:image:width\" content=\"2560\" \/>\n\t<meta property=\"og:image:height\" content=\"1707\" \/>\n\t<meta property=\"og:image:type\" content=\"image\/jpeg\" \/>\n<meta name=\"twitter:card\" content=\"summary_large_image\" \/>\n<script type=\"application\/ld+json\" class=\"yoast-schema-graph\">{\"@context\":\"https:\\\/\\\/schema.org\",\"@graph\":[{\"@type\":\"WebPage\",\"@id\":\"https:\\\/\\\/vintagellamoda.com\\\/de\\\/produkt\\\/roter-rock-mit-mustern-im-schottischen-stil\\\/\",\"url\":\"https:\\\/\\\/vintagellamoda.com\\\/de\\\/produkt\\\/roter-rock-mit-mustern-im-schottischen-stil\\\/\",\"name\":\"Eleganter dunkelblauer Rock von Silvana Alberio | Hergestellt in Italien\",\"isPartOf\":{\"@id\":\"https:\\\/\\\/vintagellamoda.com\\\/de\\\/#website\"},\"primaryImageOfPage\":{\"@id\":\"https:\\\/\\\/vintagellamoda.com\\\/de\\\/produkt\\\/roter-rock-mit-mustern-im-schottischen-stil\\\/#primaryimage\"},\"image\":{\"@id\":\"https:\\\/\\\/vintagellamoda.com\\\/de\\\/produkt\\\/roter-rock-mit-mustern-im-schottischen-stil\\\/#primaryimage\"},\"thumbnailUrl\":\"https:\\\/\\\/vintagellamoda.com\\\/wp-content\\\/uploads\\\/2025\\\/08\\\/DSC00184-scaled.jpg\",\"datePublished\":\"2025-08-19T09:28:56+00:00\",\"dateModified\":\"2025-12-09T20:33:45+00:00\",\"description\":\"Eleganter, dunkelblauer Rock von Silvana Alberio, hergestellt in Italien. Perfekt f\u00fcrs B\u00fcro oder f\u00fcr die Freizeit, l\u00e4sst sich leicht mit Blusen oder einfarbigen Outfits kombinieren.\",\"breadcrumb\":{\"@id\":\"https:\\\/\\\/vintagellamoda.com\\\/de\\\/produkt\\\/roter-rock-mit-mustern-im-schottischen-stil\\\/#breadcrumb\"},\"inLanguage\":\"de\",\"potentialAction\":[{\"@type\":\"ReadAction\",\"target\":[\"https:\\\/\\\/vintagellamoda.com\\\/de\\\/produkt\\\/roter-rock-mit-mustern-im-schottischen-stil\\\/\"]}]},{\"@type\":\"ImageObject\",\"inLanguage\":\"de\",\"@id\":\"https:\\\/\\\/vintagellamoda.com\\\/de\\\/produkt\\\/roter-rock-mit-mustern-im-schottischen-stil\\\/#primaryimage\",\"url\":\"https:\\\/\\\/vintagellamoda.com\\\/wp-content\\\/uploads\\\/2025\\\/08\\\/DSC00184-scaled.jpg\",\"contentUrl\":\"https:\\\/\\\/vintagellamoda.com\\\/wp-content\\\/uploads\\\/2025\\\/08\\\/DSC00184-scaled.jpg\",\"width\":2560,\"height\":1707},{\"@type\":\"BreadcrumbList\",\"@id\":\"https:\\\/\\\/vintagellamoda.com\\\/de\\\/produkt\\\/roter-rock-mit-mustern-im-schottischen-stil\\\/#breadcrumb\",\"itemListElement\":[{\"@type\":\"ListItem\",\"position\":1,\"name\":\"Home\",\"item\":\"https:\\\/\\\/vintagellamoda.com\\\/de\\\/\"},{\"@type\":\"ListItem\",\"position\":2,\"name\":\"Shop\",\"item\":\"https:\\\/\\\/vintagellamoda.com\\\/de\\\/shop\\\/\"},{\"@type\":\"ListItem\",\"position\":3,\"name\":\"Roter Rock mit Mustern im schottischen Stil\"}]},{\"@type\":\"WebSite\",\"@id\":\"https:\\\/\\\/vintagellamoda.com\\\/de\\\/#website\",\"url\":\"https:\\\/\\\/vintagellamoda.com\\\/de\\\/\",\"name\":\"Vintagella Moda\",\"description\":\"Italo vintage moda \u2014 Italian vintage fashion\",\"publisher\":{\"@id\":\"https:\\\/\\\/vintagellamoda.com\\\/de\\\/#organization\"},\"potentialAction\":[{\"@type\":\"SearchAction\",\"target\":{\"@type\":\"EntryPoint\",\"urlTemplate\":\"https:\\\/\\\/vintagellamoda.com\\\/de\\\/?s={search_term_string}\"},\"query-input\":{\"@type\":\"PropertyValueSpecification\",\"valueRequired\":true,\"valueName\":\"search_term_string\"}}],\"inLanguage\":\"de\"},{\"@type\":\"Organization\",\"@id\":\"https:\\\/\\\/vintagellamoda.com\\\/de\\\/#organization\",\"name\":\"Vintagella Moda\",\"url\":\"https:\\\/\\\/vintagellamoda.com\\\/de\\\/\",\"logo\":{\"@type\":\"ImageObject\",\"inLanguage\":\"de\",\"@id\":\"https:\\\/\\\/vintagellamoda.com\\\/de\\\/#\\\/schema\\\/logo\\\/image\\\/\",\"url\":\"https:\\\/\\\/vintagellamoda.com\\\/wp-content\\\/uploads\\\/2025\\\/11\\\/favicon.png\",\"contentUrl\":\"https:\\\/\\\/vintagellamoda.com\\\/wp-content\\\/uploads\\\/2025\\\/11\\\/favicon.png\",\"width\":2000,\"height\":2000,\"caption\":\"Vintagella Moda\"},\"image\":{\"@id\":\"https:\\\/\\\/vintagellamoda.com\\\/de\\\/#\\\/schema\\\/logo\\\/image\\\/\"},\"sameAs\":[\"https:\\\/\\\/www.facebook.com\\\/profile.php?id=61583665421269\",\"https:\\\/\\\/www.instagram.com\\\/vintagellamoda\\\/\",\"https:\\\/\\\/de.pinterest.com\\\/vintagellamoda\"]}]}<\/script>\n<!-- \/ Yoast SEO plugin. -->","yoast_head_json":{"title":"Eleganter dunkelblauer Rock von Silvana Alberio | Hergestellt in Italien","description":"Eleganter, dunkelblauer Rock von Silvana Alberio, hergestellt in Italien. Perfekt f\u00fcrs B\u00fcro oder f\u00fcr die Freizeit, l\u00e4sst sich leicht mit Blusen oder einfarbigen Outfits kombinieren.","robots":{"index":"index","follow":"follow","max-snippet":"max-snippet:-1","max-image-preview":"max-image-preview:large","max-video-preview":"max-video-preview:-1"},"canonical":"https:\/\/vintagellamoda.com\/de\/produkt\/roter-rock-mit-mustern-im-schottischen-stil\/","og_locale":"de_DE","og_type":"article","og_title":"Eleganter dunkelblauer Rock von Silvana Alberio | Hergestellt in Italien","og_description":"Eleganter, dunkelblauer Rock von Silvana Alberio, hergestellt in Italien. Perfekt f\u00fcrs B\u00fcro oder f\u00fcr die Freizeit, l\u00e4sst sich leicht mit Blusen oder einfarbigen Outfits kombinieren.","og_url":"https:\/\/vintagellamoda.com\/de\/produkt\/roter-rock-mit-mustern-im-schottischen-stil\/","og_site_name":"Vintagella Moda","article_publisher":"https:\/\/www.facebook.com\/profile.php?id=61583665421269","article_modified_time":"2025-12-09T20:33:45+00:00","og_image":[{"width":2560,"height":1707,"url":"https:\/\/vintagellamoda.com\/wp-content\/uploads\/2025\/08\/DSC00184-scaled.jpg","type":"image\/jpeg"}],"twitter_card":"summary_large_image","schema":{"@context":"https:\/\/schema.org","@graph":[{"@type":"WebPage","@id":"https:\/\/vintagellamoda.com\/de\/produkt\/roter-rock-mit-mustern-im-schottischen-stil\/","url":"https:\/\/vintagellamoda.com\/de\/produkt\/roter-rock-mit-mustern-im-schottischen-stil\/","name":"Eleganter dunkelblauer Rock von Silvana Alberio | Hergestellt in Italien","isPartOf":{"@id":"https:\/\/vintagellamoda.com\/de\/#website"},"primaryImageOfPage":{"@id":"https:\/\/vintagellamoda.com\/de\/produkt\/roter-rock-mit-mustern-im-schottischen-stil\/#primaryimage"},"image":{"@id":"https:\/\/vintagellamoda.com\/de\/produkt\/roter-rock-mit-mustern-im-schottischen-stil\/#primaryimage"},"thumbnailUrl":"https:\/\/vintagellamoda.com\/wp-content\/uploads\/2025\/08\/DSC00184-scaled.jpg","datePublished":"2025-08-19T09:28:56+00:00","dateModified":"2025-12-09T20:33:45+00:00","description":"Eleganter, dunkelblauer Rock von Silvana Alberio, hergestellt in Italien. Perfekt f\u00fcrs B\u00fcro oder f\u00fcr die Freizeit, l\u00e4sst sich leicht mit Blusen oder einfarbigen Outfits kombinieren.","breadcrumb":{"@id":"https:\/\/vintagellamoda.com\/de\/produkt\/roter-rock-mit-mustern-im-schottischen-stil\/#breadcrumb"},"inLanguage":"de","potentialAction":[{"@type":"ReadAction","target":["https:\/\/vintagellamoda.com\/de\/produkt\/roter-rock-mit-mustern-im-schottischen-stil\/"]}]},{"@type":"ImageObject","inLanguage":"de","@id":"https:\/\/vintagellamoda.com\/de\/produkt\/roter-rock-mit-mustern-im-schottischen-stil\/#primaryimage","url":"https:\/\/vintagellamoda.com\/wp-content\/uploads\/2025\/08\/DSC00184-scaled.jpg","contentUrl":"https:\/\/vintagellamoda.com\/wp-content\/uploads\/2025\/08\/DSC00184-scaled.jpg","width":2560,"height":1707},{"@type":"BreadcrumbList","@id":"https:\/\/vintagellamoda.com\/de\/produkt\/roter-rock-mit-mustern-im-schottischen-stil\/#breadcrumb","itemListElement":[{"@type":"ListItem","position":1,"name":"Home","item":"https:\/\/vintagellamoda.com\/de\/"},{"@type":"ListItem","position":2,"name":"Shop","item":"https:\/\/vintagellamoda.com\/de\/shop\/"},{"@type":"ListItem","position":3,"name":"Roter Rock mit Mustern im schottischen Stil"}]},{"@type":"WebSite","@id":"https:\/\/vintagellamoda.com\/de\/#website","url":"https:\/\/vintagellamoda.com\/de\/","name":"Vintagella Moda","description":"Italo vintage moda \u2014 Italian vintage fashion","publisher":{"@id":"https:\/\/vintagellamoda.com\/de\/#organization"},"potentialAction":[{"@type":"SearchAction","target":{"@type":"EntryPoint","urlTemplate":"https:\/\/vintagellamoda.com\/de\/?s={search_term_string}"},"query-input":{"@type":"PropertyValueSpecification","valueRequired":true,"valueName":"search_term_string"}}],"inLanguage":"de"},{"@type":"Organization","@id":"https:\/\/vintagellamoda.com\/de\/#organization","name":"Vintagella Moda","url":"https:\/\/vintagellamoda.com\/de\/","logo":{"@type":"ImageObject","inLanguage":"de","@id":"https:\/\/vintagellamoda.com\/de\/#\/schema\/logo\/image\/","url":"https:\/\/vintagellamoda.com\/wp-content\/uploads\/2025\/11\/favicon.png","contentUrl":"https:\/\/vintagellamoda.com\/wp-content\/uploads\/2025\/11\/favicon.png","width":2000,"height":2000,"caption":"Vintagella Moda"},"image":{"@id":"https:\/\/vintagellamoda.com\/de\/#\/schema\/logo\/image\/"},"sameAs":["https:\/\/www.facebook.com\/profile.php?id=61583665421269","https:\/\/www.instagram.com\/vintagellamoda\/","https:\/\/de.pinterest.com\/vintagellamoda"]}]}},"_links":{"self":[{"href":"https:\/\/vintagellamoda.com\/de\/wp-json\/wp\/v2\/product\/5148","targetHints":{"allow":["GET"]}}],"collection":[{"href":"https:\/\/vintagellamoda.com\/de\/wp-json\/wp\/v2\/product"}],"about":[{"href":"https:\/\/vintagellamoda.com\/de\/wp-json\/wp\/v2\/types\/product"}],"replies":[{"embeddable":true,"href":"https:\/\/vintagellamoda.com\/de\/wp-json\/wp\/v2\/comments?post=5148"}],"wp:featuredmedia":[{"embeddable":true,"href":"https:\/\/vintagellamoda.com\/de\/wp-json\/wp\/v2\/media\/5149"}],"wp:attachment":[{"href":"https:\/\/vintagellamoda.com\/de\/wp-json\/wp\/v2\/media?parent=5148"}],"wp:term":[{"taxonomy":"product_brand","embeddable":true,"href":"https:\/\/vintagellamoda.com\/de\/wp-json\/wp\/v2\/product_brand?post=5148"},{"taxonomy":"product_cat","embeddable":true,"href":"https:\/\/vintagellamoda.com\/de\/wp-json\/wp\/v2\/product_cat?post=5148"},{"taxonomy":"product_tag","embeddable":true,"href":"https:\/\/vintagellamoda.com\/de\/wp-json\/wp\/v2\/product_tag?post=5148"}],"curies":[{"name":"wp","href":"https:\/\/api.w.org\/{rel}","templated":true}]}}