{"id":5145,"date":"2025-08-19T09:32:52","date_gmt":"2025-08-19T09:32:52","guid":{"rendered":"https:\/\/vintagellamoda.com\/product\/dunkelblauer-rock-von-silvana-alberio-hergestellt-in-italien\/"},"modified":"2025-12-09T20:28:24","modified_gmt":"2025-12-09T20:28:24","slug":"dunkelblauer-rock-von-silvana-alberio-hergestellt-in-italien","status":"publish","type":"product","link":"https:\/\/vintagellamoda.com\/de\/produkt\/dunkelblauer-rock-von-silvana-alberio-hergestellt-in-italien\/","title":{"rendered":"Dunkelblauer Rock von Silvana Alberio \u2013 Hergestellt in Italien"},"content":{"rendered":"<p><span style=\"font-weight: 400;\">Dieser elegante Rock des italienischen Labels Silvana Alberio eignet sich perfekt f\u00fcrs B\u00fcro oder f\u00fcr ein Treffen mit Freunden oder Kollegen nach der Arbeit auf einen Aperitif. Er besticht durch sein dezentes, neutrales Blau und l\u00e4sst sich vielseitig kombinieren. Ob komplett in Blau oder monochrom mit anderen Blaut\u00f6nen \u2013 er verleiht jedem Outfit eine elegante Note. Der Rock ist in exzellentem Zustand und weist keinerlei sichtbare M\u00e4ngel auf. Sie k\u00f6nnen ihn ganz in Blau tragen oder mit einer wei\u00dfen, braunen oder rosafarbenen Bluse kombinieren. Er hat einen kurzen Rei\u00dfverschluss und einen Schlitz.     <\/span><\/p>\n","protected":false},"excerpt":{"rendered":"<p>Bauchumfang: 38 cm<br \/>\nGesamtl\u00e4nge: 68 cm<br \/>\nMarke: Italienisches Label Silvana Alberio<br \/>\nMaterial: Etikett fehlt<br \/>\nArtikelnummer: ART-58<\/p>\n","protected":false},"featured_media":5146,"comment_status":"open","ping_status":"closed","template":"","meta":[],"product_brand":[483],"product_cat":[503],"product_tag":[],"class_list":{"0":"post-5145","1":"product","2":"type-product","3":"status-publish","4":"has-post-thumbnail","6":"product_brand-italian-label-silvan-alberio","7":"product_cat-nicht-kategorisiert","9":"first","10":"instock","11":"sold-individually","12":"shipping-taxable","13":"purchasable","14":"product-type-simple"},"yoast_head":"<!-- This site is optimized with the Yoast SEO plugin v27.3 - https:\/\/yoast.com\/product\/yoast-seo-wordpress\/ -->\n<title>Eleganter dunkelblauer Rock von Silvana Alberio | Hergestellt in Italien<\/title>\n<meta name=\"description\" content=\"Eleganter, dunkelblauer Rock von Silvana Alberio, hergestellt in Italien. Perfekt f\u00fcrs B\u00fcro oder f\u00fcr die Freizeit, l\u00e4sst sich leicht mit Blusen oder einfarbigen Outfits kombinieren.\" \/>\n<meta name=\"robots\" content=\"index, follow, max-snippet:-1, max-image-preview:large, max-video-preview:-1\" \/>\n<link rel=\"canonical\" href=\"https:\/\/vintagellamoda.com\/de\/produkt\/dunkelblauer-rock-von-silvana-alberio-hergestellt-in-italien\/\" \/>\n<meta property=\"og:locale\" content=\"de_DE\" \/>\n<meta property=\"og:type\" content=\"article\" \/>\n<meta property=\"og:title\" content=\"Eleganter dunkelblauer Rock von Silvana Alberio | Hergestellt in Italien\" \/>\n<meta property=\"og:description\" content=\"Eleganter, dunkelblauer Rock von Silvana Alberio, hergestellt in Italien. Perfekt f\u00fcrs B\u00fcro oder f\u00fcr die Freizeit, l\u00e4sst sich leicht mit Blusen oder einfarbigen Outfits kombinieren.\" \/>\n<meta property=\"og:url\" content=\"https:\/\/vintagellamoda.com\/de\/produkt\/dunkelblauer-rock-von-silvana-alberio-hergestellt-in-italien\/\" \/>\n<meta property=\"og:site_name\" content=\"Vintagella Moda\" \/>\n<meta property=\"article:publisher\" content=\"https:\/\/www.facebook.com\/profile.php?id=61583665421269\" \/>\n<meta property=\"article:modified_time\" content=\"2025-12-09T20:28:24+00:00\" \/>\n<meta property=\"og:image\" content=\"https:\/\/vintagellamoda.com\/wp-content\/uploads\/2025\/08\/DSC00194-scaled.jpg\" \/>\n\t<meta property=\"og:image:width\" content=\"1707\" \/>\n\t<meta property=\"og:image:height\" content=\"2560\" \/>\n\t<meta property=\"og:image:type\" content=\"image\/jpeg\" \/>\n<meta name=\"twitter:card\" content=\"summary_large_image\" \/>\n<meta name=\"twitter:label1\" content=\"Gesch\u00e4tzte Lesezeit\" \/>\n\t<meta name=\"twitter:data1\" content=\"1\u00a0Minute\" \/>\n<script type=\"application\/ld+json\" class=\"yoast-schema-graph\">{\"@context\":\"https:\\\/\\\/schema.org\",\"@graph\":[{\"@type\":\"WebPage\",\"@id\":\"https:\\\/\\\/vintagellamoda.com\\\/de\\\/produkt\\\/dunkelblauer-rock-von-silvana-alberio-hergestellt-in-italien\\\/\",\"url\":\"https:\\\/\\\/vintagellamoda.com\\\/de\\\/produkt\\\/dunkelblauer-rock-von-silvana-alberio-hergestellt-in-italien\\\/\",\"name\":\"Eleganter dunkelblauer Rock von Silvana Alberio | Hergestellt in Italien\",\"isPartOf\":{\"@id\":\"https:\\\/\\\/vintagellamoda.com\\\/de\\\/#website\"},\"primaryImageOfPage\":{\"@id\":\"https:\\\/\\\/vintagellamoda.com\\\/de\\\/produkt\\\/dunkelblauer-rock-von-silvana-alberio-hergestellt-in-italien\\\/#primaryimage\"},\"image\":{\"@id\":\"https:\\\/\\\/vintagellamoda.com\\\/de\\\/produkt\\\/dunkelblauer-rock-von-silvana-alberio-hergestellt-in-italien\\\/#primaryimage\"},\"thumbnailUrl\":\"https:\\\/\\\/vintagellamoda.com\\\/wp-content\\\/uploads\\\/2025\\\/08\\\/DSC00194-scaled.jpg\",\"datePublished\":\"2025-08-19T09:32:52+00:00\",\"dateModified\":\"2025-12-09T20:28:24+00:00\",\"description\":\"Eleganter, dunkelblauer Rock von Silvana Alberio, hergestellt in Italien. Perfekt f\u00fcrs B\u00fcro oder f\u00fcr die Freizeit, l\u00e4sst sich leicht mit Blusen oder einfarbigen Outfits kombinieren.\",\"breadcrumb\":{\"@id\":\"https:\\\/\\\/vintagellamoda.com\\\/de\\\/produkt\\\/dunkelblauer-rock-von-silvana-alberio-hergestellt-in-italien\\\/#breadcrumb\"},\"inLanguage\":\"de\",\"potentialAction\":[{\"@type\":\"ReadAction\",\"target\":[\"https:\\\/\\\/vintagellamoda.com\\\/de\\\/produkt\\\/dunkelblauer-rock-von-silvana-alberio-hergestellt-in-italien\\\/\"]}]},{\"@type\":\"ImageObject\",\"inLanguage\":\"de\",\"@id\":\"https:\\\/\\\/vintagellamoda.com\\\/de\\\/produkt\\\/dunkelblauer-rock-von-silvana-alberio-hergestellt-in-italien\\\/#primaryimage\",\"url\":\"https:\\\/\\\/vintagellamoda.com\\\/wp-content\\\/uploads\\\/2025\\\/08\\\/DSC00194-scaled.jpg\",\"contentUrl\":\"https:\\\/\\\/vintagellamoda.com\\\/wp-content\\\/uploads\\\/2025\\\/08\\\/DSC00194-scaled.jpg\",\"width\":1707,\"height\":2560},{\"@type\":\"BreadcrumbList\",\"@id\":\"https:\\\/\\\/vintagellamoda.com\\\/de\\\/produkt\\\/dunkelblauer-rock-von-silvana-alberio-hergestellt-in-italien\\\/#breadcrumb\",\"itemListElement\":[{\"@type\":\"ListItem\",\"position\":1,\"name\":\"Home\",\"item\":\"https:\\\/\\\/vintagellamoda.com\\\/de\\\/\"},{\"@type\":\"ListItem\",\"position\":2,\"name\":\"Shop\",\"item\":\"https:\\\/\\\/vintagellamoda.com\\\/de\\\/shop\\\/\"},{\"@type\":\"ListItem\",\"position\":3,\"name\":\"Dunkelblauer Rock von Silvana Alberio \u2013 Hergestellt in Italien\"}]},{\"@type\":\"WebSite\",\"@id\":\"https:\\\/\\\/vintagellamoda.com\\\/de\\\/#website\",\"url\":\"https:\\\/\\\/vintagellamoda.com\\\/de\\\/\",\"name\":\"Vintagella Moda\",\"description\":\"Italo vintage moda \u2014 Italian vintage fashion\",\"publisher\":{\"@id\":\"https:\\\/\\\/vintagellamoda.com\\\/de\\\/#organization\"},\"potentialAction\":[{\"@type\":\"SearchAction\",\"target\":{\"@type\":\"EntryPoint\",\"urlTemplate\":\"https:\\\/\\\/vintagellamoda.com\\\/de\\\/?s={search_term_string}\"},\"query-input\":{\"@type\":\"PropertyValueSpecification\",\"valueRequired\":true,\"valueName\":\"search_term_string\"}}],\"inLanguage\":\"de\"},{\"@type\":\"Organization\",\"@id\":\"https:\\\/\\\/vintagellamoda.com\\\/de\\\/#organization\",\"name\":\"Vintagella Moda\",\"url\":\"https:\\\/\\\/vintagellamoda.com\\\/de\\\/\",\"logo\":{\"@type\":\"ImageObject\",\"inLanguage\":\"de\",\"@id\":\"https:\\\/\\\/vintagellamoda.com\\\/de\\\/#\\\/schema\\\/logo\\\/image\\\/\",\"url\":\"https:\\\/\\\/vintagellamoda.com\\\/wp-content\\\/uploads\\\/2025\\\/11\\\/favicon.png\",\"contentUrl\":\"https:\\\/\\\/vintagellamoda.com\\\/wp-content\\\/uploads\\\/2025\\\/11\\\/favicon.png\",\"width\":2000,\"height\":2000,\"caption\":\"Vintagella Moda\"},\"image\":{\"@id\":\"https:\\\/\\\/vintagellamoda.com\\\/de\\\/#\\\/schema\\\/logo\\\/image\\\/\"},\"sameAs\":[\"https:\\\/\\\/www.facebook.com\\\/profile.php?id=61583665421269\",\"https:\\\/\\\/www.instagram.com\\\/vintagellamoda\\\/\",\"https:\\\/\\\/de.pinterest.com\\\/vintagellamoda\"]}]}<\/script>\n<!-- \/ Yoast SEO plugin. -->","yoast_head_json":{"title":"Eleganter dunkelblauer Rock von Silvana Alberio | Hergestellt in Italien","description":"Eleganter, dunkelblauer Rock von Silvana Alberio, hergestellt in Italien. Perfekt f\u00fcrs B\u00fcro oder f\u00fcr die Freizeit, l\u00e4sst sich leicht mit Blusen oder einfarbigen Outfits kombinieren.","robots":{"index":"index","follow":"follow","max-snippet":"max-snippet:-1","max-image-preview":"max-image-preview:large","max-video-preview":"max-video-preview:-1"},"canonical":"https:\/\/vintagellamoda.com\/de\/produkt\/dunkelblauer-rock-von-silvana-alberio-hergestellt-in-italien\/","og_locale":"de_DE","og_type":"article","og_title":"Eleganter dunkelblauer Rock von Silvana Alberio | Hergestellt in Italien","og_description":"Eleganter, dunkelblauer Rock von Silvana Alberio, hergestellt in Italien. Perfekt f\u00fcrs B\u00fcro oder f\u00fcr die Freizeit, l\u00e4sst sich leicht mit Blusen oder einfarbigen Outfits kombinieren.","og_url":"https:\/\/vintagellamoda.com\/de\/produkt\/dunkelblauer-rock-von-silvana-alberio-hergestellt-in-italien\/","og_site_name":"Vintagella Moda","article_publisher":"https:\/\/www.facebook.com\/profile.php?id=61583665421269","article_modified_time":"2025-12-09T20:28:24+00:00","og_image":[{"width":1707,"height":2560,"url":"https:\/\/vintagellamoda.com\/wp-content\/uploads\/2025\/08\/DSC00194-scaled.jpg","type":"image\/jpeg"}],"twitter_card":"summary_large_image","twitter_misc":{"Gesch\u00e4tzte Lesezeit":"1\u00a0Minute"},"schema":{"@context":"https:\/\/schema.org","@graph":[{"@type":"WebPage","@id":"https:\/\/vintagellamoda.com\/de\/produkt\/dunkelblauer-rock-von-silvana-alberio-hergestellt-in-italien\/","url":"https:\/\/vintagellamoda.com\/de\/produkt\/dunkelblauer-rock-von-silvana-alberio-hergestellt-in-italien\/","name":"Eleganter dunkelblauer Rock von Silvana Alberio | Hergestellt in Italien","isPartOf":{"@id":"https:\/\/vintagellamoda.com\/de\/#website"},"primaryImageOfPage":{"@id":"https:\/\/vintagellamoda.com\/de\/produkt\/dunkelblauer-rock-von-silvana-alberio-hergestellt-in-italien\/#primaryimage"},"image":{"@id":"https:\/\/vintagellamoda.com\/de\/produkt\/dunkelblauer-rock-von-silvana-alberio-hergestellt-in-italien\/#primaryimage"},"thumbnailUrl":"https:\/\/vintagellamoda.com\/wp-content\/uploads\/2025\/08\/DSC00194-scaled.jpg","datePublished":"2025-08-19T09:32:52+00:00","dateModified":"2025-12-09T20:28:24+00:00","description":"Eleganter, dunkelblauer Rock von Silvana Alberio, hergestellt in Italien. Perfekt f\u00fcrs B\u00fcro oder f\u00fcr die Freizeit, l\u00e4sst sich leicht mit Blusen oder einfarbigen Outfits kombinieren.","breadcrumb":{"@id":"https:\/\/vintagellamoda.com\/de\/produkt\/dunkelblauer-rock-von-silvana-alberio-hergestellt-in-italien\/#breadcrumb"},"inLanguage":"de","potentialAction":[{"@type":"ReadAction","target":["https:\/\/vintagellamoda.com\/de\/produkt\/dunkelblauer-rock-von-silvana-alberio-hergestellt-in-italien\/"]}]},{"@type":"ImageObject","inLanguage":"de","@id":"https:\/\/vintagellamoda.com\/de\/produkt\/dunkelblauer-rock-von-silvana-alberio-hergestellt-in-italien\/#primaryimage","url":"https:\/\/vintagellamoda.com\/wp-content\/uploads\/2025\/08\/DSC00194-scaled.jpg","contentUrl":"https:\/\/vintagellamoda.com\/wp-content\/uploads\/2025\/08\/DSC00194-scaled.jpg","width":1707,"height":2560},{"@type":"BreadcrumbList","@id":"https:\/\/vintagellamoda.com\/de\/produkt\/dunkelblauer-rock-von-silvana-alberio-hergestellt-in-italien\/#breadcrumb","itemListElement":[{"@type":"ListItem","position":1,"name":"Home","item":"https:\/\/vintagellamoda.com\/de\/"},{"@type":"ListItem","position":2,"name":"Shop","item":"https:\/\/vintagellamoda.com\/de\/shop\/"},{"@type":"ListItem","position":3,"name":"Dunkelblauer Rock von Silvana Alberio \u2013 Hergestellt in Italien"}]},{"@type":"WebSite","@id":"https:\/\/vintagellamoda.com\/de\/#website","url":"https:\/\/vintagellamoda.com\/de\/","name":"Vintagella Moda","description":"Italo vintage moda \u2014 Italian vintage fashion","publisher":{"@id":"https:\/\/vintagellamoda.com\/de\/#organization"},"potentialAction":[{"@type":"SearchAction","target":{"@type":"EntryPoint","urlTemplate":"https:\/\/vintagellamoda.com\/de\/?s={search_term_string}"},"query-input":{"@type":"PropertyValueSpecification","valueRequired":true,"valueName":"search_term_string"}}],"inLanguage":"de"},{"@type":"Organization","@id":"https:\/\/vintagellamoda.com\/de\/#organization","name":"Vintagella Moda","url":"https:\/\/vintagellamoda.com\/de\/","logo":{"@type":"ImageObject","inLanguage":"de","@id":"https:\/\/vintagellamoda.com\/de\/#\/schema\/logo\/image\/","url":"https:\/\/vintagellamoda.com\/wp-content\/uploads\/2025\/11\/favicon.png","contentUrl":"https:\/\/vintagellamoda.com\/wp-content\/uploads\/2025\/11\/favicon.png","width":2000,"height":2000,"caption":"Vintagella Moda"},"image":{"@id":"https:\/\/vintagellamoda.com\/de\/#\/schema\/logo\/image\/"},"sameAs":["https:\/\/www.facebook.com\/profile.php?id=61583665421269","https:\/\/www.instagram.com\/vintagellamoda\/","https:\/\/de.pinterest.com\/vintagellamoda"]}]}},"_links":{"self":[{"href":"https:\/\/vintagellamoda.com\/de\/wp-json\/wp\/v2\/product\/5145","targetHints":{"allow":["GET"]}}],"collection":[{"href":"https:\/\/vintagellamoda.com\/de\/wp-json\/wp\/v2\/product"}],"about":[{"href":"https:\/\/vintagellamoda.com\/de\/wp-json\/wp\/v2\/types\/product"}],"replies":[{"embeddable":true,"href":"https:\/\/vintagellamoda.com\/de\/wp-json\/wp\/v2\/comments?post=5145"}],"wp:featuredmedia":[{"embeddable":true,"href":"https:\/\/vintagellamoda.com\/de\/wp-json\/wp\/v2\/media\/5146"}],"wp:attachment":[{"href":"https:\/\/vintagellamoda.com\/de\/wp-json\/wp\/v2\/media?parent=5145"}],"wp:term":[{"taxonomy":"product_brand","embeddable":true,"href":"https:\/\/vintagellamoda.com\/de\/wp-json\/wp\/v2\/product_brand?post=5145"},{"taxonomy":"product_cat","embeddable":true,"href":"https:\/\/vintagellamoda.com\/de\/wp-json\/wp\/v2\/product_cat?post=5145"},{"taxonomy":"product_tag","embeddable":true,"href":"https:\/\/vintagellamoda.com\/de\/wp-json\/wp\/v2\/product_tag?post=5145"}],"curies":[{"name":"wp","href":"https:\/\/api.w.org\/{rel}","templated":true}]}}