{"id":5142,"date":"2025-08-19T09:34:51","date_gmt":"2025-08-19T09:34:51","guid":{"rendered":"https:\/\/vintagellamoda.com\/product\/schicker-schwarzer-rock-von-cortina-made-in-italy\/"},"modified":"2025-12-09T20:31:03","modified_gmt":"2025-12-09T20:31:03","slug":"schicker-schwarzer-rock-von-cortina-made-in-italy","status":"publish","type":"product","link":"https:\/\/vintagellamoda.com\/de\/produkt\/schicker-schwarzer-rock-von-cortina-made-in-italy\/","title":{"rendered":"Schicker schwarzer Rock von Cortina \u2013 Made in Italy"},"content":{"rendered":"<p><span style=\"font-weight: 400;\">Dieser schicke Rock der italienischen Marke Cortina l\u00e4sst sich je nach Anlass elegant oder leger stylen. Er ist in exzellentem Zustand und weist keinerlei sichtbare M\u00e4ngel auf. Kombinieren Sie ihn mit Slingbacks, um Ihre Beine optisch zu verl\u00e4ngern, oder mit Loafern. Die Farbauswahl f\u00fcr Oberteile und Accessoires ist unbegrenzt. Er ist ideal f\u00fcr einen gelungenen Abendlook.    <\/span><\/p>\n","protected":false},"excerpt":{"rendered":"<p>Gr\u00f6\u00dfe: IT 46, D 40, F 42, UK 14, US 10<br \/>\nBauchumfang: 43 cm<br \/>\nGesamtl\u00e4nge: 63 cm<br \/>\nMarke: Italienisches Label Cortina<br \/>\nMaterial: 36 % Baumwolle, 54 % Viskose, 10 % Leinen<br \/>\nArtikelnummer: ART-59 <\/p>\n","protected":false},"featured_media":5143,"comment_status":"open","ping_status":"closed","template":"","meta":[],"product_brand":[484],"product_cat":[503],"product_tag":[],"class_list":{"0":"post-5142","1":"product","2":"type-product","3":"status-publish","4":"has-post-thumbnail","6":"product_brand-italian-label-cortina","7":"product_cat-nicht-kategorisiert","9":"first","10":"instock","11":"sold-individually","12":"shipping-taxable","13":"purchasable","14":"product-type-simple"},"yoast_head":"<!-- This site is optimized with the Yoast SEO plugin v27.3 - https:\/\/yoast.com\/product\/yoast-seo-wordpress\/ -->\n<title>Eleganter schwarzer Baumwollrock von Cortina | Hergestellt in Italien<\/title>\n<meta name=\"description\" content=\"Schicker schwarzer Baumwollrock von Cortina, hergestellt in Italien. Vielseitig einsetzbar f\u00fcr elegante oder legere Outfits, perfekt f\u00fcr den Abend. Jetzt kaufen auf vintagellamoda.com!\" \/>\n<meta name=\"robots\" content=\"index, follow, max-snippet:-1, max-image-preview:large, max-video-preview:-1\" \/>\n<link rel=\"canonical\" href=\"https:\/\/vintagellamoda.com\/de\/produkt\/schicker-schwarzer-rock-von-cortina-made-in-italy\/\" \/>\n<meta property=\"og:locale\" content=\"de_DE\" \/>\n<meta property=\"og:type\" content=\"article\" \/>\n<meta property=\"og:title\" content=\"Eleganter schwarzer Baumwollrock von Cortina | Hergestellt in Italien\" \/>\n<meta property=\"og:description\" content=\"Schicker schwarzer Baumwollrock von Cortina, hergestellt in Italien. Vielseitig einsetzbar f\u00fcr elegante oder legere Outfits, perfekt f\u00fcr den Abend. Jetzt kaufen auf vintagellamoda.com!\" \/>\n<meta property=\"og:url\" content=\"https:\/\/vintagellamoda.com\/de\/produkt\/schicker-schwarzer-rock-von-cortina-made-in-italy\/\" \/>\n<meta property=\"og:site_name\" content=\"Vintagella Moda\" \/>\n<meta property=\"article:publisher\" content=\"https:\/\/www.facebook.com\/profile.php?id=61583665421269\" \/>\n<meta property=\"article:modified_time\" content=\"2025-12-09T20:31:03+00:00\" \/>\n<meta property=\"og:image\" content=\"https:\/\/vintagellamoda.com\/wp-content\/uploads\/2025\/08\/DSC00201-scaled.jpg\" \/>\n\t<meta property=\"og:image:width\" content=\"2560\" \/>\n\t<meta property=\"og:image:height\" content=\"1707\" \/>\n\t<meta property=\"og:image:type\" content=\"image\/jpeg\" \/>\n<meta name=\"twitter:card\" content=\"summary_large_image\" \/>\n<script type=\"application\/ld+json\" class=\"yoast-schema-graph\">{\"@context\":\"https:\\\/\\\/schema.org\",\"@graph\":[{\"@type\":\"WebPage\",\"@id\":\"https:\\\/\\\/vintagellamoda.com\\\/de\\\/produkt\\\/schicker-schwarzer-rock-von-cortina-made-in-italy\\\/\",\"url\":\"https:\\\/\\\/vintagellamoda.com\\\/de\\\/produkt\\\/schicker-schwarzer-rock-von-cortina-made-in-italy\\\/\",\"name\":\"Eleganter schwarzer Baumwollrock von Cortina | Hergestellt in Italien\",\"isPartOf\":{\"@id\":\"https:\\\/\\\/vintagellamoda.com\\\/de\\\/#website\"},\"primaryImageOfPage\":{\"@id\":\"https:\\\/\\\/vintagellamoda.com\\\/de\\\/produkt\\\/schicker-schwarzer-rock-von-cortina-made-in-italy\\\/#primaryimage\"},\"image\":{\"@id\":\"https:\\\/\\\/vintagellamoda.com\\\/de\\\/produkt\\\/schicker-schwarzer-rock-von-cortina-made-in-italy\\\/#primaryimage\"},\"thumbnailUrl\":\"https:\\\/\\\/vintagellamoda.com\\\/wp-content\\\/uploads\\\/2025\\\/08\\\/DSC00201-scaled.jpg\",\"datePublished\":\"2025-08-19T09:34:51+00:00\",\"dateModified\":\"2025-12-09T20:31:03+00:00\",\"description\":\"Schicker schwarzer Baumwollrock von Cortina, hergestellt in Italien. Vielseitig einsetzbar f\u00fcr elegante oder legere Outfits, perfekt f\u00fcr den Abend. Jetzt kaufen auf vintagellamoda.com!\",\"breadcrumb\":{\"@id\":\"https:\\\/\\\/vintagellamoda.com\\\/de\\\/produkt\\\/schicker-schwarzer-rock-von-cortina-made-in-italy\\\/#breadcrumb\"},\"inLanguage\":\"de\",\"potentialAction\":[{\"@type\":\"ReadAction\",\"target\":[\"https:\\\/\\\/vintagellamoda.com\\\/de\\\/produkt\\\/schicker-schwarzer-rock-von-cortina-made-in-italy\\\/\"]}]},{\"@type\":\"ImageObject\",\"inLanguage\":\"de\",\"@id\":\"https:\\\/\\\/vintagellamoda.com\\\/de\\\/produkt\\\/schicker-schwarzer-rock-von-cortina-made-in-italy\\\/#primaryimage\",\"url\":\"https:\\\/\\\/vintagellamoda.com\\\/wp-content\\\/uploads\\\/2025\\\/08\\\/DSC00201-scaled.jpg\",\"contentUrl\":\"https:\\\/\\\/vintagellamoda.com\\\/wp-content\\\/uploads\\\/2025\\\/08\\\/DSC00201-scaled.jpg\",\"width\":2560,\"height\":1707},{\"@type\":\"BreadcrumbList\",\"@id\":\"https:\\\/\\\/vintagellamoda.com\\\/de\\\/produkt\\\/schicker-schwarzer-rock-von-cortina-made-in-italy\\\/#breadcrumb\",\"itemListElement\":[{\"@type\":\"ListItem\",\"position\":1,\"name\":\"Home\",\"item\":\"https:\\\/\\\/vintagellamoda.com\\\/de\\\/\"},{\"@type\":\"ListItem\",\"position\":2,\"name\":\"Shop\",\"item\":\"https:\\\/\\\/vintagellamoda.com\\\/de\\\/shop\\\/\"},{\"@type\":\"ListItem\",\"position\":3,\"name\":\"Schicker schwarzer Rock von Cortina \u2013 Made in Italy\"}]},{\"@type\":\"WebSite\",\"@id\":\"https:\\\/\\\/vintagellamoda.com\\\/de\\\/#website\",\"url\":\"https:\\\/\\\/vintagellamoda.com\\\/de\\\/\",\"name\":\"Vintagella Moda\",\"description\":\"Italo vintage moda \u2014 Italian vintage fashion\",\"publisher\":{\"@id\":\"https:\\\/\\\/vintagellamoda.com\\\/de\\\/#organization\"},\"potentialAction\":[{\"@type\":\"SearchAction\",\"target\":{\"@type\":\"EntryPoint\",\"urlTemplate\":\"https:\\\/\\\/vintagellamoda.com\\\/de\\\/?s={search_term_string}\"},\"query-input\":{\"@type\":\"PropertyValueSpecification\",\"valueRequired\":true,\"valueName\":\"search_term_string\"}}],\"inLanguage\":\"de\"},{\"@type\":\"Organization\",\"@id\":\"https:\\\/\\\/vintagellamoda.com\\\/de\\\/#organization\",\"name\":\"Vintagella Moda\",\"url\":\"https:\\\/\\\/vintagellamoda.com\\\/de\\\/\",\"logo\":{\"@type\":\"ImageObject\",\"inLanguage\":\"de\",\"@id\":\"https:\\\/\\\/vintagellamoda.com\\\/de\\\/#\\\/schema\\\/logo\\\/image\\\/\",\"url\":\"https:\\\/\\\/vintagellamoda.com\\\/wp-content\\\/uploads\\\/2025\\\/11\\\/favicon.png\",\"contentUrl\":\"https:\\\/\\\/vintagellamoda.com\\\/wp-content\\\/uploads\\\/2025\\\/11\\\/favicon.png\",\"width\":2000,\"height\":2000,\"caption\":\"Vintagella Moda\"},\"image\":{\"@id\":\"https:\\\/\\\/vintagellamoda.com\\\/de\\\/#\\\/schema\\\/logo\\\/image\\\/\"},\"sameAs\":[\"https:\\\/\\\/www.facebook.com\\\/profile.php?id=61583665421269\",\"https:\\\/\\\/www.instagram.com\\\/vintagellamoda\\\/\",\"https:\\\/\\\/de.pinterest.com\\\/vintagellamoda\"]}]}<\/script>\n<!-- \/ Yoast SEO plugin. -->","yoast_head_json":{"title":"Eleganter schwarzer Baumwollrock von Cortina | Hergestellt in Italien","description":"Schicker schwarzer Baumwollrock von Cortina, hergestellt in Italien. Vielseitig einsetzbar f\u00fcr elegante oder legere Outfits, perfekt f\u00fcr den Abend. Jetzt kaufen auf vintagellamoda.com!","robots":{"index":"index","follow":"follow","max-snippet":"max-snippet:-1","max-image-preview":"max-image-preview:large","max-video-preview":"max-video-preview:-1"},"canonical":"https:\/\/vintagellamoda.com\/de\/produkt\/schicker-schwarzer-rock-von-cortina-made-in-italy\/","og_locale":"de_DE","og_type":"article","og_title":"Eleganter schwarzer Baumwollrock von Cortina | Hergestellt in Italien","og_description":"Schicker schwarzer Baumwollrock von Cortina, hergestellt in Italien. Vielseitig einsetzbar f\u00fcr elegante oder legere Outfits, perfekt f\u00fcr den Abend. Jetzt kaufen auf vintagellamoda.com!","og_url":"https:\/\/vintagellamoda.com\/de\/produkt\/schicker-schwarzer-rock-von-cortina-made-in-italy\/","og_site_name":"Vintagella Moda","article_publisher":"https:\/\/www.facebook.com\/profile.php?id=61583665421269","article_modified_time":"2025-12-09T20:31:03+00:00","og_image":[{"width":2560,"height":1707,"url":"https:\/\/vintagellamoda.com\/wp-content\/uploads\/2025\/08\/DSC00201-scaled.jpg","type":"image\/jpeg"}],"twitter_card":"summary_large_image","schema":{"@context":"https:\/\/schema.org","@graph":[{"@type":"WebPage","@id":"https:\/\/vintagellamoda.com\/de\/produkt\/schicker-schwarzer-rock-von-cortina-made-in-italy\/","url":"https:\/\/vintagellamoda.com\/de\/produkt\/schicker-schwarzer-rock-von-cortina-made-in-italy\/","name":"Eleganter schwarzer Baumwollrock von Cortina | Hergestellt in Italien","isPartOf":{"@id":"https:\/\/vintagellamoda.com\/de\/#website"},"primaryImageOfPage":{"@id":"https:\/\/vintagellamoda.com\/de\/produkt\/schicker-schwarzer-rock-von-cortina-made-in-italy\/#primaryimage"},"image":{"@id":"https:\/\/vintagellamoda.com\/de\/produkt\/schicker-schwarzer-rock-von-cortina-made-in-italy\/#primaryimage"},"thumbnailUrl":"https:\/\/vintagellamoda.com\/wp-content\/uploads\/2025\/08\/DSC00201-scaled.jpg","datePublished":"2025-08-19T09:34:51+00:00","dateModified":"2025-12-09T20:31:03+00:00","description":"Schicker schwarzer Baumwollrock von Cortina, hergestellt in Italien. Vielseitig einsetzbar f\u00fcr elegante oder legere Outfits, perfekt f\u00fcr den Abend. Jetzt kaufen auf vintagellamoda.com!","breadcrumb":{"@id":"https:\/\/vintagellamoda.com\/de\/produkt\/schicker-schwarzer-rock-von-cortina-made-in-italy\/#breadcrumb"},"inLanguage":"de","potentialAction":[{"@type":"ReadAction","target":["https:\/\/vintagellamoda.com\/de\/produkt\/schicker-schwarzer-rock-von-cortina-made-in-italy\/"]}]},{"@type":"ImageObject","inLanguage":"de","@id":"https:\/\/vintagellamoda.com\/de\/produkt\/schicker-schwarzer-rock-von-cortina-made-in-italy\/#primaryimage","url":"https:\/\/vintagellamoda.com\/wp-content\/uploads\/2025\/08\/DSC00201-scaled.jpg","contentUrl":"https:\/\/vintagellamoda.com\/wp-content\/uploads\/2025\/08\/DSC00201-scaled.jpg","width":2560,"height":1707},{"@type":"BreadcrumbList","@id":"https:\/\/vintagellamoda.com\/de\/produkt\/schicker-schwarzer-rock-von-cortina-made-in-italy\/#breadcrumb","itemListElement":[{"@type":"ListItem","position":1,"name":"Home","item":"https:\/\/vintagellamoda.com\/de\/"},{"@type":"ListItem","position":2,"name":"Shop","item":"https:\/\/vintagellamoda.com\/de\/shop\/"},{"@type":"ListItem","position":3,"name":"Schicker schwarzer Rock von Cortina \u2013 Made in Italy"}]},{"@type":"WebSite","@id":"https:\/\/vintagellamoda.com\/de\/#website","url":"https:\/\/vintagellamoda.com\/de\/","name":"Vintagella Moda","description":"Italo vintage moda \u2014 Italian vintage fashion","publisher":{"@id":"https:\/\/vintagellamoda.com\/de\/#organization"},"potentialAction":[{"@type":"SearchAction","target":{"@type":"EntryPoint","urlTemplate":"https:\/\/vintagellamoda.com\/de\/?s={search_term_string}"},"query-input":{"@type":"PropertyValueSpecification","valueRequired":true,"valueName":"search_term_string"}}],"inLanguage":"de"},{"@type":"Organization","@id":"https:\/\/vintagellamoda.com\/de\/#organization","name":"Vintagella Moda","url":"https:\/\/vintagellamoda.com\/de\/","logo":{"@type":"ImageObject","inLanguage":"de","@id":"https:\/\/vintagellamoda.com\/de\/#\/schema\/logo\/image\/","url":"https:\/\/vintagellamoda.com\/wp-content\/uploads\/2025\/11\/favicon.png","contentUrl":"https:\/\/vintagellamoda.com\/wp-content\/uploads\/2025\/11\/favicon.png","width":2000,"height":2000,"caption":"Vintagella Moda"},"image":{"@id":"https:\/\/vintagellamoda.com\/de\/#\/schema\/logo\/image\/"},"sameAs":["https:\/\/www.facebook.com\/profile.php?id=61583665421269","https:\/\/www.instagram.com\/vintagellamoda\/","https:\/\/de.pinterest.com\/vintagellamoda"]}]}},"_links":{"self":[{"href":"https:\/\/vintagellamoda.com\/de\/wp-json\/wp\/v2\/product\/5142","targetHints":{"allow":["GET"]}}],"collection":[{"href":"https:\/\/vintagellamoda.com\/de\/wp-json\/wp\/v2\/product"}],"about":[{"href":"https:\/\/vintagellamoda.com\/de\/wp-json\/wp\/v2\/types\/product"}],"replies":[{"embeddable":true,"href":"https:\/\/vintagellamoda.com\/de\/wp-json\/wp\/v2\/comments?post=5142"}],"wp:featuredmedia":[{"embeddable":true,"href":"https:\/\/vintagellamoda.com\/de\/wp-json\/wp\/v2\/media\/5143"}],"wp:attachment":[{"href":"https:\/\/vintagellamoda.com\/de\/wp-json\/wp\/v2\/media?parent=5142"}],"wp:term":[{"taxonomy":"product_brand","embeddable":true,"href":"https:\/\/vintagellamoda.com\/de\/wp-json\/wp\/v2\/product_brand?post=5142"},{"taxonomy":"product_cat","embeddable":true,"href":"https:\/\/vintagellamoda.com\/de\/wp-json\/wp\/v2\/product_cat?post=5142"},{"taxonomy":"product_tag","embeddable":true,"href":"https:\/\/vintagellamoda.com\/de\/wp-json\/wp\/v2\/product_tag?post=5142"}],"curies":[{"name":"wp","href":"https:\/\/api.w.org\/{rel}","templated":true}]}}