{"id":5139,"date":"2025-08-19T09:36:36","date_gmt":"2025-08-19T09:36:36","guid":{"rendered":"https:\/\/vintagellamoda.com\/product\/hemd-aus-reiner-baumwolle-blau-weiss-kariert-hergestellt-in-australien\/"},"modified":"2025-12-09T20:20:38","modified_gmt":"2025-12-09T20:20:38","slug":"hemd-aus-reiner-baumwolle-blau-weiss-kariert-hergestellt-in-australien","status":"publish","type":"product","link":"https:\/\/vintagellamoda.com\/de\/produkt\/hemd-aus-reiner-baumwolle-blau-weiss-kariert-hergestellt-in-australien\/","title":{"rendered":"Hemd aus reiner Baumwolle, blau-wei\u00df kariert \u2013 Hergestellt in Australien"},"content":{"rendered":"<p><span style=\"font-weight: 400;\">Dieses in Australien gefertigte Baumwollhemd eignet sich sowohl f\u00fcrs B\u00fcro als auch f\u00fcr die Freizeit und l\u00e4sst sich mit blauen oder wei\u00dfen Hosen kombinieren. Dank seiner neutralen Farbe ist es vielseitig kombinierbar. F\u00fcr einen l\u00e4ssigen Look k\u00f6nnen Sie es beispielsweise mit dunkler oder heller Jeans tragen. Es befindet sich in einem ausgezeichneten Zustand und weist keinerlei sichtbare M\u00e4ngel auf.   <\/span><\/p>\n","protected":false},"excerpt":{"rendered":"<p><span style=\"font-weight: 400;\">Gr\u00f6\u00dfe: AU 8<\/span><\/p>\n<p><span style=\"font-weight: 400;\">\u00c4rmell\u00e4nge: 52,5 cm (\u00be-\u00c4rmel)<\/span><\/p>\n<p><span style=\"font-weight: 400;\">Schulterl\u00e4nge: 41,5 cm<\/span><\/p>\n<p><span style=\"font-weight: 400;\">Breite: 46,5 cm<\/span><\/p>\n<p><span style=\"font-weight: 400;\">Gesamtl\u00e4nge: 60 cm<\/span><\/p>\n<p><span style=\"font-weight: 400;\">Pflegehinweise: Maschinenw\u00e4sche 30 Grad. Material: Reine Baumwolle.<\/span><\/p>\n<p>Artikelnummer: ART-60<\/p>\n","protected":false},"featured_media":5140,"comment_status":"open","ping_status":"closed","template":"","meta":[],"product_brand":[478],"product_cat":[503],"product_tag":[],"class_list":{"0":"post-5139","1":"product","2":"type-product","3":"status-publish","4":"has-post-thumbnail","6":"product_brand-labelless","7":"product_cat-nicht-kategorisiert","9":"first","10":"instock","11":"sold-individually","12":"shipping-taxable","13":"purchasable","14":"product-type-simple"},"yoast_head":"<!-- This site is optimized with the Yoast SEO plugin v27.3 - https:\/\/yoast.com\/product\/yoast-seo-wordpress\/ -->\n<title>Cotton Checked Dress Shirt \u2013 Blue &amp; White \u2013 Made in Australia<\/title>\n<meta name=\"description\" content=\"Shop Cotton Checked Dress Shirt in blue and white. Versatile, pure cotton shirt made in Australia, perfect for office or casual looks.\" \/>\n<meta name=\"robots\" content=\"index, follow, max-snippet:-1, max-image-preview:large, max-video-preview:-1\" \/>\n<link rel=\"canonical\" href=\"https:\/\/vintagellamoda.com\/de\/produkt\/hemd-aus-reiner-baumwolle-blau-weiss-kariert-hergestellt-in-australien\/\" \/>\n<meta property=\"og:locale\" content=\"de_DE\" \/>\n<meta property=\"og:type\" content=\"article\" \/>\n<meta property=\"og:title\" content=\"Cotton Checked Dress Shirt \u2013 Blue &amp; White \u2013 Made in Australia\" \/>\n<meta property=\"og:description\" content=\"Shop Cotton Checked Dress Shirt in blue and white. Versatile, pure cotton shirt made in Australia, perfect for office or casual looks.\" \/>\n<meta property=\"og:url\" content=\"https:\/\/vintagellamoda.com\/de\/produkt\/hemd-aus-reiner-baumwolle-blau-weiss-kariert-hergestellt-in-australien\/\" \/>\n<meta property=\"og:site_name\" content=\"Vintagella Moda\" \/>\n<meta property=\"article:publisher\" content=\"https:\/\/www.facebook.com\/profile.php?id=61583665421269\" \/>\n<meta property=\"article:modified_time\" content=\"2025-12-09T20:20:38+00:00\" \/>\n<meta property=\"og:image\" content=\"https:\/\/vintagellamoda.com\/wp-content\/uploads\/2025\/08\/DSC00223-scaled.jpg\" \/>\n\t<meta property=\"og:image:width\" content=\"1707\" \/>\n\t<meta property=\"og:image:height\" content=\"2560\" \/>\n\t<meta property=\"og:image:type\" content=\"image\/jpeg\" \/>\n<meta name=\"twitter:card\" content=\"summary_large_image\" \/>\n<script type=\"application\/ld+json\" class=\"yoast-schema-graph\">{\"@context\":\"https:\\\/\\\/schema.org\",\"@graph\":[{\"@type\":\"WebPage\",\"@id\":\"https:\\\/\\\/vintagellamoda.com\\\/de\\\/produkt\\\/hemd-aus-reiner-baumwolle-blau-weiss-kariert-hergestellt-in-australien\\\/\",\"url\":\"https:\\\/\\\/vintagellamoda.com\\\/de\\\/produkt\\\/hemd-aus-reiner-baumwolle-blau-weiss-kariert-hergestellt-in-australien\\\/\",\"name\":\"Cotton Checked Dress Shirt \u2013 Blue & White \u2013 Made in Australia\",\"isPartOf\":{\"@id\":\"https:\\\/\\\/vintagellamoda.com\\\/de\\\/#website\"},\"primaryImageOfPage\":{\"@id\":\"https:\\\/\\\/vintagellamoda.com\\\/de\\\/produkt\\\/hemd-aus-reiner-baumwolle-blau-weiss-kariert-hergestellt-in-australien\\\/#primaryimage\"},\"image\":{\"@id\":\"https:\\\/\\\/vintagellamoda.com\\\/de\\\/produkt\\\/hemd-aus-reiner-baumwolle-blau-weiss-kariert-hergestellt-in-australien\\\/#primaryimage\"},\"thumbnailUrl\":\"https:\\\/\\\/vintagellamoda.com\\\/wp-content\\\/uploads\\\/2025\\\/08\\\/DSC00223-scaled.jpg\",\"datePublished\":\"2025-08-19T09:36:36+00:00\",\"dateModified\":\"2025-12-09T20:20:38+00:00\",\"description\":\"Shop Cotton Checked Dress Shirt in blue and white. Versatile, pure cotton shirt made in Australia, perfect for office or casual looks.\",\"breadcrumb\":{\"@id\":\"https:\\\/\\\/vintagellamoda.com\\\/de\\\/produkt\\\/hemd-aus-reiner-baumwolle-blau-weiss-kariert-hergestellt-in-australien\\\/#breadcrumb\"},\"inLanguage\":\"de\",\"potentialAction\":[{\"@type\":\"ReadAction\",\"target\":[\"https:\\\/\\\/vintagellamoda.com\\\/de\\\/produkt\\\/hemd-aus-reiner-baumwolle-blau-weiss-kariert-hergestellt-in-australien\\\/\"]}]},{\"@type\":\"ImageObject\",\"inLanguage\":\"de\",\"@id\":\"https:\\\/\\\/vintagellamoda.com\\\/de\\\/produkt\\\/hemd-aus-reiner-baumwolle-blau-weiss-kariert-hergestellt-in-australien\\\/#primaryimage\",\"url\":\"https:\\\/\\\/vintagellamoda.com\\\/wp-content\\\/uploads\\\/2025\\\/08\\\/DSC00223-scaled.jpg\",\"contentUrl\":\"https:\\\/\\\/vintagellamoda.com\\\/wp-content\\\/uploads\\\/2025\\\/08\\\/DSC00223-scaled.jpg\",\"width\":1707,\"height\":2560},{\"@type\":\"BreadcrumbList\",\"@id\":\"https:\\\/\\\/vintagellamoda.com\\\/de\\\/produkt\\\/hemd-aus-reiner-baumwolle-blau-weiss-kariert-hergestellt-in-australien\\\/#breadcrumb\",\"itemListElement\":[{\"@type\":\"ListItem\",\"position\":1,\"name\":\"Home\",\"item\":\"https:\\\/\\\/vintagellamoda.com\\\/de\\\/\"},{\"@type\":\"ListItem\",\"position\":2,\"name\":\"Shop\",\"item\":\"https:\\\/\\\/vintagellamoda.com\\\/de\\\/shop\\\/\"},{\"@type\":\"ListItem\",\"position\":3,\"name\":\"Hemd aus reiner Baumwolle, blau-wei\u00df kariert \u2013 Hergestellt in Australien\"}]},{\"@type\":\"WebSite\",\"@id\":\"https:\\\/\\\/vintagellamoda.com\\\/de\\\/#website\",\"url\":\"https:\\\/\\\/vintagellamoda.com\\\/de\\\/\",\"name\":\"Vintagella Moda\",\"description\":\"Italo vintage moda \u2014 Italian vintage fashion\",\"publisher\":{\"@id\":\"https:\\\/\\\/vintagellamoda.com\\\/de\\\/#organization\"},\"potentialAction\":[{\"@type\":\"SearchAction\",\"target\":{\"@type\":\"EntryPoint\",\"urlTemplate\":\"https:\\\/\\\/vintagellamoda.com\\\/de\\\/?s={search_term_string}\"},\"query-input\":{\"@type\":\"PropertyValueSpecification\",\"valueRequired\":true,\"valueName\":\"search_term_string\"}}],\"inLanguage\":\"de\"},{\"@type\":\"Organization\",\"@id\":\"https:\\\/\\\/vintagellamoda.com\\\/de\\\/#organization\",\"name\":\"Vintagella Moda\",\"url\":\"https:\\\/\\\/vintagellamoda.com\\\/de\\\/\",\"logo\":{\"@type\":\"ImageObject\",\"inLanguage\":\"de\",\"@id\":\"https:\\\/\\\/vintagellamoda.com\\\/de\\\/#\\\/schema\\\/logo\\\/image\\\/\",\"url\":\"https:\\\/\\\/vintagellamoda.com\\\/wp-content\\\/uploads\\\/2025\\\/11\\\/favicon.png\",\"contentUrl\":\"https:\\\/\\\/vintagellamoda.com\\\/wp-content\\\/uploads\\\/2025\\\/11\\\/favicon.png\",\"width\":2000,\"height\":2000,\"caption\":\"Vintagella Moda\"},\"image\":{\"@id\":\"https:\\\/\\\/vintagellamoda.com\\\/de\\\/#\\\/schema\\\/logo\\\/image\\\/\"},\"sameAs\":[\"https:\\\/\\\/www.facebook.com\\\/profile.php?id=61583665421269\",\"https:\\\/\\\/www.instagram.com\\\/vintagellamoda\\\/\",\"https:\\\/\\\/de.pinterest.com\\\/vintagellamoda\"]}]}<\/script>\n<!-- \/ Yoast SEO plugin. -->","yoast_head_json":{"title":"Cotton Checked Dress Shirt \u2013 Blue & White \u2013 Made in Australia","description":"Shop Cotton Checked Dress Shirt in blue and white. Versatile, pure cotton shirt made in Australia, perfect for office or casual looks.","robots":{"index":"index","follow":"follow","max-snippet":"max-snippet:-1","max-image-preview":"max-image-preview:large","max-video-preview":"max-video-preview:-1"},"canonical":"https:\/\/vintagellamoda.com\/de\/produkt\/hemd-aus-reiner-baumwolle-blau-weiss-kariert-hergestellt-in-australien\/","og_locale":"de_DE","og_type":"article","og_title":"Cotton Checked Dress Shirt \u2013 Blue & White \u2013 Made in Australia","og_description":"Shop Cotton Checked Dress Shirt in blue and white. Versatile, pure cotton shirt made in Australia, perfect for office or casual looks.","og_url":"https:\/\/vintagellamoda.com\/de\/produkt\/hemd-aus-reiner-baumwolle-blau-weiss-kariert-hergestellt-in-australien\/","og_site_name":"Vintagella Moda","article_publisher":"https:\/\/www.facebook.com\/profile.php?id=61583665421269","article_modified_time":"2025-12-09T20:20:38+00:00","og_image":[{"width":1707,"height":2560,"url":"https:\/\/vintagellamoda.com\/wp-content\/uploads\/2025\/08\/DSC00223-scaled.jpg","type":"image\/jpeg"}],"twitter_card":"summary_large_image","schema":{"@context":"https:\/\/schema.org","@graph":[{"@type":"WebPage","@id":"https:\/\/vintagellamoda.com\/de\/produkt\/hemd-aus-reiner-baumwolle-blau-weiss-kariert-hergestellt-in-australien\/","url":"https:\/\/vintagellamoda.com\/de\/produkt\/hemd-aus-reiner-baumwolle-blau-weiss-kariert-hergestellt-in-australien\/","name":"Cotton Checked Dress Shirt \u2013 Blue & White \u2013 Made in Australia","isPartOf":{"@id":"https:\/\/vintagellamoda.com\/de\/#website"},"primaryImageOfPage":{"@id":"https:\/\/vintagellamoda.com\/de\/produkt\/hemd-aus-reiner-baumwolle-blau-weiss-kariert-hergestellt-in-australien\/#primaryimage"},"image":{"@id":"https:\/\/vintagellamoda.com\/de\/produkt\/hemd-aus-reiner-baumwolle-blau-weiss-kariert-hergestellt-in-australien\/#primaryimage"},"thumbnailUrl":"https:\/\/vintagellamoda.com\/wp-content\/uploads\/2025\/08\/DSC00223-scaled.jpg","datePublished":"2025-08-19T09:36:36+00:00","dateModified":"2025-12-09T20:20:38+00:00","description":"Shop Cotton Checked Dress Shirt in blue and white. Versatile, pure cotton shirt made in Australia, perfect for office or casual looks.","breadcrumb":{"@id":"https:\/\/vintagellamoda.com\/de\/produkt\/hemd-aus-reiner-baumwolle-blau-weiss-kariert-hergestellt-in-australien\/#breadcrumb"},"inLanguage":"de","potentialAction":[{"@type":"ReadAction","target":["https:\/\/vintagellamoda.com\/de\/produkt\/hemd-aus-reiner-baumwolle-blau-weiss-kariert-hergestellt-in-australien\/"]}]},{"@type":"ImageObject","inLanguage":"de","@id":"https:\/\/vintagellamoda.com\/de\/produkt\/hemd-aus-reiner-baumwolle-blau-weiss-kariert-hergestellt-in-australien\/#primaryimage","url":"https:\/\/vintagellamoda.com\/wp-content\/uploads\/2025\/08\/DSC00223-scaled.jpg","contentUrl":"https:\/\/vintagellamoda.com\/wp-content\/uploads\/2025\/08\/DSC00223-scaled.jpg","width":1707,"height":2560},{"@type":"BreadcrumbList","@id":"https:\/\/vintagellamoda.com\/de\/produkt\/hemd-aus-reiner-baumwolle-blau-weiss-kariert-hergestellt-in-australien\/#breadcrumb","itemListElement":[{"@type":"ListItem","position":1,"name":"Home","item":"https:\/\/vintagellamoda.com\/de\/"},{"@type":"ListItem","position":2,"name":"Shop","item":"https:\/\/vintagellamoda.com\/de\/shop\/"},{"@type":"ListItem","position":3,"name":"Hemd aus reiner Baumwolle, blau-wei\u00df kariert \u2013 Hergestellt in Australien"}]},{"@type":"WebSite","@id":"https:\/\/vintagellamoda.com\/de\/#website","url":"https:\/\/vintagellamoda.com\/de\/","name":"Vintagella Moda","description":"Italo vintage moda \u2014 Italian vintage fashion","publisher":{"@id":"https:\/\/vintagellamoda.com\/de\/#organization"},"potentialAction":[{"@type":"SearchAction","target":{"@type":"EntryPoint","urlTemplate":"https:\/\/vintagellamoda.com\/de\/?s={search_term_string}"},"query-input":{"@type":"PropertyValueSpecification","valueRequired":true,"valueName":"search_term_string"}}],"inLanguage":"de"},{"@type":"Organization","@id":"https:\/\/vintagellamoda.com\/de\/#organization","name":"Vintagella Moda","url":"https:\/\/vintagellamoda.com\/de\/","logo":{"@type":"ImageObject","inLanguage":"de","@id":"https:\/\/vintagellamoda.com\/de\/#\/schema\/logo\/image\/","url":"https:\/\/vintagellamoda.com\/wp-content\/uploads\/2025\/11\/favicon.png","contentUrl":"https:\/\/vintagellamoda.com\/wp-content\/uploads\/2025\/11\/favicon.png","width":2000,"height":2000,"caption":"Vintagella Moda"},"image":{"@id":"https:\/\/vintagellamoda.com\/de\/#\/schema\/logo\/image\/"},"sameAs":["https:\/\/www.facebook.com\/profile.php?id=61583665421269","https:\/\/www.instagram.com\/vintagellamoda\/","https:\/\/de.pinterest.com\/vintagellamoda"]}]}},"_links":{"self":[{"href":"https:\/\/vintagellamoda.com\/de\/wp-json\/wp\/v2\/product\/5139","targetHints":{"allow":["GET"]}}],"collection":[{"href":"https:\/\/vintagellamoda.com\/de\/wp-json\/wp\/v2\/product"}],"about":[{"href":"https:\/\/vintagellamoda.com\/de\/wp-json\/wp\/v2\/types\/product"}],"replies":[{"embeddable":true,"href":"https:\/\/vintagellamoda.com\/de\/wp-json\/wp\/v2\/comments?post=5139"}],"wp:featuredmedia":[{"embeddable":true,"href":"https:\/\/vintagellamoda.com\/de\/wp-json\/wp\/v2\/media\/5140"}],"wp:attachment":[{"href":"https:\/\/vintagellamoda.com\/de\/wp-json\/wp\/v2\/media?parent=5139"}],"wp:term":[{"taxonomy":"product_brand","embeddable":true,"href":"https:\/\/vintagellamoda.com\/de\/wp-json\/wp\/v2\/product_brand?post=5139"},{"taxonomy":"product_cat","embeddable":true,"href":"https:\/\/vintagellamoda.com\/de\/wp-json\/wp\/v2\/product_cat?post=5139"},{"taxonomy":"product_tag","embeddable":true,"href":"https:\/\/vintagellamoda.com\/de\/wp-json\/wp\/v2\/product_tag?post=5139"}],"curies":[{"name":"wp","href":"https:\/\/api.w.org\/{rel}","templated":true}]}}