{"id":5133,"date":"2025-08-19T09:44:23","date_gmt":"2025-08-19T09:44:23","guid":{"rendered":"https:\/\/vintagellamoda.com\/product\/bequeme-smaragdgruene-hose-von-emanuela-costa-hergestellt-in-italien\/"},"modified":"2025-12-09T20:33:07","modified_gmt":"2025-12-09T20:33:07","slug":"bequeme-smaragdgruene-hose-von-emanuela-costa-hergestellt-in-italien","status":"publish","type":"product","link":"https:\/\/vintagellamoda.com\/de\/produkt\/bequeme-smaragdgruene-hose-von-emanuela-costa-hergestellt-in-italien\/","title":{"rendered":"Bequeme smaragdgr\u00fcne Hose von Emanuela Costa \u2013 Hergestellt in Italien"},"content":{"rendered":"<p><span style=\"font-weight: 400;\">Diese smaragdgr\u00fcne Hose des italienischen Labels Emanuela Costa ist perfekt f\u00fcr einen eleganten Alltagslook und l\u00e4sst sich vielseitig kombinieren. F\u00fcr einen Abendlook passen Blusen in Schwarz, Blau, Wei\u00df oder Goldmetallic dazu. Auch monochrome Outfits oder Colour-Blocking-Looks sind damit m\u00f6glich. Wer es lieber farbenfroh mag, kann eine Bluse in Orange, Pink oder Violett w\u00e4hlen. Mintgr\u00fcn oder Olivgr\u00fcn eignen sich f\u00fcr monochrome Looks. Mit einem kamelfarbenen Mantel wertet man das Outfit auf \u2013 egal ob mit Ballerinas oder Pumps. Der Gummibund ist ein weiterer Pluspunkt dieser bequemen Hose. Alternativ l\u00e4sst sie sich auch mit einem breiten, schicken G\u00fcrtel kombinieren. Die Hose ist in einem hervorragenden Zustand und weist keine sichtbaren M\u00e4ngel auf.        <\/span><\/p>\n","protected":false},"excerpt":{"rendered":"<p>Bauchumfang: 40 cm<br \/>\nH\u00fcftumfang: 30 cm<br \/>\nGesamtl\u00e4nge: 88 cm<br \/>\nMaterial: Etikett fehlt<br \/>\nArtikelnummer: ART-64 <\/p>\n","protected":false},"featured_media":5134,"comment_status":"open","ping_status":"closed","template":"","meta":[],"product_brand":[487],"product_cat":[503],"product_tag":[],"class_list":{"0":"post-5133","1":"product","2":"type-product","3":"status-publish","4":"has-post-thumbnail","6":"product_brand-italian-label-emanuela-costa","7":"product_cat-nicht-kategorisiert","9":"first","10":"instock","11":"sold-individually","12":"shipping-taxable","13":"purchasable","14":"product-type-simple"},"yoast_head":"<!-- This site is optimized with the Yoast SEO plugin v27.3 - https:\/\/yoast.com\/product\/yoast-seo-wordpress\/ -->\n<title>Bequeme smaragdgr\u00fcne Hose von Emanuela Costa | Hergestellt in Italien<\/title>\n<meta name=\"description\" content=\"Bequeme, smaragdgr\u00fcne Hose von Emanuela Costa, hergestellt in Italien. Stilvolle Alltagskleidung mit elastischem Bund, perfekt f\u00fcr elegante oder gewagte Outfit-Kombinationen.\" \/>\n<meta name=\"robots\" content=\"index, follow, max-snippet:-1, max-image-preview:large, max-video-preview:-1\" \/>\n<link rel=\"canonical\" href=\"https:\/\/vintagellamoda.com\/de\/produkt\/bequeme-smaragdgruene-hose-von-emanuela-costa-hergestellt-in-italien\/\" \/>\n<meta property=\"og:locale\" content=\"de_DE\" \/>\n<meta property=\"og:type\" content=\"article\" \/>\n<meta property=\"og:title\" content=\"Bequeme smaragdgr\u00fcne Hose von Emanuela Costa | Hergestellt in Italien\" \/>\n<meta property=\"og:description\" content=\"Bequeme, smaragdgr\u00fcne Hose von Emanuela Costa, hergestellt in Italien. Stilvolle Alltagskleidung mit elastischem Bund, perfekt f\u00fcr elegante oder gewagte Outfit-Kombinationen.\" \/>\n<meta property=\"og:url\" content=\"https:\/\/vintagellamoda.com\/de\/produkt\/bequeme-smaragdgruene-hose-von-emanuela-costa-hergestellt-in-italien\/\" \/>\n<meta property=\"og:site_name\" content=\"Vintagella Moda\" \/>\n<meta property=\"article:publisher\" content=\"https:\/\/www.facebook.com\/profile.php?id=61583665421269\" \/>\n<meta property=\"article:modified_time\" content=\"2025-12-09T20:33:07+00:00\" \/>\n<meta property=\"og:image\" content=\"https:\/\/vintagellamoda.com\/wp-content\/uploads\/2025\/08\/DSC00258-scaled.jpg\" \/>\n\t<meta property=\"og:image:width\" content=\"1707\" \/>\n\t<meta property=\"og:image:height\" content=\"2560\" \/>\n\t<meta property=\"og:image:type\" content=\"image\/jpeg\" \/>\n<meta name=\"twitter:card\" content=\"summary_large_image\" \/>\n<meta name=\"twitter:label1\" content=\"Gesch\u00e4tzte Lesezeit\" \/>\n\t<meta name=\"twitter:data1\" content=\"1\u00a0Minute\" \/>\n<script type=\"application\/ld+json\" class=\"yoast-schema-graph\">{\"@context\":\"https:\\\/\\\/schema.org\",\"@graph\":[{\"@type\":\"WebPage\",\"@id\":\"https:\\\/\\\/vintagellamoda.com\\\/de\\\/produkt\\\/bequeme-smaragdgruene-hose-von-emanuela-costa-hergestellt-in-italien\\\/\",\"url\":\"https:\\\/\\\/vintagellamoda.com\\\/de\\\/produkt\\\/bequeme-smaragdgruene-hose-von-emanuela-costa-hergestellt-in-italien\\\/\",\"name\":\"Bequeme smaragdgr\u00fcne Hose von Emanuela Costa | Hergestellt in Italien\",\"isPartOf\":{\"@id\":\"https:\\\/\\\/vintagellamoda.com\\\/de\\\/#website\"},\"primaryImageOfPage\":{\"@id\":\"https:\\\/\\\/vintagellamoda.com\\\/de\\\/produkt\\\/bequeme-smaragdgruene-hose-von-emanuela-costa-hergestellt-in-italien\\\/#primaryimage\"},\"image\":{\"@id\":\"https:\\\/\\\/vintagellamoda.com\\\/de\\\/produkt\\\/bequeme-smaragdgruene-hose-von-emanuela-costa-hergestellt-in-italien\\\/#primaryimage\"},\"thumbnailUrl\":\"https:\\\/\\\/vintagellamoda.com\\\/wp-content\\\/uploads\\\/2025\\\/08\\\/DSC00258-scaled.jpg\",\"datePublished\":\"2025-08-19T09:44:23+00:00\",\"dateModified\":\"2025-12-09T20:33:07+00:00\",\"description\":\"Bequeme, smaragdgr\u00fcne Hose von Emanuela Costa, hergestellt in Italien. Stilvolle Alltagskleidung mit elastischem Bund, perfekt f\u00fcr elegante oder gewagte Outfit-Kombinationen.\",\"breadcrumb\":{\"@id\":\"https:\\\/\\\/vintagellamoda.com\\\/de\\\/produkt\\\/bequeme-smaragdgruene-hose-von-emanuela-costa-hergestellt-in-italien\\\/#breadcrumb\"},\"inLanguage\":\"de\",\"potentialAction\":[{\"@type\":\"ReadAction\",\"target\":[\"https:\\\/\\\/vintagellamoda.com\\\/de\\\/produkt\\\/bequeme-smaragdgruene-hose-von-emanuela-costa-hergestellt-in-italien\\\/\"]}]},{\"@type\":\"ImageObject\",\"inLanguage\":\"de\",\"@id\":\"https:\\\/\\\/vintagellamoda.com\\\/de\\\/produkt\\\/bequeme-smaragdgruene-hose-von-emanuela-costa-hergestellt-in-italien\\\/#primaryimage\",\"url\":\"https:\\\/\\\/vintagellamoda.com\\\/wp-content\\\/uploads\\\/2025\\\/08\\\/DSC00258-scaled.jpg\",\"contentUrl\":\"https:\\\/\\\/vintagellamoda.com\\\/wp-content\\\/uploads\\\/2025\\\/08\\\/DSC00258-scaled.jpg\",\"width\":1707,\"height\":2560},{\"@type\":\"BreadcrumbList\",\"@id\":\"https:\\\/\\\/vintagellamoda.com\\\/de\\\/produkt\\\/bequeme-smaragdgruene-hose-von-emanuela-costa-hergestellt-in-italien\\\/#breadcrumb\",\"itemListElement\":[{\"@type\":\"ListItem\",\"position\":1,\"name\":\"Home\",\"item\":\"https:\\\/\\\/vintagellamoda.com\\\/de\\\/\"},{\"@type\":\"ListItem\",\"position\":2,\"name\":\"Shop\",\"item\":\"https:\\\/\\\/vintagellamoda.com\\\/de\\\/shop\\\/\"},{\"@type\":\"ListItem\",\"position\":3,\"name\":\"Bequeme smaragdgr\u00fcne Hose von Emanuela Costa \u2013 Hergestellt in Italien\"}]},{\"@type\":\"WebSite\",\"@id\":\"https:\\\/\\\/vintagellamoda.com\\\/de\\\/#website\",\"url\":\"https:\\\/\\\/vintagellamoda.com\\\/de\\\/\",\"name\":\"Vintagella Moda\",\"description\":\"Italo vintage moda \u2014 Italian vintage fashion\",\"publisher\":{\"@id\":\"https:\\\/\\\/vintagellamoda.com\\\/de\\\/#organization\"},\"potentialAction\":[{\"@type\":\"SearchAction\",\"target\":{\"@type\":\"EntryPoint\",\"urlTemplate\":\"https:\\\/\\\/vintagellamoda.com\\\/de\\\/?s={search_term_string}\"},\"query-input\":{\"@type\":\"PropertyValueSpecification\",\"valueRequired\":true,\"valueName\":\"search_term_string\"}}],\"inLanguage\":\"de\"},{\"@type\":\"Organization\",\"@id\":\"https:\\\/\\\/vintagellamoda.com\\\/de\\\/#organization\",\"name\":\"Vintagella Moda\",\"url\":\"https:\\\/\\\/vintagellamoda.com\\\/de\\\/\",\"logo\":{\"@type\":\"ImageObject\",\"inLanguage\":\"de\",\"@id\":\"https:\\\/\\\/vintagellamoda.com\\\/de\\\/#\\\/schema\\\/logo\\\/image\\\/\",\"url\":\"https:\\\/\\\/vintagellamoda.com\\\/wp-content\\\/uploads\\\/2025\\\/11\\\/favicon.png\",\"contentUrl\":\"https:\\\/\\\/vintagellamoda.com\\\/wp-content\\\/uploads\\\/2025\\\/11\\\/favicon.png\",\"width\":2000,\"height\":2000,\"caption\":\"Vintagella Moda\"},\"image\":{\"@id\":\"https:\\\/\\\/vintagellamoda.com\\\/de\\\/#\\\/schema\\\/logo\\\/image\\\/\"},\"sameAs\":[\"https:\\\/\\\/www.facebook.com\\\/profile.php?id=61583665421269\",\"https:\\\/\\\/www.instagram.com\\\/vintagellamoda\\\/\",\"https:\\\/\\\/de.pinterest.com\\\/vintagellamoda\"]}]}<\/script>\n<!-- \/ Yoast SEO plugin. -->","yoast_head_json":{"title":"Bequeme smaragdgr\u00fcne Hose von Emanuela Costa | Hergestellt in Italien","description":"Bequeme, smaragdgr\u00fcne Hose von Emanuela Costa, hergestellt in Italien. Stilvolle Alltagskleidung mit elastischem Bund, perfekt f\u00fcr elegante oder gewagte Outfit-Kombinationen.","robots":{"index":"index","follow":"follow","max-snippet":"max-snippet:-1","max-image-preview":"max-image-preview:large","max-video-preview":"max-video-preview:-1"},"canonical":"https:\/\/vintagellamoda.com\/de\/produkt\/bequeme-smaragdgruene-hose-von-emanuela-costa-hergestellt-in-italien\/","og_locale":"de_DE","og_type":"article","og_title":"Bequeme smaragdgr\u00fcne Hose von Emanuela Costa | Hergestellt in Italien","og_description":"Bequeme, smaragdgr\u00fcne Hose von Emanuela Costa, hergestellt in Italien. Stilvolle Alltagskleidung mit elastischem Bund, perfekt f\u00fcr elegante oder gewagte Outfit-Kombinationen.","og_url":"https:\/\/vintagellamoda.com\/de\/produkt\/bequeme-smaragdgruene-hose-von-emanuela-costa-hergestellt-in-italien\/","og_site_name":"Vintagella Moda","article_publisher":"https:\/\/www.facebook.com\/profile.php?id=61583665421269","article_modified_time":"2025-12-09T20:33:07+00:00","og_image":[{"width":1707,"height":2560,"url":"https:\/\/vintagellamoda.com\/wp-content\/uploads\/2025\/08\/DSC00258-scaled.jpg","type":"image\/jpeg"}],"twitter_card":"summary_large_image","twitter_misc":{"Gesch\u00e4tzte Lesezeit":"1\u00a0Minute"},"schema":{"@context":"https:\/\/schema.org","@graph":[{"@type":"WebPage","@id":"https:\/\/vintagellamoda.com\/de\/produkt\/bequeme-smaragdgruene-hose-von-emanuela-costa-hergestellt-in-italien\/","url":"https:\/\/vintagellamoda.com\/de\/produkt\/bequeme-smaragdgruene-hose-von-emanuela-costa-hergestellt-in-italien\/","name":"Bequeme smaragdgr\u00fcne Hose von Emanuela Costa | Hergestellt in Italien","isPartOf":{"@id":"https:\/\/vintagellamoda.com\/de\/#website"},"primaryImageOfPage":{"@id":"https:\/\/vintagellamoda.com\/de\/produkt\/bequeme-smaragdgruene-hose-von-emanuela-costa-hergestellt-in-italien\/#primaryimage"},"image":{"@id":"https:\/\/vintagellamoda.com\/de\/produkt\/bequeme-smaragdgruene-hose-von-emanuela-costa-hergestellt-in-italien\/#primaryimage"},"thumbnailUrl":"https:\/\/vintagellamoda.com\/wp-content\/uploads\/2025\/08\/DSC00258-scaled.jpg","datePublished":"2025-08-19T09:44:23+00:00","dateModified":"2025-12-09T20:33:07+00:00","description":"Bequeme, smaragdgr\u00fcne Hose von Emanuela Costa, hergestellt in Italien. Stilvolle Alltagskleidung mit elastischem Bund, perfekt f\u00fcr elegante oder gewagte Outfit-Kombinationen.","breadcrumb":{"@id":"https:\/\/vintagellamoda.com\/de\/produkt\/bequeme-smaragdgruene-hose-von-emanuela-costa-hergestellt-in-italien\/#breadcrumb"},"inLanguage":"de","potentialAction":[{"@type":"ReadAction","target":["https:\/\/vintagellamoda.com\/de\/produkt\/bequeme-smaragdgruene-hose-von-emanuela-costa-hergestellt-in-italien\/"]}]},{"@type":"ImageObject","inLanguage":"de","@id":"https:\/\/vintagellamoda.com\/de\/produkt\/bequeme-smaragdgruene-hose-von-emanuela-costa-hergestellt-in-italien\/#primaryimage","url":"https:\/\/vintagellamoda.com\/wp-content\/uploads\/2025\/08\/DSC00258-scaled.jpg","contentUrl":"https:\/\/vintagellamoda.com\/wp-content\/uploads\/2025\/08\/DSC00258-scaled.jpg","width":1707,"height":2560},{"@type":"BreadcrumbList","@id":"https:\/\/vintagellamoda.com\/de\/produkt\/bequeme-smaragdgruene-hose-von-emanuela-costa-hergestellt-in-italien\/#breadcrumb","itemListElement":[{"@type":"ListItem","position":1,"name":"Home","item":"https:\/\/vintagellamoda.com\/de\/"},{"@type":"ListItem","position":2,"name":"Shop","item":"https:\/\/vintagellamoda.com\/de\/shop\/"},{"@type":"ListItem","position":3,"name":"Bequeme smaragdgr\u00fcne Hose von Emanuela Costa \u2013 Hergestellt in Italien"}]},{"@type":"WebSite","@id":"https:\/\/vintagellamoda.com\/de\/#website","url":"https:\/\/vintagellamoda.com\/de\/","name":"Vintagella Moda","description":"Italo vintage moda \u2014 Italian vintage fashion","publisher":{"@id":"https:\/\/vintagellamoda.com\/de\/#organization"},"potentialAction":[{"@type":"SearchAction","target":{"@type":"EntryPoint","urlTemplate":"https:\/\/vintagellamoda.com\/de\/?s={search_term_string}"},"query-input":{"@type":"PropertyValueSpecification","valueRequired":true,"valueName":"search_term_string"}}],"inLanguage":"de"},{"@type":"Organization","@id":"https:\/\/vintagellamoda.com\/de\/#organization","name":"Vintagella Moda","url":"https:\/\/vintagellamoda.com\/de\/","logo":{"@type":"ImageObject","inLanguage":"de","@id":"https:\/\/vintagellamoda.com\/de\/#\/schema\/logo\/image\/","url":"https:\/\/vintagellamoda.com\/wp-content\/uploads\/2025\/11\/favicon.png","contentUrl":"https:\/\/vintagellamoda.com\/wp-content\/uploads\/2025\/11\/favicon.png","width":2000,"height":2000,"caption":"Vintagella Moda"},"image":{"@id":"https:\/\/vintagellamoda.com\/de\/#\/schema\/logo\/image\/"},"sameAs":["https:\/\/www.facebook.com\/profile.php?id=61583665421269","https:\/\/www.instagram.com\/vintagellamoda\/","https:\/\/de.pinterest.com\/vintagellamoda"]}]}},"_links":{"self":[{"href":"https:\/\/vintagellamoda.com\/de\/wp-json\/wp\/v2\/product\/5133","targetHints":{"allow":["GET"]}}],"collection":[{"href":"https:\/\/vintagellamoda.com\/de\/wp-json\/wp\/v2\/product"}],"about":[{"href":"https:\/\/vintagellamoda.com\/de\/wp-json\/wp\/v2\/types\/product"}],"replies":[{"embeddable":true,"href":"https:\/\/vintagellamoda.com\/de\/wp-json\/wp\/v2\/comments?post=5133"}],"wp:featuredmedia":[{"embeddable":true,"href":"https:\/\/vintagellamoda.com\/de\/wp-json\/wp\/v2\/media\/5134"}],"wp:attachment":[{"href":"https:\/\/vintagellamoda.com\/de\/wp-json\/wp\/v2\/media?parent=5133"}],"wp:term":[{"taxonomy":"product_brand","embeddable":true,"href":"https:\/\/vintagellamoda.com\/de\/wp-json\/wp\/v2\/product_brand?post=5133"},{"taxonomy":"product_cat","embeddable":true,"href":"https:\/\/vintagellamoda.com\/de\/wp-json\/wp\/v2\/product_cat?post=5133"},{"taxonomy":"product_tag","embeddable":true,"href":"https:\/\/vintagellamoda.com\/de\/wp-json\/wp\/v2\/product_tag?post=5133"}],"curies":[{"name":"wp","href":"https:\/\/api.w.org\/{rel}","templated":true}]}}