{"id":5127,"date":"2025-08-19T09:38:55","date_gmt":"2025-08-19T09:38:55","guid":{"rendered":"https:\/\/vintagellamoda.com\/product\/eine-bluse-mit-vertikalen-streifen-von-r-linea-made-in-italy\/"},"modified":"2025-12-09T20:25:25","modified_gmt":"2025-12-09T20:25:25","slug":"eine-bluse-mit-vertikalen-streifen-von-r-linea-made-in-italy","status":"publish","type":"product","link":"https:\/\/vintagellamoda.com\/de\/produkt\/eine-bluse-mit-vertikalen-streifen-von-r-linea-made-in-italy\/","title":{"rendered":"Eine Bluse mit vertikalen Streifen von R-Linea \u2013 Made in Italy"},"content":{"rendered":"<p><span style=\"font-weight: 400;\">Diese Baumwollbluse des italienischen Labels R-Linea ist perfekt f\u00fcr die warme Jahreszeit. Dank ihrer feinen, vertikalen Streifen in Wei\u00df und Grau streckt sie optisch jede Figur. Sie l\u00e4sst sich ideal mit einer geraden Hose in Wei\u00df oder Grau und Sandalen oder Sneakers kombinieren. Je nach Stilrichtung verwandelt sie sich im Handumdrehen in ein l\u00e4ssig-elegantes Outfit.   <\/span><\/p>\n","protected":false},"excerpt":{"rendered":"<p>\u00c4rmell\u00e4nge: 54 cm<br \/>\nBreite: 50 cm<br \/>\nSchulterbreite: 38 cm<br \/>\nMaterial: 100 % Baumwolle<br \/>\nPflegehinweise: Maschinenw\u00e4sche bei 30 \u00b0C<br \/>\nArtikelnummer: ART-61<\/p>\n","protected":false},"featured_media":5128,"comment_status":"open","ping_status":"closed","template":"","meta":[],"product_brand":[485],"product_cat":[503],"product_tag":[],"class_list":{"0":"post-5127","1":"product","2":"type-product","3":"status-publish","4":"has-post-thumbnail","6":"product_brand-italian-label-r-linea","7":"product_cat-nicht-kategorisiert","9":"first","10":"instock","11":"sold-individually","12":"shipping-taxable","13":"purchasable","14":"product-type-simple"},"yoast_head":"<!-- This site is optimized with the Yoast SEO plugin v27.3 - https:\/\/yoast.com\/product\/yoast-seo-wordpress\/ -->\n<title>Bluse aus Baumwolle mit vertikalen Streifen von R-Linea | Hergestellt in Italien<\/title>\n<meta name=\"description\" content=\"Vertikal gestreifte Baumwollbluse von R-Linea, hergestellt in Italien. Leichtes Baumwollgewebe mit feinen Streifen, perfekt f\u00fcr l\u00e4ssig-elegante Outfits in der warmen Jahreszeit. Online kaufen!\" \/>\n<meta name=\"robots\" content=\"index, follow, max-snippet:-1, max-image-preview:large, max-video-preview:-1\" \/>\n<link rel=\"canonical\" href=\"https:\/\/vintagellamoda.com\/de\/produkt\/eine-bluse-mit-vertikalen-streifen-von-r-linea-made-in-italy\/\" \/>\n<meta property=\"og:locale\" content=\"de_DE\" \/>\n<meta property=\"og:type\" content=\"article\" \/>\n<meta property=\"og:title\" content=\"Bluse aus Baumwolle mit vertikalen Streifen von R-Linea | Hergestellt in Italien\" \/>\n<meta property=\"og:description\" content=\"Vertikal gestreifte Baumwollbluse von R-Linea, hergestellt in Italien. Leichtes Baumwollgewebe mit feinen Streifen, perfekt f\u00fcr l\u00e4ssig-elegante Outfits in der warmen Jahreszeit. Online kaufen!\" \/>\n<meta property=\"og:url\" content=\"https:\/\/vintagellamoda.com\/de\/produkt\/eine-bluse-mit-vertikalen-streifen-von-r-linea-made-in-italy\/\" \/>\n<meta property=\"og:site_name\" content=\"Vintagella Moda\" \/>\n<meta property=\"article:publisher\" content=\"https:\/\/www.facebook.com\/profile.php?id=61583665421269\" \/>\n<meta property=\"article:modified_time\" content=\"2025-12-09T20:25:25+00:00\" \/>\n<meta property=\"og:image\" content=\"https:\/\/vintagellamoda.com\/wp-content\/uploads\/2025\/08\/DSC00231-scaled.jpg\" \/>\n\t<meta property=\"og:image:width\" content=\"1707\" \/>\n\t<meta property=\"og:image:height\" content=\"2560\" \/>\n\t<meta property=\"og:image:type\" content=\"image\/jpeg\" \/>\n<meta name=\"twitter:card\" content=\"summary_large_image\" \/>\n<script type=\"application\/ld+json\" class=\"yoast-schema-graph\">{\"@context\":\"https:\\\/\\\/schema.org\",\"@graph\":[{\"@type\":\"WebPage\",\"@id\":\"https:\\\/\\\/vintagellamoda.com\\\/de\\\/produkt\\\/eine-bluse-mit-vertikalen-streifen-von-r-linea-made-in-italy\\\/\",\"url\":\"https:\\\/\\\/vintagellamoda.com\\\/de\\\/produkt\\\/eine-bluse-mit-vertikalen-streifen-von-r-linea-made-in-italy\\\/\",\"name\":\"Bluse aus Baumwolle mit vertikalen Streifen von R-Linea | Hergestellt in Italien\",\"isPartOf\":{\"@id\":\"https:\\\/\\\/vintagellamoda.com\\\/de\\\/#website\"},\"primaryImageOfPage\":{\"@id\":\"https:\\\/\\\/vintagellamoda.com\\\/de\\\/produkt\\\/eine-bluse-mit-vertikalen-streifen-von-r-linea-made-in-italy\\\/#primaryimage\"},\"image\":{\"@id\":\"https:\\\/\\\/vintagellamoda.com\\\/de\\\/produkt\\\/eine-bluse-mit-vertikalen-streifen-von-r-linea-made-in-italy\\\/#primaryimage\"},\"thumbnailUrl\":\"https:\\\/\\\/vintagellamoda.com\\\/wp-content\\\/uploads\\\/2025\\\/08\\\/DSC00231-scaled.jpg\",\"datePublished\":\"2025-08-19T09:38:55+00:00\",\"dateModified\":\"2025-12-09T20:25:25+00:00\",\"description\":\"Vertikal gestreifte Baumwollbluse von R-Linea, hergestellt in Italien. Leichtes Baumwollgewebe mit feinen Streifen, perfekt f\u00fcr l\u00e4ssig-elegante Outfits in der warmen Jahreszeit. Online kaufen!\",\"breadcrumb\":{\"@id\":\"https:\\\/\\\/vintagellamoda.com\\\/de\\\/produkt\\\/eine-bluse-mit-vertikalen-streifen-von-r-linea-made-in-italy\\\/#breadcrumb\"},\"inLanguage\":\"de\",\"potentialAction\":[{\"@type\":\"ReadAction\",\"target\":[\"https:\\\/\\\/vintagellamoda.com\\\/de\\\/produkt\\\/eine-bluse-mit-vertikalen-streifen-von-r-linea-made-in-italy\\\/\"]}]},{\"@type\":\"ImageObject\",\"inLanguage\":\"de\",\"@id\":\"https:\\\/\\\/vintagellamoda.com\\\/de\\\/produkt\\\/eine-bluse-mit-vertikalen-streifen-von-r-linea-made-in-italy\\\/#primaryimage\",\"url\":\"https:\\\/\\\/vintagellamoda.com\\\/wp-content\\\/uploads\\\/2025\\\/08\\\/DSC00231-scaled.jpg\",\"contentUrl\":\"https:\\\/\\\/vintagellamoda.com\\\/wp-content\\\/uploads\\\/2025\\\/08\\\/DSC00231-scaled.jpg\",\"width\":1707,\"height\":2560},{\"@type\":\"BreadcrumbList\",\"@id\":\"https:\\\/\\\/vintagellamoda.com\\\/de\\\/produkt\\\/eine-bluse-mit-vertikalen-streifen-von-r-linea-made-in-italy\\\/#breadcrumb\",\"itemListElement\":[{\"@type\":\"ListItem\",\"position\":1,\"name\":\"Home\",\"item\":\"https:\\\/\\\/vintagellamoda.com\\\/de\\\/\"},{\"@type\":\"ListItem\",\"position\":2,\"name\":\"Shop\",\"item\":\"https:\\\/\\\/vintagellamoda.com\\\/de\\\/shop\\\/\"},{\"@type\":\"ListItem\",\"position\":3,\"name\":\"Eine Bluse mit vertikalen Streifen von R-Linea \u2013 Made in Italy\"}]},{\"@type\":\"WebSite\",\"@id\":\"https:\\\/\\\/vintagellamoda.com\\\/de\\\/#website\",\"url\":\"https:\\\/\\\/vintagellamoda.com\\\/de\\\/\",\"name\":\"Vintagella Moda\",\"description\":\"Italo vintage moda \u2014 Italian vintage fashion\",\"publisher\":{\"@id\":\"https:\\\/\\\/vintagellamoda.com\\\/de\\\/#organization\"},\"potentialAction\":[{\"@type\":\"SearchAction\",\"target\":{\"@type\":\"EntryPoint\",\"urlTemplate\":\"https:\\\/\\\/vintagellamoda.com\\\/de\\\/?s={search_term_string}\"},\"query-input\":{\"@type\":\"PropertyValueSpecification\",\"valueRequired\":true,\"valueName\":\"search_term_string\"}}],\"inLanguage\":\"de\"},{\"@type\":\"Organization\",\"@id\":\"https:\\\/\\\/vintagellamoda.com\\\/de\\\/#organization\",\"name\":\"Vintagella Moda\",\"url\":\"https:\\\/\\\/vintagellamoda.com\\\/de\\\/\",\"logo\":{\"@type\":\"ImageObject\",\"inLanguage\":\"de\",\"@id\":\"https:\\\/\\\/vintagellamoda.com\\\/de\\\/#\\\/schema\\\/logo\\\/image\\\/\",\"url\":\"https:\\\/\\\/vintagellamoda.com\\\/wp-content\\\/uploads\\\/2025\\\/11\\\/favicon.png\",\"contentUrl\":\"https:\\\/\\\/vintagellamoda.com\\\/wp-content\\\/uploads\\\/2025\\\/11\\\/favicon.png\",\"width\":2000,\"height\":2000,\"caption\":\"Vintagella Moda\"},\"image\":{\"@id\":\"https:\\\/\\\/vintagellamoda.com\\\/de\\\/#\\\/schema\\\/logo\\\/image\\\/\"},\"sameAs\":[\"https:\\\/\\\/www.facebook.com\\\/profile.php?id=61583665421269\",\"https:\\\/\\\/www.instagram.com\\\/vintagellamoda\\\/\",\"https:\\\/\\\/de.pinterest.com\\\/vintagellamoda\"]}]}<\/script>\n<!-- \/ Yoast SEO plugin. -->","yoast_head_json":{"title":"Bluse aus Baumwolle mit vertikalen Streifen von R-Linea | Hergestellt in Italien","description":"Vertikal gestreifte Baumwollbluse von R-Linea, hergestellt in Italien. Leichtes Baumwollgewebe mit feinen Streifen, perfekt f\u00fcr l\u00e4ssig-elegante Outfits in der warmen Jahreszeit. Online kaufen!","robots":{"index":"index","follow":"follow","max-snippet":"max-snippet:-1","max-image-preview":"max-image-preview:large","max-video-preview":"max-video-preview:-1"},"canonical":"https:\/\/vintagellamoda.com\/de\/produkt\/eine-bluse-mit-vertikalen-streifen-von-r-linea-made-in-italy\/","og_locale":"de_DE","og_type":"article","og_title":"Bluse aus Baumwolle mit vertikalen Streifen von R-Linea | Hergestellt in Italien","og_description":"Vertikal gestreifte Baumwollbluse von R-Linea, hergestellt in Italien. Leichtes Baumwollgewebe mit feinen Streifen, perfekt f\u00fcr l\u00e4ssig-elegante Outfits in der warmen Jahreszeit. Online kaufen!","og_url":"https:\/\/vintagellamoda.com\/de\/produkt\/eine-bluse-mit-vertikalen-streifen-von-r-linea-made-in-italy\/","og_site_name":"Vintagella Moda","article_publisher":"https:\/\/www.facebook.com\/profile.php?id=61583665421269","article_modified_time":"2025-12-09T20:25:25+00:00","og_image":[{"width":1707,"height":2560,"url":"https:\/\/vintagellamoda.com\/wp-content\/uploads\/2025\/08\/DSC00231-scaled.jpg","type":"image\/jpeg"}],"twitter_card":"summary_large_image","schema":{"@context":"https:\/\/schema.org","@graph":[{"@type":"WebPage","@id":"https:\/\/vintagellamoda.com\/de\/produkt\/eine-bluse-mit-vertikalen-streifen-von-r-linea-made-in-italy\/","url":"https:\/\/vintagellamoda.com\/de\/produkt\/eine-bluse-mit-vertikalen-streifen-von-r-linea-made-in-italy\/","name":"Bluse aus Baumwolle mit vertikalen Streifen von R-Linea | Hergestellt in Italien","isPartOf":{"@id":"https:\/\/vintagellamoda.com\/de\/#website"},"primaryImageOfPage":{"@id":"https:\/\/vintagellamoda.com\/de\/produkt\/eine-bluse-mit-vertikalen-streifen-von-r-linea-made-in-italy\/#primaryimage"},"image":{"@id":"https:\/\/vintagellamoda.com\/de\/produkt\/eine-bluse-mit-vertikalen-streifen-von-r-linea-made-in-italy\/#primaryimage"},"thumbnailUrl":"https:\/\/vintagellamoda.com\/wp-content\/uploads\/2025\/08\/DSC00231-scaled.jpg","datePublished":"2025-08-19T09:38:55+00:00","dateModified":"2025-12-09T20:25:25+00:00","description":"Vertikal gestreifte Baumwollbluse von R-Linea, hergestellt in Italien. Leichtes Baumwollgewebe mit feinen Streifen, perfekt f\u00fcr l\u00e4ssig-elegante Outfits in der warmen Jahreszeit. Online kaufen!","breadcrumb":{"@id":"https:\/\/vintagellamoda.com\/de\/produkt\/eine-bluse-mit-vertikalen-streifen-von-r-linea-made-in-italy\/#breadcrumb"},"inLanguage":"de","potentialAction":[{"@type":"ReadAction","target":["https:\/\/vintagellamoda.com\/de\/produkt\/eine-bluse-mit-vertikalen-streifen-von-r-linea-made-in-italy\/"]}]},{"@type":"ImageObject","inLanguage":"de","@id":"https:\/\/vintagellamoda.com\/de\/produkt\/eine-bluse-mit-vertikalen-streifen-von-r-linea-made-in-italy\/#primaryimage","url":"https:\/\/vintagellamoda.com\/wp-content\/uploads\/2025\/08\/DSC00231-scaled.jpg","contentUrl":"https:\/\/vintagellamoda.com\/wp-content\/uploads\/2025\/08\/DSC00231-scaled.jpg","width":1707,"height":2560},{"@type":"BreadcrumbList","@id":"https:\/\/vintagellamoda.com\/de\/produkt\/eine-bluse-mit-vertikalen-streifen-von-r-linea-made-in-italy\/#breadcrumb","itemListElement":[{"@type":"ListItem","position":1,"name":"Home","item":"https:\/\/vintagellamoda.com\/de\/"},{"@type":"ListItem","position":2,"name":"Shop","item":"https:\/\/vintagellamoda.com\/de\/shop\/"},{"@type":"ListItem","position":3,"name":"Eine Bluse mit vertikalen Streifen von R-Linea \u2013 Made in Italy"}]},{"@type":"WebSite","@id":"https:\/\/vintagellamoda.com\/de\/#website","url":"https:\/\/vintagellamoda.com\/de\/","name":"Vintagella Moda","description":"Italo vintage moda \u2014 Italian vintage fashion","publisher":{"@id":"https:\/\/vintagellamoda.com\/de\/#organization"},"potentialAction":[{"@type":"SearchAction","target":{"@type":"EntryPoint","urlTemplate":"https:\/\/vintagellamoda.com\/de\/?s={search_term_string}"},"query-input":{"@type":"PropertyValueSpecification","valueRequired":true,"valueName":"search_term_string"}}],"inLanguage":"de"},{"@type":"Organization","@id":"https:\/\/vintagellamoda.com\/de\/#organization","name":"Vintagella Moda","url":"https:\/\/vintagellamoda.com\/de\/","logo":{"@type":"ImageObject","inLanguage":"de","@id":"https:\/\/vintagellamoda.com\/de\/#\/schema\/logo\/image\/","url":"https:\/\/vintagellamoda.com\/wp-content\/uploads\/2025\/11\/favicon.png","contentUrl":"https:\/\/vintagellamoda.com\/wp-content\/uploads\/2025\/11\/favicon.png","width":2000,"height":2000,"caption":"Vintagella Moda"},"image":{"@id":"https:\/\/vintagellamoda.com\/de\/#\/schema\/logo\/image\/"},"sameAs":["https:\/\/www.facebook.com\/profile.php?id=61583665421269","https:\/\/www.instagram.com\/vintagellamoda\/","https:\/\/de.pinterest.com\/vintagellamoda"]}]}},"_links":{"self":[{"href":"https:\/\/vintagellamoda.com\/de\/wp-json\/wp\/v2\/product\/5127","targetHints":{"allow":["GET"]}}],"collection":[{"href":"https:\/\/vintagellamoda.com\/de\/wp-json\/wp\/v2\/product"}],"about":[{"href":"https:\/\/vintagellamoda.com\/de\/wp-json\/wp\/v2\/types\/product"}],"replies":[{"embeddable":true,"href":"https:\/\/vintagellamoda.com\/de\/wp-json\/wp\/v2\/comments?post=5127"}],"wp:featuredmedia":[{"embeddable":true,"href":"https:\/\/vintagellamoda.com\/de\/wp-json\/wp\/v2\/media\/5128"}],"wp:attachment":[{"href":"https:\/\/vintagellamoda.com\/de\/wp-json\/wp\/v2\/media?parent=5127"}],"wp:term":[{"taxonomy":"product_brand","embeddable":true,"href":"https:\/\/vintagellamoda.com\/de\/wp-json\/wp\/v2\/product_brand?post=5127"},{"taxonomy":"product_cat","embeddable":true,"href":"https:\/\/vintagellamoda.com\/de\/wp-json\/wp\/v2\/product_cat?post=5127"},{"taxonomy":"product_tag","embeddable":true,"href":"https:\/\/vintagellamoda.com\/de\/wp-json\/wp\/v2\/product_tag?post=5127"}],"curies":[{"name":"wp","href":"https:\/\/api.w.org\/{rel}","templated":true}]}}