{"id":5115,"date":"2025-08-19T09:47:24","date_gmt":"2025-08-19T09:47:24","guid":{"rendered":"https:\/\/vintagellamoda.com\/product\/uebergrosse-gelbe-outdoorjacke\/"},"modified":"2025-12-09T20:27:52","modified_gmt":"2025-12-09T20:27:52","slug":"uebergrosse-gelbe-outdoorjacke","status":"publish","type":"product","link":"https:\/\/vintagellamoda.com\/de\/produkt\/uebergrosse-gelbe-outdoorjacke\/","title":{"rendered":"\u00dcbergro\u00dfe gelbe Outdoorjacke"},"content":{"rendered":"<p><span style=\"font-weight: 400;\">Diese \u00fcbergro\u00dfe gelbe Outdoorjacke verf\u00fcgt \u00fcber eine Kapuze, zwei Seitentaschen und vier funktionale Metallkn\u00f6pfe. Sie ist praktisch und ideal f\u00fcr windige und kalte Tage. Du kannst sie mit dunklem oder hellem Denim, grauen oder wei\u00dfen Hosen kombinieren, um die Intensit\u00e4t der Farbe auszugleichen. Da sie leicht verblasst ist, eignet sie sich perfekt f\u00fcr den Herbst. Kombiniere sie mit einem grauen Schal und Handschuhen. Sie befindet sich in einem ausgezeichneten gebrauchten Zustand ohne sichtbare M\u00e4ngel am Au\u00dfenmaterial.     <\/span><\/p>\n","protected":false},"excerpt":{"rendered":"<p>\u00c4rmell\u00e4nge: 71 cm<br \/>\nBreite: 60 cm<br \/>\nGesamtl\u00e4nge: 74 cm<br \/>\nArtikelnummer: ART-66<\/p>\n","protected":false},"featured_media":5116,"comment_status":"open","ping_status":"closed","template":"","meta":[],"product_brand":[489],"product_cat":[503],"product_tag":[],"class_list":{"0":"post-5115","1":"product","2":"type-product","3":"status-publish","4":"has-post-thumbnail","6":"product_brand-starring","7":"product_cat-nicht-kategorisiert","9":"first","10":"instock","11":"sold-individually","12":"shipping-taxable","13":"purchasable","14":"product-type-simple"},"yoast_head":"<!-- This site is optimized with the Yoast SEO plugin v27.3 - https:\/\/yoast.com\/product\/yoast-seo-wordpress\/ -->\n<title>\u00dcbergro\u00dfe gelbe Outdoorjacke | Hergestellt in Italien von Starring<\/title>\n<meta name=\"description\" content=\"\u00dcbergro\u00dfe gelbe Outdoorjacke mit Kapuze, Taschen und Metallkn\u00f6pfen. Hergestellt in Italien von Starring \u2013 perfekt f\u00fcr herbstlichen Stil und W\u00e4rme.\" \/>\n<meta name=\"robots\" content=\"index, follow, max-snippet:-1, max-image-preview:large, max-video-preview:-1\" \/>\n<link rel=\"canonical\" href=\"https:\/\/vintagellamoda.com\/de\/produkt\/uebergrosse-gelbe-outdoorjacke\/\" \/>\n<meta property=\"og:locale\" content=\"de_DE\" \/>\n<meta property=\"og:type\" content=\"article\" \/>\n<meta property=\"og:title\" content=\"\u00dcbergro\u00dfe gelbe Outdoorjacke | Hergestellt in Italien von Starring\" \/>\n<meta property=\"og:description\" content=\"\u00dcbergro\u00dfe gelbe Outdoorjacke mit Kapuze, Taschen und Metallkn\u00f6pfen. Hergestellt in Italien von Starring \u2013 perfekt f\u00fcr herbstlichen Stil und W\u00e4rme.\" \/>\n<meta property=\"og:url\" content=\"https:\/\/vintagellamoda.com\/de\/produkt\/uebergrosse-gelbe-outdoorjacke\/\" \/>\n<meta property=\"og:site_name\" content=\"Vintagella Moda\" \/>\n<meta property=\"article:publisher\" content=\"https:\/\/www.facebook.com\/profile.php?id=61583665421269\" \/>\n<meta property=\"article:modified_time\" content=\"2025-12-09T20:27:52+00:00\" \/>\n<meta property=\"og:image\" content=\"https:\/\/vintagellamoda.com\/wp-content\/uploads\/2025\/08\/DSC00288-scaled.jpg\" \/>\n\t<meta property=\"og:image:width\" content=\"1707\" \/>\n\t<meta property=\"og:image:height\" content=\"2560\" \/>\n\t<meta property=\"og:image:type\" content=\"image\/jpeg\" \/>\n<meta name=\"twitter:card\" content=\"summary_large_image\" \/>\n<script type=\"application\/ld+json\" class=\"yoast-schema-graph\">{\"@context\":\"https:\\\/\\\/schema.org\",\"@graph\":[{\"@type\":\"WebPage\",\"@id\":\"https:\\\/\\\/vintagellamoda.com\\\/de\\\/produkt\\\/uebergrosse-gelbe-outdoorjacke\\\/\",\"url\":\"https:\\\/\\\/vintagellamoda.com\\\/de\\\/produkt\\\/uebergrosse-gelbe-outdoorjacke\\\/\",\"name\":\"\u00dcbergro\u00dfe gelbe Outdoorjacke | Hergestellt in Italien von Starring\",\"isPartOf\":{\"@id\":\"https:\\\/\\\/vintagellamoda.com\\\/de\\\/#website\"},\"primaryImageOfPage\":{\"@id\":\"https:\\\/\\\/vintagellamoda.com\\\/de\\\/produkt\\\/uebergrosse-gelbe-outdoorjacke\\\/#primaryimage\"},\"image\":{\"@id\":\"https:\\\/\\\/vintagellamoda.com\\\/de\\\/produkt\\\/uebergrosse-gelbe-outdoorjacke\\\/#primaryimage\"},\"thumbnailUrl\":\"https:\\\/\\\/vintagellamoda.com\\\/wp-content\\\/uploads\\\/2025\\\/08\\\/DSC00288-scaled.jpg\",\"datePublished\":\"2025-08-19T09:47:24+00:00\",\"dateModified\":\"2025-12-09T20:27:52+00:00\",\"description\":\"\u00dcbergro\u00dfe gelbe Outdoorjacke mit Kapuze, Taschen und Metallkn\u00f6pfen. Hergestellt in Italien von Starring \u2013 perfekt f\u00fcr herbstlichen Stil und W\u00e4rme.\",\"breadcrumb\":{\"@id\":\"https:\\\/\\\/vintagellamoda.com\\\/de\\\/produkt\\\/uebergrosse-gelbe-outdoorjacke\\\/#breadcrumb\"},\"inLanguage\":\"de\",\"potentialAction\":[{\"@type\":\"ReadAction\",\"target\":[\"https:\\\/\\\/vintagellamoda.com\\\/de\\\/produkt\\\/uebergrosse-gelbe-outdoorjacke\\\/\"]}]},{\"@type\":\"ImageObject\",\"inLanguage\":\"de\",\"@id\":\"https:\\\/\\\/vintagellamoda.com\\\/de\\\/produkt\\\/uebergrosse-gelbe-outdoorjacke\\\/#primaryimage\",\"url\":\"https:\\\/\\\/vintagellamoda.com\\\/wp-content\\\/uploads\\\/2025\\\/08\\\/DSC00288-scaled.jpg\",\"contentUrl\":\"https:\\\/\\\/vintagellamoda.com\\\/wp-content\\\/uploads\\\/2025\\\/08\\\/DSC00288-scaled.jpg\",\"width\":1707,\"height\":2560},{\"@type\":\"BreadcrumbList\",\"@id\":\"https:\\\/\\\/vintagellamoda.com\\\/de\\\/produkt\\\/uebergrosse-gelbe-outdoorjacke\\\/#breadcrumb\",\"itemListElement\":[{\"@type\":\"ListItem\",\"position\":1,\"name\":\"Home\",\"item\":\"https:\\\/\\\/vintagellamoda.com\\\/de\\\/\"},{\"@type\":\"ListItem\",\"position\":2,\"name\":\"Shop\",\"item\":\"https:\\\/\\\/vintagellamoda.com\\\/de\\\/shop\\\/\"},{\"@type\":\"ListItem\",\"position\":3,\"name\":\"\u00dcbergro\u00dfe gelbe Outdoorjacke\"}]},{\"@type\":\"WebSite\",\"@id\":\"https:\\\/\\\/vintagellamoda.com\\\/de\\\/#website\",\"url\":\"https:\\\/\\\/vintagellamoda.com\\\/de\\\/\",\"name\":\"Vintagella Moda\",\"description\":\"Italo vintage moda \u2014 Italian vintage fashion\",\"publisher\":{\"@id\":\"https:\\\/\\\/vintagellamoda.com\\\/de\\\/#organization\"},\"potentialAction\":[{\"@type\":\"SearchAction\",\"target\":{\"@type\":\"EntryPoint\",\"urlTemplate\":\"https:\\\/\\\/vintagellamoda.com\\\/de\\\/?s={search_term_string}\"},\"query-input\":{\"@type\":\"PropertyValueSpecification\",\"valueRequired\":true,\"valueName\":\"search_term_string\"}}],\"inLanguage\":\"de\"},{\"@type\":\"Organization\",\"@id\":\"https:\\\/\\\/vintagellamoda.com\\\/de\\\/#organization\",\"name\":\"Vintagella Moda\",\"url\":\"https:\\\/\\\/vintagellamoda.com\\\/de\\\/\",\"logo\":{\"@type\":\"ImageObject\",\"inLanguage\":\"de\",\"@id\":\"https:\\\/\\\/vintagellamoda.com\\\/de\\\/#\\\/schema\\\/logo\\\/image\\\/\",\"url\":\"https:\\\/\\\/vintagellamoda.com\\\/wp-content\\\/uploads\\\/2025\\\/11\\\/favicon.png\",\"contentUrl\":\"https:\\\/\\\/vintagellamoda.com\\\/wp-content\\\/uploads\\\/2025\\\/11\\\/favicon.png\",\"width\":2000,\"height\":2000,\"caption\":\"Vintagella Moda\"},\"image\":{\"@id\":\"https:\\\/\\\/vintagellamoda.com\\\/de\\\/#\\\/schema\\\/logo\\\/image\\\/\"},\"sameAs\":[\"https:\\\/\\\/www.facebook.com\\\/profile.php?id=61583665421269\",\"https:\\\/\\\/www.instagram.com\\\/vintagellamoda\\\/\",\"https:\\\/\\\/de.pinterest.com\\\/vintagellamoda\"]}]}<\/script>\n<!-- \/ Yoast SEO plugin. -->","yoast_head_json":{"title":"\u00dcbergro\u00dfe gelbe Outdoorjacke | Hergestellt in Italien von Starring","description":"\u00dcbergro\u00dfe gelbe Outdoorjacke mit Kapuze, Taschen und Metallkn\u00f6pfen. Hergestellt in Italien von Starring \u2013 perfekt f\u00fcr herbstlichen Stil und W\u00e4rme.","robots":{"index":"index","follow":"follow","max-snippet":"max-snippet:-1","max-image-preview":"max-image-preview:large","max-video-preview":"max-video-preview:-1"},"canonical":"https:\/\/vintagellamoda.com\/de\/produkt\/uebergrosse-gelbe-outdoorjacke\/","og_locale":"de_DE","og_type":"article","og_title":"\u00dcbergro\u00dfe gelbe Outdoorjacke | Hergestellt in Italien von Starring","og_description":"\u00dcbergro\u00dfe gelbe Outdoorjacke mit Kapuze, Taschen und Metallkn\u00f6pfen. Hergestellt in Italien von Starring \u2013 perfekt f\u00fcr herbstlichen Stil und W\u00e4rme.","og_url":"https:\/\/vintagellamoda.com\/de\/produkt\/uebergrosse-gelbe-outdoorjacke\/","og_site_name":"Vintagella Moda","article_publisher":"https:\/\/www.facebook.com\/profile.php?id=61583665421269","article_modified_time":"2025-12-09T20:27:52+00:00","og_image":[{"width":1707,"height":2560,"url":"https:\/\/vintagellamoda.com\/wp-content\/uploads\/2025\/08\/DSC00288-scaled.jpg","type":"image\/jpeg"}],"twitter_card":"summary_large_image","schema":{"@context":"https:\/\/schema.org","@graph":[{"@type":"WebPage","@id":"https:\/\/vintagellamoda.com\/de\/produkt\/uebergrosse-gelbe-outdoorjacke\/","url":"https:\/\/vintagellamoda.com\/de\/produkt\/uebergrosse-gelbe-outdoorjacke\/","name":"\u00dcbergro\u00dfe gelbe Outdoorjacke | Hergestellt in Italien von Starring","isPartOf":{"@id":"https:\/\/vintagellamoda.com\/de\/#website"},"primaryImageOfPage":{"@id":"https:\/\/vintagellamoda.com\/de\/produkt\/uebergrosse-gelbe-outdoorjacke\/#primaryimage"},"image":{"@id":"https:\/\/vintagellamoda.com\/de\/produkt\/uebergrosse-gelbe-outdoorjacke\/#primaryimage"},"thumbnailUrl":"https:\/\/vintagellamoda.com\/wp-content\/uploads\/2025\/08\/DSC00288-scaled.jpg","datePublished":"2025-08-19T09:47:24+00:00","dateModified":"2025-12-09T20:27:52+00:00","description":"\u00dcbergro\u00dfe gelbe Outdoorjacke mit Kapuze, Taschen und Metallkn\u00f6pfen. Hergestellt in Italien von Starring \u2013 perfekt f\u00fcr herbstlichen Stil und W\u00e4rme.","breadcrumb":{"@id":"https:\/\/vintagellamoda.com\/de\/produkt\/uebergrosse-gelbe-outdoorjacke\/#breadcrumb"},"inLanguage":"de","potentialAction":[{"@type":"ReadAction","target":["https:\/\/vintagellamoda.com\/de\/produkt\/uebergrosse-gelbe-outdoorjacke\/"]}]},{"@type":"ImageObject","inLanguage":"de","@id":"https:\/\/vintagellamoda.com\/de\/produkt\/uebergrosse-gelbe-outdoorjacke\/#primaryimage","url":"https:\/\/vintagellamoda.com\/wp-content\/uploads\/2025\/08\/DSC00288-scaled.jpg","contentUrl":"https:\/\/vintagellamoda.com\/wp-content\/uploads\/2025\/08\/DSC00288-scaled.jpg","width":1707,"height":2560},{"@type":"BreadcrumbList","@id":"https:\/\/vintagellamoda.com\/de\/produkt\/uebergrosse-gelbe-outdoorjacke\/#breadcrumb","itemListElement":[{"@type":"ListItem","position":1,"name":"Home","item":"https:\/\/vintagellamoda.com\/de\/"},{"@type":"ListItem","position":2,"name":"Shop","item":"https:\/\/vintagellamoda.com\/de\/shop\/"},{"@type":"ListItem","position":3,"name":"\u00dcbergro\u00dfe gelbe Outdoorjacke"}]},{"@type":"WebSite","@id":"https:\/\/vintagellamoda.com\/de\/#website","url":"https:\/\/vintagellamoda.com\/de\/","name":"Vintagella Moda","description":"Italo vintage moda \u2014 Italian vintage fashion","publisher":{"@id":"https:\/\/vintagellamoda.com\/de\/#organization"},"potentialAction":[{"@type":"SearchAction","target":{"@type":"EntryPoint","urlTemplate":"https:\/\/vintagellamoda.com\/de\/?s={search_term_string}"},"query-input":{"@type":"PropertyValueSpecification","valueRequired":true,"valueName":"search_term_string"}}],"inLanguage":"de"},{"@type":"Organization","@id":"https:\/\/vintagellamoda.com\/de\/#organization","name":"Vintagella Moda","url":"https:\/\/vintagellamoda.com\/de\/","logo":{"@type":"ImageObject","inLanguage":"de","@id":"https:\/\/vintagellamoda.com\/de\/#\/schema\/logo\/image\/","url":"https:\/\/vintagellamoda.com\/wp-content\/uploads\/2025\/11\/favicon.png","contentUrl":"https:\/\/vintagellamoda.com\/wp-content\/uploads\/2025\/11\/favicon.png","width":2000,"height":2000,"caption":"Vintagella Moda"},"image":{"@id":"https:\/\/vintagellamoda.com\/de\/#\/schema\/logo\/image\/"},"sameAs":["https:\/\/www.facebook.com\/profile.php?id=61583665421269","https:\/\/www.instagram.com\/vintagellamoda\/","https:\/\/de.pinterest.com\/vintagellamoda"]}]}},"_links":{"self":[{"href":"https:\/\/vintagellamoda.com\/de\/wp-json\/wp\/v2\/product\/5115","targetHints":{"allow":["GET"]}}],"collection":[{"href":"https:\/\/vintagellamoda.com\/de\/wp-json\/wp\/v2\/product"}],"about":[{"href":"https:\/\/vintagellamoda.com\/de\/wp-json\/wp\/v2\/types\/product"}],"replies":[{"embeddable":true,"href":"https:\/\/vintagellamoda.com\/de\/wp-json\/wp\/v2\/comments?post=5115"}],"wp:featuredmedia":[{"embeddable":true,"href":"https:\/\/vintagellamoda.com\/de\/wp-json\/wp\/v2\/media\/5116"}],"wp:attachment":[{"href":"https:\/\/vintagellamoda.com\/de\/wp-json\/wp\/v2\/media?parent=5115"}],"wp:term":[{"taxonomy":"product_brand","embeddable":true,"href":"https:\/\/vintagellamoda.com\/de\/wp-json\/wp\/v2\/product_brand?post=5115"},{"taxonomy":"product_cat","embeddable":true,"href":"https:\/\/vintagellamoda.com\/de\/wp-json\/wp\/v2\/product_cat?post=5115"},{"taxonomy":"product_tag","embeddable":true,"href":"https:\/\/vintagellamoda.com\/de\/wp-json\/wp\/v2\/product_tag?post=5115"}],"curies":[{"name":"wp","href":"https:\/\/api.w.org\/{rel}","templated":true}]}}