{"id":5050,"date":"2025-03-19T07:43:58","date_gmt":"2025-03-19T07:43:58","guid":{"rendered":"https:\/\/vintagellamoda.com\/product\/motivi-3-4-reisehose\/"},"modified":"2025-12-09T19:06:07","modified_gmt":"2025-12-09T19:06:07","slug":"motivi-3-4-reisehose","status":"publish","type":"product","link":"https:\/\/vintagellamoda.com\/de\/produkt\/motivi-3-4-reisehose\/","title":{"rendered":"Motivi 3\/4-Reisehose"},"content":{"rendered":"<p><b>Motivi 3\/4-Reisehose \u2013 Made in Italy<\/b><span style=\"font-weight: 400;\"> <\/span><\/p>\n<p><span style=\"font-weight: 400;\">Diese sportliche Hose von Motivi ist ideal f\u00fcr Reisen und perfekt f\u00fcr einen l\u00e4ssigen Streetstyle. Aus Stretchgewebe gefertigt, ist die Hose knitterfrei und leicht \u2013 so k\u00f6nnen Sie sie m\u00fchelos in Ihren Koffer packen \u2013 w\u00e4hrend der weite Saum einen Hauch von Modernit\u00e4t verleiht. Die vertikalen Streifen wiederum erzeugen einen schlankmachenden Effekt. Mit ihren neutralen Farben sind sie ideal f\u00fcr vielf\u00e4ltige Kombinationen, zum Beispiel mit wei\u00dfen oder schwarzen Leder-Sneakers. In ausgezeichnetem Zustand ohne sichtbare M\u00e4ngel.<\/span><\/p>\n","protected":false},"excerpt":{"rendered":"<p><strong data-start=\"71\" data-end=\"81\">Brand:<\/strong> Italian Brand Motivi<br data-start=\"102\" data-end=\"105\">Herkunftsland: Hergestellt in Italien<br data-start=\"141\" data-end=\"144\">Farbe: Schwarz und Wei\u00df<br data-start=\"169\" data-end=\"172\">Gr\u00f6\u00dfe: IT XS, DE XXS<br data-start=\"196\" data-end=\"199\">Bauchumfang: 31 cm (dehnbar)<br data-start=\"232\" data-end=\"235\">H\u00fcftweite: 34 cm (dehnbar)<br data-start=\"266\" data-end=\"269\">Beinweite: 14 cm (dehnbar)<br data-start=\"300\" data-end=\"303\">Gesamtl\u00e4nge: 75 cm<br data-start=\"326\" data-end=\"329\">Material: Stretch (strickfrei, sehr leicht)<br data-start=\"377\" data-end=\"380\">Pflegehinweise: Chemische Reinigung\/30-Grad-W\u00e4sche<br data-start=\"430\" data-end=\"433\">Zustand: gut\/sehr gut<\/p>\n","protected":false},"featured_media":5051,"comment_status":"open","ping_status":"closed","template":"","meta":[],"product_brand":[138],"product_cat":[515,528,531,530,503,529],"product_tag":[535,522,534,533,519,532],"class_list":{"0":"post-5050","1":"product","2":"type-product","3":"status-publish","4":"has-post-thumbnail","6":"product_brand-motivi","7":"product_cat-damenhosen","8":"product_cat-fruehling-sommer","9":"product_cat-gestreift","10":"product_cat-knitterarm","11":"product_cat-nicht-kategorisiert","12":"product_cat-reisen-freizeit","13":"product_tag-laessig","14":"product_tag-leichter-stoff","15":"product_tag-maschinenwaschbar","16":"product_tag-mit-taschen","17":"product_tag-smart-casual","18":"product_tag-stretchgewebe","20":"first","21":"instock","22":"sold-individually","23":"shipping-taxable","24":"purchasable","25":"product-type-simple"},"yoast_head":"<!-- This site is optimized with the Yoast SEO plugin v27.3 - https:\/\/yoast.com\/product\/yoast-seo-wordpress\/ -->\n<title>Motivi Reisehose Italien \u2013 sportliche, knitterfreie 3\/4-Hose Made in Italy<\/title>\n<meta name=\"description\" content=\"Kaufen Sie Motivi Reisehosen Italien. Leichte, knitterfreie 3\/4-Hosen, hergestellt in Italien, perfekt f\u00fcr Reisen, l\u00e4ssigen Streetstyle und vielseitig kombinierbar mit Sneakers oder Turnschuhen.\" \/>\n<meta name=\"robots\" content=\"index, follow, max-snippet:-1, max-image-preview:large, max-video-preview:-1\" \/>\n<link rel=\"canonical\" href=\"https:\/\/vintagellamoda.com\/de\/produkt\/motivi-3-4-reisehose\/\" \/>\n<meta property=\"og:locale\" content=\"de_DE\" \/>\n<meta property=\"og:type\" content=\"article\" \/>\n<meta property=\"og:title\" content=\"Motivi Reisehose Italien \u2013 sportliche, knitterfreie 3\/4-Hose Made in Italy\" \/>\n<meta property=\"og:description\" content=\"Kaufen Sie Motivi Reisehosen Italien. Leichte, knitterfreie 3\/4-Hosen, hergestellt in Italien, perfekt f\u00fcr Reisen, l\u00e4ssigen Streetstyle und vielseitig kombinierbar mit Sneakers oder Turnschuhen.\" \/>\n<meta property=\"og:url\" content=\"https:\/\/vintagellamoda.com\/de\/produkt\/motivi-3-4-reisehose\/\" \/>\n<meta property=\"og:site_name\" content=\"Vintagella Moda\" \/>\n<meta property=\"article:publisher\" content=\"https:\/\/www.facebook.com\/profile.php?id=61583665421269\" \/>\n<meta property=\"article:modified_time\" content=\"2025-12-09T19:06:07+00:00\" \/>\n<meta property=\"og:image\" content=\"https:\/\/vintagellamoda.com\/wp-content\/uploads\/2025\/02\/IMG_0484-scaled.jpg\" \/>\n\t<meta property=\"og:image:width\" content=\"1707\" \/>\n\t<meta property=\"og:image:height\" content=\"2560\" \/>\n\t<meta property=\"og:image:type\" content=\"image\/jpeg\" \/>\n<meta name=\"twitter:card\" content=\"summary_large_image\" \/>\n<script type=\"application\/ld+json\" class=\"yoast-schema-graph\">{\"@context\":\"https:\\\/\\\/schema.org\",\"@graph\":[{\"@type\":\"WebPage\",\"@id\":\"https:\\\/\\\/vintagellamoda.com\\\/de\\\/produkt\\\/motivi-3-4-reisehose\\\/\",\"url\":\"https:\\\/\\\/vintagellamoda.com\\\/de\\\/produkt\\\/motivi-3-4-reisehose\\\/\",\"name\":\"Motivi Reisehose Italien \u2013 sportliche, knitterfreie 3\\\/4-Hose Made in Italy\",\"isPartOf\":{\"@id\":\"https:\\\/\\\/vintagellamoda.com\\\/de\\\/#website\"},\"primaryImageOfPage\":{\"@id\":\"https:\\\/\\\/vintagellamoda.com\\\/de\\\/produkt\\\/motivi-3-4-reisehose\\\/#primaryimage\"},\"image\":{\"@id\":\"https:\\\/\\\/vintagellamoda.com\\\/de\\\/produkt\\\/motivi-3-4-reisehose\\\/#primaryimage\"},\"thumbnailUrl\":\"https:\\\/\\\/vintagellamoda.com\\\/wp-content\\\/uploads\\\/2025\\\/02\\\/IMG_0484-scaled.jpg\",\"datePublished\":\"2025-03-19T07:43:58+00:00\",\"dateModified\":\"2025-12-09T19:06:07+00:00\",\"description\":\"Kaufen Sie Motivi Reisehosen Italien. Leichte, knitterfreie 3\\\/4-Hosen, hergestellt in Italien, perfekt f\u00fcr Reisen, l\u00e4ssigen Streetstyle und vielseitig kombinierbar mit Sneakers oder Turnschuhen.\",\"breadcrumb\":{\"@id\":\"https:\\\/\\\/vintagellamoda.com\\\/de\\\/produkt\\\/motivi-3-4-reisehose\\\/#breadcrumb\"},\"inLanguage\":\"de\",\"potentialAction\":[{\"@type\":\"ReadAction\",\"target\":[\"https:\\\/\\\/vintagellamoda.com\\\/de\\\/produkt\\\/motivi-3-4-reisehose\\\/\"]}]},{\"@type\":\"ImageObject\",\"inLanguage\":\"de\",\"@id\":\"https:\\\/\\\/vintagellamoda.com\\\/de\\\/produkt\\\/motivi-3-4-reisehose\\\/#primaryimage\",\"url\":\"https:\\\/\\\/vintagellamoda.com\\\/wp-content\\\/uploads\\\/2025\\\/02\\\/IMG_0484-scaled.jpg\",\"contentUrl\":\"https:\\\/\\\/vintagellamoda.com\\\/wp-content\\\/uploads\\\/2025\\\/02\\\/IMG_0484-scaled.jpg\",\"width\":1707,\"height\":2560},{\"@type\":\"BreadcrumbList\",\"@id\":\"https:\\\/\\\/vintagellamoda.com\\\/de\\\/produkt\\\/motivi-3-4-reisehose\\\/#breadcrumb\",\"itemListElement\":[{\"@type\":\"ListItem\",\"position\":1,\"name\":\"Home\",\"item\":\"https:\\\/\\\/vintagellamoda.com\\\/de\\\/\"},{\"@type\":\"ListItem\",\"position\":2,\"name\":\"Shop\",\"item\":\"https:\\\/\\\/vintagellamoda.com\\\/de\\\/shop\\\/\"},{\"@type\":\"ListItem\",\"position\":3,\"name\":\"Motivi 3\\\/4-Reisehose\"}]},{\"@type\":\"WebSite\",\"@id\":\"https:\\\/\\\/vintagellamoda.com\\\/de\\\/#website\",\"url\":\"https:\\\/\\\/vintagellamoda.com\\\/de\\\/\",\"name\":\"Vintagella Moda\",\"description\":\"Italo vintage moda \u2014 Italian vintage fashion\",\"publisher\":{\"@id\":\"https:\\\/\\\/vintagellamoda.com\\\/de\\\/#organization\"},\"potentialAction\":[{\"@type\":\"SearchAction\",\"target\":{\"@type\":\"EntryPoint\",\"urlTemplate\":\"https:\\\/\\\/vintagellamoda.com\\\/de\\\/?s={search_term_string}\"},\"query-input\":{\"@type\":\"PropertyValueSpecification\",\"valueRequired\":true,\"valueName\":\"search_term_string\"}}],\"inLanguage\":\"de\"},{\"@type\":\"Organization\",\"@id\":\"https:\\\/\\\/vintagellamoda.com\\\/de\\\/#organization\",\"name\":\"Vintagella Moda\",\"url\":\"https:\\\/\\\/vintagellamoda.com\\\/de\\\/\",\"logo\":{\"@type\":\"ImageObject\",\"inLanguage\":\"de\",\"@id\":\"https:\\\/\\\/vintagellamoda.com\\\/de\\\/#\\\/schema\\\/logo\\\/image\\\/\",\"url\":\"https:\\\/\\\/vintagellamoda.com\\\/wp-content\\\/uploads\\\/2025\\\/11\\\/favicon.png\",\"contentUrl\":\"https:\\\/\\\/vintagellamoda.com\\\/wp-content\\\/uploads\\\/2025\\\/11\\\/favicon.png\",\"width\":2000,\"height\":2000,\"caption\":\"Vintagella Moda\"},\"image\":{\"@id\":\"https:\\\/\\\/vintagellamoda.com\\\/de\\\/#\\\/schema\\\/logo\\\/image\\\/\"},\"sameAs\":[\"https:\\\/\\\/www.facebook.com\\\/profile.php?id=61583665421269\",\"https:\\\/\\\/www.instagram.com\\\/vintagellamoda\\\/\",\"https:\\\/\\\/de.pinterest.com\\\/vintagellamoda\"]}]}<\/script>\n<!-- \/ Yoast SEO plugin. -->","yoast_head_json":{"title":"Motivi Reisehose Italien \u2013 sportliche, knitterfreie 3\/4-Hose Made in Italy","description":"Kaufen Sie Motivi Reisehosen Italien. Leichte, knitterfreie 3\/4-Hosen, hergestellt in Italien, perfekt f\u00fcr Reisen, l\u00e4ssigen Streetstyle und vielseitig kombinierbar mit Sneakers oder Turnschuhen.","robots":{"index":"index","follow":"follow","max-snippet":"max-snippet:-1","max-image-preview":"max-image-preview:large","max-video-preview":"max-video-preview:-1"},"canonical":"https:\/\/vintagellamoda.com\/de\/produkt\/motivi-3-4-reisehose\/","og_locale":"de_DE","og_type":"article","og_title":"Motivi Reisehose Italien \u2013 sportliche, knitterfreie 3\/4-Hose Made in Italy","og_description":"Kaufen Sie Motivi Reisehosen Italien. Leichte, knitterfreie 3\/4-Hosen, hergestellt in Italien, perfekt f\u00fcr Reisen, l\u00e4ssigen Streetstyle und vielseitig kombinierbar mit Sneakers oder Turnschuhen.","og_url":"https:\/\/vintagellamoda.com\/de\/produkt\/motivi-3-4-reisehose\/","og_site_name":"Vintagella Moda","article_publisher":"https:\/\/www.facebook.com\/profile.php?id=61583665421269","article_modified_time":"2025-12-09T19:06:07+00:00","og_image":[{"width":1707,"height":2560,"url":"https:\/\/vintagellamoda.com\/wp-content\/uploads\/2025\/02\/IMG_0484-scaled.jpg","type":"image\/jpeg"}],"twitter_card":"summary_large_image","schema":{"@context":"https:\/\/schema.org","@graph":[{"@type":"WebPage","@id":"https:\/\/vintagellamoda.com\/de\/produkt\/motivi-3-4-reisehose\/","url":"https:\/\/vintagellamoda.com\/de\/produkt\/motivi-3-4-reisehose\/","name":"Motivi Reisehose Italien \u2013 sportliche, knitterfreie 3\/4-Hose Made in Italy","isPartOf":{"@id":"https:\/\/vintagellamoda.com\/de\/#website"},"primaryImageOfPage":{"@id":"https:\/\/vintagellamoda.com\/de\/produkt\/motivi-3-4-reisehose\/#primaryimage"},"image":{"@id":"https:\/\/vintagellamoda.com\/de\/produkt\/motivi-3-4-reisehose\/#primaryimage"},"thumbnailUrl":"https:\/\/vintagellamoda.com\/wp-content\/uploads\/2025\/02\/IMG_0484-scaled.jpg","datePublished":"2025-03-19T07:43:58+00:00","dateModified":"2025-12-09T19:06:07+00:00","description":"Kaufen Sie Motivi Reisehosen Italien. Leichte, knitterfreie 3\/4-Hosen, hergestellt in Italien, perfekt f\u00fcr Reisen, l\u00e4ssigen Streetstyle und vielseitig kombinierbar mit Sneakers oder Turnschuhen.","breadcrumb":{"@id":"https:\/\/vintagellamoda.com\/de\/produkt\/motivi-3-4-reisehose\/#breadcrumb"},"inLanguage":"de","potentialAction":[{"@type":"ReadAction","target":["https:\/\/vintagellamoda.com\/de\/produkt\/motivi-3-4-reisehose\/"]}]},{"@type":"ImageObject","inLanguage":"de","@id":"https:\/\/vintagellamoda.com\/de\/produkt\/motivi-3-4-reisehose\/#primaryimage","url":"https:\/\/vintagellamoda.com\/wp-content\/uploads\/2025\/02\/IMG_0484-scaled.jpg","contentUrl":"https:\/\/vintagellamoda.com\/wp-content\/uploads\/2025\/02\/IMG_0484-scaled.jpg","width":1707,"height":2560},{"@type":"BreadcrumbList","@id":"https:\/\/vintagellamoda.com\/de\/produkt\/motivi-3-4-reisehose\/#breadcrumb","itemListElement":[{"@type":"ListItem","position":1,"name":"Home","item":"https:\/\/vintagellamoda.com\/de\/"},{"@type":"ListItem","position":2,"name":"Shop","item":"https:\/\/vintagellamoda.com\/de\/shop\/"},{"@type":"ListItem","position":3,"name":"Motivi 3\/4-Reisehose"}]},{"@type":"WebSite","@id":"https:\/\/vintagellamoda.com\/de\/#website","url":"https:\/\/vintagellamoda.com\/de\/","name":"Vintagella Moda","description":"Italo vintage moda \u2014 Italian vintage fashion","publisher":{"@id":"https:\/\/vintagellamoda.com\/de\/#organization"},"potentialAction":[{"@type":"SearchAction","target":{"@type":"EntryPoint","urlTemplate":"https:\/\/vintagellamoda.com\/de\/?s={search_term_string}"},"query-input":{"@type":"PropertyValueSpecification","valueRequired":true,"valueName":"search_term_string"}}],"inLanguage":"de"},{"@type":"Organization","@id":"https:\/\/vintagellamoda.com\/de\/#organization","name":"Vintagella Moda","url":"https:\/\/vintagellamoda.com\/de\/","logo":{"@type":"ImageObject","inLanguage":"de","@id":"https:\/\/vintagellamoda.com\/de\/#\/schema\/logo\/image\/","url":"https:\/\/vintagellamoda.com\/wp-content\/uploads\/2025\/11\/favicon.png","contentUrl":"https:\/\/vintagellamoda.com\/wp-content\/uploads\/2025\/11\/favicon.png","width":2000,"height":2000,"caption":"Vintagella Moda"},"image":{"@id":"https:\/\/vintagellamoda.com\/de\/#\/schema\/logo\/image\/"},"sameAs":["https:\/\/www.facebook.com\/profile.php?id=61583665421269","https:\/\/www.instagram.com\/vintagellamoda\/","https:\/\/de.pinterest.com\/vintagellamoda"]}]}},"_links":{"self":[{"href":"https:\/\/vintagellamoda.com\/de\/wp-json\/wp\/v2\/product\/5050","targetHints":{"allow":["GET"]}}],"collection":[{"href":"https:\/\/vintagellamoda.com\/de\/wp-json\/wp\/v2\/product"}],"about":[{"href":"https:\/\/vintagellamoda.com\/de\/wp-json\/wp\/v2\/types\/product"}],"replies":[{"embeddable":true,"href":"https:\/\/vintagellamoda.com\/de\/wp-json\/wp\/v2\/comments?post=5050"}],"wp:featuredmedia":[{"embeddable":true,"href":"https:\/\/vintagellamoda.com\/de\/wp-json\/wp\/v2\/media\/5051"}],"wp:attachment":[{"href":"https:\/\/vintagellamoda.com\/de\/wp-json\/wp\/v2\/media?parent=5050"}],"wp:term":[{"taxonomy":"product_brand","embeddable":true,"href":"https:\/\/vintagellamoda.com\/de\/wp-json\/wp\/v2\/product_brand?post=5050"},{"taxonomy":"product_cat","embeddable":true,"href":"https:\/\/vintagellamoda.com\/de\/wp-json\/wp\/v2\/product_cat?post=5050"},{"taxonomy":"product_tag","embeddable":true,"href":"https:\/\/vintagellamoda.com\/de\/wp-json\/wp\/v2\/product_tag?post=5050"}],"curies":[{"name":"wp","href":"https:\/\/api.w.org\/{rel}","templated":true}]}}