{"id":5046,"date":"2025-03-19T08:57:21","date_gmt":"2025-03-19T08:57:21","guid":{"rendered":"https:\/\/vintagellamoda.com\/product\/culottes-hergestellt-in-italien\/"},"modified":"2025-12-09T20:27:06","modified_gmt":"2025-12-09T20:27:06","slug":"culottes-hergestellt-in-italien","status":"publish","type":"product","link":"https:\/\/vintagellamoda.com\/de\/produkt\/culottes-hergestellt-in-italien\/","title":{"rendered":"Culottes \u2013 Hergestellt in Italien"},"content":{"rendered":"<p><b>Culottes \u2013 Hergestellt in Italien<\/b><span style=\"font-weight: 400;\"> <\/span><\/p>\n<p><span style=\"font-weight: 400;\">Diese eleganten \u00be-Culottes (Franz\u00f6sisch f\u00fcr \u201eKniehosen\u201c) in Schwarz verbinden kontinentalen Stil und Eleganz. Dank des l\u00e4ssigen Schnitts und der weiten Hosenbeine sind die Culottes figurschmeichelnde Kleidung vom Feinsten. Culottes eignen sich auch f\u00fcr das B\u00fcro. Kombinieren Sie sie mit eleganten High Heels und passenden Accessoires. Ballerinas und Spangenschuhe sind ebenfalls eine gute Wahl. In ausgezeichnetem Zustand ohne sichtbare M\u00e4ngel.<\/span><\/p>\n","protected":false},"excerpt":{"rendered":"<p>Marke: nicht angegeben<br \/>\nHerkunftsland: Italien<br \/>\nFarbe: Schwarz<br \/>\nGr\u00f6\u00dfe: IT 48<br \/>\nBauchweite: 37 cm<br \/>\nL\u00e4nge: 79 cm<br \/>\nMaterial: 50 % Leinen, 50 % Viskose<br \/>\nPflegehinweise: Chemische Reinigung\/30-Grad-W\u00e4sche<br \/>\nZustand: gut\/sehr gut<br \/>\nArtikelnummer: Art-9<\/p>\n","protected":false},"featured_media":5047,"comment_status":"open","ping_status":"closed","template":"","meta":[],"product_brand":[164],"product_cat":[515,518,516,503,517],"product_tag":[524,521,522,520,519,523],"class_list":{"0":"post-5046","1":"product","2":"type-product","3":"status-publish","4":"has-post-thumbnail","6":"product_brand-etiquette-missing","7":"product_cat-damenhosen","8":"product_cat-einfarbig","9":"product_cat-formelle-kleidung-und-buerokleidung","10":"product_cat-nicht-kategorisiert","11":"product_cat-schwarz","12":"product_tag-abend-anlassmode","13":"product_tag-elegant","14":"product_tag-leichter-stoff","15":"product_tag-minimalistisch","16":"product_tag-smart-casual","17":"product_tag-weiter-schnitt","19":"first","20":"instock","21":"sold-individually","22":"shipping-taxable","23":"purchasable","24":"product-type-simple"},"yoast_head":"<!-- This site is optimized with the Yoast SEO plugin v27.3 - https:\/\/yoast.com\/product\/yoast-seo-wordpress\/ -->\n<title>Schwarze Culottes, hergestellt in Italien \u2013 elegante weite Hosen f\u00fcr B\u00fcro und Anlass<\/title>\n<meta name=\"description\" content=\"Kaufen Sie schwarze Culottes, hergestellt in Italien. Elegante weite \u00be-Hosen, perfekt f\u00fcr B\u00fcro oder Abendgarderobe. Kombinieren Sie sie mit Abs\u00e4tzen, flachen Schuhen oder stilvollen Accessoires f\u00fcr einen schicken Look.\" \/>\n<meta name=\"robots\" content=\"index, follow, max-snippet:-1, max-image-preview:large, max-video-preview:-1\" \/>\n<link rel=\"canonical\" href=\"https:\/\/vintagellamoda.com\/de\/produkt\/culottes-hergestellt-in-italien\/\" \/>\n<meta property=\"og:locale\" content=\"de_DE\" \/>\n<meta property=\"og:type\" content=\"article\" \/>\n<meta property=\"og:title\" content=\"Schwarze Culottes, hergestellt in Italien \u2013 elegante weite Hosen f\u00fcr B\u00fcro und Anlass\" \/>\n<meta property=\"og:description\" content=\"Kaufen Sie schwarze Culottes, hergestellt in Italien. Elegante weite \u00be-Hosen, perfekt f\u00fcr B\u00fcro oder Abendgarderobe. Kombinieren Sie sie mit Abs\u00e4tzen, flachen Schuhen oder stilvollen Accessoires f\u00fcr einen schicken Look.\" \/>\n<meta property=\"og:url\" content=\"https:\/\/vintagellamoda.com\/de\/produkt\/culottes-hergestellt-in-italien\/\" \/>\n<meta property=\"og:site_name\" content=\"Vintagella Moda\" \/>\n<meta property=\"article:publisher\" content=\"https:\/\/www.facebook.com\/profile.php?id=61583665421269\" \/>\n<meta property=\"article:modified_time\" content=\"2025-12-09T20:27:06+00:00\" \/>\n<meta property=\"og:image\" content=\"https:\/\/vintagellamoda.com\/wp-content\/uploads\/2025\/02\/IMG_0505-scaled.jpg\" \/>\n\t<meta property=\"og:image:width\" content=\"1707\" \/>\n\t<meta property=\"og:image:height\" content=\"2560\" \/>\n\t<meta property=\"og:image:type\" content=\"image\/jpeg\" \/>\n<meta name=\"twitter:card\" content=\"summary_large_image\" \/>\n<script type=\"application\/ld+json\" class=\"yoast-schema-graph\">{\"@context\":\"https:\\\/\\\/schema.org\",\"@graph\":[{\"@type\":\"WebPage\",\"@id\":\"https:\\\/\\\/vintagellamoda.com\\\/de\\\/produkt\\\/culottes-hergestellt-in-italien\\\/\",\"url\":\"https:\\\/\\\/vintagellamoda.com\\\/de\\\/produkt\\\/culottes-hergestellt-in-italien\\\/\",\"name\":\"Schwarze Culottes, hergestellt in Italien \u2013 elegante weite Hosen f\u00fcr B\u00fcro und Anlass\",\"isPartOf\":{\"@id\":\"https:\\\/\\\/vintagellamoda.com\\\/de\\\/#website\"},\"primaryImageOfPage\":{\"@id\":\"https:\\\/\\\/vintagellamoda.com\\\/de\\\/produkt\\\/culottes-hergestellt-in-italien\\\/#primaryimage\"},\"image\":{\"@id\":\"https:\\\/\\\/vintagellamoda.com\\\/de\\\/produkt\\\/culottes-hergestellt-in-italien\\\/#primaryimage\"},\"thumbnailUrl\":\"https:\\\/\\\/vintagellamoda.com\\\/wp-content\\\/uploads\\\/2025\\\/02\\\/IMG_0505-scaled.jpg\",\"datePublished\":\"2025-03-19T08:57:21+00:00\",\"dateModified\":\"2025-12-09T20:27:06+00:00\",\"description\":\"Kaufen Sie schwarze Culottes, hergestellt in Italien. Elegante weite \u00be-Hosen, perfekt f\u00fcr B\u00fcro oder Abendgarderobe. Kombinieren Sie sie mit Abs\u00e4tzen, flachen Schuhen oder stilvollen Accessoires f\u00fcr einen schicken Look.\",\"breadcrumb\":{\"@id\":\"https:\\\/\\\/vintagellamoda.com\\\/de\\\/produkt\\\/culottes-hergestellt-in-italien\\\/#breadcrumb\"},\"inLanguage\":\"de\",\"potentialAction\":[{\"@type\":\"ReadAction\",\"target\":[\"https:\\\/\\\/vintagellamoda.com\\\/de\\\/produkt\\\/culottes-hergestellt-in-italien\\\/\"]}]},{\"@type\":\"ImageObject\",\"inLanguage\":\"de\",\"@id\":\"https:\\\/\\\/vintagellamoda.com\\\/de\\\/produkt\\\/culottes-hergestellt-in-italien\\\/#primaryimage\",\"url\":\"https:\\\/\\\/vintagellamoda.com\\\/wp-content\\\/uploads\\\/2025\\\/02\\\/IMG_0505-scaled.jpg\",\"contentUrl\":\"https:\\\/\\\/vintagellamoda.com\\\/wp-content\\\/uploads\\\/2025\\\/02\\\/IMG_0505-scaled.jpg\",\"width\":1707,\"height\":2560},{\"@type\":\"BreadcrumbList\",\"@id\":\"https:\\\/\\\/vintagellamoda.com\\\/de\\\/produkt\\\/culottes-hergestellt-in-italien\\\/#breadcrumb\",\"itemListElement\":[{\"@type\":\"ListItem\",\"position\":1,\"name\":\"Home\",\"item\":\"https:\\\/\\\/vintagellamoda.com\\\/de\\\/\"},{\"@type\":\"ListItem\",\"position\":2,\"name\":\"Shop\",\"item\":\"https:\\\/\\\/vintagellamoda.com\\\/de\\\/shop\\\/\"},{\"@type\":\"ListItem\",\"position\":3,\"name\":\"Culottes \u2013 Hergestellt in Italien\"}]},{\"@type\":\"WebSite\",\"@id\":\"https:\\\/\\\/vintagellamoda.com\\\/de\\\/#website\",\"url\":\"https:\\\/\\\/vintagellamoda.com\\\/de\\\/\",\"name\":\"Vintagella Moda\",\"description\":\"Italo vintage moda \u2014 Italian vintage fashion\",\"publisher\":{\"@id\":\"https:\\\/\\\/vintagellamoda.com\\\/de\\\/#organization\"},\"potentialAction\":[{\"@type\":\"SearchAction\",\"target\":{\"@type\":\"EntryPoint\",\"urlTemplate\":\"https:\\\/\\\/vintagellamoda.com\\\/de\\\/?s={search_term_string}\"},\"query-input\":{\"@type\":\"PropertyValueSpecification\",\"valueRequired\":true,\"valueName\":\"search_term_string\"}}],\"inLanguage\":\"de\"},{\"@type\":\"Organization\",\"@id\":\"https:\\\/\\\/vintagellamoda.com\\\/de\\\/#organization\",\"name\":\"Vintagella Moda\",\"url\":\"https:\\\/\\\/vintagellamoda.com\\\/de\\\/\",\"logo\":{\"@type\":\"ImageObject\",\"inLanguage\":\"de\",\"@id\":\"https:\\\/\\\/vintagellamoda.com\\\/de\\\/#\\\/schema\\\/logo\\\/image\\\/\",\"url\":\"https:\\\/\\\/vintagellamoda.com\\\/wp-content\\\/uploads\\\/2025\\\/11\\\/favicon.png\",\"contentUrl\":\"https:\\\/\\\/vintagellamoda.com\\\/wp-content\\\/uploads\\\/2025\\\/11\\\/favicon.png\",\"width\":2000,\"height\":2000,\"caption\":\"Vintagella Moda\"},\"image\":{\"@id\":\"https:\\\/\\\/vintagellamoda.com\\\/de\\\/#\\\/schema\\\/logo\\\/image\\\/\"},\"sameAs\":[\"https:\\\/\\\/www.facebook.com\\\/profile.php?id=61583665421269\",\"https:\\\/\\\/www.instagram.com\\\/vintagellamoda\\\/\",\"https:\\\/\\\/de.pinterest.com\\\/vintagellamoda\"]}]}<\/script>\n<!-- \/ Yoast SEO plugin. -->","yoast_head_json":{"title":"Schwarze Culottes, hergestellt in Italien \u2013 elegante weite Hosen f\u00fcr B\u00fcro und Anlass","description":"Kaufen Sie schwarze Culottes, hergestellt in Italien. Elegante weite \u00be-Hosen, perfekt f\u00fcr B\u00fcro oder Abendgarderobe. Kombinieren Sie sie mit Abs\u00e4tzen, flachen Schuhen oder stilvollen Accessoires f\u00fcr einen schicken Look.","robots":{"index":"index","follow":"follow","max-snippet":"max-snippet:-1","max-image-preview":"max-image-preview:large","max-video-preview":"max-video-preview:-1"},"canonical":"https:\/\/vintagellamoda.com\/de\/produkt\/culottes-hergestellt-in-italien\/","og_locale":"de_DE","og_type":"article","og_title":"Schwarze Culottes, hergestellt in Italien \u2013 elegante weite Hosen f\u00fcr B\u00fcro und Anlass","og_description":"Kaufen Sie schwarze Culottes, hergestellt in Italien. Elegante weite \u00be-Hosen, perfekt f\u00fcr B\u00fcro oder Abendgarderobe. Kombinieren Sie sie mit Abs\u00e4tzen, flachen Schuhen oder stilvollen Accessoires f\u00fcr einen schicken Look.","og_url":"https:\/\/vintagellamoda.com\/de\/produkt\/culottes-hergestellt-in-italien\/","og_site_name":"Vintagella Moda","article_publisher":"https:\/\/www.facebook.com\/profile.php?id=61583665421269","article_modified_time":"2025-12-09T20:27:06+00:00","og_image":[{"width":1707,"height":2560,"url":"https:\/\/vintagellamoda.com\/wp-content\/uploads\/2025\/02\/IMG_0505-scaled.jpg","type":"image\/jpeg"}],"twitter_card":"summary_large_image","schema":{"@context":"https:\/\/schema.org","@graph":[{"@type":"WebPage","@id":"https:\/\/vintagellamoda.com\/de\/produkt\/culottes-hergestellt-in-italien\/","url":"https:\/\/vintagellamoda.com\/de\/produkt\/culottes-hergestellt-in-italien\/","name":"Schwarze Culottes, hergestellt in Italien \u2013 elegante weite Hosen f\u00fcr B\u00fcro und Anlass","isPartOf":{"@id":"https:\/\/vintagellamoda.com\/de\/#website"},"primaryImageOfPage":{"@id":"https:\/\/vintagellamoda.com\/de\/produkt\/culottes-hergestellt-in-italien\/#primaryimage"},"image":{"@id":"https:\/\/vintagellamoda.com\/de\/produkt\/culottes-hergestellt-in-italien\/#primaryimage"},"thumbnailUrl":"https:\/\/vintagellamoda.com\/wp-content\/uploads\/2025\/02\/IMG_0505-scaled.jpg","datePublished":"2025-03-19T08:57:21+00:00","dateModified":"2025-12-09T20:27:06+00:00","description":"Kaufen Sie schwarze Culottes, hergestellt in Italien. Elegante weite \u00be-Hosen, perfekt f\u00fcr B\u00fcro oder Abendgarderobe. Kombinieren Sie sie mit Abs\u00e4tzen, flachen Schuhen oder stilvollen Accessoires f\u00fcr einen schicken Look.","breadcrumb":{"@id":"https:\/\/vintagellamoda.com\/de\/produkt\/culottes-hergestellt-in-italien\/#breadcrumb"},"inLanguage":"de","potentialAction":[{"@type":"ReadAction","target":["https:\/\/vintagellamoda.com\/de\/produkt\/culottes-hergestellt-in-italien\/"]}]},{"@type":"ImageObject","inLanguage":"de","@id":"https:\/\/vintagellamoda.com\/de\/produkt\/culottes-hergestellt-in-italien\/#primaryimage","url":"https:\/\/vintagellamoda.com\/wp-content\/uploads\/2025\/02\/IMG_0505-scaled.jpg","contentUrl":"https:\/\/vintagellamoda.com\/wp-content\/uploads\/2025\/02\/IMG_0505-scaled.jpg","width":1707,"height":2560},{"@type":"BreadcrumbList","@id":"https:\/\/vintagellamoda.com\/de\/produkt\/culottes-hergestellt-in-italien\/#breadcrumb","itemListElement":[{"@type":"ListItem","position":1,"name":"Home","item":"https:\/\/vintagellamoda.com\/de\/"},{"@type":"ListItem","position":2,"name":"Shop","item":"https:\/\/vintagellamoda.com\/de\/shop\/"},{"@type":"ListItem","position":3,"name":"Culottes \u2013 Hergestellt in Italien"}]},{"@type":"WebSite","@id":"https:\/\/vintagellamoda.com\/de\/#website","url":"https:\/\/vintagellamoda.com\/de\/","name":"Vintagella Moda","description":"Italo vintage moda \u2014 Italian vintage fashion","publisher":{"@id":"https:\/\/vintagellamoda.com\/de\/#organization"},"potentialAction":[{"@type":"SearchAction","target":{"@type":"EntryPoint","urlTemplate":"https:\/\/vintagellamoda.com\/de\/?s={search_term_string}"},"query-input":{"@type":"PropertyValueSpecification","valueRequired":true,"valueName":"search_term_string"}}],"inLanguage":"de"},{"@type":"Organization","@id":"https:\/\/vintagellamoda.com\/de\/#organization","name":"Vintagella Moda","url":"https:\/\/vintagellamoda.com\/de\/","logo":{"@type":"ImageObject","inLanguage":"de","@id":"https:\/\/vintagellamoda.com\/de\/#\/schema\/logo\/image\/","url":"https:\/\/vintagellamoda.com\/wp-content\/uploads\/2025\/11\/favicon.png","contentUrl":"https:\/\/vintagellamoda.com\/wp-content\/uploads\/2025\/11\/favicon.png","width":2000,"height":2000,"caption":"Vintagella Moda"},"image":{"@id":"https:\/\/vintagellamoda.com\/de\/#\/schema\/logo\/image\/"},"sameAs":["https:\/\/www.facebook.com\/profile.php?id=61583665421269","https:\/\/www.instagram.com\/vintagellamoda\/","https:\/\/de.pinterest.com\/vintagellamoda"]}]}},"_links":{"self":[{"href":"https:\/\/vintagellamoda.com\/de\/wp-json\/wp\/v2\/product\/5046","targetHints":{"allow":["GET"]}}],"collection":[{"href":"https:\/\/vintagellamoda.com\/de\/wp-json\/wp\/v2\/product"}],"about":[{"href":"https:\/\/vintagellamoda.com\/de\/wp-json\/wp\/v2\/types\/product"}],"replies":[{"embeddable":true,"href":"https:\/\/vintagellamoda.com\/de\/wp-json\/wp\/v2\/comments?post=5046"}],"wp:featuredmedia":[{"embeddable":true,"href":"https:\/\/vintagellamoda.com\/de\/wp-json\/wp\/v2\/media\/5047"}],"wp:attachment":[{"href":"https:\/\/vintagellamoda.com\/de\/wp-json\/wp\/v2\/media?parent=5046"}],"wp:term":[{"taxonomy":"product_brand","embeddable":true,"href":"https:\/\/vintagellamoda.com\/de\/wp-json\/wp\/v2\/product_brand?post=5046"},{"taxonomy":"product_cat","embeddable":true,"href":"https:\/\/vintagellamoda.com\/de\/wp-json\/wp\/v2\/product_cat?post=5046"},{"taxonomy":"product_tag","embeddable":true,"href":"https:\/\/vintagellamoda.com\/de\/wp-json\/wp\/v2\/product_tag?post=5046"}],"curies":[{"name":"wp","href":"https:\/\/api.w.org\/{rel}","templated":true}]}}