{"id":5764,"date":"2026-02-24T12:19:18","date_gmt":"2026-02-24T12:19:18","guid":{"rendered":"https:\/\/vintagellamoda.com\/?page_id=5764"},"modified":"2026-02-24T12:19:24","modified_gmt":"2026-02-24T12:19:24","slug":"gewinnspiel","status":"publish","type":"page","link":"https:\/\/vintagellamoda.com\/de\/gewinnspiel\/","title":{"rendered":"Gewinnspiel"},"content":{"rendered":"<div class=\"wpb-content-wrapper\">\n<p>[vc_row css=&#8220;.vc_custom_1756189444141{padding-top: 80px !important;padding-bottom: 100px !important;background-color: #FBF9F9 !important;}&#8220;][vc_column]<div class=\"eltdf-section-title-holder\" style=\"text-align: center\">\n\t\t\t\t<h2 class=\"eltdf-st-title\" >\n\t\t\t<span>Gewinnspiel<\/span>\n\t\t<\/h2>\n\t\t<\/div>[\/vc_column][\/vc_row]<\/p>\n\n\n<p>[vc_row][vc_column][vc_column_text css=&#8220;&#8220;]<strong>Gewinnspiel: Social Media Foto-Beitrag<\/strong><\/p>\n<p>Das Gewinnspiel wird durchgef\u00fchrt von Vintagella Moda, Lewishamstrasse 10, 10629 in Berlin-Charlottenburg.<\/p>\n<h4>Was ist der Gewinn?<\/h4>\n<p>Der Gewinn ist ein Modest\u00fcck unserer Wahl. Der Wert kann zwischen 25 \u20ac und 100 \u20ac variieren.<\/p>\n<h4>Wann ist Teilnahmeschluss?<\/h4>\n<p>Das Gewinnspiel l\u00e4uft bis auf Widerruf. Pro Monat wird ein Gewinner ausgelost und \u00fcber Social Media benachrichtigt.<\/p>\n<h4>Wer darf teilnehmen?<\/h4>\n<p>Teilnahme- und gewinnberechtigt sind Personen ab 18 Jahren mit Wohnsitz in Deutschland. Mitarbeiter und Familienmitglieder Vintagella Moda sind von der Teilnahme ausgeschlossen.<\/p>\n<h4>Verbindung zu Facebook, Instagram und TikTok<\/h4>\n<p>Die von unserem Vintage Handel veranstalteten Gewinnspiele stehen in keinerlei Verbindung zu Facebook, Instagram und\/oder TikTok und werden nicht von Facebook, Instagram und\/oder TikTok unterst\u00fctzt.<\/p>\n<h4>Wie wird der Gewinner ermittelt?<\/h4>\n<p>Der Gewinner wird unter allen Teilnehmern des Gewinnspiels per Zufallsgenerator ermittelt und per Direktnachricht informiert.<\/p>\n<h4>Was passiert mit deinen Daten?<\/h4>\n<p>Im Falle eines Gewinnes ist die Angabe des Namens und der Postadresse des Teilnehmers erforderlich. Diese \u00fcbermittelt der Teilnehmer per privater Nachricht. Die angegebenen Daten des Teilnehmers (Name und postalische Anschrift) werden nur zur Abwicklung des Gewinnspiels von vintagellamoda.com genutzt. Nach dem Gewinnspiel werden alle Daten gel\u00f6scht. Unsere Hinweise zum Datenschutz finden Sie hier: Datenschutz<\/p>\n<h4>Gewinnspielwert<\/h4>\n<p>Wir halten uns vor alle Gewinne ausschlie\u00dflich innerhalb Deutschlands zu versenden. Eine Barauszahlung des Gewinns ist nicht m\u00f6glich. Die \u00dcbertragung des Gewinnes ist m\u00f6glich, solange der Empf\u00e4nger eine deutsche Postadresse hat.<\/p>\n<h4>Stoppen des Gewinnspiels<\/h4>\n<p>Wir behalten uns das Recht vor, unsere Gewinnspiele zu beenden oder zeitweise auszusetzen, wenn eine ordnungsgem\u00e4\u00dfe Durchf\u00fchrung des Gewinnspiels aus rechtlichen oder tats\u00e4chlichen Gr\u00fcnden unm\u00f6glich ist. Des Weiteren behalten wir uns vor einen Teilnehmenden von der Teilnahme am Gewinnspiel auszuschlie\u00dfen und\/oder die \u00dcbergabe des Gewinns zu verweigern, wenn der Teilnehmende gegen unsere Gewinnspielbedingungen verst\u00f6\u00dft.<\/p>\n<p>Letzte Aktualisierung: 23.02.2026[\/vc_column_text][\/vc_column][\/vc_row]<\/p>\n\n\n\n<p><\/p>\n<\/div>","protected":false},"excerpt":{"rendered":"<p>[vc_row css=&#8220;.vc_custom_1756189444141{padding-top: 80px !important;padding-bottom: 100px !important;background-color: #FBF9F9 !important;}&#8220;][vc_column][\/vc_column][\/vc_row]<\/p>\n","protected":false},"author":2,"featured_media":0,"parent":0,"menu_order":0,"comment_status":"closed","ping_status":"closed","template":"","meta":{"footnotes":""},"folder":[],"class_list":["post-5764","page","type-page","status-publish","hentry"],"yoast_head":"<!-- This site is optimized with the Yoast SEO plugin v27.3 - https:\/\/yoast.com\/product\/yoast-seo-wordpress\/ -->\n<title>Gewinnspiel - Vintagella Moda<\/title>\n<meta name=\"robots\" content=\"noindex, nofollow\" \/>\n<meta property=\"og:locale\" content=\"de_DE\" \/>\n<meta property=\"og:type\" content=\"article\" \/>\n<meta property=\"og:title\" content=\"Gewinnspiel - Vintagella Moda\" \/>\n<meta property=\"og:description\" content=\"[vc_row css=&#8220;.vc_custom_1756189444141{padding-top: 80px !important;padding-bottom: 100px !important;background-color: #FBF9F9 !important;}&#8220;][vc_column][\/vc_column][\/vc_row]\" \/>\n<meta property=\"og:url\" content=\"https:\/\/vintagellamoda.com\/de\/gewinnspiel\/\" \/>\n<meta property=\"og:site_name\" content=\"Vintagella Moda\" \/>\n<meta property=\"article:publisher\" content=\"https:\/\/www.facebook.com\/profile.php?id=61583665421269\" \/>\n<meta property=\"article:modified_time\" content=\"2026-02-24T12:19:24+00:00\" \/>\n<meta name=\"twitter:card\" content=\"summary_large_image\" \/>\n<meta name=\"twitter:label1\" content=\"Gesch\u00e4tzte Lesezeit\" \/>\n\t<meta name=\"twitter:data1\" content=\"2\u00a0Minuten\" \/>\n<script type=\"application\/ld+json\" class=\"yoast-schema-graph\">{\"@context\":\"https:\\\/\\\/schema.org\",\"@graph\":[{\"@type\":\"WebPage\",\"@id\":\"https:\\\/\\\/vintagellamoda.com\\\/de\\\/gewinnspiel\\\/\",\"url\":\"https:\\\/\\\/vintagellamoda.com\\\/de\\\/gewinnspiel\\\/\",\"name\":\"Gewinnspiel - Vintagella Moda\",\"isPartOf\":{\"@id\":\"https:\\\/\\\/vintagellamoda.com\\\/de\\\/#website\"},\"datePublished\":\"2026-02-24T12:19:18+00:00\",\"dateModified\":\"2026-02-24T12:19:24+00:00\",\"breadcrumb\":{\"@id\":\"https:\\\/\\\/vintagellamoda.com\\\/de\\\/gewinnspiel\\\/#breadcrumb\"},\"inLanguage\":\"de\",\"potentialAction\":[{\"@type\":\"ReadAction\",\"target\":[\"https:\\\/\\\/vintagellamoda.com\\\/de\\\/gewinnspiel\\\/\"]}]},{\"@type\":\"BreadcrumbList\",\"@id\":\"https:\\\/\\\/vintagellamoda.com\\\/de\\\/gewinnspiel\\\/#breadcrumb\",\"itemListElement\":[{\"@type\":\"ListItem\",\"position\":1,\"name\":\"Home\",\"item\":\"https:\\\/\\\/vintagellamoda.com\\\/de\\\/\"},{\"@type\":\"ListItem\",\"position\":2,\"name\":\"Gewinnspiel\"}]},{\"@type\":\"WebSite\",\"@id\":\"https:\\\/\\\/vintagellamoda.com\\\/de\\\/#website\",\"url\":\"https:\\\/\\\/vintagellamoda.com\\\/de\\\/\",\"name\":\"Vintagella Moda\",\"description\":\"Italo vintage moda \u2014 Italian vintage fashion\",\"publisher\":{\"@id\":\"https:\\\/\\\/vintagellamoda.com\\\/de\\\/#organization\"},\"potentialAction\":[{\"@type\":\"SearchAction\",\"target\":{\"@type\":\"EntryPoint\",\"urlTemplate\":\"https:\\\/\\\/vintagellamoda.com\\\/de\\\/?s={search_term_string}\"},\"query-input\":{\"@type\":\"PropertyValueSpecification\",\"valueRequired\":true,\"valueName\":\"search_term_string\"}}],\"inLanguage\":\"de\"},{\"@type\":\"Organization\",\"@id\":\"https:\\\/\\\/vintagellamoda.com\\\/de\\\/#organization\",\"name\":\"Vintagella Moda\",\"url\":\"https:\\\/\\\/vintagellamoda.com\\\/de\\\/\",\"logo\":{\"@type\":\"ImageObject\",\"inLanguage\":\"de\",\"@id\":\"https:\\\/\\\/vintagellamoda.com\\\/de\\\/#\\\/schema\\\/logo\\\/image\\\/\",\"url\":\"https:\\\/\\\/vintagellamoda.com\\\/wp-content\\\/uploads\\\/2025\\\/11\\\/favicon.png\",\"contentUrl\":\"https:\\\/\\\/vintagellamoda.com\\\/wp-content\\\/uploads\\\/2025\\\/11\\\/favicon.png\",\"width\":2000,\"height\":2000,\"caption\":\"Vintagella Moda\"},\"image\":{\"@id\":\"https:\\\/\\\/vintagellamoda.com\\\/de\\\/#\\\/schema\\\/logo\\\/image\\\/\"},\"sameAs\":[\"https:\\\/\\\/www.facebook.com\\\/profile.php?id=61583665421269\",\"https:\\\/\\\/www.instagram.com\\\/vintagellamoda\\\/\",\"https:\\\/\\\/de.pinterest.com\\\/vintagellamoda\"]}]}<\/script>\n<!-- \/ Yoast SEO plugin. -->","yoast_head_json":{"title":"Gewinnspiel - Vintagella Moda","robots":{"index":"noindex","follow":"nofollow"},"og_locale":"de_DE","og_type":"article","og_title":"Gewinnspiel - Vintagella Moda","og_description":"[vc_row css=&#8220;.vc_custom_1756189444141{padding-top: 80px !important;padding-bottom: 100px !important;background-color: #FBF9F9 !important;}&#8220;][vc_column][\/vc_column][\/vc_row]","og_url":"https:\/\/vintagellamoda.com\/de\/gewinnspiel\/","og_site_name":"Vintagella Moda","article_publisher":"https:\/\/www.facebook.com\/profile.php?id=61583665421269","article_modified_time":"2026-02-24T12:19:24+00:00","twitter_card":"summary_large_image","twitter_misc":{"Gesch\u00e4tzte Lesezeit":"2\u00a0Minuten"},"schema":{"@context":"https:\/\/schema.org","@graph":[{"@type":"WebPage","@id":"https:\/\/vintagellamoda.com\/de\/gewinnspiel\/","url":"https:\/\/vintagellamoda.com\/de\/gewinnspiel\/","name":"Gewinnspiel - Vintagella Moda","isPartOf":{"@id":"https:\/\/vintagellamoda.com\/de\/#website"},"datePublished":"2026-02-24T12:19:18+00:00","dateModified":"2026-02-24T12:19:24+00:00","breadcrumb":{"@id":"https:\/\/vintagellamoda.com\/de\/gewinnspiel\/#breadcrumb"},"inLanguage":"de","potentialAction":[{"@type":"ReadAction","target":["https:\/\/vintagellamoda.com\/de\/gewinnspiel\/"]}]},{"@type":"BreadcrumbList","@id":"https:\/\/vintagellamoda.com\/de\/gewinnspiel\/#breadcrumb","itemListElement":[{"@type":"ListItem","position":1,"name":"Home","item":"https:\/\/vintagellamoda.com\/de\/"},{"@type":"ListItem","position":2,"name":"Gewinnspiel"}]},{"@type":"WebSite","@id":"https:\/\/vintagellamoda.com\/de\/#website","url":"https:\/\/vintagellamoda.com\/de\/","name":"Vintagella Moda","description":"Italo vintage moda \u2014 Italian vintage fashion","publisher":{"@id":"https:\/\/vintagellamoda.com\/de\/#organization"},"potentialAction":[{"@type":"SearchAction","target":{"@type":"EntryPoint","urlTemplate":"https:\/\/vintagellamoda.com\/de\/?s={search_term_string}"},"query-input":{"@type":"PropertyValueSpecification","valueRequired":true,"valueName":"search_term_string"}}],"inLanguage":"de"},{"@type":"Organization","@id":"https:\/\/vintagellamoda.com\/de\/#organization","name":"Vintagella Moda","url":"https:\/\/vintagellamoda.com\/de\/","logo":{"@type":"ImageObject","inLanguage":"de","@id":"https:\/\/vintagellamoda.com\/de\/#\/schema\/logo\/image\/","url":"https:\/\/vintagellamoda.com\/wp-content\/uploads\/2025\/11\/favicon.png","contentUrl":"https:\/\/vintagellamoda.com\/wp-content\/uploads\/2025\/11\/favicon.png","width":2000,"height":2000,"caption":"Vintagella Moda"},"image":{"@id":"https:\/\/vintagellamoda.com\/de\/#\/schema\/logo\/image\/"},"sameAs":["https:\/\/www.facebook.com\/profile.php?id=61583665421269","https:\/\/www.instagram.com\/vintagellamoda\/","https:\/\/de.pinterest.com\/vintagellamoda"]}]}},"_links":{"self":[{"href":"https:\/\/vintagellamoda.com\/de\/wp-json\/wp\/v2\/pages\/5764","targetHints":{"allow":["GET"]}}],"collection":[{"href":"https:\/\/vintagellamoda.com\/de\/wp-json\/wp\/v2\/pages"}],"about":[{"href":"https:\/\/vintagellamoda.com\/de\/wp-json\/wp\/v2\/types\/page"}],"author":[{"embeddable":true,"href":"https:\/\/vintagellamoda.com\/de\/wp-json\/wp\/v2\/users\/2"}],"replies":[{"embeddable":true,"href":"https:\/\/vintagellamoda.com\/de\/wp-json\/wp\/v2\/comments?post=5764"}],"version-history":[{"count":3,"href":"https:\/\/vintagellamoda.com\/de\/wp-json\/wp\/v2\/pages\/5764\/revisions"}],"predecessor-version":[{"id":5767,"href":"https:\/\/vintagellamoda.com\/de\/wp-json\/wp\/v2\/pages\/5764\/revisions\/5767"}],"wp:attachment":[{"href":"https:\/\/vintagellamoda.com\/de\/wp-json\/wp\/v2\/media?parent=5764"}],"wp:term":[{"taxonomy":"folder","embeddable":true,"href":"https:\/\/vintagellamoda.com\/de\/wp-json\/wp\/v2\/folder?post=5764"}],"curies":[{"name":"wp","href":"https:\/\/api.w.org\/{rel}","templated":true}]}}