{"id":4967,"date":"2025-08-26T07:23:00","date_gmt":"2025-08-26T07:23:00","guid":{"rendered":"https:\/\/vintagellamoda.com\/agb\/"},"modified":"2025-10-27T20:21:23","modified_gmt":"2025-10-27T20:21:23","slug":"agb","status":"publish","type":"page","link":"https:\/\/vintagellamoda.com\/de\/agb\/","title":{"rendered":"AGB"},"content":{"rendered":"<div class=\"wpb-content-wrapper\"><p>[vc_section][vc_row full_width=&#8220;stretch_row_content_no_spaces&#8220; css=&#8220;.vc_custom_1746774039900{padding-top: 60px !important;padding-bottom: 100px !important;background-color: #FBF9F9 !important;}&#8220;][vc_column]<div class=\"eltdf-section-title-holder\" style=\"text-align: center\">\n\t\t\t\t<h2 class=\"eltdf-st-title\" >\n\t\t\t<span>AGB<\/span>\n\t\t<\/h2>\n\t\t<\/div>[\/vc_column][\/vc_row][vc_row css=&#8220;.vc_custom_1746774092791{padding-bottom: 100px !important;}&#8220;][vc_column][vc_column_text css=&#8220;&#8220;]<strong>Allgemeine Gesch\u00e4ftsbedingungen und Kundeninformationen<\/strong><\/p>\n<ol>\n<li><strong>  Allgemeine Gesch\u00e4ftsbedingungen<\/strong><\/li>\n<\/ol>\n<h4>\u00a7 1 Grundlegende Bestimmungen<\/h4>\n<ul>\n<li>Die nachstehenden Gesch\u00e4ftsbedingungen gelten f\u00fcr Vertr\u00e4ge, die Sie mit uns als Anbieter <strong>(Lara Lezius)<\/strong> \u00fcber die Internetseite http:\/\/vintagellamoda.com\/ schlie\u00dfen. Soweit nicht anders vereinbart, wird der Einbeziehung gegebenenfalls von Ihnen verwendeter eigener Bedingungen widersprochen. <\/li>\n<li>Verbraucher im Sinne der nachstehenden Regelungen ist jede nat\u00fcrliche Person, die ein Rechtsgesch\u00e4ft zu Zwecken abschlie\u00dft, die \u00fcberwiegend weder ihrer gewerblichen noch ihrer selbst\u00e4ndigen beruflichen T\u00e4tigkeit zugerechnet werden kann. Unternehmer ist jede nat\u00fcrliche oder juristische Person oder eine rechtsf\u00e4hige Personengesellschaft, die bei Abschluss eines Rechtsgesch\u00e4fts in Aus\u00fcbung ihrer selbst\u00e4ndigen beruflichen oder gewerblichen T\u00e4tigkeit handelt. <\/li>\n<\/ul>\n<h4>\u00a7 2 Zustandekommen des Vertrages<\/h4>\n<ul>\n<li>Gegenstand des Vertrages ist der Verkauf von Waren.<\/li>\n<\/ul>\n<p>Wir verkaufen die Ware teilweise oder ausschlie\u00dflich als Kommission\u00e4r in eigenem Namen auf fremde Rechnung, das hei\u00dft f\u00fcr einen Dritten als Eigent\u00fcmer der Ware. Vertragspartner mit allen Rechten und Pflichten sind ungeachtet dessen wir. <\/p>\n<ul>\n<li>Bereits mit dem Einstellen des jeweiligen Produkts auf unserer Internetseite unterbreiten wir Ihnen ein verbindliches Angebot zum Abschluss eines Vertrages \u00fcber das Online-Warenkorbsystem zu den in der Artikelbeschreibung angegebenen Bedingungen.<\/li>\n<li>Der Vertrag kommt \u00fcber das Online-Warenkorbsystem wie folgt zustande:<\/li>\n<\/ul>\n<p>Die zum Kauf beabsichtigten Waren werden im &#8222;Warenkorb&#8220; abgelegt. \u00dcber die entsprechende Schaltfl\u00e4che in der Navigationsleiste k\u00f6nnen Sie den &#8222;Warenkorb&#8220; aufrufen und dort jederzeit \u00c4nderungen vornehmen. <\/p>\n<p>Nach Anklicken der Schaltfl\u00e4che &#8222;Kasse&#8220; oder &#8222;Weiter zur Bestellung&#8220; (oder \u00e4hnliche Bezeichnung) und der Eingabe der pers\u00f6nlichen Daten sowie der Zahlungs- und Versandbedingungen werden Ihnen abschlie\u00dfend die Bestelldaten als Bestell\u00fcbersicht angezeigt.<\/p>\n<p>Soweit Sie als Zahlungsart ein Sofortzahl-System (z.B. PayPal (Express\/Plus\/Checkout), Amazon Pay, Sofort) nutzen, werden Sie entweder auf die Bestell\u00fcbersichtsseite in unserem Online-Shop gef\u00fchrt oder auf die Internetseite des Anbieters des Sofortzahl-Systems weitergeleitet. Erfolgt eine Weiterleitung zu dem jeweiligen Sofortzahl-System, nehmen Sie dort die entsprechende Auswahl bzw. Eingabe Ihrer Daten vor. Abschlie\u00dfend werden Ihnen auf der Internetseite des Anbieters des Sofortzahl-Systems oder nachdem Sie zur\u00fcck in unseren Online-Shop geleitet wurden, die Bestelldaten als Bestell\u00fcbersicht angezeigt.   <\/p>\n<p>Vor Absenden der Bestellung haben Sie die M\u00f6glichkeit, die Angaben in der Bestell\u00fcbersicht nochmals zu \u00fcberpr\u00fcfen, zu \u00e4ndern (auch \u00fcber die Funktion &#8222;zur\u00fcck&#8220; des Internetbrowsers) bzw. die Bestellung abzubrechen. <\/p>\n<p>Mit dem Absenden der Bestellung \u00fcber die entsprechende Schaltfl\u00e4che (&#8222;zahlungspflichtig bestellen&#8220;, &#8222;kaufen&#8220; \/ &#8222;jetzt kaufen&#8220;, &#8222;kostenpflichtig bestellen&#8220;, &#8222;bezahlen&#8220; \/ &#8222;jetzt bezahlen&#8220; oder \u00e4hnliche Bezeichnung) erkl\u00e4ren Sie rechtsverbindlich die Annahme des Angebotes, wodurch der Vertrag zustande kommt.<\/p>\n<p>&nbsp;<\/p>\n<p><strong>(4)<\/strong> Die Abwicklung der Bestellung und \u00dcbermittlung aller im Zusammenhang mit dem Vertragsschluss erforderlichen Informationen erfolgt per E-Mail zum Teil automatisiert. Sie haben deshalb sicherzustellen, dass die von Ihnen bei uns hinterlegte E-Mail-Adresse zutreffend ist, der Empfang der E-Mails technisch sichergestellt und insbesondere nicht durch SPAM-Filter verhindert wird. <\/p>\n<h4>\u00a7 3 Besondere Vereinbarungen zu angebotenen Zahlungsarten<\/h4>\n<p><strong>(<\/strong><strong>1) Zahlung \u00fcber &#8222;PayPal&#8220; \/ &#8222;PayPal Checkout&#8220;<\/strong><\/p>\n<p>Bei Auswahl einer Zahlungsart, die \u00fcber &#8222;PayPal&#8220; \/ &#8222;PayPal Checkout&#8220; angeboten wird, erfolgt die Zahlungsabwicklung \u00fcber den<\/p>\n<p>Zahlungsdienstleister PayPal (Europe) S.\u00e0.r.l. et Cie, S.C.A. (22-24 Boulevard Royal L-2449, Luxemburg; &#8222;PayPal&#8220;). Die einzelnen<\/p>\n<p>Zahlungsarten \u00fcber &#8222;PayPal&#8220; werden Ihnen unter einer entsprechend bezeichneten Schaltfl\u00e4che auf unserer Internetpr\u00e4senz sowie im Online-<\/p>\n<p>Bestellvorgang angezeigt. F\u00fcr die Zahlungsabwicklung kann sich &#8222;PayPal&#8220; weiterer Zahlungsdienste bedienen; soweit hierf\u00fcr besondere Zahlungsbedingungen gelten, werden Sie auf diese gesondert hingewiesen. N\u00e4here Informationen zu &#8222;PayPal&#8220; finden Sie unter <a href=\"https:\/\/www.paypal.com\/de\/webapps\/mpp\/ua\/legalhub-full\">https:\/\/www.paypal.com\/de\/webapps\/mpp\/ua\/legalhub-full<\/a>.  <\/p>\n<h4>\u00a7 4 Zur\u00fcckbehaltungsrecht, Eigentumsvorbehalt<\/h4>\n<ul>\n<li>Ein Zur\u00fcckbehaltungsrecht k\u00f6nnen Sie nur aus\u00fcben, soweit es sich um Forderungen aus demselben Vertragsverh\u00e4ltnis handelt.<\/li>\n<li>Die Ware bleibt bis zur vollst\u00e4ndigen Zahlung des Kaufpreises unser Eigentum.<strong> \u00a7 5 Gew\u00e4hrleistung<\/strong><\/li>\n<li>Es bestehen die gesetzlichen M\u00e4ngelhaftungsrechte.<\/li>\n<li>Soweit Sie vor Abgabe der Vertragserkl\u00e4rung durch uns dar\u00fcber in Kenntnis gesetzt werden und dies ausdr\u00fccklich und gesondert vereinbart wurde, betr\u00e4gt die Verj\u00e4hrungsfrist f\u00fcr M\u00e4ngelanspr\u00fcche bei gebrauchten Waren ein Jahr ab Ablieferung der Ware. Die vorstehende Einschr\u00e4nkung gilt nicht: <\/li>\n<li>f\u00fcr uns zurechenbare schuldhaft verursachte Sch\u00e4den aus der Verletzung des Lebens, des K\u00f6rpers oder der Gesundheit und bei vors\u00e4tzlich oder grob fahrl\u00e4ssig verursachten sonstigen Sch\u00e4den;<\/li>\n<li>soweit wir den Mangel arglistig verschwiegen oder eine Garantie f\u00fcr die Beschaffenheit der Ware \u00fcbernommen haben.<\/li>\n<\/ul>\n<p>&nbsp;<\/p>\n<ul>\n<li>Als Verbraucher werden Sie gebeten, die Ware bei Lieferung umgehend auf Vollst\u00e4ndigkeit, offensichtliche M\u00e4ngel und Transportsch\u00e4den zu \u00fcberpr\u00fcfen und uns sowie dem Spediteur Beanstandungen schnellstm\u00f6glich mitzuteilen. Kommen Sie dem nicht nach, hat dies keine Auswirkung auf Ihre gesetzlichen Gew\u00e4hrleistungsanspr\u00fcche. <\/li>\n<li>Soweit ein Merkmal der Ware von den objektiven Anforderungen abweicht, gilt die Abweichung nur dann als vereinbart, wenn Sie vor<\/li>\n<\/ul>\n<p>Abgabe der Vertragserkl\u00e4rung durch uns \u00fcber selbige in Kenntnis gesetzt wurden und die Abweichung ausdr\u00fccklich und gesondert zwischen den Vertragsparteien vereinbart wurde.<\/p>\n<h4>\u00a7 6 Rechtswahl<\/h4>\n<ul>\n<li>Es gilt deutsches Recht. Bei Verbrauchern gilt diese Rechtswahl nur, soweit hierdurch der durch zwingende Bestimmungen des Rechts des Staates des gew\u00f6hnlichen Aufenthaltes des Verbrauchers gew\u00e4hrte Schutz nicht entzogen wird (G\u00fcnstigkeitsprinzip). <\/li>\n<li>Die Bestimmungen des UN-Kaufrechts finden ausdr\u00fccklich keine Anwendung.<\/li>\n<\/ul>\n<ol>\n<li><strong> Kundeninformationen <\/strong><\/li>\n<\/ol>\n<h4>1. Identit\u00e4t des Verk\u00e4ufers<\/h4>\n<p>Vintagella Moda<\/p>\n<p>Lewishamstrasse 10<\/p>\n<p>10629 Berlin-Charlottenburg<\/p>\n<p>Deutschland<\/p>\n<p>Vertreten durch: Lara Lezius<\/p>\n<p>Telefon: telephone: +49 (0)1575 68 60 363<\/p>\n<p>E-Mail: <a href=\"mailto:enquiries@vintagellamoda.com\">enquiries@vintaglllamoda.com<\/a>.<\/p>\n<p>&nbsp;<\/p>\n<p>Wir sind nicht bereit und nicht verpflichtet, an Streitbeilegungsverfahren vor Verbraucherschlichtungsstellen teilzunehmen.<\/p>\n<h4>2. Informationen zum Zustandekommen des Vertrages<\/h4>\n<p>Die technischen Schritte zum Vertragsschluss, der Vertragsschluss selbst und die Korrekturm\u00f6glichkeiten erfolgen nach Ma\u00dfgabe der Regelungen &#8222;Zustandekommen des Vertrages&#8220; unserer Allgemeinen Gesch\u00e4ftsbedingungen (Teil I.).<\/p>\n<h4>3. Vertragssprache, Vertragstextspeicherung<\/h4>\n<p>3.1. Vertragssprache ist deutsch .<\/p>\n<p>3.2. Der vollst\u00e4ndige Vertragstext wird von uns nicht gespeichert. Vor Absenden der Bestellung \u00fcber das Online &#8211; Warenkorbsystem k\u00f6nnen die Vertragsdaten \u00fcber die Druckfunktion des Browsers ausgedruckt oder elektronisch gesichert werden. Nach Zugang der Bestellung bei uns  <\/p>\n<p>werden die Bestelldaten, die gesetzlich vorgeschriebenen Informationen bei Fernabsatzvertr\u00e4gen und die Allgemeinen Gesch\u00e4ftsbedingungen nochmals per E-Mail an Sie \u00fcbersandt.<\/p>\n<ol start=\"4\">\n<li><strong> Wesentliche Merkmale der Ware oder Dienstleistung<\/strong><\/li>\n<\/ol>\n<p>Die wesentlichen Merkmale der Ware und\/oder Dienstleistung finden sich im jeweiligen Angebot.<\/p>\n<h4>5. Preise und Zahlungsmodalit\u00e4ten<\/h4>\n<p>5.1. Die in den jeweiligen Angeboten angef\u00fchrten Preise sowie die Versandkosten stellen Gesamtpreise dar. Sie beinhalten alle Preisbestandteile einschlie\u00dflich aller anfallenden Steuern. <\/p>\n<p>5.2. Die anfallenden Versandkosten sind nicht im Kaufpreis enthalten. Sie sind \u00fcber eine entsprechend bezeichnete Schaltfl\u00e4che auf unserer Internetpr\u00e4senz oder im jeweiligen Angebot aufrufbar, werden im Laufe des Bestellvorganges gesondert ausgewiesen und sind von Ihnen zus\u00e4tzlich zu tragen, soweit nicht die versandkostenfreie Lieferung zugesagt ist. <\/p>\n<p>5.3. Die Ihnen zur Verf\u00fcgung stehenden Zahlungsarten sind unter einer entsprechend bezeichneten Schaltfl\u00e4che auf unserer Internetpr\u00e4senz oder im jeweiligen Angebot ausgewiesen.<\/p>\n<p>5.4. Soweit bei den einzelnen Zahlungsarten nicht anders angegeben, sind die Zahlungsanspr\u00fcche aus dem geschlossenen Vertrag sofort zur Zahlung f\u00e4llig.<\/p>\n<h4>6. Lieferbedingungen<\/h4>\n<p>6.1. Die Lieferbedingungen, der Liefertermin sowie gegebenenfalls bestehende Lieferbeschr\u00e4nkungen finden sich unter einer entsprechend bezeichneten Schaltfl\u00e4che auf unserer Internetpr\u00e4senz oder im jeweiligen Angebot.<\/p>\n<p>6.2. Soweit Sie Verbraucher sind, ist gesetzlich geregelt, dass die Gefahr des zuf\u00e4lligen Untergangs und der zuf\u00e4lligen Verschlechterung der verkauften Sache w\u00e4hrend der Versendung erst mit der \u00dcbergabe der Ware an Sie \u00fcbergeht, unabh\u00e4ngig davon, ob die Versendung versichert oder unversichert erfolgt. Dies gilt nicht, wenn Sie eigenst\u00e4ndig ein nicht vom Unternehmer benanntes Transportunternehmen oder eine sonst zur Ausf\u00fchrung der Versendung bestimmte Person beauftragt haben. <\/p>\n<h4>7. Gesetzliches M\u00e4ngelhaftungsrecht<\/h4>\n<p>Die M\u00e4ngelhaftung richtet sich nach der Regelung &#8222;Gew\u00e4hrleistung&#8220; in unseren Allgemeinen Gesch\u00e4ftsbedingungen (Teil I).<\/p>\n<p>Diese AGB und Kundeninformationen wurden von den auf IT-Recht spezialisierten Juristen des H\u00e4ndlerbundes erstellt und werden permanent auf Rechtskonformit\u00e4t gepr\u00fcft. Die H\u00e4ndlerbund Management AG garantiert f\u00fcr die Rechtssicherheit der Texte und haftet im Falle von Abmahnungen. N\u00e4here Informationen dazu finden Sie unter: <a href=\"https:\/\/www.haendlerbund.de\/de\/leistungen\/rechtssicherheit\/agb-service\">https:\/\/www.haendlerbund.de\/de\/leistungen\/rechtssicherheit\/agb-service<\/a>.  <\/p>\n<p>Letzte Aktualisierung: 22.10.2024<\/p>\n<p>&nbsp;<\/p>\n<p>[\/vc_column_text][\/vc_column][\/vc_row][\/vc_section]<\/p>\n<\/div>","protected":false},"excerpt":{"rendered":"<p>[vc_section][vc_row full_width=&#8220;stretch_row_content_no_spaces&#8220; css=&#8220;.vc_custom_1746774039900{padding-top: 60px !important;padding-bottom: 100px !important;background-color: #FBF9F9 !important;}&#8220;][vc_column][\/vc_column][\/vc_row][vc_row css=&#8220;.vc_custom_1746774092791{padding-bottom: 100px !important;}&#8220;][vc_column][vc_column_text css=&#8220;&#8220;]Allgemeine Gesch\u00e4ftsbedingungen und Kundeninformationen Allgemeine Gesch\u00e4ftsbedingungen \u00a7 1 Grundlegende Bestimmungen Die nachstehenden Gesch\u00e4ftsbedingungen gelten f\u00fcr Vertr\u00e4ge, die Sie mit uns als Anbieter (Lara Lezius) \u00fcber die Internetseite http:\/\/vintagellamoda.com\/ [&hellip;]<\/p>\n","protected":false},"author":3,"featured_media":0,"parent":0,"menu_order":0,"comment_status":"closed","ping_status":"closed","template":"","meta":{"footnotes":""},"folder":[],"class_list":["post-4967","page","type-page","status-publish","hentry"],"yoast_head":"<!-- This site is optimized with the Yoast SEO plugin v27.3 - https:\/\/yoast.com\/product\/yoast-seo-wordpress\/ -->\n<title>AGB \u2013 Allgemeine Gesch\u00e4ftsbedingungen | Vintagella Moda<\/title>\n<meta name=\"description\" content=\"Lesen Sie die AGB von Vintagella Moda: alle Informationen zu Vertr\u00e4gen, Zahlungen, Lieferungen und Verbraucherrechten. Transparent, sicher und rechtskonform.\" \/>\n<meta name=\"robots\" content=\"index, follow, max-snippet:-1, max-image-preview:large, max-video-preview:-1\" \/>\n<link rel=\"canonical\" href=\"https:\/\/vintagellamoda.com\/de\/agb\/\" \/>\n<meta property=\"og:locale\" content=\"de_DE\" \/>\n<meta property=\"og:type\" content=\"article\" \/>\n<meta property=\"og:title\" content=\"AGB \u2013 Allgemeine Gesch\u00e4ftsbedingungen | Vintagella Moda\" \/>\n<meta property=\"og:description\" content=\"Lesen Sie die AGB von Vintagella Moda: alle Informationen zu Vertr\u00e4gen, Zahlungen, Lieferungen und Verbraucherrechten. Transparent, sicher und rechtskonform.\" \/>\n<meta property=\"og:url\" content=\"https:\/\/vintagellamoda.com\/de\/agb\/\" \/>\n<meta property=\"og:site_name\" content=\"Vintagella Moda\" \/>\n<meta property=\"article:publisher\" content=\"https:\/\/www.facebook.com\/profile.php?id=61583665421269\" \/>\n<meta property=\"article:modified_time\" content=\"2025-10-27T20:21:23+00:00\" \/>\n<meta name=\"twitter:card\" content=\"summary_large_image\" \/>\n<meta name=\"twitter:label1\" content=\"Gesch\u00e4tzte Lesezeit\" \/>\n\t<meta name=\"twitter:data1\" content=\"7\u00a0Minuten\" \/>\n<script type=\"application\/ld+json\" class=\"yoast-schema-graph\">{\"@context\":\"https:\\\/\\\/schema.org\",\"@graph\":[{\"@type\":\"WebPage\",\"@id\":\"https:\\\/\\\/vintagellamoda.com\\\/de\\\/agb\\\/\",\"url\":\"https:\\\/\\\/vintagellamoda.com\\\/de\\\/agb\\\/\",\"name\":\"AGB \u2013 Allgemeine Gesch\u00e4ftsbedingungen | Vintagella Moda\",\"isPartOf\":{\"@id\":\"https:\\\/\\\/vintagellamoda.com\\\/de\\\/#website\"},\"datePublished\":\"2025-08-26T07:23:00+00:00\",\"dateModified\":\"2025-10-27T20:21:23+00:00\",\"description\":\"Lesen Sie die AGB von Vintagella Moda: alle Informationen zu Vertr\u00e4gen, Zahlungen, Lieferungen und Verbraucherrechten. Transparent, sicher und rechtskonform.\",\"breadcrumb\":{\"@id\":\"https:\\\/\\\/vintagellamoda.com\\\/de\\\/agb\\\/#breadcrumb\"},\"inLanguage\":\"de\",\"potentialAction\":[{\"@type\":\"ReadAction\",\"target\":[\"https:\\\/\\\/vintagellamoda.com\\\/de\\\/agb\\\/\"]}]},{\"@type\":\"BreadcrumbList\",\"@id\":\"https:\\\/\\\/vintagellamoda.com\\\/de\\\/agb\\\/#breadcrumb\",\"itemListElement\":[{\"@type\":\"ListItem\",\"position\":1,\"name\":\"Home\",\"item\":\"https:\\\/\\\/vintagellamoda.com\\\/de\\\/\"},{\"@type\":\"ListItem\",\"position\":2,\"name\":\"AGB\"}]},{\"@type\":\"WebSite\",\"@id\":\"https:\\\/\\\/vintagellamoda.com\\\/de\\\/#website\",\"url\":\"https:\\\/\\\/vintagellamoda.com\\\/de\\\/\",\"name\":\"Vintagella Moda\",\"description\":\"Italo vintage moda \u2014 Italian vintage fashion\",\"publisher\":{\"@id\":\"https:\\\/\\\/vintagellamoda.com\\\/de\\\/#organization\"},\"potentialAction\":[{\"@type\":\"SearchAction\",\"target\":{\"@type\":\"EntryPoint\",\"urlTemplate\":\"https:\\\/\\\/vintagellamoda.com\\\/de\\\/?s={search_term_string}\"},\"query-input\":{\"@type\":\"PropertyValueSpecification\",\"valueRequired\":true,\"valueName\":\"search_term_string\"}}],\"inLanguage\":\"de\"},{\"@type\":\"Organization\",\"@id\":\"https:\\\/\\\/vintagellamoda.com\\\/de\\\/#organization\",\"name\":\"Vintagella Moda\",\"url\":\"https:\\\/\\\/vintagellamoda.com\\\/de\\\/\",\"logo\":{\"@type\":\"ImageObject\",\"inLanguage\":\"de\",\"@id\":\"https:\\\/\\\/vintagellamoda.com\\\/de\\\/#\\\/schema\\\/logo\\\/image\\\/\",\"url\":\"https:\\\/\\\/vintagellamoda.com\\\/wp-content\\\/uploads\\\/2025\\\/11\\\/favicon.png\",\"contentUrl\":\"https:\\\/\\\/vintagellamoda.com\\\/wp-content\\\/uploads\\\/2025\\\/11\\\/favicon.png\",\"width\":2000,\"height\":2000,\"caption\":\"Vintagella Moda\"},\"image\":{\"@id\":\"https:\\\/\\\/vintagellamoda.com\\\/de\\\/#\\\/schema\\\/logo\\\/image\\\/\"},\"sameAs\":[\"https:\\\/\\\/www.facebook.com\\\/profile.php?id=61583665421269\",\"https:\\\/\\\/www.instagram.com\\\/vintagellamoda\\\/\",\"https:\\\/\\\/de.pinterest.com\\\/vintagellamoda\"]}]}<\/script>\n<!-- \/ Yoast SEO plugin. -->","yoast_head_json":{"title":"AGB \u2013 Allgemeine Gesch\u00e4ftsbedingungen | Vintagella Moda","description":"Lesen Sie die AGB von Vintagella Moda: alle Informationen zu Vertr\u00e4gen, Zahlungen, Lieferungen und Verbraucherrechten. Transparent, sicher und rechtskonform.","robots":{"index":"index","follow":"follow","max-snippet":"max-snippet:-1","max-image-preview":"max-image-preview:large","max-video-preview":"max-video-preview:-1"},"canonical":"https:\/\/vintagellamoda.com\/de\/agb\/","og_locale":"de_DE","og_type":"article","og_title":"AGB \u2013 Allgemeine Gesch\u00e4ftsbedingungen | Vintagella Moda","og_description":"Lesen Sie die AGB von Vintagella Moda: alle Informationen zu Vertr\u00e4gen, Zahlungen, Lieferungen und Verbraucherrechten. Transparent, sicher und rechtskonform.","og_url":"https:\/\/vintagellamoda.com\/de\/agb\/","og_site_name":"Vintagella Moda","article_publisher":"https:\/\/www.facebook.com\/profile.php?id=61583665421269","article_modified_time":"2025-10-27T20:21:23+00:00","twitter_card":"summary_large_image","twitter_misc":{"Gesch\u00e4tzte Lesezeit":"7\u00a0Minuten"},"schema":{"@context":"https:\/\/schema.org","@graph":[{"@type":"WebPage","@id":"https:\/\/vintagellamoda.com\/de\/agb\/","url":"https:\/\/vintagellamoda.com\/de\/agb\/","name":"AGB \u2013 Allgemeine Gesch\u00e4ftsbedingungen | Vintagella Moda","isPartOf":{"@id":"https:\/\/vintagellamoda.com\/de\/#website"},"datePublished":"2025-08-26T07:23:00+00:00","dateModified":"2025-10-27T20:21:23+00:00","description":"Lesen Sie die AGB von Vintagella Moda: alle Informationen zu Vertr\u00e4gen, Zahlungen, Lieferungen und Verbraucherrechten. Transparent, sicher und rechtskonform.","breadcrumb":{"@id":"https:\/\/vintagellamoda.com\/de\/agb\/#breadcrumb"},"inLanguage":"de","potentialAction":[{"@type":"ReadAction","target":["https:\/\/vintagellamoda.com\/de\/agb\/"]}]},{"@type":"BreadcrumbList","@id":"https:\/\/vintagellamoda.com\/de\/agb\/#breadcrumb","itemListElement":[{"@type":"ListItem","position":1,"name":"Home","item":"https:\/\/vintagellamoda.com\/de\/"},{"@type":"ListItem","position":2,"name":"AGB"}]},{"@type":"WebSite","@id":"https:\/\/vintagellamoda.com\/de\/#website","url":"https:\/\/vintagellamoda.com\/de\/","name":"Vintagella Moda","description":"Italo vintage moda \u2014 Italian vintage fashion","publisher":{"@id":"https:\/\/vintagellamoda.com\/de\/#organization"},"potentialAction":[{"@type":"SearchAction","target":{"@type":"EntryPoint","urlTemplate":"https:\/\/vintagellamoda.com\/de\/?s={search_term_string}"},"query-input":{"@type":"PropertyValueSpecification","valueRequired":true,"valueName":"search_term_string"}}],"inLanguage":"de"},{"@type":"Organization","@id":"https:\/\/vintagellamoda.com\/de\/#organization","name":"Vintagella Moda","url":"https:\/\/vintagellamoda.com\/de\/","logo":{"@type":"ImageObject","inLanguage":"de","@id":"https:\/\/vintagellamoda.com\/de\/#\/schema\/logo\/image\/","url":"https:\/\/vintagellamoda.com\/wp-content\/uploads\/2025\/11\/favicon.png","contentUrl":"https:\/\/vintagellamoda.com\/wp-content\/uploads\/2025\/11\/favicon.png","width":2000,"height":2000,"caption":"Vintagella Moda"},"image":{"@id":"https:\/\/vintagellamoda.com\/de\/#\/schema\/logo\/image\/"},"sameAs":["https:\/\/www.facebook.com\/profile.php?id=61583665421269","https:\/\/www.instagram.com\/vintagellamoda\/","https:\/\/de.pinterest.com\/vintagellamoda"]}]}},"_links":{"self":[{"href":"https:\/\/vintagellamoda.com\/de\/wp-json\/wp\/v2\/pages\/4967","targetHints":{"allow":["GET"]}}],"collection":[{"href":"https:\/\/vintagellamoda.com\/de\/wp-json\/wp\/v2\/pages"}],"about":[{"href":"https:\/\/vintagellamoda.com\/de\/wp-json\/wp\/v2\/types\/page"}],"author":[{"embeddable":true,"href":"https:\/\/vintagellamoda.com\/de\/wp-json\/wp\/v2\/users\/3"}],"replies":[{"embeddable":true,"href":"https:\/\/vintagellamoda.com\/de\/wp-json\/wp\/v2\/comments?post=4967"}],"version-history":[{"count":0,"href":"https:\/\/vintagellamoda.com\/de\/wp-json\/wp\/v2\/pages\/4967\/revisions"}],"wp:attachment":[{"href":"https:\/\/vintagellamoda.com\/de\/wp-json\/wp\/v2\/media?parent=4967"}],"wp:term":[{"taxonomy":"folder","embeddable":true,"href":"https:\/\/vintagellamoda.com\/de\/wp-json\/wp\/v2\/folder?post=4967"}],"curies":[{"name":"wp","href":"https:\/\/api.w.org\/{rel}","templated":true}]}}